{"id":2055,"date":"2024-10-07T14:05:55","date_gmt":"2024-10-07T12:05:55","guid":{"rendered":"https:\/\/klienci.scepter.agency\/greston\/?page_id=2055"},"modified":"2024-10-09T18:55:58","modified_gmt":"2024-10-09T16:55:58","slug":"o-nas","status":"publish","type":"page","link":"https:\/\/klienci.scepter.agency\/greston\/o-nas\/","title":{"rendered":"O nas"},"content":{"rendered":"\n<p><strong>Salon wyposa\u017cenia wn\u0119trz GRESTON<\/strong>&nbsp;to przestrze\u0144, w kt\u00f3rej prezentujemy najnowsze \u015bwiatowe trendy wzornictwa, oferuj\u0105c wyj\u0105tkowe rozwi\u0105zania do ka\u017cdego wn\u0119trza. Na imponuj\u0105cych 2000 m\u00b2 ekspozycji znajdziesz najwy\u017cszej jako\u015bci materia\u0142y wyko\u0144czeniowe \u2013 od p\u0142ytek ceramicznych, g\u0142\u00f3wnie w\u0142oskich i hiszpa\u0144skich, po ceramik\u0119 sanitarn\u0105, armatur\u0119, meble \u0142azienkowe, akcesoria oraz o\u015bwietlenie do ca\u0142ego domu.&nbsp;<\/p>\n\n\n\n<p>W 2024 do asortymentu salonu do\u0142\u0105czy\u0142y drzwi wewn\u0119trzne oraz meble mi\u0119kkie polskiej marki Absynth.&nbsp;<\/p>\n\n\n\n<p><strong>GRESTON<\/strong>\u00a0to firma rodzinna, kt\u00f3ra istnieje na rynku od blisko 30 lat, a nasz\u0105 misj\u0105 jest wspieranie zar\u00f3wno\u00a0<strong>architekt\u00f3w wn\u0119trz<\/strong>, jak i\u00a0<strong>klient\u00f3w indywidualnych<\/strong>\u00a0w tworzeniu unikalnych i funkcjonalnych przestrzeni. W\u0142a\u015bciciele firmy przez ponad 20 lat by\u0142a agentk\u0105 promuj\u0105c\u0105 p\u0142ytki ceramiczne z W\u0142och i Hiszpanii na rynku polskim. Dzi\u0119ki swojej dog\u0142\u0119bnej znajomo\u015bci rynku oraz wiedzy technicznej zwraca ogromn\u0105 uwag\u0119 na dob\u00f3r producent\u00f3w, kt\u00f3rych produkty znajdziesz w naszej ofercie, co przek\u0142ada si\u0119 na najwy\u017csz\u0105 jako\u015b\u0107 i niepowtarzalny styl.<\/p>\n\n\n\n<p>Stawiamy na produkty od wiod\u0105cych \u015bwiatowych producent\u00f3w, takich jak&nbsp;<strong>Mirage, Apavisa, Sicis, Sant\u2019Agostino, Piemme, Colorker, Dune, Inbani, Devon&amp;Devon, THG, Gessi, Decor Walther, Duravit, Axor<\/strong>&nbsp;czy&nbsp;<strong>Ideal Standard<\/strong>, gwarantuj\u0105c najwy\u017csz\u0105 jako\u015b\u0107 i oryginalny design.<\/p>\n\n\n\n<p><strong>GRESTON<\/strong>&nbsp;to miejsce, w kt\u00f3rym do\u015bwiadczenie i wiedza spotykaj\u0105 si\u0119 z prawdziw\u0105 pasj\u0105 do tworzenia pi\u0119knych wn\u0119trz. Wspieramy naszych klient\u00f3w na ka\u017cdym etapie projektu \u2013 od doboru materia\u0142\u00f3w po rekomendacje najlepszych architekt\u00f3w i wykonawc\u00f3w. Dzi\u0119ki temu nasze projekty nie tylko odpowiadaj\u0105 na najnowsze trendy, ale przede wszystkim spe\u0142niaj\u0105 oczekiwania najbardziej wymagaj\u0105cych klient\u00f3w.<\/p>\n\n\n\n<p>Zapraszamy do naszego salonu, gdzie w otoczeniu niebanalnych aran\u017cacji i nowo\u015bci technologicznych pomo\u017cemy Ci znale\u017a\u0107 idealne rozwi\u0105zania, kt\u00f3re nadadz\u0105 Twojemu wn\u0119trzu wyj\u0105tkowy charakter.&nbsp;<strong>GRESTON<\/strong>&nbsp;\u2013 Twoje wn\u0119trze, nasza pasja.<\/p>\n","protected":false},"excerpt":{"rendered":"<p>Salon wyposa\u017cenia wn\u0119trz GRESTON&nbsp;to przestrze\u0144, w kt\u00f3rej prezentujemy najnowsze \u015bwiatowe trendy wzornictwa, oferuj\u0105c wyj\u0105tkowe rozwi\u0105zania do ka\u017cdego wn\u0119trza. Na imponuj\u0105cych 2000 m\u00b2 ekspozycji znajdziesz najwy\u017cszej jako\u015bci materia\u0142y wyko\u0144czeniowe \u2013 od p\u0142ytek ceramicznych, g\u0142\u00f3wnie w\u0142oskich i hiszpa\u0144skich, po ceramik\u0119 sanitarn\u0105, armatur\u0119, meble \u0142azienkowe, akcesoria oraz o\u015bwietlenie do ca\u0142ego domu.&nbsp; W 2024 do asortymentu salonu do\u0142\u0105czy\u0142y drzwi [&hellip;]<\/p>\n","protected":false},"author":1,"featured_media":2094,"parent":0,"menu_order":0,"comment_status":"closed","ping_status":"closed","template":"","meta":{"footnotes":""},"class_list":["post-2055","page","type-page","status-publish","has-post-thumbnail","hentry"],"acf":[],"yoast_head":"<!-- This site is optimized with the Yoast SEO plugin v23.2 - https:\/\/yoast.com\/wordpress\/plugins\/seo\/ -->\n<title>O nas - Salon \u0142azienek Warszawa, armatura, gresy i akcesoria - Greston<\/title>\n<meta name=\"robots\" content=\"noindex, follow, max-snippet:-1, max-image-preview:large, max-video-preview:-1\" \/>\n<meta property=\"og:locale\" content=\"pl_PL\" \/>\n<meta property=\"og:type\" content=\"article\" \/>\n<meta property=\"og:title\" content=\"O nas - Salon \u0142azienek Warszawa, armatura, gresy i akcesoria - Greston\" \/>\n<meta property=\"og:description\" content=\"Salon wyposa\u017cenia wn\u0119trz GRESTON&nbsp;to przestrze\u0144, w kt\u00f3rej prezentujemy najnowsze \u015bwiatowe trendy wzornictwa, oferuj\u0105c wyj\u0105tkowe rozwi\u0105zania do ka\u017cdego wn\u0119trza. Na imponuj\u0105cych 2000 m\u00b2 ekspozycji znajdziesz najwy\u017cszej jako\u015bci materia\u0142y wyko\u0144czeniowe \u2013 od p\u0142ytek ceramicznych, g\u0142\u00f3wnie w\u0142oskich i hiszpa\u0144skich, po ceramik\u0119 sanitarn\u0105, armatur\u0119, meble \u0142azienkowe, akcesoria oraz o\u015bwietlenie do ca\u0142ego domu.&nbsp; W 2024 do asortymentu salonu do\u0142\u0105czy\u0142y drzwi [&hellip;]\" \/>\n<meta property=\"og:url\" content=\"https:\/\/klienci.scepter.agency\/greston\/o-nas\/\" \/>\n<meta property=\"og:site_name\" content=\"Salon \u0142azienek Warszawa, armatura, gresy i akcesoria - Greston\" \/>\n<meta property=\"article:modified_time\" content=\"2024-10-09T16:55:58+00:00\" \/>\n<meta property=\"og:image\" content=\"https:\/\/klienci.scepter.agency\/greston\/wp-content\/uploads\/2024\/10\/Kopia-20241007_150924-scaled.jpg\" \/>\n\t<meta property=\"og:image:width\" content=\"2560\" \/>\n\t<meta property=\"og:image:height\" content=\"1920\" \/>\n\t<meta property=\"og:image:type\" content=\"image\/jpeg\" \/>\n<meta name=\"twitter:card\" content=\"summary_large_image\" \/>\n<meta name=\"twitter:label1\" content=\"Szacowany czas czytania\" \/>\n\t<meta name=\"twitter:data1\" content=\"2 minuty\" \/>\n<script type=\"application\/ld+json\" class=\"yoast-schema-graph\">{\"@context\":\"https:\/\/schema.org\",\"@graph\":[{\"@type\":\"WebPage\",\"@id\":\"https:\/\/klienci.scepter.agency\/greston\/o-nas\/\",\"url\":\"https:\/\/klienci.scepter.agency\/greston\/o-nas\/\",\"name\":\"O nas - Salon \u0142azienek Warszawa, armatura, gresy i akcesoria - Greston\",\"isPartOf\":{\"@id\":\"https:\/\/klienci.scepter.agency\/greston\/#website\"},\"primaryImageOfPage\":{\"@id\":\"https:\/\/klienci.scepter.agency\/greston\/o-nas\/#primaryimage\"},\"image\":{\"@id\":\"https:\/\/klienci.scepter.agency\/greston\/o-nas\/#primaryimage\"},\"thumbnailUrl\":\"https:\/\/klienci.scepter.agency\/greston\/wp-content\/uploads\/2024\/10\/Kopia-20241007_150924-scaled.jpg\",\"datePublished\":\"2024-10-07T12:05:55+00:00\",\"dateModified\":\"2024-10-09T16:55:58+00:00\",\"breadcrumb\":{\"@id\":\"https:\/\/klienci.scepter.agency\/greston\/o-nas\/#breadcrumb\"},\"inLanguage\":\"pl-PL\",\"potentialAction\":[{\"@type\":\"ReadAction\",\"target\":[\"https:\/\/klienci.scepter.agency\/greston\/o-nas\/\"]}]},{\"@type\":\"ImageObject\",\"inLanguage\":\"pl-PL\",\"@id\":\"https:\/\/klienci.scepter.agency\/greston\/o-nas\/#primaryimage\",\"url\":\"https:\/\/klienci.scepter.agency\/greston\/wp-content\/uploads\/2024\/10\/Kopia-20241007_150924-scaled.jpg\",\"contentUrl\":\"https:\/\/klienci.scepter.agency\/greston\/wp-content\/uploads\/2024\/10\/Kopia-20241007_150924-scaled.jpg\",\"width\":2560,\"height\":1920},{\"@type\":\"BreadcrumbList\",\"@id\":\"https:\/\/klienci.scepter.agency\/greston\/o-nas\/#breadcrumb\",\"itemListElement\":[{\"@type\":\"ListItem\",\"position\":1,\"name\":\"Strona g\u0142\u00f3wna\",\"item\":\"https:\/\/klienci.scepter.agency\/greston\/\"},{\"@type\":\"ListItem\",\"position\":2,\"name\":\"O nas\"}]},{\"@type\":\"WebSite\",\"@id\":\"https:\/\/klienci.scepter.agency\/greston\/#website\",\"url\":\"https:\/\/klienci.scepter.agency\/greston\/\",\"name\":\"Salon \u0142azienek Warszawa, armatura, gresy i akcesoria - Greston\",\"description\":\"\",\"potentialAction\":[{\"@type\":\"SearchAction\",\"target\":{\"@type\":\"EntryPoint\",\"urlTemplate\":\"https:\/\/klienci.scepter.agency\/greston\/?s={search_term_string}\"},\"query-input\":\"required name=search_term_string\"}],\"inLanguage\":\"pl-PL\"}]}<\/script>\n<!-- \/ Yoast SEO plugin. -->","yoast_head_json":{"title":"O nas - Salon \u0142azienek Warszawa, armatura, gresy i akcesoria - Greston","robots":{"index":"noindex","follow":"follow","max-snippet":"max-snippet:-1","max-image-preview":"max-image-preview:large","max-video-preview":"max-video-preview:-1"},"og_locale":"pl_PL","og_type":"article","og_title":"O nas - Salon \u0142azienek Warszawa, armatura, gresy i akcesoria - Greston","og_description":"Salon wyposa\u017cenia wn\u0119trz GRESTON&nbsp;to przestrze\u0144, w kt\u00f3rej prezentujemy najnowsze \u015bwiatowe trendy wzornictwa, oferuj\u0105c wyj\u0105tkowe rozwi\u0105zania do ka\u017cdego wn\u0119trza. Na imponuj\u0105cych 2000 m\u00b2 ekspozycji znajdziesz najwy\u017cszej jako\u015bci materia\u0142y wyko\u0144czeniowe \u2013 od p\u0142ytek ceramicznych, g\u0142\u00f3wnie w\u0142oskich i hiszpa\u0144skich, po ceramik\u0119 sanitarn\u0105, armatur\u0119, meble \u0142azienkowe, akcesoria oraz o\u015bwietlenie do ca\u0142ego domu.&nbsp; W 2024 do asortymentu salonu do\u0142\u0105czy\u0142y drzwi [&hellip;]","og_url":"https:\/\/klienci.scepter.agency\/greston\/o-nas\/","og_site_name":"Salon \u0142azienek Warszawa, armatura, gresy i akcesoria - Greston","article_modified_time":"2024-10-09T16:55:58+00:00","og_image":[{"width":2560,"height":1920,"url":"https:\/\/klienci.scepter.agency\/greston\/wp-content\/uploads\/2024\/10\/Kopia-20241007_150924-scaled.jpg","type":"image\/jpeg"}],"twitter_card":"summary_large_image","twitter_misc":{"Szacowany czas czytania":"2 minuty"},"schema":{"@context":"https:\/\/schema.org","@graph":[{"@type":"WebPage","@id":"https:\/\/klienci.scepter.agency\/greston\/o-nas\/","url":"https:\/\/klienci.scepter.agency\/greston\/o-nas\/","name":"O nas - Salon \u0142azienek Warszawa, armatura, gresy i akcesoria - Greston","isPartOf":{"@id":"https:\/\/klienci.scepter.agency\/greston\/#website"},"primaryImageOfPage":{"@id":"https:\/\/klienci.scepter.agency\/greston\/o-nas\/#primaryimage"},"image":{"@id":"https:\/\/klienci.scepter.agency\/greston\/o-nas\/#primaryimage"},"thumbnailUrl":"https:\/\/klienci.scepter.agency\/greston\/wp-content\/uploads\/2024\/10\/Kopia-20241007_150924-scaled.jpg","datePublished":"2024-10-07T12:05:55+00:00","dateModified":"2024-10-09T16:55:58+00:00","breadcrumb":{"@id":"https:\/\/klienci.scepter.agency\/greston\/o-nas\/#breadcrumb"},"inLanguage":"pl-PL","potentialAction":[{"@type":"ReadAction","target":["https:\/\/klienci.scepter.agency\/greston\/o-nas\/"]}]},{"@type":"ImageObject","inLanguage":"pl-PL","@id":"https:\/\/klienci.scepter.agency\/greston\/o-nas\/#primaryimage","url":"https:\/\/klienci.scepter.agency\/greston\/wp-content\/uploads\/2024\/10\/Kopia-20241007_150924-scaled.jpg","contentUrl":"https:\/\/klienci.scepter.agency\/greston\/wp-content\/uploads\/2024\/10\/Kopia-20241007_150924-scaled.jpg","width":2560,"height":1920},{"@type":"BreadcrumbList","@id":"https:\/\/klienci.scepter.agency\/greston\/o-nas\/#breadcrumb","itemListElement":[{"@type":"ListItem","position":1,"name":"Strona g\u0142\u00f3wna","item":"https:\/\/klienci.scepter.agency\/greston\/"},{"@type":"ListItem","position":2,"name":"O nas"}]},{"@type":"WebSite","@id":"https:\/\/klienci.scepter.agency\/greston\/#website","url":"https:\/\/klienci.scepter.agency\/greston\/","name":"Salon \u0142azienek Warszawa, armatura, gresy i akcesoria - Greston","description":"","potentialAction":[{"@type":"SearchAction","target":{"@type":"EntryPoint","urlTemplate":"https:\/\/klienci.scepter.agency\/greston\/?s={search_term_string}"},"query-input":"required name=search_term_string"}],"inLanguage":"pl-PL"}]}},"_links":{"self":[{"href":"https:\/\/klienci.scepter.agency\/greston\/wp-json\/wp\/v2\/pages\/2055","targetHints":{"allow":["GET"]}}],"collection":[{"href":"https:\/\/klienci.scepter.agency\/greston\/wp-json\/wp\/v2\/pages"}],"about":[{"href":"https:\/\/klienci.scepter.agency\/greston\/wp-json\/wp\/v2\/types\/page"}],"author":[{"embeddable":true,"href":"https:\/\/klienci.scepter.agency\/greston\/wp-json\/wp\/v2\/users\/1"}],"replies":[{"embeddable":true,"href":"https:\/\/klienci.scepter.agency\/greston\/wp-json\/wp\/v2\/comments?post=2055"}],"version-history":[{"count":2,"href":"https:\/\/klienci.scepter.agency\/greston\/wp-json\/wp\/v2\/pages\/2055\/revisions"}],"predecessor-version":[{"id":2056,"href":"https:\/\/klienci.scepter.agency\/greston\/wp-json\/wp\/v2\/pages\/2055\/revisions\/2056"}],"wp:featuredmedia":[{"embeddable":true,"href":"https:\/\/klienci.scepter.agency\/greston\/wp-json\/wp\/v2\/media\/2094"}],"wp:attachment":[{"href":"https:\/\/klienci.scepter.agency\/greston\/wp-json\/wp\/v2\/media?parent=2055"}],"curies":[{"name":"wp","href":"https:\/\/api.w.org\/{rel}","templated":true}]}}