{"id":2325,"date":"2024-10-11T12:18:25","date_gmt":"2024-10-11T10:18:25","guid":{"rendered":"https:\/\/klienci.scepter.agency\/greston\/?page_id=2325"},"modified":"2024-10-11T12:19:24","modified_gmt":"2024-10-11T10:19:24","slug":"dunin","status":"publish","type":"page","link":"https:\/\/klienci.scepter.agency\/greston\/produkty\/podlogi\/plytki\/dunin\/","title":{"rendered":"Dunin"},"content":{"rendered":"\n<p>DUNIN to marka specjalizuj\u0105ca si\u0119 w projektowaniu i wytwarzaniu wysokiej jako\u015bci materia\u0142\u00f3w dekoracyjnych oraz wyko\u0144czeniowych, ze szczeg\u00f3lnym naciskiem na mozaiki. Kreatywny zesp\u00f3\u0142 m\u0142odych projektant\u00f3w tworzy kolekcje z niezwyk\u0142\u0105 precyzj\u0105, dbaj\u0105c o ka\u017cdy szczeg\u00f3\u0142 i doskona\u0142e wykonanie.<\/p>\n\n\n\n<p>Charakterystyczne wzornictwo oraz bogata paleta kolor\u00f3w oferowanych produkt\u00f3w, zw\u0142aszcza mozaik, umo\u017cliwiaj\u0105 zar\u00f3wno minimalistyczne, jak i odwa\u017cniejsze aran\u017cacje, daj\u0105c przestrze\u0144 do realizacji indywidualnych pomys\u0142\u00f3w. Kolekcje \u0142\u0105cz\u0105 nowoczesny styl z elegancj\u0105, inspiruj\u0105c najnowsze trendy w aran\u017cacji wn\u0119trz. Ich unikatowe wzory przypadn\u0105 do gustu osobom poszukuj\u0105cym oryginalnych, estetycznych rozwi\u0105za\u0144.<\/p>\n\n\n\n<p>Produkty DUNIN, w tym r\u00f3\u017cnorodne mozaiki, p\u0142ytki oraz sztukaterie, s\u0105 dost\u0119pne na rynkach europejskich w renomowanych salonach wyposa\u017cenia i dekoracji wn\u0119trz.<\/p>\n\n\n\n<p><\/p>\n\n\n\n<div class=\"wp-block-buttons is-layout-flex wp-block-buttons-is-layout-flex\">\n<div class=\"wp-block-button\"><a class=\"wp-block-button__link wp-element-button\" href=\"https:\/\/dunin.eu\/\" target=\"_blank\" rel=\"noreferrer noopener\">Zobacz stron\u0119 producenta<\/a><\/div>\n<\/div>\n\n\n\n<p><\/p>\n\n\n\n<figure class=\"wp-block-gallery has-nested-images columns-default is-cropped wp-block-gallery-1 is-layout-flex wp-block-gallery-is-layout-flex\">\n<figure class=\"wp-block-image size-large\"><a href=\"https:\/\/klienci.scepter.agency\/greston\/wp-content\/uploads\/2024\/09\/VB_Modern_Luxury_Gaeste_WC-scaled.jpg\"><img loading=\"lazy\" decoding=\"async\" width=\"724\" height=\"1024\" data-id=\"1185\" src=\"https:\/\/klienci.scepter.agency\/greston\/wp-content\/uploads\/2024\/09\/VB_Modern_Luxury_Gaeste_WC-724x1024.jpg\" alt=\"\" class=\"wp-image-1185\" srcset=\"https:\/\/klienci.scepter.agency\/greston\/wp-content\/uploads\/2024\/09\/VB_Modern_Luxury_Gaeste_WC-724x1024.jpg 724w, https:\/\/klienci.scepter.agency\/greston\/wp-content\/uploads\/2024\/09\/VB_Modern_Luxury_Gaeste_WC-212x300.jpg 212w, https:\/\/klienci.scepter.agency\/greston\/wp-content\/uploads\/2024\/09\/VB_Modern_Luxury_Gaeste_WC-768x1086.jpg 768w, https:\/\/klienci.scepter.agency\/greston\/wp-content\/uploads\/2024\/09\/VB_Modern_Luxury_Gaeste_WC-1086x1536.jpg 1086w, https:\/\/klienci.scepter.agency\/greston\/wp-content\/uploads\/2024\/09\/VB_Modern_Luxury_Gaeste_WC-1448x2048.jpg 1448w, https:\/\/klienci.scepter.agency\/greston\/wp-content\/uploads\/2024\/09\/VB_Modern_Luxury_Gaeste_WC-600x848.jpg 600w, https:\/\/klienci.scepter.agency\/greston\/wp-content\/uploads\/2024\/09\/VB_Modern_Luxury_Gaeste_WC-scaled.jpg 1810w\" sizes=\"auto, (max-width: 724px) 100vw, 724px\" \/><\/a><\/figure>\n\n\n\n<figure class=\"wp-block-image size-large\"><a href=\"https:\/\/klienci.scepter.agency\/greston\/wp-content\/uploads\/2024\/09\/VB_Collaro_BE2594_v03_2023.jpg\"><img loading=\"lazy\" decoding=\"async\" width=\"1024\" height=\"851\" data-id=\"1184\" src=\"https:\/\/klienci.scepter.agency\/greston\/wp-content\/uploads\/2024\/09\/VB_Collaro_BE2594_v03_2023-1024x851.jpg\" alt=\"\" class=\"wp-image-1184\" srcset=\"https:\/\/klienci.scepter.agency\/greston\/wp-content\/uploads\/2024\/09\/VB_Collaro_BE2594_v03_2023-1024x851.jpg 1024w, https:\/\/klienci.scepter.agency\/greston\/wp-content\/uploads\/2024\/09\/VB_Collaro_BE2594_v03_2023-300x249.jpg 300w, https:\/\/klienci.scepter.agency\/greston\/wp-content\/uploads\/2024\/09\/VB_Collaro_BE2594_v03_2023-768x638.jpg 768w, https:\/\/klienci.scepter.agency\/greston\/wp-content\/uploads\/2024\/09\/VB_Collaro_BE2594_v03_2023-1536x1277.jpg 1536w, https:\/\/klienci.scepter.agency\/greston\/wp-content\/uploads\/2024\/09\/VB_Collaro_BE2594_v03_2023-600x499.jpg 600w, https:\/\/klienci.scepter.agency\/greston\/wp-content\/uploads\/2024\/09\/VB_Collaro_BE2594_v03_2023.jpg 1920w\" sizes=\"auto, (max-width: 1024px) 100vw, 1024px\" \/><\/a><\/figure>\n\n\n\n<figure class=\"wp-block-image size-large\"><a href=\"https:\/\/klienci.scepter.agency\/greston\/wp-content\/uploads\/2024\/09\/VB_ARTIS_2016_CF005961_OCEAN-1687511933.jpg\"><img loading=\"lazy\" decoding=\"async\" width=\"1024\" height=\"848\" data-id=\"1183\" src=\"https:\/\/klienci.scepter.agency\/greston\/wp-content\/uploads\/2024\/09\/VB_ARTIS_2016_CF005961_OCEAN-1687511933-1024x848.jpg\" alt=\"\" class=\"wp-image-1183\" srcset=\"https:\/\/klienci.scepter.agency\/greston\/wp-content\/uploads\/2024\/09\/VB_ARTIS_2016_CF005961_OCEAN-1687511933-1024x848.jpg 1024w, https:\/\/klienci.scepter.agency\/greston\/wp-content\/uploads\/2024\/09\/VB_ARTIS_2016_CF005961_OCEAN-1687511933-300x248.jpg 300w, https:\/\/klienci.scepter.agency\/greston\/wp-content\/uploads\/2024\/09\/VB_ARTIS_2016_CF005961_OCEAN-1687511933-768x636.jpg 768w, https:\/\/klienci.scepter.agency\/greston\/wp-content\/uploads\/2024\/09\/VB_ARTIS_2016_CF005961_OCEAN-1687511933-1536x1272.jpg 1536w, https:\/\/klienci.scepter.agency\/greston\/wp-content\/uploads\/2024\/09\/VB_ARTIS_2016_CF005961_OCEAN-1687511933-600x497.jpg 600w, https:\/\/klienci.scepter.agency\/greston\/wp-content\/uploads\/2024\/09\/VB_ARTIS_2016_CF005961_OCEAN-1687511933.jpg 1920w\" sizes=\"auto, (max-width: 1024px) 100vw, 1024px\" \/><\/a><\/figure>\n\n\n\n<figure class=\"wp-block-image size-large\"><a href=\"https:\/\/klienci.scepter.agency\/greston\/wp-content\/uploads\/2024\/09\/VB_Antao_Hotelbad_V2_cam01_Milieu_5K_sRGB_20230421.jpg\"><img loading=\"lazy\" decoding=\"async\" width=\"1024\" height=\"1024\" data-id=\"1182\" src=\"https:\/\/klienci.scepter.agency\/greston\/wp-content\/uploads\/2024\/09\/VB_Antao_Hotelbad_V2_cam01_Milieu_5K_sRGB_20230421-1024x1024.jpg\" alt=\"\" class=\"wp-image-1182\" srcset=\"https:\/\/klienci.scepter.agency\/greston\/wp-content\/uploads\/2024\/09\/VB_Antao_Hotelbad_V2_cam01_Milieu_5K_sRGB_20230421-1024x1024.jpg 1024w, https:\/\/klienci.scepter.agency\/greston\/wp-content\/uploads\/2024\/09\/VB_Antao_Hotelbad_V2_cam01_Milieu_5K_sRGB_20230421-300x300.jpg 300w, https:\/\/klienci.scepter.agency\/greston\/wp-content\/uploads\/2024\/09\/VB_Antao_Hotelbad_V2_cam01_Milieu_5K_sRGB_20230421-150x150.jpg 150w, https:\/\/klienci.scepter.agency\/greston\/wp-content\/uploads\/2024\/09\/VB_Antao_Hotelbad_V2_cam01_Milieu_5K_sRGB_20230421-768x768.jpg 768w, https:\/\/klienci.scepter.agency\/greston\/wp-content\/uploads\/2024\/09\/VB_Antao_Hotelbad_V2_cam01_Milieu_5K_sRGB_20230421-1536x1536.jpg 1536w, https:\/\/klienci.scepter.agency\/greston\/wp-content\/uploads\/2024\/09\/VB_Antao_Hotelbad_V2_cam01_Milieu_5K_sRGB_20230421-600x600.jpg 600w, https:\/\/klienci.scepter.agency\/greston\/wp-content\/uploads\/2024\/09\/VB_Antao_Hotelbad_V2_cam01_Milieu_5K_sRGB_20230421-100x100.jpg 100w, https:\/\/klienci.scepter.agency\/greston\/wp-content\/uploads\/2024\/09\/VB_Antao_Hotelbad_V2_cam01_Milieu_5K_sRGB_20230421.jpg 1920w\" sizes=\"auto, (max-width: 1024px) 100vw, 1024px\" \/><\/a><\/figure>\n\n\n\n<figure class=\"wp-block-image size-large\"><a href=\"https:\/\/klienci.scepter.agency\/greston\/wp-content\/uploads\/2024\/09\/VB_Antao_E_Com_HS02_2022.jpg\"><img loading=\"lazy\" decoding=\"async\" width=\"1024\" height=\"1024\" data-id=\"1181\" src=\"https:\/\/klienci.scepter.agency\/greston\/wp-content\/uploads\/2024\/09\/VB_Antao_E_Com_HS02_2022-1024x1024.jpg\" alt=\"\" class=\"wp-image-1181\" srcset=\"https:\/\/klienci.scepter.agency\/greston\/wp-content\/uploads\/2024\/09\/VB_Antao_E_Com_HS02_2022-1024x1024.jpg 1024w, https:\/\/klienci.scepter.agency\/greston\/wp-content\/uploads\/2024\/09\/VB_Antao_E_Com_HS02_2022-300x300.jpg 300w, https:\/\/klienci.scepter.agency\/greston\/wp-content\/uploads\/2024\/09\/VB_Antao_E_Com_HS02_2022-150x150.jpg 150w, https:\/\/klienci.scepter.agency\/greston\/wp-content\/uploads\/2024\/09\/VB_Antao_E_Com_HS02_2022-768x768.jpg 768w, https:\/\/klienci.scepter.agency\/greston\/wp-content\/uploads\/2024\/09\/VB_Antao_E_Com_HS02_2022-1536x1536.jpg 1536w, https:\/\/klienci.scepter.agency\/greston\/wp-content\/uploads\/2024\/09\/VB_Antao_E_Com_HS02_2022-600x600.jpg 600w, https:\/\/klienci.scepter.agency\/greston\/wp-content\/uploads\/2024\/09\/VB_Antao_E_Com_HS02_2022-100x100.jpg 100w, https:\/\/klienci.scepter.agency\/greston\/wp-content\/uploads\/2024\/09\/VB_Antao_E_Com_HS02_2022.jpg 1920w\" sizes=\"auto, (max-width: 1024px) 100vw, 1024px\" \/><\/a><\/figure>\n\n\n\n<figure class=\"wp-block-image size-large\"><a href=\"https:\/\/klienci.scepter.agency\/greston\/wp-content\/uploads\/2024\/09\/VB_Antao_E_Com_D03a_Wanne_2022.jpg\"><img loading=\"lazy\" decoding=\"async\" width=\"1024\" height=\"1024\" data-id=\"1180\" src=\"https:\/\/klienci.scepter.agency\/greston\/wp-content\/uploads\/2024\/09\/VB_Antao_E_Com_D03a_Wanne_2022-1024x1024.jpg\" alt=\"\" class=\"wp-image-1180\" srcset=\"https:\/\/klienci.scepter.agency\/greston\/wp-content\/uploads\/2024\/09\/VB_Antao_E_Com_D03a_Wanne_2022-1024x1024.jpg 1024w, https:\/\/klienci.scepter.agency\/greston\/wp-content\/uploads\/2024\/09\/VB_Antao_E_Com_D03a_Wanne_2022-300x300.jpg 300w, https:\/\/klienci.scepter.agency\/greston\/wp-content\/uploads\/2024\/09\/VB_Antao_E_Com_D03a_Wanne_2022-150x150.jpg 150w, https:\/\/klienci.scepter.agency\/greston\/wp-content\/uploads\/2024\/09\/VB_Antao_E_Com_D03a_Wanne_2022-768x768.jpg 768w, https:\/\/klienci.scepter.agency\/greston\/wp-content\/uploads\/2024\/09\/VB_Antao_E_Com_D03a_Wanne_2022-1536x1536.jpg 1536w, https:\/\/klienci.scepter.agency\/greston\/wp-content\/uploads\/2024\/09\/VB_Antao_E_Com_D03a_Wanne_2022-600x600.jpg 600w, https:\/\/klienci.scepter.agency\/greston\/wp-content\/uploads\/2024\/09\/VB_Antao_E_Com_D03a_Wanne_2022-100x100.jpg 100w, https:\/\/klienci.scepter.agency\/greston\/wp-content\/uploads\/2024\/09\/VB_Antao_E_Com_D03a_Wanne_2022.jpg 1920w\" sizes=\"auto, (max-width: 1024px) 100vw, 1024px\" \/><\/a><\/figure>\n\n\n\n<figure class=\"wp-block-image size-large\"><a href=\"https:\/\/klienci.scepter.agency\/greston\/wp-content\/uploads\/2024\/09\/VB_Antao_cam04_V2_2022_1125.jpg\"><img loading=\"lazy\" decoding=\"async\" width=\"1024\" height=\"683\" data-id=\"1179\" src=\"https:\/\/klienci.scepter.agency\/greston\/wp-content\/uploads\/2024\/09\/VB_Antao_cam04_V2_2022_1125-1024x683.jpg\" alt=\"\" class=\"wp-image-1179\" srcset=\"https:\/\/klienci.scepter.agency\/greston\/wp-content\/uploads\/2024\/09\/VB_Antao_cam04_V2_2022_1125-1024x683.jpg 1024w, https:\/\/klienci.scepter.agency\/greston\/wp-content\/uploads\/2024\/09\/VB_Antao_cam04_V2_2022_1125-300x200.jpg 300w, https:\/\/klienci.scepter.agency\/greston\/wp-content\/uploads\/2024\/09\/VB_Antao_cam04_V2_2022_1125-768x512.jpg 768w, https:\/\/klienci.scepter.agency\/greston\/wp-content\/uploads\/2024\/09\/VB_Antao_cam04_V2_2022_1125-1536x1024.jpg 1536w, https:\/\/klienci.scepter.agency\/greston\/wp-content\/uploads\/2024\/09\/VB_Antao_cam04_V2_2022_1125-600x400.jpg 600w, https:\/\/klienci.scepter.agency\/greston\/wp-content\/uploads\/2024\/09\/VB_Antao_cam04_V2_2022_1125.jpg 1920w\" sizes=\"auto, (max-width: 1024px) 100vw, 1024px\" \/><\/a><\/figure>\n\n\n\n<figure class=\"wp-block-image size-large\"><a href=\"https:\/\/klienci.scepter.agency\/greston\/wp-content\/uploads\/2024\/09\/VB_Antao_2024_InHouseSR5522.jpg\"><img loading=\"lazy\" decoding=\"async\" width=\"1024\" height=\"667\" data-id=\"1178\" src=\"https:\/\/klienci.scepter.agency\/greston\/wp-content\/uploads\/2024\/09\/VB_Antao_2024_InHouseSR5522-1024x667.jpg\" alt=\"\" class=\"wp-image-1178\" srcset=\"https:\/\/klienci.scepter.agency\/greston\/wp-content\/uploads\/2024\/09\/VB_Antao_2024_InHouseSR5522-1024x667.jpg 1024w, https:\/\/klienci.scepter.agency\/greston\/wp-content\/uploads\/2024\/09\/VB_Antao_2024_InHouseSR5522-300x195.jpg 300w, https:\/\/klienci.scepter.agency\/greston\/wp-content\/uploads\/2024\/09\/VB_Antao_2024_InHouseSR5522-768x500.jpg 768w, https:\/\/klienci.scepter.agency\/greston\/wp-content\/uploads\/2024\/09\/VB_Antao_2024_InHouseSR5522-1536x1000.jpg 1536w, https:\/\/klienci.scepter.agency\/greston\/wp-content\/uploads\/2024\/09\/VB_Antao_2024_InHouseSR5522-600x391.jpg 600w, https:\/\/klienci.scepter.agency\/greston\/wp-content\/uploads\/2024\/09\/VB_Antao_2024_InHouseSR5522.jpg 1920w\" sizes=\"auto, (max-width: 1024px) 100vw, 1024px\" \/><\/a><\/figure>\n\n\n\n<figure class=\"wp-block-image size-large\"><a href=\"https:\/\/klienci.scepter.agency\/greston\/wp-content\/uploads\/2024\/09\/VB_Antao_0552_2022.jpg\"><img loading=\"lazy\" decoding=\"async\" width=\"1024\" height=\"742\" data-id=\"1177\" src=\"https:\/\/klienci.scepter.agency\/greston\/wp-content\/uploads\/2024\/09\/VB_Antao_0552_2022-1024x742.jpg\" alt=\"\" class=\"wp-image-1177\" srcset=\"https:\/\/klienci.scepter.agency\/greston\/wp-content\/uploads\/2024\/09\/VB_Antao_0552_2022-1024x742.jpg 1024w, https:\/\/klienci.scepter.agency\/greston\/wp-content\/uploads\/2024\/09\/VB_Antao_0552_2022-300x218.jpg 300w, https:\/\/klienci.scepter.agency\/greston\/wp-content\/uploads\/2024\/09\/VB_Antao_0552_2022-768x557.jpg 768w, https:\/\/klienci.scepter.agency\/greston\/wp-content\/uploads\/2024\/09\/VB_Antao_0552_2022-1536x1114.jpg 1536w, https:\/\/klienci.scepter.agency\/greston\/wp-content\/uploads\/2024\/09\/VB_Antao_0552_2022-600x435.jpg 600w, https:\/\/klienci.scepter.agency\/greston\/wp-content\/uploads\/2024\/09\/VB_Antao_0552_2022.jpg 1920w\" sizes=\"auto, (max-width: 1024px) 100vw, 1024px\" \/><\/a><\/figure>\n<\/figure>\n","protected":false},"excerpt":{"rendered":"<p>DUNIN to marka specjalizuj\u0105ca si\u0119 w projektowaniu i wytwarzaniu wysokiej jako\u015bci materia\u0142\u00f3w dekoracyjnych oraz wyko\u0144czeniowych, ze szczeg\u00f3lnym naciskiem na mozaiki. Kreatywny zesp\u00f3\u0142 m\u0142odych projektant\u00f3w tworzy kolekcje z niezwyk\u0142\u0105 precyzj\u0105, dbaj\u0105c o ka\u017cdy szczeg\u00f3\u0142 i doskona\u0142e wykonanie. Charakterystyczne wzornictwo oraz bogata paleta kolor\u00f3w oferowanych produkt\u00f3w, zw\u0142aszcza mozaik, umo\u017cliwiaj\u0105 zar\u00f3wno minimalistyczne, jak i odwa\u017cniejsze aran\u017cacje, daj\u0105c przestrze\u0144 [&hellip;]<\/p>\n","protected":false},"author":1,"featured_media":2327,"parent":2280,"menu_order":0,"comment_status":"closed","ping_status":"closed","template":"pages\/produkty-marki.php","meta":{"footnotes":""},"class_list":["post-2325","page","type-page","status-publish","has-post-thumbnail","hentry"],"acf":[],"yoast_head":"<!-- This site is optimized with the Yoast SEO plugin v23.2 - https:\/\/yoast.com\/wordpress\/plugins\/seo\/ -->\n<title>Dunin - Salon \u0142azienek Warszawa, armatura, gresy i akcesoria - Greston<\/title>\n<meta name=\"robots\" content=\"noindex, follow, max-snippet:-1, max-image-preview:large, max-video-preview:-1\" \/>\n<meta property=\"og:locale\" content=\"pl_PL\" \/>\n<meta property=\"og:type\" content=\"article\" \/>\n<meta property=\"og:title\" content=\"Dunin - Salon \u0142azienek Warszawa, armatura, gresy i akcesoria - Greston\" \/>\n<meta property=\"og:description\" content=\"DUNIN to marka specjalizuj\u0105ca si\u0119 w projektowaniu i wytwarzaniu wysokiej jako\u015bci materia\u0142\u00f3w dekoracyjnych oraz wyko\u0144czeniowych, ze szczeg\u00f3lnym naciskiem na mozaiki. Kreatywny zesp\u00f3\u0142 m\u0142odych projektant\u00f3w tworzy kolekcje z niezwyk\u0142\u0105 precyzj\u0105, dbaj\u0105c o ka\u017cdy szczeg\u00f3\u0142 i doskona\u0142e wykonanie. Charakterystyczne wzornictwo oraz bogata paleta kolor\u00f3w oferowanych produkt\u00f3w, zw\u0142aszcza mozaik, umo\u017cliwiaj\u0105 zar\u00f3wno minimalistyczne, jak i odwa\u017cniejsze aran\u017cacje, daj\u0105c przestrze\u0144 [&hellip;]\" \/>\n<meta property=\"og:url\" content=\"https:\/\/klienci.scepter.agency\/greston\/produkty\/podlogi\/plytki\/dunin\/\" \/>\n<meta property=\"og:site_name\" content=\"Salon \u0142azienek Warszawa, armatura, gresy i akcesoria - Greston\" \/>\n<meta property=\"article:modified_time\" content=\"2024-10-11T10:19:24+00:00\" \/>\n<meta property=\"og:image\" content=\"https:\/\/klienci.scepter.agency\/greston\/wp-content\/uploads\/2024\/10\/VB_Antao_Hotelbad_V2_cam01_Milieu_5K_sRGB_20230421-1.jpg\" \/>\n\t<meta property=\"og:image:width\" content=\"1920\" \/>\n\t<meta property=\"og:image:height\" content=\"1920\" \/>\n\t<meta property=\"og:image:type\" content=\"image\/jpeg\" \/>\n<meta name=\"twitter:card\" content=\"summary_large_image\" \/>\n<meta name=\"twitter:label1\" content=\"Szacowany czas czytania\" \/>\n\t<meta name=\"twitter:data1\" content=\"3 minuty\" \/>\n<script type=\"application\/ld+json\" class=\"yoast-schema-graph\">{\"@context\":\"https:\/\/schema.org\",\"@graph\":[{\"@type\":\"WebPage\",\"@id\":\"https:\/\/klienci.scepter.agency\/greston\/produkty\/podlogi\/plytki\/dunin\/\",\"url\":\"https:\/\/klienci.scepter.agency\/greston\/produkty\/podlogi\/plytki\/dunin\/\",\"name\":\"Dunin - Salon \u0142azienek Warszawa, armatura, gresy i akcesoria - Greston\",\"isPartOf\":{\"@id\":\"https:\/\/klienci.scepter.agency\/greston\/#website\"},\"primaryImageOfPage\":{\"@id\":\"https:\/\/klienci.scepter.agency\/greston\/produkty\/podlogi\/plytki\/dunin\/#primaryimage\"},\"image\":{\"@id\":\"https:\/\/klienci.scepter.agency\/greston\/produkty\/podlogi\/plytki\/dunin\/#primaryimage\"},\"thumbnailUrl\":\"https:\/\/klienci.scepter.agency\/greston\/wp-content\/uploads\/2024\/10\/VB_Antao_Hotelbad_V2_cam01_Milieu_5K_sRGB_20230421-1.jpg\",\"datePublished\":\"2024-10-11T10:18:25+00:00\",\"dateModified\":\"2024-10-11T10:19:24+00:00\",\"breadcrumb\":{\"@id\":\"https:\/\/klienci.scepter.agency\/greston\/produkty\/podlogi\/plytki\/dunin\/#breadcrumb\"},\"inLanguage\":\"pl-PL\",\"potentialAction\":[{\"@type\":\"ReadAction\",\"target\":[\"https:\/\/klienci.scepter.agency\/greston\/produkty\/podlogi\/plytki\/dunin\/\"]}]},{\"@type\":\"ImageObject\",\"inLanguage\":\"pl-PL\",\"@id\":\"https:\/\/klienci.scepter.agency\/greston\/produkty\/podlogi\/plytki\/dunin\/#primaryimage\",\"url\":\"https:\/\/klienci.scepter.agency\/greston\/wp-content\/uploads\/2024\/10\/VB_Antao_Hotelbad_V2_cam01_Milieu_5K_sRGB_20230421-1.jpg\",\"contentUrl\":\"https:\/\/klienci.scepter.agency\/greston\/wp-content\/uploads\/2024\/10\/VB_Antao_Hotelbad_V2_cam01_Milieu_5K_sRGB_20230421-1.jpg\",\"width\":1920,\"height\":1920},{\"@type\":\"BreadcrumbList\",\"@id\":\"https:\/\/klienci.scepter.agency\/greston\/produkty\/podlogi\/plytki\/dunin\/#breadcrumb\",\"itemListElement\":[{\"@type\":\"ListItem\",\"position\":1,\"name\":\"Strona g\u0142\u00f3wna\",\"item\":\"https:\/\/klienci.scepter.agency\/greston\/\"},{\"@type\":\"ListItem\",\"position\":2,\"name\":\"Produkty\",\"item\":\"https:\/\/klienci.scepter.agency\/greston\/produkty\/\"},{\"@type\":\"ListItem\",\"position\":3,\"name\":\"Pod\u0142ogi\",\"item\":\"https:\/\/klienci.scepter.agency\/greston\/produkty\/podlogi\/\"},{\"@type\":\"ListItem\",\"position\":4,\"name\":\"Gresy\",\"item\":\"https:\/\/klienci.scepter.agency\/greston\/produkty\/podlogi\/plytki\/\"},{\"@type\":\"ListItem\",\"position\":5,\"name\":\"Dunin\"}]},{\"@type\":\"WebSite\",\"@id\":\"https:\/\/klienci.scepter.agency\/greston\/#website\",\"url\":\"https:\/\/klienci.scepter.agency\/greston\/\",\"name\":\"Salon \u0142azienek Warszawa, armatura, gresy i akcesoria - Greston\",\"description\":\"\",\"potentialAction\":[{\"@type\":\"SearchAction\",\"target\":{\"@type\":\"EntryPoint\",\"urlTemplate\":\"https:\/\/klienci.scepter.agency\/greston\/?s={search_term_string}\"},\"query-input\":\"required name=search_term_string\"}],\"inLanguage\":\"pl-PL\"}]}<\/script>\n<!-- \/ Yoast SEO plugin. -->","yoast_head_json":{"title":"Dunin - Salon \u0142azienek Warszawa, armatura, gresy i akcesoria - Greston","robots":{"index":"noindex","follow":"follow","max-snippet":"max-snippet:-1","max-image-preview":"max-image-preview:large","max-video-preview":"max-video-preview:-1"},"og_locale":"pl_PL","og_type":"article","og_title":"Dunin - Salon \u0142azienek Warszawa, armatura, gresy i akcesoria - Greston","og_description":"DUNIN to marka specjalizuj\u0105ca si\u0119 w projektowaniu i wytwarzaniu wysokiej jako\u015bci materia\u0142\u00f3w dekoracyjnych oraz wyko\u0144czeniowych, ze szczeg\u00f3lnym naciskiem na mozaiki. Kreatywny zesp\u00f3\u0142 m\u0142odych projektant\u00f3w tworzy kolekcje z niezwyk\u0142\u0105 precyzj\u0105, dbaj\u0105c o ka\u017cdy szczeg\u00f3\u0142 i doskona\u0142e wykonanie. Charakterystyczne wzornictwo oraz bogata paleta kolor\u00f3w oferowanych produkt\u00f3w, zw\u0142aszcza mozaik, umo\u017cliwiaj\u0105 zar\u00f3wno minimalistyczne, jak i odwa\u017cniejsze aran\u017cacje, daj\u0105c przestrze\u0144 [&hellip;]","og_url":"https:\/\/klienci.scepter.agency\/greston\/produkty\/podlogi\/plytki\/dunin\/","og_site_name":"Salon \u0142azienek Warszawa, armatura, gresy i akcesoria - Greston","article_modified_time":"2024-10-11T10:19:24+00:00","og_image":[{"width":1920,"height":1920,"url":"https:\/\/klienci.scepter.agency\/greston\/wp-content\/uploads\/2024\/10\/VB_Antao_Hotelbad_V2_cam01_Milieu_5K_sRGB_20230421-1.jpg","type":"image\/jpeg"}],"twitter_card":"summary_large_image","twitter_misc":{"Szacowany czas czytania":"3 minuty"},"schema":{"@context":"https:\/\/schema.org","@graph":[{"@type":"WebPage","@id":"https:\/\/klienci.scepter.agency\/greston\/produkty\/podlogi\/plytki\/dunin\/","url":"https:\/\/klienci.scepter.agency\/greston\/produkty\/podlogi\/plytki\/dunin\/","name":"Dunin - Salon \u0142azienek Warszawa, armatura, gresy i akcesoria - Greston","isPartOf":{"@id":"https:\/\/klienci.scepter.agency\/greston\/#website"},"primaryImageOfPage":{"@id":"https:\/\/klienci.scepter.agency\/greston\/produkty\/podlogi\/plytki\/dunin\/#primaryimage"},"image":{"@id":"https:\/\/klienci.scepter.agency\/greston\/produkty\/podlogi\/plytki\/dunin\/#primaryimage"},"thumbnailUrl":"https:\/\/klienci.scepter.agency\/greston\/wp-content\/uploads\/2024\/10\/VB_Antao_Hotelbad_V2_cam01_Milieu_5K_sRGB_20230421-1.jpg","datePublished":"2024-10-11T10:18:25+00:00","dateModified":"2024-10-11T10:19:24+00:00","breadcrumb":{"@id":"https:\/\/klienci.scepter.agency\/greston\/produkty\/podlogi\/plytki\/dunin\/#breadcrumb"},"inLanguage":"pl-PL","potentialAction":[{"@type":"ReadAction","target":["https:\/\/klienci.scepter.agency\/greston\/produkty\/podlogi\/plytki\/dunin\/"]}]},{"@type":"ImageObject","inLanguage":"pl-PL","@id":"https:\/\/klienci.scepter.agency\/greston\/produkty\/podlogi\/plytki\/dunin\/#primaryimage","url":"https:\/\/klienci.scepter.agency\/greston\/wp-content\/uploads\/2024\/10\/VB_Antao_Hotelbad_V2_cam01_Milieu_5K_sRGB_20230421-1.jpg","contentUrl":"https:\/\/klienci.scepter.agency\/greston\/wp-content\/uploads\/2024\/10\/VB_Antao_Hotelbad_V2_cam01_Milieu_5K_sRGB_20230421-1.jpg","width":1920,"height":1920},{"@type":"BreadcrumbList","@id":"https:\/\/klienci.scepter.agency\/greston\/produkty\/podlogi\/plytki\/dunin\/#breadcrumb","itemListElement":[{"@type":"ListItem","position":1,"name":"Strona g\u0142\u00f3wna","item":"https:\/\/klienci.scepter.agency\/greston\/"},{"@type":"ListItem","position":2,"name":"Produkty","item":"https:\/\/klienci.scepter.agency\/greston\/produkty\/"},{"@type":"ListItem","position":3,"name":"Pod\u0142ogi","item":"https:\/\/klienci.scepter.agency\/greston\/produkty\/podlogi\/"},{"@type":"ListItem","position":4,"name":"Gresy","item":"https:\/\/klienci.scepter.agency\/greston\/produkty\/podlogi\/plytki\/"},{"@type":"ListItem","position":5,"name":"Dunin"}]},{"@type":"WebSite","@id":"https:\/\/klienci.scepter.agency\/greston\/#website","url":"https:\/\/klienci.scepter.agency\/greston\/","name":"Salon \u0142azienek Warszawa, armatura, gresy i akcesoria - Greston","description":"","potentialAction":[{"@type":"SearchAction","target":{"@type":"EntryPoint","urlTemplate":"https:\/\/klienci.scepter.agency\/greston\/?s={search_term_string}"},"query-input":"required name=search_term_string"}],"inLanguage":"pl-PL"}]}},"_links":{"self":[{"href":"https:\/\/klienci.scepter.agency\/greston\/wp-json\/wp\/v2\/pages\/2325","targetHints":{"allow":["GET"]}}],"collection":[{"href":"https:\/\/klienci.scepter.agency\/greston\/wp-json\/wp\/v2\/pages"}],"about":[{"href":"https:\/\/klienci.scepter.agency\/greston\/wp-json\/wp\/v2\/types\/page"}],"author":[{"embeddable":true,"href":"https:\/\/klienci.scepter.agency\/greston\/wp-json\/wp\/v2\/users\/1"}],"replies":[{"embeddable":true,"href":"https:\/\/klienci.scepter.agency\/greston\/wp-json\/wp\/v2\/comments?post=2325"}],"version-history":[{"count":2,"href":"https:\/\/klienci.scepter.agency\/greston\/wp-json\/wp\/v2\/pages\/2325\/revisions"}],"predecessor-version":[{"id":2330,"href":"https:\/\/klienci.scepter.agency\/greston\/wp-json\/wp\/v2\/pages\/2325\/revisions\/2330"}],"up":[{"embeddable":true,"href":"https:\/\/klienci.scepter.agency\/greston\/wp-json\/wp\/v2\/pages\/2280"}],"wp:featuredmedia":[{"embeddable":true,"href":"https:\/\/klienci.scepter.agency\/greston\/wp-json\/wp\/v2\/media\/2327"}],"wp:attachment":[{"href":"https:\/\/klienci.scepter.agency\/greston\/wp-json\/wp\/v2\/media?parent=2325"}],"curies":[{"name":"wp","href":"https:\/\/api.w.org\/{rel}","templated":true}]}}