{"id":2339,"date":"2024-10-11T12:22:16","date_gmt":"2024-10-11T10:22:16","guid":{"rendered":"https:\/\/klienci.scepter.agency\/greston\/?page_id=2339"},"modified":"2024-10-11T12:23:34","modified_gmt":"2024-10-11T10:23:34","slug":"2339-2","status":"publish","type":"page","link":"https:\/\/klienci.scepter.agency\/greston\/produkty\/podlogi\/plytki\/2339-2\/","title":{"rendered":"Devon&amp;Devon"},"content":{"rendered":"\n<p><strong>Devon&amp;Devon &#8211; Luksus w ka\u017cdym detalu<\/strong><\/p>\n\n\n\n<p>Devon&amp;Devon to w\u0142oska firma z siedzib\u0105 we Florencji, kt\u00f3ra projektuje i produkuje luksusowe produkty do \u0142azienek oraz unikalne rozwi\u0105zania do wn\u0119trz, odznaczaj\u0105ce si\u0119 wyrafinowanym, krawieckim stylem. Firma pomaga klientom w podejmowaniu decyzji projektowych, zwracaj\u0105c szczeg\u00f3ln\u0105 uwag\u0119 na ka\u017cdy detal projektu.<\/p>\n\n\n\n<p>W ofercie Devon&amp;Devon znajduj\u0105 si\u0119 kolekcje obejmuj\u0105ce produkty do \u0142azienki, takie jak komplety \u0142azienkowe, nowoczesne i klasyczne wanny, prysznice, meble \u0142azienkowe, baterie prysznicowe, g\u0142owice prysznicowe, akcesoria \u0142azienkowe, szafki i konsole. Firma oferuje tak\u017ce rozwi\u0105zania dla ca\u0142ego domu, w tym posadzki \u0142azienkowe oraz ok\u0142adziny \u015bcienne w marmurze, ceramice i drewnie, tapety \u0142azienkowe, lustra \u0142azienkowe, o\u015bwietlenie \u0142azienkowe i \u015bcienne oraz szeroki wyb\u00f3r obiekt\u00f3w lifestyle\u2019owych inspirowanych ikonicznym stylem marki.<\/p>\n\n\n\n<div class=\"wp-block-buttons is-layout-flex wp-block-buttons-is-layout-flex\">\n<div class=\"wp-block-button\"><a class=\"wp-block-button__link wp-element-button\" href=\"https:\/\/www.devon-devon.com\/eu\/\" target=\"_blank\" rel=\"noreferrer noopener\">Zobacz stron\u0119 producenta<\/a><\/div>\n<\/div>\n\n\n\n<p><\/p>\n\n\n\n<figure class=\"wp-block-gallery has-nested-images columns-default is-cropped wp-block-gallery-1 is-layout-flex wp-block-gallery-is-layout-flex\">\n<figure class=\"wp-block-image size-large\"><a href=\"https:\/\/klienci.scepter.agency\/greston\/produkty\/lazienki\/armatura\/devondevon\/devon-devon_projects_la_rose_des_sables_preview_2a\/\"><img loading=\"lazy\" decoding=\"async\" width=\"727\" height=\"646\" data-id=\"980\" src=\"https:\/\/klienci.scepter.agency\/greston\/wp-content\/uploads\/2024\/09\/devon-devon_projects_La_Rose_des_Sables_preview_2a.jpg\" alt=\"\" class=\"wp-image-980\" srcset=\"https:\/\/klienci.scepter.agency\/greston\/wp-content\/uploads\/2024\/09\/devon-devon_projects_La_Rose_des_Sables_preview_2a.jpg 727w, https:\/\/klienci.scepter.agency\/greston\/wp-content\/uploads\/2024\/09\/devon-devon_projects_La_Rose_des_Sables_preview_2a-300x267.jpg 300w, https:\/\/klienci.scepter.agency\/greston\/wp-content\/uploads\/2024\/09\/devon-devon_projects_La_Rose_des_Sables_preview_2a-600x533.jpg 600w\" sizes=\"auto, (max-width: 727px) 100vw, 727px\" \/><\/a><\/figure>\n\n\n\n<figure class=\"wp-block-image size-large\"><a href=\"https:\/\/klienci.scepter.agency\/greston\/produkty\/lazienki\/armatura\/devondevon\/ok_rgb_hp_feautured_collections_vasche_630_x_560-01-new\/\"><img loading=\"lazy\" decoding=\"async\" width=\"630\" height=\"560\" data-id=\"981\" src=\"https:\/\/klienci.scepter.agency\/greston\/wp-content\/uploads\/2024\/09\/ok_RGB_HP_Feautured_Collections_vasche_630_x_560-01-new.jpg\" alt=\"\" class=\"wp-image-981\" srcset=\"https:\/\/klienci.scepter.agency\/greston\/wp-content\/uploads\/2024\/09\/ok_RGB_HP_Feautured_Collections_vasche_630_x_560-01-new.jpg 630w, https:\/\/klienci.scepter.agency\/greston\/wp-content\/uploads\/2024\/09\/ok_RGB_HP_Feautured_Collections_vasche_630_x_560-01-new-300x267.jpg 300w, https:\/\/klienci.scepter.agency\/greston\/wp-content\/uploads\/2024\/09\/ok_RGB_HP_Feautured_Collections_vasche_630_x_560-01-new-600x533.jpg 600w\" sizes=\"auto, (max-width: 630px) 100vw, 630px\" \/><\/a><\/figure>\n\n\n\n<figure class=\"wp-block-image size-large\"><a href=\"https:\/\/klienci.scepter.agency\/greston\/produkty\/lazienki\/armatura\/devondevon\/rgb_case_studies_gallery_1440x800\/\"><img loading=\"lazy\" decoding=\"async\" width=\"1024\" height=\"569\" data-id=\"982\" src=\"https:\/\/klienci.scepter.agency\/greston\/wp-content\/uploads\/2024\/09\/RGB_Case_Studies_Gallery_1440X800-1024x569.jpg\" alt=\"\" class=\"wp-image-982\" srcset=\"https:\/\/klienci.scepter.agency\/greston\/wp-content\/uploads\/2024\/09\/RGB_Case_Studies_Gallery_1440X800-1024x569.jpg 1024w, https:\/\/klienci.scepter.agency\/greston\/wp-content\/uploads\/2024\/09\/RGB_Case_Studies_Gallery_1440X800-300x167.jpg 300w, https:\/\/klienci.scepter.agency\/greston\/wp-content\/uploads\/2024\/09\/RGB_Case_Studies_Gallery_1440X800-768x427.jpg 768w, https:\/\/klienci.scepter.agency\/greston\/wp-content\/uploads\/2024\/09\/RGB_Case_Studies_Gallery_1440X800-600x333.jpg 600w, https:\/\/klienci.scepter.agency\/greston\/wp-content\/uploads\/2024\/09\/RGB_Case_Studies_Gallery_1440X800.jpg 1440w\" sizes=\"auto, (max-width: 1024px) 100vw, 1024px\" \/><\/a><\/figure>\n\n\n\n<figure class=\"wp-block-image size-large\"><a href=\"https:\/\/klienci.scepter.agency\/greston\/produkty\/lazienki\/armatura\/devondevon\/wyrozniajace-11\/\"><img loading=\"lazy\" decoding=\"async\" width=\"727\" height=\"913\" data-id=\"983\" src=\"https:\/\/klienci.scepter.agency\/greston\/wp-content\/uploads\/2024\/09\/wyrozniajace-3.jpg\" alt=\"\" class=\"wp-image-983\" srcset=\"https:\/\/klienci.scepter.agency\/greston\/wp-content\/uploads\/2024\/09\/wyrozniajace-3.jpg 727w, https:\/\/klienci.scepter.agency\/greston\/wp-content\/uploads\/2024\/09\/wyrozniajace-3-239x300.jpg 239w, https:\/\/klienci.scepter.agency\/greston\/wp-content\/uploads\/2024\/09\/wyrozniajace-3-600x754.jpg 600w\" sizes=\"auto, (max-width: 727px) 100vw, 727px\" \/><\/a><\/figure>\n\n\n\n<figure class=\"wp-block-image size-large\"><a href=\"https:\/\/klienci.scepter.agency\/greston\/produkty\/lazienki\/armatura\/devondevon\/devon-devon_home_desktop_products_parade_desktop_3\/\"><img loading=\"lazy\" decoding=\"async\" width=\"1024\" height=\"576\" data-id=\"984\" src=\"https:\/\/klienci.scepter.agency\/greston\/wp-content\/uploads\/2024\/09\/devon-devon_home_desktop_products_parade_desktop_3-1024x576.jpg\" alt=\"\" class=\"wp-image-984\" srcset=\"https:\/\/klienci.scepter.agency\/greston\/wp-content\/uploads\/2024\/09\/devon-devon_home_desktop_products_parade_desktop_3-1024x576.jpg 1024w, https:\/\/klienci.scepter.agency\/greston\/wp-content\/uploads\/2024\/09\/devon-devon_home_desktop_products_parade_desktop_3-300x169.jpg 300w, https:\/\/klienci.scepter.agency\/greston\/wp-content\/uploads\/2024\/09\/devon-devon_home_desktop_products_parade_desktop_3-768x432.jpg 768w, https:\/\/klienci.scepter.agency\/greston\/wp-content\/uploads\/2024\/09\/devon-devon_home_desktop_products_parade_desktop_3-1536x864.jpg 1536w, https:\/\/klienci.scepter.agency\/greston\/wp-content\/uploads\/2024\/09\/devon-devon_home_desktop_products_parade_desktop_3-600x338.jpg 600w, https:\/\/klienci.scepter.agency\/greston\/wp-content\/uploads\/2024\/09\/devon-devon_home_desktop_products_parade_desktop_3.jpg 1920w\" sizes=\"auto, (max-width: 1024px) 100vw, 1024px\" \/><\/a><\/figure>\n\n\n\n<figure class=\"wp-block-image size-large\"><a href=\"https:\/\/klienci.scepter.agency\/greston\/produkty\/lazienki\/armatura\/devondevon\/devon-devon_metropolitan_essence_3_1\/\"><img loading=\"lazy\" decoding=\"async\" width=\"727\" height=\"913\" data-id=\"985\" src=\"https:\/\/klienci.scepter.agency\/greston\/wp-content\/uploads\/2024\/09\/devon-devon_metropolitan_essence_3_1.jpg\" alt=\"\" class=\"wp-image-985\" srcset=\"https:\/\/klienci.scepter.agency\/greston\/wp-content\/uploads\/2024\/09\/devon-devon_metropolitan_essence_3_1.jpg 727w, https:\/\/klienci.scepter.agency\/greston\/wp-content\/uploads\/2024\/09\/devon-devon_metropolitan_essence_3_1-239x300.jpg 239w, https:\/\/klienci.scepter.agency\/greston\/wp-content\/uploads\/2024\/09\/devon-devon_metropolitan_essence_3_1-600x754.jpg 600w\" sizes=\"auto, (max-width: 727px) 100vw, 727px\" \/><\/a><\/figure>\n\n\n\n<figure class=\"wp-block-image size-large\"><a href=\"https:\/\/klienci.scepter.agency\/greston\/produkty\/lazienki\/armatura\/devondevon\/devon-devon_my_love_water_table_medium_6-1\/\"><img loading=\"lazy\" decoding=\"async\" width=\"816\" height=\"1024\" data-id=\"986\" src=\"https:\/\/klienci.scepter.agency\/greston\/wp-content\/uploads\/2024\/09\/devon-devon_my_love_water_table_medium_6-1-816x1024.jpg\" alt=\"\" class=\"wp-image-986\" srcset=\"https:\/\/klienci.scepter.agency\/greston\/wp-content\/uploads\/2024\/09\/devon-devon_my_love_water_table_medium_6-1-816x1024.jpg 816w, https:\/\/klienci.scepter.agency\/greston\/wp-content\/uploads\/2024\/09\/devon-devon_my_love_water_table_medium_6-1-239x300.jpg 239w, https:\/\/klienci.scepter.agency\/greston\/wp-content\/uploads\/2024\/09\/devon-devon_my_love_water_table_medium_6-1-768x964.jpg 768w, https:\/\/klienci.scepter.agency\/greston\/wp-content\/uploads\/2024\/09\/devon-devon_my_love_water_table_medium_6-1-1223x1536.jpg 1223w, https:\/\/klienci.scepter.agency\/greston\/wp-content\/uploads\/2024\/09\/devon-devon_my_love_water_table_medium_6-1-600x753.jpg 600w, https:\/\/klienci.scepter.agency\/greston\/wp-content\/uploads\/2024\/09\/devon-devon_my_love_water_table_medium_6-1.jpg 1260w\" sizes=\"auto, (max-width: 816px) 100vw, 816px\" \/><\/a><\/figure>\n<\/figure>\n","protected":false},"excerpt":{"rendered":"<p>Devon&amp;Devon &#8211; Luksus w ka\u017cdym detalu Devon&amp;Devon to w\u0142oska firma z siedzib\u0105 we Florencji, kt\u00f3ra projektuje i produkuje luksusowe produkty do \u0142azienek oraz unikalne rozwi\u0105zania do wn\u0119trz, odznaczaj\u0105ce si\u0119 wyrafinowanym, krawieckim stylem. Firma pomaga klientom w podejmowaniu decyzji projektowych, zwracaj\u0105c szczeg\u00f3ln\u0105 uwag\u0119 na ka\u017cdy detal projektu. W ofercie Devon&amp;Devon znajduj\u0105 si\u0119 kolekcje obejmuj\u0105ce produkty do [&hellip;]<\/p>\n","protected":false},"author":1,"featured_media":2341,"parent":2280,"menu_order":0,"comment_status":"closed","ping_status":"closed","template":"pages\/produkty-marki.php","meta":{"footnotes":""},"class_list":["post-2339","page","type-page","status-publish","has-post-thumbnail","hentry"],"acf":[],"yoast_head":"<!-- This site is optimized with the Yoast SEO plugin v23.2 - https:\/\/yoast.com\/wordpress\/plugins\/seo\/ -->\n<title>Devon&amp;Devon - Salon \u0142azienek Warszawa, armatura, gresy i akcesoria - Greston<\/title>\n<meta name=\"robots\" content=\"noindex, follow, max-snippet:-1, max-image-preview:large, max-video-preview:-1\" \/>\n<meta property=\"og:locale\" content=\"pl_PL\" \/>\n<meta property=\"og:type\" content=\"article\" \/>\n<meta property=\"og:title\" content=\"Devon&amp;Devon - Salon \u0142azienek Warszawa, armatura, gresy i akcesoria - Greston\" \/>\n<meta property=\"og:description\" content=\"Devon&amp;Devon &#8211; Luksus w ka\u017cdym detalu Devon&amp;Devon to w\u0142oska firma z siedzib\u0105 we Florencji, kt\u00f3ra projektuje i produkuje luksusowe produkty do \u0142azienek oraz unikalne rozwi\u0105zania do wn\u0119trz, odznaczaj\u0105ce si\u0119 wyrafinowanym, krawieckim stylem. Firma pomaga klientom w podejmowaniu decyzji projektowych, zwracaj\u0105c szczeg\u00f3ln\u0105 uwag\u0119 na ka\u017cdy detal projektu. W ofercie Devon&amp;Devon znajduj\u0105 si\u0119 kolekcje obejmuj\u0105ce produkty do [&hellip;]\" \/>\n<meta property=\"og:url\" content=\"https:\/\/klienci.scepter.agency\/greston\/produkty\/podlogi\/plytki\/2339-2\/\" \/>\n<meta property=\"og:site_name\" content=\"Salon \u0142azienek Warszawa, armatura, gresy i akcesoria - Greston\" \/>\n<meta property=\"article:modified_time\" content=\"2024-10-11T10:23:34+00:00\" \/>\n<meta property=\"og:image\" content=\"https:\/\/klienci.scepter.agency\/greston\/wp-content\/uploads\/2024\/10\/devon-devon_my_love_water_table_medium_6-1.jpg\" \/>\n\t<meta property=\"og:image:width\" content=\"1260\" \/>\n\t<meta property=\"og:image:height\" content=\"1582\" \/>\n\t<meta property=\"og:image:type\" content=\"image\/jpeg\" \/>\n<meta name=\"twitter:card\" content=\"summary_large_image\" \/>\n<meta name=\"twitter:label1\" content=\"Szacowany czas czytania\" \/>\n\t<meta name=\"twitter:data1\" content=\"3 minuty\" \/>\n<script type=\"application\/ld+json\" class=\"yoast-schema-graph\">{\"@context\":\"https:\/\/schema.org\",\"@graph\":[{\"@type\":\"WebPage\",\"@id\":\"https:\/\/klienci.scepter.agency\/greston\/produkty\/podlogi\/plytki\/2339-2\/\",\"url\":\"https:\/\/klienci.scepter.agency\/greston\/produkty\/podlogi\/plytki\/2339-2\/\",\"name\":\"Devon&amp;Devon - Salon \u0142azienek Warszawa, armatura, gresy i akcesoria - Greston\",\"isPartOf\":{\"@id\":\"https:\/\/klienci.scepter.agency\/greston\/#website\"},\"primaryImageOfPage\":{\"@id\":\"https:\/\/klienci.scepter.agency\/greston\/produkty\/podlogi\/plytki\/2339-2\/#primaryimage\"},\"image\":{\"@id\":\"https:\/\/klienci.scepter.agency\/greston\/produkty\/podlogi\/plytki\/2339-2\/#primaryimage\"},\"thumbnailUrl\":\"https:\/\/klienci.scepter.agency\/greston\/wp-content\/uploads\/2024\/10\/devon-devon_my_love_water_table_medium_6-1.jpg\",\"datePublished\":\"2024-10-11T10:22:16+00:00\",\"dateModified\":\"2024-10-11T10:23:34+00:00\",\"breadcrumb\":{\"@id\":\"https:\/\/klienci.scepter.agency\/greston\/produkty\/podlogi\/plytki\/2339-2\/#breadcrumb\"},\"inLanguage\":\"pl-PL\",\"potentialAction\":[{\"@type\":\"ReadAction\",\"target\":[\"https:\/\/klienci.scepter.agency\/greston\/produkty\/podlogi\/plytki\/2339-2\/\"]}]},{\"@type\":\"ImageObject\",\"inLanguage\":\"pl-PL\",\"@id\":\"https:\/\/klienci.scepter.agency\/greston\/produkty\/podlogi\/plytki\/2339-2\/#primaryimage\",\"url\":\"https:\/\/klienci.scepter.agency\/greston\/wp-content\/uploads\/2024\/10\/devon-devon_my_love_water_table_medium_6-1.jpg\",\"contentUrl\":\"https:\/\/klienci.scepter.agency\/greston\/wp-content\/uploads\/2024\/10\/devon-devon_my_love_water_table_medium_6-1.jpg\",\"width\":1260,\"height\":1582},{\"@type\":\"BreadcrumbList\",\"@id\":\"https:\/\/klienci.scepter.agency\/greston\/produkty\/podlogi\/plytki\/2339-2\/#breadcrumb\",\"itemListElement\":[{\"@type\":\"ListItem\",\"position\":1,\"name\":\"Strona g\u0142\u00f3wna\",\"item\":\"https:\/\/klienci.scepter.agency\/greston\/\"},{\"@type\":\"ListItem\",\"position\":2,\"name\":\"Produkty\",\"item\":\"https:\/\/klienci.scepter.agency\/greston\/produkty\/\"},{\"@type\":\"ListItem\",\"position\":3,\"name\":\"Pod\u0142ogi\",\"item\":\"https:\/\/klienci.scepter.agency\/greston\/produkty\/podlogi\/\"},{\"@type\":\"ListItem\",\"position\":4,\"name\":\"Gresy\",\"item\":\"https:\/\/klienci.scepter.agency\/greston\/produkty\/podlogi\/plytki\/\"},{\"@type\":\"ListItem\",\"position\":5,\"name\":\"Devon&amp;Devon\"}]},{\"@type\":\"WebSite\",\"@id\":\"https:\/\/klienci.scepter.agency\/greston\/#website\",\"url\":\"https:\/\/klienci.scepter.agency\/greston\/\",\"name\":\"Salon \u0142azienek Warszawa, armatura, gresy i akcesoria - Greston\",\"description\":\"\",\"potentialAction\":[{\"@type\":\"SearchAction\",\"target\":{\"@type\":\"EntryPoint\",\"urlTemplate\":\"https:\/\/klienci.scepter.agency\/greston\/?s={search_term_string}\"},\"query-input\":\"required name=search_term_string\"}],\"inLanguage\":\"pl-PL\"}]}<\/script>\n<!-- \/ Yoast SEO plugin. -->","yoast_head_json":{"title":"Devon&amp;Devon - Salon \u0142azienek Warszawa, armatura, gresy i akcesoria - Greston","robots":{"index":"noindex","follow":"follow","max-snippet":"max-snippet:-1","max-image-preview":"max-image-preview:large","max-video-preview":"max-video-preview:-1"},"og_locale":"pl_PL","og_type":"article","og_title":"Devon&amp;Devon - Salon \u0142azienek Warszawa, armatura, gresy i akcesoria - Greston","og_description":"Devon&amp;Devon &#8211; Luksus w ka\u017cdym detalu Devon&amp;Devon to w\u0142oska firma z siedzib\u0105 we Florencji, kt\u00f3ra projektuje i produkuje luksusowe produkty do \u0142azienek oraz unikalne rozwi\u0105zania do wn\u0119trz, odznaczaj\u0105ce si\u0119 wyrafinowanym, krawieckim stylem. Firma pomaga klientom w podejmowaniu decyzji projektowych, zwracaj\u0105c szczeg\u00f3ln\u0105 uwag\u0119 na ka\u017cdy detal projektu. W ofercie Devon&amp;Devon znajduj\u0105 si\u0119 kolekcje obejmuj\u0105ce produkty do [&hellip;]","og_url":"https:\/\/klienci.scepter.agency\/greston\/produkty\/podlogi\/plytki\/2339-2\/","og_site_name":"Salon \u0142azienek Warszawa, armatura, gresy i akcesoria - Greston","article_modified_time":"2024-10-11T10:23:34+00:00","og_image":[{"width":1260,"height":1582,"url":"https:\/\/klienci.scepter.agency\/greston\/wp-content\/uploads\/2024\/10\/devon-devon_my_love_water_table_medium_6-1.jpg","type":"image\/jpeg"}],"twitter_card":"summary_large_image","twitter_misc":{"Szacowany czas czytania":"3 minuty"},"schema":{"@context":"https:\/\/schema.org","@graph":[{"@type":"WebPage","@id":"https:\/\/klienci.scepter.agency\/greston\/produkty\/podlogi\/plytki\/2339-2\/","url":"https:\/\/klienci.scepter.agency\/greston\/produkty\/podlogi\/plytki\/2339-2\/","name":"Devon&amp;Devon - Salon \u0142azienek Warszawa, armatura, gresy i akcesoria - Greston","isPartOf":{"@id":"https:\/\/klienci.scepter.agency\/greston\/#website"},"primaryImageOfPage":{"@id":"https:\/\/klienci.scepter.agency\/greston\/produkty\/podlogi\/plytki\/2339-2\/#primaryimage"},"image":{"@id":"https:\/\/klienci.scepter.agency\/greston\/produkty\/podlogi\/plytki\/2339-2\/#primaryimage"},"thumbnailUrl":"https:\/\/klienci.scepter.agency\/greston\/wp-content\/uploads\/2024\/10\/devon-devon_my_love_water_table_medium_6-1.jpg","datePublished":"2024-10-11T10:22:16+00:00","dateModified":"2024-10-11T10:23:34+00:00","breadcrumb":{"@id":"https:\/\/klienci.scepter.agency\/greston\/produkty\/podlogi\/plytki\/2339-2\/#breadcrumb"},"inLanguage":"pl-PL","potentialAction":[{"@type":"ReadAction","target":["https:\/\/klienci.scepter.agency\/greston\/produkty\/podlogi\/plytki\/2339-2\/"]}]},{"@type":"ImageObject","inLanguage":"pl-PL","@id":"https:\/\/klienci.scepter.agency\/greston\/produkty\/podlogi\/plytki\/2339-2\/#primaryimage","url":"https:\/\/klienci.scepter.agency\/greston\/wp-content\/uploads\/2024\/10\/devon-devon_my_love_water_table_medium_6-1.jpg","contentUrl":"https:\/\/klienci.scepter.agency\/greston\/wp-content\/uploads\/2024\/10\/devon-devon_my_love_water_table_medium_6-1.jpg","width":1260,"height":1582},{"@type":"BreadcrumbList","@id":"https:\/\/klienci.scepter.agency\/greston\/produkty\/podlogi\/plytki\/2339-2\/#breadcrumb","itemListElement":[{"@type":"ListItem","position":1,"name":"Strona g\u0142\u00f3wna","item":"https:\/\/klienci.scepter.agency\/greston\/"},{"@type":"ListItem","position":2,"name":"Produkty","item":"https:\/\/klienci.scepter.agency\/greston\/produkty\/"},{"@type":"ListItem","position":3,"name":"Pod\u0142ogi","item":"https:\/\/klienci.scepter.agency\/greston\/produkty\/podlogi\/"},{"@type":"ListItem","position":4,"name":"Gresy","item":"https:\/\/klienci.scepter.agency\/greston\/produkty\/podlogi\/plytki\/"},{"@type":"ListItem","position":5,"name":"Devon&amp;Devon"}]},{"@type":"WebSite","@id":"https:\/\/klienci.scepter.agency\/greston\/#website","url":"https:\/\/klienci.scepter.agency\/greston\/","name":"Salon \u0142azienek Warszawa, armatura, gresy i akcesoria - Greston","description":"","potentialAction":[{"@type":"SearchAction","target":{"@type":"EntryPoint","urlTemplate":"https:\/\/klienci.scepter.agency\/greston\/?s={search_term_string}"},"query-input":"required name=search_term_string"}],"inLanguage":"pl-PL"}]}},"_links":{"self":[{"href":"https:\/\/klienci.scepter.agency\/greston\/wp-json\/wp\/v2\/pages\/2339","targetHints":{"allow":["GET"]}}],"collection":[{"href":"https:\/\/klienci.scepter.agency\/greston\/wp-json\/wp\/v2\/pages"}],"about":[{"href":"https:\/\/klienci.scepter.agency\/greston\/wp-json\/wp\/v2\/types\/page"}],"author":[{"embeddable":true,"href":"https:\/\/klienci.scepter.agency\/greston\/wp-json\/wp\/v2\/users\/1"}],"replies":[{"embeddable":true,"href":"https:\/\/klienci.scepter.agency\/greston\/wp-json\/wp\/v2\/comments?post=2339"}],"version-history":[{"count":2,"href":"https:\/\/klienci.scepter.agency\/greston\/wp-json\/wp\/v2\/pages\/2339\/revisions"}],"predecessor-version":[{"id":2342,"href":"https:\/\/klienci.scepter.agency\/greston\/wp-json\/wp\/v2\/pages\/2339\/revisions\/2342"}],"up":[{"embeddable":true,"href":"https:\/\/klienci.scepter.agency\/greston\/wp-json\/wp\/v2\/pages\/2280"}],"wp:featuredmedia":[{"embeddable":true,"href":"https:\/\/klienci.scepter.agency\/greston\/wp-json\/wp\/v2\/media\/2341"}],"wp:attachment":[{"href":"https:\/\/klienci.scepter.agency\/greston\/wp-json\/wp\/v2\/media?parent=2339"}],"curies":[{"name":"wp","href":"https:\/\/api.w.org\/{rel}","templated":true}]}}