{"id":306,"date":"2024-08-13T21:31:37","date_gmt":"2024-08-13T19:31:37","guid":{"rendered":"https:\/\/klienci.scepter.agency\/greston\/?page_id=306"},"modified":"2024-10-11T14:51:56","modified_gmt":"2024-10-11T12:51:56","slug":"ideal-standard","status":"publish","type":"page","link":"https:\/\/klienci.scepter.agency\/greston\/marki\/ideal-standard\/","title":{"rendered":"Ideal Standard"},"content":{"rendered":"\n<p>Kolekcje Atelier, stworzone przez renomowany duet projektant\u00f3w Ludovica + Roberto Palomba, wprowadzaj\u0105 now\u0105 er\u0119 we wzornictwie \u0142azienkowym. Inspiruj\u0105c si\u0119 stylami modernistycznym, wsp\u00f3\u0142czesnym, tradycyjnym oraz vintage, te wyj\u0105tkowe kolekcje&nbsp;<\/p>\n\n\n\n<p>W Ideal Standard skupiaj\u0105 si\u0119 na tworzeniu produkt\u00f3w, kt\u00f3re odpowiadaj\u0105 na potrzeby klient\u00f3w. Niezale\u017cnie od tego, czy to nowe trendy kolorystyczne, innowacyjne materia\u0142y umo\u017cliwiaj\u0105ce realizacj\u0119 z\u0142o\u017conych projekt\u00f3w, czy zr\u00f3wnowa\u017cone rozwi\u0105zania pomagaj\u0105ce oszcz\u0119dza\u0107 wod\u0119 \u2013 ka\u017cda kolekcja jest zaprojektowana z my\u015bl\u0105 o komforcie i satysfakcji u\u017cytkownik\u00f3w.<\/p>\n\n\n\n<div class=\"wp-block-buttons is-layout-flex wp-block-buttons-is-layout-flex\">\n<div class=\"wp-block-button\"><a class=\"wp-block-button__link wp-element-button\" href=\"https:\/\/www.idealstandard.pl\/\" target=\"_blank\" rel=\"noreferrer noopener\">Zobacz stron\u0119 producenta<\/a><\/div>\n<\/div>\n\n\n\n<p><\/p>\n","protected":false},"excerpt":{"rendered":"<p>Kolekcje Atelier, stworzone przez renomowany duet projektant\u00f3w Ludovica + Roberto Palomba, wprowadzaj\u0105 now\u0105 er\u0119 we wzornictwie \u0142azienkowym. Inspiruj\u0105c si\u0119 stylami modernistycznym, wsp\u00f3\u0142czesnym, tradycyjnym oraz vintage, te wyj\u0105tkowe kolekcje&nbsp; W Ideal Standard skupiaj\u0105 si\u0119 na tworzeniu produkt\u00f3w, kt\u00f3re odpowiadaj\u0105 na potrzeby klient\u00f3w. Niezale\u017cnie od tego, czy to nowe trendy kolorystyczne, innowacyjne materia\u0142y umo\u017cliwiaj\u0105ce realizacj\u0119 z\u0142o\u017conych projekt\u00f3w, [&hellip;]<\/p>\n","protected":false},"author":1,"featured_media":1192,"parent":18,"menu_order":0,"comment_status":"closed","ping_status":"closed","template":"pages\/marka.php","meta":{"footnotes":""},"class_list":["post-306","page","type-page","status-publish","has-post-thumbnail","hentry"],"acf":[],"yoast_head":"<!-- This site is optimized with the Yoast SEO plugin v23.2 - https:\/\/yoast.com\/wordpress\/plugins\/seo\/ -->\n<title>Ideal Standard - Salon \u0142azienek Warszawa, armatura, gresy i akcesoria - Greston<\/title>\n<meta name=\"robots\" content=\"noindex, follow, max-snippet:-1, max-image-preview:large, max-video-preview:-1\" \/>\n<meta property=\"og:locale\" content=\"pl_PL\" \/>\n<meta property=\"og:type\" content=\"article\" \/>\n<meta property=\"og:title\" content=\"Ideal Standard - Salon \u0142azienek Warszawa, armatura, gresy i akcesoria - Greston\" \/>\n<meta property=\"og:description\" content=\"Kolekcje Atelier, stworzone przez renomowany duet projektant\u00f3w Ludovica + Roberto Palomba, wprowadzaj\u0105 now\u0105 er\u0119 we wzornictwie \u0142azienkowym. Inspiruj\u0105c si\u0119 stylami modernistycznym, wsp\u00f3\u0142czesnym, tradycyjnym oraz vintage, te wyj\u0105tkowe kolekcje&nbsp; W Ideal Standard skupiaj\u0105 si\u0119 na tworzeniu produkt\u00f3w, kt\u00f3re odpowiadaj\u0105 na potrzeby klient\u00f3w. Niezale\u017cnie od tego, czy to nowe trendy kolorystyczne, innowacyjne materia\u0142y umo\u017cliwiaj\u0105ce realizacj\u0119 z\u0142o\u017conych projekt\u00f3w, [&hellip;]\" \/>\n<meta property=\"og:url\" content=\"https:\/\/klienci.scepter.agency\/greston\/marki\/ideal-standard\/\" \/>\n<meta property=\"og:site_name\" content=\"Salon \u0142azienek Warszawa, armatura, gresy i akcesoria - Greston\" \/>\n<meta property=\"article:modified_time\" content=\"2024-10-11T12:51:56+00:00\" \/>\n<meta property=\"og:image\" content=\"https:\/\/klienci.scepter.agency\/greston\/wp-content\/uploads\/2024\/09\/IS_Multisuite_Multiproduct_Amb_NN_Calla_E221601_E222401_JoyNeo_BD152AA_Conca_T3958BH_T4503AA_A_AtelierCollection-scaled.jpg\" \/>\n\t<meta property=\"og:image:width\" content=\"1707\" \/>\n\t<meta property=\"og:image:height\" content=\"2560\" \/>\n\t<meta property=\"og:image:type\" content=\"image\/jpeg\" \/>\n<meta name=\"twitter:card\" content=\"summary_large_image\" \/>\n<meta name=\"twitter:label1\" content=\"Szacowany czas czytania\" \/>\n\t<meta name=\"twitter:data1\" content=\"1 minuta\" \/>\n<script type=\"application\/ld+json\" class=\"yoast-schema-graph\">{\"@context\":\"https:\/\/schema.org\",\"@graph\":[{\"@type\":\"WebPage\",\"@id\":\"https:\/\/klienci.scepter.agency\/greston\/marki\/ideal-standard\/\",\"url\":\"https:\/\/klienci.scepter.agency\/greston\/marki\/ideal-standard\/\",\"name\":\"Ideal Standard - Salon \u0142azienek Warszawa, armatura, gresy i akcesoria - Greston\",\"isPartOf\":{\"@id\":\"https:\/\/klienci.scepter.agency\/greston\/#website\"},\"primaryImageOfPage\":{\"@id\":\"https:\/\/klienci.scepter.agency\/greston\/marki\/ideal-standard\/#primaryimage\"},\"image\":{\"@id\":\"https:\/\/klienci.scepter.agency\/greston\/marki\/ideal-standard\/#primaryimage\"},\"thumbnailUrl\":\"https:\/\/klienci.scepter.agency\/greston\/wp-content\/uploads\/2024\/09\/IS_Multisuite_Multiproduct_Amb_NN_Calla_E221601_E222401_JoyNeo_BD152AA_Conca_T3958BH_T4503AA_A_AtelierCollection-scaled.jpg\",\"datePublished\":\"2024-08-13T19:31:37+00:00\",\"dateModified\":\"2024-10-11T12:51:56+00:00\",\"breadcrumb\":{\"@id\":\"https:\/\/klienci.scepter.agency\/greston\/marki\/ideal-standard\/#breadcrumb\"},\"inLanguage\":\"pl-PL\",\"potentialAction\":[{\"@type\":\"ReadAction\",\"target\":[\"https:\/\/klienci.scepter.agency\/greston\/marki\/ideal-standard\/\"]}]},{\"@type\":\"ImageObject\",\"inLanguage\":\"pl-PL\",\"@id\":\"https:\/\/klienci.scepter.agency\/greston\/marki\/ideal-standard\/#primaryimage\",\"url\":\"https:\/\/klienci.scepter.agency\/greston\/wp-content\/uploads\/2024\/09\/IS_Multisuite_Multiproduct_Amb_NN_Calla_E221601_E222401_JoyNeo_BD152AA_Conca_T3958BH_T4503AA_A_AtelierCollection-scaled.jpg\",\"contentUrl\":\"https:\/\/klienci.scepter.agency\/greston\/wp-content\/uploads\/2024\/09\/IS_Multisuite_Multiproduct_Amb_NN_Calla_E221601_E222401_JoyNeo_BD152AA_Conca_T3958BH_T4503AA_A_AtelierCollection-scaled.jpg\",\"width\":1707,\"height\":2560},{\"@type\":\"BreadcrumbList\",\"@id\":\"https:\/\/klienci.scepter.agency\/greston\/marki\/ideal-standard\/#breadcrumb\",\"itemListElement\":[{\"@type\":\"ListItem\",\"position\":1,\"name\":\"Strona g\u0142\u00f3wna\",\"item\":\"https:\/\/klienci.scepter.agency\/greston\/\"},{\"@type\":\"ListItem\",\"position\":2,\"name\":\"Marki\",\"item\":\"https:\/\/klienci.scepter.agency\/greston\/marki\/\"},{\"@type\":\"ListItem\",\"position\":3,\"name\":\"Ideal Standard\"}]},{\"@type\":\"WebSite\",\"@id\":\"https:\/\/klienci.scepter.agency\/greston\/#website\",\"url\":\"https:\/\/klienci.scepter.agency\/greston\/\",\"name\":\"Salon \u0142azienek Warszawa, armatura, gresy i akcesoria - Greston\",\"description\":\"\",\"potentialAction\":[{\"@type\":\"SearchAction\",\"target\":{\"@type\":\"EntryPoint\",\"urlTemplate\":\"https:\/\/klienci.scepter.agency\/greston\/?s={search_term_string}\"},\"query-input\":\"required name=search_term_string\"}],\"inLanguage\":\"pl-PL\"}]}<\/script>\n<!-- \/ Yoast SEO plugin. -->","yoast_head_json":{"title":"Ideal Standard - Salon \u0142azienek Warszawa, armatura, gresy i akcesoria - Greston","robots":{"index":"noindex","follow":"follow","max-snippet":"max-snippet:-1","max-image-preview":"max-image-preview:large","max-video-preview":"max-video-preview:-1"},"og_locale":"pl_PL","og_type":"article","og_title":"Ideal Standard - Salon \u0142azienek Warszawa, armatura, gresy i akcesoria - Greston","og_description":"Kolekcje Atelier, stworzone przez renomowany duet projektant\u00f3w Ludovica + Roberto Palomba, wprowadzaj\u0105 now\u0105 er\u0119 we wzornictwie \u0142azienkowym. Inspiruj\u0105c si\u0119 stylami modernistycznym, wsp\u00f3\u0142czesnym, tradycyjnym oraz vintage, te wyj\u0105tkowe kolekcje&nbsp; W Ideal Standard skupiaj\u0105 si\u0119 na tworzeniu produkt\u00f3w, kt\u00f3re odpowiadaj\u0105 na potrzeby klient\u00f3w. Niezale\u017cnie od tego, czy to nowe trendy kolorystyczne, innowacyjne materia\u0142y umo\u017cliwiaj\u0105ce realizacj\u0119 z\u0142o\u017conych projekt\u00f3w, [&hellip;]","og_url":"https:\/\/klienci.scepter.agency\/greston\/marki\/ideal-standard\/","og_site_name":"Salon \u0142azienek Warszawa, armatura, gresy i akcesoria - Greston","article_modified_time":"2024-10-11T12:51:56+00:00","og_image":[{"width":1707,"height":2560,"url":"https:\/\/klienci.scepter.agency\/greston\/wp-content\/uploads\/2024\/09\/IS_Multisuite_Multiproduct_Amb_NN_Calla_E221601_E222401_JoyNeo_BD152AA_Conca_T3958BH_T4503AA_A_AtelierCollection-scaled.jpg","type":"image\/jpeg"}],"twitter_card":"summary_large_image","twitter_misc":{"Szacowany czas czytania":"1 minuta"},"schema":{"@context":"https:\/\/schema.org","@graph":[{"@type":"WebPage","@id":"https:\/\/klienci.scepter.agency\/greston\/marki\/ideal-standard\/","url":"https:\/\/klienci.scepter.agency\/greston\/marki\/ideal-standard\/","name":"Ideal Standard - Salon \u0142azienek Warszawa, armatura, gresy i akcesoria - Greston","isPartOf":{"@id":"https:\/\/klienci.scepter.agency\/greston\/#website"},"primaryImageOfPage":{"@id":"https:\/\/klienci.scepter.agency\/greston\/marki\/ideal-standard\/#primaryimage"},"image":{"@id":"https:\/\/klienci.scepter.agency\/greston\/marki\/ideal-standard\/#primaryimage"},"thumbnailUrl":"https:\/\/klienci.scepter.agency\/greston\/wp-content\/uploads\/2024\/09\/IS_Multisuite_Multiproduct_Amb_NN_Calla_E221601_E222401_JoyNeo_BD152AA_Conca_T3958BH_T4503AA_A_AtelierCollection-scaled.jpg","datePublished":"2024-08-13T19:31:37+00:00","dateModified":"2024-10-11T12:51:56+00:00","breadcrumb":{"@id":"https:\/\/klienci.scepter.agency\/greston\/marki\/ideal-standard\/#breadcrumb"},"inLanguage":"pl-PL","potentialAction":[{"@type":"ReadAction","target":["https:\/\/klienci.scepter.agency\/greston\/marki\/ideal-standard\/"]}]},{"@type":"ImageObject","inLanguage":"pl-PL","@id":"https:\/\/klienci.scepter.agency\/greston\/marki\/ideal-standard\/#primaryimage","url":"https:\/\/klienci.scepter.agency\/greston\/wp-content\/uploads\/2024\/09\/IS_Multisuite_Multiproduct_Amb_NN_Calla_E221601_E222401_JoyNeo_BD152AA_Conca_T3958BH_T4503AA_A_AtelierCollection-scaled.jpg","contentUrl":"https:\/\/klienci.scepter.agency\/greston\/wp-content\/uploads\/2024\/09\/IS_Multisuite_Multiproduct_Amb_NN_Calla_E221601_E222401_JoyNeo_BD152AA_Conca_T3958BH_T4503AA_A_AtelierCollection-scaled.jpg","width":1707,"height":2560},{"@type":"BreadcrumbList","@id":"https:\/\/klienci.scepter.agency\/greston\/marki\/ideal-standard\/#breadcrumb","itemListElement":[{"@type":"ListItem","position":1,"name":"Strona g\u0142\u00f3wna","item":"https:\/\/klienci.scepter.agency\/greston\/"},{"@type":"ListItem","position":2,"name":"Marki","item":"https:\/\/klienci.scepter.agency\/greston\/marki\/"},{"@type":"ListItem","position":3,"name":"Ideal Standard"}]},{"@type":"WebSite","@id":"https:\/\/klienci.scepter.agency\/greston\/#website","url":"https:\/\/klienci.scepter.agency\/greston\/","name":"Salon \u0142azienek Warszawa, armatura, gresy i akcesoria - Greston","description":"","potentialAction":[{"@type":"SearchAction","target":{"@type":"EntryPoint","urlTemplate":"https:\/\/klienci.scepter.agency\/greston\/?s={search_term_string}"},"query-input":"required name=search_term_string"}],"inLanguage":"pl-PL"}]}},"_links":{"self":[{"href":"https:\/\/klienci.scepter.agency\/greston\/wp-json\/wp\/v2\/pages\/306","targetHints":{"allow":["GET"]}}],"collection":[{"href":"https:\/\/klienci.scepter.agency\/greston\/wp-json\/wp\/v2\/pages"}],"about":[{"href":"https:\/\/klienci.scepter.agency\/greston\/wp-json\/wp\/v2\/types\/page"}],"author":[{"embeddable":true,"href":"https:\/\/klienci.scepter.agency\/greston\/wp-json\/wp\/v2\/users\/1"}],"replies":[{"embeddable":true,"href":"https:\/\/klienci.scepter.agency\/greston\/wp-json\/wp\/v2\/comments?post=306"}],"version-history":[{"count":10,"href":"https:\/\/klienci.scepter.agency\/greston\/wp-json\/wp\/v2\/pages\/306\/revisions"}],"predecessor-version":[{"id":808,"href":"https:\/\/klienci.scepter.agency\/greston\/wp-json\/wp\/v2\/pages\/306\/revisions\/808"}],"up":[{"embeddable":true,"href":"https:\/\/klienci.scepter.agency\/greston\/wp-json\/wp\/v2\/pages\/18"}],"wp:featuredmedia":[{"embeddable":true,"href":"https:\/\/klienci.scepter.agency\/greston\/wp-json\/wp\/v2\/media\/1192"}],"wp:attachment":[{"href":"https:\/\/klienci.scepter.agency\/greston\/wp-json\/wp\/v2\/media?parent=306"}],"curies":[{"name":"wp","href":"https:\/\/api.w.org\/{rel}","templated":true}]}}