{"id":319,"date":"2024-08-13T21:34:33","date_gmt":"2024-08-13T19:34:33","guid":{"rendered":"https:\/\/klienci.scepter.agency\/greston\/?page_id=319"},"modified":"2024-10-11T12:29:41","modified_gmt":"2024-10-11T10:29:41","slug":"fantini","status":"publish","type":"page","link":"https:\/\/klienci.scepter.agency\/greston\/marki\/fantini\/","title":{"rendered":"Fantini"},"content":{"rendered":"\n<p>Od ponad siedemdziesi\u0119ciu lat Fantini projektuje i produkuje innowacyjne produkty, kt\u00f3re uczyni\u0142y firm\u0119 mi\u0119dzynarodowym punktem odniesienia w zakresie ewolucji designu w swojej bran\u017cy. Za\u0142o\u017cona w 1947 roku przez braci Giovanni i Ersilio, Fantini pozostaje dzi\u015b rodzinnym przedsi\u0119biorstwem. Siedziba firmy znajduje si\u0119 w Pella, malowniczej miejscowo\u015bci nad jeziorem Orta w p\u00f3\u0142nocno-zachodnich W\u0142oszech, w regionie Piedmont, gdzie tradycje metalurgiczne maj\u0105 g\u0142\u0119bokie korzenie, a dzielnice zajmuj\u0105ce si\u0119 produkcj\u0105 armatury i artyku\u0142\u00f3w gospodarstwa domowego s\u0105 dobrze ugruntowane.<\/p>\n\n\n\n<p>Od pocz\u0105tku swojego istnienia Fantini \u0142\u0105czy tradycyjne techniki metalurgiczne z nowoczesnymi rozwi\u0105zaniami technologicznymi. Firma projektuje armatur\u0119, kt\u00f3ra nie tylko spe\u0142nia najwy\u017csze standardy jako\u015bci, ale tak\u017ce wyznacza nowe kierunki w designie. Ka\u017cdy produkt Fantini jest efektem doskona\u0142o\u015bci rzemie\u015blniczej i innowacyjnego podej\u015bcia, kt\u00f3re sprawia, \u017ce jest on nie tylko funkcjonalny, ale i artystycznie doskona\u0142y.<\/p>\n\n\n\n<p>Fantini to firma, kt\u00f3ra zachowuje swoje rodzinne warto\u015bci, przywi\u0105zuj\u0105c du\u017c\u0105 wag\u0119 do jako\u015bci i detali. Dzia\u0142aj\u0105c w zgodzie z duchem swojego otoczenia, Fantini nieustannie poszukuje nowych inspiracji i sposob\u00f3w, aby zaskakiwa\u0107 swoich klient\u00f3w. Dzi\u0119ki temu, ka\u017cdy produkt tej marki jest unikalnym po\u0142\u0105czeniem elegancji, funkcjonalno\u015bci i nowoczesnego designu.<\/p>\n\n\n\n<p>Fantini oferuje szeroki wachlarz produkt\u00f3w armatury, kt\u00f3re doskonale wpisuj\u0105 si\u0119 w r\u00f3\u017cnorodne aran\u017cacje wn\u0119trz, od nowoczesnych po klasyczne. Dzi\u0119ki swojemu nieustannemu d\u0105\u017ceniu do innowacji i doskona\u0142o\u015bci, Fantini pozostaje liderem w bran\u017cy, oferuj\u0105c rozwi\u0105zania, kt\u00f3re \u0142\u0105cz\u0105 w sobie estetyk\u0119, nowoczesne technologie i wysok\u0105 jako\u015b\u0107<\/p>\n\n\n\n<div class=\"wp-block-buttons is-layout-flex wp-block-buttons-is-layout-flex\">\n<div class=\"wp-block-button\"><a class=\"wp-block-button__link wp-element-button\">Zobacz stron\u0119 producenta<\/a><\/div>\n<\/div>\n\n\n\n<p><\/p>\n\n\n\n<p><\/p>\n\n\n\n<p><\/p>\n\n\n\n<p><\/p>\n\n\n\n<p><\/p>\n\n\n\n<p><\/p>\n\n\n\n<p><\/p>\n","protected":false},"excerpt":{"rendered":"<p>Od ponad siedemdziesi\u0119ciu lat Fantini projektuje i produkuje innowacyjne produkty, kt\u00f3re uczyni\u0142y firm\u0119 mi\u0119dzynarodowym punktem odniesienia w zakresie ewolucji designu w swojej bran\u017cy. Za\u0142o\u017cona w 1947 roku przez braci Giovanni i Ersilio, Fantini pozostaje dzi\u015b rodzinnym przedsi\u0119biorstwem. Siedziba firmy znajduje si\u0119 w Pella, malowniczej miejscowo\u015bci nad jeziorem Orta w p\u00f3\u0142nocno-zachodnich W\u0142oszech, w regionie Piedmont, gdzie [&hellip;]<\/p>\n","protected":false},"author":1,"featured_media":1043,"parent":18,"menu_order":0,"comment_status":"closed","ping_status":"closed","template":"pages\/marka.php","meta":{"footnotes":""},"class_list":["post-319","page","type-page","status-publish","has-post-thumbnail","hentry"],"acf":[],"yoast_head":"<!-- This site is optimized with the Yoast SEO plugin v23.2 - https:\/\/yoast.com\/wordpress\/plugins\/seo\/ -->\n<title>Fantini - Salon \u0142azienek Warszawa, armatura, gresy i akcesoria - Greston<\/title>\n<meta name=\"robots\" content=\"noindex, follow, max-snippet:-1, max-image-preview:large, max-video-preview:-1\" \/>\n<meta property=\"og:locale\" content=\"pl_PL\" \/>\n<meta property=\"og:type\" content=\"article\" \/>\n<meta property=\"og:title\" content=\"Fantini - Salon \u0142azienek Warszawa, armatura, gresy i akcesoria - Greston\" \/>\n<meta property=\"og:description\" content=\"Od ponad siedemdziesi\u0119ciu lat Fantini projektuje i produkuje innowacyjne produkty, kt\u00f3re uczyni\u0142y firm\u0119 mi\u0119dzynarodowym punktem odniesienia w zakresie ewolucji designu w swojej bran\u017cy. Za\u0142o\u017cona w 1947 roku przez braci Giovanni i Ersilio, Fantini pozostaje dzi\u015b rodzinnym przedsi\u0119biorstwem. Siedziba firmy znajduje si\u0119 w Pella, malowniczej miejscowo\u015bci nad jeziorem Orta w p\u00f3\u0142nocno-zachodnich W\u0142oszech, w regionie Piedmont, gdzie [&hellip;]\" \/>\n<meta property=\"og:url\" content=\"https:\/\/klienci.scepter.agency\/greston\/marki\/fantini\/\" \/>\n<meta property=\"og:site_name\" content=\"Salon \u0142azienek Warszawa, armatura, gresy i akcesoria - Greston\" \/>\n<meta property=\"article:modified_time\" content=\"2024-10-11T10:29:41+00:00\" \/>\n<meta property=\"og:image\" content=\"https:\/\/klienci.scepter.agency\/greston\/wp-content\/uploads\/2024\/09\/ICONACLASSIC_COPERTINA-2_55195652051.jpg\" \/>\n\t<meta property=\"og:image:width\" content=\"650\" \/>\n\t<meta property=\"og:image:height\" content=\"813\" \/>\n\t<meta property=\"og:image:type\" content=\"image\/jpeg\" \/>\n<meta name=\"twitter:card\" content=\"summary_large_image\" \/>\n<meta name=\"twitter:label1\" content=\"Szacowany czas czytania\" \/>\n\t<meta name=\"twitter:data1\" content=\"2 minuty\" \/>\n<script type=\"application\/ld+json\" class=\"yoast-schema-graph\">{\"@context\":\"https:\/\/schema.org\",\"@graph\":[{\"@type\":\"WebPage\",\"@id\":\"https:\/\/klienci.scepter.agency\/greston\/marki\/fantini\/\",\"url\":\"https:\/\/klienci.scepter.agency\/greston\/marki\/fantini\/\",\"name\":\"Fantini - Salon \u0142azienek Warszawa, armatura, gresy i akcesoria - Greston\",\"isPartOf\":{\"@id\":\"https:\/\/klienci.scepter.agency\/greston\/#website\"},\"primaryImageOfPage\":{\"@id\":\"https:\/\/klienci.scepter.agency\/greston\/marki\/fantini\/#primaryimage\"},\"image\":{\"@id\":\"https:\/\/klienci.scepter.agency\/greston\/marki\/fantini\/#primaryimage\"},\"thumbnailUrl\":\"https:\/\/klienci.scepter.agency\/greston\/wp-content\/uploads\/2024\/09\/ICONACLASSIC_COPERTINA-2_55195652051.jpg\",\"datePublished\":\"2024-08-13T19:34:33+00:00\",\"dateModified\":\"2024-10-11T10:29:41+00:00\",\"breadcrumb\":{\"@id\":\"https:\/\/klienci.scepter.agency\/greston\/marki\/fantini\/#breadcrumb\"},\"inLanguage\":\"pl-PL\",\"potentialAction\":[{\"@type\":\"ReadAction\",\"target\":[\"https:\/\/klienci.scepter.agency\/greston\/marki\/fantini\/\"]}]},{\"@type\":\"ImageObject\",\"inLanguage\":\"pl-PL\",\"@id\":\"https:\/\/klienci.scepter.agency\/greston\/marki\/fantini\/#primaryimage\",\"url\":\"https:\/\/klienci.scepter.agency\/greston\/wp-content\/uploads\/2024\/09\/ICONACLASSIC_COPERTINA-2_55195652051.jpg\",\"contentUrl\":\"https:\/\/klienci.scepter.agency\/greston\/wp-content\/uploads\/2024\/09\/ICONACLASSIC_COPERTINA-2_55195652051.jpg\",\"width\":650,\"height\":813},{\"@type\":\"BreadcrumbList\",\"@id\":\"https:\/\/klienci.scepter.agency\/greston\/marki\/fantini\/#breadcrumb\",\"itemListElement\":[{\"@type\":\"ListItem\",\"position\":1,\"name\":\"Strona g\u0142\u00f3wna\",\"item\":\"https:\/\/klienci.scepter.agency\/greston\/\"},{\"@type\":\"ListItem\",\"position\":2,\"name\":\"Marki\",\"item\":\"https:\/\/klienci.scepter.agency\/greston\/marki\/\"},{\"@type\":\"ListItem\",\"position\":3,\"name\":\"Fantini\"}]},{\"@type\":\"WebSite\",\"@id\":\"https:\/\/klienci.scepter.agency\/greston\/#website\",\"url\":\"https:\/\/klienci.scepter.agency\/greston\/\",\"name\":\"Salon \u0142azienek Warszawa, armatura, gresy i akcesoria - Greston\",\"description\":\"\",\"potentialAction\":[{\"@type\":\"SearchAction\",\"target\":{\"@type\":\"EntryPoint\",\"urlTemplate\":\"https:\/\/klienci.scepter.agency\/greston\/?s={search_term_string}\"},\"query-input\":\"required name=search_term_string\"}],\"inLanguage\":\"pl-PL\"}]}<\/script>\n<!-- \/ Yoast SEO plugin. -->","yoast_head_json":{"title":"Fantini - Salon \u0142azienek Warszawa, armatura, gresy i akcesoria - Greston","robots":{"index":"noindex","follow":"follow","max-snippet":"max-snippet:-1","max-image-preview":"max-image-preview:large","max-video-preview":"max-video-preview:-1"},"og_locale":"pl_PL","og_type":"article","og_title":"Fantini - Salon \u0142azienek Warszawa, armatura, gresy i akcesoria - Greston","og_description":"Od ponad siedemdziesi\u0119ciu lat Fantini projektuje i produkuje innowacyjne produkty, kt\u00f3re uczyni\u0142y firm\u0119 mi\u0119dzynarodowym punktem odniesienia w zakresie ewolucji designu w swojej bran\u017cy. Za\u0142o\u017cona w 1947 roku przez braci Giovanni i Ersilio, Fantini pozostaje dzi\u015b rodzinnym przedsi\u0119biorstwem. Siedziba firmy znajduje si\u0119 w Pella, malowniczej miejscowo\u015bci nad jeziorem Orta w p\u00f3\u0142nocno-zachodnich W\u0142oszech, w regionie Piedmont, gdzie [&hellip;]","og_url":"https:\/\/klienci.scepter.agency\/greston\/marki\/fantini\/","og_site_name":"Salon \u0142azienek Warszawa, armatura, gresy i akcesoria - Greston","article_modified_time":"2024-10-11T10:29:41+00:00","og_image":[{"width":650,"height":813,"url":"https:\/\/klienci.scepter.agency\/greston\/wp-content\/uploads\/2024\/09\/ICONACLASSIC_COPERTINA-2_55195652051.jpg","type":"image\/jpeg"}],"twitter_card":"summary_large_image","twitter_misc":{"Szacowany czas czytania":"2 minuty"},"schema":{"@context":"https:\/\/schema.org","@graph":[{"@type":"WebPage","@id":"https:\/\/klienci.scepter.agency\/greston\/marki\/fantini\/","url":"https:\/\/klienci.scepter.agency\/greston\/marki\/fantini\/","name":"Fantini - Salon \u0142azienek Warszawa, armatura, gresy i akcesoria - Greston","isPartOf":{"@id":"https:\/\/klienci.scepter.agency\/greston\/#website"},"primaryImageOfPage":{"@id":"https:\/\/klienci.scepter.agency\/greston\/marki\/fantini\/#primaryimage"},"image":{"@id":"https:\/\/klienci.scepter.agency\/greston\/marki\/fantini\/#primaryimage"},"thumbnailUrl":"https:\/\/klienci.scepter.agency\/greston\/wp-content\/uploads\/2024\/09\/ICONACLASSIC_COPERTINA-2_55195652051.jpg","datePublished":"2024-08-13T19:34:33+00:00","dateModified":"2024-10-11T10:29:41+00:00","breadcrumb":{"@id":"https:\/\/klienci.scepter.agency\/greston\/marki\/fantini\/#breadcrumb"},"inLanguage":"pl-PL","potentialAction":[{"@type":"ReadAction","target":["https:\/\/klienci.scepter.agency\/greston\/marki\/fantini\/"]}]},{"@type":"ImageObject","inLanguage":"pl-PL","@id":"https:\/\/klienci.scepter.agency\/greston\/marki\/fantini\/#primaryimage","url":"https:\/\/klienci.scepter.agency\/greston\/wp-content\/uploads\/2024\/09\/ICONACLASSIC_COPERTINA-2_55195652051.jpg","contentUrl":"https:\/\/klienci.scepter.agency\/greston\/wp-content\/uploads\/2024\/09\/ICONACLASSIC_COPERTINA-2_55195652051.jpg","width":650,"height":813},{"@type":"BreadcrumbList","@id":"https:\/\/klienci.scepter.agency\/greston\/marki\/fantini\/#breadcrumb","itemListElement":[{"@type":"ListItem","position":1,"name":"Strona g\u0142\u00f3wna","item":"https:\/\/klienci.scepter.agency\/greston\/"},{"@type":"ListItem","position":2,"name":"Marki","item":"https:\/\/klienci.scepter.agency\/greston\/marki\/"},{"@type":"ListItem","position":3,"name":"Fantini"}]},{"@type":"WebSite","@id":"https:\/\/klienci.scepter.agency\/greston\/#website","url":"https:\/\/klienci.scepter.agency\/greston\/","name":"Salon \u0142azienek Warszawa, armatura, gresy i akcesoria - Greston","description":"","potentialAction":[{"@type":"SearchAction","target":{"@type":"EntryPoint","urlTemplate":"https:\/\/klienci.scepter.agency\/greston\/?s={search_term_string}"},"query-input":"required name=search_term_string"}],"inLanguage":"pl-PL"}]}},"_links":{"self":[{"href":"https:\/\/klienci.scepter.agency\/greston\/wp-json\/wp\/v2\/pages\/319","targetHints":{"allow":["GET"]}}],"collection":[{"href":"https:\/\/klienci.scepter.agency\/greston\/wp-json\/wp\/v2\/pages"}],"about":[{"href":"https:\/\/klienci.scepter.agency\/greston\/wp-json\/wp\/v2\/types\/page"}],"author":[{"embeddable":true,"href":"https:\/\/klienci.scepter.agency\/greston\/wp-json\/wp\/v2\/users\/1"}],"replies":[{"embeddable":true,"href":"https:\/\/klienci.scepter.agency\/greston\/wp-json\/wp\/v2\/comments?post=319"}],"version-history":[{"count":3,"href":"https:\/\/klienci.scepter.agency\/greston\/wp-json\/wp\/v2\/pages\/319\/revisions"}],"predecessor-version":[{"id":1056,"href":"https:\/\/klienci.scepter.agency\/greston\/wp-json\/wp\/v2\/pages\/319\/revisions\/1056"}],"up":[{"embeddable":true,"href":"https:\/\/klienci.scepter.agency\/greston\/wp-json\/wp\/v2\/pages\/18"}],"wp:featuredmedia":[{"embeddable":true,"href":"https:\/\/klienci.scepter.agency\/greston\/wp-json\/wp\/v2\/media\/1043"}],"wp:attachment":[{"href":"https:\/\/klienci.scepter.agency\/greston\/wp-json\/wp\/v2\/media?parent=319"}],"curies":[{"name":"wp","href":"https:\/\/api.w.org\/{rel}","templated":true}]}}