{"id":32,"date":"2024-07-31T07:34:12","date_gmt":"2024-07-31T05:34:12","guid":{"rendered":"https:\/\/klienci.scepter.agency\/greston\/?page_id=32"},"modified":"2024-10-11T11:15:10","modified_gmt":"2024-10-11T09:15:10","slug":"dla-architekta","status":"publish","type":"page","link":"https:\/\/klienci.scepter.agency\/greston\/dla-architekta\/","title":{"rendered":"Dla architekta"},"content":{"rendered":"\n<p>Kabiny, brodziki, lustra czy inne elementy wyko\u0144czeniowe i akcesoria to tylko ma\u0142y u\u0142amek bogatej oferty naszego sklepu GRESTON. Znajdziesz u nas p\u0142ytki ceramiczne wielkoformatowe, gresy oraz armatur\u0119 sanitarn\u0105. Dzi\u0119ki nam wyposa\u017cysz nie tylko swoj\u0105 \u0142azienk\u0119 w najpi\u0119kniejsze, najnowocze\u015bniejsze produkty, ale urz\u0105dzisz ca\u0142y dom! Dok\u0142adamy wszelkich stara\u0144, aby oferowa\u0107 naszym Klientom rozwi\u0105zania ponadczasowe, zgodne z trendami obowi\u0105zuj\u0105cymi obecnie w bran\u017cy architektury wn\u0119trz. W\u0142a\u015bnie dzi\u0119ki nam stworzysz dom, mieszkanie lub lokal us\u0142ugowy, kt\u00f3ry zachwyci ka\u017cdego.<\/p>\n","protected":false},"excerpt":{"rendered":"<p>Kabiny, brodziki, lustra czy inne elementy wyko\u0144czeniowe i akcesoria to tylko ma\u0142y u\u0142amek bogatej oferty naszego sklepu GRESTON. Znajdziesz u nas p\u0142ytki ceramiczne wielkoformatowe, gresy oraz armatur\u0119 sanitarn\u0105. Dzi\u0119ki nam wyposa\u017cysz nie tylko swoj\u0105 \u0142azienk\u0119 w najpi\u0119kniejsze, najnowocze\u015bniejsze produkty, ale urz\u0105dzisz ca\u0142y dom! Dok\u0142adamy wszelkich stara\u0144, aby oferowa\u0107 naszym Klientom rozwi\u0105zania ponadczasowe, zgodne z trendami [&hellip;]<\/p>\n","protected":false},"author":1,"featured_media":2094,"parent":0,"menu_order":6,"comment_status":"closed","ping_status":"closed","template":"pages\/dla-architekta.php","meta":{"footnotes":""},"class_list":["post-32","page","type-page","status-publish","has-post-thumbnail","hentry"],"acf":[],"yoast_head":"<!-- This site is optimized with the Yoast SEO plugin v23.2 - https:\/\/yoast.com\/wordpress\/plugins\/seo\/ -->\n<title>Dla architekta - Salon \u0142azienek Warszawa, armatura, gresy i akcesoria - Greston<\/title>\n<meta name=\"robots\" content=\"noindex, follow, max-snippet:-1, max-image-preview:large, max-video-preview:-1\" \/>\n<meta property=\"og:locale\" content=\"pl_PL\" \/>\n<meta property=\"og:type\" content=\"article\" \/>\n<meta property=\"og:title\" content=\"Dla architekta - Salon \u0142azienek Warszawa, armatura, gresy i akcesoria - Greston\" \/>\n<meta property=\"og:description\" content=\"Kabiny, brodziki, lustra czy inne elementy wyko\u0144czeniowe i akcesoria to tylko ma\u0142y u\u0142amek bogatej oferty naszego sklepu GRESTON. Znajdziesz u nas p\u0142ytki ceramiczne wielkoformatowe, gresy oraz armatur\u0119 sanitarn\u0105. Dzi\u0119ki nam wyposa\u017cysz nie tylko swoj\u0105 \u0142azienk\u0119 w najpi\u0119kniejsze, najnowocze\u015bniejsze produkty, ale urz\u0105dzisz ca\u0142y dom! Dok\u0142adamy wszelkich stara\u0144, aby oferowa\u0107 naszym Klientom rozwi\u0105zania ponadczasowe, zgodne z trendami [&hellip;]\" \/>\n<meta property=\"og:url\" content=\"https:\/\/klienci.scepter.agency\/greston\/dla-architekta\/\" \/>\n<meta property=\"og:site_name\" content=\"Salon \u0142azienek Warszawa, armatura, gresy i akcesoria - Greston\" \/>\n<meta property=\"article:modified_time\" content=\"2024-10-11T09:15:10+00:00\" \/>\n<meta property=\"og:image\" content=\"https:\/\/klienci.scepter.agency\/greston\/wp-content\/uploads\/2024\/10\/Kopia-20241007_150924-scaled.jpg\" \/>\n\t<meta property=\"og:image:width\" content=\"2560\" \/>\n\t<meta property=\"og:image:height\" content=\"1920\" \/>\n\t<meta property=\"og:image:type\" content=\"image\/jpeg\" \/>\n<meta name=\"twitter:card\" content=\"summary_large_image\" \/>\n<meta name=\"twitter:label1\" content=\"Szacowany czas czytania\" \/>\n\t<meta name=\"twitter:data1\" content=\"1 minuta\" \/>\n<script type=\"application\/ld+json\" class=\"yoast-schema-graph\">{\"@context\":\"https:\/\/schema.org\",\"@graph\":[{\"@type\":\"WebPage\",\"@id\":\"https:\/\/klienci.scepter.agency\/greston\/dla-architekta\/\",\"url\":\"https:\/\/klienci.scepter.agency\/greston\/dla-architekta\/\",\"name\":\"Dla architekta - Salon \u0142azienek Warszawa, armatura, gresy i akcesoria - Greston\",\"isPartOf\":{\"@id\":\"https:\/\/klienci.scepter.agency\/greston\/#website\"},\"primaryImageOfPage\":{\"@id\":\"https:\/\/klienci.scepter.agency\/greston\/dla-architekta\/#primaryimage\"},\"image\":{\"@id\":\"https:\/\/klienci.scepter.agency\/greston\/dla-architekta\/#primaryimage\"},\"thumbnailUrl\":\"https:\/\/klienci.scepter.agency\/greston\/wp-content\/uploads\/2024\/10\/Kopia-20241007_150924-scaled.jpg\",\"datePublished\":\"2024-07-31T05:34:12+00:00\",\"dateModified\":\"2024-10-11T09:15:10+00:00\",\"breadcrumb\":{\"@id\":\"https:\/\/klienci.scepter.agency\/greston\/dla-architekta\/#breadcrumb\"},\"inLanguage\":\"pl-PL\",\"potentialAction\":[{\"@type\":\"ReadAction\",\"target\":[\"https:\/\/klienci.scepter.agency\/greston\/dla-architekta\/\"]}]},{\"@type\":\"ImageObject\",\"inLanguage\":\"pl-PL\",\"@id\":\"https:\/\/klienci.scepter.agency\/greston\/dla-architekta\/#primaryimage\",\"url\":\"https:\/\/klienci.scepter.agency\/greston\/wp-content\/uploads\/2024\/10\/Kopia-20241007_150924-scaled.jpg\",\"contentUrl\":\"https:\/\/klienci.scepter.agency\/greston\/wp-content\/uploads\/2024\/10\/Kopia-20241007_150924-scaled.jpg\",\"width\":2560,\"height\":1920},{\"@type\":\"BreadcrumbList\",\"@id\":\"https:\/\/klienci.scepter.agency\/greston\/dla-architekta\/#breadcrumb\",\"itemListElement\":[{\"@type\":\"ListItem\",\"position\":1,\"name\":\"Strona g\u0142\u00f3wna\",\"item\":\"https:\/\/klienci.scepter.agency\/greston\/\"},{\"@type\":\"ListItem\",\"position\":2,\"name\":\"Dla architekta\"}]},{\"@type\":\"WebSite\",\"@id\":\"https:\/\/klienci.scepter.agency\/greston\/#website\",\"url\":\"https:\/\/klienci.scepter.agency\/greston\/\",\"name\":\"Salon \u0142azienek Warszawa, armatura, gresy i akcesoria - Greston\",\"description\":\"\",\"potentialAction\":[{\"@type\":\"SearchAction\",\"target\":{\"@type\":\"EntryPoint\",\"urlTemplate\":\"https:\/\/klienci.scepter.agency\/greston\/?s={search_term_string}\"},\"query-input\":\"required name=search_term_string\"}],\"inLanguage\":\"pl-PL\"}]}<\/script>\n<!-- \/ Yoast SEO plugin. -->","yoast_head_json":{"title":"Dla architekta - Salon \u0142azienek Warszawa, armatura, gresy i akcesoria - Greston","robots":{"index":"noindex","follow":"follow","max-snippet":"max-snippet:-1","max-image-preview":"max-image-preview:large","max-video-preview":"max-video-preview:-1"},"og_locale":"pl_PL","og_type":"article","og_title":"Dla architekta - Salon \u0142azienek Warszawa, armatura, gresy i akcesoria - Greston","og_description":"Kabiny, brodziki, lustra czy inne elementy wyko\u0144czeniowe i akcesoria to tylko ma\u0142y u\u0142amek bogatej oferty naszego sklepu GRESTON. Znajdziesz u nas p\u0142ytki ceramiczne wielkoformatowe, gresy oraz armatur\u0119 sanitarn\u0105. Dzi\u0119ki nam wyposa\u017cysz nie tylko swoj\u0105 \u0142azienk\u0119 w najpi\u0119kniejsze, najnowocze\u015bniejsze produkty, ale urz\u0105dzisz ca\u0142y dom! Dok\u0142adamy wszelkich stara\u0144, aby oferowa\u0107 naszym Klientom rozwi\u0105zania ponadczasowe, zgodne z trendami [&hellip;]","og_url":"https:\/\/klienci.scepter.agency\/greston\/dla-architekta\/","og_site_name":"Salon \u0142azienek Warszawa, armatura, gresy i akcesoria - Greston","article_modified_time":"2024-10-11T09:15:10+00:00","og_image":[{"width":2560,"height":1920,"url":"https:\/\/klienci.scepter.agency\/greston\/wp-content\/uploads\/2024\/10\/Kopia-20241007_150924-scaled.jpg","type":"image\/jpeg"}],"twitter_card":"summary_large_image","twitter_misc":{"Szacowany czas czytania":"1 minuta"},"schema":{"@context":"https:\/\/schema.org","@graph":[{"@type":"WebPage","@id":"https:\/\/klienci.scepter.agency\/greston\/dla-architekta\/","url":"https:\/\/klienci.scepter.agency\/greston\/dla-architekta\/","name":"Dla architekta - Salon \u0142azienek Warszawa, armatura, gresy i akcesoria - Greston","isPartOf":{"@id":"https:\/\/klienci.scepter.agency\/greston\/#website"},"primaryImageOfPage":{"@id":"https:\/\/klienci.scepter.agency\/greston\/dla-architekta\/#primaryimage"},"image":{"@id":"https:\/\/klienci.scepter.agency\/greston\/dla-architekta\/#primaryimage"},"thumbnailUrl":"https:\/\/klienci.scepter.agency\/greston\/wp-content\/uploads\/2024\/10\/Kopia-20241007_150924-scaled.jpg","datePublished":"2024-07-31T05:34:12+00:00","dateModified":"2024-10-11T09:15:10+00:00","breadcrumb":{"@id":"https:\/\/klienci.scepter.agency\/greston\/dla-architekta\/#breadcrumb"},"inLanguage":"pl-PL","potentialAction":[{"@type":"ReadAction","target":["https:\/\/klienci.scepter.agency\/greston\/dla-architekta\/"]}]},{"@type":"ImageObject","inLanguage":"pl-PL","@id":"https:\/\/klienci.scepter.agency\/greston\/dla-architekta\/#primaryimage","url":"https:\/\/klienci.scepter.agency\/greston\/wp-content\/uploads\/2024\/10\/Kopia-20241007_150924-scaled.jpg","contentUrl":"https:\/\/klienci.scepter.agency\/greston\/wp-content\/uploads\/2024\/10\/Kopia-20241007_150924-scaled.jpg","width":2560,"height":1920},{"@type":"BreadcrumbList","@id":"https:\/\/klienci.scepter.agency\/greston\/dla-architekta\/#breadcrumb","itemListElement":[{"@type":"ListItem","position":1,"name":"Strona g\u0142\u00f3wna","item":"https:\/\/klienci.scepter.agency\/greston\/"},{"@type":"ListItem","position":2,"name":"Dla architekta"}]},{"@type":"WebSite","@id":"https:\/\/klienci.scepter.agency\/greston\/#website","url":"https:\/\/klienci.scepter.agency\/greston\/","name":"Salon \u0142azienek Warszawa, armatura, gresy i akcesoria - Greston","description":"","potentialAction":[{"@type":"SearchAction","target":{"@type":"EntryPoint","urlTemplate":"https:\/\/klienci.scepter.agency\/greston\/?s={search_term_string}"},"query-input":"required name=search_term_string"}],"inLanguage":"pl-PL"}]}},"_links":{"self":[{"href":"https:\/\/klienci.scepter.agency\/greston\/wp-json\/wp\/v2\/pages\/32","targetHints":{"allow":["GET"]}}],"collection":[{"href":"https:\/\/klienci.scepter.agency\/greston\/wp-json\/wp\/v2\/pages"}],"about":[{"href":"https:\/\/klienci.scepter.agency\/greston\/wp-json\/wp\/v2\/types\/page"}],"author":[{"embeddable":true,"href":"https:\/\/klienci.scepter.agency\/greston\/wp-json\/wp\/v2\/users\/1"}],"replies":[{"embeddable":true,"href":"https:\/\/klienci.scepter.agency\/greston\/wp-json\/wp\/v2\/comments?post=32"}],"version-history":[{"count":3,"href":"https:\/\/klienci.scepter.agency\/greston\/wp-json\/wp\/v2\/pages\/32\/revisions"}],"predecessor-version":[{"id":276,"href":"https:\/\/klienci.scepter.agency\/greston\/wp-json\/wp\/v2\/pages\/32\/revisions\/276"}],"wp:featuredmedia":[{"embeddable":true,"href":"https:\/\/klienci.scepter.agency\/greston\/wp-json\/wp\/v2\/media\/2094"}],"wp:attachment":[{"href":"https:\/\/klienci.scepter.agency\/greston\/wp-json\/wp\/v2\/media?parent=32"}],"curies":[{"name":"wp","href":"https:\/\/api.w.org\/{rel}","templated":true}]}}