{"id":351,"date":"2024-08-13T21:41:29","date_gmt":"2024-08-13T19:41:29","guid":{"rendered":"https:\/\/klienci.scepter.agency\/greston\/?page_id=351"},"modified":"2024-10-11T13:50:39","modified_gmt":"2024-10-11T11:50:39","slug":"huppe","status":"publish","type":"page","link":"https:\/\/klienci.scepter.agency\/greston\/marki\/huppe\/","title":{"rendered":"Huppe"},"content":{"rendered":"\n<p>Od 1966 roku H\u00dcPPE wyznacza standardy w bran\u017cy prysznicowej, staj\u0105c si\u0119 pierwszym producentem kabin prysznicowych na rynku europejskim. Dzi\u0119ki po\u0142\u0105czeniu niemieckiej jako\u015bci, funkcjonalno\u015bci i stylu, firma szybko zyska\u0142a renom\u0119 i dzi\u015b jest jednym z czo\u0142owych specjalist\u00f3w w dziedzinie prysznic\u00f3w. Ich produkty znajduj\u0105 zastosowanie nie tylko w domowych \u0142azienkach, ale tak\u017ce w presti\u017cowych obiektach, takich jak spa, studia fitness oraz luksusowe statki wycieczkowe na ca\u0142ym \u015bwiecie.<\/p>\n\n\n\n<p>Od zawsze stawiaj\u0105 na najwy\u017csz\u0105 jako\u015b\u0107 materia\u0142\u00f3w i precyzyjne wykonanie. Ich podej\u015bcie \u0142\u0105czy rzemie\u015blnicz\u0105 dba\u0142o\u015b\u0107 o szczeg\u00f3\u0142y z in\u017cynieryjn\u0105 precyzj\u0105, co pozwala im tworzy\u0107 innowacyjne rozwi\u0105zania, kt\u00f3re wyr\u00f3\u017cniaj\u0105 ich na tle konkurencji. W ich portfolio znajduje si\u0119 wiele opatentowanych system\u00f3w, kt\u00f3re gwarantuj\u0105 wyrafinowan\u0105 funkcjonalno\u015b\u0107 oraz komfort u\u017cytkowania ju\u017c od pierwszego kontaktu.<\/p>\n\n\n\n<div class=\"wp-block-buttons is-layout-flex wp-block-buttons-is-layout-flex\">\n<div class=\"wp-block-button\"><a class=\"wp-block-button__link wp-element-button\" href=\"https:\/\/www.hueppe.com\/\" target=\"_blank\" rel=\"noreferrer noopener\">Zobacz stron\u0119 producenta<\/a><\/div>\n<\/div>\n\n\n\n<p><\/p>\n","protected":false},"excerpt":{"rendered":"<p>Od 1966 roku H\u00dcPPE wyznacza standardy w bran\u017cy prysznicowej, staj\u0105c si\u0119 pierwszym producentem kabin prysznicowych na rynku europejskim. Dzi\u0119ki po\u0142\u0105czeniu niemieckiej jako\u015bci, funkcjonalno\u015bci i stylu, firma szybko zyska\u0142a renom\u0119 i dzi\u015b jest jednym z czo\u0142owych specjalist\u00f3w w dziedzinie prysznic\u00f3w. Ich produkty znajduj\u0105 zastosowanie nie tylko w domowych \u0142azienkach, ale tak\u017ce w presti\u017cowych obiektach, takich jak [&hellip;]<\/p>\n","protected":false},"author":1,"featured_media":1131,"parent":18,"menu_order":0,"comment_status":"closed","ping_status":"closed","template":"pages\/marka.php","meta":{"footnotes":""},"class_list":["post-351","page","type-page","status-publish","has-post-thumbnail","hentry"],"acf":[],"yoast_head":"<!-- This site is optimized with the Yoast SEO plugin v23.2 - https:\/\/yoast.com\/wordpress\/plugins\/seo\/ -->\n<title>Huppe - Salon \u0142azienek Warszawa, armatura, gresy i akcesoria - Greston<\/title>\n<meta name=\"robots\" content=\"noindex, follow, max-snippet:-1, max-image-preview:large, max-video-preview:-1\" \/>\n<meta property=\"og:locale\" content=\"pl_PL\" \/>\n<meta property=\"og:type\" content=\"article\" \/>\n<meta property=\"og:title\" content=\"Huppe - Salon \u0142azienek Warszawa, armatura, gresy i akcesoria - Greston\" \/>\n<meta property=\"og:description\" content=\"Od 1966 roku H\u00dcPPE wyznacza standardy w bran\u017cy prysznicowej, staj\u0105c si\u0119 pierwszym producentem kabin prysznicowych na rynku europejskim. Dzi\u0119ki po\u0142\u0105czeniu niemieckiej jako\u015bci, funkcjonalno\u015bci i stylu, firma szybko zyska\u0142a renom\u0119 i dzi\u015b jest jednym z czo\u0142owych specjalist\u00f3w w dziedzinie prysznic\u00f3w. Ich produkty znajduj\u0105 zastosowanie nie tylko w domowych \u0142azienkach, ale tak\u017ce w presti\u017cowych obiektach, takich jak [&hellip;]\" \/>\n<meta property=\"og:url\" content=\"https:\/\/klienci.scepter.agency\/greston\/marki\/huppe\/\" \/>\n<meta property=\"og:site_name\" content=\"Salon \u0142azienek Warszawa, armatura, gresy i akcesoria - Greston\" \/>\n<meta property=\"article:modified_time\" content=\"2024-10-11T11:50:39+00:00\" \/>\n<meta property=\"og:image\" content=\"https:\/\/klienci.scepter.agency\/greston\/wp-content\/uploads\/2024\/09\/wyrozniajace-3.webp\" \/>\n\t<meta property=\"og:image:width\" content=\"2050\" \/>\n\t<meta property=\"og:image:height\" content=\"1450\" \/>\n\t<meta property=\"og:image:type\" content=\"image\/webp\" \/>\n<meta name=\"twitter:card\" content=\"summary_large_image\" \/>\n<meta name=\"twitter:label1\" content=\"Szacowany czas czytania\" \/>\n\t<meta name=\"twitter:data1\" content=\"1 minuta\" \/>\n<script type=\"application\/ld+json\" class=\"yoast-schema-graph\">{\"@context\":\"https:\/\/schema.org\",\"@graph\":[{\"@type\":\"WebPage\",\"@id\":\"https:\/\/klienci.scepter.agency\/greston\/marki\/huppe\/\",\"url\":\"https:\/\/klienci.scepter.agency\/greston\/marki\/huppe\/\",\"name\":\"Huppe - Salon \u0142azienek Warszawa, armatura, gresy i akcesoria - Greston\",\"isPartOf\":{\"@id\":\"https:\/\/klienci.scepter.agency\/greston\/#website\"},\"primaryImageOfPage\":{\"@id\":\"https:\/\/klienci.scepter.agency\/greston\/marki\/huppe\/#primaryimage\"},\"image\":{\"@id\":\"https:\/\/klienci.scepter.agency\/greston\/marki\/huppe\/#primaryimage\"},\"thumbnailUrl\":\"https:\/\/klienci.scepter.agency\/greston\/wp-content\/uploads\/2024\/09\/wyrozniajace-3.webp\",\"datePublished\":\"2024-08-13T19:41:29+00:00\",\"dateModified\":\"2024-10-11T11:50:39+00:00\",\"breadcrumb\":{\"@id\":\"https:\/\/klienci.scepter.agency\/greston\/marki\/huppe\/#breadcrumb\"},\"inLanguage\":\"pl-PL\",\"potentialAction\":[{\"@type\":\"ReadAction\",\"target\":[\"https:\/\/klienci.scepter.agency\/greston\/marki\/huppe\/\"]}]},{\"@type\":\"ImageObject\",\"inLanguage\":\"pl-PL\",\"@id\":\"https:\/\/klienci.scepter.agency\/greston\/marki\/huppe\/#primaryimage\",\"url\":\"https:\/\/klienci.scepter.agency\/greston\/wp-content\/uploads\/2024\/09\/wyrozniajace-3.webp\",\"contentUrl\":\"https:\/\/klienci.scepter.agency\/greston\/wp-content\/uploads\/2024\/09\/wyrozniajace-3.webp\",\"width\":2050,\"height\":1450},{\"@type\":\"BreadcrumbList\",\"@id\":\"https:\/\/klienci.scepter.agency\/greston\/marki\/huppe\/#breadcrumb\",\"itemListElement\":[{\"@type\":\"ListItem\",\"position\":1,\"name\":\"Strona g\u0142\u00f3wna\",\"item\":\"https:\/\/klienci.scepter.agency\/greston\/\"},{\"@type\":\"ListItem\",\"position\":2,\"name\":\"Marki\",\"item\":\"https:\/\/klienci.scepter.agency\/greston\/marki\/\"},{\"@type\":\"ListItem\",\"position\":3,\"name\":\"Huppe\"}]},{\"@type\":\"WebSite\",\"@id\":\"https:\/\/klienci.scepter.agency\/greston\/#website\",\"url\":\"https:\/\/klienci.scepter.agency\/greston\/\",\"name\":\"Salon \u0142azienek Warszawa, armatura, gresy i akcesoria - Greston\",\"description\":\"\",\"potentialAction\":[{\"@type\":\"SearchAction\",\"target\":{\"@type\":\"EntryPoint\",\"urlTemplate\":\"https:\/\/klienci.scepter.agency\/greston\/?s={search_term_string}\"},\"query-input\":\"required name=search_term_string\"}],\"inLanguage\":\"pl-PL\"}]}<\/script>\n<!-- \/ Yoast SEO plugin. -->","yoast_head_json":{"title":"Huppe - Salon \u0142azienek Warszawa, armatura, gresy i akcesoria - Greston","robots":{"index":"noindex","follow":"follow","max-snippet":"max-snippet:-1","max-image-preview":"max-image-preview:large","max-video-preview":"max-video-preview:-1"},"og_locale":"pl_PL","og_type":"article","og_title":"Huppe - Salon \u0142azienek Warszawa, armatura, gresy i akcesoria - Greston","og_description":"Od 1966 roku H\u00dcPPE wyznacza standardy w bran\u017cy prysznicowej, staj\u0105c si\u0119 pierwszym producentem kabin prysznicowych na rynku europejskim. Dzi\u0119ki po\u0142\u0105czeniu niemieckiej jako\u015bci, funkcjonalno\u015bci i stylu, firma szybko zyska\u0142a renom\u0119 i dzi\u015b jest jednym z czo\u0142owych specjalist\u00f3w w dziedzinie prysznic\u00f3w. Ich produkty znajduj\u0105 zastosowanie nie tylko w domowych \u0142azienkach, ale tak\u017ce w presti\u017cowych obiektach, takich jak [&hellip;]","og_url":"https:\/\/klienci.scepter.agency\/greston\/marki\/huppe\/","og_site_name":"Salon \u0142azienek Warszawa, armatura, gresy i akcesoria - Greston","article_modified_time":"2024-10-11T11:50:39+00:00","og_image":[{"width":2050,"height":1450,"url":"https:\/\/klienci.scepter.agency\/greston\/wp-content\/uploads\/2024\/09\/wyrozniajace-3.webp","type":"image\/webp"}],"twitter_card":"summary_large_image","twitter_misc":{"Szacowany czas czytania":"1 minuta"},"schema":{"@context":"https:\/\/schema.org","@graph":[{"@type":"WebPage","@id":"https:\/\/klienci.scepter.agency\/greston\/marki\/huppe\/","url":"https:\/\/klienci.scepter.agency\/greston\/marki\/huppe\/","name":"Huppe - Salon \u0142azienek Warszawa, armatura, gresy i akcesoria - Greston","isPartOf":{"@id":"https:\/\/klienci.scepter.agency\/greston\/#website"},"primaryImageOfPage":{"@id":"https:\/\/klienci.scepter.agency\/greston\/marki\/huppe\/#primaryimage"},"image":{"@id":"https:\/\/klienci.scepter.agency\/greston\/marki\/huppe\/#primaryimage"},"thumbnailUrl":"https:\/\/klienci.scepter.agency\/greston\/wp-content\/uploads\/2024\/09\/wyrozniajace-3.webp","datePublished":"2024-08-13T19:41:29+00:00","dateModified":"2024-10-11T11:50:39+00:00","breadcrumb":{"@id":"https:\/\/klienci.scepter.agency\/greston\/marki\/huppe\/#breadcrumb"},"inLanguage":"pl-PL","potentialAction":[{"@type":"ReadAction","target":["https:\/\/klienci.scepter.agency\/greston\/marki\/huppe\/"]}]},{"@type":"ImageObject","inLanguage":"pl-PL","@id":"https:\/\/klienci.scepter.agency\/greston\/marki\/huppe\/#primaryimage","url":"https:\/\/klienci.scepter.agency\/greston\/wp-content\/uploads\/2024\/09\/wyrozniajace-3.webp","contentUrl":"https:\/\/klienci.scepter.agency\/greston\/wp-content\/uploads\/2024\/09\/wyrozniajace-3.webp","width":2050,"height":1450},{"@type":"BreadcrumbList","@id":"https:\/\/klienci.scepter.agency\/greston\/marki\/huppe\/#breadcrumb","itemListElement":[{"@type":"ListItem","position":1,"name":"Strona g\u0142\u00f3wna","item":"https:\/\/klienci.scepter.agency\/greston\/"},{"@type":"ListItem","position":2,"name":"Marki","item":"https:\/\/klienci.scepter.agency\/greston\/marki\/"},{"@type":"ListItem","position":3,"name":"Huppe"}]},{"@type":"WebSite","@id":"https:\/\/klienci.scepter.agency\/greston\/#website","url":"https:\/\/klienci.scepter.agency\/greston\/","name":"Salon \u0142azienek Warszawa, armatura, gresy i akcesoria - Greston","description":"","potentialAction":[{"@type":"SearchAction","target":{"@type":"EntryPoint","urlTemplate":"https:\/\/klienci.scepter.agency\/greston\/?s={search_term_string}"},"query-input":"required name=search_term_string"}],"inLanguage":"pl-PL"}]}},"_links":{"self":[{"href":"https:\/\/klienci.scepter.agency\/greston\/wp-json\/wp\/v2\/pages\/351","targetHints":{"allow":["GET"]}}],"collection":[{"href":"https:\/\/klienci.scepter.agency\/greston\/wp-json\/wp\/v2\/pages"}],"about":[{"href":"https:\/\/klienci.scepter.agency\/greston\/wp-json\/wp\/v2\/types\/page"}],"author":[{"embeddable":true,"href":"https:\/\/klienci.scepter.agency\/greston\/wp-json\/wp\/v2\/users\/1"}],"replies":[{"embeddable":true,"href":"https:\/\/klienci.scepter.agency\/greston\/wp-json\/wp\/v2\/comments?post=351"}],"version-history":[{"count":6,"href":"https:\/\/klienci.scepter.agency\/greston\/wp-json\/wp\/v2\/pages\/351\/revisions"}],"predecessor-version":[{"id":352,"href":"https:\/\/klienci.scepter.agency\/greston\/wp-json\/wp\/v2\/pages\/351\/revisions\/352"}],"up":[{"embeddable":true,"href":"https:\/\/klienci.scepter.agency\/greston\/wp-json\/wp\/v2\/pages\/18"}],"wp:featuredmedia":[{"embeddable":true,"href":"https:\/\/klienci.scepter.agency\/greston\/wp-json\/wp\/v2\/media\/1131"}],"wp:attachment":[{"href":"https:\/\/klienci.scepter.agency\/greston\/wp-json\/wp\/v2\/media?parent=351"}],"curies":[{"name":"wp","href":"https:\/\/api.w.org\/{rel}","templated":true}]}}