{"id":355,"date":"2024-08-13T21:42:22","date_gmt":"2024-08-13T19:42:22","guid":{"rendered":"https:\/\/klienci.scepter.agency\/greston\/?page_id=355"},"modified":"2024-10-11T14:38:05","modified_gmt":"2024-10-11T12:38:05","slug":"terma","status":"publish","type":"page","link":"https:\/\/klienci.scepter.agency\/greston\/marki\/terma\/","title":{"rendered":"Terma"},"content":{"rendered":"\n<p><strong>Terma<\/strong> to polski producent grzejnik\u00f3w, system\u00f3w ogrzewania oraz urz\u0105dze\u0144 wspieraj\u0105cych rehabilitacj\u0119, kt\u00f3ry od lat zdobywa uznanie na rynku mi\u0119dzynarodowym dzi\u0119ki innowacyjnym rozwi\u0105zaniom i oryginalnemu designowi. Firma wyr\u00f3\u017cnia si\u0119 wysok\u0105 jako\u015bci\u0105 wykonania swoich produkt\u00f3w oraz wszechstronnym podej\u015bciem do projektowania, dzi\u0119ki czemu ich grzejniki staj\u0105 si\u0119 nie tylko \u017ar\u00f3d\u0142em ciep\u0142a, ale tak\u017ce istotnym elementem dekoracyjnym wn\u0119trza.<\/p>\n\n\n\n<p>W ofercie <strong>Terma<\/strong> znajdziemy:<\/p>\n\n\n\n<ul class=\"wp-block-list\">\n<li><strong>Grzejniki dekoracyjne<\/strong> \u2013 firma oferuje szeroki wyb\u00f3r grzejnik\u00f3w o wyj\u0105tkowych formach i wyko\u0144czeniach, kt\u00f3re mog\u0105 sta\u0107 si\u0119 centralnym punktem aran\u017cacji wn\u0119trza. Grzejniki te s\u0105 dost\u0119pne w licznych kszta\u0142tach, rozmiarach i kolorach, a bogaty wyb\u00f3r modeli umo\u017cliwia dopasowanie ich do ka\u017cdego stylu, od klasycznego po nowoczesny.<\/li>\n\n\n\n<li><strong>Grzejniki \u0142azienkowe<\/strong> \u2013 praktyczne i estetyczne rozwi\u0105zania, kt\u00f3re doskonale sprawdzaj\u0105 si\u0119 w \u0142azienkach, zapewniaj\u0105c komfort cieplny oraz mo\u017cliwo\u015b\u0107 suszenia r\u0119cznik\u00f3w. Grzejniki \u0142azienkowe <strong>Terma<\/strong> s\u0105 dost\u0119pne w r\u00f3\u017cnych konfiguracjach, co u\u0142atwia ich monta\u017c i dostosowanie do r\u00f3\u017cnych przestrzeni.<\/li>\n\n\n\n<li><strong>Grzejniki elektryczne<\/strong> \u2013 oferuj\u0105ce elastyczne i nowoczesne rozwi\u0105zania grzewcze, kt\u00f3re sprawdzaj\u0105 si\u0119 zar\u00f3wno w nowych, jak i remontowanych pomieszczeniach, gdzie instalacja klasycznego systemu ogrzewania mo\u017ce by\u0107 utrudniona.<\/li>\n<\/ul>\n\n\n\n<p><strong>Terma<\/strong> s\u0142ynie z innowacyjnego podej\u015bcia do projektowania grzejnik\u00f3w, \u0142\u0105cz\u0105c funkcjonalno\u015b\u0107 z wyj\u0105tkowym wzornictwem. Firma wsp\u00f3\u0142pracuje z uznanymi projektantami, co owocuje kolekcjami, kt\u00f3re s\u0105 nie tylko praktyczne, ale r\u00f3wnie\u017c estetycznie dopracowane. Dzi\u0119ki temu produkty <strong>Terma<\/strong> zdobywaj\u0105 liczne nagrody za design, takie jak <strong>Red Dot Design Award<\/strong>, kt\u00f3ra potwierdza ich wyj\u0105tkowy charakter.<\/p>\n\n\n\n<p><\/p>\n\n\n\n<div class=\"wp-block-buttons is-layout-flex wp-block-buttons-is-layout-flex\">\n<div class=\"wp-block-button\"><a class=\"wp-block-button__link wp-element-button\" href=\"https:\/\/www.termaheat.pl\/radiators\">Zobacz stron\u0119 producenta<\/a><\/div>\n<\/div>\n\n\n\n<figure class=\"wp-block-gallery has-nested-images columns-default is-cropped wp-block-gallery-1 is-layout-flex wp-block-gallery-is-layout-flex\">\n<figure class=\"wp-block-image size-large\"><a href=\"https:\/\/klienci.scepter.agency\/greston\/wp-content\/uploads\/2024\/10\/m7a6755.jpg\"><img loading=\"lazy\" decoding=\"async\" width=\"690\" height=\"460\" data-id=\"1486\" src=\"https:\/\/klienci.scepter.agency\/greston\/wp-content\/uploads\/2024\/10\/m7a6755.jpg\" alt=\"\" class=\"wp-image-1486\" srcset=\"https:\/\/klienci.scepter.agency\/greston\/wp-content\/uploads\/2024\/10\/m7a6755.jpg 690w, https:\/\/klienci.scepter.agency\/greston\/wp-content\/uploads\/2024\/10\/m7a6755-300x200.jpg 300w, https:\/\/klienci.scepter.agency\/greston\/wp-content\/uploads\/2024\/10\/m7a6755-600x400.jpg 600w\" sizes=\"auto, (max-width: 690px) 100vw, 690px\" \/><\/a><\/figure>\n\n\n\n<figure class=\"wp-block-image size-large\"><a href=\"https:\/\/klienci.scepter.agency\/greston\/wp-content\/uploads\/2024\/10\/wyrozniajace.jpeg\"><img loading=\"lazy\" decoding=\"async\" width=\"325\" height=\"460\" data-id=\"1485\" src=\"https:\/\/klienci.scepter.agency\/greston\/wp-content\/uploads\/2024\/10\/wyrozniajace.jpeg\" alt=\"\" class=\"wp-image-1485\" srcset=\"https:\/\/klienci.scepter.agency\/greston\/wp-content\/uploads\/2024\/10\/wyrozniajace.jpeg 325w, https:\/\/klienci.scepter.agency\/greston\/wp-content\/uploads\/2024\/10\/wyrozniajace-212x300.jpeg 212w\" sizes=\"auto, (max-width: 325px) 100vw, 325px\" \/><\/a><\/figure>\n\n\n\n<figure class=\"wp-block-image size-large\"><a href=\"https:\/\/klienci.scepter.agency\/greston\/wp-content\/uploads\/2024\/10\/terma_0018_diamond_e_1120x600_storm_sky_moa_silver_front.jpg\"><img loading=\"lazy\" decoding=\"async\" width=\"460\" height=\"460\" data-id=\"1484\" src=\"https:\/\/klienci.scepter.agency\/greston\/wp-content\/uploads\/2024\/10\/terma_0018_diamond_e_1120x600_storm_sky_moa_silver_front.jpg\" alt=\"\" class=\"wp-image-1484\" srcset=\"https:\/\/klienci.scepter.agency\/greston\/wp-content\/uploads\/2024\/10\/terma_0018_diamond_e_1120x600_storm_sky_moa_silver_front.jpg 460w, https:\/\/klienci.scepter.agency\/greston\/wp-content\/uploads\/2024\/10\/terma_0018_diamond_e_1120x600_storm_sky_moa_silver_front-300x300.jpg 300w, https:\/\/klienci.scepter.agency\/greston\/wp-content\/uploads\/2024\/10\/terma_0018_diamond_e_1120x600_storm_sky_moa_silver_front-150x150.jpg 150w, https:\/\/klienci.scepter.agency\/greston\/wp-content\/uploads\/2024\/10\/terma_0018_diamond_e_1120x600_storm_sky_moa_silver_front-100x100.jpg 100w\" sizes=\"auto, (max-width: 460px) 100vw, 460px\" \/><\/a><\/figure>\n\n\n\n<figure class=\"wp-block-image size-large\"><a href=\"https:\/\/klienci.scepter.agency\/greston\/wp-content\/uploads\/2024\/10\/ptr_zdjecie_frontowe_0.jpg\"><img loading=\"lazy\" decoding=\"async\" width=\"508\" height=\"460\" data-id=\"1483\" src=\"https:\/\/klienci.scepter.agency\/greston\/wp-content\/uploads\/2024\/10\/ptr_zdjecie_frontowe_0.jpg\" alt=\"\" class=\"wp-image-1483\" srcset=\"https:\/\/klienci.scepter.agency\/greston\/wp-content\/uploads\/2024\/10\/ptr_zdjecie_frontowe_0.jpg 508w, https:\/\/klienci.scepter.agency\/greston\/wp-content\/uploads\/2024\/10\/ptr_zdjecie_frontowe_0-300x272.jpg 300w\" sizes=\"auto, (max-width: 508px) 100vw, 508px\" \/><\/a><\/figure>\n\n\n\n<figure class=\"wp-block-image size-large\"><a href=\"https:\/\/klienci.scepter.agency\/greston\/wp-content\/uploads\/2024\/10\/pajak_06_1.jpg\"><img loading=\"lazy\" decoding=\"async\" width=\"345\" height=\"460\" data-id=\"1482\" src=\"https:\/\/klienci.scepter.agency\/greston\/wp-content\/uploads\/2024\/10\/pajak_06_1.jpg\" alt=\"\" class=\"wp-image-1482\" srcset=\"https:\/\/klienci.scepter.agency\/greston\/wp-content\/uploads\/2024\/10\/pajak_06_1.jpg 345w, https:\/\/klienci.scepter.agency\/greston\/wp-content\/uploads\/2024\/10\/pajak_06_1-225x300.jpg 225w\" sizes=\"auto, (max-width: 345px) 100vw, 345px\" \/><\/a><\/figure>\n\n\n\n<figure class=\"wp-block-image size-large\"><a href=\"https:\/\/klienci.scepter.agency\/greston\/wp-content\/uploads\/2024\/10\/pajak_03b.jpg\"><img loading=\"lazy\" decoding=\"async\" width=\"325\" height=\"460\" data-id=\"1481\" src=\"https:\/\/klienci.scepter.agency\/greston\/wp-content\/uploads\/2024\/10\/pajak_03b.jpg\" alt=\"\" class=\"wp-image-1481\" srcset=\"https:\/\/klienci.scepter.agency\/greston\/wp-content\/uploads\/2024\/10\/pajak_03b.jpg 325w, https:\/\/klienci.scepter.agency\/greston\/wp-content\/uploads\/2024\/10\/pajak_03b-212x300.jpg 212w\" sizes=\"auto, (max-width: 325px) 100vw, 325px\" \/><\/a><\/figure>\n\n\n\n<figure class=\"wp-block-image size-large\"><a href=\"https:\/\/klienci.scepter.agency\/greston\/wp-content\/uploads\/2024\/10\/forte_v10_1800_366_ral_9016_front01.jpg\"><img loading=\"lazy\" decoding=\"async\" width=\"689\" height=\"460\" data-id=\"1480\" src=\"https:\/\/klienci.scepter.agency\/greston\/wp-content\/uploads\/2024\/10\/forte_v10_1800_366_ral_9016_front01.jpg\" alt=\"\" class=\"wp-image-1480\" srcset=\"https:\/\/klienci.scepter.agency\/greston\/wp-content\/uploads\/2024\/10\/forte_v10_1800_366_ral_9016_front01.jpg 689w, https:\/\/klienci.scepter.agency\/greston\/wp-content\/uploads\/2024\/10\/forte_v10_1800_366_ral_9016_front01-300x200.jpg 300w, https:\/\/klienci.scepter.agency\/greston\/wp-content\/uploads\/2024\/10\/forte_v10_1800_366_ral_9016_front01-600x401.jpg 600w\" sizes=\"auto, (max-width: 689px) 100vw, 689px\" \/><\/a><\/figure>\n\n\n\n<figure class=\"wp-block-image size-large\"><a href=\"https:\/\/klienci.scepter.agency\/greston\/wp-content\/uploads\/2024\/10\/delfin_540_1020_anodic_malachite_moa_blue_interior_detail01.jpeg\"><img loading=\"lazy\" decoding=\"async\" width=\"325\" height=\"460\" data-id=\"1478\" src=\"https:\/\/klienci.scepter.agency\/greston\/wp-content\/uploads\/2024\/10\/delfin_540_1020_anodic_malachite_moa_blue_interior_detail01.jpeg\" alt=\"\" class=\"wp-image-1478\" srcset=\"https:\/\/klienci.scepter.agency\/greston\/wp-content\/uploads\/2024\/10\/delfin_540_1020_anodic_malachite_moa_blue_interior_detail01.jpeg 325w, https:\/\/klienci.scepter.agency\/greston\/wp-content\/uploads\/2024\/10\/delfin_540_1020_anodic_malachite_moa_blue_interior_detail01-212x300.jpeg 212w\" sizes=\"auto, (max-width: 325px) 100vw, 325px\" \/><\/a><\/figure>\n\n\n\n<figure class=\"wp-block-image size-large\"><a href=\"https:\/\/klienci.scepter.agency\/greston\/wp-content\/uploads\/2024\/10\/city_e_1590_600_ral_5024.jpg\"><img loading=\"lazy\" decoding=\"async\" width=\"460\" height=\"460\" data-id=\"1477\" src=\"https:\/\/klienci.scepter.agency\/greston\/wp-content\/uploads\/2024\/10\/city_e_1590_600_ral_5024.jpg\" alt=\"\" class=\"wp-image-1477\" srcset=\"https:\/\/klienci.scepter.agency\/greston\/wp-content\/uploads\/2024\/10\/city_e_1590_600_ral_5024.jpg 460w, https:\/\/klienci.scepter.agency\/greston\/wp-content\/uploads\/2024\/10\/city_e_1590_600_ral_5024-300x300.jpg 300w, https:\/\/klienci.scepter.agency\/greston\/wp-content\/uploads\/2024\/10\/city_e_1590_600_ral_5024-150x150.jpg 150w, https:\/\/klienci.scepter.agency\/greston\/wp-content\/uploads\/2024\/10\/city_e_1590_600_ral_5024-100x100.jpg 100w\" sizes=\"auto, (max-width: 460px) 100vw, 460px\" \/><\/a><\/figure>\n\n\n\n<figure class=\"wp-block-image size-large\"><a href=\"https:\/\/klienci.scepter.agency\/greston\/wp-content\/uploads\/2024\/10\/cane_e_pers.jpg\"><img loading=\"lazy\" decoding=\"async\" width=\"460\" height=\"460\" data-id=\"1476\" src=\"https:\/\/klienci.scepter.agency\/greston\/wp-content\/uploads\/2024\/10\/cane_e_pers.jpg\" alt=\"\" class=\"wp-image-1476\" srcset=\"https:\/\/klienci.scepter.agency\/greston\/wp-content\/uploads\/2024\/10\/cane_e_pers.jpg 460w, https:\/\/klienci.scepter.agency\/greston\/wp-content\/uploads\/2024\/10\/cane_e_pers-300x300.jpg 300w, https:\/\/klienci.scepter.agency\/greston\/wp-content\/uploads\/2024\/10\/cane_e_pers-150x150.jpg 150w, https:\/\/klienci.scepter.agency\/greston\/wp-content\/uploads\/2024\/10\/cane_e_pers-100x100.jpg 100w\" sizes=\"auto, (max-width: 460px) 100vw, 460px\" \/><\/a><\/figure>\n<\/figure>\n","protected":false},"excerpt":{"rendered":"<p>Terma to polski producent grzejnik\u00f3w, system\u00f3w ogrzewania oraz urz\u0105dze\u0144 wspieraj\u0105cych rehabilitacj\u0119, kt\u00f3ry od lat zdobywa uznanie na rynku mi\u0119dzynarodowym dzi\u0119ki innowacyjnym rozwi\u0105zaniom i oryginalnemu designowi. Firma wyr\u00f3\u017cnia si\u0119 wysok\u0105 jako\u015bci\u0105 wykonania swoich produkt\u00f3w oraz wszechstronnym podej\u015bciem do projektowania, dzi\u0119ki czemu ich grzejniki staj\u0105 si\u0119 nie tylko \u017ar\u00f3d\u0142em ciep\u0142a, ale tak\u017ce istotnym elementem dekoracyjnym wn\u0119trza. W [&hellip;]<\/p>\n","protected":false},"author":1,"featured_media":1485,"parent":18,"menu_order":0,"comment_status":"closed","ping_status":"closed","template":"pages\/marka.php","meta":{"footnotes":""},"class_list":["post-355","page","type-page","status-publish","has-post-thumbnail","hentry"],"acf":[],"yoast_head":"<!-- This site is optimized with the Yoast SEO plugin v23.2 - https:\/\/yoast.com\/wordpress\/plugins\/seo\/ -->\n<title>Terma - Salon \u0142azienek Warszawa, armatura, gresy i akcesoria - Greston<\/title>\n<meta name=\"robots\" content=\"noindex, follow, max-snippet:-1, max-image-preview:large, max-video-preview:-1\" \/>\n<meta property=\"og:locale\" content=\"pl_PL\" \/>\n<meta property=\"og:type\" content=\"article\" \/>\n<meta property=\"og:title\" content=\"Terma - Salon \u0142azienek Warszawa, armatura, gresy i akcesoria - Greston\" \/>\n<meta property=\"og:description\" content=\"Terma to polski producent grzejnik\u00f3w, system\u00f3w ogrzewania oraz urz\u0105dze\u0144 wspieraj\u0105cych rehabilitacj\u0119, kt\u00f3ry od lat zdobywa uznanie na rynku mi\u0119dzynarodowym dzi\u0119ki innowacyjnym rozwi\u0105zaniom i oryginalnemu designowi. Firma wyr\u00f3\u017cnia si\u0119 wysok\u0105 jako\u015bci\u0105 wykonania swoich produkt\u00f3w oraz wszechstronnym podej\u015bciem do projektowania, dzi\u0119ki czemu ich grzejniki staj\u0105 si\u0119 nie tylko \u017ar\u00f3d\u0142em ciep\u0142a, ale tak\u017ce istotnym elementem dekoracyjnym wn\u0119trza. W [&hellip;]\" \/>\n<meta property=\"og:url\" content=\"https:\/\/klienci.scepter.agency\/greston\/marki\/terma\/\" \/>\n<meta property=\"og:site_name\" content=\"Salon \u0142azienek Warszawa, armatura, gresy i akcesoria - Greston\" \/>\n<meta property=\"article:modified_time\" content=\"2024-10-11T12:38:05+00:00\" \/>\n<meta property=\"og:image\" content=\"https:\/\/klienci.scepter.agency\/greston\/wp-content\/uploads\/2024\/10\/wyrozniajace.jpeg\" \/>\n\t<meta property=\"og:image:width\" content=\"325\" \/>\n\t<meta property=\"og:image:height\" content=\"460\" \/>\n\t<meta property=\"og:image:type\" content=\"image\/jpeg\" \/>\n<meta name=\"twitter:card\" content=\"summary_large_image\" \/>\n<meta name=\"twitter:label1\" content=\"Szacowany czas czytania\" \/>\n\t<meta name=\"twitter:data1\" content=\"4 minuty\" \/>\n<script type=\"application\/ld+json\" class=\"yoast-schema-graph\">{\"@context\":\"https:\/\/schema.org\",\"@graph\":[{\"@type\":\"WebPage\",\"@id\":\"https:\/\/klienci.scepter.agency\/greston\/marki\/terma\/\",\"url\":\"https:\/\/klienci.scepter.agency\/greston\/marki\/terma\/\",\"name\":\"Terma - Salon \u0142azienek Warszawa, armatura, gresy i akcesoria - Greston\",\"isPartOf\":{\"@id\":\"https:\/\/klienci.scepter.agency\/greston\/#website\"},\"primaryImageOfPage\":{\"@id\":\"https:\/\/klienci.scepter.agency\/greston\/marki\/terma\/#primaryimage\"},\"image\":{\"@id\":\"https:\/\/klienci.scepter.agency\/greston\/marki\/terma\/#primaryimage\"},\"thumbnailUrl\":\"https:\/\/klienci.scepter.agency\/greston\/wp-content\/uploads\/2024\/10\/wyrozniajace.jpeg\",\"datePublished\":\"2024-08-13T19:42:22+00:00\",\"dateModified\":\"2024-10-11T12:38:05+00:00\",\"breadcrumb\":{\"@id\":\"https:\/\/klienci.scepter.agency\/greston\/marki\/terma\/#breadcrumb\"},\"inLanguage\":\"pl-PL\",\"potentialAction\":[{\"@type\":\"ReadAction\",\"target\":[\"https:\/\/klienci.scepter.agency\/greston\/marki\/terma\/\"]}]},{\"@type\":\"ImageObject\",\"inLanguage\":\"pl-PL\",\"@id\":\"https:\/\/klienci.scepter.agency\/greston\/marki\/terma\/#primaryimage\",\"url\":\"https:\/\/klienci.scepter.agency\/greston\/wp-content\/uploads\/2024\/10\/wyrozniajace.jpeg\",\"contentUrl\":\"https:\/\/klienci.scepter.agency\/greston\/wp-content\/uploads\/2024\/10\/wyrozniajace.jpeg\",\"width\":325,\"height\":460},{\"@type\":\"BreadcrumbList\",\"@id\":\"https:\/\/klienci.scepter.agency\/greston\/marki\/terma\/#breadcrumb\",\"itemListElement\":[{\"@type\":\"ListItem\",\"position\":1,\"name\":\"Strona g\u0142\u00f3wna\",\"item\":\"https:\/\/klienci.scepter.agency\/greston\/\"},{\"@type\":\"ListItem\",\"position\":2,\"name\":\"Marki\",\"item\":\"https:\/\/klienci.scepter.agency\/greston\/marki\/\"},{\"@type\":\"ListItem\",\"position\":3,\"name\":\"Terma\"}]},{\"@type\":\"WebSite\",\"@id\":\"https:\/\/klienci.scepter.agency\/greston\/#website\",\"url\":\"https:\/\/klienci.scepter.agency\/greston\/\",\"name\":\"Salon \u0142azienek Warszawa, armatura, gresy i akcesoria - Greston\",\"description\":\"\",\"potentialAction\":[{\"@type\":\"SearchAction\",\"target\":{\"@type\":\"EntryPoint\",\"urlTemplate\":\"https:\/\/klienci.scepter.agency\/greston\/?s={search_term_string}\"},\"query-input\":\"required name=search_term_string\"}],\"inLanguage\":\"pl-PL\"}]}<\/script>\n<!-- \/ Yoast SEO plugin. -->","yoast_head_json":{"title":"Terma - Salon \u0142azienek Warszawa, armatura, gresy i akcesoria - Greston","robots":{"index":"noindex","follow":"follow","max-snippet":"max-snippet:-1","max-image-preview":"max-image-preview:large","max-video-preview":"max-video-preview:-1"},"og_locale":"pl_PL","og_type":"article","og_title":"Terma - Salon \u0142azienek Warszawa, armatura, gresy i akcesoria - Greston","og_description":"Terma to polski producent grzejnik\u00f3w, system\u00f3w ogrzewania oraz urz\u0105dze\u0144 wspieraj\u0105cych rehabilitacj\u0119, kt\u00f3ry od lat zdobywa uznanie na rynku mi\u0119dzynarodowym dzi\u0119ki innowacyjnym rozwi\u0105zaniom i oryginalnemu designowi. Firma wyr\u00f3\u017cnia si\u0119 wysok\u0105 jako\u015bci\u0105 wykonania swoich produkt\u00f3w oraz wszechstronnym podej\u015bciem do projektowania, dzi\u0119ki czemu ich grzejniki staj\u0105 si\u0119 nie tylko \u017ar\u00f3d\u0142em ciep\u0142a, ale tak\u017ce istotnym elementem dekoracyjnym wn\u0119trza. W [&hellip;]","og_url":"https:\/\/klienci.scepter.agency\/greston\/marki\/terma\/","og_site_name":"Salon \u0142azienek Warszawa, armatura, gresy i akcesoria - Greston","article_modified_time":"2024-10-11T12:38:05+00:00","og_image":[{"width":325,"height":460,"url":"https:\/\/klienci.scepter.agency\/greston\/wp-content\/uploads\/2024\/10\/wyrozniajace.jpeg","type":"image\/jpeg"}],"twitter_card":"summary_large_image","twitter_misc":{"Szacowany czas czytania":"4 minuty"},"schema":{"@context":"https:\/\/schema.org","@graph":[{"@type":"WebPage","@id":"https:\/\/klienci.scepter.agency\/greston\/marki\/terma\/","url":"https:\/\/klienci.scepter.agency\/greston\/marki\/terma\/","name":"Terma - Salon \u0142azienek Warszawa, armatura, gresy i akcesoria - Greston","isPartOf":{"@id":"https:\/\/klienci.scepter.agency\/greston\/#website"},"primaryImageOfPage":{"@id":"https:\/\/klienci.scepter.agency\/greston\/marki\/terma\/#primaryimage"},"image":{"@id":"https:\/\/klienci.scepter.agency\/greston\/marki\/terma\/#primaryimage"},"thumbnailUrl":"https:\/\/klienci.scepter.agency\/greston\/wp-content\/uploads\/2024\/10\/wyrozniajace.jpeg","datePublished":"2024-08-13T19:42:22+00:00","dateModified":"2024-10-11T12:38:05+00:00","breadcrumb":{"@id":"https:\/\/klienci.scepter.agency\/greston\/marki\/terma\/#breadcrumb"},"inLanguage":"pl-PL","potentialAction":[{"@type":"ReadAction","target":["https:\/\/klienci.scepter.agency\/greston\/marki\/terma\/"]}]},{"@type":"ImageObject","inLanguage":"pl-PL","@id":"https:\/\/klienci.scepter.agency\/greston\/marki\/terma\/#primaryimage","url":"https:\/\/klienci.scepter.agency\/greston\/wp-content\/uploads\/2024\/10\/wyrozniajace.jpeg","contentUrl":"https:\/\/klienci.scepter.agency\/greston\/wp-content\/uploads\/2024\/10\/wyrozniajace.jpeg","width":325,"height":460},{"@type":"BreadcrumbList","@id":"https:\/\/klienci.scepter.agency\/greston\/marki\/terma\/#breadcrumb","itemListElement":[{"@type":"ListItem","position":1,"name":"Strona g\u0142\u00f3wna","item":"https:\/\/klienci.scepter.agency\/greston\/"},{"@type":"ListItem","position":2,"name":"Marki","item":"https:\/\/klienci.scepter.agency\/greston\/marki\/"},{"@type":"ListItem","position":3,"name":"Terma"}]},{"@type":"WebSite","@id":"https:\/\/klienci.scepter.agency\/greston\/#website","url":"https:\/\/klienci.scepter.agency\/greston\/","name":"Salon \u0142azienek Warszawa, armatura, gresy i akcesoria - Greston","description":"","potentialAction":[{"@type":"SearchAction","target":{"@type":"EntryPoint","urlTemplate":"https:\/\/klienci.scepter.agency\/greston\/?s={search_term_string}"},"query-input":"required name=search_term_string"}],"inLanguage":"pl-PL"}]}},"_links":{"self":[{"href":"https:\/\/klienci.scepter.agency\/greston\/wp-json\/wp\/v2\/pages\/355","targetHints":{"allow":["GET"]}}],"collection":[{"href":"https:\/\/klienci.scepter.agency\/greston\/wp-json\/wp\/v2\/pages"}],"about":[{"href":"https:\/\/klienci.scepter.agency\/greston\/wp-json\/wp\/v2\/types\/page"}],"author":[{"embeddable":true,"href":"https:\/\/klienci.scepter.agency\/greston\/wp-json\/wp\/v2\/users\/1"}],"replies":[{"embeddable":true,"href":"https:\/\/klienci.scepter.agency\/greston\/wp-json\/wp\/v2\/comments?post=355"}],"version-history":[{"count":6,"href":"https:\/\/klienci.scepter.agency\/greston\/wp-json\/wp\/v2\/pages\/355\/revisions"}],"predecessor-version":[{"id":2588,"href":"https:\/\/klienci.scepter.agency\/greston\/wp-json\/wp\/v2\/pages\/355\/revisions\/2588"}],"up":[{"embeddable":true,"href":"https:\/\/klienci.scepter.agency\/greston\/wp-json\/wp\/v2\/pages\/18"}],"wp:featuredmedia":[{"embeddable":true,"href":"https:\/\/klienci.scepter.agency\/greston\/wp-json\/wp\/v2\/media\/1485"}],"wp:attachment":[{"href":"https:\/\/klienci.scepter.agency\/greston\/wp-json\/wp\/v2\/media?parent=355"}],"curies":[{"name":"wp","href":"https:\/\/api.w.org\/{rel}","templated":true}]}}