{"id":357,"date":"2024-08-13T21:42:44","date_gmt":"2024-08-13T19:42:44","guid":{"rendered":"https:\/\/klienci.scepter.agency\/greston\/?page_id=357"},"modified":"2024-10-11T14:55:15","modified_gmt":"2024-10-11T12:55:15","slug":"mutina","status":"publish","type":"page","link":"https:\/\/klienci.scepter.agency\/greston\/marki\/mutina\/","title":{"rendered":"Mutina"},"content":{"rendered":"\n<p><strong>Mutina<\/strong> to renomowana w\u0142oska marka, kt\u00f3ra wyr\u00f3\u017cnia si\u0119 na rynku p\u0142ytek ceramicznych dzi\u0119ki swojemu innowacyjnemu podej\u015bciu do designu, \u0142\u0105cz\u0105c sztuk\u0119 z architektur\u0105. Za\u0142o\u017cona w 2005 roku, <strong>Mutina<\/strong> zyska\u0142a reputacj\u0119 jednego z najwa\u017cniejszych producent\u00f3w ekskluzywnych p\u0142ytek ceramicznych, kt\u00f3re przekraczaj\u0105 granice tradycyjnego wzornictwa. Marka s\u0142ynie z kreatywnych, eksperymentalnych kolekcji, tworzonych we wsp\u00f3\u0142pracy z czo\u0142owymi projektantami i artystami, kt\u00f3rzy wsp\u00f3lnie z zespo\u0142em <strong>Mutina<\/strong> d\u0105\u017c\u0105 do odkrywania nowych mo\u017cliwo\u015bci estetycznych i technologicznych w ceramice.<\/p>\n\n\n\n<p>W centrum filozofii <strong>Mutina<\/strong> jest podej\u015bcie do p\u0142ytek jako do element\u00f3w artystycznych, kt\u00f3re nadaj\u0105 przestrzeniom unikalny charakter i g\u0142\u0119bi\u0119. Marka stawia na odwa\u017cne wzory, faktury oraz u\u017cycie zr\u00f3\u017cnicowanych materia\u0142\u00f3w, kt\u00f3re inspiruj\u0105 architekt\u00f3w i projektant\u00f3w na ca\u0142ym \u015bwiecie. <strong>Mutina<\/strong> podejmuje wsp\u00f3\u0142prac\u0119 z takimi ikonami designu jak <strong>Patricia Urquiola<\/strong>, <strong>Edward Barber &amp; Jay Osgerby<\/strong>, czy <strong>Ronan &amp; Erwan Bouroullec<\/strong>, co sprawia, \u017ce ich kolekcje cechuj\u0105 si\u0119 wyj\u0105tkow\u0105 r\u00f3\u017cnorodno\u015bci\u0105 i nowoczesno\u015bci\u0105.<\/p>\n\n\n\n<p>Najwa\u017cniejsze kolekcje <strong>Mutina<\/strong> to:<\/p>\n\n\n\n<ul class=\"wp-block-list\">\n<li><strong>D\u00e9chirer<\/strong> (projekt: Patricia Urquiola) \u2013 jedna z najbardziej ikonicznych kolekcji marki, kt\u00f3ra \u0142\u0105czy struktur\u0119 i wz\u00f3r z subtelnymi reliefami. <strong>D\u00e9chirer<\/strong> odznacza si\u0119 eleganck\u0105, matow\u0105 powierzchni\u0105, na kt\u00f3rej widoczne s\u0105 delikatne, niejednorodne wzory, przywodz\u0105ce na my\u015bl naturalne p\u0119kni\u0119cia i \u015blady, co nadaje ka\u017cdej przestrzeni artystycznego wyrazu.<\/li>\n\n\n\n<li><strong>Puzzle<\/strong> (projekt: Edward Barber &amp; Jay Osgerby) \u2013 kolekcja inspirowana klasycznymi geometrycznymi wzorami, oferuj\u0105ca r\u00f3\u017cnorodne kolory i kszta\u0142ty, kt\u00f3re mo\u017cna dowolnie \u0142\u0105czy\u0107, tworz\u0105c unikalne kompozycje. <strong>Puzzle<\/strong> jest doskona\u0142ym wyborem dla tych, kt\u00f3rzy chc\u0105 doda\u0107 wn\u0119trzom kreatywnego, pe\u0142nego energii charakteru.<\/li>\n\n\n\n<li><strong>Rombini<\/strong> (projekt: Ronan &amp; Erwan Bouroullec) \u2013 kolekcja, kt\u00f3ra wyr\u00f3\u017cnia si\u0119 bogactwem strukturalnych wzor\u00f3w oraz mo\u017cliwo\u015bciami aran\u017cacyjnymi. <strong>Rombini<\/strong> to p\u0142ytki w formie tr\u00f3jwymiarowych romb\u00f3w, kt\u00f3re mog\u0105 by\u0107 u\u017cywane do tworzenia dynamicznych, przestrzennych instalacji. Ta linia podkre\u015bla zaanga\u017cowanie marki w eksperymentowanie z form\u0105 i przestrzeni\u0105.<\/li>\n\n\n\n<li><strong>Numi<\/strong> (projekt: Konstantin Grcic) \u2013 minimalistyczna kolekcja p\u0142ytek, kt\u00f3ra stawia na proste, wyraziste kszta\u0142ty. <strong>Numi<\/strong> to idealne rozwi\u0105zanie dla wn\u0119trz, kt\u00f3re wymagaj\u0105 subtelnej elegancji i ponadczasowego charakteru, jednocze\u015bnie wprowadzaj\u0105c odrobin\u0119 modernistycznej estetyki.<\/li>\n\n\n\n<li><strong>Tierras<\/strong> (projekt: Patricia Urquiola) \u2013 kolekcja, kt\u00f3ra \u0142\u0105czy wsp\u00f3\u0142czesne podej\u015bcie do wzornictwa z tradycyjnymi technikami ceramiki. <strong>Tierras<\/strong> to linia inspirowana naturalnymi pigmentami ziemi, oferuj\u0105ca ciep\u0142e kolory i nietypowe tekstury, kt\u00f3re doskonale sprawdzaj\u0105 si\u0119 zar\u00f3wno w nowoczesnych, jak i klasycznych wn\u0119trzach.<\/li>\n<\/ul>\n\n\n\n<p>Dzi\u0119ki swojej oryginalno\u015bci i zaawansowanej estetyce, <strong>Mutina<\/strong> sta\u0142a si\u0119 synonimem nowoczesnych, designerskich p\u0142ytek ceramicznych, kt\u00f3re wykraczaj\u0105 poza typowe wyko\u0144czenia wn\u0119trz i staj\u0105 si\u0119 prawdziwymi dzie\u0142ami sztuki. Marka ta jest idealnym wyborem dla os\u00f3b poszukuj\u0105cych rozwi\u0105za\u0144, kt\u00f3re wprowadzaj\u0105 do wn\u0119trza elegancj\u0119, artyzm oraz innowacyjne podej\u015bcie do ceramiki, tworz\u0105c przestrzenie o niepowtarzalnym charakterze.<\/p>\n\n\n\n<p><\/p>\n\n\n\n<div class=\"wp-block-buttons is-layout-flex wp-block-buttons-is-layout-flex\">\n<div class=\"wp-block-button\"><a class=\"wp-block-button__link wp-element-button\" href=\"https:\/\/www.mutina.it\/en\/\" target=\"_blank\" rel=\"noreferrer noopener\">Zobacz stron\u0119 producenta<\/a><\/div>\n<\/div>\n","protected":false},"excerpt":{"rendered":"<p>Mutina to renomowana w\u0142oska marka, kt\u00f3ra wyr\u00f3\u017cnia si\u0119 na rynku p\u0142ytek ceramicznych dzi\u0119ki swojemu innowacyjnemu podej\u015bciu do designu, \u0142\u0105cz\u0105c sztuk\u0119 z architektur\u0105. Za\u0142o\u017cona w 2005 roku, Mutina zyska\u0142a reputacj\u0119 jednego z najwa\u017cniejszych producent\u00f3w ekskluzywnych p\u0142ytek ceramicznych, kt\u00f3re przekraczaj\u0105 granice tradycyjnego wzornictwa. Marka s\u0142ynie z kreatywnych, eksperymentalnych kolekcji, tworzonych we wsp\u00f3\u0142pracy z czo\u0142owymi projektantami i artystami, [&hellip;]<\/p>\n","protected":false},"author":1,"featured_media":1706,"parent":18,"menu_order":0,"comment_status":"closed","ping_status":"closed","template":"pages\/marka.php","meta":{"footnotes":""},"class_list":["post-357","page","type-page","status-publish","has-post-thumbnail","hentry"],"acf":[],"yoast_head":"<!-- This site is optimized with the Yoast SEO plugin v23.2 - https:\/\/yoast.com\/wordpress\/plugins\/seo\/ -->\n<title>Mutina - Salon \u0142azienek Warszawa, armatura, gresy i akcesoria - Greston<\/title>\n<meta name=\"robots\" content=\"noindex, follow, max-snippet:-1, max-image-preview:large, max-video-preview:-1\" \/>\n<meta property=\"og:locale\" content=\"pl_PL\" \/>\n<meta property=\"og:type\" content=\"article\" \/>\n<meta property=\"og:title\" content=\"Mutina - Salon \u0142azienek Warszawa, armatura, gresy i akcesoria - Greston\" \/>\n<meta property=\"og:description\" content=\"Mutina to renomowana w\u0142oska marka, kt\u00f3ra wyr\u00f3\u017cnia si\u0119 na rynku p\u0142ytek ceramicznych dzi\u0119ki swojemu innowacyjnemu podej\u015bciu do designu, \u0142\u0105cz\u0105c sztuk\u0119 z architektur\u0105. Za\u0142o\u017cona w 2005 roku, Mutina zyska\u0142a reputacj\u0119 jednego z najwa\u017cniejszych producent\u00f3w ekskluzywnych p\u0142ytek ceramicznych, kt\u00f3re przekraczaj\u0105 granice tradycyjnego wzornictwa. Marka s\u0142ynie z kreatywnych, eksperymentalnych kolekcji, tworzonych we wsp\u00f3\u0142pracy z czo\u0142owymi projektantami i artystami, [&hellip;]\" \/>\n<meta property=\"og:url\" content=\"https:\/\/klienci.scepter.agency\/greston\/marki\/mutina\/\" \/>\n<meta property=\"og:site_name\" content=\"Salon \u0142azienek Warszawa, armatura, gresy i akcesoria - Greston\" \/>\n<meta property=\"article:modified_time\" content=\"2024-10-11T12:55:15+00:00\" \/>\n<meta property=\"og:image\" content=\"https:\/\/klienci.scepter.agency\/greston\/wp-content\/uploads\/2024\/10\/wyrozniajace-12.jpg\" \/>\n\t<meta property=\"og:image:width\" content=\"1920\" \/>\n\t<meta property=\"og:image:height\" content=\"1200\" \/>\n\t<meta property=\"og:image:type\" content=\"image\/jpeg\" \/>\n<meta name=\"twitter:card\" content=\"summary_large_image\" \/>\n<meta name=\"twitter:label1\" content=\"Szacowany czas czytania\" \/>\n\t<meta name=\"twitter:data1\" content=\"3 minuty\" \/>\n<script type=\"application\/ld+json\" class=\"yoast-schema-graph\">{\"@context\":\"https:\/\/schema.org\",\"@graph\":[{\"@type\":\"WebPage\",\"@id\":\"https:\/\/klienci.scepter.agency\/greston\/marki\/mutina\/\",\"url\":\"https:\/\/klienci.scepter.agency\/greston\/marki\/mutina\/\",\"name\":\"Mutina - Salon \u0142azienek Warszawa, armatura, gresy i akcesoria - Greston\",\"isPartOf\":{\"@id\":\"https:\/\/klienci.scepter.agency\/greston\/#website\"},\"primaryImageOfPage\":{\"@id\":\"https:\/\/klienci.scepter.agency\/greston\/marki\/mutina\/#primaryimage\"},\"image\":{\"@id\":\"https:\/\/klienci.scepter.agency\/greston\/marki\/mutina\/#primaryimage\"},\"thumbnailUrl\":\"https:\/\/klienci.scepter.agency\/greston\/wp-content\/uploads\/2024\/10\/wyrozniajace-12.jpg\",\"datePublished\":\"2024-08-13T19:42:44+00:00\",\"dateModified\":\"2024-10-11T12:55:15+00:00\",\"breadcrumb\":{\"@id\":\"https:\/\/klienci.scepter.agency\/greston\/marki\/mutina\/#breadcrumb\"},\"inLanguage\":\"pl-PL\",\"potentialAction\":[{\"@type\":\"ReadAction\",\"target\":[\"https:\/\/klienci.scepter.agency\/greston\/marki\/mutina\/\"]}]},{\"@type\":\"ImageObject\",\"inLanguage\":\"pl-PL\",\"@id\":\"https:\/\/klienci.scepter.agency\/greston\/marki\/mutina\/#primaryimage\",\"url\":\"https:\/\/klienci.scepter.agency\/greston\/wp-content\/uploads\/2024\/10\/wyrozniajace-12.jpg\",\"contentUrl\":\"https:\/\/klienci.scepter.agency\/greston\/wp-content\/uploads\/2024\/10\/wyrozniajace-12.jpg\",\"width\":1920,\"height\":1200},{\"@type\":\"BreadcrumbList\",\"@id\":\"https:\/\/klienci.scepter.agency\/greston\/marki\/mutina\/#breadcrumb\",\"itemListElement\":[{\"@type\":\"ListItem\",\"position\":1,\"name\":\"Strona g\u0142\u00f3wna\",\"item\":\"https:\/\/klienci.scepter.agency\/greston\/\"},{\"@type\":\"ListItem\",\"position\":2,\"name\":\"Marki\",\"item\":\"https:\/\/klienci.scepter.agency\/greston\/marki\/\"},{\"@type\":\"ListItem\",\"position\":3,\"name\":\"Mutina\"}]},{\"@type\":\"WebSite\",\"@id\":\"https:\/\/klienci.scepter.agency\/greston\/#website\",\"url\":\"https:\/\/klienci.scepter.agency\/greston\/\",\"name\":\"Salon \u0142azienek Warszawa, armatura, gresy i akcesoria - Greston\",\"description\":\"\",\"potentialAction\":[{\"@type\":\"SearchAction\",\"target\":{\"@type\":\"EntryPoint\",\"urlTemplate\":\"https:\/\/klienci.scepter.agency\/greston\/?s={search_term_string}\"},\"query-input\":\"required name=search_term_string\"}],\"inLanguage\":\"pl-PL\"}]}<\/script>\n<!-- \/ Yoast SEO plugin. -->","yoast_head_json":{"title":"Mutina - Salon \u0142azienek Warszawa, armatura, gresy i akcesoria - Greston","robots":{"index":"noindex","follow":"follow","max-snippet":"max-snippet:-1","max-image-preview":"max-image-preview:large","max-video-preview":"max-video-preview:-1"},"og_locale":"pl_PL","og_type":"article","og_title":"Mutina - Salon \u0142azienek Warszawa, armatura, gresy i akcesoria - Greston","og_description":"Mutina to renomowana w\u0142oska marka, kt\u00f3ra wyr\u00f3\u017cnia si\u0119 na rynku p\u0142ytek ceramicznych dzi\u0119ki swojemu innowacyjnemu podej\u015bciu do designu, \u0142\u0105cz\u0105c sztuk\u0119 z architektur\u0105. Za\u0142o\u017cona w 2005 roku, Mutina zyska\u0142a reputacj\u0119 jednego z najwa\u017cniejszych producent\u00f3w ekskluzywnych p\u0142ytek ceramicznych, kt\u00f3re przekraczaj\u0105 granice tradycyjnego wzornictwa. Marka s\u0142ynie z kreatywnych, eksperymentalnych kolekcji, tworzonych we wsp\u00f3\u0142pracy z czo\u0142owymi projektantami i artystami, [&hellip;]","og_url":"https:\/\/klienci.scepter.agency\/greston\/marki\/mutina\/","og_site_name":"Salon \u0142azienek Warszawa, armatura, gresy i akcesoria - Greston","article_modified_time":"2024-10-11T12:55:15+00:00","og_image":[{"width":1920,"height":1200,"url":"https:\/\/klienci.scepter.agency\/greston\/wp-content\/uploads\/2024\/10\/wyrozniajace-12.jpg","type":"image\/jpeg"}],"twitter_card":"summary_large_image","twitter_misc":{"Szacowany czas czytania":"3 minuty"},"schema":{"@context":"https:\/\/schema.org","@graph":[{"@type":"WebPage","@id":"https:\/\/klienci.scepter.agency\/greston\/marki\/mutina\/","url":"https:\/\/klienci.scepter.agency\/greston\/marki\/mutina\/","name":"Mutina - Salon \u0142azienek Warszawa, armatura, gresy i akcesoria - Greston","isPartOf":{"@id":"https:\/\/klienci.scepter.agency\/greston\/#website"},"primaryImageOfPage":{"@id":"https:\/\/klienci.scepter.agency\/greston\/marki\/mutina\/#primaryimage"},"image":{"@id":"https:\/\/klienci.scepter.agency\/greston\/marki\/mutina\/#primaryimage"},"thumbnailUrl":"https:\/\/klienci.scepter.agency\/greston\/wp-content\/uploads\/2024\/10\/wyrozniajace-12.jpg","datePublished":"2024-08-13T19:42:44+00:00","dateModified":"2024-10-11T12:55:15+00:00","breadcrumb":{"@id":"https:\/\/klienci.scepter.agency\/greston\/marki\/mutina\/#breadcrumb"},"inLanguage":"pl-PL","potentialAction":[{"@type":"ReadAction","target":["https:\/\/klienci.scepter.agency\/greston\/marki\/mutina\/"]}]},{"@type":"ImageObject","inLanguage":"pl-PL","@id":"https:\/\/klienci.scepter.agency\/greston\/marki\/mutina\/#primaryimage","url":"https:\/\/klienci.scepter.agency\/greston\/wp-content\/uploads\/2024\/10\/wyrozniajace-12.jpg","contentUrl":"https:\/\/klienci.scepter.agency\/greston\/wp-content\/uploads\/2024\/10\/wyrozniajace-12.jpg","width":1920,"height":1200},{"@type":"BreadcrumbList","@id":"https:\/\/klienci.scepter.agency\/greston\/marki\/mutina\/#breadcrumb","itemListElement":[{"@type":"ListItem","position":1,"name":"Strona g\u0142\u00f3wna","item":"https:\/\/klienci.scepter.agency\/greston\/"},{"@type":"ListItem","position":2,"name":"Marki","item":"https:\/\/klienci.scepter.agency\/greston\/marki\/"},{"@type":"ListItem","position":3,"name":"Mutina"}]},{"@type":"WebSite","@id":"https:\/\/klienci.scepter.agency\/greston\/#website","url":"https:\/\/klienci.scepter.agency\/greston\/","name":"Salon \u0142azienek Warszawa, armatura, gresy i akcesoria - Greston","description":"","potentialAction":[{"@type":"SearchAction","target":{"@type":"EntryPoint","urlTemplate":"https:\/\/klienci.scepter.agency\/greston\/?s={search_term_string}"},"query-input":"required name=search_term_string"}],"inLanguage":"pl-PL"}]}},"_links":{"self":[{"href":"https:\/\/klienci.scepter.agency\/greston\/wp-json\/wp\/v2\/pages\/357","targetHints":{"allow":["GET"]}}],"collection":[{"href":"https:\/\/klienci.scepter.agency\/greston\/wp-json\/wp\/v2\/pages"}],"about":[{"href":"https:\/\/klienci.scepter.agency\/greston\/wp-json\/wp\/v2\/types\/page"}],"author":[{"embeddable":true,"href":"https:\/\/klienci.scepter.agency\/greston\/wp-json\/wp\/v2\/users\/1"}],"replies":[{"embeddable":true,"href":"https:\/\/klienci.scepter.agency\/greston\/wp-json\/wp\/v2\/comments?post=357"}],"version-history":[{"count":6,"href":"https:\/\/klienci.scepter.agency\/greston\/wp-json\/wp\/v2\/pages\/357\/revisions"}],"predecessor-version":[{"id":2600,"href":"https:\/\/klienci.scepter.agency\/greston\/wp-json\/wp\/v2\/pages\/357\/revisions\/2600"}],"up":[{"embeddable":true,"href":"https:\/\/klienci.scepter.agency\/greston\/wp-json\/wp\/v2\/pages\/18"}],"wp:featuredmedia":[{"embeddable":true,"href":"https:\/\/klienci.scepter.agency\/greston\/wp-json\/wp\/v2\/media\/1706"}],"wp:attachment":[{"href":"https:\/\/klienci.scepter.agency\/greston\/wp-json\/wp\/v2\/media?parent=357"}],"curies":[{"name":"wp","href":"https:\/\/api.w.org\/{rel}","templated":true}]}}