{"id":361,"date":"2024-08-13T21:43:32","date_gmt":"2024-08-13T19:43:32","guid":{"rendered":"https:\/\/klienci.scepter.agency\/greston\/?page_id=361"},"modified":"2024-10-11T13:57:36","modified_gmt":"2024-10-11T11:57:36","slug":"ceramica-magica","status":"publish","type":"page","link":"https:\/\/klienci.scepter.agency\/greston\/marki\/ceramica-magica\/","title":{"rendered":"Ceramica Magica"},"content":{"rendered":"\n<p>Bazuj\u0105c na solidnych fundamentach ceramicznego regionu, Ceramica Magica od 40 lat kontynuuje histori\u0119 doskona\u0142o\u015bci, stale wprowadzaj\u0105c nowe kolekcje, \u0142\u0105cz\u0105c kreatywno\u015b\u0107 z rozwojem nowoczesnych technologii. Oferta, kt\u00f3ra \u0142\u0105czy tradycj\u0119 z nowoczesno\u015bci\u0105, obejmuje p\u0142ytki gresowe na pod\u0142ogi i \u015bciany, kt\u00f3re z charakterem zdobi\u0105 ka\u017cde wn\u0119trze \u2013 zar\u00f3wno w przestrzeniach prywatnych, jak i komercyjnych.<\/p>\n\n\n\n<div class=\"wp-block-buttons is-layout-flex wp-block-buttons-is-layout-flex\">\n<div class=\"wp-block-button\"><a class=\"wp-block-button__link wp-element-button\" href=\"https:\/\/www.terratintagroup.com\/ceramica-magica\/\" target=\"_blank\" rel=\"noreferrer noopener\">Zobacz stron\u0119 producenta<\/a><\/div>\n<\/div>\n\n\n\n<p><\/p>\n","protected":false},"excerpt":{"rendered":"<p>Bazuj\u0105c na solidnych fundamentach ceramicznego regionu, Ceramica Magica od 40 lat kontynuuje histori\u0119 doskona\u0142o\u015bci, stale wprowadzaj\u0105c nowe kolekcje, \u0142\u0105cz\u0105c kreatywno\u015b\u0107 z rozwojem nowoczesnych technologii. Oferta, kt\u00f3ra \u0142\u0105czy tradycj\u0119 z nowoczesno\u015bci\u0105, obejmuje p\u0142ytki gresowe na pod\u0142ogi i \u015bciany, kt\u00f3re z charakterem zdobi\u0105 ka\u017cde wn\u0119trze \u2013 zar\u00f3wno w przestrzeniach prywatnych, jak i komercyjnych.<\/p>\n","protected":false},"author":1,"featured_media":926,"parent":18,"menu_order":0,"comment_status":"closed","ping_status":"closed","template":"pages\/marka.php","meta":{"footnotes":""},"class_list":["post-361","page","type-page","status-publish","has-post-thumbnail","hentry"],"acf":[],"yoast_head":"<!-- This site is optimized with the Yoast SEO plugin v23.2 - https:\/\/yoast.com\/wordpress\/plugins\/seo\/ -->\n<title>Ceramica Magica - Salon \u0142azienek Warszawa, armatura, gresy i akcesoria - Greston<\/title>\n<meta name=\"robots\" content=\"noindex, follow, max-snippet:-1, max-image-preview:large, max-video-preview:-1\" \/>\n<meta property=\"og:locale\" content=\"pl_PL\" \/>\n<meta property=\"og:type\" content=\"article\" \/>\n<meta property=\"og:title\" content=\"Ceramica Magica - Salon \u0142azienek Warszawa, armatura, gresy i akcesoria - Greston\" \/>\n<meta property=\"og:description\" content=\"Bazuj\u0105c na solidnych fundamentach ceramicznego regionu, Ceramica Magica od 40 lat kontynuuje histori\u0119 doskona\u0142o\u015bci, stale wprowadzaj\u0105c nowe kolekcje, \u0142\u0105cz\u0105c kreatywno\u015b\u0107 z rozwojem nowoczesnych technologii. Oferta, kt\u00f3ra \u0142\u0105czy tradycj\u0119 z nowoczesno\u015bci\u0105, obejmuje p\u0142ytki gresowe na pod\u0142ogi i \u015bciany, kt\u00f3re z charakterem zdobi\u0105 ka\u017cde wn\u0119trze \u2013 zar\u00f3wno w przestrzeniach prywatnych, jak i komercyjnych.\" \/>\n<meta property=\"og:url\" content=\"https:\/\/klienci.scepter.agency\/greston\/marki\/ceramica-magica\/\" \/>\n<meta property=\"og:site_name\" content=\"Salon \u0142azienek Warszawa, armatura, gresy i akcesoria - Greston\" \/>\n<meta property=\"article:modified_time\" content=\"2024-10-11T11:57:36+00:00\" \/>\n<meta property=\"og:image\" content=\"https:\/\/klienci.scepter.agency\/greston\/wp-content\/uploads\/2024\/08\/wyrozniajace-5.jpg\" \/>\n\t<meta property=\"og:image:width\" content=\"1400\" \/>\n\t<meta property=\"og:image:height\" content=\"1060\" \/>\n\t<meta property=\"og:image:type\" content=\"image\/jpeg\" \/>\n<meta name=\"twitter:card\" content=\"summary_large_image\" \/>\n<meta name=\"twitter:label1\" content=\"Szacowany czas czytania\" \/>\n\t<meta name=\"twitter:data1\" content=\"1 minuta\" \/>\n<script type=\"application\/ld+json\" class=\"yoast-schema-graph\">{\"@context\":\"https:\/\/schema.org\",\"@graph\":[{\"@type\":\"WebPage\",\"@id\":\"https:\/\/klienci.scepter.agency\/greston\/marki\/ceramica-magica\/\",\"url\":\"https:\/\/klienci.scepter.agency\/greston\/marki\/ceramica-magica\/\",\"name\":\"Ceramica Magica - Salon \u0142azienek Warszawa, armatura, gresy i akcesoria - Greston\",\"isPartOf\":{\"@id\":\"https:\/\/klienci.scepter.agency\/greston\/#website\"},\"primaryImageOfPage\":{\"@id\":\"https:\/\/klienci.scepter.agency\/greston\/marki\/ceramica-magica\/#primaryimage\"},\"image\":{\"@id\":\"https:\/\/klienci.scepter.agency\/greston\/marki\/ceramica-magica\/#primaryimage\"},\"thumbnailUrl\":\"https:\/\/klienci.scepter.agency\/greston\/wp-content\/uploads\/2024\/08\/wyrozniajace-5.jpg\",\"datePublished\":\"2024-08-13T19:43:32+00:00\",\"dateModified\":\"2024-10-11T11:57:36+00:00\",\"breadcrumb\":{\"@id\":\"https:\/\/klienci.scepter.agency\/greston\/marki\/ceramica-magica\/#breadcrumb\"},\"inLanguage\":\"pl-PL\",\"potentialAction\":[{\"@type\":\"ReadAction\",\"target\":[\"https:\/\/klienci.scepter.agency\/greston\/marki\/ceramica-magica\/\"]}]},{\"@type\":\"ImageObject\",\"inLanguage\":\"pl-PL\",\"@id\":\"https:\/\/klienci.scepter.agency\/greston\/marki\/ceramica-magica\/#primaryimage\",\"url\":\"https:\/\/klienci.scepter.agency\/greston\/wp-content\/uploads\/2024\/08\/wyrozniajace-5.jpg\",\"contentUrl\":\"https:\/\/klienci.scepter.agency\/greston\/wp-content\/uploads\/2024\/08\/wyrozniajace-5.jpg\",\"width\":1400,\"height\":1060},{\"@type\":\"BreadcrumbList\",\"@id\":\"https:\/\/klienci.scepter.agency\/greston\/marki\/ceramica-magica\/#breadcrumb\",\"itemListElement\":[{\"@type\":\"ListItem\",\"position\":1,\"name\":\"Strona g\u0142\u00f3wna\",\"item\":\"https:\/\/klienci.scepter.agency\/greston\/\"},{\"@type\":\"ListItem\",\"position\":2,\"name\":\"Marki\",\"item\":\"https:\/\/klienci.scepter.agency\/greston\/marki\/\"},{\"@type\":\"ListItem\",\"position\":3,\"name\":\"Ceramica Magica\"}]},{\"@type\":\"WebSite\",\"@id\":\"https:\/\/klienci.scepter.agency\/greston\/#website\",\"url\":\"https:\/\/klienci.scepter.agency\/greston\/\",\"name\":\"Salon \u0142azienek Warszawa, armatura, gresy i akcesoria - Greston\",\"description\":\"\",\"potentialAction\":[{\"@type\":\"SearchAction\",\"target\":{\"@type\":\"EntryPoint\",\"urlTemplate\":\"https:\/\/klienci.scepter.agency\/greston\/?s={search_term_string}\"},\"query-input\":\"required name=search_term_string\"}],\"inLanguage\":\"pl-PL\"}]}<\/script>\n<!-- \/ Yoast SEO plugin. -->","yoast_head_json":{"title":"Ceramica Magica - Salon \u0142azienek Warszawa, armatura, gresy i akcesoria - Greston","robots":{"index":"noindex","follow":"follow","max-snippet":"max-snippet:-1","max-image-preview":"max-image-preview:large","max-video-preview":"max-video-preview:-1"},"og_locale":"pl_PL","og_type":"article","og_title":"Ceramica Magica - Salon \u0142azienek Warszawa, armatura, gresy i akcesoria - Greston","og_description":"Bazuj\u0105c na solidnych fundamentach ceramicznego regionu, Ceramica Magica od 40 lat kontynuuje histori\u0119 doskona\u0142o\u015bci, stale wprowadzaj\u0105c nowe kolekcje, \u0142\u0105cz\u0105c kreatywno\u015b\u0107 z rozwojem nowoczesnych technologii. Oferta, kt\u00f3ra \u0142\u0105czy tradycj\u0119 z nowoczesno\u015bci\u0105, obejmuje p\u0142ytki gresowe na pod\u0142ogi i \u015bciany, kt\u00f3re z charakterem zdobi\u0105 ka\u017cde wn\u0119trze \u2013 zar\u00f3wno w przestrzeniach prywatnych, jak i komercyjnych.","og_url":"https:\/\/klienci.scepter.agency\/greston\/marki\/ceramica-magica\/","og_site_name":"Salon \u0142azienek Warszawa, armatura, gresy i akcesoria - Greston","article_modified_time":"2024-10-11T11:57:36+00:00","og_image":[{"width":1400,"height":1060,"url":"https:\/\/klienci.scepter.agency\/greston\/wp-content\/uploads\/2024\/08\/wyrozniajace-5.jpg","type":"image\/jpeg"}],"twitter_card":"summary_large_image","twitter_misc":{"Szacowany czas czytania":"1 minuta"},"schema":{"@context":"https:\/\/schema.org","@graph":[{"@type":"WebPage","@id":"https:\/\/klienci.scepter.agency\/greston\/marki\/ceramica-magica\/","url":"https:\/\/klienci.scepter.agency\/greston\/marki\/ceramica-magica\/","name":"Ceramica Magica - Salon \u0142azienek Warszawa, armatura, gresy i akcesoria - Greston","isPartOf":{"@id":"https:\/\/klienci.scepter.agency\/greston\/#website"},"primaryImageOfPage":{"@id":"https:\/\/klienci.scepter.agency\/greston\/marki\/ceramica-magica\/#primaryimage"},"image":{"@id":"https:\/\/klienci.scepter.agency\/greston\/marki\/ceramica-magica\/#primaryimage"},"thumbnailUrl":"https:\/\/klienci.scepter.agency\/greston\/wp-content\/uploads\/2024\/08\/wyrozniajace-5.jpg","datePublished":"2024-08-13T19:43:32+00:00","dateModified":"2024-10-11T11:57:36+00:00","breadcrumb":{"@id":"https:\/\/klienci.scepter.agency\/greston\/marki\/ceramica-magica\/#breadcrumb"},"inLanguage":"pl-PL","potentialAction":[{"@type":"ReadAction","target":["https:\/\/klienci.scepter.agency\/greston\/marki\/ceramica-magica\/"]}]},{"@type":"ImageObject","inLanguage":"pl-PL","@id":"https:\/\/klienci.scepter.agency\/greston\/marki\/ceramica-magica\/#primaryimage","url":"https:\/\/klienci.scepter.agency\/greston\/wp-content\/uploads\/2024\/08\/wyrozniajace-5.jpg","contentUrl":"https:\/\/klienci.scepter.agency\/greston\/wp-content\/uploads\/2024\/08\/wyrozniajace-5.jpg","width":1400,"height":1060},{"@type":"BreadcrumbList","@id":"https:\/\/klienci.scepter.agency\/greston\/marki\/ceramica-magica\/#breadcrumb","itemListElement":[{"@type":"ListItem","position":1,"name":"Strona g\u0142\u00f3wna","item":"https:\/\/klienci.scepter.agency\/greston\/"},{"@type":"ListItem","position":2,"name":"Marki","item":"https:\/\/klienci.scepter.agency\/greston\/marki\/"},{"@type":"ListItem","position":3,"name":"Ceramica Magica"}]},{"@type":"WebSite","@id":"https:\/\/klienci.scepter.agency\/greston\/#website","url":"https:\/\/klienci.scepter.agency\/greston\/","name":"Salon \u0142azienek Warszawa, armatura, gresy i akcesoria - Greston","description":"","potentialAction":[{"@type":"SearchAction","target":{"@type":"EntryPoint","urlTemplate":"https:\/\/klienci.scepter.agency\/greston\/?s={search_term_string}"},"query-input":"required name=search_term_string"}],"inLanguage":"pl-PL"}]}},"_links":{"self":[{"href":"https:\/\/klienci.scepter.agency\/greston\/wp-json\/wp\/v2\/pages\/361","targetHints":{"allow":["GET"]}}],"collection":[{"href":"https:\/\/klienci.scepter.agency\/greston\/wp-json\/wp\/v2\/pages"}],"about":[{"href":"https:\/\/klienci.scepter.agency\/greston\/wp-json\/wp\/v2\/types\/page"}],"author":[{"embeddable":true,"href":"https:\/\/klienci.scepter.agency\/greston\/wp-json\/wp\/v2\/users\/1"}],"replies":[{"embeddable":true,"href":"https:\/\/klienci.scepter.agency\/greston\/wp-json\/wp\/v2\/comments?post=361"}],"version-history":[{"count":6,"href":"https:\/\/klienci.scepter.agency\/greston\/wp-json\/wp\/v2\/pages\/361\/revisions"}],"predecessor-version":[{"id":362,"href":"https:\/\/klienci.scepter.agency\/greston\/wp-json\/wp\/v2\/pages\/361\/revisions\/362"}],"up":[{"embeddable":true,"href":"https:\/\/klienci.scepter.agency\/greston\/wp-json\/wp\/v2\/pages\/18"}],"wp:featuredmedia":[{"embeddable":true,"href":"https:\/\/klienci.scepter.agency\/greston\/wp-json\/wp\/v2\/media\/926"}],"wp:attachment":[{"href":"https:\/\/klienci.scepter.agency\/greston\/wp-json\/wp\/v2\/media?parent=361"}],"curies":[{"name":"wp","href":"https:\/\/api.w.org\/{rel}","templated":true}]}}