{"id":367,"date":"2024-08-13T21:44:38","date_gmt":"2024-08-13T19:44:38","guid":{"rendered":"https:\/\/klienci.scepter.agency\/greston\/?page_id=367"},"modified":"2024-10-11T14:41:48","modified_gmt":"2024-10-11T12:41:48","slug":"santagostino","status":"publish","type":"page","link":"https:\/\/klienci.scepter.agency\/greston\/marki\/santagostino\/","title":{"rendered":"Sant\u2019Agostino"},"content":{"rendered":"\n<p><strong>Sant&#8217;Agostino Ceramiche<\/strong> to w\u0142oski producent p\u0142ytek ceramicznych, kt\u00f3ry od ponad 50 lat \u0142\u0105czy tradycj\u0119 z innowacj\u0105, oferuj\u0105c wyj\u0105tkowe rozwi\u0105zania dla architektury i designu wn\u0119trz. Z siedzib\u0105 w regionie Emilia-Romania, firma zyska\u0142a renom\u0119 dzi\u0119ki doskona\u0142ej jako\u015bci swoich produkt\u00f3w oraz unikalnemu podej\u015bciu do wzornictwa. <strong>Sant&#8217;Agostino<\/strong> specjalizuje si\u0119 w produkcji p\u0142ytek ceramicznych przeznaczonych zar\u00f3wno do wn\u0119trz, jak i na zewn\u0105trz, kt\u00f3re charakteryzuj\u0105 si\u0119 nie tylko estetyk\u0105, ale tak\u017ce funkcjonalno\u015bci\u0105.<\/p>\n\n\n\n<p>W asortymencie <strong>Sant&#8217;Agostino Ceramiche<\/strong> znajduj\u0105 si\u0119 p\u0142ytki w r\u00f3\u017cnorodnych formatach, kolorach i wyko\u0144czeniach, co pozwala na tworzenie unikalnych aran\u017cacji dostosowanych do indywidualnych potrzeb klient\u00f3w. Marka stawia na innowacyjne rozwi\u0105zania technologiczne, kt\u00f3re zapewniaj\u0105 nie tylko trwa\u0142o\u015b\u0107, ale tak\u017ce \u0142atwo\u015b\u0107 w piel\u0119gnacji, co czyni jej produkty idealnym wyborem dla wsp\u00f3\u0142czesnych przestrzeni mieszkalnych i komercyjnych.<\/p>\n\n\n\n<p>Marka <strong>Sant&#8217;Agostino<\/strong> stawia na wsp\u00f3\u0142prac\u0119 z artystami i projektantami, co owocuje unikalnymi projektami i kolekcjami, kt\u00f3re wyr\u00f3\u017cniaj\u0105 si\u0119 na tle konkurencji. Dzi\u0119ki temu produkty firmy znajduj\u0105 si\u0119 nie tylko w domach prywatnych, ale r\u00f3wnie\u017c w presti\u017cowych projektach komercyjnych na ca\u0142ym \u015bwiecie.<\/p>\n\n\n\n<p><strong>Sant&#8217;Agostino Ceramiche<\/strong> to doskona\u0142y wyb\u00f3r dla tych, kt\u00f3rzy poszukuj\u0105 p\u0142ytek ceramicznych o wyj\u0105tkowym designie, wysokiej jako\u015bci i trwa\u0142o\u015bci. Dzi\u0119ki bogatej ofercie i innowacyjnym podej\u015bciu do produkcji, marka ta jest idealnym partnerem dla wszystkich, kt\u00f3rzy pragn\u0105 stworzy\u0107 pi\u0119kne i funkcjonalne wn\u0119trza.<\/p>\n\n\n\n<p><\/p>\n\n\n\n<div class=\"wp-block-buttons is-layout-flex wp-block-buttons-is-layout-flex\">\n<div class=\"wp-block-button\"><a class=\"wp-block-button__link wp-element-button\" href=\"https:\/\/www.ceramicasantagostino.it\/en\/\" target=\"_blank\" rel=\"noreferrer noopener\">Zobacz stron\u0119 producenta<\/a><\/div>\n<\/div>\n\n\n\n<p><\/p>\n","protected":false},"excerpt":{"rendered":"<p>Sant&#8217;Agostino Ceramiche to w\u0142oski producent p\u0142ytek ceramicznych, kt\u00f3ry od ponad 50 lat \u0142\u0105czy tradycj\u0119 z innowacj\u0105, oferuj\u0105c wyj\u0105tkowe rozwi\u0105zania dla architektury i designu wn\u0119trz. Z siedzib\u0105 w regionie Emilia-Romania, firma zyska\u0142a renom\u0119 dzi\u0119ki doskona\u0142ej jako\u015bci swoich produkt\u00f3w oraz unikalnemu podej\u015bciu do wzornictwa. Sant&#8217;Agostino specjalizuje si\u0119 w produkcji p\u0142ytek ceramicznych przeznaczonych zar\u00f3wno do wn\u0119trz, jak i [&hellip;]<\/p>\n","protected":false},"author":1,"featured_media":1671,"parent":18,"menu_order":0,"comment_status":"closed","ping_status":"closed","template":"pages\/marka.php","meta":{"footnotes":""},"class_list":["post-367","page","type-page","status-publish","has-post-thumbnail","hentry"],"acf":[],"yoast_head":"<!-- This site is optimized with the Yoast SEO plugin v23.2 - https:\/\/yoast.com\/wordpress\/plugins\/seo\/ -->\n<title>Sant\u2019Agostino - Salon \u0142azienek Warszawa, armatura, gresy i akcesoria - Greston<\/title>\n<meta name=\"robots\" content=\"noindex, follow, max-snippet:-1, max-image-preview:large, max-video-preview:-1\" \/>\n<meta property=\"og:locale\" content=\"pl_PL\" \/>\n<meta property=\"og:type\" content=\"article\" \/>\n<meta property=\"og:title\" content=\"Sant\u2019Agostino - Salon \u0142azienek Warszawa, armatura, gresy i akcesoria - Greston\" \/>\n<meta property=\"og:description\" content=\"Sant&#8217;Agostino Ceramiche to w\u0142oski producent p\u0142ytek ceramicznych, kt\u00f3ry od ponad 50 lat \u0142\u0105czy tradycj\u0119 z innowacj\u0105, oferuj\u0105c wyj\u0105tkowe rozwi\u0105zania dla architektury i designu wn\u0119trz. Z siedzib\u0105 w regionie Emilia-Romania, firma zyska\u0142a renom\u0119 dzi\u0119ki doskona\u0142ej jako\u015bci swoich produkt\u00f3w oraz unikalnemu podej\u015bciu do wzornictwa. Sant&#8217;Agostino specjalizuje si\u0119 w produkcji p\u0142ytek ceramicznych przeznaczonych zar\u00f3wno do wn\u0119trz, jak i [&hellip;]\" \/>\n<meta property=\"og:url\" content=\"https:\/\/klienci.scepter.agency\/greston\/marki\/santagostino\/\" \/>\n<meta property=\"og:site_name\" content=\"Salon \u0142azienek Warszawa, armatura, gresy i akcesoria - Greston\" \/>\n<meta property=\"article:modified_time\" content=\"2024-10-11T12:41:48+00:00\" \/>\n<meta property=\"og:image\" content=\"https:\/\/klienci.scepter.agency\/greston\/wp-content\/uploads\/2024\/10\/wyrozniajace-11.jpg\" \/>\n\t<meta property=\"og:image:width\" content=\"1920\" \/>\n\t<meta property=\"og:image:height\" content=\"2376\" \/>\n\t<meta property=\"og:image:type\" content=\"image\/jpeg\" \/>\n<meta name=\"twitter:card\" content=\"summary_large_image\" \/>\n<meta name=\"twitter:label1\" content=\"Szacowany czas czytania\" \/>\n\t<meta name=\"twitter:data1\" content=\"2 minuty\" \/>\n<script type=\"application\/ld+json\" class=\"yoast-schema-graph\">{\"@context\":\"https:\/\/schema.org\",\"@graph\":[{\"@type\":\"WebPage\",\"@id\":\"https:\/\/klienci.scepter.agency\/greston\/marki\/santagostino\/\",\"url\":\"https:\/\/klienci.scepter.agency\/greston\/marki\/santagostino\/\",\"name\":\"Sant\u2019Agostino - Salon \u0142azienek Warszawa, armatura, gresy i akcesoria - Greston\",\"isPartOf\":{\"@id\":\"https:\/\/klienci.scepter.agency\/greston\/#website\"},\"primaryImageOfPage\":{\"@id\":\"https:\/\/klienci.scepter.agency\/greston\/marki\/santagostino\/#primaryimage\"},\"image\":{\"@id\":\"https:\/\/klienci.scepter.agency\/greston\/marki\/santagostino\/#primaryimage\"},\"thumbnailUrl\":\"https:\/\/klienci.scepter.agency\/greston\/wp-content\/uploads\/2024\/10\/wyrozniajace-11.jpg\",\"datePublished\":\"2024-08-13T19:44:38+00:00\",\"dateModified\":\"2024-10-11T12:41:48+00:00\",\"breadcrumb\":{\"@id\":\"https:\/\/klienci.scepter.agency\/greston\/marki\/santagostino\/#breadcrumb\"},\"inLanguage\":\"pl-PL\",\"potentialAction\":[{\"@type\":\"ReadAction\",\"target\":[\"https:\/\/klienci.scepter.agency\/greston\/marki\/santagostino\/\"]}]},{\"@type\":\"ImageObject\",\"inLanguage\":\"pl-PL\",\"@id\":\"https:\/\/klienci.scepter.agency\/greston\/marki\/santagostino\/#primaryimage\",\"url\":\"https:\/\/klienci.scepter.agency\/greston\/wp-content\/uploads\/2024\/10\/wyrozniajace-11.jpg\",\"contentUrl\":\"https:\/\/klienci.scepter.agency\/greston\/wp-content\/uploads\/2024\/10\/wyrozniajace-11.jpg\",\"width\":1920,\"height\":2376},{\"@type\":\"BreadcrumbList\",\"@id\":\"https:\/\/klienci.scepter.agency\/greston\/marki\/santagostino\/#breadcrumb\",\"itemListElement\":[{\"@type\":\"ListItem\",\"position\":1,\"name\":\"Strona g\u0142\u00f3wna\",\"item\":\"https:\/\/klienci.scepter.agency\/greston\/\"},{\"@type\":\"ListItem\",\"position\":2,\"name\":\"Marki\",\"item\":\"https:\/\/klienci.scepter.agency\/greston\/marki\/\"},{\"@type\":\"ListItem\",\"position\":3,\"name\":\"Sant\u2019Agostino\"}]},{\"@type\":\"WebSite\",\"@id\":\"https:\/\/klienci.scepter.agency\/greston\/#website\",\"url\":\"https:\/\/klienci.scepter.agency\/greston\/\",\"name\":\"Salon \u0142azienek Warszawa, armatura, gresy i akcesoria - Greston\",\"description\":\"\",\"potentialAction\":[{\"@type\":\"SearchAction\",\"target\":{\"@type\":\"EntryPoint\",\"urlTemplate\":\"https:\/\/klienci.scepter.agency\/greston\/?s={search_term_string}\"},\"query-input\":\"required name=search_term_string\"}],\"inLanguage\":\"pl-PL\"}]}<\/script>\n<!-- \/ Yoast SEO plugin. -->","yoast_head_json":{"title":"Sant\u2019Agostino - Salon \u0142azienek Warszawa, armatura, gresy i akcesoria - Greston","robots":{"index":"noindex","follow":"follow","max-snippet":"max-snippet:-1","max-image-preview":"max-image-preview:large","max-video-preview":"max-video-preview:-1"},"og_locale":"pl_PL","og_type":"article","og_title":"Sant\u2019Agostino - Salon \u0142azienek Warszawa, armatura, gresy i akcesoria - Greston","og_description":"Sant&#8217;Agostino Ceramiche to w\u0142oski producent p\u0142ytek ceramicznych, kt\u00f3ry od ponad 50 lat \u0142\u0105czy tradycj\u0119 z innowacj\u0105, oferuj\u0105c wyj\u0105tkowe rozwi\u0105zania dla architektury i designu wn\u0119trz. Z siedzib\u0105 w regionie Emilia-Romania, firma zyska\u0142a renom\u0119 dzi\u0119ki doskona\u0142ej jako\u015bci swoich produkt\u00f3w oraz unikalnemu podej\u015bciu do wzornictwa. Sant&#8217;Agostino specjalizuje si\u0119 w produkcji p\u0142ytek ceramicznych przeznaczonych zar\u00f3wno do wn\u0119trz, jak i [&hellip;]","og_url":"https:\/\/klienci.scepter.agency\/greston\/marki\/santagostino\/","og_site_name":"Salon \u0142azienek Warszawa, armatura, gresy i akcesoria - Greston","article_modified_time":"2024-10-11T12:41:48+00:00","og_image":[{"width":1920,"height":2376,"url":"https:\/\/klienci.scepter.agency\/greston\/wp-content\/uploads\/2024\/10\/wyrozniajace-11.jpg","type":"image\/jpeg"}],"twitter_card":"summary_large_image","twitter_misc":{"Szacowany czas czytania":"2 minuty"},"schema":{"@context":"https:\/\/schema.org","@graph":[{"@type":"WebPage","@id":"https:\/\/klienci.scepter.agency\/greston\/marki\/santagostino\/","url":"https:\/\/klienci.scepter.agency\/greston\/marki\/santagostino\/","name":"Sant\u2019Agostino - Salon \u0142azienek Warszawa, armatura, gresy i akcesoria - Greston","isPartOf":{"@id":"https:\/\/klienci.scepter.agency\/greston\/#website"},"primaryImageOfPage":{"@id":"https:\/\/klienci.scepter.agency\/greston\/marki\/santagostino\/#primaryimage"},"image":{"@id":"https:\/\/klienci.scepter.agency\/greston\/marki\/santagostino\/#primaryimage"},"thumbnailUrl":"https:\/\/klienci.scepter.agency\/greston\/wp-content\/uploads\/2024\/10\/wyrozniajace-11.jpg","datePublished":"2024-08-13T19:44:38+00:00","dateModified":"2024-10-11T12:41:48+00:00","breadcrumb":{"@id":"https:\/\/klienci.scepter.agency\/greston\/marki\/santagostino\/#breadcrumb"},"inLanguage":"pl-PL","potentialAction":[{"@type":"ReadAction","target":["https:\/\/klienci.scepter.agency\/greston\/marki\/santagostino\/"]}]},{"@type":"ImageObject","inLanguage":"pl-PL","@id":"https:\/\/klienci.scepter.agency\/greston\/marki\/santagostino\/#primaryimage","url":"https:\/\/klienci.scepter.agency\/greston\/wp-content\/uploads\/2024\/10\/wyrozniajace-11.jpg","contentUrl":"https:\/\/klienci.scepter.agency\/greston\/wp-content\/uploads\/2024\/10\/wyrozniajace-11.jpg","width":1920,"height":2376},{"@type":"BreadcrumbList","@id":"https:\/\/klienci.scepter.agency\/greston\/marki\/santagostino\/#breadcrumb","itemListElement":[{"@type":"ListItem","position":1,"name":"Strona g\u0142\u00f3wna","item":"https:\/\/klienci.scepter.agency\/greston\/"},{"@type":"ListItem","position":2,"name":"Marki","item":"https:\/\/klienci.scepter.agency\/greston\/marki\/"},{"@type":"ListItem","position":3,"name":"Sant\u2019Agostino"}]},{"@type":"WebSite","@id":"https:\/\/klienci.scepter.agency\/greston\/#website","url":"https:\/\/klienci.scepter.agency\/greston\/","name":"Salon \u0142azienek Warszawa, armatura, gresy i akcesoria - Greston","description":"","potentialAction":[{"@type":"SearchAction","target":{"@type":"EntryPoint","urlTemplate":"https:\/\/klienci.scepter.agency\/greston\/?s={search_term_string}"},"query-input":"required name=search_term_string"}],"inLanguage":"pl-PL"}]}},"_links":{"self":[{"href":"https:\/\/klienci.scepter.agency\/greston\/wp-json\/wp\/v2\/pages\/367","targetHints":{"allow":["GET"]}}],"collection":[{"href":"https:\/\/klienci.scepter.agency\/greston\/wp-json\/wp\/v2\/pages"}],"about":[{"href":"https:\/\/klienci.scepter.agency\/greston\/wp-json\/wp\/v2\/types\/page"}],"author":[{"embeddable":true,"href":"https:\/\/klienci.scepter.agency\/greston\/wp-json\/wp\/v2\/users\/1"}],"replies":[{"embeddable":true,"href":"https:\/\/klienci.scepter.agency\/greston\/wp-json\/wp\/v2\/comments?post=367"}],"version-history":[{"count":5,"href":"https:\/\/klienci.scepter.agency\/greston\/wp-json\/wp\/v2\/pages\/367\/revisions"}],"predecessor-version":[{"id":2603,"href":"https:\/\/klienci.scepter.agency\/greston\/wp-json\/wp\/v2\/pages\/367\/revisions\/2603"}],"up":[{"embeddable":true,"href":"https:\/\/klienci.scepter.agency\/greston\/wp-json\/wp\/v2\/pages\/18"}],"wp:featuredmedia":[{"embeddable":true,"href":"https:\/\/klienci.scepter.agency\/greston\/wp-json\/wp\/v2\/media\/1671"}],"wp:attachment":[{"href":"https:\/\/klienci.scepter.agency\/greston\/wp-json\/wp\/v2\/media?parent=367"}],"curies":[{"name":"wp","href":"https:\/\/api.w.org\/{rel}","templated":true}]}}