{"id":369,"date":"2024-08-13T21:44:59","date_gmt":"2024-08-13T19:44:59","guid":{"rendered":"https:\/\/klienci.scepter.agency\/greston\/?page_id=369"},"modified":"2024-10-11T14:38:52","modified_gmt":"2024-10-11T12:38:52","slug":"tagina","status":"publish","type":"page","link":"https:\/\/klienci.scepter.agency\/greston\/marki\/tagina\/","title":{"rendered":"Tagina"},"content":{"rendered":"\n<p><strong>Tagina Ceramiche d&#8217;Arte to w\u0142oski producent p\u0142ytek ceramicznych, kt\u00f3ry od ponad 40 lat zachwyca wyj\u0105tkowym podej\u015bciem do projektowania i produkcji. Zlokalizowana w sercu Umbrii, Tagina \u0142\u0105czy tradycyjne techniki rzemie\u015blnicze z nowoczesnymi innowacjami, tworz\u0105c p\u0142ytki o niezwyk\u0142ym charakterze i jako\u015bci. Marka znana jest z precyzyjnego wykonania, bogatych wzor\u00f3w i niesamowitej dba\u0142o\u015bci o szczeg\u00f3\u0142y, co czyni j\u0105 jednym z najbardziej cenionych producent\u00f3w p\u0142ytek na \u015bwiecie.<\/strong><\/p>\n\n\n\n<p><strong>Tagina specjalizuje si\u0119 w tworzeniu p\u0142ytek zar\u00f3wno do wn\u0119trz, jak i na zewn\u0105trz, oferuj\u0105c szeroki wyb\u00f3r format\u00f3w, kolor\u00f3w i wyko\u0144cze\u0144, kt\u00f3re doskonale wpasowuj\u0105 si\u0119 w r\u00f3\u017cnorodne style aran\u017cacji \u2013 od klasycznych, rustykalnych wn\u0119trz, po nowoczesne, minimalistyczne przestrzenie. Dzi\u0119ki wykorzystaniu zar\u00f3wno tradycyjnych metod rzemie\u015blniczych, jak i zaawansowanej technologii, Tagina dostarcza produkty, kt\u00f3re wyr\u00f3\u017cniaj\u0105 si\u0119 trwa\u0142o\u015bci\u0105, estetyk\u0105 i niepowtarzalnym stylem.<\/strong><\/p>\n\n\n\n<p><strong>Tagina<\/strong> jest synonimem jako\u015bci oraz pasji do detali, kt\u00f3r\u0105 firma stara si\u0119 przekazywa\u0107 w ka\u017cdym swoim produkcie. Produkty tej marki wyr\u00f3\u017cniaj\u0105 si\u0119 nie tylko estetyk\u0105, ale tak\u017ce trwa\u0142o\u015bci\u0105 \u2013 doskonale sprawdzaj\u0105 si\u0119 w wymagaj\u0105cych przestrzeniach, takich jak \u0142azienki, kuchnie, czy nawet du\u017ce projekty komercyjne.<\/p>\n\n\n\n<p>Zar\u00f3wno architekci, jak i projektanci wn\u0119trz ceni\u0105 <strong>Tagina<\/strong> za wyj\u0105tkow\u0105 zdolno\u015b\u0107 do kreowania pi\u0119knych, ponadczasowych przestrzeni, kt\u00f3re w pe\u0142ni oddaj\u0105 ducha w\u0142oskiego designu. P\u0142ytki tej marki to idealny wyb\u00f3r dla tych, kt\u00f3rzy poszukuj\u0105 niepowtarzalnych rozwi\u0105za\u0144, wysokiej jako\u015bci oraz wyj\u0105tkowego charakteru w aran\u017cacji wn\u0119trz. <strong>Tagina<\/strong> \u0142\u0105czy w sobie tradycj\u0119 z nowoczesno\u015bci\u0105, tworz\u0105c produkty, kt\u00f3re wprowadzaj\u0105 do wn\u0119trz elegancj\u0119, styl i trwa\u0142o\u015b\u0107 na d\u0142ugie lata.<\/p>\n\n\n\n<p><\/p>\n\n\n\n<div class=\"wp-block-buttons is-layout-flex wp-block-buttons-is-layout-flex\">\n<div class=\"wp-block-button\"><a class=\"wp-block-button__link wp-element-button\" href=\"https:\/\/www.tagina.it\/\" target=\"_blank\" rel=\"noreferrer noopener\">Zobacz stron\u0119 producenta<\/a><\/div>\n<\/div>\n\n\n\n<p><\/p>\n","protected":false},"excerpt":{"rendered":"<p>Tagina Ceramiche d&#8217;Arte to w\u0142oski producent p\u0142ytek ceramicznych, kt\u00f3ry od ponad 40 lat zachwyca wyj\u0105tkowym podej\u015bciem do projektowania i produkcji. Zlokalizowana w sercu Umbrii, Tagina \u0142\u0105czy tradycyjne techniki rzemie\u015blnicze z nowoczesnymi innowacjami, tworz\u0105c p\u0142ytki o niezwyk\u0142ym charakterze i jako\u015bci. Marka znana jest z precyzyjnego wykonania, bogatych wzor\u00f3w i niesamowitej dba\u0142o\u015bci o szczeg\u00f3\u0142y, co czyni j\u0105 [&hellip;]<\/p>\n","protected":false},"author":1,"featured_media":1543,"parent":18,"menu_order":0,"comment_status":"closed","ping_status":"closed","template":"pages\/marka.php","meta":{"footnotes":""},"class_list":["post-369","page","type-page","status-publish","has-post-thumbnail","hentry"],"acf":[],"yoast_head":"<!-- This site is optimized with the Yoast SEO plugin v23.2 - https:\/\/yoast.com\/wordpress\/plugins\/seo\/ -->\n<title>Tagina - Salon \u0142azienek Warszawa, armatura, gresy i akcesoria - Greston<\/title>\n<meta name=\"robots\" content=\"noindex, follow, max-snippet:-1, max-image-preview:large, max-video-preview:-1\" \/>\n<meta property=\"og:locale\" content=\"pl_PL\" \/>\n<meta property=\"og:type\" content=\"article\" \/>\n<meta property=\"og:title\" content=\"Tagina - Salon \u0142azienek Warszawa, armatura, gresy i akcesoria - Greston\" \/>\n<meta property=\"og:description\" content=\"Tagina Ceramiche d&#8217;Arte to w\u0142oski producent p\u0142ytek ceramicznych, kt\u00f3ry od ponad 40 lat zachwyca wyj\u0105tkowym podej\u015bciem do projektowania i produkcji. Zlokalizowana w sercu Umbrii, Tagina \u0142\u0105czy tradycyjne techniki rzemie\u015blnicze z nowoczesnymi innowacjami, tworz\u0105c p\u0142ytki o niezwyk\u0142ym charakterze i jako\u015bci. Marka znana jest z precyzyjnego wykonania, bogatych wzor\u00f3w i niesamowitej dba\u0142o\u015bci o szczeg\u00f3\u0142y, co czyni j\u0105 [&hellip;]\" \/>\n<meta property=\"og:url\" content=\"https:\/\/klienci.scepter.agency\/greston\/marki\/tagina\/\" \/>\n<meta property=\"og:site_name\" content=\"Salon \u0142azienek Warszawa, armatura, gresy i akcesoria - Greston\" \/>\n<meta property=\"article:modified_time\" content=\"2024-10-11T12:38:52+00:00\" \/>\n<meta property=\"og:image\" content=\"https:\/\/klienci.scepter.agency\/greston\/wp-content\/uploads\/2024\/10\/wyrozniajace-10.jpg\" \/>\n\t<meta property=\"og:image:width\" content=\"1600\" \/>\n\t<meta property=\"og:image:height\" content=\"1647\" \/>\n\t<meta property=\"og:image:type\" content=\"image\/jpeg\" \/>\n<meta name=\"twitter:card\" content=\"summary_large_image\" \/>\n<meta name=\"twitter:label1\" content=\"Szacowany czas czytania\" \/>\n\t<meta name=\"twitter:data1\" content=\"2 minuty\" \/>\n<script type=\"application\/ld+json\" class=\"yoast-schema-graph\">{\"@context\":\"https:\/\/schema.org\",\"@graph\":[{\"@type\":\"WebPage\",\"@id\":\"https:\/\/klienci.scepter.agency\/greston\/marki\/tagina\/\",\"url\":\"https:\/\/klienci.scepter.agency\/greston\/marki\/tagina\/\",\"name\":\"Tagina - Salon \u0142azienek Warszawa, armatura, gresy i akcesoria - Greston\",\"isPartOf\":{\"@id\":\"https:\/\/klienci.scepter.agency\/greston\/#website\"},\"primaryImageOfPage\":{\"@id\":\"https:\/\/klienci.scepter.agency\/greston\/marki\/tagina\/#primaryimage\"},\"image\":{\"@id\":\"https:\/\/klienci.scepter.agency\/greston\/marki\/tagina\/#primaryimage\"},\"thumbnailUrl\":\"https:\/\/klienci.scepter.agency\/greston\/wp-content\/uploads\/2024\/10\/wyrozniajace-10.jpg\",\"datePublished\":\"2024-08-13T19:44:59+00:00\",\"dateModified\":\"2024-10-11T12:38:52+00:00\",\"breadcrumb\":{\"@id\":\"https:\/\/klienci.scepter.agency\/greston\/marki\/tagina\/#breadcrumb\"},\"inLanguage\":\"pl-PL\",\"potentialAction\":[{\"@type\":\"ReadAction\",\"target\":[\"https:\/\/klienci.scepter.agency\/greston\/marki\/tagina\/\"]}]},{\"@type\":\"ImageObject\",\"inLanguage\":\"pl-PL\",\"@id\":\"https:\/\/klienci.scepter.agency\/greston\/marki\/tagina\/#primaryimage\",\"url\":\"https:\/\/klienci.scepter.agency\/greston\/wp-content\/uploads\/2024\/10\/wyrozniajace-10.jpg\",\"contentUrl\":\"https:\/\/klienci.scepter.agency\/greston\/wp-content\/uploads\/2024\/10\/wyrozniajace-10.jpg\",\"width\":1600,\"height\":1647},{\"@type\":\"BreadcrumbList\",\"@id\":\"https:\/\/klienci.scepter.agency\/greston\/marki\/tagina\/#breadcrumb\",\"itemListElement\":[{\"@type\":\"ListItem\",\"position\":1,\"name\":\"Strona g\u0142\u00f3wna\",\"item\":\"https:\/\/klienci.scepter.agency\/greston\/\"},{\"@type\":\"ListItem\",\"position\":2,\"name\":\"Marki\",\"item\":\"https:\/\/klienci.scepter.agency\/greston\/marki\/\"},{\"@type\":\"ListItem\",\"position\":3,\"name\":\"Tagina\"}]},{\"@type\":\"WebSite\",\"@id\":\"https:\/\/klienci.scepter.agency\/greston\/#website\",\"url\":\"https:\/\/klienci.scepter.agency\/greston\/\",\"name\":\"Salon \u0142azienek Warszawa, armatura, gresy i akcesoria - Greston\",\"description\":\"\",\"potentialAction\":[{\"@type\":\"SearchAction\",\"target\":{\"@type\":\"EntryPoint\",\"urlTemplate\":\"https:\/\/klienci.scepter.agency\/greston\/?s={search_term_string}\"},\"query-input\":\"required name=search_term_string\"}],\"inLanguage\":\"pl-PL\"}]}<\/script>\n<!-- \/ Yoast SEO plugin. -->","yoast_head_json":{"title":"Tagina - Salon \u0142azienek Warszawa, armatura, gresy i akcesoria - Greston","robots":{"index":"noindex","follow":"follow","max-snippet":"max-snippet:-1","max-image-preview":"max-image-preview:large","max-video-preview":"max-video-preview:-1"},"og_locale":"pl_PL","og_type":"article","og_title":"Tagina - Salon \u0142azienek Warszawa, armatura, gresy i akcesoria - Greston","og_description":"Tagina Ceramiche d&#8217;Arte to w\u0142oski producent p\u0142ytek ceramicznych, kt\u00f3ry od ponad 40 lat zachwyca wyj\u0105tkowym podej\u015bciem do projektowania i produkcji. Zlokalizowana w sercu Umbrii, Tagina \u0142\u0105czy tradycyjne techniki rzemie\u015blnicze z nowoczesnymi innowacjami, tworz\u0105c p\u0142ytki o niezwyk\u0142ym charakterze i jako\u015bci. Marka znana jest z precyzyjnego wykonania, bogatych wzor\u00f3w i niesamowitej dba\u0142o\u015bci o szczeg\u00f3\u0142y, co czyni j\u0105 [&hellip;]","og_url":"https:\/\/klienci.scepter.agency\/greston\/marki\/tagina\/","og_site_name":"Salon \u0142azienek Warszawa, armatura, gresy i akcesoria - Greston","article_modified_time":"2024-10-11T12:38:52+00:00","og_image":[{"width":1600,"height":1647,"url":"https:\/\/klienci.scepter.agency\/greston\/wp-content\/uploads\/2024\/10\/wyrozniajace-10.jpg","type":"image\/jpeg"}],"twitter_card":"summary_large_image","twitter_misc":{"Szacowany czas czytania":"2 minuty"},"schema":{"@context":"https:\/\/schema.org","@graph":[{"@type":"WebPage","@id":"https:\/\/klienci.scepter.agency\/greston\/marki\/tagina\/","url":"https:\/\/klienci.scepter.agency\/greston\/marki\/tagina\/","name":"Tagina - Salon \u0142azienek Warszawa, armatura, gresy i akcesoria - Greston","isPartOf":{"@id":"https:\/\/klienci.scepter.agency\/greston\/#website"},"primaryImageOfPage":{"@id":"https:\/\/klienci.scepter.agency\/greston\/marki\/tagina\/#primaryimage"},"image":{"@id":"https:\/\/klienci.scepter.agency\/greston\/marki\/tagina\/#primaryimage"},"thumbnailUrl":"https:\/\/klienci.scepter.agency\/greston\/wp-content\/uploads\/2024\/10\/wyrozniajace-10.jpg","datePublished":"2024-08-13T19:44:59+00:00","dateModified":"2024-10-11T12:38:52+00:00","breadcrumb":{"@id":"https:\/\/klienci.scepter.agency\/greston\/marki\/tagina\/#breadcrumb"},"inLanguage":"pl-PL","potentialAction":[{"@type":"ReadAction","target":["https:\/\/klienci.scepter.agency\/greston\/marki\/tagina\/"]}]},{"@type":"ImageObject","inLanguage":"pl-PL","@id":"https:\/\/klienci.scepter.agency\/greston\/marki\/tagina\/#primaryimage","url":"https:\/\/klienci.scepter.agency\/greston\/wp-content\/uploads\/2024\/10\/wyrozniajace-10.jpg","contentUrl":"https:\/\/klienci.scepter.agency\/greston\/wp-content\/uploads\/2024\/10\/wyrozniajace-10.jpg","width":1600,"height":1647},{"@type":"BreadcrumbList","@id":"https:\/\/klienci.scepter.agency\/greston\/marki\/tagina\/#breadcrumb","itemListElement":[{"@type":"ListItem","position":1,"name":"Strona g\u0142\u00f3wna","item":"https:\/\/klienci.scepter.agency\/greston\/"},{"@type":"ListItem","position":2,"name":"Marki","item":"https:\/\/klienci.scepter.agency\/greston\/marki\/"},{"@type":"ListItem","position":3,"name":"Tagina"}]},{"@type":"WebSite","@id":"https:\/\/klienci.scepter.agency\/greston\/#website","url":"https:\/\/klienci.scepter.agency\/greston\/","name":"Salon \u0142azienek Warszawa, armatura, gresy i akcesoria - Greston","description":"","potentialAction":[{"@type":"SearchAction","target":{"@type":"EntryPoint","urlTemplate":"https:\/\/klienci.scepter.agency\/greston\/?s={search_term_string}"},"query-input":"required name=search_term_string"}],"inLanguage":"pl-PL"}]}},"_links":{"self":[{"href":"https:\/\/klienci.scepter.agency\/greston\/wp-json\/wp\/v2\/pages\/369","targetHints":{"allow":["GET"]}}],"collection":[{"href":"https:\/\/klienci.scepter.agency\/greston\/wp-json\/wp\/v2\/pages"}],"about":[{"href":"https:\/\/klienci.scepter.agency\/greston\/wp-json\/wp\/v2\/types\/page"}],"author":[{"embeddable":true,"href":"https:\/\/klienci.scepter.agency\/greston\/wp-json\/wp\/v2\/users\/1"}],"replies":[{"embeddable":true,"href":"https:\/\/klienci.scepter.agency\/greston\/wp-json\/wp\/v2\/comments?post=369"}],"version-history":[{"count":5,"href":"https:\/\/klienci.scepter.agency\/greston\/wp-json\/wp\/v2\/pages\/369\/revisions"}],"predecessor-version":[{"id":1548,"href":"https:\/\/klienci.scepter.agency\/greston\/wp-json\/wp\/v2\/pages\/369\/revisions\/1548"}],"up":[{"embeddable":true,"href":"https:\/\/klienci.scepter.agency\/greston\/wp-json\/wp\/v2\/pages\/18"}],"wp:featuredmedia":[{"embeddable":true,"href":"https:\/\/klienci.scepter.agency\/greston\/wp-json\/wp\/v2\/media\/1543"}],"wp:attachment":[{"href":"https:\/\/klienci.scepter.agency\/greston\/wp-json\/wp\/v2\/media?parent=369"}],"curies":[{"name":"wp","href":"https:\/\/api.w.org\/{rel}","templated":true}]}}