{"id":373,"date":"2024-08-13T21:45:42","date_gmt":"2024-08-13T19:45:42","guid":{"rendered":"https:\/\/klienci.scepter.agency\/greston\/?page_id=373"},"modified":"2024-10-11T14:00:19","modified_gmt":"2024-10-11T12:00:19","slug":"colorker","status":"publish","type":"page","link":"https:\/\/klienci.scepter.agency\/greston\/marki\/colorker\/","title":{"rendered":"Colorker"},"content":{"rendered":"\n<p>Colorker Group, za\u0142o\u017cona w 1987 roku przez grup\u0119 przedsi\u0119biorc\u00f3w z bran\u017cy ceramicznej, to firma z wieloletni\u0105 tradycj\u0105, kt\u00f3ra od samego pocz\u0105tku stawia\u0142a na tworzenie produkt\u00f3w ceramicznych wywo\u0142uj\u0105cych emocje. Dzi\u0119ki konsekwentnemu rozwojowi, dzi\u015b Colorker Group to dynamiczny gracz na rynku mi\u0119dzynarodowym, \u0142\u0105cz\u0105cy kreatywno\u015b\u0107 z zaawansowan\u0105 technologi\u0105.<\/p>\n\n\n\n<p>Ich oferta obejmuje szerok\u0105 gam\u0119 p\u0142ytek ceramicznych, kt\u00f3re wyr\u00f3\u017cniaj\u0105 si\u0119 nie tylko doskona\u0142\u0105 jako\u015bci\u0105, ale tak\u017ce unikalnym designem, inspirowanym najnowszymi trendami w architekturze i wzornictwie. Firma stale inwestuje w innowacje, wprowadzaj\u0105c nowoczesne systemy produkcji i dba o najwy\u017csze standardy jako\u015bci.<\/p>\n\n\n\n<p>Colorker Group to tak\u017ce przestrze\u0144 otwarta na eksperymenty \u2013 zesp\u00f3\u0142 m\u0142odych, ale do\u015bwiadczonych tw\u00f3rc\u00f3w nieustannie poszukuje nowych rozwi\u0105za\u0144, kt\u00f3re przekraczaj\u0105 granice tradycyjnej ceramiki. Z my\u015bl\u0105 o architektach i projektantach wn\u0119trz, firma oferuje inspiruj\u0105ce narz\u0119dzia i rozwi\u0105zania, kt\u00f3re u\u0142atwiaj\u0105 tworzenie wyj\u0105tkowych projekt\u00f3w. Dzi\u0119ki mi\u0119dzynarodowej perspektywie i zaanga\u017cowaniu w jako\u015b\u0107, Colorker Group to marka, na kt\u00f3r\u0105 mo\u017cna liczy\u0107, je\u015bli chodzi o innowacyjne i stylowe produkty ceramiczne.<\/p>\n\n\n\n<div class=\"wp-block-buttons is-layout-flex wp-block-buttons-is-layout-flex\">\n<div class=\"wp-block-button\"><a class=\"wp-block-button__link wp-element-button\" href=\"https:\/\/www.colorker.com\/en\/\" target=\"_blank\" rel=\"noreferrer noopener\">Zobacz stron\u0119 producenta<\/a><\/div>\n<\/div>\n\n\n\n<p><\/p>\n","protected":false},"excerpt":{"rendered":"<p>Colorker Group, za\u0142o\u017cona w 1987 roku przez grup\u0119 przedsi\u0119biorc\u00f3w z bran\u017cy ceramicznej, to firma z wieloletni\u0105 tradycj\u0105, kt\u00f3ra od samego pocz\u0105tku stawia\u0142a na tworzenie produkt\u00f3w ceramicznych wywo\u0142uj\u0105cych emocje. Dzi\u0119ki konsekwentnemu rozwojowi, dzi\u015b Colorker Group to dynamiczny gracz na rynku mi\u0119dzynarodowym, \u0142\u0105cz\u0105cy kreatywno\u015b\u0107 z zaawansowan\u0105 technologi\u0105. Ich oferta obejmuje szerok\u0105 gam\u0119 p\u0142ytek ceramicznych, kt\u00f3re wyr\u00f3\u017cniaj\u0105 si\u0119 [&hellip;]<\/p>\n","protected":false},"author":1,"featured_media":959,"parent":18,"menu_order":0,"comment_status":"closed","ping_status":"closed","template":"pages\/marka.php","meta":{"footnotes":""},"class_list":["post-373","page","type-page","status-publish","has-post-thumbnail","hentry"],"acf":[],"yoast_head":"<!-- This site is optimized with the Yoast SEO plugin v23.2 - https:\/\/yoast.com\/wordpress\/plugins\/seo\/ -->\n<title>Colorker - Salon \u0142azienek Warszawa, armatura, gresy i akcesoria - Greston<\/title>\n<meta name=\"robots\" content=\"noindex, follow, max-snippet:-1, max-image-preview:large, max-video-preview:-1\" \/>\n<meta property=\"og:locale\" content=\"pl_PL\" \/>\n<meta property=\"og:type\" content=\"article\" \/>\n<meta property=\"og:title\" content=\"Colorker - Salon \u0142azienek Warszawa, armatura, gresy i akcesoria - Greston\" \/>\n<meta property=\"og:description\" content=\"Colorker Group, za\u0142o\u017cona w 1987 roku przez grup\u0119 przedsi\u0119biorc\u00f3w z bran\u017cy ceramicznej, to firma z wieloletni\u0105 tradycj\u0105, kt\u00f3ra od samego pocz\u0105tku stawia\u0142a na tworzenie produkt\u00f3w ceramicznych wywo\u0142uj\u0105cych emocje. Dzi\u0119ki konsekwentnemu rozwojowi, dzi\u015b Colorker Group to dynamiczny gracz na rynku mi\u0119dzynarodowym, \u0142\u0105cz\u0105cy kreatywno\u015b\u0107 z zaawansowan\u0105 technologi\u0105. Ich oferta obejmuje szerok\u0105 gam\u0119 p\u0142ytek ceramicznych, kt\u00f3re wyr\u00f3\u017cniaj\u0105 si\u0119 [&hellip;]\" \/>\n<meta property=\"og:url\" content=\"https:\/\/klienci.scepter.agency\/greston\/marki\/colorker\/\" \/>\n<meta property=\"og:site_name\" content=\"Salon \u0142azienek Warszawa, armatura, gresy i akcesoria - Greston\" \/>\n<meta property=\"article:modified_time\" content=\"2024-10-11T12:00:19+00:00\" \/>\n<meta property=\"og:image\" content=\"https:\/\/klienci.scepter.agency\/greston\/wp-content\/uploads\/2024\/09\/wyrozniajace-1-scaled.jpg\" \/>\n\t<meta property=\"og:image:width\" content=\"2560\" \/>\n\t<meta property=\"og:image:height\" content=\"1920\" \/>\n\t<meta property=\"og:image:type\" content=\"image\/jpeg\" \/>\n<meta name=\"twitter:card\" content=\"summary_large_image\" \/>\n<meta name=\"twitter:label1\" content=\"Szacowany czas czytania\" \/>\n\t<meta name=\"twitter:data1\" content=\"2 minuty\" \/>\n<script type=\"application\/ld+json\" class=\"yoast-schema-graph\">{\"@context\":\"https:\/\/schema.org\",\"@graph\":[{\"@type\":\"WebPage\",\"@id\":\"https:\/\/klienci.scepter.agency\/greston\/marki\/colorker\/\",\"url\":\"https:\/\/klienci.scepter.agency\/greston\/marki\/colorker\/\",\"name\":\"Colorker - Salon \u0142azienek Warszawa, armatura, gresy i akcesoria - Greston\",\"isPartOf\":{\"@id\":\"https:\/\/klienci.scepter.agency\/greston\/#website\"},\"primaryImageOfPage\":{\"@id\":\"https:\/\/klienci.scepter.agency\/greston\/marki\/colorker\/#primaryimage\"},\"image\":{\"@id\":\"https:\/\/klienci.scepter.agency\/greston\/marki\/colorker\/#primaryimage\"},\"thumbnailUrl\":\"https:\/\/klienci.scepter.agency\/greston\/wp-content\/uploads\/2024\/09\/wyrozniajace-1-scaled.jpg\",\"datePublished\":\"2024-08-13T19:45:42+00:00\",\"dateModified\":\"2024-10-11T12:00:19+00:00\",\"breadcrumb\":{\"@id\":\"https:\/\/klienci.scepter.agency\/greston\/marki\/colorker\/#breadcrumb\"},\"inLanguage\":\"pl-PL\",\"potentialAction\":[{\"@type\":\"ReadAction\",\"target\":[\"https:\/\/klienci.scepter.agency\/greston\/marki\/colorker\/\"]}]},{\"@type\":\"ImageObject\",\"inLanguage\":\"pl-PL\",\"@id\":\"https:\/\/klienci.scepter.agency\/greston\/marki\/colorker\/#primaryimage\",\"url\":\"https:\/\/klienci.scepter.agency\/greston\/wp-content\/uploads\/2024\/09\/wyrozniajace-1-scaled.jpg\",\"contentUrl\":\"https:\/\/klienci.scepter.agency\/greston\/wp-content\/uploads\/2024\/09\/wyrozniajace-1-scaled.jpg\",\"width\":2560,\"height\":1920},{\"@type\":\"BreadcrumbList\",\"@id\":\"https:\/\/klienci.scepter.agency\/greston\/marki\/colorker\/#breadcrumb\",\"itemListElement\":[{\"@type\":\"ListItem\",\"position\":1,\"name\":\"Strona g\u0142\u00f3wna\",\"item\":\"https:\/\/klienci.scepter.agency\/greston\/\"},{\"@type\":\"ListItem\",\"position\":2,\"name\":\"Marki\",\"item\":\"https:\/\/klienci.scepter.agency\/greston\/marki\/\"},{\"@type\":\"ListItem\",\"position\":3,\"name\":\"Colorker\"}]},{\"@type\":\"WebSite\",\"@id\":\"https:\/\/klienci.scepter.agency\/greston\/#website\",\"url\":\"https:\/\/klienci.scepter.agency\/greston\/\",\"name\":\"Salon \u0142azienek Warszawa, armatura, gresy i akcesoria - Greston\",\"description\":\"\",\"potentialAction\":[{\"@type\":\"SearchAction\",\"target\":{\"@type\":\"EntryPoint\",\"urlTemplate\":\"https:\/\/klienci.scepter.agency\/greston\/?s={search_term_string}\"},\"query-input\":\"required name=search_term_string\"}],\"inLanguage\":\"pl-PL\"}]}<\/script>\n<!-- \/ Yoast SEO plugin. -->","yoast_head_json":{"title":"Colorker - Salon \u0142azienek Warszawa, armatura, gresy i akcesoria - Greston","robots":{"index":"noindex","follow":"follow","max-snippet":"max-snippet:-1","max-image-preview":"max-image-preview:large","max-video-preview":"max-video-preview:-1"},"og_locale":"pl_PL","og_type":"article","og_title":"Colorker - Salon \u0142azienek Warszawa, armatura, gresy i akcesoria - Greston","og_description":"Colorker Group, za\u0142o\u017cona w 1987 roku przez grup\u0119 przedsi\u0119biorc\u00f3w z bran\u017cy ceramicznej, to firma z wieloletni\u0105 tradycj\u0105, kt\u00f3ra od samego pocz\u0105tku stawia\u0142a na tworzenie produkt\u00f3w ceramicznych wywo\u0142uj\u0105cych emocje. Dzi\u0119ki konsekwentnemu rozwojowi, dzi\u015b Colorker Group to dynamiczny gracz na rynku mi\u0119dzynarodowym, \u0142\u0105cz\u0105cy kreatywno\u015b\u0107 z zaawansowan\u0105 technologi\u0105. Ich oferta obejmuje szerok\u0105 gam\u0119 p\u0142ytek ceramicznych, kt\u00f3re wyr\u00f3\u017cniaj\u0105 si\u0119 [&hellip;]","og_url":"https:\/\/klienci.scepter.agency\/greston\/marki\/colorker\/","og_site_name":"Salon \u0142azienek Warszawa, armatura, gresy i akcesoria - Greston","article_modified_time":"2024-10-11T12:00:19+00:00","og_image":[{"width":2560,"height":1920,"url":"https:\/\/klienci.scepter.agency\/greston\/wp-content\/uploads\/2024\/09\/wyrozniajace-1-scaled.jpg","type":"image\/jpeg"}],"twitter_card":"summary_large_image","twitter_misc":{"Szacowany czas czytania":"2 minuty"},"schema":{"@context":"https:\/\/schema.org","@graph":[{"@type":"WebPage","@id":"https:\/\/klienci.scepter.agency\/greston\/marki\/colorker\/","url":"https:\/\/klienci.scepter.agency\/greston\/marki\/colorker\/","name":"Colorker - Salon \u0142azienek Warszawa, armatura, gresy i akcesoria - Greston","isPartOf":{"@id":"https:\/\/klienci.scepter.agency\/greston\/#website"},"primaryImageOfPage":{"@id":"https:\/\/klienci.scepter.agency\/greston\/marki\/colorker\/#primaryimage"},"image":{"@id":"https:\/\/klienci.scepter.agency\/greston\/marki\/colorker\/#primaryimage"},"thumbnailUrl":"https:\/\/klienci.scepter.agency\/greston\/wp-content\/uploads\/2024\/09\/wyrozniajace-1-scaled.jpg","datePublished":"2024-08-13T19:45:42+00:00","dateModified":"2024-10-11T12:00:19+00:00","breadcrumb":{"@id":"https:\/\/klienci.scepter.agency\/greston\/marki\/colorker\/#breadcrumb"},"inLanguage":"pl-PL","potentialAction":[{"@type":"ReadAction","target":["https:\/\/klienci.scepter.agency\/greston\/marki\/colorker\/"]}]},{"@type":"ImageObject","inLanguage":"pl-PL","@id":"https:\/\/klienci.scepter.agency\/greston\/marki\/colorker\/#primaryimage","url":"https:\/\/klienci.scepter.agency\/greston\/wp-content\/uploads\/2024\/09\/wyrozniajace-1-scaled.jpg","contentUrl":"https:\/\/klienci.scepter.agency\/greston\/wp-content\/uploads\/2024\/09\/wyrozniajace-1-scaled.jpg","width":2560,"height":1920},{"@type":"BreadcrumbList","@id":"https:\/\/klienci.scepter.agency\/greston\/marki\/colorker\/#breadcrumb","itemListElement":[{"@type":"ListItem","position":1,"name":"Strona g\u0142\u00f3wna","item":"https:\/\/klienci.scepter.agency\/greston\/"},{"@type":"ListItem","position":2,"name":"Marki","item":"https:\/\/klienci.scepter.agency\/greston\/marki\/"},{"@type":"ListItem","position":3,"name":"Colorker"}]},{"@type":"WebSite","@id":"https:\/\/klienci.scepter.agency\/greston\/#website","url":"https:\/\/klienci.scepter.agency\/greston\/","name":"Salon \u0142azienek Warszawa, armatura, gresy i akcesoria - Greston","description":"","potentialAction":[{"@type":"SearchAction","target":{"@type":"EntryPoint","urlTemplate":"https:\/\/klienci.scepter.agency\/greston\/?s={search_term_string}"},"query-input":"required name=search_term_string"}],"inLanguage":"pl-PL"}]}},"_links":{"self":[{"href":"https:\/\/klienci.scepter.agency\/greston\/wp-json\/wp\/v2\/pages\/373","targetHints":{"allow":["GET"]}}],"collection":[{"href":"https:\/\/klienci.scepter.agency\/greston\/wp-json\/wp\/v2\/pages"}],"about":[{"href":"https:\/\/klienci.scepter.agency\/greston\/wp-json\/wp\/v2\/types\/page"}],"author":[{"embeddable":true,"href":"https:\/\/klienci.scepter.agency\/greston\/wp-json\/wp\/v2\/users\/1"}],"replies":[{"embeddable":true,"href":"https:\/\/klienci.scepter.agency\/greston\/wp-json\/wp\/v2\/comments?post=373"}],"version-history":[{"count":8,"href":"https:\/\/klienci.scepter.agency\/greston\/wp-json\/wp\/v2\/pages\/373\/revisions"}],"predecessor-version":[{"id":374,"href":"https:\/\/klienci.scepter.agency\/greston\/wp-json\/wp\/v2\/pages\/373\/revisions\/374"}],"up":[{"embeddable":true,"href":"https:\/\/klienci.scepter.agency\/greston\/wp-json\/wp\/v2\/pages\/18"}],"wp:featuredmedia":[{"embeddable":true,"href":"https:\/\/klienci.scepter.agency\/greston\/wp-json\/wp\/v2\/media\/959"}],"wp:attachment":[{"href":"https:\/\/klienci.scepter.agency\/greston\/wp-json\/wp\/v2\/media?parent=373"}],"curies":[{"name":"wp","href":"https:\/\/api.w.org\/{rel}","templated":true}]}}