{"id":383,"date":"2024-08-13T21:47:27","date_gmt":"2024-08-13T19:47:27","guid":{"rendered":"https:\/\/klienci.scepter.agency\/greston\/?page_id=383"},"modified":"2024-10-11T11:56:30","modified_gmt":"2024-10-11T09:56:30","slug":"apavisa","status":"publish","type":"page","link":"https:\/\/klienci.scepter.agency\/greston\/marki\/apavisa\/","title":{"rendered":"Apavisa"},"content":{"rendered":"\n<p><strong>Apavisa Porcel\u00e1nico &#8211; Lider w Produkcji P\u0142ytek Porcelanowych<\/strong><\/p>\n\n\n\n<p>Apavisa Porcel\u00e1nico to wiod\u0105cy producent p\u0142ytek porcelanowych, kt\u00f3rego zak\u0142ady przemys\u0142owe, wyposa\u017cone w najnowocze\u015bniejsz\u0105 technologi\u0119, zajmuj\u0105 imponuj\u0105c\u0105 powierzchni\u0119 ponad 200 000 m\u00b2. Zesp\u00f3\u0142 firmy wyr\u00f3\u017cnia si\u0119 pasj\u0105 i profesjonalizmem, co przek\u0142ada si\u0119 na najwy\u017csz\u0105 jako\u015b\u0107 oferowanych produkt\u00f3w.<\/p>\n\n\n\n<p>Dzi\u0119ki obecno\u015bci w ponad 100 krajach, produkty APAVISA zapewniaj\u0105 niezawodno\u015b\u0107 i profesjonalizm, niezb\u0119dne dla realizacji najbardziej wymagaj\u0105cych projekt\u00f3w.<\/p>\n\n\n\n<p>W nowoczesnym salonie wystawowym o powierzchni 2000 m\u00b2, architekci, projektanci oraz osoby prywatne mog\u0105 osobi\u015bcie zapozna\u0107 si\u0119 z szerokim wachlarzem zastosowa\u0144 p\u0142ytek ceramicznych i odkry\u0107 ich potencja\u0142 dekoracyjny.<\/p>\n\n\n\n<p>Dzi\u0119ki zaawansowanej technologii, bogatej palecie kolor\u00f3w, faktur i wyko\u0144cze\u0144, a tak\u017ce rygorystycznym kontrolom na ka\u017cdym etapie produkcji, APAVISA oferuje p\u0142ytki porcelanowe o najwy\u017cszych w\u0142a\u015bciwo\u015bciach technicznych. Produkty te charakteryzuj\u0105 si\u0119 wszechstronno\u015bci\u0105 i kreatywno\u015bci\u0105, niezb\u0119dnymi w nowoczesnej architekturze i innowacyjnym projektowaniu.<\/p>\n\n\n\n<p>Warto\u015bci firmy wyr\u00f3\u017cniaj\u0105 j\u0105 na rynku. Filozofia korporacyjna APAVISA opiera si\u0119 na gwarantowanej jako\u015bci, innowacyjno\u015bci, pracy zespo\u0142owej, zaanga\u017cowaniu, wyj\u0105tkowym do\u015bwiadczeniu klienta oraz spo\u0142ecznej odpowiedzialno\u015bci biznesu.<\/p>\n\n\n\n<p>Portfolio marki obejmuje modele inspirowane r\u00f3\u017cnorodnymi materia\u0142ami, takimi jak kamie\u0144, drewno, beton czy metal, doskonale wpisuj\u0105cymi si\u0119 w aktualne trendy wn\u0119trzarskie. Odwa\u017cne podej\u015bcie do projektowania sprawia, \u017ce w kolekcjach Apavisa znajdziemy zar\u00f3wno klasyczne wzory, jak i wyszukane mozaiki oraz dekoracyjne elementy 3D.<\/p>\n\n\n\n<p>Firma oferuje szeroki wyb\u00f3r format\u00f3w i grubo\u015bci p\u0142ytek (od 5 do 11 mm), co pozwala na ich dopasowanie do r\u00f3\u017cnorodnych projekt\u00f3w i aran\u017cacji.<\/p>\n\n\n\n<p>W swojej ofercie posiada zar\u00f3wno ma\u0142e dekoracyjne p\u0142ytki jak i wielkoformatowe gresy o r\u00f3\u017cnych wyko\u0144czeniach.&nbsp;<\/p>\n\n\n\n<div class=\"wp-block-buttons is-layout-flex wp-block-buttons-is-layout-flex\">\n<div class=\"wp-block-button\"><a class=\"wp-block-button__link wp-element-button\" href=\"https:\/\/apavisa.com\/\" target=\"_blank\" rel=\"noreferrer noopener\">Zobacz stron\u0119 producenta<\/a><\/div>\n<\/div>\n\n\n\n<p><\/p>\n\n\n\n<p><\/p>\n\n\n\n<p><\/p>\n\n\n\n<p><\/p>\n\n\n\n<p><\/p>\n","protected":false},"excerpt":{"rendered":"<p>Apavisa Porcel\u00e1nico &#8211; Lider w Produkcji P\u0142ytek Porcelanowych Apavisa Porcel\u00e1nico to wiod\u0105cy producent p\u0142ytek porcelanowych, kt\u00f3rego zak\u0142ady przemys\u0142owe, wyposa\u017cone w najnowocze\u015bniejsz\u0105 technologi\u0119, zajmuj\u0105 imponuj\u0105c\u0105 powierzchni\u0119 ponad 200 000 m\u00b2. Zesp\u00f3\u0142 firmy wyr\u00f3\u017cnia si\u0119 pasj\u0105 i profesjonalizmem, co przek\u0142ada si\u0119 na najwy\u017csz\u0105 jako\u015b\u0107 oferowanych produkt\u00f3w. Dzi\u0119ki obecno\u015bci w ponad 100 krajach, produkty APAVISA zapewniaj\u0105 niezawodno\u015b\u0107 i [&hellip;]<\/p>\n","protected":false},"author":1,"featured_media":832,"parent":18,"menu_order":0,"comment_status":"closed","ping_status":"closed","template":"pages\/marka.php","meta":{"footnotes":""},"class_list":["post-383","page","type-page","status-publish","has-post-thumbnail","hentry"],"acf":[],"yoast_head":"<!-- This site is optimized with the Yoast SEO plugin v23.2 - https:\/\/yoast.com\/wordpress\/plugins\/seo\/ -->\n<title>Apavisa - Salon \u0142azienek Warszawa, armatura, gresy i akcesoria - Greston<\/title>\n<meta name=\"robots\" content=\"noindex, follow, max-snippet:-1, max-image-preview:large, max-video-preview:-1\" \/>\n<meta property=\"og:locale\" content=\"pl_PL\" \/>\n<meta property=\"og:type\" content=\"article\" \/>\n<meta property=\"og:title\" content=\"Apavisa - Salon \u0142azienek Warszawa, armatura, gresy i akcesoria - Greston\" \/>\n<meta property=\"og:description\" content=\"Apavisa Porcel\u00e1nico &#8211; Lider w Produkcji P\u0142ytek Porcelanowych Apavisa Porcel\u00e1nico to wiod\u0105cy producent p\u0142ytek porcelanowych, kt\u00f3rego zak\u0142ady przemys\u0142owe, wyposa\u017cone w najnowocze\u015bniejsz\u0105 technologi\u0119, zajmuj\u0105 imponuj\u0105c\u0105 powierzchni\u0119 ponad 200 000 m\u00b2. Zesp\u00f3\u0142 firmy wyr\u00f3\u017cnia si\u0119 pasj\u0105 i profesjonalizmem, co przek\u0142ada si\u0119 na najwy\u017csz\u0105 jako\u015b\u0107 oferowanych produkt\u00f3w. Dzi\u0119ki obecno\u015bci w ponad 100 krajach, produkty APAVISA zapewniaj\u0105 niezawodno\u015b\u0107 i [&hellip;]\" \/>\n<meta property=\"og:url\" content=\"https:\/\/klienci.scepter.agency\/greston\/marki\/apavisa\/\" \/>\n<meta property=\"og:site_name\" content=\"Salon \u0142azienek Warszawa, armatura, gresy i akcesoria - Greston\" \/>\n<meta property=\"article:modified_time\" content=\"2024-10-11T09:56:30+00:00\" \/>\n<meta property=\"og:image\" content=\"https:\/\/klienci.scepter.agency\/greston\/wp-content\/uploads\/2024\/08\/wyrozniajace.jpg\" \/>\n\t<meta property=\"og:image:width\" content=\"826\" \/>\n\t<meta property=\"og:image:height\" content=\"1000\" \/>\n\t<meta property=\"og:image:type\" content=\"image\/jpeg\" \/>\n<meta name=\"twitter:card\" content=\"summary_large_image\" \/>\n<meta name=\"twitter:label1\" content=\"Szacowany czas czytania\" \/>\n\t<meta name=\"twitter:data1\" content=\"2 minuty\" \/>\n<script type=\"application\/ld+json\" class=\"yoast-schema-graph\">{\"@context\":\"https:\/\/schema.org\",\"@graph\":[{\"@type\":\"WebPage\",\"@id\":\"https:\/\/klienci.scepter.agency\/greston\/marki\/apavisa\/\",\"url\":\"https:\/\/klienci.scepter.agency\/greston\/marki\/apavisa\/\",\"name\":\"Apavisa - Salon \u0142azienek Warszawa, armatura, gresy i akcesoria - Greston\",\"isPartOf\":{\"@id\":\"https:\/\/klienci.scepter.agency\/greston\/#website\"},\"primaryImageOfPage\":{\"@id\":\"https:\/\/klienci.scepter.agency\/greston\/marki\/apavisa\/#primaryimage\"},\"image\":{\"@id\":\"https:\/\/klienci.scepter.agency\/greston\/marki\/apavisa\/#primaryimage\"},\"thumbnailUrl\":\"https:\/\/klienci.scepter.agency\/greston\/wp-content\/uploads\/2024\/08\/wyrozniajace.jpg\",\"datePublished\":\"2024-08-13T19:47:27+00:00\",\"dateModified\":\"2024-10-11T09:56:30+00:00\",\"breadcrumb\":{\"@id\":\"https:\/\/klienci.scepter.agency\/greston\/marki\/apavisa\/#breadcrumb\"},\"inLanguage\":\"pl-PL\",\"potentialAction\":[{\"@type\":\"ReadAction\",\"target\":[\"https:\/\/klienci.scepter.agency\/greston\/marki\/apavisa\/\"]}]},{\"@type\":\"ImageObject\",\"inLanguage\":\"pl-PL\",\"@id\":\"https:\/\/klienci.scepter.agency\/greston\/marki\/apavisa\/#primaryimage\",\"url\":\"https:\/\/klienci.scepter.agency\/greston\/wp-content\/uploads\/2024\/08\/wyrozniajace.jpg\",\"contentUrl\":\"https:\/\/klienci.scepter.agency\/greston\/wp-content\/uploads\/2024\/08\/wyrozniajace.jpg\",\"width\":826,\"height\":1000},{\"@type\":\"BreadcrumbList\",\"@id\":\"https:\/\/klienci.scepter.agency\/greston\/marki\/apavisa\/#breadcrumb\",\"itemListElement\":[{\"@type\":\"ListItem\",\"position\":1,\"name\":\"Strona g\u0142\u00f3wna\",\"item\":\"https:\/\/klienci.scepter.agency\/greston\/\"},{\"@type\":\"ListItem\",\"position\":2,\"name\":\"Marki\",\"item\":\"https:\/\/klienci.scepter.agency\/greston\/marki\/\"},{\"@type\":\"ListItem\",\"position\":3,\"name\":\"Apavisa\"}]},{\"@type\":\"WebSite\",\"@id\":\"https:\/\/klienci.scepter.agency\/greston\/#website\",\"url\":\"https:\/\/klienci.scepter.agency\/greston\/\",\"name\":\"Salon \u0142azienek Warszawa, armatura, gresy i akcesoria - Greston\",\"description\":\"\",\"potentialAction\":[{\"@type\":\"SearchAction\",\"target\":{\"@type\":\"EntryPoint\",\"urlTemplate\":\"https:\/\/klienci.scepter.agency\/greston\/?s={search_term_string}\"},\"query-input\":\"required name=search_term_string\"}],\"inLanguage\":\"pl-PL\"}]}<\/script>\n<!-- \/ Yoast SEO plugin. -->","yoast_head_json":{"title":"Apavisa - Salon \u0142azienek Warszawa, armatura, gresy i akcesoria - Greston","robots":{"index":"noindex","follow":"follow","max-snippet":"max-snippet:-1","max-image-preview":"max-image-preview:large","max-video-preview":"max-video-preview:-1"},"og_locale":"pl_PL","og_type":"article","og_title":"Apavisa - Salon \u0142azienek Warszawa, armatura, gresy i akcesoria - Greston","og_description":"Apavisa Porcel\u00e1nico &#8211; Lider w Produkcji P\u0142ytek Porcelanowych Apavisa Porcel\u00e1nico to wiod\u0105cy producent p\u0142ytek porcelanowych, kt\u00f3rego zak\u0142ady przemys\u0142owe, wyposa\u017cone w najnowocze\u015bniejsz\u0105 technologi\u0119, zajmuj\u0105 imponuj\u0105c\u0105 powierzchni\u0119 ponad 200 000 m\u00b2. Zesp\u00f3\u0142 firmy wyr\u00f3\u017cnia si\u0119 pasj\u0105 i profesjonalizmem, co przek\u0142ada si\u0119 na najwy\u017csz\u0105 jako\u015b\u0107 oferowanych produkt\u00f3w. Dzi\u0119ki obecno\u015bci w ponad 100 krajach, produkty APAVISA zapewniaj\u0105 niezawodno\u015b\u0107 i [&hellip;]","og_url":"https:\/\/klienci.scepter.agency\/greston\/marki\/apavisa\/","og_site_name":"Salon \u0142azienek Warszawa, armatura, gresy i akcesoria - Greston","article_modified_time":"2024-10-11T09:56:30+00:00","og_image":[{"width":826,"height":1000,"url":"https:\/\/klienci.scepter.agency\/greston\/wp-content\/uploads\/2024\/08\/wyrozniajace.jpg","type":"image\/jpeg"}],"twitter_card":"summary_large_image","twitter_misc":{"Szacowany czas czytania":"2 minuty"},"schema":{"@context":"https:\/\/schema.org","@graph":[{"@type":"WebPage","@id":"https:\/\/klienci.scepter.agency\/greston\/marki\/apavisa\/","url":"https:\/\/klienci.scepter.agency\/greston\/marki\/apavisa\/","name":"Apavisa - Salon \u0142azienek Warszawa, armatura, gresy i akcesoria - Greston","isPartOf":{"@id":"https:\/\/klienci.scepter.agency\/greston\/#website"},"primaryImageOfPage":{"@id":"https:\/\/klienci.scepter.agency\/greston\/marki\/apavisa\/#primaryimage"},"image":{"@id":"https:\/\/klienci.scepter.agency\/greston\/marki\/apavisa\/#primaryimage"},"thumbnailUrl":"https:\/\/klienci.scepter.agency\/greston\/wp-content\/uploads\/2024\/08\/wyrozniajace.jpg","datePublished":"2024-08-13T19:47:27+00:00","dateModified":"2024-10-11T09:56:30+00:00","breadcrumb":{"@id":"https:\/\/klienci.scepter.agency\/greston\/marki\/apavisa\/#breadcrumb"},"inLanguage":"pl-PL","potentialAction":[{"@type":"ReadAction","target":["https:\/\/klienci.scepter.agency\/greston\/marki\/apavisa\/"]}]},{"@type":"ImageObject","inLanguage":"pl-PL","@id":"https:\/\/klienci.scepter.agency\/greston\/marki\/apavisa\/#primaryimage","url":"https:\/\/klienci.scepter.agency\/greston\/wp-content\/uploads\/2024\/08\/wyrozniajace.jpg","contentUrl":"https:\/\/klienci.scepter.agency\/greston\/wp-content\/uploads\/2024\/08\/wyrozniajace.jpg","width":826,"height":1000},{"@type":"BreadcrumbList","@id":"https:\/\/klienci.scepter.agency\/greston\/marki\/apavisa\/#breadcrumb","itemListElement":[{"@type":"ListItem","position":1,"name":"Strona g\u0142\u00f3wna","item":"https:\/\/klienci.scepter.agency\/greston\/"},{"@type":"ListItem","position":2,"name":"Marki","item":"https:\/\/klienci.scepter.agency\/greston\/marki\/"},{"@type":"ListItem","position":3,"name":"Apavisa"}]},{"@type":"WebSite","@id":"https:\/\/klienci.scepter.agency\/greston\/#website","url":"https:\/\/klienci.scepter.agency\/greston\/","name":"Salon \u0142azienek Warszawa, armatura, gresy i akcesoria - Greston","description":"","potentialAction":[{"@type":"SearchAction","target":{"@type":"EntryPoint","urlTemplate":"https:\/\/klienci.scepter.agency\/greston\/?s={search_term_string}"},"query-input":"required name=search_term_string"}],"inLanguage":"pl-PL"}]}},"_links":{"self":[{"href":"https:\/\/klienci.scepter.agency\/greston\/wp-json\/wp\/v2\/pages\/383","targetHints":{"allow":["GET"]}}],"collection":[{"href":"https:\/\/klienci.scepter.agency\/greston\/wp-json\/wp\/v2\/pages"}],"about":[{"href":"https:\/\/klienci.scepter.agency\/greston\/wp-json\/wp\/v2\/types\/page"}],"author":[{"embeddable":true,"href":"https:\/\/klienci.scepter.agency\/greston\/wp-json\/wp\/v2\/users\/1"}],"replies":[{"embeddable":true,"href":"https:\/\/klienci.scepter.agency\/greston\/wp-json\/wp\/v2\/comments?post=383"}],"version-history":[{"count":4,"href":"https:\/\/klienci.scepter.agency\/greston\/wp-json\/wp\/v2\/pages\/383\/revisions"}],"predecessor-version":[{"id":826,"href":"https:\/\/klienci.scepter.agency\/greston\/wp-json\/wp\/v2\/pages\/383\/revisions\/826"}],"up":[{"embeddable":true,"href":"https:\/\/klienci.scepter.agency\/greston\/wp-json\/wp\/v2\/pages\/18"}],"wp:featuredmedia":[{"embeddable":true,"href":"https:\/\/klienci.scepter.agency\/greston\/wp-json\/wp\/v2\/media\/832"}],"wp:attachment":[{"href":"https:\/\/klienci.scepter.agency\/greston\/wp-json\/wp\/v2\/media?parent=383"}],"curies":[{"name":"wp","href":"https:\/\/api.w.org\/{rel}","templated":true}]}}