{"id":387,"date":"2024-08-13T21:48:02","date_gmt":"2024-08-13T19:48:02","guid":{"rendered":"https:\/\/klienci.scepter.agency\/greston\/?page_id=387"},"modified":"2024-10-11T13:23:06","modified_gmt":"2024-10-11T11:23:06","slug":"dune","status":"publish","type":"page","link":"https:\/\/klienci.scepter.agency\/greston\/marki\/dune\/","title":{"rendered":"Dune"},"content":{"rendered":"\n<p>Dune powsta\u0142a w 1993 roku z celem tworzenia materia\u0142\u00f3w, kt\u00f3re zaskakuj\u0105 i inspiruj\u0105 unikalne projekty. Od pocz\u0105tku odkrywaj\u0105 nieograniczone mo\u017cliwo\u015bci ceramiki, tworz\u0105c innowacyjne produkty, kt\u00f3re podkre\u015blaj\u0105 oryginalno\u015b\u0107 i indywidualno\u015b\u0107 u\u017cytkownik\u00f3w. Dune d\u0105\u017cy do wzbogacenia \u015bwiata o pi\u0119kno i doznania.<\/p>\n\n\n\n<p>Firma, zakorzeniona w sercu hiszpa\u0144skiej strefy produkcji ceramiki, nale\u017cy do grupy biznesowej specjalizuj\u0105cej si\u0119 w projektowaniu i produkcji ceramiki. Wyr\u00f3\u017cnia ich wyj\u0105tkowa wra\u017cliwo\u015b\u0107 na estetyk\u0119 i dotyk produkt\u00f3w, co stanowi si\u0142\u0119 nap\u0119dow\u0105 ich codziennej pracy.<\/p>\n\n\n\n<p>Z czasem rozszerzyli dzia\u0142alno\u015b\u0107 o nowe materia\u0142y, przekszta\u0142caj\u0105c kamie\u0144, szk\u0142o i metal w ok\u0142adziny pod\u0142ogowe i \u015bcienne, mozaiki oraz umywalki. Z ponad 30-letnim do\u015bwiadczeniem Dune sta\u0142a si\u0119 mi\u0119dzynarodow\u0105 mark\u0105, cenion\u0105 za oryginalno\u015b\u0107 i wszechstronno\u015b\u0107 przez architekt\u00f3w, projektant\u00f3w wn\u0119trz i dystrybutor\u00f3w na ca\u0142ym \u015bwiecie.<\/p>\n\n\n\n<p>Dune wierzy, \u017ce prawdziwy design polega na prze\u0142amywaniu schemat\u00f3w.<\/p>\n\n\n\n<div class=\"wp-block-buttons is-layout-flex wp-block-buttons-is-layout-flex\">\n<div class=\"wp-block-button\"><a class=\"wp-block-button__link wp-element-button\" href=\"https:\/\/duneceramics.com\/en\" target=\"_blank\" rel=\"noreferrer noopener\">Zobacz stron\u0119 producenta<\/a><\/div>\n<\/div>\n","protected":false},"excerpt":{"rendered":"<p>Dune powsta\u0142a w 1993 roku z celem tworzenia materia\u0142\u00f3w, kt\u00f3re zaskakuj\u0105 i inspiruj\u0105 unikalne projekty. Od pocz\u0105tku odkrywaj\u0105 nieograniczone mo\u017cliwo\u015bci ceramiki, tworz\u0105c innowacyjne produkty, kt\u00f3re podkre\u015blaj\u0105 oryginalno\u015b\u0107 i indywidualno\u015b\u0107 u\u017cytkownik\u00f3w. Dune d\u0105\u017cy do wzbogacenia \u015bwiata o pi\u0119kno i doznania. Firma, zakorzeniona w sercu hiszpa\u0144skiej strefy produkcji ceramiki, nale\u017cy do grupy biznesowej specjalizuj\u0105cej si\u0119 w projektowaniu [&hellip;]<\/p>\n","protected":false},"author":1,"featured_media":1008,"parent":18,"menu_order":0,"comment_status":"closed","ping_status":"closed","template":"pages\/marka.php","meta":{"footnotes":""},"class_list":["post-387","page","type-page","status-publish","has-post-thumbnail","hentry"],"acf":[],"yoast_head":"<!-- This site is optimized with the Yoast SEO plugin v23.2 - https:\/\/yoast.com\/wordpress\/plugins\/seo\/ -->\n<title>Dune - Salon \u0142azienek Warszawa, armatura, gresy i akcesoria - Greston<\/title>\n<meta name=\"robots\" content=\"noindex, follow, max-snippet:-1, max-image-preview:large, max-video-preview:-1\" \/>\n<meta property=\"og:locale\" content=\"pl_PL\" \/>\n<meta property=\"og:type\" content=\"article\" \/>\n<meta property=\"og:title\" content=\"Dune - Salon \u0142azienek Warszawa, armatura, gresy i akcesoria - Greston\" \/>\n<meta property=\"og:description\" content=\"Dune powsta\u0142a w 1993 roku z celem tworzenia materia\u0142\u00f3w, kt\u00f3re zaskakuj\u0105 i inspiruj\u0105 unikalne projekty. Od pocz\u0105tku odkrywaj\u0105 nieograniczone mo\u017cliwo\u015bci ceramiki, tworz\u0105c innowacyjne produkty, kt\u00f3re podkre\u015blaj\u0105 oryginalno\u015b\u0107 i indywidualno\u015b\u0107 u\u017cytkownik\u00f3w. Dune d\u0105\u017cy do wzbogacenia \u015bwiata o pi\u0119kno i doznania. Firma, zakorzeniona w sercu hiszpa\u0144skiej strefy produkcji ceramiki, nale\u017cy do grupy biznesowej specjalizuj\u0105cej si\u0119 w projektowaniu [&hellip;]\" \/>\n<meta property=\"og:url\" content=\"https:\/\/klienci.scepter.agency\/greston\/marki\/dune\/\" \/>\n<meta property=\"og:site_name\" content=\"Salon \u0142azienek Warszawa, armatura, gresy i akcesoria - Greston\" \/>\n<meta property=\"article:modified_time\" content=\"2024-10-11T11:23:06+00:00\" \/>\n<meta property=\"og:image\" content=\"https:\/\/klienci.scepter.agency\/greston\/wp-content\/uploads\/2024\/09\/wyrozniajace-4.jpg\" \/>\n\t<meta property=\"og:image:width\" content=\"2000\" \/>\n\t<meta property=\"og:image:height\" content=\"1499\" \/>\n\t<meta property=\"og:image:type\" content=\"image\/jpeg\" \/>\n<meta name=\"twitter:card\" content=\"summary_large_image\" \/>\n<meta name=\"twitter:label1\" content=\"Szacowany czas czytania\" \/>\n\t<meta name=\"twitter:data1\" content=\"1 minuta\" \/>\n<script type=\"application\/ld+json\" class=\"yoast-schema-graph\">{\"@context\":\"https:\/\/schema.org\",\"@graph\":[{\"@type\":\"WebPage\",\"@id\":\"https:\/\/klienci.scepter.agency\/greston\/marki\/dune\/\",\"url\":\"https:\/\/klienci.scepter.agency\/greston\/marki\/dune\/\",\"name\":\"Dune - Salon \u0142azienek Warszawa, armatura, gresy i akcesoria - Greston\",\"isPartOf\":{\"@id\":\"https:\/\/klienci.scepter.agency\/greston\/#website\"},\"primaryImageOfPage\":{\"@id\":\"https:\/\/klienci.scepter.agency\/greston\/marki\/dune\/#primaryimage\"},\"image\":{\"@id\":\"https:\/\/klienci.scepter.agency\/greston\/marki\/dune\/#primaryimage\"},\"thumbnailUrl\":\"https:\/\/klienci.scepter.agency\/greston\/wp-content\/uploads\/2024\/09\/wyrozniajace-4.jpg\",\"datePublished\":\"2024-08-13T19:48:02+00:00\",\"dateModified\":\"2024-10-11T11:23:06+00:00\",\"breadcrumb\":{\"@id\":\"https:\/\/klienci.scepter.agency\/greston\/marki\/dune\/#breadcrumb\"},\"inLanguage\":\"pl-PL\",\"potentialAction\":[{\"@type\":\"ReadAction\",\"target\":[\"https:\/\/klienci.scepter.agency\/greston\/marki\/dune\/\"]}]},{\"@type\":\"ImageObject\",\"inLanguage\":\"pl-PL\",\"@id\":\"https:\/\/klienci.scepter.agency\/greston\/marki\/dune\/#primaryimage\",\"url\":\"https:\/\/klienci.scepter.agency\/greston\/wp-content\/uploads\/2024\/09\/wyrozniajace-4.jpg\",\"contentUrl\":\"https:\/\/klienci.scepter.agency\/greston\/wp-content\/uploads\/2024\/09\/wyrozniajace-4.jpg\",\"width\":2000,\"height\":1499},{\"@type\":\"BreadcrumbList\",\"@id\":\"https:\/\/klienci.scepter.agency\/greston\/marki\/dune\/#breadcrumb\",\"itemListElement\":[{\"@type\":\"ListItem\",\"position\":1,\"name\":\"Strona g\u0142\u00f3wna\",\"item\":\"https:\/\/klienci.scepter.agency\/greston\/\"},{\"@type\":\"ListItem\",\"position\":2,\"name\":\"Marki\",\"item\":\"https:\/\/klienci.scepter.agency\/greston\/marki\/\"},{\"@type\":\"ListItem\",\"position\":3,\"name\":\"Dune\"}]},{\"@type\":\"WebSite\",\"@id\":\"https:\/\/klienci.scepter.agency\/greston\/#website\",\"url\":\"https:\/\/klienci.scepter.agency\/greston\/\",\"name\":\"Salon \u0142azienek Warszawa, armatura, gresy i akcesoria - Greston\",\"description\":\"\",\"potentialAction\":[{\"@type\":\"SearchAction\",\"target\":{\"@type\":\"EntryPoint\",\"urlTemplate\":\"https:\/\/klienci.scepter.agency\/greston\/?s={search_term_string}\"},\"query-input\":\"required name=search_term_string\"}],\"inLanguage\":\"pl-PL\"}]}<\/script>\n<!-- \/ Yoast SEO plugin. -->","yoast_head_json":{"title":"Dune - Salon \u0142azienek Warszawa, armatura, gresy i akcesoria - Greston","robots":{"index":"noindex","follow":"follow","max-snippet":"max-snippet:-1","max-image-preview":"max-image-preview:large","max-video-preview":"max-video-preview:-1"},"og_locale":"pl_PL","og_type":"article","og_title":"Dune - Salon \u0142azienek Warszawa, armatura, gresy i akcesoria - Greston","og_description":"Dune powsta\u0142a w 1993 roku z celem tworzenia materia\u0142\u00f3w, kt\u00f3re zaskakuj\u0105 i inspiruj\u0105 unikalne projekty. Od pocz\u0105tku odkrywaj\u0105 nieograniczone mo\u017cliwo\u015bci ceramiki, tworz\u0105c innowacyjne produkty, kt\u00f3re podkre\u015blaj\u0105 oryginalno\u015b\u0107 i indywidualno\u015b\u0107 u\u017cytkownik\u00f3w. Dune d\u0105\u017cy do wzbogacenia \u015bwiata o pi\u0119kno i doznania. Firma, zakorzeniona w sercu hiszpa\u0144skiej strefy produkcji ceramiki, nale\u017cy do grupy biznesowej specjalizuj\u0105cej si\u0119 w projektowaniu [&hellip;]","og_url":"https:\/\/klienci.scepter.agency\/greston\/marki\/dune\/","og_site_name":"Salon \u0142azienek Warszawa, armatura, gresy i akcesoria - Greston","article_modified_time":"2024-10-11T11:23:06+00:00","og_image":[{"width":2000,"height":1499,"url":"https:\/\/klienci.scepter.agency\/greston\/wp-content\/uploads\/2024\/09\/wyrozniajace-4.jpg","type":"image\/jpeg"}],"twitter_card":"summary_large_image","twitter_misc":{"Szacowany czas czytania":"1 minuta"},"schema":{"@context":"https:\/\/schema.org","@graph":[{"@type":"WebPage","@id":"https:\/\/klienci.scepter.agency\/greston\/marki\/dune\/","url":"https:\/\/klienci.scepter.agency\/greston\/marki\/dune\/","name":"Dune - Salon \u0142azienek Warszawa, armatura, gresy i akcesoria - Greston","isPartOf":{"@id":"https:\/\/klienci.scepter.agency\/greston\/#website"},"primaryImageOfPage":{"@id":"https:\/\/klienci.scepter.agency\/greston\/marki\/dune\/#primaryimage"},"image":{"@id":"https:\/\/klienci.scepter.agency\/greston\/marki\/dune\/#primaryimage"},"thumbnailUrl":"https:\/\/klienci.scepter.agency\/greston\/wp-content\/uploads\/2024\/09\/wyrozniajace-4.jpg","datePublished":"2024-08-13T19:48:02+00:00","dateModified":"2024-10-11T11:23:06+00:00","breadcrumb":{"@id":"https:\/\/klienci.scepter.agency\/greston\/marki\/dune\/#breadcrumb"},"inLanguage":"pl-PL","potentialAction":[{"@type":"ReadAction","target":["https:\/\/klienci.scepter.agency\/greston\/marki\/dune\/"]}]},{"@type":"ImageObject","inLanguage":"pl-PL","@id":"https:\/\/klienci.scepter.agency\/greston\/marki\/dune\/#primaryimage","url":"https:\/\/klienci.scepter.agency\/greston\/wp-content\/uploads\/2024\/09\/wyrozniajace-4.jpg","contentUrl":"https:\/\/klienci.scepter.agency\/greston\/wp-content\/uploads\/2024\/09\/wyrozniajace-4.jpg","width":2000,"height":1499},{"@type":"BreadcrumbList","@id":"https:\/\/klienci.scepter.agency\/greston\/marki\/dune\/#breadcrumb","itemListElement":[{"@type":"ListItem","position":1,"name":"Strona g\u0142\u00f3wna","item":"https:\/\/klienci.scepter.agency\/greston\/"},{"@type":"ListItem","position":2,"name":"Marki","item":"https:\/\/klienci.scepter.agency\/greston\/marki\/"},{"@type":"ListItem","position":3,"name":"Dune"}]},{"@type":"WebSite","@id":"https:\/\/klienci.scepter.agency\/greston\/#website","url":"https:\/\/klienci.scepter.agency\/greston\/","name":"Salon \u0142azienek Warszawa, armatura, gresy i akcesoria - Greston","description":"","potentialAction":[{"@type":"SearchAction","target":{"@type":"EntryPoint","urlTemplate":"https:\/\/klienci.scepter.agency\/greston\/?s={search_term_string}"},"query-input":"required name=search_term_string"}],"inLanguage":"pl-PL"}]}},"_links":{"self":[{"href":"https:\/\/klienci.scepter.agency\/greston\/wp-json\/wp\/v2\/pages\/387","targetHints":{"allow":["GET"]}}],"collection":[{"href":"https:\/\/klienci.scepter.agency\/greston\/wp-json\/wp\/v2\/pages"}],"about":[{"href":"https:\/\/klienci.scepter.agency\/greston\/wp-json\/wp\/v2\/types\/page"}],"author":[{"embeddable":true,"href":"https:\/\/klienci.scepter.agency\/greston\/wp-json\/wp\/v2\/users\/1"}],"replies":[{"embeddable":true,"href":"https:\/\/klienci.scepter.agency\/greston\/wp-json\/wp\/v2\/comments?post=387"}],"version-history":[{"count":6,"href":"https:\/\/klienci.scepter.agency\/greston\/wp-json\/wp\/v2\/pages\/387\/revisions"}],"predecessor-version":[{"id":2337,"href":"https:\/\/klienci.scepter.agency\/greston\/wp-json\/wp\/v2\/pages\/387\/revisions\/2337"}],"up":[{"embeddable":true,"href":"https:\/\/klienci.scepter.agency\/greston\/wp-json\/wp\/v2\/pages\/18"}],"wp:featuredmedia":[{"embeddable":true,"href":"https:\/\/klienci.scepter.agency\/greston\/wp-json\/wp\/v2\/media\/1008"}],"wp:attachment":[{"href":"https:\/\/klienci.scepter.agency\/greston\/wp-json\/wp\/v2\/media?parent=387"}],"curies":[{"name":"wp","href":"https:\/\/api.w.org\/{rel}","templated":true}]}}