{"id":395,"date":"2024-08-13T21:49:36","date_gmt":"2024-08-13T19:49:36","guid":{"rendered":"https:\/\/klienci.scepter.agency\/greston\/?page_id=395"},"modified":"2024-10-11T14:52:52","modified_gmt":"2024-10-11T12:52:52","slug":"onix","status":"publish","type":"page","link":"https:\/\/klienci.scepter.agency\/greston\/marki\/onix\/","title":{"rendered":"Onix"},"content":{"rendered":"\n<p>Firma <strong>Onix<\/strong> to renomowany producent mozaiki, znany z dostarczania wyj\u0105tkowych i innowacyjnych rozwi\u0105za\u0144 w zakresie wyko\u0144czenia wn\u0119trz. Siedziba firmy znajduje si\u0119 w Hiszpanii, a jej oferta obejmuje bogaty wyb\u00f3r produkt\u00f3w, kt\u00f3re \u0142\u0105cz\u0105 estetyk\u0119 z funkcjonalno\u015bci\u0105.<\/p>\n\n\n\n<p>Onix specjalizuje si\u0119 w tworzeniu mozaik z r\u00f3\u017cnych materia\u0142\u00f3w, takich jak:<\/p>\n\n\n\n<ul class=\"wp-block-list\">\n<li><strong>Szk\u0142o<\/strong>: Mozaiki szklane Onix charakteryzuj\u0105 si\u0119 r\u00f3\u017cnorodno\u015bci\u0105 kolor\u00f3w i faktur, co pozwala na tworzenie efektownych aran\u017cacji w kuchniach, \u0142azienkach oraz innych przestrzeniach. Ich przezroczysto\u015b\u0107 i blask dodaj\u0105 wn\u0119trzom lekko\u015bci i elegancji.<\/li>\n\n\n\n<li><strong>Kamie\u0144<\/strong>: Mozaiki kamienne oferuj\u0105 naturalny wygl\u0105d i trwa\u0142o\u015b\u0107. Wyb\u00f3r r\u00f3\u017cnych rodzaj\u00f3w kamienia, takich jak marmur czy granit, pozwala na uzyskanie unikalnych efekt\u00f3w wizualnych.<\/li>\n\n\n\n<li><strong>Ceramika<\/strong>: Onix proponuje r\u00f3wnie\u017c mozaiki ceramiczne, kt\u00f3re s\u0105 dost\u0119pne w wielu stylach, kolorach i wzorach. Dzi\u0119ki swojej wszechstronno\u015bci, idealnie nadaj\u0105 si\u0119 do r\u00f3\u017cnorodnych projekt\u00f3w wn\u0119trzarskich.<\/li>\n<\/ul>\n\n\n\n<p><\/p>\n\n\n\n<div class=\"wp-block-buttons is-layout-flex wp-block-buttons-is-layout-flex\">\n<div class=\"wp-block-button\"><a class=\"wp-block-button__link wp-element-button\" href=\"https:\/\/www.onixmosaico.com\/en\/\" target=\"_blank\" rel=\"noreferrer noopener\">Zobacz stron\u0119 producenta<\/a><\/div>\n<\/div>\n","protected":false},"excerpt":{"rendered":"<p>Firma Onix to renomowany producent mozaiki, znany z dostarczania wyj\u0105tkowych i innowacyjnych rozwi\u0105za\u0144 w zakresie wyko\u0144czenia wn\u0119trz. Siedziba firmy znajduje si\u0119 w Hiszpanii, a jej oferta obejmuje bogaty wyb\u00f3r produkt\u00f3w, kt\u00f3re \u0142\u0105cz\u0105 estetyk\u0119 z funkcjonalno\u015bci\u0105. Onix specjalizuje si\u0119 w tworzeniu mozaik z r\u00f3\u017cnych materia\u0142\u00f3w, takich jak:<\/p>\n","protected":false},"author":1,"featured_media":1902,"parent":18,"menu_order":0,"comment_status":"closed","ping_status":"closed","template":"pages\/marka.php","meta":{"footnotes":""},"class_list":["post-395","page","type-page","status-publish","has-post-thumbnail","hentry"],"acf":[],"yoast_head":"<!-- This site is optimized with the Yoast SEO plugin v23.2 - https:\/\/yoast.com\/wordpress\/plugins\/seo\/ -->\n<title>Onix - Salon \u0142azienek Warszawa, armatura, gresy i akcesoria - Greston<\/title>\n<meta name=\"robots\" content=\"noindex, follow, max-snippet:-1, max-image-preview:large, max-video-preview:-1\" \/>\n<meta property=\"og:locale\" content=\"pl_PL\" \/>\n<meta property=\"og:type\" content=\"article\" \/>\n<meta property=\"og:title\" content=\"Onix - Salon \u0142azienek Warszawa, armatura, gresy i akcesoria - Greston\" \/>\n<meta property=\"og:description\" content=\"Firma Onix to renomowany producent mozaiki, znany z dostarczania wyj\u0105tkowych i innowacyjnych rozwi\u0105za\u0144 w zakresie wyko\u0144czenia wn\u0119trz. Siedziba firmy znajduje si\u0119 w Hiszpanii, a jej oferta obejmuje bogaty wyb\u00f3r produkt\u00f3w, kt\u00f3re \u0142\u0105cz\u0105 estetyk\u0119 z funkcjonalno\u015bci\u0105. Onix specjalizuje si\u0119 w tworzeniu mozaik z r\u00f3\u017cnych materia\u0142\u00f3w, takich jak:\" \/>\n<meta property=\"og:url\" content=\"https:\/\/klienci.scepter.agency\/greston\/marki\/onix\/\" \/>\n<meta property=\"og:site_name\" content=\"Salon \u0142azienek Warszawa, armatura, gresy i akcesoria - Greston\" \/>\n<meta property=\"article:modified_time\" content=\"2024-10-11T12:52:52+00:00\" \/>\n<meta property=\"og:image\" content=\"https:\/\/klienci.scepter.agency\/greston\/wp-content\/uploads\/2024\/10\/wyrozniajace.webp\" \/>\n\t<meta property=\"og:image:width\" content=\"1500\" \/>\n\t<meta property=\"og:image:height\" content=\"1500\" \/>\n\t<meta property=\"og:image:type\" content=\"image\/webp\" \/>\n<meta name=\"twitter:card\" content=\"summary_large_image\" \/>\n<meta name=\"twitter:label1\" content=\"Szacowany czas czytania\" \/>\n\t<meta name=\"twitter:data1\" content=\"1 minuta\" \/>\n<script type=\"application\/ld+json\" class=\"yoast-schema-graph\">{\"@context\":\"https:\/\/schema.org\",\"@graph\":[{\"@type\":\"WebPage\",\"@id\":\"https:\/\/klienci.scepter.agency\/greston\/marki\/onix\/\",\"url\":\"https:\/\/klienci.scepter.agency\/greston\/marki\/onix\/\",\"name\":\"Onix - Salon \u0142azienek Warszawa, armatura, gresy i akcesoria - Greston\",\"isPartOf\":{\"@id\":\"https:\/\/klienci.scepter.agency\/greston\/#website\"},\"primaryImageOfPage\":{\"@id\":\"https:\/\/klienci.scepter.agency\/greston\/marki\/onix\/#primaryimage\"},\"image\":{\"@id\":\"https:\/\/klienci.scepter.agency\/greston\/marki\/onix\/#primaryimage\"},\"thumbnailUrl\":\"https:\/\/klienci.scepter.agency\/greston\/wp-content\/uploads\/2024\/10\/wyrozniajace.webp\",\"datePublished\":\"2024-08-13T19:49:36+00:00\",\"dateModified\":\"2024-10-11T12:52:52+00:00\",\"breadcrumb\":{\"@id\":\"https:\/\/klienci.scepter.agency\/greston\/marki\/onix\/#breadcrumb\"},\"inLanguage\":\"pl-PL\",\"potentialAction\":[{\"@type\":\"ReadAction\",\"target\":[\"https:\/\/klienci.scepter.agency\/greston\/marki\/onix\/\"]}]},{\"@type\":\"ImageObject\",\"inLanguage\":\"pl-PL\",\"@id\":\"https:\/\/klienci.scepter.agency\/greston\/marki\/onix\/#primaryimage\",\"url\":\"https:\/\/klienci.scepter.agency\/greston\/wp-content\/uploads\/2024\/10\/wyrozniajace.webp\",\"contentUrl\":\"https:\/\/klienci.scepter.agency\/greston\/wp-content\/uploads\/2024\/10\/wyrozniajace.webp\",\"width\":1500,\"height\":1500},{\"@type\":\"BreadcrumbList\",\"@id\":\"https:\/\/klienci.scepter.agency\/greston\/marki\/onix\/#breadcrumb\",\"itemListElement\":[{\"@type\":\"ListItem\",\"position\":1,\"name\":\"Strona g\u0142\u00f3wna\",\"item\":\"https:\/\/klienci.scepter.agency\/greston\/\"},{\"@type\":\"ListItem\",\"position\":2,\"name\":\"Marki\",\"item\":\"https:\/\/klienci.scepter.agency\/greston\/marki\/\"},{\"@type\":\"ListItem\",\"position\":3,\"name\":\"Onix\"}]},{\"@type\":\"WebSite\",\"@id\":\"https:\/\/klienci.scepter.agency\/greston\/#website\",\"url\":\"https:\/\/klienci.scepter.agency\/greston\/\",\"name\":\"Salon \u0142azienek Warszawa, armatura, gresy i akcesoria - Greston\",\"description\":\"\",\"potentialAction\":[{\"@type\":\"SearchAction\",\"target\":{\"@type\":\"EntryPoint\",\"urlTemplate\":\"https:\/\/klienci.scepter.agency\/greston\/?s={search_term_string}\"},\"query-input\":\"required name=search_term_string\"}],\"inLanguage\":\"pl-PL\"}]}<\/script>\n<!-- \/ Yoast SEO plugin. -->","yoast_head_json":{"title":"Onix - Salon \u0142azienek Warszawa, armatura, gresy i akcesoria - Greston","robots":{"index":"noindex","follow":"follow","max-snippet":"max-snippet:-1","max-image-preview":"max-image-preview:large","max-video-preview":"max-video-preview:-1"},"og_locale":"pl_PL","og_type":"article","og_title":"Onix - Salon \u0142azienek Warszawa, armatura, gresy i akcesoria - Greston","og_description":"Firma Onix to renomowany producent mozaiki, znany z dostarczania wyj\u0105tkowych i innowacyjnych rozwi\u0105za\u0144 w zakresie wyko\u0144czenia wn\u0119trz. Siedziba firmy znajduje si\u0119 w Hiszpanii, a jej oferta obejmuje bogaty wyb\u00f3r produkt\u00f3w, kt\u00f3re \u0142\u0105cz\u0105 estetyk\u0119 z funkcjonalno\u015bci\u0105. Onix specjalizuje si\u0119 w tworzeniu mozaik z r\u00f3\u017cnych materia\u0142\u00f3w, takich jak:","og_url":"https:\/\/klienci.scepter.agency\/greston\/marki\/onix\/","og_site_name":"Salon \u0142azienek Warszawa, armatura, gresy i akcesoria - Greston","article_modified_time":"2024-10-11T12:52:52+00:00","og_image":[{"width":1500,"height":1500,"url":"https:\/\/klienci.scepter.agency\/greston\/wp-content\/uploads\/2024\/10\/wyrozniajace.webp","type":"image\/webp"}],"twitter_card":"summary_large_image","twitter_misc":{"Szacowany czas czytania":"1 minuta"},"schema":{"@context":"https:\/\/schema.org","@graph":[{"@type":"WebPage","@id":"https:\/\/klienci.scepter.agency\/greston\/marki\/onix\/","url":"https:\/\/klienci.scepter.agency\/greston\/marki\/onix\/","name":"Onix - Salon \u0142azienek Warszawa, armatura, gresy i akcesoria - Greston","isPartOf":{"@id":"https:\/\/klienci.scepter.agency\/greston\/#website"},"primaryImageOfPage":{"@id":"https:\/\/klienci.scepter.agency\/greston\/marki\/onix\/#primaryimage"},"image":{"@id":"https:\/\/klienci.scepter.agency\/greston\/marki\/onix\/#primaryimage"},"thumbnailUrl":"https:\/\/klienci.scepter.agency\/greston\/wp-content\/uploads\/2024\/10\/wyrozniajace.webp","datePublished":"2024-08-13T19:49:36+00:00","dateModified":"2024-10-11T12:52:52+00:00","breadcrumb":{"@id":"https:\/\/klienci.scepter.agency\/greston\/marki\/onix\/#breadcrumb"},"inLanguage":"pl-PL","potentialAction":[{"@type":"ReadAction","target":["https:\/\/klienci.scepter.agency\/greston\/marki\/onix\/"]}]},{"@type":"ImageObject","inLanguage":"pl-PL","@id":"https:\/\/klienci.scepter.agency\/greston\/marki\/onix\/#primaryimage","url":"https:\/\/klienci.scepter.agency\/greston\/wp-content\/uploads\/2024\/10\/wyrozniajace.webp","contentUrl":"https:\/\/klienci.scepter.agency\/greston\/wp-content\/uploads\/2024\/10\/wyrozniajace.webp","width":1500,"height":1500},{"@type":"BreadcrumbList","@id":"https:\/\/klienci.scepter.agency\/greston\/marki\/onix\/#breadcrumb","itemListElement":[{"@type":"ListItem","position":1,"name":"Strona g\u0142\u00f3wna","item":"https:\/\/klienci.scepter.agency\/greston\/"},{"@type":"ListItem","position":2,"name":"Marki","item":"https:\/\/klienci.scepter.agency\/greston\/marki\/"},{"@type":"ListItem","position":3,"name":"Onix"}]},{"@type":"WebSite","@id":"https:\/\/klienci.scepter.agency\/greston\/#website","url":"https:\/\/klienci.scepter.agency\/greston\/","name":"Salon \u0142azienek Warszawa, armatura, gresy i akcesoria - Greston","description":"","potentialAction":[{"@type":"SearchAction","target":{"@type":"EntryPoint","urlTemplate":"https:\/\/klienci.scepter.agency\/greston\/?s={search_term_string}"},"query-input":"required name=search_term_string"}],"inLanguage":"pl-PL"}]}},"_links":{"self":[{"href":"https:\/\/klienci.scepter.agency\/greston\/wp-json\/wp\/v2\/pages\/395","targetHints":{"allow":["GET"]}}],"collection":[{"href":"https:\/\/klienci.scepter.agency\/greston\/wp-json\/wp\/v2\/pages"}],"about":[{"href":"https:\/\/klienci.scepter.agency\/greston\/wp-json\/wp\/v2\/types\/page"}],"author":[{"embeddable":true,"href":"https:\/\/klienci.scepter.agency\/greston\/wp-json\/wp\/v2\/users\/1"}],"replies":[{"embeddable":true,"href":"https:\/\/klienci.scepter.agency\/greston\/wp-json\/wp\/v2\/comments?post=395"}],"version-history":[{"count":5,"href":"https:\/\/klienci.scepter.agency\/greston\/wp-json\/wp\/v2\/pages\/395\/revisions"}],"predecessor-version":[{"id":2621,"href":"https:\/\/klienci.scepter.agency\/greston\/wp-json\/wp\/v2\/pages\/395\/revisions\/2621"}],"up":[{"embeddable":true,"href":"https:\/\/klienci.scepter.agency\/greston\/wp-json\/wp\/v2\/pages\/18"}],"wp:featuredmedia":[{"embeddable":true,"href":"https:\/\/klienci.scepter.agency\/greston\/wp-json\/wp\/v2\/media\/1902"}],"wp:attachment":[{"href":"https:\/\/klienci.scepter.agency\/greston\/wp-json\/wp\/v2\/media?parent=395"}],"curies":[{"name":"wp","href":"https:\/\/api.w.org\/{rel}","templated":true}]}}