{"id":397,"date":"2024-08-13T21:49:55","date_gmt":"2024-08-13T19:49:55","guid":{"rendered":"https:\/\/klienci.scepter.agency\/greston\/?page_id=397"},"modified":"2024-10-11T14:21:22","modified_gmt":"2024-10-11T12:21:22","slug":"lantic-colonial","status":"publish","type":"page","link":"https:\/\/klienci.scepter.agency\/greston\/marki\/lantic-colonial\/","title":{"rendered":"L\u2019Antic Colonial"},"content":{"rendered":"\n<p><strong>L\u2019Antic Colonial<\/strong> to hiszpa\u0144ska marka b\u0119d\u0105ca cz\u0119\u015bci\u0105 renomowanej grupy <strong>Porcelanosa<\/strong>, specjalizuj\u0105ca si\u0119 w produkcji materia\u0142\u00f3w wyko\u0144czeniowych, kt\u00f3re bazuj\u0105 na naturalnych surowcach. Od momentu swojego powstania, <strong>L\u2019Antic Colonial<\/strong> koncentruje si\u0119 na dostarczaniu luksusowych produkt\u00f3w, kt\u00f3re \u0142\u0105cz\u0105 w sobie pi\u0119kno natury z najwy\u017csz\u0105 jako\u015bci\u0105 wykonania. Marka oferuje szeroki asortyment, kt\u00f3ry obejmuje kamie\u0144 naturalny, marmur, drewno, mozaiki, a tak\u017ce luksusowe p\u0142ytki ceramiczne, idealnie pasuj\u0105ce do eleganckich wn\u0119trz oraz przestrzeni na \u015bwie\u017cym powietrzu.<\/p>\n\n\n\n<p><strong>L\u2019Antic Colonial<\/strong> wyr\u00f3\u017cnia si\u0119 swoj\u0105 filozofi\u0105, kt\u00f3ra opiera si\u0119 na wykorzystywaniu autentycznych, naturalnych materia\u0142\u00f3w, pozwalaj\u0105cych na stworzenie wn\u0119trz, kt\u00f3re w harmonijny spos\u00f3b \u0142\u0105cz\u0105 cz\u0142owieka z przyrod\u0105. Kamienie naturalne, takie jak marmur, \u0142upek czy trawertyn, w po\u0142\u0105czeniu z naturalnym drewnem, oferuj\u0105 wyj\u0105tkowy klimat oraz elegancj\u0119, kt\u00f3re doskonale wpisuj\u0105 si\u0119 zar\u00f3wno w klasyczne, jak i nowoczesne projekty.<\/p>\n\n\n\n<p><strong>L\u2019Antic Colonial<\/strong> wsp\u00f3\u0142pracuje tak\u017ce z wieloma znanymi architektami i projektantami, tworz\u0105c kolekcje, kt\u00f3re wyr\u00f3\u017cniaj\u0105 si\u0119 nowoczesnym wzornictwem oraz doskona\u0142\u0105 jako\u015bci\u0105. Firma d\u0105\u017cy do \u0142\u0105czenia natury z innowacj\u0105, oferuj\u0105c produkty, kt\u00f3re pozwalaj\u0105 na realizacj\u0119 naj\u015bmielszych projekt\u00f3w architektonicznych i wn\u0119trzarskich.<strong>L\u2019Antic Colonial<\/strong> to marka dla os\u00f3b, kt\u00f3re poszukuj\u0105 naturalnych materia\u0142\u00f3w wyko\u0144czeniowych o najwy\u017cszej jako\u015bci, kt\u00f3re dodadz\u0105 elegancji i luksusu ka\u017cdemu wn\u0119trzu. Dzi\u0119ki wyj\u0105tkowym kolekcjom opartym na naturalnych surowcach, marka ta jest doskona\u0142ym wyborem zar\u00f3wno dla projekt\u00f3w mieszkaniowych, jak i komercyjnych, kt\u00f3re stawiaj\u0105 na ponadczasowy styl i blisko\u015b\u0107 natury.<\/p>\n\n\n\n<p><\/p>\n\n\n\n<div class=\"wp-block-buttons is-layout-flex wp-block-buttons-is-layout-flex\">\n<div class=\"wp-block-button\"><a class=\"wp-block-button__link wp-element-button\" href=\"https:\/\/www.anticcolonial.com\/en\/\" target=\"_blank\" rel=\"noreferrer noopener\">Zobacz stron\u0119 producenta<\/a><\/div>\n<\/div>\n\n\n\n<p><\/p>\n","protected":false},"excerpt":{"rendered":"<p>L\u2019Antic Colonial to hiszpa\u0144ska marka b\u0119d\u0105ca cz\u0119\u015bci\u0105 renomowanej grupy Porcelanosa, specjalizuj\u0105ca si\u0119 w produkcji materia\u0142\u00f3w wyko\u0144czeniowych, kt\u00f3re bazuj\u0105 na naturalnych surowcach. Od momentu swojego powstania, L\u2019Antic Colonial koncentruje si\u0119 na dostarczaniu luksusowych produkt\u00f3w, kt\u00f3re \u0142\u0105cz\u0105 w sobie pi\u0119kno natury z najwy\u017csz\u0105 jako\u015bci\u0105 wykonania. Marka oferuje szeroki asortyment, kt\u00f3ry obejmuje kamie\u0144 naturalny, marmur, drewno, mozaiki, a [&hellip;]<\/p>\n","protected":false},"author":1,"featured_media":1763,"parent":18,"menu_order":0,"comment_status":"closed","ping_status":"closed","template":"pages\/marka.php","meta":{"footnotes":""},"class_list":["post-397","page","type-page","status-publish","has-post-thumbnail","hentry"],"acf":[],"yoast_head":"<!-- This site is optimized with the Yoast SEO plugin v23.2 - https:\/\/yoast.com\/wordpress\/plugins\/seo\/ -->\n<title>L\u2019Antic Colonial - Salon \u0142azienek Warszawa, armatura, gresy i akcesoria - Greston<\/title>\n<meta name=\"robots\" content=\"noindex, follow, max-snippet:-1, max-image-preview:large, max-video-preview:-1\" \/>\n<meta property=\"og:locale\" content=\"pl_PL\" \/>\n<meta property=\"og:type\" content=\"article\" \/>\n<meta property=\"og:title\" content=\"L\u2019Antic Colonial - Salon \u0142azienek Warszawa, armatura, gresy i akcesoria - Greston\" \/>\n<meta property=\"og:description\" content=\"L\u2019Antic Colonial to hiszpa\u0144ska marka b\u0119d\u0105ca cz\u0119\u015bci\u0105 renomowanej grupy Porcelanosa, specjalizuj\u0105ca si\u0119 w produkcji materia\u0142\u00f3w wyko\u0144czeniowych, kt\u00f3re bazuj\u0105 na naturalnych surowcach. Od momentu swojego powstania, L\u2019Antic Colonial koncentruje si\u0119 na dostarczaniu luksusowych produkt\u00f3w, kt\u00f3re \u0142\u0105cz\u0105 w sobie pi\u0119kno natury z najwy\u017csz\u0105 jako\u015bci\u0105 wykonania. Marka oferuje szeroki asortyment, kt\u00f3ry obejmuje kamie\u0144 naturalny, marmur, drewno, mozaiki, a [&hellip;]\" \/>\n<meta property=\"og:url\" content=\"https:\/\/klienci.scepter.agency\/greston\/marki\/lantic-colonial\/\" \/>\n<meta property=\"og:site_name\" content=\"Salon \u0142azienek Warszawa, armatura, gresy i akcesoria - Greston\" \/>\n<meta property=\"article:modified_time\" content=\"2024-10-11T12:21:22+00:00\" \/>\n<meta property=\"og:image\" content=\"https:\/\/klienci.scepter.agency\/greston\/wp-content\/uploads\/2024\/10\/wyrozniajace-15.jpg\" \/>\n\t<meta property=\"og:image:width\" content=\"1440\" \/>\n\t<meta property=\"og:image:height\" content=\"1920\" \/>\n\t<meta property=\"og:image:type\" content=\"image\/jpeg\" \/>\n<meta name=\"twitter:card\" content=\"summary_large_image\" \/>\n<meta name=\"twitter:label1\" content=\"Szacowany czas czytania\" \/>\n\t<meta name=\"twitter:data1\" content=\"2 minuty\" \/>\n<script type=\"application\/ld+json\" class=\"yoast-schema-graph\">{\"@context\":\"https:\/\/schema.org\",\"@graph\":[{\"@type\":\"WebPage\",\"@id\":\"https:\/\/klienci.scepter.agency\/greston\/marki\/lantic-colonial\/\",\"url\":\"https:\/\/klienci.scepter.agency\/greston\/marki\/lantic-colonial\/\",\"name\":\"L\u2019Antic Colonial - Salon \u0142azienek Warszawa, armatura, gresy i akcesoria - Greston\",\"isPartOf\":{\"@id\":\"https:\/\/klienci.scepter.agency\/greston\/#website\"},\"primaryImageOfPage\":{\"@id\":\"https:\/\/klienci.scepter.agency\/greston\/marki\/lantic-colonial\/#primaryimage\"},\"image\":{\"@id\":\"https:\/\/klienci.scepter.agency\/greston\/marki\/lantic-colonial\/#primaryimage\"},\"thumbnailUrl\":\"https:\/\/klienci.scepter.agency\/greston\/wp-content\/uploads\/2024\/10\/wyrozniajace-15.jpg\",\"datePublished\":\"2024-08-13T19:49:55+00:00\",\"dateModified\":\"2024-10-11T12:21:22+00:00\",\"breadcrumb\":{\"@id\":\"https:\/\/klienci.scepter.agency\/greston\/marki\/lantic-colonial\/#breadcrumb\"},\"inLanguage\":\"pl-PL\",\"potentialAction\":[{\"@type\":\"ReadAction\",\"target\":[\"https:\/\/klienci.scepter.agency\/greston\/marki\/lantic-colonial\/\"]}]},{\"@type\":\"ImageObject\",\"inLanguage\":\"pl-PL\",\"@id\":\"https:\/\/klienci.scepter.agency\/greston\/marki\/lantic-colonial\/#primaryimage\",\"url\":\"https:\/\/klienci.scepter.agency\/greston\/wp-content\/uploads\/2024\/10\/wyrozniajace-15.jpg\",\"contentUrl\":\"https:\/\/klienci.scepter.agency\/greston\/wp-content\/uploads\/2024\/10\/wyrozniajace-15.jpg\",\"width\":1440,\"height\":1920},{\"@type\":\"BreadcrumbList\",\"@id\":\"https:\/\/klienci.scepter.agency\/greston\/marki\/lantic-colonial\/#breadcrumb\",\"itemListElement\":[{\"@type\":\"ListItem\",\"position\":1,\"name\":\"Strona g\u0142\u00f3wna\",\"item\":\"https:\/\/klienci.scepter.agency\/greston\/\"},{\"@type\":\"ListItem\",\"position\":2,\"name\":\"Marki\",\"item\":\"https:\/\/klienci.scepter.agency\/greston\/marki\/\"},{\"@type\":\"ListItem\",\"position\":3,\"name\":\"L\u2019Antic Colonial\"}]},{\"@type\":\"WebSite\",\"@id\":\"https:\/\/klienci.scepter.agency\/greston\/#website\",\"url\":\"https:\/\/klienci.scepter.agency\/greston\/\",\"name\":\"Salon \u0142azienek Warszawa, armatura, gresy i akcesoria - Greston\",\"description\":\"\",\"potentialAction\":[{\"@type\":\"SearchAction\",\"target\":{\"@type\":\"EntryPoint\",\"urlTemplate\":\"https:\/\/klienci.scepter.agency\/greston\/?s={search_term_string}\"},\"query-input\":\"required name=search_term_string\"}],\"inLanguage\":\"pl-PL\"}]}<\/script>\n<!-- \/ Yoast SEO plugin. -->","yoast_head_json":{"title":"L\u2019Antic Colonial - Salon \u0142azienek Warszawa, armatura, gresy i akcesoria - Greston","robots":{"index":"noindex","follow":"follow","max-snippet":"max-snippet:-1","max-image-preview":"max-image-preview:large","max-video-preview":"max-video-preview:-1"},"og_locale":"pl_PL","og_type":"article","og_title":"L\u2019Antic Colonial - Salon \u0142azienek Warszawa, armatura, gresy i akcesoria - Greston","og_description":"L\u2019Antic Colonial to hiszpa\u0144ska marka b\u0119d\u0105ca cz\u0119\u015bci\u0105 renomowanej grupy Porcelanosa, specjalizuj\u0105ca si\u0119 w produkcji materia\u0142\u00f3w wyko\u0144czeniowych, kt\u00f3re bazuj\u0105 na naturalnych surowcach. Od momentu swojego powstania, L\u2019Antic Colonial koncentruje si\u0119 na dostarczaniu luksusowych produkt\u00f3w, kt\u00f3re \u0142\u0105cz\u0105 w sobie pi\u0119kno natury z najwy\u017csz\u0105 jako\u015bci\u0105 wykonania. Marka oferuje szeroki asortyment, kt\u00f3ry obejmuje kamie\u0144 naturalny, marmur, drewno, mozaiki, a [&hellip;]","og_url":"https:\/\/klienci.scepter.agency\/greston\/marki\/lantic-colonial\/","og_site_name":"Salon \u0142azienek Warszawa, armatura, gresy i akcesoria - Greston","article_modified_time":"2024-10-11T12:21:22+00:00","og_image":[{"width":1440,"height":1920,"url":"https:\/\/klienci.scepter.agency\/greston\/wp-content\/uploads\/2024\/10\/wyrozniajace-15.jpg","type":"image\/jpeg"}],"twitter_card":"summary_large_image","twitter_misc":{"Szacowany czas czytania":"2 minuty"},"schema":{"@context":"https:\/\/schema.org","@graph":[{"@type":"WebPage","@id":"https:\/\/klienci.scepter.agency\/greston\/marki\/lantic-colonial\/","url":"https:\/\/klienci.scepter.agency\/greston\/marki\/lantic-colonial\/","name":"L\u2019Antic Colonial - Salon \u0142azienek Warszawa, armatura, gresy i akcesoria - Greston","isPartOf":{"@id":"https:\/\/klienci.scepter.agency\/greston\/#website"},"primaryImageOfPage":{"@id":"https:\/\/klienci.scepter.agency\/greston\/marki\/lantic-colonial\/#primaryimage"},"image":{"@id":"https:\/\/klienci.scepter.agency\/greston\/marki\/lantic-colonial\/#primaryimage"},"thumbnailUrl":"https:\/\/klienci.scepter.agency\/greston\/wp-content\/uploads\/2024\/10\/wyrozniajace-15.jpg","datePublished":"2024-08-13T19:49:55+00:00","dateModified":"2024-10-11T12:21:22+00:00","breadcrumb":{"@id":"https:\/\/klienci.scepter.agency\/greston\/marki\/lantic-colonial\/#breadcrumb"},"inLanguage":"pl-PL","potentialAction":[{"@type":"ReadAction","target":["https:\/\/klienci.scepter.agency\/greston\/marki\/lantic-colonial\/"]}]},{"@type":"ImageObject","inLanguage":"pl-PL","@id":"https:\/\/klienci.scepter.agency\/greston\/marki\/lantic-colonial\/#primaryimage","url":"https:\/\/klienci.scepter.agency\/greston\/wp-content\/uploads\/2024\/10\/wyrozniajace-15.jpg","contentUrl":"https:\/\/klienci.scepter.agency\/greston\/wp-content\/uploads\/2024\/10\/wyrozniajace-15.jpg","width":1440,"height":1920},{"@type":"BreadcrumbList","@id":"https:\/\/klienci.scepter.agency\/greston\/marki\/lantic-colonial\/#breadcrumb","itemListElement":[{"@type":"ListItem","position":1,"name":"Strona g\u0142\u00f3wna","item":"https:\/\/klienci.scepter.agency\/greston\/"},{"@type":"ListItem","position":2,"name":"Marki","item":"https:\/\/klienci.scepter.agency\/greston\/marki\/"},{"@type":"ListItem","position":3,"name":"L\u2019Antic Colonial"}]},{"@type":"WebSite","@id":"https:\/\/klienci.scepter.agency\/greston\/#website","url":"https:\/\/klienci.scepter.agency\/greston\/","name":"Salon \u0142azienek Warszawa, armatura, gresy i akcesoria - Greston","description":"","potentialAction":[{"@type":"SearchAction","target":{"@type":"EntryPoint","urlTemplate":"https:\/\/klienci.scepter.agency\/greston\/?s={search_term_string}"},"query-input":"required name=search_term_string"}],"inLanguage":"pl-PL"}]}},"_links":{"self":[{"href":"https:\/\/klienci.scepter.agency\/greston\/wp-json\/wp\/v2\/pages\/397","targetHints":{"allow":["GET"]}}],"collection":[{"href":"https:\/\/klienci.scepter.agency\/greston\/wp-json\/wp\/v2\/pages"}],"about":[{"href":"https:\/\/klienci.scepter.agency\/greston\/wp-json\/wp\/v2\/types\/page"}],"author":[{"embeddable":true,"href":"https:\/\/klienci.scepter.agency\/greston\/wp-json\/wp\/v2\/users\/1"}],"replies":[{"embeddable":true,"href":"https:\/\/klienci.scepter.agency\/greston\/wp-json\/wp\/v2\/comments?post=397"}],"version-history":[{"count":5,"href":"https:\/\/klienci.scepter.agency\/greston\/wp-json\/wp\/v2\/pages\/397\/revisions"}],"predecessor-version":[{"id":2560,"href":"https:\/\/klienci.scepter.agency\/greston\/wp-json\/wp\/v2\/pages\/397\/revisions\/2560"}],"up":[{"embeddable":true,"href":"https:\/\/klienci.scepter.agency\/greston\/wp-json\/wp\/v2\/pages\/18"}],"wp:featuredmedia":[{"embeddable":true,"href":"https:\/\/klienci.scepter.agency\/greston\/wp-json\/wp\/v2\/media\/1763"}],"wp:attachment":[{"href":"https:\/\/klienci.scepter.agency\/greston\/wp-json\/wp\/v2\/media?parent=397"}],"curies":[{"name":"wp","href":"https:\/\/api.w.org\/{rel}","templated":true}]}}