{"id":407,"date":"2024-08-13T21:51:40","date_gmt":"2024-08-13T19:51:40","guid":{"rendered":"https:\/\/klienci.scepter.agency\/greston\/?page_id=407"},"modified":"2024-10-11T15:06:27","modified_gmt":"2024-10-11T13:06:27","slug":"ruke","status":"publish","type":"page","link":"https:\/\/klienci.scepter.agency\/greston\/marki\/ruke\/","title":{"rendered":"Ruke"},"content":{"rendered":"\n<p>Ruke to polski producent luster, kt\u00f3ry od lat specjalizuje si\u0119 w tworzeniu wysokiej jako\u015bci luster na wymiar, dostosowanych do indywidualnych potrzeb klient\u00f3w. Marka znana jest z doskona\u0142ego po\u0142\u0105czenia estetyki i funkcjonalno\u015bci, tworz\u0105c produkty, kt\u00f3re wyr\u00f3\u017cniaj\u0105 si\u0119 elegancj\u0105 oraz precyzj\u0105 wykonania. Lustra Ruke znajduj\u0105 zastosowanie nie tylko w \u0142azienkach, ale tak\u017ce w salonach, sypialniach, przedpokojach, a nawet w przestrzeniach komercyjnych.<\/p>\n\n\n\n<p>Ruke oferuje szeroki wyb\u00f3r luster \u2013 od klasycznych, prostok\u0105tnych modeli po lustra o nowoczesnych, niestandardowych kszta\u0142tach. Firma specjalizuje si\u0119 r\u00f3wnie\u017c w produkcji luster pod\u015bwietlanych, kt\u00f3re wyposa\u017cone s\u0105 w energooszcz\u0119dne ta\u015bmy LED, zapewniaj\u0105ce przyjemne i praktyczne o\u015bwietlenie. Lustra pod\u015bwietlane Ruke to doskona\u0142y wyb\u00f3r do \u0142azienek, gdzie precyzyjne \u015bwiat\u0142o jest niezb\u0119dne podczas codziennych zabieg\u00f3w piel\u0119gnacyjnych.<\/p>\n\n\n\n<p><\/p>\n\n\n\n<div class=\"wp-block-buttons is-layout-flex wp-block-buttons-is-layout-flex\">\n<div class=\"wp-block-button\"><a class=\"wp-block-button__link wp-element-button\" href=\"https:\/\/ruke.eu\/\" target=\"_blank\" rel=\"noreferrer noopener\">Zobacz stron\u0119 producenta<\/a><\/div>\n<\/div>\n\n\n\n<p><\/p>\n","protected":false},"excerpt":{"rendered":"<p>Ruke to polski producent luster, kt\u00f3ry od lat specjalizuje si\u0119 w tworzeniu wysokiej jako\u015bci luster na wymiar, dostosowanych do indywidualnych potrzeb klient\u00f3w. Marka znana jest z doskona\u0142ego po\u0142\u0105czenia estetyki i funkcjonalno\u015bci, tworz\u0105c produkty, kt\u00f3re wyr\u00f3\u017cniaj\u0105 si\u0119 elegancj\u0105 oraz precyzj\u0105 wykonania. Lustra Ruke znajduj\u0105 zastosowanie nie tylko w \u0142azienkach, ale tak\u017ce w salonach, sypialniach, przedpokojach, a [&hellip;]<\/p>\n","protected":false},"author":1,"featured_media":1937,"parent":18,"menu_order":0,"comment_status":"closed","ping_status":"closed","template":"pages\/marka.php","meta":{"footnotes":""},"class_list":["post-407","page","type-page","status-publish","has-post-thumbnail","hentry"],"acf":[],"yoast_head":"<!-- This site is optimized with the Yoast SEO plugin v23.2 - https:\/\/yoast.com\/wordpress\/plugins\/seo\/ -->\n<title>Ruke - Salon \u0142azienek Warszawa, armatura, gresy i akcesoria - Greston<\/title>\n<meta name=\"robots\" content=\"noindex, follow, max-snippet:-1, max-image-preview:large, max-video-preview:-1\" \/>\n<meta property=\"og:locale\" content=\"pl_PL\" \/>\n<meta property=\"og:type\" content=\"article\" \/>\n<meta property=\"og:title\" content=\"Ruke - Salon \u0142azienek Warszawa, armatura, gresy i akcesoria - Greston\" \/>\n<meta property=\"og:description\" content=\"Ruke to polski producent luster, kt\u00f3ry od lat specjalizuje si\u0119 w tworzeniu wysokiej jako\u015bci luster na wymiar, dostosowanych do indywidualnych potrzeb klient\u00f3w. Marka znana jest z doskona\u0142ego po\u0142\u0105czenia estetyki i funkcjonalno\u015bci, tworz\u0105c produkty, kt\u00f3re wyr\u00f3\u017cniaj\u0105 si\u0119 elegancj\u0105 oraz precyzj\u0105 wykonania. Lustra Ruke znajduj\u0105 zastosowanie nie tylko w \u0142azienkach, ale tak\u017ce w salonach, sypialniach, przedpokojach, a [&hellip;]\" \/>\n<meta property=\"og:url\" content=\"https:\/\/klienci.scepter.agency\/greston\/marki\/ruke\/\" \/>\n<meta property=\"og:site_name\" content=\"Salon \u0142azienek Warszawa, armatura, gresy i akcesoria - Greston\" \/>\n<meta property=\"article:modified_time\" content=\"2024-10-11T13:06:27+00:00\" \/>\n<meta property=\"og:image\" content=\"https:\/\/klienci.scepter.agency\/greston\/wp-content\/uploads\/2024\/10\/wyrozniajace-1.webp\" \/>\n\t<meta property=\"og:image:width\" content=\"768\" \/>\n\t<meta property=\"og:image:height\" content=\"768\" \/>\n\t<meta property=\"og:image:type\" content=\"image\/webp\" \/>\n<meta name=\"twitter:card\" content=\"summary_large_image\" \/>\n<meta name=\"twitter:label1\" content=\"Szacowany czas czytania\" \/>\n\t<meta name=\"twitter:data1\" content=\"1 minuta\" \/>\n<script type=\"application\/ld+json\" class=\"yoast-schema-graph\">{\"@context\":\"https:\/\/schema.org\",\"@graph\":[{\"@type\":\"WebPage\",\"@id\":\"https:\/\/klienci.scepter.agency\/greston\/marki\/ruke\/\",\"url\":\"https:\/\/klienci.scepter.agency\/greston\/marki\/ruke\/\",\"name\":\"Ruke - Salon \u0142azienek Warszawa, armatura, gresy i akcesoria - Greston\",\"isPartOf\":{\"@id\":\"https:\/\/klienci.scepter.agency\/greston\/#website\"},\"primaryImageOfPage\":{\"@id\":\"https:\/\/klienci.scepter.agency\/greston\/marki\/ruke\/#primaryimage\"},\"image\":{\"@id\":\"https:\/\/klienci.scepter.agency\/greston\/marki\/ruke\/#primaryimage\"},\"thumbnailUrl\":\"https:\/\/klienci.scepter.agency\/greston\/wp-content\/uploads\/2024\/10\/wyrozniajace-1.webp\",\"datePublished\":\"2024-08-13T19:51:40+00:00\",\"dateModified\":\"2024-10-11T13:06:27+00:00\",\"breadcrumb\":{\"@id\":\"https:\/\/klienci.scepter.agency\/greston\/marki\/ruke\/#breadcrumb\"},\"inLanguage\":\"pl-PL\",\"potentialAction\":[{\"@type\":\"ReadAction\",\"target\":[\"https:\/\/klienci.scepter.agency\/greston\/marki\/ruke\/\"]}]},{\"@type\":\"ImageObject\",\"inLanguage\":\"pl-PL\",\"@id\":\"https:\/\/klienci.scepter.agency\/greston\/marki\/ruke\/#primaryimage\",\"url\":\"https:\/\/klienci.scepter.agency\/greston\/wp-content\/uploads\/2024\/10\/wyrozniajace-1.webp\",\"contentUrl\":\"https:\/\/klienci.scepter.agency\/greston\/wp-content\/uploads\/2024\/10\/wyrozniajace-1.webp\",\"width\":768,\"height\":768},{\"@type\":\"BreadcrumbList\",\"@id\":\"https:\/\/klienci.scepter.agency\/greston\/marki\/ruke\/#breadcrumb\",\"itemListElement\":[{\"@type\":\"ListItem\",\"position\":1,\"name\":\"Strona g\u0142\u00f3wna\",\"item\":\"https:\/\/klienci.scepter.agency\/greston\/\"},{\"@type\":\"ListItem\",\"position\":2,\"name\":\"Marki\",\"item\":\"https:\/\/klienci.scepter.agency\/greston\/marki\/\"},{\"@type\":\"ListItem\",\"position\":3,\"name\":\"Ruke\"}]},{\"@type\":\"WebSite\",\"@id\":\"https:\/\/klienci.scepter.agency\/greston\/#website\",\"url\":\"https:\/\/klienci.scepter.agency\/greston\/\",\"name\":\"Salon \u0142azienek Warszawa, armatura, gresy i akcesoria - Greston\",\"description\":\"\",\"potentialAction\":[{\"@type\":\"SearchAction\",\"target\":{\"@type\":\"EntryPoint\",\"urlTemplate\":\"https:\/\/klienci.scepter.agency\/greston\/?s={search_term_string}\"},\"query-input\":\"required name=search_term_string\"}],\"inLanguage\":\"pl-PL\"}]}<\/script>\n<!-- \/ Yoast SEO plugin. -->","yoast_head_json":{"title":"Ruke - Salon \u0142azienek Warszawa, armatura, gresy i akcesoria - Greston","robots":{"index":"noindex","follow":"follow","max-snippet":"max-snippet:-1","max-image-preview":"max-image-preview:large","max-video-preview":"max-video-preview:-1"},"og_locale":"pl_PL","og_type":"article","og_title":"Ruke - Salon \u0142azienek Warszawa, armatura, gresy i akcesoria - Greston","og_description":"Ruke to polski producent luster, kt\u00f3ry od lat specjalizuje si\u0119 w tworzeniu wysokiej jako\u015bci luster na wymiar, dostosowanych do indywidualnych potrzeb klient\u00f3w. Marka znana jest z doskona\u0142ego po\u0142\u0105czenia estetyki i funkcjonalno\u015bci, tworz\u0105c produkty, kt\u00f3re wyr\u00f3\u017cniaj\u0105 si\u0119 elegancj\u0105 oraz precyzj\u0105 wykonania. Lustra Ruke znajduj\u0105 zastosowanie nie tylko w \u0142azienkach, ale tak\u017ce w salonach, sypialniach, przedpokojach, a [&hellip;]","og_url":"https:\/\/klienci.scepter.agency\/greston\/marki\/ruke\/","og_site_name":"Salon \u0142azienek Warszawa, armatura, gresy i akcesoria - Greston","article_modified_time":"2024-10-11T13:06:27+00:00","og_image":[{"width":768,"height":768,"url":"https:\/\/klienci.scepter.agency\/greston\/wp-content\/uploads\/2024\/10\/wyrozniajace-1.webp","type":"image\/webp"}],"twitter_card":"summary_large_image","twitter_misc":{"Szacowany czas czytania":"1 minuta"},"schema":{"@context":"https:\/\/schema.org","@graph":[{"@type":"WebPage","@id":"https:\/\/klienci.scepter.agency\/greston\/marki\/ruke\/","url":"https:\/\/klienci.scepter.agency\/greston\/marki\/ruke\/","name":"Ruke - Salon \u0142azienek Warszawa, armatura, gresy i akcesoria - Greston","isPartOf":{"@id":"https:\/\/klienci.scepter.agency\/greston\/#website"},"primaryImageOfPage":{"@id":"https:\/\/klienci.scepter.agency\/greston\/marki\/ruke\/#primaryimage"},"image":{"@id":"https:\/\/klienci.scepter.agency\/greston\/marki\/ruke\/#primaryimage"},"thumbnailUrl":"https:\/\/klienci.scepter.agency\/greston\/wp-content\/uploads\/2024\/10\/wyrozniajace-1.webp","datePublished":"2024-08-13T19:51:40+00:00","dateModified":"2024-10-11T13:06:27+00:00","breadcrumb":{"@id":"https:\/\/klienci.scepter.agency\/greston\/marki\/ruke\/#breadcrumb"},"inLanguage":"pl-PL","potentialAction":[{"@type":"ReadAction","target":["https:\/\/klienci.scepter.agency\/greston\/marki\/ruke\/"]}]},{"@type":"ImageObject","inLanguage":"pl-PL","@id":"https:\/\/klienci.scepter.agency\/greston\/marki\/ruke\/#primaryimage","url":"https:\/\/klienci.scepter.agency\/greston\/wp-content\/uploads\/2024\/10\/wyrozniajace-1.webp","contentUrl":"https:\/\/klienci.scepter.agency\/greston\/wp-content\/uploads\/2024\/10\/wyrozniajace-1.webp","width":768,"height":768},{"@type":"BreadcrumbList","@id":"https:\/\/klienci.scepter.agency\/greston\/marki\/ruke\/#breadcrumb","itemListElement":[{"@type":"ListItem","position":1,"name":"Strona g\u0142\u00f3wna","item":"https:\/\/klienci.scepter.agency\/greston\/"},{"@type":"ListItem","position":2,"name":"Marki","item":"https:\/\/klienci.scepter.agency\/greston\/marki\/"},{"@type":"ListItem","position":3,"name":"Ruke"}]},{"@type":"WebSite","@id":"https:\/\/klienci.scepter.agency\/greston\/#website","url":"https:\/\/klienci.scepter.agency\/greston\/","name":"Salon \u0142azienek Warszawa, armatura, gresy i akcesoria - Greston","description":"","potentialAction":[{"@type":"SearchAction","target":{"@type":"EntryPoint","urlTemplate":"https:\/\/klienci.scepter.agency\/greston\/?s={search_term_string}"},"query-input":"required name=search_term_string"}],"inLanguage":"pl-PL"}]}},"_links":{"self":[{"href":"https:\/\/klienci.scepter.agency\/greston\/wp-json\/wp\/v2\/pages\/407","targetHints":{"allow":["GET"]}}],"collection":[{"href":"https:\/\/klienci.scepter.agency\/greston\/wp-json\/wp\/v2\/pages"}],"about":[{"href":"https:\/\/klienci.scepter.agency\/greston\/wp-json\/wp\/v2\/types\/page"}],"author":[{"embeddable":true,"href":"https:\/\/klienci.scepter.agency\/greston\/wp-json\/wp\/v2\/users\/1"}],"replies":[{"embeddable":true,"href":"https:\/\/klienci.scepter.agency\/greston\/wp-json\/wp\/v2\/comments?post=407"}],"version-history":[{"count":6,"href":"https:\/\/klienci.scepter.agency\/greston\/wp-json\/wp\/v2\/pages\/407\/revisions"}],"predecessor-version":[{"id":2652,"href":"https:\/\/klienci.scepter.agency\/greston\/wp-json\/wp\/v2\/pages\/407\/revisions\/2652"}],"up":[{"embeddable":true,"href":"https:\/\/klienci.scepter.agency\/greston\/wp-json\/wp\/v2\/pages\/18"}],"wp:featuredmedia":[{"embeddable":true,"href":"https:\/\/klienci.scepter.agency\/greston\/wp-json\/wp\/v2\/media\/1937"}],"wp:attachment":[{"href":"https:\/\/klienci.scepter.agency\/greston\/wp-json\/wp\/v2\/media?parent=407"}],"curies":[{"name":"wp","href":"https:\/\/api.w.org\/{rel}","templated":true}]}}