{"id":415,"date":"2024-08-13T21:52:58","date_gmt":"2024-08-13T19:52:58","guid":{"rendered":"https:\/\/klienci.scepter.agency\/greston\/?page_id=415"},"modified":"2024-10-11T11:48:13","modified_gmt":"2024-10-11T09:48:13","slug":"ceramiche-grazia","status":"publish","type":"page","link":"https:\/\/klienci.scepter.agency\/greston\/marki\/ceramiche-grazia\/","title":{"rendered":"Ceramiche Grazia"},"content":{"rendered":"\n<p><strong>Od 1970 roku Ceramiche Grazia S.p.A. wyr\u00f3\u017cnia si\u0119 swoimi artystycznymi kreacjami oraz wysok\u0105 jako\u015bci\u0105 produkt\u00f3w ceramicznych.<\/strong><\/p>\n\n\n\n<p>Firma kontynuuje tradycj\u0119 podw\u00f3jnego wypalania, wykorzystuj\u0105c starannie dobrane mieszanki ceramiczne oraz kilkufazowy proces wypalania. Dzi\u0119ki temu powstaj\u0105 produkty o wyj\u0105tkowej warto\u015bci, w kt\u00f3rych glazura odgrywa kluczow\u0105 rol\u0119 w estetycznym wyko\u0144czeniu. Niedawno firma rozpocz\u0119\u0142a tak\u017ce produkcj\u0119 p\u0142ytek porcelanowych. Zastosowanie specjalnych technik obr\u00f3bki pozwala zachowa\u0107 typowy dla Ceramiche Grazia r\u0119kodzielniczy charakter, kt\u00f3ry zawsze cechowa\u0142 nasze wyroby. Oferta p\u0142ytek gresowych wyr\u00f3\u017cnia si\u0119 doskona\u0142ymi parametrami technicznymi, wysok\u0105 wytrzyma\u0142o\u015bci\u0105 i trwa\u0142o\u015bci\u0105. Produkty dost\u0119pne s\u0105 w r\u00f3\u017cnych rozmiarach i wyko\u0144czeniach, nadaj\u0105 si\u0119 zar\u00f3wno do wn\u0119trz, jak i na zewn\u0105trz.<\/p>\n\n\n\n<p>Ceramiche Grazia oferuje szerok\u0105 gam\u0119 produkt\u00f3w zar\u00f3wno na pod\u0142ogi, jak i na \u015bciany. Wiele linii produkt\u00f3w dost\u0119pnych jest w r\u00f3\u017cnych kolorach, zar\u00f3wno w ceramice, jak i gresie porcelanowym, a warianty dekoracyjne s\u0105 wzbogacone o specjalne elementy, co daje klientom szeroki wyb\u00f3r, kt\u00f3ry mo\u017cna dostosowa\u0107 do ka\u017cdego gustu i potrzeb projektowych.<\/p>\n\n\n\n<p>Wybieraj\u0105c Ceramiche Grazia, zyskujesz pewno\u015b\u0107 wsp\u00f3\u0142pracy z firm\u0105 o ogromnym do\u015bwiadczeniu i gwarantowanej jako\u015bci, kt\u00f3ra oferuje unikalne, ekskluzywne produkty spe\u0142niaj\u0105ce wszelkie potrzeby u\u017cytkowe. Jeste\u015bmy zawsze gotowi, by pom\u00f3c klientom w wyborze najbardziej odpowiedniego materia\u0142u do projektu i tworzeniu wyj\u0105tkowych przestrzeni \u017cyciowych.<\/p>\n\n\n\n<div class=\"wp-block-buttons is-layout-flex wp-block-buttons-is-layout-flex\">\n<div class=\"wp-block-button\"><a class=\"wp-block-button__link wp-element-button\" href=\"https:\/\/www.ceramichegrazia.it\/en\/\" target=\"_blank\" rel=\"noreferrer noopener\">Zobacz stron\u0119 producenta<\/a><\/div>\n<\/div>\n\n\n\n<p><\/p>\n\n\n\n<p><\/p>\n\n\n\n<p><\/p>\n\n\n\n<p><\/p>\n\n\n\n<p><\/p>\n\n\n\n<p><\/p>\n\n\n\n<p><\/p>\n\n\n\n<p><\/p>\n","protected":false},"excerpt":{"rendered":"<p>Od 1970 roku Ceramiche Grazia S.p.A. wyr\u00f3\u017cnia si\u0119 swoimi artystycznymi kreacjami oraz wysok\u0105 jako\u015bci\u0105 produkt\u00f3w ceramicznych. Firma kontynuuje tradycj\u0119 podw\u00f3jnego wypalania, wykorzystuj\u0105c starannie dobrane mieszanki ceramiczne oraz kilkufazowy proces wypalania. Dzi\u0119ki temu powstaj\u0105 produkty o wyj\u0105tkowej warto\u015bci, w kt\u00f3rych glazura odgrywa kluczow\u0105 rol\u0119 w estetycznym wyko\u0144czeniu. Niedawno firma rozpocz\u0119\u0142a tak\u017ce produkcj\u0119 p\u0142ytek porcelanowych. Zastosowanie specjalnych [&hellip;]<\/p>\n","protected":false},"author":1,"featured_media":932,"parent":18,"menu_order":0,"comment_status":"closed","ping_status":"closed","template":"pages\/marka.php","meta":{"footnotes":""},"class_list":["post-415","page","type-page","status-publish","has-post-thumbnail","hentry"],"acf":[],"yoast_head":"<!-- This site is optimized with the Yoast SEO plugin v23.2 - https:\/\/yoast.com\/wordpress\/plugins\/seo\/ -->\n<title>Ceramiche Grazia - Salon \u0142azienek Warszawa, armatura, gresy i akcesoria - Greston<\/title>\n<meta name=\"robots\" content=\"noindex, follow, max-snippet:-1, max-image-preview:large, max-video-preview:-1\" \/>\n<meta property=\"og:locale\" content=\"pl_PL\" \/>\n<meta property=\"og:type\" content=\"article\" \/>\n<meta property=\"og:title\" content=\"Ceramiche Grazia - Salon \u0142azienek Warszawa, armatura, gresy i akcesoria - Greston\" \/>\n<meta property=\"og:description\" content=\"Od 1970 roku Ceramiche Grazia S.p.A. wyr\u00f3\u017cnia si\u0119 swoimi artystycznymi kreacjami oraz wysok\u0105 jako\u015bci\u0105 produkt\u00f3w ceramicznych. Firma kontynuuje tradycj\u0119 podw\u00f3jnego wypalania, wykorzystuj\u0105c starannie dobrane mieszanki ceramiczne oraz kilkufazowy proces wypalania. Dzi\u0119ki temu powstaj\u0105 produkty o wyj\u0105tkowej warto\u015bci, w kt\u00f3rych glazura odgrywa kluczow\u0105 rol\u0119 w estetycznym wyko\u0144czeniu. Niedawno firma rozpocz\u0119\u0142a tak\u017ce produkcj\u0119 p\u0142ytek porcelanowych. Zastosowanie specjalnych [&hellip;]\" \/>\n<meta property=\"og:url\" content=\"https:\/\/klienci.scepter.agency\/greston\/marki\/ceramiche-grazia\/\" \/>\n<meta property=\"og:site_name\" content=\"Salon \u0142azienek Warszawa, armatura, gresy i akcesoria - Greston\" \/>\n<meta property=\"article:modified_time\" content=\"2024-10-11T09:48:13+00:00\" \/>\n<meta property=\"og:image\" content=\"https:\/\/klienci.scepter.agency\/greston\/wp-content\/uploads\/2024\/09\/wyrozniajace.jpg\" \/>\n\t<meta property=\"og:image:width\" content=\"1079\" \/>\n\t<meta property=\"og:image:height\" content=\"900\" \/>\n\t<meta property=\"og:image:type\" content=\"image\/jpeg\" \/>\n<meta name=\"twitter:card\" content=\"summary_large_image\" \/>\n<meta name=\"twitter:label1\" content=\"Szacowany czas czytania\" \/>\n\t<meta name=\"twitter:data1\" content=\"2 minuty\" \/>\n<script type=\"application\/ld+json\" class=\"yoast-schema-graph\">{\"@context\":\"https:\/\/schema.org\",\"@graph\":[{\"@type\":\"WebPage\",\"@id\":\"https:\/\/klienci.scepter.agency\/greston\/marki\/ceramiche-grazia\/\",\"url\":\"https:\/\/klienci.scepter.agency\/greston\/marki\/ceramiche-grazia\/\",\"name\":\"Ceramiche Grazia - Salon \u0142azienek Warszawa, armatura, gresy i akcesoria - Greston\",\"isPartOf\":{\"@id\":\"https:\/\/klienci.scepter.agency\/greston\/#website\"},\"primaryImageOfPage\":{\"@id\":\"https:\/\/klienci.scepter.agency\/greston\/marki\/ceramiche-grazia\/#primaryimage\"},\"image\":{\"@id\":\"https:\/\/klienci.scepter.agency\/greston\/marki\/ceramiche-grazia\/#primaryimage\"},\"thumbnailUrl\":\"https:\/\/klienci.scepter.agency\/greston\/wp-content\/uploads\/2024\/09\/wyrozniajace.jpg\",\"datePublished\":\"2024-08-13T19:52:58+00:00\",\"dateModified\":\"2024-10-11T09:48:13+00:00\",\"breadcrumb\":{\"@id\":\"https:\/\/klienci.scepter.agency\/greston\/marki\/ceramiche-grazia\/#breadcrumb\"},\"inLanguage\":\"pl-PL\",\"potentialAction\":[{\"@type\":\"ReadAction\",\"target\":[\"https:\/\/klienci.scepter.agency\/greston\/marki\/ceramiche-grazia\/\"]}]},{\"@type\":\"ImageObject\",\"inLanguage\":\"pl-PL\",\"@id\":\"https:\/\/klienci.scepter.agency\/greston\/marki\/ceramiche-grazia\/#primaryimage\",\"url\":\"https:\/\/klienci.scepter.agency\/greston\/wp-content\/uploads\/2024\/09\/wyrozniajace.jpg\",\"contentUrl\":\"https:\/\/klienci.scepter.agency\/greston\/wp-content\/uploads\/2024\/09\/wyrozniajace.jpg\",\"width\":1079,\"height\":900},{\"@type\":\"BreadcrumbList\",\"@id\":\"https:\/\/klienci.scepter.agency\/greston\/marki\/ceramiche-grazia\/#breadcrumb\",\"itemListElement\":[{\"@type\":\"ListItem\",\"position\":1,\"name\":\"Strona g\u0142\u00f3wna\",\"item\":\"https:\/\/klienci.scepter.agency\/greston\/\"},{\"@type\":\"ListItem\",\"position\":2,\"name\":\"Marki\",\"item\":\"https:\/\/klienci.scepter.agency\/greston\/marki\/\"},{\"@type\":\"ListItem\",\"position\":3,\"name\":\"Ceramiche Grazia\"}]},{\"@type\":\"WebSite\",\"@id\":\"https:\/\/klienci.scepter.agency\/greston\/#website\",\"url\":\"https:\/\/klienci.scepter.agency\/greston\/\",\"name\":\"Salon \u0142azienek Warszawa, armatura, gresy i akcesoria - Greston\",\"description\":\"\",\"potentialAction\":[{\"@type\":\"SearchAction\",\"target\":{\"@type\":\"EntryPoint\",\"urlTemplate\":\"https:\/\/klienci.scepter.agency\/greston\/?s={search_term_string}\"},\"query-input\":\"required name=search_term_string\"}],\"inLanguage\":\"pl-PL\"}]}<\/script>\n<!-- \/ Yoast SEO plugin. -->","yoast_head_json":{"title":"Ceramiche Grazia - Salon \u0142azienek Warszawa, armatura, gresy i akcesoria - Greston","robots":{"index":"noindex","follow":"follow","max-snippet":"max-snippet:-1","max-image-preview":"max-image-preview:large","max-video-preview":"max-video-preview:-1"},"og_locale":"pl_PL","og_type":"article","og_title":"Ceramiche Grazia - Salon \u0142azienek Warszawa, armatura, gresy i akcesoria - Greston","og_description":"Od 1970 roku Ceramiche Grazia S.p.A. wyr\u00f3\u017cnia si\u0119 swoimi artystycznymi kreacjami oraz wysok\u0105 jako\u015bci\u0105 produkt\u00f3w ceramicznych. Firma kontynuuje tradycj\u0119 podw\u00f3jnego wypalania, wykorzystuj\u0105c starannie dobrane mieszanki ceramiczne oraz kilkufazowy proces wypalania. Dzi\u0119ki temu powstaj\u0105 produkty o wyj\u0105tkowej warto\u015bci, w kt\u00f3rych glazura odgrywa kluczow\u0105 rol\u0119 w estetycznym wyko\u0144czeniu. Niedawno firma rozpocz\u0119\u0142a tak\u017ce produkcj\u0119 p\u0142ytek porcelanowych. Zastosowanie specjalnych [&hellip;]","og_url":"https:\/\/klienci.scepter.agency\/greston\/marki\/ceramiche-grazia\/","og_site_name":"Salon \u0142azienek Warszawa, armatura, gresy i akcesoria - Greston","article_modified_time":"2024-10-11T09:48:13+00:00","og_image":[{"width":1079,"height":900,"url":"https:\/\/klienci.scepter.agency\/greston\/wp-content\/uploads\/2024\/09\/wyrozniajace.jpg","type":"image\/jpeg"}],"twitter_card":"summary_large_image","twitter_misc":{"Szacowany czas czytania":"2 minuty"},"schema":{"@context":"https:\/\/schema.org","@graph":[{"@type":"WebPage","@id":"https:\/\/klienci.scepter.agency\/greston\/marki\/ceramiche-grazia\/","url":"https:\/\/klienci.scepter.agency\/greston\/marki\/ceramiche-grazia\/","name":"Ceramiche Grazia - Salon \u0142azienek Warszawa, armatura, gresy i akcesoria - Greston","isPartOf":{"@id":"https:\/\/klienci.scepter.agency\/greston\/#website"},"primaryImageOfPage":{"@id":"https:\/\/klienci.scepter.agency\/greston\/marki\/ceramiche-grazia\/#primaryimage"},"image":{"@id":"https:\/\/klienci.scepter.agency\/greston\/marki\/ceramiche-grazia\/#primaryimage"},"thumbnailUrl":"https:\/\/klienci.scepter.agency\/greston\/wp-content\/uploads\/2024\/09\/wyrozniajace.jpg","datePublished":"2024-08-13T19:52:58+00:00","dateModified":"2024-10-11T09:48:13+00:00","breadcrumb":{"@id":"https:\/\/klienci.scepter.agency\/greston\/marki\/ceramiche-grazia\/#breadcrumb"},"inLanguage":"pl-PL","potentialAction":[{"@type":"ReadAction","target":["https:\/\/klienci.scepter.agency\/greston\/marki\/ceramiche-grazia\/"]}]},{"@type":"ImageObject","inLanguage":"pl-PL","@id":"https:\/\/klienci.scepter.agency\/greston\/marki\/ceramiche-grazia\/#primaryimage","url":"https:\/\/klienci.scepter.agency\/greston\/wp-content\/uploads\/2024\/09\/wyrozniajace.jpg","contentUrl":"https:\/\/klienci.scepter.agency\/greston\/wp-content\/uploads\/2024\/09\/wyrozniajace.jpg","width":1079,"height":900},{"@type":"BreadcrumbList","@id":"https:\/\/klienci.scepter.agency\/greston\/marki\/ceramiche-grazia\/#breadcrumb","itemListElement":[{"@type":"ListItem","position":1,"name":"Strona g\u0142\u00f3wna","item":"https:\/\/klienci.scepter.agency\/greston\/"},{"@type":"ListItem","position":2,"name":"Marki","item":"https:\/\/klienci.scepter.agency\/greston\/marki\/"},{"@type":"ListItem","position":3,"name":"Ceramiche Grazia"}]},{"@type":"WebSite","@id":"https:\/\/klienci.scepter.agency\/greston\/#website","url":"https:\/\/klienci.scepter.agency\/greston\/","name":"Salon \u0142azienek Warszawa, armatura, gresy i akcesoria - Greston","description":"","potentialAction":[{"@type":"SearchAction","target":{"@type":"EntryPoint","urlTemplate":"https:\/\/klienci.scepter.agency\/greston\/?s={search_term_string}"},"query-input":"required name=search_term_string"}],"inLanguage":"pl-PL"}]}},"_links":{"self":[{"href":"https:\/\/klienci.scepter.agency\/greston\/wp-json\/wp\/v2\/pages\/415","targetHints":{"allow":["GET"]}}],"collection":[{"href":"https:\/\/klienci.scepter.agency\/greston\/wp-json\/wp\/v2\/pages"}],"about":[{"href":"https:\/\/klienci.scepter.agency\/greston\/wp-json\/wp\/v2\/types\/page"}],"author":[{"embeddable":true,"href":"https:\/\/klienci.scepter.agency\/greston\/wp-json\/wp\/v2\/users\/1"}],"replies":[{"embeddable":true,"href":"https:\/\/klienci.scepter.agency\/greston\/wp-json\/wp\/v2\/comments?post=415"}],"version-history":[{"count":6,"href":"https:\/\/klienci.scepter.agency\/greston\/wp-json\/wp\/v2\/pages\/415\/revisions"}],"predecessor-version":[{"id":416,"href":"https:\/\/klienci.scepter.agency\/greston\/wp-json\/wp\/v2\/pages\/415\/revisions\/416"}],"up":[{"embeddable":true,"href":"https:\/\/klienci.scepter.agency\/greston\/wp-json\/wp\/v2\/pages\/18"}],"wp:featuredmedia":[{"embeddable":true,"href":"https:\/\/klienci.scepter.agency\/greston\/wp-json\/wp\/v2\/media\/932"}],"wp:attachment":[{"href":"https:\/\/klienci.scepter.agency\/greston\/wp-json\/wp\/v2\/media?parent=415"}],"curies":[{"name":"wp","href":"https:\/\/api.w.org\/{rel}","templated":true}]}}