{"id":426,"date":"2024-08-13T22:05:33","date_gmt":"2024-08-13T20:05:33","guid":{"rendered":"https:\/\/klienci.scepter.agency\/greston\/?page_id=426"},"modified":"2024-09-04T10:02:19","modified_gmt":"2024-09-04T08:02:19","slug":"dornbraht","status":"publish","type":"page","link":"https:\/\/klienci.scepter.agency\/greston\/produkty\/lazienki\/armatura\/dornbraht\/","title":{"rendered":"Dornbraht"},"content":{"rendered":"\n<p><strong>Dornbracht &#8211; Niemiecka Precyzja i Luksus w Ka\u017cdym Detalu<\/strong><\/p>\n\n\n\n<p>Dornbracht to renomowany niemiecki producent armatury, kt\u00f3ry od dekad wyznacza standardy w bran\u017cy \u0142azienkowej i kuchennej. Firma s\u0142ynie z wyj\u0105tkowej precyzji wykonania, innowacyjnych technologii i ponadczasowego designu. Produkty Dornbracht to nie tylko funkcjonalne rozwi\u0105zania, ale tak\u017ce ikony stylu, kt\u00f3re \u0142\u0105cz\u0105 w sobie nowoczesno\u015b\u0107 z klasyczn\u0105 elegancj\u0105. Ka\u017cdy element tworzony przez Dornbracht odzwierciedla dba\u0142o\u015b\u0107 o najdrobniejszy detal, co czyni mark\u0119 synonimem luksusu i niezawodno\u015bci na ca\u0142ym \u015bwiecie.<\/p>\n\n\n\n<p>Dornbracht jest mark\u0105 cenion\u0105 na ca\u0142ym \u015bwiecie. Jej produkty znajduj\u0105 si\u0119 w luksusowych hotelach, rezydencjach, a tak\u017ce w domach prywatnych klient\u00f3w, kt\u00f3rzy ceni\u0105 sobie najwy\u017csz\u0105 jako\u015b\u0107 i niepowtarzalny design. Dornbracht to nie tylko producent armatury, ale tak\u017ce partner w tworzeniu wyj\u0105tkowych przestrzeni, kt\u00f3re inspiruj\u0105 i zachwycaj\u0105.<\/p>\n\n\n\n<div class=\"wp-block-buttons is-layout-flex wp-block-buttons-is-layout-flex\">\n<div class=\"wp-block-button\"><a class=\"wp-block-button__link wp-element-button\" href=\"https:\/\/www.dornbracht.com\/en-us\/bathroom\/washbasin-faucets\/\" target=\"_blank\" rel=\"noreferrer noopener\">Zobacz stron\u0119 producenta<\/a><\/div>\n<\/div>\n\n\n\n<p><\/p>\n\n\n\n<figure class=\"wp-block-gallery has-nested-images columns-default is-cropped wp-block-gallery-1 is-layout-flex wp-block-gallery-is-layout-flex\">\n<figure class=\"wp-block-image size-large\"><a href=\"https:\/\/klienci.scepter.agency\/greston\/produkty\/lazienki\/armatura\/dornbraht\/dornbracht_showers_aquahalo_all-jets_row_01\/\"><img loading=\"lazy\" decoding=\"async\" width=\"750\" height=\"563\" data-id=\"996\" src=\"https:\/\/klienci.scepter.agency\/greston\/wp-content\/uploads\/2024\/09\/Dornbracht_Showers_AQUAHALO_all-jets_ROW_01.webp\" alt=\"\" class=\"wp-image-996\" srcset=\"https:\/\/klienci.scepter.agency\/greston\/wp-content\/uploads\/2024\/09\/Dornbracht_Showers_AQUAHALO_all-jets_ROW_01.webp 750w, https:\/\/klienci.scepter.agency\/greston\/wp-content\/uploads\/2024\/09\/Dornbracht_Showers_AQUAHALO_all-jets_ROW_01-300x225.webp 300w, https:\/\/klienci.scepter.agency\/greston\/wp-content\/uploads\/2024\/09\/Dornbracht_Showers_AQUAHALO_all-jets_ROW_01-600x450.webp 600w\" sizes=\"auto, (max-width: 750px) 100vw, 750px\" \/><\/a><\/figure>\n\n\n\n<figure class=\"wp-block-image size-large\"><a href=\"https:\/\/klienci.scepter.agency\/greston\/produkty\/lazienki\/armatura\/dornbraht\/dornbracht_showers_aquahalo_tr_02_digital\/\"><img loading=\"lazy\" decoding=\"async\" width=\"772\" height=\"772\" data-id=\"997\" src=\"https:\/\/klienci.scepter.agency\/greston\/wp-content\/uploads\/2024\/09\/Dornbracht_Showers_AQUAHALO_TR_02_Digital.webp\" alt=\"\" class=\"wp-image-997\" srcset=\"https:\/\/klienci.scepter.agency\/greston\/wp-content\/uploads\/2024\/09\/Dornbracht_Showers_AQUAHALO_TR_02_Digital.webp 772w, https:\/\/klienci.scepter.agency\/greston\/wp-content\/uploads\/2024\/09\/Dornbracht_Showers_AQUAHALO_TR_02_Digital-300x300.webp 300w, https:\/\/klienci.scepter.agency\/greston\/wp-content\/uploads\/2024\/09\/Dornbracht_Showers_AQUAHALO_TR_02_Digital-150x150.webp 150w, https:\/\/klienci.scepter.agency\/greston\/wp-content\/uploads\/2024\/09\/Dornbracht_Showers_AQUAHALO_TR_02_Digital-768x768.webp 768w, https:\/\/klienci.scepter.agency\/greston\/wp-content\/uploads\/2024\/09\/Dornbracht_Showers_AQUAHALO_TR_02_Digital-600x600.webp 600w, https:\/\/klienci.scepter.agency\/greston\/wp-content\/uploads\/2024\/09\/Dornbracht_Showers_AQUAHALO_TR_02_Digital-100x100.webp 100w\" sizes=\"auto, (max-width: 772px) 100vw, 772px\" \/><\/a><\/figure>\n\n\n\n<figure class=\"wp-block-image size-large\"><a href=\"https:\/\/klienci.scepter.agency\/greston\/produkty\/lazienki\/armatura\/dornbraht\/dornbracht_showers_aquahalo_tr_close-up_01\/\"><img loading=\"lazy\" decoding=\"async\" width=\"750\" height=\"1000\" data-id=\"998\" src=\"https:\/\/klienci.scepter.agency\/greston\/wp-content\/uploads\/2024\/09\/Dornbracht_Showers_AQUAHALO_TR_Close-Up_01.webp\" alt=\"\" class=\"wp-image-998\" srcset=\"https:\/\/klienci.scepter.agency\/greston\/wp-content\/uploads\/2024\/09\/Dornbracht_Showers_AQUAHALO_TR_Close-Up_01.webp 750w, https:\/\/klienci.scepter.agency\/greston\/wp-content\/uploads\/2024\/09\/Dornbracht_Showers_AQUAHALO_TR_Close-Up_01-225x300.webp 225w, https:\/\/klienci.scepter.agency\/greston\/wp-content\/uploads\/2024\/09\/Dornbracht_Showers_AQUAHALO_TR_Close-Up_01-600x800.webp 600w\" sizes=\"auto, (max-width: 750px) 100vw, 750px\" \/><\/a><\/figure>\n\n\n\n<figure class=\"wp-block-image size-large\"><a href=\"https:\/\/klienci.scepter.agency\/greston\/produkty\/lazienki\/armatura\/dornbraht\/dornbracht_showers_serenity-sky_pr_fr_close-up_01\/\"><img loading=\"lazy\" decoding=\"async\" width=\"750\" height=\"1000\" data-id=\"999\" src=\"https:\/\/klienci.scepter.agency\/greston\/wp-content\/uploads\/2024\/09\/Dornbracht_Showers_SERENITY-SKY_PR_FR_Close-Up_01.webp\" alt=\"\" class=\"wp-image-999\" srcset=\"https:\/\/klienci.scepter.agency\/greston\/wp-content\/uploads\/2024\/09\/Dornbracht_Showers_SERENITY-SKY_PR_FR_Close-Up_01.webp 750w, https:\/\/klienci.scepter.agency\/greston\/wp-content\/uploads\/2024\/09\/Dornbracht_Showers_SERENITY-SKY_PR_FR_Close-Up_01-225x300.webp 225w, https:\/\/klienci.scepter.agency\/greston\/wp-content\/uploads\/2024\/09\/Dornbracht_Showers_SERENITY-SKY_PR_FR_Close-Up_01-600x800.webp 600w\" sizes=\"auto, (max-width: 750px) 100vw, 750px\" \/><\/a><\/figure>\n\n\n\n<figure class=\"wp-block-image size-large\"><a href=\"https:\/\/klienci.scepter.agency\/greston\/produkty\/lazienki\/armatura\/dornbraht\/mem_champagne_01\/\"><img loading=\"lazy\" decoding=\"async\" width=\"772\" height=\"772\" data-id=\"1000\" src=\"https:\/\/klienci.scepter.agency\/greston\/wp-content\/uploads\/2024\/09\/MEM_Champagne_01.webp\" alt=\"\" class=\"wp-image-1000\" srcset=\"https:\/\/klienci.scepter.agency\/greston\/wp-content\/uploads\/2024\/09\/MEM_Champagne_01.webp 772w, https:\/\/klienci.scepter.agency\/greston\/wp-content\/uploads\/2024\/09\/MEM_Champagne_01-300x300.webp 300w, https:\/\/klienci.scepter.agency\/greston\/wp-content\/uploads\/2024\/09\/MEM_Champagne_01-150x150.webp 150w, https:\/\/klienci.scepter.agency\/greston\/wp-content\/uploads\/2024\/09\/MEM_Champagne_01-768x768.webp 768w, https:\/\/klienci.scepter.agency\/greston\/wp-content\/uploads\/2024\/09\/MEM_Champagne_01-600x600.webp 600w, https:\/\/klienci.scepter.agency\/greston\/wp-content\/uploads\/2024\/09\/MEM_Champagne_01-100x100.webp 100w\" sizes=\"auto, (max-width: 772px) 100vw, 772px\" \/><\/a><\/figure>\n\n\n\n<figure class=\"wp-block-image size-large\"><a href=\"https:\/\/klienci.scepter.agency\/greston\/produkty\/lazienki\/armatura\/dornbraht\/meta_square_brushed_champagne_05\/\"><img loading=\"lazy\" decoding=\"async\" width=\"510\" height=\"510\" data-id=\"1001\" src=\"https:\/\/klienci.scepter.agency\/greston\/wp-content\/uploads\/2024\/09\/META_SQUARE_Brushed_Champagne_05.webp\" alt=\"\" class=\"wp-image-1001\" srcset=\"https:\/\/klienci.scepter.agency\/greston\/wp-content\/uploads\/2024\/09\/META_SQUARE_Brushed_Champagne_05.webp 510w, https:\/\/klienci.scepter.agency\/greston\/wp-content\/uploads\/2024\/09\/META_SQUARE_Brushed_Champagne_05-300x300.webp 300w, https:\/\/klienci.scepter.agency\/greston\/wp-content\/uploads\/2024\/09\/META_SQUARE_Brushed_Champagne_05-150x150.webp 150w, https:\/\/klienci.scepter.agency\/greston\/wp-content\/uploads\/2024\/09\/META_SQUARE_Brushed_Champagne_05-100x100.webp 100w\" sizes=\"auto, (max-width: 510px) 100vw, 510px\" \/><\/a><\/figure>\n\n\n\n<figure class=\"wp-block-image size-large\"><a href=\"https:\/\/klienci.scepter.agency\/greston\/produkty\/lazienki\/armatura\/dornbraht\/tara_champagne_05\/\"><img loading=\"lazy\" decoding=\"async\" width=\"510\" height=\"510\" data-id=\"1002\" src=\"https:\/\/klienci.scepter.agency\/greston\/wp-content\/uploads\/2024\/09\/TARA_Champagne_05.webp\" alt=\"\" class=\"wp-image-1002\" srcset=\"https:\/\/klienci.scepter.agency\/greston\/wp-content\/uploads\/2024\/09\/TARA_Champagne_05.webp 510w, https:\/\/klienci.scepter.agency\/greston\/wp-content\/uploads\/2024\/09\/TARA_Champagne_05-300x300.webp 300w, https:\/\/klienci.scepter.agency\/greston\/wp-content\/uploads\/2024\/09\/TARA_Champagne_05-150x150.webp 150w, https:\/\/klienci.scepter.agency\/greston\/wp-content\/uploads\/2024\/09\/TARA_Champagne_05-100x100.webp 100w\" sizes=\"auto, (max-width: 510px) 100vw, 510px\" \/><\/a><\/figure>\n\n\n\n<figure class=\"wp-block-image size-large\"><a href=\"https:\/\/klienci.scepter.agency\/greston\/produkty\/lazienki\/armatura\/dornbraht\/tara_ultra_dark_chrome_01\/\"><img loading=\"lazy\" decoding=\"async\" width=\"1024\" height=\"439\" data-id=\"1003\" src=\"https:\/\/klienci.scepter.agency\/greston\/wp-content\/uploads\/2024\/09\/TARA_ULTRA_Dark_Chrome_01-1024x439.webp\" alt=\"\" class=\"wp-image-1003\" srcset=\"https:\/\/klienci.scepter.agency\/greston\/wp-content\/uploads\/2024\/09\/TARA_ULTRA_Dark_Chrome_01-1024x439.webp 1024w, https:\/\/klienci.scepter.agency\/greston\/wp-content\/uploads\/2024\/09\/TARA_ULTRA_Dark_Chrome_01-300x129.webp 300w, https:\/\/klienci.scepter.agency\/greston\/wp-content\/uploads\/2024\/09\/TARA_ULTRA_Dark_Chrome_01-768x329.webp 768w, https:\/\/klienci.scepter.agency\/greston\/wp-content\/uploads\/2024\/09\/TARA_ULTRA_Dark_Chrome_01-1536x658.webp 1536w, https:\/\/klienci.scepter.agency\/greston\/wp-content\/uploads\/2024\/09\/TARA_ULTRA_Dark_Chrome_01-600x257.webp 600w, https:\/\/klienci.scepter.agency\/greston\/wp-content\/uploads\/2024\/09\/TARA_ULTRA_Dark_Chrome_01.webp 1920w\" sizes=\"auto, (max-width: 1024px) 100vw, 1024px\" \/><\/a><\/figure>\n\n\n\n<figure class=\"wp-block-image size-large\"><a href=\"https:\/\/klienci.scepter.agency\/greston\/produkty\/lazienki\/armatura\/dornbraht\/collage_gold-finishes\/\"><img loading=\"lazy\" decoding=\"async\" width=\"510\" height=\"510\" data-id=\"1004\" src=\"https:\/\/klienci.scepter.agency\/greston\/wp-content\/uploads\/2024\/09\/Collage_Gold-finishes.webp\" alt=\"\" class=\"wp-image-1004\" srcset=\"https:\/\/klienci.scepter.agency\/greston\/wp-content\/uploads\/2024\/09\/Collage_Gold-finishes.webp 510w, https:\/\/klienci.scepter.agency\/greston\/wp-content\/uploads\/2024\/09\/Collage_Gold-finishes-300x300.webp 300w, https:\/\/klienci.scepter.agency\/greston\/wp-content\/uploads\/2024\/09\/Collage_Gold-finishes-150x150.webp 150w, https:\/\/klienci.scepter.agency\/greston\/wp-content\/uploads\/2024\/09\/Collage_Gold-finishes-100x100.webp 100w\" sizes=\"auto, (max-width: 510px) 100vw, 510px\" \/><\/a><\/figure>\n<\/figure>\n","protected":false},"excerpt":{"rendered":"<p>Dornbracht &#8211; Niemiecka Precyzja i Luksus w Ka\u017cdym Detalu Dornbracht to renomowany niemiecki producent armatury, kt\u00f3ry od dekad wyznacza standardy w bran\u017cy \u0142azienkowej i kuchennej. Firma s\u0142ynie z wyj\u0105tkowej precyzji wykonania, innowacyjnych technologii i ponadczasowego designu. Produkty Dornbracht to nie tylko funkcjonalne rozwi\u0105zania, ale tak\u017ce ikony stylu, kt\u00f3re \u0142\u0105cz\u0105 w sobie nowoczesno\u015b\u0107 z klasyczn\u0105 elegancj\u0105. [&hellip;]<\/p>\n","protected":false},"author":1,"featured_media":1002,"parent":145,"menu_order":0,"comment_status":"closed","ping_status":"closed","template":"pages\/produkty-marki.php","meta":{"footnotes":""},"class_list":["post-426","page","type-page","status-publish","has-post-thumbnail","hentry"],"acf":[],"yoast_head":"<!-- This site is optimized with the Yoast SEO plugin v23.2 - https:\/\/yoast.com\/wordpress\/plugins\/seo\/ -->\n<title>Dornbraht - Salon \u0142azienek Warszawa, armatura, gresy i akcesoria - Greston<\/title>\n<meta name=\"robots\" content=\"noindex, follow, max-snippet:-1, max-image-preview:large, max-video-preview:-1\" \/>\n<meta property=\"og:locale\" content=\"pl_PL\" \/>\n<meta property=\"og:type\" content=\"article\" \/>\n<meta property=\"og:title\" content=\"Dornbraht - Salon \u0142azienek Warszawa, armatura, gresy i akcesoria - Greston\" \/>\n<meta property=\"og:description\" content=\"Dornbracht &#8211; Niemiecka Precyzja i Luksus w Ka\u017cdym Detalu Dornbracht to renomowany niemiecki producent armatury, kt\u00f3ry od dekad wyznacza standardy w bran\u017cy \u0142azienkowej i kuchennej. Firma s\u0142ynie z wyj\u0105tkowej precyzji wykonania, innowacyjnych technologii i ponadczasowego designu. Produkty Dornbracht to nie tylko funkcjonalne rozwi\u0105zania, ale tak\u017ce ikony stylu, kt\u00f3re \u0142\u0105cz\u0105 w sobie nowoczesno\u015b\u0107 z klasyczn\u0105 elegancj\u0105. [&hellip;]\" \/>\n<meta property=\"og:url\" content=\"https:\/\/klienci.scepter.agency\/greston\/produkty\/lazienki\/armatura\/dornbraht\/\" \/>\n<meta property=\"og:site_name\" content=\"Salon \u0142azienek Warszawa, armatura, gresy i akcesoria - Greston\" \/>\n<meta property=\"article:modified_time\" content=\"2024-09-04T08:02:19+00:00\" \/>\n<meta property=\"og:image\" content=\"https:\/\/klienci.scepter.agency\/greston\/wp-content\/uploads\/2024\/09\/TARA_Champagne_05.webp\" \/>\n\t<meta property=\"og:image:width\" content=\"510\" \/>\n\t<meta property=\"og:image:height\" content=\"510\" \/>\n\t<meta property=\"og:image:type\" content=\"image\/webp\" \/>\n<meta name=\"twitter:card\" content=\"summary_large_image\" \/>\n<meta name=\"twitter:label1\" content=\"Szacowany czas czytania\" \/>\n\t<meta name=\"twitter:data1\" content=\"3 minuty\" \/>\n<script type=\"application\/ld+json\" class=\"yoast-schema-graph\">{\"@context\":\"https:\/\/schema.org\",\"@graph\":[{\"@type\":\"WebPage\",\"@id\":\"https:\/\/klienci.scepter.agency\/greston\/produkty\/lazienki\/armatura\/dornbraht\/\",\"url\":\"https:\/\/klienci.scepter.agency\/greston\/produkty\/lazienki\/armatura\/dornbraht\/\",\"name\":\"Dornbraht - Salon \u0142azienek Warszawa, armatura, gresy i akcesoria - Greston\",\"isPartOf\":{\"@id\":\"https:\/\/klienci.scepter.agency\/greston\/#website\"},\"primaryImageOfPage\":{\"@id\":\"https:\/\/klienci.scepter.agency\/greston\/produkty\/lazienki\/armatura\/dornbraht\/#primaryimage\"},\"image\":{\"@id\":\"https:\/\/klienci.scepter.agency\/greston\/produkty\/lazienki\/armatura\/dornbraht\/#primaryimage\"},\"thumbnailUrl\":\"https:\/\/klienci.scepter.agency\/greston\/wp-content\/uploads\/2024\/09\/TARA_Champagne_05.webp\",\"datePublished\":\"2024-08-13T20:05:33+00:00\",\"dateModified\":\"2024-09-04T08:02:19+00:00\",\"breadcrumb\":{\"@id\":\"https:\/\/klienci.scepter.agency\/greston\/produkty\/lazienki\/armatura\/dornbraht\/#breadcrumb\"},\"inLanguage\":\"pl-PL\",\"potentialAction\":[{\"@type\":\"ReadAction\",\"target\":[\"https:\/\/klienci.scepter.agency\/greston\/produkty\/lazienki\/armatura\/dornbraht\/\"]}]},{\"@type\":\"ImageObject\",\"inLanguage\":\"pl-PL\",\"@id\":\"https:\/\/klienci.scepter.agency\/greston\/produkty\/lazienki\/armatura\/dornbraht\/#primaryimage\",\"url\":\"https:\/\/klienci.scepter.agency\/greston\/wp-content\/uploads\/2024\/09\/TARA_Champagne_05.webp\",\"contentUrl\":\"https:\/\/klienci.scepter.agency\/greston\/wp-content\/uploads\/2024\/09\/TARA_Champagne_05.webp\",\"width\":510,\"height\":510},{\"@type\":\"BreadcrumbList\",\"@id\":\"https:\/\/klienci.scepter.agency\/greston\/produkty\/lazienki\/armatura\/dornbraht\/#breadcrumb\",\"itemListElement\":[{\"@type\":\"ListItem\",\"position\":1,\"name\":\"Strona g\u0142\u00f3wna\",\"item\":\"https:\/\/klienci.scepter.agency\/greston\/\"},{\"@type\":\"ListItem\",\"position\":2,\"name\":\"Produkty\",\"item\":\"https:\/\/klienci.scepter.agency\/greston\/produkty\/\"},{\"@type\":\"ListItem\",\"position\":3,\"name\":\"\u0141azienki\",\"item\":\"https:\/\/klienci.scepter.agency\/greston\/produkty\/lazienki\/\"},{\"@type\":\"ListItem\",\"position\":4,\"name\":\"Armatura\",\"item\":\"https:\/\/klienci.scepter.agency\/greston\/produkty\/lazienki\/armatura\/\"},{\"@type\":\"ListItem\",\"position\":5,\"name\":\"Dornbraht\"}]},{\"@type\":\"WebSite\",\"@id\":\"https:\/\/klienci.scepter.agency\/greston\/#website\",\"url\":\"https:\/\/klienci.scepter.agency\/greston\/\",\"name\":\"Salon \u0142azienek Warszawa, armatura, gresy i akcesoria - Greston\",\"description\":\"\",\"potentialAction\":[{\"@type\":\"SearchAction\",\"target\":{\"@type\":\"EntryPoint\",\"urlTemplate\":\"https:\/\/klienci.scepter.agency\/greston\/?s={search_term_string}\"},\"query-input\":\"required name=search_term_string\"}],\"inLanguage\":\"pl-PL\"}]}<\/script>\n<!-- \/ Yoast SEO plugin. -->","yoast_head_json":{"title":"Dornbraht - Salon \u0142azienek Warszawa, armatura, gresy i akcesoria - Greston","robots":{"index":"noindex","follow":"follow","max-snippet":"max-snippet:-1","max-image-preview":"max-image-preview:large","max-video-preview":"max-video-preview:-1"},"og_locale":"pl_PL","og_type":"article","og_title":"Dornbraht - Salon \u0142azienek Warszawa, armatura, gresy i akcesoria - Greston","og_description":"Dornbracht &#8211; Niemiecka Precyzja i Luksus w Ka\u017cdym Detalu Dornbracht to renomowany niemiecki producent armatury, kt\u00f3ry od dekad wyznacza standardy w bran\u017cy \u0142azienkowej i kuchennej. Firma s\u0142ynie z wyj\u0105tkowej precyzji wykonania, innowacyjnych technologii i ponadczasowego designu. Produkty Dornbracht to nie tylko funkcjonalne rozwi\u0105zania, ale tak\u017ce ikony stylu, kt\u00f3re \u0142\u0105cz\u0105 w sobie nowoczesno\u015b\u0107 z klasyczn\u0105 elegancj\u0105. [&hellip;]","og_url":"https:\/\/klienci.scepter.agency\/greston\/produkty\/lazienki\/armatura\/dornbraht\/","og_site_name":"Salon \u0142azienek Warszawa, armatura, gresy i akcesoria - Greston","article_modified_time":"2024-09-04T08:02:19+00:00","og_image":[{"width":510,"height":510,"url":"https:\/\/klienci.scepter.agency\/greston\/wp-content\/uploads\/2024\/09\/TARA_Champagne_05.webp","type":"image\/webp"}],"twitter_card":"summary_large_image","twitter_misc":{"Szacowany czas czytania":"3 minuty"},"schema":{"@context":"https:\/\/schema.org","@graph":[{"@type":"WebPage","@id":"https:\/\/klienci.scepter.agency\/greston\/produkty\/lazienki\/armatura\/dornbraht\/","url":"https:\/\/klienci.scepter.agency\/greston\/produkty\/lazienki\/armatura\/dornbraht\/","name":"Dornbraht - Salon \u0142azienek Warszawa, armatura, gresy i akcesoria - Greston","isPartOf":{"@id":"https:\/\/klienci.scepter.agency\/greston\/#website"},"primaryImageOfPage":{"@id":"https:\/\/klienci.scepter.agency\/greston\/produkty\/lazienki\/armatura\/dornbraht\/#primaryimage"},"image":{"@id":"https:\/\/klienci.scepter.agency\/greston\/produkty\/lazienki\/armatura\/dornbraht\/#primaryimage"},"thumbnailUrl":"https:\/\/klienci.scepter.agency\/greston\/wp-content\/uploads\/2024\/09\/TARA_Champagne_05.webp","datePublished":"2024-08-13T20:05:33+00:00","dateModified":"2024-09-04T08:02:19+00:00","breadcrumb":{"@id":"https:\/\/klienci.scepter.agency\/greston\/produkty\/lazienki\/armatura\/dornbraht\/#breadcrumb"},"inLanguage":"pl-PL","potentialAction":[{"@type":"ReadAction","target":["https:\/\/klienci.scepter.agency\/greston\/produkty\/lazienki\/armatura\/dornbraht\/"]}]},{"@type":"ImageObject","inLanguage":"pl-PL","@id":"https:\/\/klienci.scepter.agency\/greston\/produkty\/lazienki\/armatura\/dornbraht\/#primaryimage","url":"https:\/\/klienci.scepter.agency\/greston\/wp-content\/uploads\/2024\/09\/TARA_Champagne_05.webp","contentUrl":"https:\/\/klienci.scepter.agency\/greston\/wp-content\/uploads\/2024\/09\/TARA_Champagne_05.webp","width":510,"height":510},{"@type":"BreadcrumbList","@id":"https:\/\/klienci.scepter.agency\/greston\/produkty\/lazienki\/armatura\/dornbraht\/#breadcrumb","itemListElement":[{"@type":"ListItem","position":1,"name":"Strona g\u0142\u00f3wna","item":"https:\/\/klienci.scepter.agency\/greston\/"},{"@type":"ListItem","position":2,"name":"Produkty","item":"https:\/\/klienci.scepter.agency\/greston\/produkty\/"},{"@type":"ListItem","position":3,"name":"\u0141azienki","item":"https:\/\/klienci.scepter.agency\/greston\/produkty\/lazienki\/"},{"@type":"ListItem","position":4,"name":"Armatura","item":"https:\/\/klienci.scepter.agency\/greston\/produkty\/lazienki\/armatura\/"},{"@type":"ListItem","position":5,"name":"Dornbraht"}]},{"@type":"WebSite","@id":"https:\/\/klienci.scepter.agency\/greston\/#website","url":"https:\/\/klienci.scepter.agency\/greston\/","name":"Salon \u0142azienek Warszawa, armatura, gresy i akcesoria - Greston","description":"","potentialAction":[{"@type":"SearchAction","target":{"@type":"EntryPoint","urlTemplate":"https:\/\/klienci.scepter.agency\/greston\/?s={search_term_string}"},"query-input":"required name=search_term_string"}],"inLanguage":"pl-PL"}]}},"_links":{"self":[{"href":"https:\/\/klienci.scepter.agency\/greston\/wp-json\/wp\/v2\/pages\/426","targetHints":{"allow":["GET"]}}],"collection":[{"href":"https:\/\/klienci.scepter.agency\/greston\/wp-json\/wp\/v2\/pages"}],"about":[{"href":"https:\/\/klienci.scepter.agency\/greston\/wp-json\/wp\/v2\/types\/page"}],"author":[{"embeddable":true,"href":"https:\/\/klienci.scepter.agency\/greston\/wp-json\/wp\/v2\/users\/1"}],"replies":[{"embeddable":true,"href":"https:\/\/klienci.scepter.agency\/greston\/wp-json\/wp\/v2\/comments?post=426"}],"version-history":[{"count":3,"href":"https:\/\/klienci.scepter.agency\/greston\/wp-json\/wp\/v2\/pages\/426\/revisions"}],"predecessor-version":[{"id":427,"href":"https:\/\/klienci.scepter.agency\/greston\/wp-json\/wp\/v2\/pages\/426\/revisions\/427"}],"up":[{"embeddable":true,"href":"https:\/\/klienci.scepter.agency\/greston\/wp-json\/wp\/v2\/pages\/145"}],"wp:featuredmedia":[{"embeddable":true,"href":"https:\/\/klienci.scepter.agency\/greston\/wp-json\/wp\/v2\/media\/1002"}],"wp:attachment":[{"href":"https:\/\/klienci.scepter.agency\/greston\/wp-json\/wp\/v2\/media?parent=426"}],"curies":[{"name":"wp","href":"https:\/\/api.w.org\/{rel}","templated":true}]}}