{"id":485,"date":"2024-08-13T22:39:26","date_gmt":"2024-08-13T20:39:26","guid":{"rendered":"https:\/\/klienci.scepter.agency\/greston\/?page_id=485"},"modified":"2024-10-11T13:32:49","modified_gmt":"2024-10-11T11:32:49","slug":"burlington","status":"publish","type":"page","link":"https:\/\/klienci.scepter.agency\/greston\/produkty\/lazienki\/ceramika-sanitarna\/burlington\/","title":{"rendered":"Burlington"},"content":{"rendered":"\n<p>Od ko\u0144ca XIX wieku do pocz\u0105tku XX wieku Wielka Brytania przodowa\u0142a w projektowaniu i funkcjonalno\u015bci \u0142azienek. \u0141azienki Burlington i Arcade, inspirowane tradycj\u0105, oferuj\u0105 pe\u0142n\u0105 kolekcj\u0119 klasycznych produkt\u00f3w, kt\u00f3re \u0142\u0105cz\u0105 w sobie historyczny design z nowoczesn\u0105 funkcjonalno\u015bci\u0105. Te linie produkt\u00f3w pozwalaj\u0105 stworzy\u0107 tradycyjn\u0105 \u0142azienk\u0119, odzwierciedlaj\u0105c\u0105 r\u00f3\u017cne epoki wielkiego wzornictwa, takie jak edwardia\u0144ska, wiktoria\u0144ska, klasyczna, wsp\u00f3\u0142czesna lub unikalny styl Belle \u00c9poque linii Arcade.<\/p>\n\n\n\n<p>W najnowszych produktach Burlington i Arcade wykorzystano zaawansowan\u0105 technologi\u0119, aby zapewni\u0107 kluczowe korzy\u015bci, takie jak pow\u0142oka Nano glaze u\u0142atwiaj\u0105ca utrzymanie czysto\u015bci wszystkich misek WC, ceramiczne dyski w bateriach oraz bezpieczna, termostatyczna kontrola wszystkich prysznic\u00f3w. Ich szerokie portfolio zosta\u0142o zaprojektowane tak, aby rozwi\u0105za\u0107 wszelkie wyzwania projektowe, oferuj\u0105c bogaty wyb\u00f3r modeli, kt\u00f3re pasuj\u0105 do ka\u017cdego rodzaju instalacji wodno-kanalizacyjnych.<\/p>\n\n\n\n<div class=\"wp-block-buttons is-layout-flex wp-block-buttons-is-layout-flex\">\n<div class=\"wp-block-button\"><a class=\"wp-block-button__link wp-element-button\" href=\"http:\/\/burlingtonbathrooms.com\" target=\"_blank\" rel=\"noreferrer noopener\">Zobacz stron\u0119 producenta<\/a><\/div>\n<\/div>\n\n\n\n<p><\/p>\n\n\n\n<figure class=\"wp-block-gallery has-nested-images columns-default is-cropped wp-block-gallery-1 is-layout-flex wp-block-gallery-is-layout-flex\">\n<figure class=\"wp-block-image size-large\"><a href=\"https:\/\/klienci.scepter.agency\/greston\/wp-content\/uploads\/2024\/08\/basins3.png\"><img loading=\"lazy\" decoding=\"async\" width=\"500\" height=\"500\" data-id=\"894\" src=\"https:\/\/klienci.scepter.agency\/greston\/wp-content\/uploads\/2024\/08\/basins3.png\" alt=\"\" class=\"wp-image-894\" srcset=\"https:\/\/klienci.scepter.agency\/greston\/wp-content\/uploads\/2024\/08\/basins3.png 500w, https:\/\/klienci.scepter.agency\/greston\/wp-content\/uploads\/2024\/08\/basins3-300x300.png 300w, https:\/\/klienci.scepter.agency\/greston\/wp-content\/uploads\/2024\/08\/basins3-150x150.png 150w, https:\/\/klienci.scepter.agency\/greston\/wp-content\/uploads\/2024\/08\/basins3-100x100.png 100w\" sizes=\"auto, (max-width: 500px) 100vw, 500px\" \/><\/a><\/figure>\n\n\n\n<figure class=\"wp-block-image size-large\"><a href=\"https:\/\/klienci.scepter.agency\/greston\/wp-content\/uploads\/2024\/08\/blog4.png\"><img loading=\"lazy\" decoding=\"async\" width=\"820\" height=\"600\" data-id=\"895\" src=\"https:\/\/klienci.scepter.agency\/greston\/wp-content\/uploads\/2024\/08\/blog4.png\" alt=\"\" class=\"wp-image-895\" srcset=\"https:\/\/klienci.scepter.agency\/greston\/wp-content\/uploads\/2024\/08\/blog4.png 820w, https:\/\/klienci.scepter.agency\/greston\/wp-content\/uploads\/2024\/08\/blog4-300x220.png 300w, https:\/\/klienci.scepter.agency\/greston\/wp-content\/uploads\/2024\/08\/blog4-768x562.png 768w, https:\/\/klienci.scepter.agency\/greston\/wp-content\/uploads\/2024\/08\/blog4-600x439.png 600w\" sizes=\"auto, (max-width: 820px) 100vw, 820px\" \/><\/a><\/figure>\n\n\n\n<figure class=\"wp-block-image size-large\"><a href=\"https:\/\/klienci.scepter.agency\/greston\/wp-content\/uploads\/2024\/08\/blue-furniture-blog.jpg\"><img loading=\"lazy\" decoding=\"async\" width=\"700\" height=\"701\" data-id=\"896\" src=\"https:\/\/klienci.scepter.agency\/greston\/wp-content\/uploads\/2024\/08\/blue-furniture-blog.jpg\" alt=\"\" class=\"wp-image-896\" srcset=\"https:\/\/klienci.scepter.agency\/greston\/wp-content\/uploads\/2024\/08\/blue-furniture-blog.jpg 700w, https:\/\/klienci.scepter.agency\/greston\/wp-content\/uploads\/2024\/08\/blue-furniture-blog-300x300.jpg 300w, https:\/\/klienci.scepter.agency\/greston\/wp-content\/uploads\/2024\/08\/blue-furniture-blog-150x150.jpg 150w, https:\/\/klienci.scepter.agency\/greston\/wp-content\/uploads\/2024\/08\/blue-furniture-blog-600x601.jpg 600w, https:\/\/klienci.scepter.agency\/greston\/wp-content\/uploads\/2024\/08\/blue-furniture-blog-100x100.jpg 100w\" sizes=\"auto, (max-width: 700px) 100vw, 700px\" \/><\/a><\/figure>\n\n\n\n<figure class=\"wp-block-image size-large\"><a href=\"https:\/\/klienci.scepter.agency\/greston\/wp-content\/uploads\/2024\/08\/brassware4.png\"><img loading=\"lazy\" decoding=\"async\" width=\"500\" height=\"500\" data-id=\"897\" src=\"https:\/\/klienci.scepter.agency\/greston\/wp-content\/uploads\/2024\/08\/brassware4.png\" alt=\"\" class=\"wp-image-897\" srcset=\"https:\/\/klienci.scepter.agency\/greston\/wp-content\/uploads\/2024\/08\/brassware4.png 500w, https:\/\/klienci.scepter.agency\/greston\/wp-content\/uploads\/2024\/08\/brassware4-300x300.png 300w, https:\/\/klienci.scepter.agency\/greston\/wp-content\/uploads\/2024\/08\/brassware4-150x150.png 150w, https:\/\/klienci.scepter.agency\/greston\/wp-content\/uploads\/2024\/08\/brassware4-100x100.png 100w\" sizes=\"auto, (max-width: 500px) 100vw, 500px\" \/><\/a><\/figure>\n\n\n\n<figure class=\"wp-block-image size-large\"><a href=\"https:\/\/klienci.scepter.agency\/greston\/wp-content\/uploads\/2024\/08\/brochures3.png\"><img loading=\"lazy\" decoding=\"async\" width=\"820\" height=\"600\" data-id=\"898\" src=\"https:\/\/klienci.scepter.agency\/greston\/wp-content\/uploads\/2024\/08\/brochures3.png\" alt=\"\" class=\"wp-image-898\" srcset=\"https:\/\/klienci.scepter.agency\/greston\/wp-content\/uploads\/2024\/08\/brochures3.png 820w, https:\/\/klienci.scepter.agency\/greston\/wp-content\/uploads\/2024\/08\/brochures3-300x220.png 300w, https:\/\/klienci.scepter.agency\/greston\/wp-content\/uploads\/2024\/08\/brochures3-768x562.png 768w, https:\/\/klienci.scepter.agency\/greston\/wp-content\/uploads\/2024\/08\/brochures3-600x439.png 600w\" sizes=\"auto, (max-width: 820px) 100vw, 820px\" \/><\/a><\/figure>\n\n\n\n<figure class=\"wp-block-image size-large\"><a href=\"https:\/\/klienci.scepter.agency\/greston\/wp-content\/uploads\/2024\/08\/burlington-feature-chalfton-image.jpg\"><img loading=\"lazy\" decoding=\"async\" width=\"700\" height=\"701\" data-id=\"899\" src=\"https:\/\/klienci.scepter.agency\/greston\/wp-content\/uploads\/2024\/08\/burlington-feature-chalfton-image.jpg\" alt=\"\" class=\"wp-image-899\" srcset=\"https:\/\/klienci.scepter.agency\/greston\/wp-content\/uploads\/2024\/08\/burlington-feature-chalfton-image.jpg 700w, https:\/\/klienci.scepter.agency\/greston\/wp-content\/uploads\/2024\/08\/burlington-feature-chalfton-image-300x300.jpg 300w, https:\/\/klienci.scepter.agency\/greston\/wp-content\/uploads\/2024\/08\/burlington-feature-chalfton-image-150x150.jpg 150w, https:\/\/klienci.scepter.agency\/greston\/wp-content\/uploads\/2024\/08\/burlington-feature-chalfton-image-600x601.jpg 600w, https:\/\/klienci.scepter.agency\/greston\/wp-content\/uploads\/2024\/08\/burlington-feature-chalfton-image-100x100.jpg 100w\" sizes=\"auto, (max-width: 700px) 100vw, 700px\" \/><\/a><\/figure>\n\n\n\n<figure class=\"wp-block-image size-large\"><a href=\"https:\/\/klienci.scepter.agency\/greston\/wp-content\/uploads\/2024\/08\/cover-blog-image.jpg\"><img loading=\"lazy\" decoding=\"async\" width=\"700\" height=\"701\" data-id=\"900\" src=\"https:\/\/klienci.scepter.agency\/greston\/wp-content\/uploads\/2024\/08\/cover-blog-image.jpg\" alt=\"\" class=\"wp-image-900\" srcset=\"https:\/\/klienci.scepter.agency\/greston\/wp-content\/uploads\/2024\/08\/cover-blog-image.jpg 700w, https:\/\/klienci.scepter.agency\/greston\/wp-content\/uploads\/2024\/08\/cover-blog-image-300x300.jpg 300w, https:\/\/klienci.scepter.agency\/greston\/wp-content\/uploads\/2024\/08\/cover-blog-image-150x150.jpg 150w, https:\/\/klienci.scepter.agency\/greston\/wp-content\/uploads\/2024\/08\/cover-blog-image-600x601.jpg 600w, https:\/\/klienci.scepter.agency\/greston\/wp-content\/uploads\/2024\/08\/cover-blog-image-100x100.jpg 100w\" sizes=\"auto, (max-width: 700px) 100vw, 700px\" \/><\/a><\/figure>\n\n\n\n<figure class=\"wp-block-image size-large\"><a href=\"https:\/\/klienci.scepter.agency\/greston\/wp-content\/uploads\/2024\/08\/feature-image1.jpg\"><img loading=\"lazy\" decoding=\"async\" width=\"700\" height=\"701\" data-id=\"901\" src=\"https:\/\/klienci.scepter.agency\/greston\/wp-content\/uploads\/2024\/08\/feature-image1.jpg\" alt=\"\" class=\"wp-image-901\" srcset=\"https:\/\/klienci.scepter.agency\/greston\/wp-content\/uploads\/2024\/08\/feature-image1.jpg 700w, https:\/\/klienci.scepter.agency\/greston\/wp-content\/uploads\/2024\/08\/feature-image1-300x300.jpg 300w, https:\/\/klienci.scepter.agency\/greston\/wp-content\/uploads\/2024\/08\/feature-image1-150x150.jpg 150w, https:\/\/klienci.scepter.agency\/greston\/wp-content\/uploads\/2024\/08\/feature-image1-600x601.jpg 600w, https:\/\/klienci.scepter.agency\/greston\/wp-content\/uploads\/2024\/08\/feature-image1-100x100.jpg 100w\" sizes=\"auto, (max-width: 700px) 100vw, 700px\" \/><\/a><\/figure>\n\n\n\n<figure class=\"wp-block-image size-large\"><a href=\"https:\/\/klienci.scepter.agency\/greston\/wp-content\/uploads\/2024\/08\/full-page-image.png\"><img loading=\"lazy\" decoding=\"async\" width=\"1024\" height=\"529\" data-id=\"902\" src=\"https:\/\/klienci.scepter.agency\/greston\/wp-content\/uploads\/2024\/08\/full-page-image-1024x529.png\" alt=\"\" class=\"wp-image-902\" srcset=\"https:\/\/klienci.scepter.agency\/greston\/wp-content\/uploads\/2024\/08\/full-page-image-1024x529.png 1024w, https:\/\/klienci.scepter.agency\/greston\/wp-content\/uploads\/2024\/08\/full-page-image-300x155.png 300w, https:\/\/klienci.scepter.agency\/greston\/wp-content\/uploads\/2024\/08\/full-page-image-768x397.png 768w, https:\/\/klienci.scepter.agency\/greston\/wp-content\/uploads\/2024\/08\/full-page-image-1536x794.png 1536w, https:\/\/klienci.scepter.agency\/greston\/wp-content\/uploads\/2024\/08\/full-page-image-600x310.png 600w, https:\/\/klienci.scepter.agency\/greston\/wp-content\/uploads\/2024\/08\/full-page-image.png 1670w\" sizes=\"auto, (max-width: 1024px) 100vw, 1024px\" \/><\/a><\/figure>\n\n\n\n<figure class=\"wp-block-image size-large\"><a href=\"https:\/\/klienci.scepter.agency\/greston\/wp-content\/uploads\/2024\/08\/furniture6.png\"><img loading=\"lazy\" decoding=\"async\" width=\"500\" height=\"500\" data-id=\"906\" src=\"https:\/\/klienci.scepter.agency\/greston\/wp-content\/uploads\/2024\/08\/furniture6.png\" alt=\"\" class=\"wp-image-906\" srcset=\"https:\/\/klienci.scepter.agency\/greston\/wp-content\/uploads\/2024\/08\/furniture6.png 500w, https:\/\/klienci.scepter.agency\/greston\/wp-content\/uploads\/2024\/08\/furniture6-300x300.png 300w, https:\/\/klienci.scepter.agency\/greston\/wp-content\/uploads\/2024\/08\/furniture6-150x150.png 150w, https:\/\/klienci.scepter.agency\/greston\/wp-content\/uploads\/2024\/08\/furniture6-100x100.png 100w\" sizes=\"auto, (max-width: 500px) 100vw, 500px\" \/><\/a><\/figure>\n\n\n\n<figure class=\"wp-block-image size-large\"><a href=\"https:\/\/klienci.scepter.agency\/greston\/wp-content\/uploads\/2024\/08\/guild-blog.png\"><img loading=\"lazy\" decoding=\"async\" width=\"700\" height=\"701\" data-id=\"908\" src=\"https:\/\/klienci.scepter.agency\/greston\/wp-content\/uploads\/2024\/08\/guild-blog.png\" alt=\"\" class=\"wp-image-908\" srcset=\"https:\/\/klienci.scepter.agency\/greston\/wp-content\/uploads\/2024\/08\/guild-blog.png 700w, https:\/\/klienci.scepter.agency\/greston\/wp-content\/uploads\/2024\/08\/guild-blog-300x300.png 300w, https:\/\/klienci.scepter.agency\/greston\/wp-content\/uploads\/2024\/08\/guild-blog-150x150.png 150w, https:\/\/klienci.scepter.agency\/greston\/wp-content\/uploads\/2024\/08\/guild-blog-600x601.png 600w, https:\/\/klienci.scepter.agency\/greston\/wp-content\/uploads\/2024\/08\/guild-blog-100x100.png 100w\" sizes=\"auto, (max-width: 700px) 100vw, 700px\" \/><\/a><\/figure>\n\n\n\n<figure class=\"wp-block-image size-large\"><a href=\"https:\/\/klienci.scepter.agency\/greston\/wp-content\/uploads\/2024\/08\/STARTER.png\"><img loading=\"lazy\" decoding=\"async\" width=\"768\" height=\"768\" data-id=\"909\" src=\"https:\/\/klienci.scepter.agency\/greston\/wp-content\/uploads\/2024\/08\/STARTER.png\" alt=\"\" class=\"wp-image-909\" srcset=\"https:\/\/klienci.scepter.agency\/greston\/wp-content\/uploads\/2024\/08\/STARTER.png 768w, https:\/\/klienci.scepter.agency\/greston\/wp-content\/uploads\/2024\/08\/STARTER-300x300.png 300w, https:\/\/klienci.scepter.agency\/greston\/wp-content\/uploads\/2024\/08\/STARTER-150x150.png 150w, https:\/\/klienci.scepter.agency\/greston\/wp-content\/uploads\/2024\/08\/STARTER-600x600.png 600w, https:\/\/klienci.scepter.agency\/greston\/wp-content\/uploads\/2024\/08\/STARTER-100x100.png 100w\" sizes=\"auto, (max-width: 768px) 100vw, 768px\" \/><\/a><\/figure>\n\n\n\n<figure class=\"wp-block-image size-large\"><a href=\"https:\/\/klienci.scepter.agency\/greston\/wp-content\/uploads\/2024\/08\/wcs4.png\"><img loading=\"lazy\" decoding=\"async\" width=\"500\" height=\"500\" data-id=\"910\" src=\"https:\/\/klienci.scepter.agency\/greston\/wp-content\/uploads\/2024\/08\/wcs4.png\" alt=\"\" class=\"wp-image-910\" srcset=\"https:\/\/klienci.scepter.agency\/greston\/wp-content\/uploads\/2024\/08\/wcs4.png 500w, https:\/\/klienci.scepter.agency\/greston\/wp-content\/uploads\/2024\/08\/wcs4-300x300.png 300w, https:\/\/klienci.scepter.agency\/greston\/wp-content\/uploads\/2024\/08\/wcs4-150x150.png 150w, https:\/\/klienci.scepter.agency\/greston\/wp-content\/uploads\/2024\/08\/wcs4-100x100.png 100w\" sizes=\"auto, (max-width: 500px) 100vw, 500px\" \/><\/a><\/figure>\n\n\n\n<figure class=\"wp-block-image size-large\"><a href=\"https:\/\/klienci.scepter.agency\/greston\/wp-content\/uploads\/2024\/08\/wyrozniajace-4.jpg\"><img loading=\"lazy\" decoding=\"async\" width=\"700\" height=\"701\" data-id=\"911\" src=\"https:\/\/klienci.scepter.agency\/greston\/wp-content\/uploads\/2024\/08\/wyrozniajace-4.jpg\" alt=\"\" class=\"wp-image-911\" srcset=\"https:\/\/klienci.scepter.agency\/greston\/wp-content\/uploads\/2024\/08\/wyrozniajace-4.jpg 700w, https:\/\/klienci.scepter.agency\/greston\/wp-content\/uploads\/2024\/08\/wyrozniajace-4-300x300.jpg 300w, https:\/\/klienci.scepter.agency\/greston\/wp-content\/uploads\/2024\/08\/wyrozniajace-4-150x150.jpg 150w, https:\/\/klienci.scepter.agency\/greston\/wp-content\/uploads\/2024\/08\/wyrozniajace-4-600x601.jpg 600w, https:\/\/klienci.scepter.agency\/greston\/wp-content\/uploads\/2024\/08\/wyrozniajace-4-100x100.jpg 100w\" sizes=\"auto, (max-width: 700px) 100vw, 700px\" \/><\/a><\/figure>\n<\/figure>\n","protected":false},"excerpt":{"rendered":"<p>Od ko\u0144ca XIX wieku do pocz\u0105tku XX wieku Wielka Brytania przodowa\u0142a w projektowaniu i funkcjonalno\u015bci \u0142azienek. \u0141azienki Burlington i Arcade, inspirowane tradycj\u0105, oferuj\u0105 pe\u0142n\u0105 kolekcj\u0119 klasycznych produkt\u00f3w, kt\u00f3re \u0142\u0105cz\u0105 w sobie historyczny design z nowoczesn\u0105 funkcjonalno\u015bci\u0105. Te linie produkt\u00f3w pozwalaj\u0105 stworzy\u0107 tradycyjn\u0105 \u0142azienk\u0119, odzwierciedlaj\u0105c\u0105 r\u00f3\u017cne epoki wielkiego wzornictwa, takie jak edwardia\u0144ska, wiktoria\u0144ska, klasyczna, wsp\u00f3\u0142czesna lub [&hellip;]<\/p>\n","protected":false},"author":1,"featured_media":910,"parent":471,"menu_order":0,"comment_status":"closed","ping_status":"closed","template":"pages\/produkty-marki.php","meta":{"footnotes":""},"class_list":["post-485","page","type-page","status-publish","has-post-thumbnail","hentry"],"acf":[],"yoast_head":"<!-- This site is optimized with the Yoast SEO plugin v23.2 - https:\/\/yoast.com\/wordpress\/plugins\/seo\/ -->\n<title>Burlington - Salon \u0142azienek Warszawa, armatura, gresy i akcesoria - Greston<\/title>\n<meta name=\"robots\" content=\"noindex, follow, max-snippet:-1, max-image-preview:large, max-video-preview:-1\" \/>\n<meta property=\"og:locale\" content=\"pl_PL\" \/>\n<meta property=\"og:type\" content=\"article\" \/>\n<meta property=\"og:title\" content=\"Burlington - Salon \u0142azienek Warszawa, armatura, gresy i akcesoria - Greston\" \/>\n<meta property=\"og:description\" content=\"Od ko\u0144ca XIX wieku do pocz\u0105tku XX wieku Wielka Brytania przodowa\u0142a w projektowaniu i funkcjonalno\u015bci \u0142azienek. \u0141azienki Burlington i Arcade, inspirowane tradycj\u0105, oferuj\u0105 pe\u0142n\u0105 kolekcj\u0119 klasycznych produkt\u00f3w, kt\u00f3re \u0142\u0105cz\u0105 w sobie historyczny design z nowoczesn\u0105 funkcjonalno\u015bci\u0105. Te linie produkt\u00f3w pozwalaj\u0105 stworzy\u0107 tradycyjn\u0105 \u0142azienk\u0119, odzwierciedlaj\u0105c\u0105 r\u00f3\u017cne epoki wielkiego wzornictwa, takie jak edwardia\u0144ska, wiktoria\u0144ska, klasyczna, wsp\u00f3\u0142czesna lub [&hellip;]\" \/>\n<meta property=\"og:url\" content=\"https:\/\/klienci.scepter.agency\/greston\/produkty\/lazienki\/ceramika-sanitarna\/burlington\/\" \/>\n<meta property=\"og:site_name\" content=\"Salon \u0142azienek Warszawa, armatura, gresy i akcesoria - Greston\" \/>\n<meta property=\"article:modified_time\" content=\"2024-10-11T11:32:49+00:00\" \/>\n<meta property=\"og:image\" content=\"https:\/\/klienci.scepter.agency\/greston\/wp-content\/uploads\/2024\/08\/wcs4.png\" \/>\n\t<meta property=\"og:image:width\" content=\"500\" \/>\n\t<meta property=\"og:image:height\" content=\"500\" \/>\n\t<meta property=\"og:image:type\" content=\"image\/png\" \/>\n<meta name=\"twitter:card\" content=\"summary_large_image\" \/>\n<meta name=\"twitter:label1\" content=\"Szacowany czas czytania\" \/>\n\t<meta name=\"twitter:data1\" content=\"4 minuty\" \/>\n<script type=\"application\/ld+json\" class=\"yoast-schema-graph\">{\"@context\":\"https:\/\/schema.org\",\"@graph\":[{\"@type\":\"WebPage\",\"@id\":\"https:\/\/klienci.scepter.agency\/greston\/produkty\/lazienki\/ceramika-sanitarna\/burlington\/\",\"url\":\"https:\/\/klienci.scepter.agency\/greston\/produkty\/lazienki\/ceramika-sanitarna\/burlington\/\",\"name\":\"Burlington - Salon \u0142azienek Warszawa, armatura, gresy i akcesoria - Greston\",\"isPartOf\":{\"@id\":\"https:\/\/klienci.scepter.agency\/greston\/#website\"},\"primaryImageOfPage\":{\"@id\":\"https:\/\/klienci.scepter.agency\/greston\/produkty\/lazienki\/ceramika-sanitarna\/burlington\/#primaryimage\"},\"image\":{\"@id\":\"https:\/\/klienci.scepter.agency\/greston\/produkty\/lazienki\/ceramika-sanitarna\/burlington\/#primaryimage\"},\"thumbnailUrl\":\"https:\/\/klienci.scepter.agency\/greston\/wp-content\/uploads\/2024\/08\/wcs4.png\",\"datePublished\":\"2024-08-13T20:39:26+00:00\",\"dateModified\":\"2024-10-11T11:32:49+00:00\",\"breadcrumb\":{\"@id\":\"https:\/\/klienci.scepter.agency\/greston\/produkty\/lazienki\/ceramika-sanitarna\/burlington\/#breadcrumb\"},\"inLanguage\":\"pl-PL\",\"potentialAction\":[{\"@type\":\"ReadAction\",\"target\":[\"https:\/\/klienci.scepter.agency\/greston\/produkty\/lazienki\/ceramika-sanitarna\/burlington\/\"]}]},{\"@type\":\"ImageObject\",\"inLanguage\":\"pl-PL\",\"@id\":\"https:\/\/klienci.scepter.agency\/greston\/produkty\/lazienki\/ceramika-sanitarna\/burlington\/#primaryimage\",\"url\":\"https:\/\/klienci.scepter.agency\/greston\/wp-content\/uploads\/2024\/08\/wcs4.png\",\"contentUrl\":\"https:\/\/klienci.scepter.agency\/greston\/wp-content\/uploads\/2024\/08\/wcs4.png\",\"width\":500,\"height\":500},{\"@type\":\"BreadcrumbList\",\"@id\":\"https:\/\/klienci.scepter.agency\/greston\/produkty\/lazienki\/ceramika-sanitarna\/burlington\/#breadcrumb\",\"itemListElement\":[{\"@type\":\"ListItem\",\"position\":1,\"name\":\"Strona g\u0142\u00f3wna\",\"item\":\"https:\/\/klienci.scepter.agency\/greston\/\"},{\"@type\":\"ListItem\",\"position\":2,\"name\":\"Produkty\",\"item\":\"https:\/\/klienci.scepter.agency\/greston\/produkty\/\"},{\"@type\":\"ListItem\",\"position\":3,\"name\":\"\u0141azienki\",\"item\":\"https:\/\/klienci.scepter.agency\/greston\/produkty\/lazienki\/\"},{\"@type\":\"ListItem\",\"position\":4,\"name\":\"Ceramika sanitarna\",\"item\":\"https:\/\/klienci.scepter.agency\/greston\/produkty\/lazienki\/ceramika-sanitarna\/\"},{\"@type\":\"ListItem\",\"position\":5,\"name\":\"Burlington\"}]},{\"@type\":\"WebSite\",\"@id\":\"https:\/\/klienci.scepter.agency\/greston\/#website\",\"url\":\"https:\/\/klienci.scepter.agency\/greston\/\",\"name\":\"Salon \u0142azienek Warszawa, armatura, gresy i akcesoria - Greston\",\"description\":\"\",\"potentialAction\":[{\"@type\":\"SearchAction\",\"target\":{\"@type\":\"EntryPoint\",\"urlTemplate\":\"https:\/\/klienci.scepter.agency\/greston\/?s={search_term_string}\"},\"query-input\":\"required name=search_term_string\"}],\"inLanguage\":\"pl-PL\"}]}<\/script>\n<!-- \/ Yoast SEO plugin. -->","yoast_head_json":{"title":"Burlington - Salon \u0142azienek Warszawa, armatura, gresy i akcesoria - Greston","robots":{"index":"noindex","follow":"follow","max-snippet":"max-snippet:-1","max-image-preview":"max-image-preview:large","max-video-preview":"max-video-preview:-1"},"og_locale":"pl_PL","og_type":"article","og_title":"Burlington - Salon \u0142azienek Warszawa, armatura, gresy i akcesoria - Greston","og_description":"Od ko\u0144ca XIX wieku do pocz\u0105tku XX wieku Wielka Brytania przodowa\u0142a w projektowaniu i funkcjonalno\u015bci \u0142azienek. \u0141azienki Burlington i Arcade, inspirowane tradycj\u0105, oferuj\u0105 pe\u0142n\u0105 kolekcj\u0119 klasycznych produkt\u00f3w, kt\u00f3re \u0142\u0105cz\u0105 w sobie historyczny design z nowoczesn\u0105 funkcjonalno\u015bci\u0105. Te linie produkt\u00f3w pozwalaj\u0105 stworzy\u0107 tradycyjn\u0105 \u0142azienk\u0119, odzwierciedlaj\u0105c\u0105 r\u00f3\u017cne epoki wielkiego wzornictwa, takie jak edwardia\u0144ska, wiktoria\u0144ska, klasyczna, wsp\u00f3\u0142czesna lub [&hellip;]","og_url":"https:\/\/klienci.scepter.agency\/greston\/produkty\/lazienki\/ceramika-sanitarna\/burlington\/","og_site_name":"Salon \u0142azienek Warszawa, armatura, gresy i akcesoria - Greston","article_modified_time":"2024-10-11T11:32:49+00:00","og_image":[{"width":500,"height":500,"url":"https:\/\/klienci.scepter.agency\/greston\/wp-content\/uploads\/2024\/08\/wcs4.png","type":"image\/png"}],"twitter_card":"summary_large_image","twitter_misc":{"Szacowany czas czytania":"4 minuty"},"schema":{"@context":"https:\/\/schema.org","@graph":[{"@type":"WebPage","@id":"https:\/\/klienci.scepter.agency\/greston\/produkty\/lazienki\/ceramika-sanitarna\/burlington\/","url":"https:\/\/klienci.scepter.agency\/greston\/produkty\/lazienki\/ceramika-sanitarna\/burlington\/","name":"Burlington - Salon \u0142azienek Warszawa, armatura, gresy i akcesoria - Greston","isPartOf":{"@id":"https:\/\/klienci.scepter.agency\/greston\/#website"},"primaryImageOfPage":{"@id":"https:\/\/klienci.scepter.agency\/greston\/produkty\/lazienki\/ceramika-sanitarna\/burlington\/#primaryimage"},"image":{"@id":"https:\/\/klienci.scepter.agency\/greston\/produkty\/lazienki\/ceramika-sanitarna\/burlington\/#primaryimage"},"thumbnailUrl":"https:\/\/klienci.scepter.agency\/greston\/wp-content\/uploads\/2024\/08\/wcs4.png","datePublished":"2024-08-13T20:39:26+00:00","dateModified":"2024-10-11T11:32:49+00:00","breadcrumb":{"@id":"https:\/\/klienci.scepter.agency\/greston\/produkty\/lazienki\/ceramika-sanitarna\/burlington\/#breadcrumb"},"inLanguage":"pl-PL","potentialAction":[{"@type":"ReadAction","target":["https:\/\/klienci.scepter.agency\/greston\/produkty\/lazienki\/ceramika-sanitarna\/burlington\/"]}]},{"@type":"ImageObject","inLanguage":"pl-PL","@id":"https:\/\/klienci.scepter.agency\/greston\/produkty\/lazienki\/ceramika-sanitarna\/burlington\/#primaryimage","url":"https:\/\/klienci.scepter.agency\/greston\/wp-content\/uploads\/2024\/08\/wcs4.png","contentUrl":"https:\/\/klienci.scepter.agency\/greston\/wp-content\/uploads\/2024\/08\/wcs4.png","width":500,"height":500},{"@type":"BreadcrumbList","@id":"https:\/\/klienci.scepter.agency\/greston\/produkty\/lazienki\/ceramika-sanitarna\/burlington\/#breadcrumb","itemListElement":[{"@type":"ListItem","position":1,"name":"Strona g\u0142\u00f3wna","item":"https:\/\/klienci.scepter.agency\/greston\/"},{"@type":"ListItem","position":2,"name":"Produkty","item":"https:\/\/klienci.scepter.agency\/greston\/produkty\/"},{"@type":"ListItem","position":3,"name":"\u0141azienki","item":"https:\/\/klienci.scepter.agency\/greston\/produkty\/lazienki\/"},{"@type":"ListItem","position":4,"name":"Ceramika sanitarna","item":"https:\/\/klienci.scepter.agency\/greston\/produkty\/lazienki\/ceramika-sanitarna\/"},{"@type":"ListItem","position":5,"name":"Burlington"}]},{"@type":"WebSite","@id":"https:\/\/klienci.scepter.agency\/greston\/#website","url":"https:\/\/klienci.scepter.agency\/greston\/","name":"Salon \u0142azienek Warszawa, armatura, gresy i akcesoria - Greston","description":"","potentialAction":[{"@type":"SearchAction","target":{"@type":"EntryPoint","urlTemplate":"https:\/\/klienci.scepter.agency\/greston\/?s={search_term_string}"},"query-input":"required name=search_term_string"}],"inLanguage":"pl-PL"}]}},"_links":{"self":[{"href":"https:\/\/klienci.scepter.agency\/greston\/wp-json\/wp\/v2\/pages\/485","targetHints":{"allow":["GET"]}}],"collection":[{"href":"https:\/\/klienci.scepter.agency\/greston\/wp-json\/wp\/v2\/pages"}],"about":[{"href":"https:\/\/klienci.scepter.agency\/greston\/wp-json\/wp\/v2\/types\/page"}],"author":[{"embeddable":true,"href":"https:\/\/klienci.scepter.agency\/greston\/wp-json\/wp\/v2\/users\/1"}],"replies":[{"embeddable":true,"href":"https:\/\/klienci.scepter.agency\/greston\/wp-json\/wp\/v2\/comments?post=485"}],"version-history":[{"count":4,"href":"https:\/\/klienci.scepter.agency\/greston\/wp-json\/wp\/v2\/pages\/485\/revisions"}],"predecessor-version":[{"id":2429,"href":"https:\/\/klienci.scepter.agency\/greston\/wp-json\/wp\/v2\/pages\/485\/revisions\/2429"}],"up":[{"embeddable":true,"href":"https:\/\/klienci.scepter.agency\/greston\/wp-json\/wp\/v2\/pages\/471"}],"wp:featuredmedia":[{"embeddable":true,"href":"https:\/\/klienci.scepter.agency\/greston\/wp-json\/wp\/v2\/media\/910"}],"wp:attachment":[{"href":"https:\/\/klienci.scepter.agency\/greston\/wp-json\/wp\/v2\/media?parent=485"}],"curies":[{"name":"wp","href":"https:\/\/api.w.org\/{rel}","templated":true}]}}