{"id":488,"date":"2024-08-13T22:40:02","date_gmt":"2024-08-13T20:40:02","guid":{"rendered":"https:\/\/klienci.scepter.agency\/greston\/?page_id=488"},"modified":"2024-10-11T09:59:20","modified_gmt":"2024-10-11T07:59:20","slug":"geberit","status":"publish","type":"page","link":"https:\/\/klienci.scepter.agency\/greston\/produkty\/lazienki\/ceramika-sanitarna\/geberit\/","title":{"rendered":"Geberit"},"content":{"rendered":"\n<p><strong>Geberit<\/strong> to \u015bwiatowy lider w dziedzinie rozwi\u0105za\u0144 sanitarnych, oferuj\u0105cy innowacyjne i niezawodne produkty dla nowoczesnych \u0142azienek. Firma, z ponad 150-letnim do\u015bwiadczeniem, specjalizuje si\u0119 w produkcji system\u00f3w instalacyjnych, sp\u0142uczek podtynkowych, armatury sanitarnej, syfon\u00f3w, oraz odp\u0142yw\u00f3w prysznicowych.<\/p>\n\n\n\n<p>Produkty Geberit \u0142\u0105cz\u0105 w sobie <strong>wysok\u0105 jako\u015b\u0107<\/strong>, <strong>funkcjonalno\u015b\u0107<\/strong> i <strong>estetyk\u0119<\/strong>, co czyni je wyborem zar\u00f3wno dla projekt\u00f3w mieszkaniowych, jak i komercyjnych. Firma s\u0142ynie z wprowadzania innowacji, kt\u00f3re poprawiaj\u0105 komfort u\u017cytkowania, jak r\u00f3wnie\u017c efektywno\u015b\u0107 energetyczn\u0105 i oszcz\u0119dno\u015b\u0107 wody.<\/p>\n\n\n\n<p>Najbardziej cenione produkty Geberit to:<\/p>\n\n\n\n<ul class=\"wp-block-list\">\n<li><strong>Systemy podtynkowe<\/strong> \u2013 eleganckie, oszcz\u0119dzaj\u0105ce przestrze\u0144 i niezawodne, s\u0105 idealnym rozwi\u0105zaniem do nowoczesnych \u0142azienek.<\/li>\n\n\n\n<li><strong>Stela\u017ce do WC<\/strong> \u2013 znane z wytrzyma\u0142o\u015bci i nowoczesnego designu, \u0142atwe w monta\u017cu oraz konserwacji.<\/li>\n\n\n\n<li><strong>Odp\u0142ywy liniowe i punktowe<\/strong> \u2013 zapewniaj\u0105ce wydajno\u015b\u0107 i stylowy wygl\u0105d.<\/li>\n<\/ul>\n\n\n\n<p>Geberit to marka, kt\u00f3ra stawia na trwa\u0142o\u015b\u0107 i zaawansowan\u0105 technologi\u0119, gwarantuj\u0105c\u0105 wieloletnie u\u017cytkowanie. Firma zdoby\u0142a zaufanie klient\u00f3w na ca\u0142ym \u015bwiecie, dzi\u0119ki czemu jest jednym z wiod\u0105cych dostawc\u00f3w produkt\u00f3w sanitarnych.<\/p>\n\n\n\n<div class=\"wp-block-buttons is-layout-flex wp-block-buttons-is-layout-flex\">\n<div class=\"wp-block-button\"><a class=\"wp-block-button__link wp-element-button\" href=\"http:\/\/geberit.pl\" target=\"_blank\" rel=\"noreferrer noopener\">Zobacz stron\u0119 producenta<\/a><\/div>\n<\/div>\n\n\n\n<p><\/p>\n\n\n\n<figure class=\"wp-block-gallery has-nested-images columns-default is-cropped wp-block-gallery-1 is-layout-flex wp-block-gallery-is-layout-flex\">\n<figure class=\"wp-block-image size-large\"><a href=\"https:\/\/klienci.scepter.agency\/greston\/wp-content\/uploads\/2024\/10\/geberit-duofix-sigma-8-11.jpg\"><img loading=\"lazy\" decoding=\"async\" width=\"720\" height=\"990\" data-id=\"2219\" src=\"https:\/\/klienci.scepter.agency\/greston\/wp-content\/uploads\/2024\/10\/geberit-duofix-sigma-8-11.jpg\" alt=\"\" class=\"wp-image-2219\" srcset=\"https:\/\/klienci.scepter.agency\/greston\/wp-content\/uploads\/2024\/10\/geberit-duofix-sigma-8-11.jpg 720w, https:\/\/klienci.scepter.agency\/greston\/wp-content\/uploads\/2024\/10\/geberit-duofix-sigma-8-11-218x300.jpg 218w, https:\/\/klienci.scepter.agency\/greston\/wp-content\/uploads\/2024\/10\/geberit-duofix-sigma-8-11-600x825.jpg 600w\" sizes=\"auto, (max-width: 720px) 100vw, 720px\" \/><\/a><\/figure>\n\n\n\n<figure class=\"wp-block-image size-large\"><a href=\"https:\/\/klienci.scepter.agency\/greston\/wp-content\/uploads\/2024\/10\/2023-wc-category-wc-acanto-sideview-sigma70-redgold-landscape-big-size-570-322.jpg\"><img loading=\"lazy\" decoding=\"async\" width=\"570\" height=\"322\" data-id=\"2216\" src=\"https:\/\/klienci.scepter.agency\/greston\/wp-content\/uploads\/2024\/10\/2023-wc-category-wc-acanto-sideview-sigma70-redgold-landscape-big-size-570-322.jpg\" alt=\"\" class=\"wp-image-2216\" srcset=\"https:\/\/klienci.scepter.agency\/greston\/wp-content\/uploads\/2024\/10\/2023-wc-category-wc-acanto-sideview-sigma70-redgold-landscape-big-size-570-322.jpg 570w, https:\/\/klienci.scepter.agency\/greston\/wp-content\/uploads\/2024\/10\/2023-wc-category-wc-acanto-sideview-sigma70-redgold-landscape-big-size-570-322-300x169.jpg 300w\" sizes=\"auto, (max-width: 570px) 100vw, 570px\" \/><\/a><\/figure>\n\n\n\n<figure class=\"wp-block-image size-large\"><a href=\"https:\/\/klienci.scepter.agency\/greston\/wp-content\/uploads\/2024\/10\/2907844-2023-monolith-plus-with-comfortlight-close-up-soft-touch-buttons-380-214.jpg\"><img loading=\"lazy\" decoding=\"async\" width=\"380\" height=\"214\" data-id=\"2217\" src=\"https:\/\/klienci.scepter.agency\/greston\/wp-content\/uploads\/2024\/10\/2907844-2023-monolith-plus-with-comfortlight-close-up-soft-touch-buttons-380-214.jpg\" alt=\"\" class=\"wp-image-2217\" srcset=\"https:\/\/klienci.scepter.agency\/greston\/wp-content\/uploads\/2024\/10\/2907844-2023-monolith-plus-with-comfortlight-close-up-soft-touch-buttons-380-214.jpg 380w, https:\/\/klienci.scepter.agency\/greston\/wp-content\/uploads\/2024\/10\/2907844-2023-monolith-plus-with-comfortlight-close-up-soft-touch-buttons-380-214-300x169.jpg 300w\" sizes=\"auto, (max-width: 380px) 100vw, 380px\" \/><\/a><\/figure>\n\n\n\n<figure class=\"wp-block-image size-large\"><a href=\"https:\/\/klienci.scepter.agency\/greston\/wp-content\/uploads\/2024\/10\/img-monolith-smyle-sand-grey-570-322.jpg\"><img loading=\"lazy\" decoding=\"async\" width=\"570\" height=\"322\" data-id=\"2215\" src=\"https:\/\/klienci.scepter.agency\/greston\/wp-content\/uploads\/2024\/10\/img-monolith-smyle-sand-grey-570-322.jpg\" alt=\"\" class=\"wp-image-2215\" srcset=\"https:\/\/klienci.scepter.agency\/greston\/wp-content\/uploads\/2024\/10\/img-monolith-smyle-sand-grey-570-322.jpg 570w, https:\/\/klienci.scepter.agency\/greston\/wp-content\/uploads\/2024\/10\/img-monolith-smyle-sand-grey-570-322-300x169.jpg 300w\" sizes=\"auto, (max-width: 570px) 100vw, 570px\" \/><\/a><\/figure>\n\n\n\n<figure class=\"wp-block-image size-large\"><a href=\"https:\/\/klienci.scepter.agency\/greston\/wp-content\/uploads\/2024\/10\/img-geberit-sigma50-25-10-2019-570-322.jpg\"><img loading=\"lazy\" decoding=\"async\" width=\"570\" height=\"322\" data-id=\"2214\" src=\"https:\/\/klienci.scepter.agency\/greston\/wp-content\/uploads\/2024\/10\/img-geberit-sigma50-25-10-2019-570-322.jpg\" alt=\"\" class=\"wp-image-2214\" srcset=\"https:\/\/klienci.scepter.agency\/greston\/wp-content\/uploads\/2024\/10\/img-geberit-sigma50-25-10-2019-570-322.jpg 570w, https:\/\/klienci.scepter.agency\/greston\/wp-content\/uploads\/2024\/10\/img-geberit-sigma50-25-10-2019-570-322-300x169.jpg 300w\" sizes=\"auto, (max-width: 570px) 100vw, 570px\" \/><\/a><\/figure>\n\n\n\n<figure class=\"wp-block-image size-large\"><a href=\"https:\/\/klienci.scepter.agency\/greston\/wp-content\/uploads\/2024\/10\/img-duofix-system-570-322.jpg\"><img loading=\"lazy\" decoding=\"async\" width=\"570\" height=\"322\" data-id=\"2213\" src=\"https:\/\/klienci.scepter.agency\/greston\/wp-content\/uploads\/2024\/10\/img-duofix-system-570-322.jpg\" alt=\"\" class=\"wp-image-2213\" srcset=\"https:\/\/klienci.scepter.agency\/greston\/wp-content\/uploads\/2024\/10\/img-duofix-system-570-322.jpg 570w, https:\/\/klienci.scepter.agency\/greston\/wp-content\/uploads\/2024\/10\/img-duofix-system-570-322-300x169.jpg 300w\" sizes=\"auto, (max-width: 570px) 100vw, 570px\" \/><\/a><\/figure>\n\n\n\n<figure class=\"wp-block-image size-large\"><a href=\"https:\/\/klienci.scepter.agency\/greston\/wp-content\/uploads\/2024\/10\/img-bathroom-geberit-icon-with-auaclean-mera-2021-570-322.jpg\"><img loading=\"lazy\" decoding=\"async\" width=\"570\" height=\"322\" data-id=\"2212\" src=\"https:\/\/klienci.scepter.agency\/greston\/wp-content\/uploads\/2024\/10\/img-bathroom-geberit-icon-with-auaclean-mera-2021-570-322.jpg\" alt=\"\" class=\"wp-image-2212\" srcset=\"https:\/\/klienci.scepter.agency\/greston\/wp-content\/uploads\/2024\/10\/img-bathroom-geberit-icon-with-auaclean-mera-2021-570-322.jpg 570w, https:\/\/klienci.scepter.agency\/greston\/wp-content\/uploads\/2024\/10\/img-bathroom-geberit-icon-with-auaclean-mera-2021-570-322-300x169.jpg 300w\" sizes=\"auto, (max-width: 570px) 100vw, 570px\" \/><\/a><\/figure>\n<\/figure>\n","protected":false},"excerpt":{"rendered":"<p>Geberit to \u015bwiatowy lider w dziedzinie rozwi\u0105za\u0144 sanitarnych, oferuj\u0105cy innowacyjne i niezawodne produkty dla nowoczesnych \u0142azienek. Firma, z ponad 150-letnim do\u015bwiadczeniem, specjalizuje si\u0119 w produkcji system\u00f3w instalacyjnych, sp\u0142uczek podtynkowych, armatury sanitarnej, syfon\u00f3w, oraz odp\u0142yw\u00f3w prysznicowych. Produkty Geberit \u0142\u0105cz\u0105 w sobie wysok\u0105 jako\u015b\u0107, funkcjonalno\u015b\u0107 i estetyk\u0119, co czyni je wyborem zar\u00f3wno dla projekt\u00f3w mieszkaniowych, jak i [&hellip;]<\/p>\n","protected":false},"author":1,"featured_media":2215,"parent":471,"menu_order":0,"comment_status":"closed","ping_status":"closed","template":"pages\/produkty-marki.php","meta":{"footnotes":""},"class_list":["post-488","page","type-page","status-publish","has-post-thumbnail","hentry"],"acf":[],"yoast_head":"<!-- This site is optimized with the Yoast SEO plugin v23.2 - https:\/\/yoast.com\/wordpress\/plugins\/seo\/ -->\n<title>Geberit - Salon \u0142azienek Warszawa, armatura, gresy i akcesoria - Greston<\/title>\n<meta name=\"robots\" content=\"noindex, follow, max-snippet:-1, max-image-preview:large, max-video-preview:-1\" \/>\n<meta property=\"og:locale\" content=\"pl_PL\" \/>\n<meta property=\"og:type\" content=\"article\" \/>\n<meta property=\"og:title\" content=\"Geberit - Salon \u0142azienek Warszawa, armatura, gresy i akcesoria - Greston\" \/>\n<meta property=\"og:description\" content=\"Geberit to \u015bwiatowy lider w dziedzinie rozwi\u0105za\u0144 sanitarnych, oferuj\u0105cy innowacyjne i niezawodne produkty dla nowoczesnych \u0142azienek. Firma, z ponad 150-letnim do\u015bwiadczeniem, specjalizuje si\u0119 w produkcji system\u00f3w instalacyjnych, sp\u0142uczek podtynkowych, armatury sanitarnej, syfon\u00f3w, oraz odp\u0142yw\u00f3w prysznicowych. Produkty Geberit \u0142\u0105cz\u0105 w sobie wysok\u0105 jako\u015b\u0107, funkcjonalno\u015b\u0107 i estetyk\u0119, co czyni je wyborem zar\u00f3wno dla projekt\u00f3w mieszkaniowych, jak i [&hellip;]\" \/>\n<meta property=\"og:url\" content=\"https:\/\/klienci.scepter.agency\/greston\/produkty\/lazienki\/ceramika-sanitarna\/geberit\/\" \/>\n<meta property=\"og:site_name\" content=\"Salon \u0142azienek Warszawa, armatura, gresy i akcesoria - Greston\" \/>\n<meta property=\"article:modified_time\" content=\"2024-10-11T07:59:20+00:00\" \/>\n<meta property=\"og:image\" content=\"https:\/\/klienci.scepter.agency\/greston\/wp-content\/uploads\/2024\/10\/img-monolith-smyle-sand-grey-570-322.jpg\" \/>\n\t<meta property=\"og:image:width\" content=\"570\" \/>\n\t<meta property=\"og:image:height\" content=\"322\" \/>\n\t<meta property=\"og:image:type\" content=\"image\/jpeg\" \/>\n<meta name=\"twitter:card\" content=\"summary_large_image\" \/>\n<meta name=\"twitter:label1\" content=\"Szacowany czas czytania\" \/>\n\t<meta name=\"twitter:data1\" content=\"3 minuty\" \/>\n<script type=\"application\/ld+json\" class=\"yoast-schema-graph\">{\"@context\":\"https:\/\/schema.org\",\"@graph\":[{\"@type\":\"WebPage\",\"@id\":\"https:\/\/klienci.scepter.agency\/greston\/produkty\/lazienki\/ceramika-sanitarna\/geberit\/\",\"url\":\"https:\/\/klienci.scepter.agency\/greston\/produkty\/lazienki\/ceramika-sanitarna\/geberit\/\",\"name\":\"Geberit - Salon \u0142azienek Warszawa, armatura, gresy i akcesoria - Greston\",\"isPartOf\":{\"@id\":\"https:\/\/klienci.scepter.agency\/greston\/#website\"},\"primaryImageOfPage\":{\"@id\":\"https:\/\/klienci.scepter.agency\/greston\/produkty\/lazienki\/ceramika-sanitarna\/geberit\/#primaryimage\"},\"image\":{\"@id\":\"https:\/\/klienci.scepter.agency\/greston\/produkty\/lazienki\/ceramika-sanitarna\/geberit\/#primaryimage\"},\"thumbnailUrl\":\"https:\/\/klienci.scepter.agency\/greston\/wp-content\/uploads\/2024\/10\/img-monolith-smyle-sand-grey-570-322.jpg\",\"datePublished\":\"2024-08-13T20:40:02+00:00\",\"dateModified\":\"2024-10-11T07:59:20+00:00\",\"breadcrumb\":{\"@id\":\"https:\/\/klienci.scepter.agency\/greston\/produkty\/lazienki\/ceramika-sanitarna\/geberit\/#breadcrumb\"},\"inLanguage\":\"pl-PL\",\"potentialAction\":[{\"@type\":\"ReadAction\",\"target\":[\"https:\/\/klienci.scepter.agency\/greston\/produkty\/lazienki\/ceramika-sanitarna\/geberit\/\"]}]},{\"@type\":\"ImageObject\",\"inLanguage\":\"pl-PL\",\"@id\":\"https:\/\/klienci.scepter.agency\/greston\/produkty\/lazienki\/ceramika-sanitarna\/geberit\/#primaryimage\",\"url\":\"https:\/\/klienci.scepter.agency\/greston\/wp-content\/uploads\/2024\/10\/img-monolith-smyle-sand-grey-570-322.jpg\",\"contentUrl\":\"https:\/\/klienci.scepter.agency\/greston\/wp-content\/uploads\/2024\/10\/img-monolith-smyle-sand-grey-570-322.jpg\",\"width\":570,\"height\":322},{\"@type\":\"BreadcrumbList\",\"@id\":\"https:\/\/klienci.scepter.agency\/greston\/produkty\/lazienki\/ceramika-sanitarna\/geberit\/#breadcrumb\",\"itemListElement\":[{\"@type\":\"ListItem\",\"position\":1,\"name\":\"Strona g\u0142\u00f3wna\",\"item\":\"https:\/\/klienci.scepter.agency\/greston\/\"},{\"@type\":\"ListItem\",\"position\":2,\"name\":\"Produkty\",\"item\":\"https:\/\/klienci.scepter.agency\/greston\/produkty\/\"},{\"@type\":\"ListItem\",\"position\":3,\"name\":\"\u0141azienki\",\"item\":\"https:\/\/klienci.scepter.agency\/greston\/produkty\/lazienki\/\"},{\"@type\":\"ListItem\",\"position\":4,\"name\":\"Ceramika sanitarna\",\"item\":\"https:\/\/klienci.scepter.agency\/greston\/produkty\/lazienki\/ceramika-sanitarna\/\"},{\"@type\":\"ListItem\",\"position\":5,\"name\":\"Geberit\"}]},{\"@type\":\"WebSite\",\"@id\":\"https:\/\/klienci.scepter.agency\/greston\/#website\",\"url\":\"https:\/\/klienci.scepter.agency\/greston\/\",\"name\":\"Salon \u0142azienek Warszawa, armatura, gresy i akcesoria - Greston\",\"description\":\"\",\"potentialAction\":[{\"@type\":\"SearchAction\",\"target\":{\"@type\":\"EntryPoint\",\"urlTemplate\":\"https:\/\/klienci.scepter.agency\/greston\/?s={search_term_string}\"},\"query-input\":\"required name=search_term_string\"}],\"inLanguage\":\"pl-PL\"}]}<\/script>\n<!-- \/ Yoast SEO plugin. -->","yoast_head_json":{"title":"Geberit - Salon \u0142azienek Warszawa, armatura, gresy i akcesoria - Greston","robots":{"index":"noindex","follow":"follow","max-snippet":"max-snippet:-1","max-image-preview":"max-image-preview:large","max-video-preview":"max-video-preview:-1"},"og_locale":"pl_PL","og_type":"article","og_title":"Geberit - Salon \u0142azienek Warszawa, armatura, gresy i akcesoria - Greston","og_description":"Geberit to \u015bwiatowy lider w dziedzinie rozwi\u0105za\u0144 sanitarnych, oferuj\u0105cy innowacyjne i niezawodne produkty dla nowoczesnych \u0142azienek. Firma, z ponad 150-letnim do\u015bwiadczeniem, specjalizuje si\u0119 w produkcji system\u00f3w instalacyjnych, sp\u0142uczek podtynkowych, armatury sanitarnej, syfon\u00f3w, oraz odp\u0142yw\u00f3w prysznicowych. Produkty Geberit \u0142\u0105cz\u0105 w sobie wysok\u0105 jako\u015b\u0107, funkcjonalno\u015b\u0107 i estetyk\u0119, co czyni je wyborem zar\u00f3wno dla projekt\u00f3w mieszkaniowych, jak i [&hellip;]","og_url":"https:\/\/klienci.scepter.agency\/greston\/produkty\/lazienki\/ceramika-sanitarna\/geberit\/","og_site_name":"Salon \u0142azienek Warszawa, armatura, gresy i akcesoria - Greston","article_modified_time":"2024-10-11T07:59:20+00:00","og_image":[{"width":570,"height":322,"url":"https:\/\/klienci.scepter.agency\/greston\/wp-content\/uploads\/2024\/10\/img-monolith-smyle-sand-grey-570-322.jpg","type":"image\/jpeg"}],"twitter_card":"summary_large_image","twitter_misc":{"Szacowany czas czytania":"3 minuty"},"schema":{"@context":"https:\/\/schema.org","@graph":[{"@type":"WebPage","@id":"https:\/\/klienci.scepter.agency\/greston\/produkty\/lazienki\/ceramika-sanitarna\/geberit\/","url":"https:\/\/klienci.scepter.agency\/greston\/produkty\/lazienki\/ceramika-sanitarna\/geberit\/","name":"Geberit - Salon \u0142azienek Warszawa, armatura, gresy i akcesoria - Greston","isPartOf":{"@id":"https:\/\/klienci.scepter.agency\/greston\/#website"},"primaryImageOfPage":{"@id":"https:\/\/klienci.scepter.agency\/greston\/produkty\/lazienki\/ceramika-sanitarna\/geberit\/#primaryimage"},"image":{"@id":"https:\/\/klienci.scepter.agency\/greston\/produkty\/lazienki\/ceramika-sanitarna\/geberit\/#primaryimage"},"thumbnailUrl":"https:\/\/klienci.scepter.agency\/greston\/wp-content\/uploads\/2024\/10\/img-monolith-smyle-sand-grey-570-322.jpg","datePublished":"2024-08-13T20:40:02+00:00","dateModified":"2024-10-11T07:59:20+00:00","breadcrumb":{"@id":"https:\/\/klienci.scepter.agency\/greston\/produkty\/lazienki\/ceramika-sanitarna\/geberit\/#breadcrumb"},"inLanguage":"pl-PL","potentialAction":[{"@type":"ReadAction","target":["https:\/\/klienci.scepter.agency\/greston\/produkty\/lazienki\/ceramika-sanitarna\/geberit\/"]}]},{"@type":"ImageObject","inLanguage":"pl-PL","@id":"https:\/\/klienci.scepter.agency\/greston\/produkty\/lazienki\/ceramika-sanitarna\/geberit\/#primaryimage","url":"https:\/\/klienci.scepter.agency\/greston\/wp-content\/uploads\/2024\/10\/img-monolith-smyle-sand-grey-570-322.jpg","contentUrl":"https:\/\/klienci.scepter.agency\/greston\/wp-content\/uploads\/2024\/10\/img-monolith-smyle-sand-grey-570-322.jpg","width":570,"height":322},{"@type":"BreadcrumbList","@id":"https:\/\/klienci.scepter.agency\/greston\/produkty\/lazienki\/ceramika-sanitarna\/geberit\/#breadcrumb","itemListElement":[{"@type":"ListItem","position":1,"name":"Strona g\u0142\u00f3wna","item":"https:\/\/klienci.scepter.agency\/greston\/"},{"@type":"ListItem","position":2,"name":"Produkty","item":"https:\/\/klienci.scepter.agency\/greston\/produkty\/"},{"@type":"ListItem","position":3,"name":"\u0141azienki","item":"https:\/\/klienci.scepter.agency\/greston\/produkty\/lazienki\/"},{"@type":"ListItem","position":4,"name":"Ceramika sanitarna","item":"https:\/\/klienci.scepter.agency\/greston\/produkty\/lazienki\/ceramika-sanitarna\/"},{"@type":"ListItem","position":5,"name":"Geberit"}]},{"@type":"WebSite","@id":"https:\/\/klienci.scepter.agency\/greston\/#website","url":"https:\/\/klienci.scepter.agency\/greston\/","name":"Salon \u0142azienek Warszawa, armatura, gresy i akcesoria - Greston","description":"","potentialAction":[{"@type":"SearchAction","target":{"@type":"EntryPoint","urlTemplate":"https:\/\/klienci.scepter.agency\/greston\/?s={search_term_string}"},"query-input":"required name=search_term_string"}],"inLanguage":"pl-PL"}]}},"_links":{"self":[{"href":"https:\/\/klienci.scepter.agency\/greston\/wp-json\/wp\/v2\/pages\/488","targetHints":{"allow":["GET"]}}],"collection":[{"href":"https:\/\/klienci.scepter.agency\/greston\/wp-json\/wp\/v2\/pages"}],"about":[{"href":"https:\/\/klienci.scepter.agency\/greston\/wp-json\/wp\/v2\/types\/page"}],"author":[{"embeddable":true,"href":"https:\/\/klienci.scepter.agency\/greston\/wp-json\/wp\/v2\/users\/1"}],"replies":[{"embeddable":true,"href":"https:\/\/klienci.scepter.agency\/greston\/wp-json\/wp\/v2\/comments?post=488"}],"version-history":[{"count":4,"href":"https:\/\/klienci.scepter.agency\/greston\/wp-json\/wp\/v2\/pages\/488\/revisions"}],"predecessor-version":[{"id":2226,"href":"https:\/\/klienci.scepter.agency\/greston\/wp-json\/wp\/v2\/pages\/488\/revisions\/2226"}],"up":[{"embeddable":true,"href":"https:\/\/klienci.scepter.agency\/greston\/wp-json\/wp\/v2\/pages\/471"}],"wp:featuredmedia":[{"embeddable":true,"href":"https:\/\/klienci.scepter.agency\/greston\/wp-json\/wp\/v2\/media\/2215"}],"wp:attachment":[{"href":"https:\/\/klienci.scepter.agency\/greston\/wp-json\/wp\/v2\/media?parent=488"}],"curies":[{"name":"wp","href":"https:\/\/api.w.org\/{rel}","templated":true}]}}