{"id":510,"date":"2024-08-13T22:52:30","date_gmt":"2024-08-13T20:52:30","guid":{"rendered":"https:\/\/klienci.scepter.agency\/greston\/?page_id=510"},"modified":"2024-09-04T12:30:28","modified_gmt":"2024-09-04T10:30:28","slug":"duravit","status":"publish","type":"page","link":"https:\/\/klienci.scepter.agency\/greston\/produkty\/lazienki\/wanny\/duravit\/","title":{"rendered":"Duravit"},"content":{"rendered":"\n<p>Za\u0142o\u017cona w 1817 roku, Duravit ma bogat\u0105 histori\u0119, kt\u00f3ra \u0142\u0105czy tradycj\u0119 z nowoczesno\u015bci\u0105. Firma jest znana z zaawansowanego podej\u015bcia do projektowania produkt\u00f3w, w tym ceramiki \u0142azienkowej, armatury oraz mebli. Dzi\u0119ki wsp\u00f3\u0142pracy z renomowanymi projektantami, Duravit oferuje unikalne kolekcje, kt\u00f3re \u0142\u0105cz\u0105 estetyk\u0119 z funkcjonalno\u015bci\u0105. Ich produkty s\u0105 wynikiem najnowszych technologii i innowacyjnych rozwi\u0105za\u0144, kt\u00f3re przekszta\u0142caj\u0105 codzienn\u0105 przestrze\u0144 \u0142azienkow\u0105 w oaz\u0119 komfortu.<\/p>\n\n\n\n<p>Duravit wyr\u00f3\u017cnia si\u0119 nie tylko eleganckim wzornictwem, ale r\u00f3wnie\u017c wysok\u0105 jako\u015bci\u0105 swoich produkt\u00f3w. Firma oferuje szeroki asortyment, w tym umywalki, wanny, toalety, bidety oraz armatur\u0119, kt\u00f3re s\u0105 projektowane z my\u015bl\u0105 o wygodzie u\u017cytkownik\u00f3w i trwa\u0142o\u015bci. Duravit \u0142\u0105czy nowoczesne technologie, takie jak systemy oszcz\u0119dzania wody i energooszcz\u0119dne rozwi\u0105zania, z klasycznym designem, co sprawia, \u017ce ich produkty s\u0105 idealne do r\u00f3\u017cnorodnych styl\u00f3w aran\u017cacji wn\u0119trz.<\/p>\n\n\n\n<p>Duravit oferuje szeroki wachlarz produkt\u00f3w dostosowanych do potrzeb zar\u00f3wno klient\u00f3w indywidualnych, jak i projekt\u00f3w komercyjnych. Dzi\u0119ki wsp\u00f3\u0142pracy z wiod\u0105cymi projektantami i architektami, jak Philippe Starck czy Antonio Citerio Duravit dostarcza rozwi\u0105zania, kt\u00f3re idealnie odpowiadaj\u0105 na wymagania nowoczesnych \u0142azienek, zapewniaj\u0105c luksus i komfort na najwy\u017cszym poziomie.<\/p>\n\n\n\n<div class=\"wp-block-buttons is-layout-flex wp-block-buttons-is-layout-flex\">\n<div class=\"wp-block-button\"><a class=\"wp-block-button__link wp-element-button\" href=\"https:\/\/www.duravit.pl\/\" target=\"_blank\" rel=\"noreferrer noopener\">Zobacz stron\u0119 producenta<\/a><\/div>\n<\/div>\n\n\n\n<p><\/p>\n\n\n\n<figure class=\"wp-block-gallery has-nested-images columns-default is-cropped wp-block-gallery-1 is-layout-flex wp-block-gallery-is-layout-flex\">\n<figure class=\"wp-block-image size-large\"><a href=\"https:\/\/klienci.scepter.agency\/greston\/wp-content\/uploads\/2024\/09\/07_White_Tulip.jpg\"><img loading=\"lazy\" decoding=\"async\" width=\"1024\" height=\"803\" data-id=\"1034\" src=\"https:\/\/klienci.scepter.agency\/greston\/wp-content\/uploads\/2024\/09\/07_White_Tulip-1024x803.jpg\" alt=\"\" class=\"wp-image-1034\" srcset=\"https:\/\/klienci.scepter.agency\/greston\/wp-content\/uploads\/2024\/09\/07_White_Tulip-1024x803.jpg 1024w, https:\/\/klienci.scepter.agency\/greston\/wp-content\/uploads\/2024\/09\/07_White_Tulip-300x235.jpg 300w, https:\/\/klienci.scepter.agency\/greston\/wp-content\/uploads\/2024\/09\/07_White_Tulip-768x602.jpg 768w, https:\/\/klienci.scepter.agency\/greston\/wp-content\/uploads\/2024\/09\/07_White_Tulip-1536x1205.jpg 1536w, https:\/\/klienci.scepter.agency\/greston\/wp-content\/uploads\/2024\/09\/07_White_Tulip-600x471.jpg 600w, https:\/\/klienci.scepter.agency\/greston\/wp-content\/uploads\/2024\/09\/07_White_Tulip.jpg 1800w\" sizes=\"auto, (max-width: 1024px) 100vw, 1024px\" \/><\/a><\/figure>\n\n\n\n<figure class=\"wp-block-image size-large\"><a href=\"https:\/\/klienci.scepter.agency\/greston\/wp-content\/uploads\/2024\/09\/06_White_Tulip.jpg\"><img loading=\"lazy\" decoding=\"async\" width=\"1024\" height=\"1001\" data-id=\"1033\" src=\"https:\/\/klienci.scepter.agency\/greston\/wp-content\/uploads\/2024\/09\/06_White_Tulip-1024x1001.jpg\" alt=\"\" class=\"wp-image-1033\" srcset=\"https:\/\/klienci.scepter.agency\/greston\/wp-content\/uploads\/2024\/09\/06_White_Tulip-1024x1001.jpg 1024w, https:\/\/klienci.scepter.agency\/greston\/wp-content\/uploads\/2024\/09\/06_White_Tulip-300x293.jpg 300w, https:\/\/klienci.scepter.agency\/greston\/wp-content\/uploads\/2024\/09\/06_White_Tulip-768x751.jpg 768w, https:\/\/klienci.scepter.agency\/greston\/wp-content\/uploads\/2024\/09\/06_White_Tulip-1536x1502.jpg 1536w, https:\/\/klienci.scepter.agency\/greston\/wp-content\/uploads\/2024\/09\/06_White_Tulip-600x587.jpg 600w, https:\/\/klienci.scepter.agency\/greston\/wp-content\/uploads\/2024\/09\/06_White_Tulip.jpg 1800w\" sizes=\"auto, (max-width: 1024px) 100vw, 1024px\" \/><\/a><\/figure>\n\n\n\n<figure class=\"wp-block-image size-large\"><a href=\"https:\/\/klienci.scepter.agency\/greston\/wp-content\/uploads\/2024\/09\/04_White_Tulip.jpg\"><img loading=\"lazy\" decoding=\"async\" width=\"640\" height=\"1024\" data-id=\"1032\" src=\"https:\/\/klienci.scepter.agency\/greston\/wp-content\/uploads\/2024\/09\/04_White_Tulip-640x1024.jpg\" alt=\"\" class=\"wp-image-1032\" srcset=\"https:\/\/klienci.scepter.agency\/greston\/wp-content\/uploads\/2024\/09\/04_White_Tulip-640x1024.jpg 640w, https:\/\/klienci.scepter.agency\/greston\/wp-content\/uploads\/2024\/09\/04_White_Tulip-188x300.jpg 188w, https:\/\/klienci.scepter.agency\/greston\/wp-content\/uploads\/2024\/09\/04_White_Tulip-768x1229.jpg 768w, https:\/\/klienci.scepter.agency\/greston\/wp-content\/uploads\/2024\/09\/04_White_Tulip-960x1536.jpg 960w, https:\/\/klienci.scepter.agency\/greston\/wp-content\/uploads\/2024\/09\/04_White_Tulip-600x960.jpg 600w, https:\/\/klienci.scepter.agency\/greston\/wp-content\/uploads\/2024\/09\/04_White_Tulip.jpg 1125w\" sizes=\"auto, (max-width: 640px) 100vw, 640px\" \/><\/a><\/figure>\n\n\n\n<figure class=\"wp-block-image size-large\"><a href=\"https:\/\/klienci.scepter.agency\/greston\/wp-content\/uploads\/2024\/09\/04_Aurena-scaled.jpg\"><img loading=\"lazy\" decoding=\"async\" width=\"716\" height=\"1024\" data-id=\"1030\" src=\"https:\/\/klienci.scepter.agency\/greston\/wp-content\/uploads\/2024\/09\/04_Aurena-716x1024.jpg\" alt=\"\" class=\"wp-image-1030\" srcset=\"https:\/\/klienci.scepter.agency\/greston\/wp-content\/uploads\/2024\/09\/04_Aurena-716x1024.jpg 716w, https:\/\/klienci.scepter.agency\/greston\/wp-content\/uploads\/2024\/09\/04_Aurena-210x300.jpg 210w, https:\/\/klienci.scepter.agency\/greston\/wp-content\/uploads\/2024\/09\/04_Aurena-768x1099.jpg 768w, https:\/\/klienci.scepter.agency\/greston\/wp-content\/uploads\/2024\/09\/04_Aurena-1074x1536.jpg 1074w, https:\/\/klienci.scepter.agency\/greston\/wp-content\/uploads\/2024\/09\/04_Aurena-1431x2048.jpg 1431w, https:\/\/klienci.scepter.agency\/greston\/wp-content\/uploads\/2024\/09\/04_Aurena-600x858.jpg 600w, https:\/\/klienci.scepter.agency\/greston\/wp-content\/uploads\/2024\/09\/04_Aurena-scaled.jpg 1789w\" sizes=\"auto, (max-width: 716px) 100vw, 716px\" \/><\/a><\/figure>\n\n\n\n<figure class=\"wp-block-image size-large\"><a href=\"https:\/\/klienci.scepter.agency\/greston\/wp-content\/uploads\/2024\/09\/02_Starck_Barrel_by_Philippe_Starck-scaled.jpg\"><img loading=\"lazy\" decoding=\"async\" width=\"941\" height=\"1024\" data-id=\"1029\" src=\"https:\/\/klienci.scepter.agency\/greston\/wp-content\/uploads\/2024\/09\/02_Starck_Barrel_by_Philippe_Starck-941x1024.jpg\" alt=\"\" class=\"wp-image-1029\" srcset=\"https:\/\/klienci.scepter.agency\/greston\/wp-content\/uploads\/2024\/09\/02_Starck_Barrel_by_Philippe_Starck-941x1024.jpg 941w, https:\/\/klienci.scepter.agency\/greston\/wp-content\/uploads\/2024\/09\/02_Starck_Barrel_by_Philippe_Starck-276x300.jpg 276w, https:\/\/klienci.scepter.agency\/greston\/wp-content\/uploads\/2024\/09\/02_Starck_Barrel_by_Philippe_Starck-768x836.jpg 768w, https:\/\/klienci.scepter.agency\/greston\/wp-content\/uploads\/2024\/09\/02_Starck_Barrel_by_Philippe_Starck-1411x1536.jpg 1411w, https:\/\/klienci.scepter.agency\/greston\/wp-content\/uploads\/2024\/09\/02_Starck_Barrel_by_Philippe_Starck-1881x2048.jpg 1881w, https:\/\/klienci.scepter.agency\/greston\/wp-content\/uploads\/2024\/09\/02_Starck_Barrel_by_Philippe_Starck-600x653.jpg 600w\" sizes=\"auto, (max-width: 941px) 100vw, 941px\" \/><\/a><\/figure>\n\n\n\n<figure class=\"wp-block-image size-large\"><a href=\"https:\/\/klienci.scepter.agency\/greston\/wp-content\/uploads\/2024\/09\/1.jpg\"><img loading=\"lazy\" decoding=\"async\" width=\"1024\" height=\"683\" data-id=\"1028\" src=\"https:\/\/klienci.scepter.agency\/greston\/wp-content\/uploads\/2024\/09\/1-1024x683.jpg\" alt=\"\" class=\"wp-image-1028\" srcset=\"https:\/\/klienci.scepter.agency\/greston\/wp-content\/uploads\/2024\/09\/1-1024x683.jpg 1024w, https:\/\/klienci.scepter.agency\/greston\/wp-content\/uploads\/2024\/09\/1-300x200.jpg 300w, https:\/\/klienci.scepter.agency\/greston\/wp-content\/uploads\/2024\/09\/1-768x512.jpg 768w, https:\/\/klienci.scepter.agency\/greston\/wp-content\/uploads\/2024\/09\/1-1536x1024.jpg 1536w, https:\/\/klienci.scepter.agency\/greston\/wp-content\/uploads\/2024\/09\/1-2048x1366.jpg 2048w, https:\/\/klienci.scepter.agency\/greston\/wp-content\/uploads\/2024\/09\/1-600x400.jpg 600w\" sizes=\"auto, (max-width: 1024px) 100vw, 1024px\" \/><\/a><\/figure>\n\n\n\n<figure class=\"wp-block-image size-large\"><a href=\"https:\/\/klienci.scepter.agency\/greston\/wp-content\/uploads\/2024\/09\/01_Zencha.jpg\"><img loading=\"lazy\" decoding=\"async\" width=\"1024\" height=\"682\" data-id=\"1027\" src=\"https:\/\/klienci.scepter.agency\/greston\/wp-content\/uploads\/2024\/09\/01_Zencha-1024x682.jpg\" alt=\"\" class=\"wp-image-1027\" srcset=\"https:\/\/klienci.scepter.agency\/greston\/wp-content\/uploads\/2024\/09\/01_Zencha-1024x682.jpg 1024w, https:\/\/klienci.scepter.agency\/greston\/wp-content\/uploads\/2024\/09\/01_Zencha-300x200.jpg 300w, https:\/\/klienci.scepter.agency\/greston\/wp-content\/uploads\/2024\/09\/01_Zencha-768x512.jpg 768w, https:\/\/klienci.scepter.agency\/greston\/wp-content\/uploads\/2024\/09\/01_Zencha-1536x1023.jpg 1536w, https:\/\/klienci.scepter.agency\/greston\/wp-content\/uploads\/2024\/09\/01_Zencha-600x400.jpg 600w, https:\/\/klienci.scepter.agency\/greston\/wp-content\/uploads\/2024\/09\/01_Zencha.jpg 1768w\" sizes=\"auto, (max-width: 1024px) 100vw, 1024px\" \/><\/a><\/figure>\n\n\n\n<figure class=\"wp-block-image size-large\"><a href=\"https:\/\/klienci.scepter.agency\/greston\/wp-content\/uploads\/2024\/09\/01_White_Tulip.jpg\"><img loading=\"lazy\" decoding=\"async\" width=\"1024\" height=\"617\" data-id=\"1026\" src=\"https:\/\/klienci.scepter.agency\/greston\/wp-content\/uploads\/2024\/09\/01_White_Tulip-1024x617.jpg\" alt=\"\" class=\"wp-image-1026\" srcset=\"https:\/\/klienci.scepter.agency\/greston\/wp-content\/uploads\/2024\/09\/01_White_Tulip-1024x617.jpg 1024w, https:\/\/klienci.scepter.agency\/greston\/wp-content\/uploads\/2024\/09\/01_White_Tulip-300x181.jpg 300w, https:\/\/klienci.scepter.agency\/greston\/wp-content\/uploads\/2024\/09\/01_White_Tulip-768x463.jpg 768w, https:\/\/klienci.scepter.agency\/greston\/wp-content\/uploads\/2024\/09\/01_White_Tulip-1536x926.jpg 1536w, https:\/\/klienci.scepter.agency\/greston\/wp-content\/uploads\/2024\/09\/01_White_Tulip-600x362.jpg 600w, https:\/\/klienci.scepter.agency\/greston\/wp-content\/uploads\/2024\/09\/01_White_Tulip.jpg 1800w\" sizes=\"auto, (max-width: 1024px) 100vw, 1024px\" \/><\/a><\/figure>\n\n\n\n<figure class=\"wp-block-image size-large\"><a href=\"https:\/\/klienci.scepter.agency\/greston\/wp-content\/uploads\/2024\/09\/01_Aurena.jpg\"><img loading=\"lazy\" decoding=\"async\" width=\"1024\" height=\"613\" data-id=\"1025\" src=\"https:\/\/klienci.scepter.agency\/greston\/wp-content\/uploads\/2024\/09\/01_Aurena-1024x613.jpg\" alt=\"\" class=\"wp-image-1025\" srcset=\"https:\/\/klienci.scepter.agency\/greston\/wp-content\/uploads\/2024\/09\/01_Aurena-1024x613.jpg 1024w, https:\/\/klienci.scepter.agency\/greston\/wp-content\/uploads\/2024\/09\/01_Aurena-300x180.jpg 300w, https:\/\/klienci.scepter.agency\/greston\/wp-content\/uploads\/2024\/09\/01_Aurena-768x460.jpg 768w, https:\/\/klienci.scepter.agency\/greston\/wp-content\/uploads\/2024\/09\/01_Aurena-1536x920.jpg 1536w, https:\/\/klienci.scepter.agency\/greston\/wp-content\/uploads\/2024\/09\/01_Aurena-2048x1226.jpg 2048w, https:\/\/klienci.scepter.agency\/greston\/wp-content\/uploads\/2024\/09\/01_Aurena-600x359.jpg 600w\" sizes=\"auto, (max-width: 1024px) 100vw, 1024px\" \/><\/a><\/figure>\n\n\n\n<figure class=\"wp-block-image size-large\"><a href=\"https:\/\/klienci.scepter.agency\/greston\/wp-content\/uploads\/2024\/09\/wyrozniajace-5.jpg\"><img loading=\"lazy\" decoding=\"async\" width=\"1024\" height=\"684\" data-id=\"1024\" src=\"https:\/\/klienci.scepter.agency\/greston\/wp-content\/uploads\/2024\/09\/wyrozniajace-5-1024x684.jpg\" alt=\"\" class=\"wp-image-1024\" srcset=\"https:\/\/klienci.scepter.agency\/greston\/wp-content\/uploads\/2024\/09\/wyrozniajace-5-1024x684.jpg 1024w, https:\/\/klienci.scepter.agency\/greston\/wp-content\/uploads\/2024\/09\/wyrozniajace-5-300x201.jpg 300w, https:\/\/klienci.scepter.agency\/greston\/wp-content\/uploads\/2024\/09\/wyrozniajace-5-768x513.jpg 768w, https:\/\/klienci.scepter.agency\/greston\/wp-content\/uploads\/2024\/09\/wyrozniajace-5-1536x1027.jpg 1536w, https:\/\/klienci.scepter.agency\/greston\/wp-content\/uploads\/2024\/09\/wyrozniajace-5-600x401.jpg 600w, https:\/\/klienci.scepter.agency\/greston\/wp-content\/uploads\/2024\/09\/wyrozniajace-5.jpg 1767w\" sizes=\"auto, (max-width: 1024px) 100vw, 1024px\" \/><\/a><\/figure>\n<\/figure>\n","protected":false},"excerpt":{"rendered":"<p>Za\u0142o\u017cona w 1817 roku, Duravit ma bogat\u0105 histori\u0119, kt\u00f3ra \u0142\u0105czy tradycj\u0119 z nowoczesno\u015bci\u0105. Firma jest znana z zaawansowanego podej\u015bcia do projektowania produkt\u00f3w, w tym ceramiki \u0142azienkowej, armatury oraz mebli. Dzi\u0119ki wsp\u00f3\u0142pracy z renomowanymi projektantami, Duravit oferuje unikalne kolekcje, kt\u00f3re \u0142\u0105cz\u0105 estetyk\u0119 z funkcjonalno\u015bci\u0105. Ich produkty s\u0105 wynikiem najnowszych technologii i innowacyjnych rozwi\u0105za\u0144, kt\u00f3re przekszta\u0142caj\u0105 codzienn\u0105 [&hellip;]<\/p>\n","protected":false},"author":1,"featured_media":1026,"parent":497,"menu_order":0,"comment_status":"closed","ping_status":"closed","template":"pages\/produkty-marki.php","meta":{"footnotes":""},"class_list":["post-510","page","type-page","status-publish","has-post-thumbnail","hentry"],"acf":[],"yoast_head":"<!-- This site is optimized with the Yoast SEO plugin v23.2 - https:\/\/yoast.com\/wordpress\/plugins\/seo\/ -->\n<title>Duravit - Salon \u0142azienek Warszawa, armatura, gresy i akcesoria - Greston<\/title>\n<meta name=\"robots\" content=\"noindex, follow, max-snippet:-1, max-image-preview:large, max-video-preview:-1\" \/>\n<meta property=\"og:locale\" content=\"pl_PL\" \/>\n<meta property=\"og:type\" content=\"article\" \/>\n<meta property=\"og:title\" content=\"Duravit - Salon \u0142azienek Warszawa, armatura, gresy i akcesoria - Greston\" \/>\n<meta property=\"og:description\" content=\"Za\u0142o\u017cona w 1817 roku, Duravit ma bogat\u0105 histori\u0119, kt\u00f3ra \u0142\u0105czy tradycj\u0119 z nowoczesno\u015bci\u0105. Firma jest znana z zaawansowanego podej\u015bcia do projektowania produkt\u00f3w, w tym ceramiki \u0142azienkowej, armatury oraz mebli. Dzi\u0119ki wsp\u00f3\u0142pracy z renomowanymi projektantami, Duravit oferuje unikalne kolekcje, kt\u00f3re \u0142\u0105cz\u0105 estetyk\u0119 z funkcjonalno\u015bci\u0105. Ich produkty s\u0105 wynikiem najnowszych technologii i innowacyjnych rozwi\u0105za\u0144, kt\u00f3re przekszta\u0142caj\u0105 codzienn\u0105 [&hellip;]\" \/>\n<meta property=\"og:url\" content=\"https:\/\/klienci.scepter.agency\/greston\/produkty\/lazienki\/wanny\/duravit\/\" \/>\n<meta property=\"og:site_name\" content=\"Salon \u0142azienek Warszawa, armatura, gresy i akcesoria - Greston\" \/>\n<meta property=\"article:modified_time\" content=\"2024-09-04T10:30:28+00:00\" \/>\n<meta property=\"og:image\" content=\"https:\/\/klienci.scepter.agency\/greston\/wp-content\/uploads\/2024\/09\/01_White_Tulip.jpg\" \/>\n\t<meta property=\"og:image:width\" content=\"1800\" \/>\n\t<meta property=\"og:image:height\" content=\"1085\" \/>\n\t<meta property=\"og:image:type\" content=\"image\/jpeg\" \/>\n<meta name=\"twitter:card\" content=\"summary_large_image\" \/>\n<meta name=\"twitter:label1\" content=\"Szacowany czas czytania\" \/>\n\t<meta name=\"twitter:data1\" content=\"4 minuty\" \/>\n<script type=\"application\/ld+json\" class=\"yoast-schema-graph\">{\"@context\":\"https:\/\/schema.org\",\"@graph\":[{\"@type\":\"WebPage\",\"@id\":\"https:\/\/klienci.scepter.agency\/greston\/produkty\/lazienki\/wanny\/duravit\/\",\"url\":\"https:\/\/klienci.scepter.agency\/greston\/produkty\/lazienki\/wanny\/duravit\/\",\"name\":\"Duravit - Salon \u0142azienek Warszawa, armatura, gresy i akcesoria - Greston\",\"isPartOf\":{\"@id\":\"https:\/\/klienci.scepter.agency\/greston\/#website\"},\"primaryImageOfPage\":{\"@id\":\"https:\/\/klienci.scepter.agency\/greston\/produkty\/lazienki\/wanny\/duravit\/#primaryimage\"},\"image\":{\"@id\":\"https:\/\/klienci.scepter.agency\/greston\/produkty\/lazienki\/wanny\/duravit\/#primaryimage\"},\"thumbnailUrl\":\"https:\/\/klienci.scepter.agency\/greston\/wp-content\/uploads\/2024\/09\/01_White_Tulip.jpg\",\"datePublished\":\"2024-08-13T20:52:30+00:00\",\"dateModified\":\"2024-09-04T10:30:28+00:00\",\"breadcrumb\":{\"@id\":\"https:\/\/klienci.scepter.agency\/greston\/produkty\/lazienki\/wanny\/duravit\/#breadcrumb\"},\"inLanguage\":\"pl-PL\",\"potentialAction\":[{\"@type\":\"ReadAction\",\"target\":[\"https:\/\/klienci.scepter.agency\/greston\/produkty\/lazienki\/wanny\/duravit\/\"]}]},{\"@type\":\"ImageObject\",\"inLanguage\":\"pl-PL\",\"@id\":\"https:\/\/klienci.scepter.agency\/greston\/produkty\/lazienki\/wanny\/duravit\/#primaryimage\",\"url\":\"https:\/\/klienci.scepter.agency\/greston\/wp-content\/uploads\/2024\/09\/01_White_Tulip.jpg\",\"contentUrl\":\"https:\/\/klienci.scepter.agency\/greston\/wp-content\/uploads\/2024\/09\/01_White_Tulip.jpg\",\"width\":1800,\"height\":1085},{\"@type\":\"BreadcrumbList\",\"@id\":\"https:\/\/klienci.scepter.agency\/greston\/produkty\/lazienki\/wanny\/duravit\/#breadcrumb\",\"itemListElement\":[{\"@type\":\"ListItem\",\"position\":1,\"name\":\"Strona g\u0142\u00f3wna\",\"item\":\"https:\/\/klienci.scepter.agency\/greston\/\"},{\"@type\":\"ListItem\",\"position\":2,\"name\":\"Produkty\",\"item\":\"https:\/\/klienci.scepter.agency\/greston\/produkty\/\"},{\"@type\":\"ListItem\",\"position\":3,\"name\":\"\u0141azienki\",\"item\":\"https:\/\/klienci.scepter.agency\/greston\/produkty\/lazienki\/\"},{\"@type\":\"ListItem\",\"position\":4,\"name\":\"Wanny\",\"item\":\"https:\/\/klienci.scepter.agency\/greston\/produkty\/lazienki\/wanny\/\"},{\"@type\":\"ListItem\",\"position\":5,\"name\":\"Duravit\"}]},{\"@type\":\"WebSite\",\"@id\":\"https:\/\/klienci.scepter.agency\/greston\/#website\",\"url\":\"https:\/\/klienci.scepter.agency\/greston\/\",\"name\":\"Salon \u0142azienek Warszawa, armatura, gresy i akcesoria - Greston\",\"description\":\"\",\"potentialAction\":[{\"@type\":\"SearchAction\",\"target\":{\"@type\":\"EntryPoint\",\"urlTemplate\":\"https:\/\/klienci.scepter.agency\/greston\/?s={search_term_string}\"},\"query-input\":\"required name=search_term_string\"}],\"inLanguage\":\"pl-PL\"}]}<\/script>\n<!-- \/ Yoast SEO plugin. -->","yoast_head_json":{"title":"Duravit - Salon \u0142azienek Warszawa, armatura, gresy i akcesoria - Greston","robots":{"index":"noindex","follow":"follow","max-snippet":"max-snippet:-1","max-image-preview":"max-image-preview:large","max-video-preview":"max-video-preview:-1"},"og_locale":"pl_PL","og_type":"article","og_title":"Duravit - Salon \u0142azienek Warszawa, armatura, gresy i akcesoria - Greston","og_description":"Za\u0142o\u017cona w 1817 roku, Duravit ma bogat\u0105 histori\u0119, kt\u00f3ra \u0142\u0105czy tradycj\u0119 z nowoczesno\u015bci\u0105. Firma jest znana z zaawansowanego podej\u015bcia do projektowania produkt\u00f3w, w tym ceramiki \u0142azienkowej, armatury oraz mebli. Dzi\u0119ki wsp\u00f3\u0142pracy z renomowanymi projektantami, Duravit oferuje unikalne kolekcje, kt\u00f3re \u0142\u0105cz\u0105 estetyk\u0119 z funkcjonalno\u015bci\u0105. Ich produkty s\u0105 wynikiem najnowszych technologii i innowacyjnych rozwi\u0105za\u0144, kt\u00f3re przekszta\u0142caj\u0105 codzienn\u0105 [&hellip;]","og_url":"https:\/\/klienci.scepter.agency\/greston\/produkty\/lazienki\/wanny\/duravit\/","og_site_name":"Salon \u0142azienek Warszawa, armatura, gresy i akcesoria - Greston","article_modified_time":"2024-09-04T10:30:28+00:00","og_image":[{"width":1800,"height":1085,"url":"https:\/\/klienci.scepter.agency\/greston\/wp-content\/uploads\/2024\/09\/01_White_Tulip.jpg","type":"image\/jpeg"}],"twitter_card":"summary_large_image","twitter_misc":{"Szacowany czas czytania":"4 minuty"},"schema":{"@context":"https:\/\/schema.org","@graph":[{"@type":"WebPage","@id":"https:\/\/klienci.scepter.agency\/greston\/produkty\/lazienki\/wanny\/duravit\/","url":"https:\/\/klienci.scepter.agency\/greston\/produkty\/lazienki\/wanny\/duravit\/","name":"Duravit - Salon \u0142azienek Warszawa, armatura, gresy i akcesoria - Greston","isPartOf":{"@id":"https:\/\/klienci.scepter.agency\/greston\/#website"},"primaryImageOfPage":{"@id":"https:\/\/klienci.scepter.agency\/greston\/produkty\/lazienki\/wanny\/duravit\/#primaryimage"},"image":{"@id":"https:\/\/klienci.scepter.agency\/greston\/produkty\/lazienki\/wanny\/duravit\/#primaryimage"},"thumbnailUrl":"https:\/\/klienci.scepter.agency\/greston\/wp-content\/uploads\/2024\/09\/01_White_Tulip.jpg","datePublished":"2024-08-13T20:52:30+00:00","dateModified":"2024-09-04T10:30:28+00:00","breadcrumb":{"@id":"https:\/\/klienci.scepter.agency\/greston\/produkty\/lazienki\/wanny\/duravit\/#breadcrumb"},"inLanguage":"pl-PL","potentialAction":[{"@type":"ReadAction","target":["https:\/\/klienci.scepter.agency\/greston\/produkty\/lazienki\/wanny\/duravit\/"]}]},{"@type":"ImageObject","inLanguage":"pl-PL","@id":"https:\/\/klienci.scepter.agency\/greston\/produkty\/lazienki\/wanny\/duravit\/#primaryimage","url":"https:\/\/klienci.scepter.agency\/greston\/wp-content\/uploads\/2024\/09\/01_White_Tulip.jpg","contentUrl":"https:\/\/klienci.scepter.agency\/greston\/wp-content\/uploads\/2024\/09\/01_White_Tulip.jpg","width":1800,"height":1085},{"@type":"BreadcrumbList","@id":"https:\/\/klienci.scepter.agency\/greston\/produkty\/lazienki\/wanny\/duravit\/#breadcrumb","itemListElement":[{"@type":"ListItem","position":1,"name":"Strona g\u0142\u00f3wna","item":"https:\/\/klienci.scepter.agency\/greston\/"},{"@type":"ListItem","position":2,"name":"Produkty","item":"https:\/\/klienci.scepter.agency\/greston\/produkty\/"},{"@type":"ListItem","position":3,"name":"\u0141azienki","item":"https:\/\/klienci.scepter.agency\/greston\/produkty\/lazienki\/"},{"@type":"ListItem","position":4,"name":"Wanny","item":"https:\/\/klienci.scepter.agency\/greston\/produkty\/lazienki\/wanny\/"},{"@type":"ListItem","position":5,"name":"Duravit"}]},{"@type":"WebSite","@id":"https:\/\/klienci.scepter.agency\/greston\/#website","url":"https:\/\/klienci.scepter.agency\/greston\/","name":"Salon \u0142azienek Warszawa, armatura, gresy i akcesoria - Greston","description":"","potentialAction":[{"@type":"SearchAction","target":{"@type":"EntryPoint","urlTemplate":"https:\/\/klienci.scepter.agency\/greston\/?s={search_term_string}"},"query-input":"required name=search_term_string"}],"inLanguage":"pl-PL"}]}},"_links":{"self":[{"href":"https:\/\/klienci.scepter.agency\/greston\/wp-json\/wp\/v2\/pages\/510","targetHints":{"allow":["GET"]}}],"collection":[{"href":"https:\/\/klienci.scepter.agency\/greston\/wp-json\/wp\/v2\/pages"}],"about":[{"href":"https:\/\/klienci.scepter.agency\/greston\/wp-json\/wp\/v2\/types\/page"}],"author":[{"embeddable":true,"href":"https:\/\/klienci.scepter.agency\/greston\/wp-json\/wp\/v2\/users\/1"}],"replies":[{"embeddable":true,"href":"https:\/\/klienci.scepter.agency\/greston\/wp-json\/wp\/v2\/comments?post=510"}],"version-history":[{"count":3,"href":"https:\/\/klienci.scepter.agency\/greston\/wp-json\/wp\/v2\/pages\/510\/revisions"}],"predecessor-version":[{"id":512,"href":"https:\/\/klienci.scepter.agency\/greston\/wp-json\/wp\/v2\/pages\/510\/revisions\/512"}],"up":[{"embeddable":true,"href":"https:\/\/klienci.scepter.agency\/greston\/wp-json\/wp\/v2\/pages\/497"}],"wp:featuredmedia":[{"embeddable":true,"href":"https:\/\/klienci.scepter.agency\/greston\/wp-json\/wp\/v2\/media\/1026"}],"wp:attachment":[{"href":"https:\/\/klienci.scepter.agency\/greston\/wp-json\/wp\/v2\/media?parent=510"}],"curies":[{"name":"wp","href":"https:\/\/api.w.org\/{rel}","templated":true}]}}