{"id":516,"date":"2024-08-13T22:53:39","date_gmt":"2024-08-13T20:53:39","guid":{"rendered":"https:\/\/klienci.scepter.agency\/greston\/?page_id=516"},"modified":"2024-10-11T14:01:06","modified_gmt":"2024-10-11T12:01:06","slug":"riho","status":"publish","type":"page","link":"https:\/\/klienci.scepter.agency\/greston\/produkty\/lazienki\/wanny\/riho\/","title":{"rendered":"Riho"},"content":{"rendered":"\n<p><strong>Riho<\/strong> to renomowany producent wanien i umywalek, kt\u00f3ry od ponad 30 lat dostarcza innowacyjne rozwi\u0105zania do \u0142azienek na ca\u0142ym \u015bwiecie. Firma, za\u0142o\u017cona w Holandii, \u0142\u0105czy nowoczesny design z funkcjonalno\u015bci\u0105, oferuj\u0105c produkty, kt\u00f3re charakteryzuj\u0105 si\u0119 wysok\u0105 jako\u015bci\u0105 wykonania i estetyk\u0105. Riho wyr\u00f3\u017cnia si\u0119 pasj\u0105 do tworzenia komfortowych przestrzeni, kt\u00f3re zach\u0119caj\u0105 do relaksu i codziennego u\u017cytku.<\/p>\n\n\n\n<p>Asortyment Riho obejmuje:<\/p>\n\n\n\n<ul class=\"wp-block-list\">\n<li><strong>Wanny<\/strong> \u2013 szeroka gama modeli, w tym wanny wolnostoj\u0105ce, naro\u017cne oraz modele zabudowane, kt\u00f3re dost\u0119pne s\u0105 w r\u00f3\u017cnych rozmiarach i kszta\u0142tach, aby idealnie pasowa\u0107 do ka\u017cdej \u0142azienki.<\/li>\n\n\n\n<li><strong>Umywalki<\/strong> \u2013 eleganckie umywalki,&nbsp; dost\u0119pne w r\u00f3\u017cnych stylach i wyko\u0144czeniach, kt\u00f3re harmonijnie wsp\u00f3\u0142graj\u0105 z pozosta\u0142ymi elementami wyposa\u017cenia \u0142azienkowego.<\/li>\n\n\n\n<li><strong>Akcesoria \u0142azienkowe<\/strong> \u2013 r\u00f3\u017cnorodne dodatki, kt\u00f3re pozwalaj\u0105 na pe\u0142ne dostosowanie przestrzeni do indywidualnych potrzeb i gust\u00f3w u\u017cytkownik\u00f3w.<\/li>\n<\/ul>\n\n\n\n<p>Riho jest znane z innowacyjnych rozwi\u0105za\u0144 technologicznych, takich jak systemy oszcz\u0119dzania wody oraz \u0142atwego czyszczenia, kt\u00f3re zwi\u0119kszaj\u0105 komfort u\u017cytkowania. Produkty firmy s\u0105 projektowane z my\u015bl\u0105 o najwy\u017cszej jako\u015bci i trwa\u0142o\u015bci, co sprawia, \u017ce ciesz\u0105 si\u0119 uznaniem w\u015br\u00f3d architekt\u00f3w i projektant\u00f3w wn\u0119trz.<\/p>\n\n\n\n<p>Wszystkie wyroby Riho podlegaj\u0105 surowym standardom jako\u015bci, co gwarantuje ich niezawodno\u015b\u0107 i d\u0142ugowieczno\u015b\u0107. Dzi\u0119ki szerokiemu asortymentowi i unikalnemu wzornictwu, Riho dostarcza rozwi\u0105zania, kt\u00f3re nie tylko spe\u0142niaj\u0105 funkcje praktyczne, ale r\u00f3wnie\u017c wprowadzaj\u0105 do \u0142azienki elegancj\u0119 i styl. Wybieraj\u0105c Riho, inwestujesz w jako\u015b\u0107, komfort i ponadczasowy design.<\/p>\n\n\n\n<p><\/p>\n\n\n\n<div class=\"wp-block-buttons is-layout-flex wp-block-buttons-is-layout-flex\">\n<div class=\"wp-block-button\"><a class=\"wp-block-button__link wp-element-button\" href=\"https:\/\/www.riho.com\/pl\/\">Zobacz stron\u0119 producenta<\/a><\/div>\n<\/div>\n\n\n\n<figure class=\"wp-block-gallery has-nested-images columns-default is-cropped wp-block-gallery-1 is-layout-flex wp-block-gallery-is-layout-flex\">\n<figure class=\"wp-block-image size-large\"><a href=\"https:\/\/klienci.scepter.agency\/greston\/wp-content\/uploads\/2024\/10\/wyrozniajace-3.jpg\"><img loading=\"lazy\" decoding=\"async\" width=\"724\" height=\"1024\" data-id=\"1423\" src=\"https:\/\/klienci.scepter.agency\/greston\/wp-content\/uploads\/2024\/10\/wyrozniajace-3-724x1024.jpg\" alt=\"\" class=\"wp-image-1423\" srcset=\"https:\/\/klienci.scepter.agency\/greston\/wp-content\/uploads\/2024\/10\/wyrozniajace-3-724x1024.jpg 724w, https:\/\/klienci.scepter.agency\/greston\/wp-content\/uploads\/2024\/10\/wyrozniajace-3-212x300.jpg 212w, https:\/\/klienci.scepter.agency\/greston\/wp-content\/uploads\/2024\/10\/wyrozniajace-3-768x1086.jpg 768w, https:\/\/klienci.scepter.agency\/greston\/wp-content\/uploads\/2024\/10\/wyrozniajace-3-1086x1536.jpg 1086w, https:\/\/klienci.scepter.agency\/greston\/wp-content\/uploads\/2024\/10\/wyrozniajace-3-1448x2048.jpg 1448w, https:\/\/klienci.scepter.agency\/greston\/wp-content\/uploads\/2024\/10\/wyrozniajace-3-600x849.jpg 600w, https:\/\/klienci.scepter.agency\/greston\/wp-content\/uploads\/2024\/10\/wyrozniajace-3.jpg 1786w\" sizes=\"auto, (max-width: 724px) 100vw, 724px\" \/><\/a><\/figure>\n\n\n\n<figure class=\"wp-block-image size-large\"><a href=\"https:\/\/klienci.scepter.agency\/greston\/wp-content\/uploads\/2024\/10\/RIHO_from_scratch_01-un-scaled.jpg\"><img loading=\"lazy\" decoding=\"async\" width=\"1024\" height=\"576\" data-id=\"1422\" src=\"https:\/\/klienci.scepter.agency\/greston\/wp-content\/uploads\/2024\/10\/RIHO_from_scratch_01-un-1024x576.jpg\" alt=\"\" class=\"wp-image-1422\" srcset=\"https:\/\/klienci.scepter.agency\/greston\/wp-content\/uploads\/2024\/10\/RIHO_from_scratch_01-un-1024x576.jpg 1024w, https:\/\/klienci.scepter.agency\/greston\/wp-content\/uploads\/2024\/10\/RIHO_from_scratch_01-un-300x169.jpg 300w, https:\/\/klienci.scepter.agency\/greston\/wp-content\/uploads\/2024\/10\/RIHO_from_scratch_01-un-768x432.jpg 768w, https:\/\/klienci.scepter.agency\/greston\/wp-content\/uploads\/2024\/10\/RIHO_from_scratch_01-un-1536x864.jpg 1536w, https:\/\/klienci.scepter.agency\/greston\/wp-content\/uploads\/2024\/10\/RIHO_from_scratch_01-un-2048x1152.jpg 2048w, https:\/\/klienci.scepter.agency\/greston\/wp-content\/uploads\/2024\/10\/RIHO_from_scratch_01-un-600x338.jpg 600w\" sizes=\"auto, (max-width: 1024px) 100vw, 1024px\" \/><\/a><\/figure>\n\n\n\n<figure class=\"wp-block-image size-large\"><a href=\"https:\/\/klienci.scepter.agency\/greston\/wp-content\/uploads\/2024\/10\/pozadi-str-02-s-vodou-PP-LR-scaled.jpg\"><img loading=\"lazy\" decoding=\"async\" width=\"729\" height=\"1024\" data-id=\"1421\" src=\"https:\/\/klienci.scepter.agency\/greston\/wp-content\/uploads\/2024\/10\/pozadi-str-02-s-vodou-PP-LR-729x1024.jpg\" alt=\"\" class=\"wp-image-1421\" srcset=\"https:\/\/klienci.scepter.agency\/greston\/wp-content\/uploads\/2024\/10\/pozadi-str-02-s-vodou-PP-LR-729x1024.jpg 729w, https:\/\/klienci.scepter.agency\/greston\/wp-content\/uploads\/2024\/10\/pozadi-str-02-s-vodou-PP-LR-214x300.jpg 214w, https:\/\/klienci.scepter.agency\/greston\/wp-content\/uploads\/2024\/10\/pozadi-str-02-s-vodou-PP-LR-768x1078.jpg 768w, https:\/\/klienci.scepter.agency\/greston\/wp-content\/uploads\/2024\/10\/pozadi-str-02-s-vodou-PP-LR-1094x1536.jpg 1094w, https:\/\/klienci.scepter.agency\/greston\/wp-content\/uploads\/2024\/10\/pozadi-str-02-s-vodou-PP-LR-1459x2048.jpg 1459w, https:\/\/klienci.scepter.agency\/greston\/wp-content\/uploads\/2024\/10\/pozadi-str-02-s-vodou-PP-LR-600x842.jpg 600w, https:\/\/klienci.scepter.agency\/greston\/wp-content\/uploads\/2024\/10\/pozadi-str-02-s-vodou-PP-LR-scaled.jpg 1824w\" sizes=\"auto, (max-width: 729px) 100vw, 729px\" \/><\/a><\/figure>\n\n\n\n<figure class=\"wp-block-image size-large\"><a href=\"https:\/\/klienci.scepter.agency\/greston\/wp-content\/uploads\/2024\/10\/Escala_Washbowls_Solid_Coloured_Pebble-Grey.jpg\"><img loading=\"lazy\" decoding=\"async\" width=\"1024\" height=\"952\" data-id=\"1420\" src=\"https:\/\/klienci.scepter.agency\/greston\/wp-content\/uploads\/2024\/10\/Escala_Washbowls_Solid_Coloured_Pebble-Grey-1024x952.jpg\" alt=\"\" class=\"wp-image-1420\" srcset=\"https:\/\/klienci.scepter.agency\/greston\/wp-content\/uploads\/2024\/10\/Escala_Washbowls_Solid_Coloured_Pebble-Grey-1024x952.jpg 1024w, https:\/\/klienci.scepter.agency\/greston\/wp-content\/uploads\/2024\/10\/Escala_Washbowls_Solid_Coloured_Pebble-Grey-300x279.jpg 300w, https:\/\/klienci.scepter.agency\/greston\/wp-content\/uploads\/2024\/10\/Escala_Washbowls_Solid_Coloured_Pebble-Grey-768x714.jpg 768w, https:\/\/klienci.scepter.agency\/greston\/wp-content\/uploads\/2024\/10\/Escala_Washbowls_Solid_Coloured_Pebble-Grey-600x558.jpg 600w, https:\/\/klienci.scepter.agency\/greston\/wp-content\/uploads\/2024\/10\/Escala_Washbowls_Solid_Coloured_Pebble-Grey.jpg 1257w\" sizes=\"auto, (max-width: 1024px) 100vw, 1024px\" \/><\/a><\/figure>\n\n\n\n<figure class=\"wp-block-image size-large\"><a href=\"https:\/\/klienci.scepter.agency\/greston\/wp-content\/uploads\/2024\/10\/Define-Brass-mat_Livit_Solid-Frosted-Oval_2.jpg\"><img loading=\"lazy\" decoding=\"async\" width=\"1024\" height=\"724\" data-id=\"1419\" src=\"https:\/\/klienci.scepter.agency\/greston\/wp-content\/uploads\/2024\/10\/Define-Brass-mat_Livit_Solid-Frosted-Oval_2-1024x724.jpg\" alt=\"\" class=\"wp-image-1419\" srcset=\"https:\/\/klienci.scepter.agency\/greston\/wp-content\/uploads\/2024\/10\/Define-Brass-mat_Livit_Solid-Frosted-Oval_2-1024x724.jpg 1024w, https:\/\/klienci.scepter.agency\/greston\/wp-content\/uploads\/2024\/10\/Define-Brass-mat_Livit_Solid-Frosted-Oval_2-300x212.jpg 300w, https:\/\/klienci.scepter.agency\/greston\/wp-content\/uploads\/2024\/10\/Define-Brass-mat_Livit_Solid-Frosted-Oval_2-768x543.jpg 768w, https:\/\/klienci.scepter.agency\/greston\/wp-content\/uploads\/2024\/10\/Define-Brass-mat_Livit_Solid-Frosted-Oval_2-1536x1086.jpg 1536w, https:\/\/klienci.scepter.agency\/greston\/wp-content\/uploads\/2024\/10\/Define-Brass-mat_Livit_Solid-Frosted-Oval_2-2048x1448.jpg 2048w, https:\/\/klienci.scepter.agency\/greston\/wp-content\/uploads\/2024\/10\/Define-Brass-mat_Livit_Solid-Frosted-Oval_2-600x424.jpg 600w\" sizes=\"auto, (max-width: 1024px) 100vw, 1024px\" \/><\/a><\/figure>\n\n\n\n<figure class=\"wp-block-image size-large\"><a href=\"https:\/\/klienci.scepter.agency\/greston\/wp-content\/uploads\/2024\/10\/Bilbao-170_Escala_Z22-Moss-Green-scaled.jpg\"><img loading=\"lazy\" decoding=\"async\" width=\"1024\" height=\"683\" data-id=\"1417\" src=\"https:\/\/klienci.scepter.agency\/greston\/wp-content\/uploads\/2024\/10\/Bilbao-170_Escala_Z22-Moss-Green-1024x683.jpg\" alt=\"\" class=\"wp-image-1417\" srcset=\"https:\/\/klienci.scepter.agency\/greston\/wp-content\/uploads\/2024\/10\/Bilbao-170_Escala_Z22-Moss-Green-1024x683.jpg 1024w, https:\/\/klienci.scepter.agency\/greston\/wp-content\/uploads\/2024\/10\/Bilbao-170_Escala_Z22-Moss-Green-300x200.jpg 300w, https:\/\/klienci.scepter.agency\/greston\/wp-content\/uploads\/2024\/10\/Bilbao-170_Escala_Z22-Moss-Green-768x512.jpg 768w, https:\/\/klienci.scepter.agency\/greston\/wp-content\/uploads\/2024\/10\/Bilbao-170_Escala_Z22-Moss-Green-1536x1024.jpg 1536w, https:\/\/klienci.scepter.agency\/greston\/wp-content\/uploads\/2024\/10\/Bilbao-170_Escala_Z22-Moss-Green-2048x1365.jpg 2048w, https:\/\/klienci.scepter.agency\/greston\/wp-content\/uploads\/2024\/10\/Bilbao-170_Escala_Z22-Moss-Green-600x400.jpg 600w\" sizes=\"auto, (max-width: 1024px) 100vw, 1024px\" \/><\/a><\/figure>\n\n\n\n<figure class=\"wp-block-image size-large\"><a href=\"https:\/\/klienci.scepter.agency\/greston\/wp-content\/uploads\/2024\/10\/A917goesd_1hw1qll_5ro.png\"><img loading=\"lazy\" decoding=\"async\" width=\"1024\" height=\"559\" data-id=\"1416\" src=\"https:\/\/klienci.scepter.agency\/greston\/wp-content\/uploads\/2024\/10\/A917goesd_1hw1qll_5ro-1024x559.png\" alt=\"\" class=\"wp-image-1416\" srcset=\"https:\/\/klienci.scepter.agency\/greston\/wp-content\/uploads\/2024\/10\/A917goesd_1hw1qll_5ro-1024x559.png 1024w, https:\/\/klienci.scepter.agency\/greston\/wp-content\/uploads\/2024\/10\/A917goesd_1hw1qll_5ro-300x164.png 300w, https:\/\/klienci.scepter.agency\/greston\/wp-content\/uploads\/2024\/10\/A917goesd_1hw1qll_5ro-768x419.png 768w, https:\/\/klienci.scepter.agency\/greston\/wp-content\/uploads\/2024\/10\/A917goesd_1hw1qll_5ro-600x327.png 600w, https:\/\/klienci.scepter.agency\/greston\/wp-content\/uploads\/2024\/10\/A917goesd_1hw1qll_5ro.png 1039w\" sizes=\"auto, (max-width: 1024px) 100vw, 1024px\" \/><\/a><\/figure>\n\n\n\n<figure class=\"wp-block-image size-large\"><a href=\"https:\/\/klienci.scepter.agency\/greston\/wp-content\/uploads\/2024\/10\/01_Bilbao_Sand_portrait_LR.jpg\"><img loading=\"lazy\" decoding=\"async\" width=\"724\" height=\"1024\" data-id=\"1415\" src=\"https:\/\/klienci.scepter.agency\/greston\/wp-content\/uploads\/2024\/10\/01_Bilbao_Sand_portrait_LR-724x1024.jpg\" alt=\"\" class=\"wp-image-1415\" srcset=\"https:\/\/klienci.scepter.agency\/greston\/wp-content\/uploads\/2024\/10\/01_Bilbao_Sand_portrait_LR-724x1024.jpg 724w, https:\/\/klienci.scepter.agency\/greston\/wp-content\/uploads\/2024\/10\/01_Bilbao_Sand_portrait_LR-212x300.jpg 212w, https:\/\/klienci.scepter.agency\/greston\/wp-content\/uploads\/2024\/10\/01_Bilbao_Sand_portrait_LR-768x1086.jpg 768w, https:\/\/klienci.scepter.agency\/greston\/wp-content\/uploads\/2024\/10\/01_Bilbao_Sand_portrait_LR-1087x1536.jpg 1087w, https:\/\/klienci.scepter.agency\/greston\/wp-content\/uploads\/2024\/10\/01_Bilbao_Sand_portrait_LR-600x848.jpg 600w, https:\/\/klienci.scepter.agency\/greston\/wp-content\/uploads\/2024\/10\/01_Bilbao_Sand_portrait_LR.jpg 1238w\" sizes=\"auto, (max-width: 724px) 100vw, 724px\" \/><\/a><\/figure>\n<\/figure>\n","protected":false},"excerpt":{"rendered":"<p>Riho to renomowany producent wanien i umywalek, kt\u00f3ry od ponad 30 lat dostarcza innowacyjne rozwi\u0105zania do \u0142azienek na ca\u0142ym \u015bwiecie. Firma, za\u0142o\u017cona w Holandii, \u0142\u0105czy nowoczesny design z funkcjonalno\u015bci\u0105, oferuj\u0105c produkty, kt\u00f3re charakteryzuj\u0105 si\u0119 wysok\u0105 jako\u015bci\u0105 wykonania i estetyk\u0105. Riho wyr\u00f3\u017cnia si\u0119 pasj\u0105 do tworzenia komfortowych przestrzeni, kt\u00f3re zach\u0119caj\u0105 do relaksu i codziennego u\u017cytku. Asortyment [&hellip;]<\/p>\n","protected":false},"author":1,"featured_media":1422,"parent":497,"menu_order":0,"comment_status":"closed","ping_status":"closed","template":"pages\/produkty-marki.php","meta":{"footnotes":""},"class_list":["post-516","page","type-page","status-publish","has-post-thumbnail","hentry"],"acf":[],"yoast_head":"<!-- This site is optimized with the Yoast SEO plugin v23.2 - https:\/\/yoast.com\/wordpress\/plugins\/seo\/ -->\n<title>Riho - Salon \u0142azienek Warszawa, armatura, gresy i akcesoria - Greston<\/title>\n<meta name=\"robots\" content=\"noindex, follow, max-snippet:-1, max-image-preview:large, max-video-preview:-1\" \/>\n<meta property=\"og:locale\" content=\"pl_PL\" \/>\n<meta property=\"og:type\" content=\"article\" \/>\n<meta property=\"og:title\" content=\"Riho - Salon \u0142azienek Warszawa, armatura, gresy i akcesoria - Greston\" \/>\n<meta property=\"og:description\" content=\"Riho to renomowany producent wanien i umywalek, kt\u00f3ry od ponad 30 lat dostarcza innowacyjne rozwi\u0105zania do \u0142azienek na ca\u0142ym \u015bwiecie. Firma, za\u0142o\u017cona w Holandii, \u0142\u0105czy nowoczesny design z funkcjonalno\u015bci\u0105, oferuj\u0105c produkty, kt\u00f3re charakteryzuj\u0105 si\u0119 wysok\u0105 jako\u015bci\u0105 wykonania i estetyk\u0105. Riho wyr\u00f3\u017cnia si\u0119 pasj\u0105 do tworzenia komfortowych przestrzeni, kt\u00f3re zach\u0119caj\u0105 do relaksu i codziennego u\u017cytku. Asortyment [&hellip;]\" \/>\n<meta property=\"og:url\" content=\"https:\/\/klienci.scepter.agency\/greston\/produkty\/lazienki\/wanny\/riho\/\" \/>\n<meta property=\"og:site_name\" content=\"Salon \u0142azienek Warszawa, armatura, gresy i akcesoria - Greston\" \/>\n<meta property=\"article:modified_time\" content=\"2024-10-11T12:01:06+00:00\" \/>\n<meta property=\"og:image\" content=\"https:\/\/klienci.scepter.agency\/greston\/wp-content\/uploads\/2024\/10\/RIHO_from_scratch_01-un-scaled.jpg\" \/>\n\t<meta property=\"og:image:width\" content=\"2560\" \/>\n\t<meta property=\"og:image:height\" content=\"1440\" \/>\n\t<meta property=\"og:image:type\" content=\"image\/jpeg\" \/>\n<meta name=\"twitter:card\" content=\"summary_large_image\" \/>\n<meta name=\"twitter:label1\" content=\"Szacowany czas czytania\" \/>\n\t<meta name=\"twitter:data1\" content=\"4 minuty\" \/>\n<script type=\"application\/ld+json\" class=\"yoast-schema-graph\">{\"@context\":\"https:\/\/schema.org\",\"@graph\":[{\"@type\":\"WebPage\",\"@id\":\"https:\/\/klienci.scepter.agency\/greston\/produkty\/lazienki\/wanny\/riho\/\",\"url\":\"https:\/\/klienci.scepter.agency\/greston\/produkty\/lazienki\/wanny\/riho\/\",\"name\":\"Riho - Salon \u0142azienek Warszawa, armatura, gresy i akcesoria - Greston\",\"isPartOf\":{\"@id\":\"https:\/\/klienci.scepter.agency\/greston\/#website\"},\"primaryImageOfPage\":{\"@id\":\"https:\/\/klienci.scepter.agency\/greston\/produkty\/lazienki\/wanny\/riho\/#primaryimage\"},\"image\":{\"@id\":\"https:\/\/klienci.scepter.agency\/greston\/produkty\/lazienki\/wanny\/riho\/#primaryimage\"},\"thumbnailUrl\":\"https:\/\/klienci.scepter.agency\/greston\/wp-content\/uploads\/2024\/10\/RIHO_from_scratch_01-un-scaled.jpg\",\"datePublished\":\"2024-08-13T20:53:39+00:00\",\"dateModified\":\"2024-10-11T12:01:06+00:00\",\"breadcrumb\":{\"@id\":\"https:\/\/klienci.scepter.agency\/greston\/produkty\/lazienki\/wanny\/riho\/#breadcrumb\"},\"inLanguage\":\"pl-PL\",\"potentialAction\":[{\"@type\":\"ReadAction\",\"target\":[\"https:\/\/klienci.scepter.agency\/greston\/produkty\/lazienki\/wanny\/riho\/\"]}]},{\"@type\":\"ImageObject\",\"inLanguage\":\"pl-PL\",\"@id\":\"https:\/\/klienci.scepter.agency\/greston\/produkty\/lazienki\/wanny\/riho\/#primaryimage\",\"url\":\"https:\/\/klienci.scepter.agency\/greston\/wp-content\/uploads\/2024\/10\/RIHO_from_scratch_01-un-scaled.jpg\",\"contentUrl\":\"https:\/\/klienci.scepter.agency\/greston\/wp-content\/uploads\/2024\/10\/RIHO_from_scratch_01-un-scaled.jpg\",\"width\":2560,\"height\":1440},{\"@type\":\"BreadcrumbList\",\"@id\":\"https:\/\/klienci.scepter.agency\/greston\/produkty\/lazienki\/wanny\/riho\/#breadcrumb\",\"itemListElement\":[{\"@type\":\"ListItem\",\"position\":1,\"name\":\"Strona g\u0142\u00f3wna\",\"item\":\"https:\/\/klienci.scepter.agency\/greston\/\"},{\"@type\":\"ListItem\",\"position\":2,\"name\":\"Produkty\",\"item\":\"https:\/\/klienci.scepter.agency\/greston\/produkty\/\"},{\"@type\":\"ListItem\",\"position\":3,\"name\":\"\u0141azienki\",\"item\":\"https:\/\/klienci.scepter.agency\/greston\/produkty\/lazienki\/\"},{\"@type\":\"ListItem\",\"position\":4,\"name\":\"Wanny\",\"item\":\"https:\/\/klienci.scepter.agency\/greston\/produkty\/lazienki\/wanny\/\"},{\"@type\":\"ListItem\",\"position\":5,\"name\":\"Riho\"}]},{\"@type\":\"WebSite\",\"@id\":\"https:\/\/klienci.scepter.agency\/greston\/#website\",\"url\":\"https:\/\/klienci.scepter.agency\/greston\/\",\"name\":\"Salon \u0142azienek Warszawa, armatura, gresy i akcesoria - Greston\",\"description\":\"\",\"potentialAction\":[{\"@type\":\"SearchAction\",\"target\":{\"@type\":\"EntryPoint\",\"urlTemplate\":\"https:\/\/klienci.scepter.agency\/greston\/?s={search_term_string}\"},\"query-input\":\"required name=search_term_string\"}],\"inLanguage\":\"pl-PL\"}]}<\/script>\n<!-- \/ Yoast SEO plugin. -->","yoast_head_json":{"title":"Riho - Salon \u0142azienek Warszawa, armatura, gresy i akcesoria - Greston","robots":{"index":"noindex","follow":"follow","max-snippet":"max-snippet:-1","max-image-preview":"max-image-preview:large","max-video-preview":"max-video-preview:-1"},"og_locale":"pl_PL","og_type":"article","og_title":"Riho - Salon \u0142azienek Warszawa, armatura, gresy i akcesoria - Greston","og_description":"Riho to renomowany producent wanien i umywalek, kt\u00f3ry od ponad 30 lat dostarcza innowacyjne rozwi\u0105zania do \u0142azienek na ca\u0142ym \u015bwiecie. Firma, za\u0142o\u017cona w Holandii, \u0142\u0105czy nowoczesny design z funkcjonalno\u015bci\u0105, oferuj\u0105c produkty, kt\u00f3re charakteryzuj\u0105 si\u0119 wysok\u0105 jako\u015bci\u0105 wykonania i estetyk\u0105. Riho wyr\u00f3\u017cnia si\u0119 pasj\u0105 do tworzenia komfortowych przestrzeni, kt\u00f3re zach\u0119caj\u0105 do relaksu i codziennego u\u017cytku. Asortyment [&hellip;]","og_url":"https:\/\/klienci.scepter.agency\/greston\/produkty\/lazienki\/wanny\/riho\/","og_site_name":"Salon \u0142azienek Warszawa, armatura, gresy i akcesoria - Greston","article_modified_time":"2024-10-11T12:01:06+00:00","og_image":[{"width":2560,"height":1440,"url":"https:\/\/klienci.scepter.agency\/greston\/wp-content\/uploads\/2024\/10\/RIHO_from_scratch_01-un-scaled.jpg","type":"image\/jpeg"}],"twitter_card":"summary_large_image","twitter_misc":{"Szacowany czas czytania":"4 minuty"},"schema":{"@context":"https:\/\/schema.org","@graph":[{"@type":"WebPage","@id":"https:\/\/klienci.scepter.agency\/greston\/produkty\/lazienki\/wanny\/riho\/","url":"https:\/\/klienci.scepter.agency\/greston\/produkty\/lazienki\/wanny\/riho\/","name":"Riho - Salon \u0142azienek Warszawa, armatura, gresy i akcesoria - Greston","isPartOf":{"@id":"https:\/\/klienci.scepter.agency\/greston\/#website"},"primaryImageOfPage":{"@id":"https:\/\/klienci.scepter.agency\/greston\/produkty\/lazienki\/wanny\/riho\/#primaryimage"},"image":{"@id":"https:\/\/klienci.scepter.agency\/greston\/produkty\/lazienki\/wanny\/riho\/#primaryimage"},"thumbnailUrl":"https:\/\/klienci.scepter.agency\/greston\/wp-content\/uploads\/2024\/10\/RIHO_from_scratch_01-un-scaled.jpg","datePublished":"2024-08-13T20:53:39+00:00","dateModified":"2024-10-11T12:01:06+00:00","breadcrumb":{"@id":"https:\/\/klienci.scepter.agency\/greston\/produkty\/lazienki\/wanny\/riho\/#breadcrumb"},"inLanguage":"pl-PL","potentialAction":[{"@type":"ReadAction","target":["https:\/\/klienci.scepter.agency\/greston\/produkty\/lazienki\/wanny\/riho\/"]}]},{"@type":"ImageObject","inLanguage":"pl-PL","@id":"https:\/\/klienci.scepter.agency\/greston\/produkty\/lazienki\/wanny\/riho\/#primaryimage","url":"https:\/\/klienci.scepter.agency\/greston\/wp-content\/uploads\/2024\/10\/RIHO_from_scratch_01-un-scaled.jpg","contentUrl":"https:\/\/klienci.scepter.agency\/greston\/wp-content\/uploads\/2024\/10\/RIHO_from_scratch_01-un-scaled.jpg","width":2560,"height":1440},{"@type":"BreadcrumbList","@id":"https:\/\/klienci.scepter.agency\/greston\/produkty\/lazienki\/wanny\/riho\/#breadcrumb","itemListElement":[{"@type":"ListItem","position":1,"name":"Strona g\u0142\u00f3wna","item":"https:\/\/klienci.scepter.agency\/greston\/"},{"@type":"ListItem","position":2,"name":"Produkty","item":"https:\/\/klienci.scepter.agency\/greston\/produkty\/"},{"@type":"ListItem","position":3,"name":"\u0141azienki","item":"https:\/\/klienci.scepter.agency\/greston\/produkty\/lazienki\/"},{"@type":"ListItem","position":4,"name":"Wanny","item":"https:\/\/klienci.scepter.agency\/greston\/produkty\/lazienki\/wanny\/"},{"@type":"ListItem","position":5,"name":"Riho"}]},{"@type":"WebSite","@id":"https:\/\/klienci.scepter.agency\/greston\/#website","url":"https:\/\/klienci.scepter.agency\/greston\/","name":"Salon \u0142azienek Warszawa, armatura, gresy i akcesoria - Greston","description":"","potentialAction":[{"@type":"SearchAction","target":{"@type":"EntryPoint","urlTemplate":"https:\/\/klienci.scepter.agency\/greston\/?s={search_term_string}"},"query-input":"required name=search_term_string"}],"inLanguage":"pl-PL"}]}},"_links":{"self":[{"href":"https:\/\/klienci.scepter.agency\/greston\/wp-json\/wp\/v2\/pages\/516","targetHints":{"allow":["GET"]}}],"collection":[{"href":"https:\/\/klienci.scepter.agency\/greston\/wp-json\/wp\/v2\/pages"}],"about":[{"href":"https:\/\/klienci.scepter.agency\/greston\/wp-json\/wp\/v2\/types\/page"}],"author":[{"embeddable":true,"href":"https:\/\/klienci.scepter.agency\/greston\/wp-json\/wp\/v2\/users\/1"}],"replies":[{"embeddable":true,"href":"https:\/\/klienci.scepter.agency\/greston\/wp-json\/wp\/v2\/comments?post=516"}],"version-history":[{"count":4,"href":"https:\/\/klienci.scepter.agency\/greston\/wp-json\/wp\/v2\/pages\/516\/revisions"}],"predecessor-version":[{"id":517,"href":"https:\/\/klienci.scepter.agency\/greston\/wp-json\/wp\/v2\/pages\/516\/revisions\/517"}],"up":[{"embeddable":true,"href":"https:\/\/klienci.scepter.agency\/greston\/wp-json\/wp\/v2\/pages\/497"}],"wp:featuredmedia":[{"embeddable":true,"href":"https:\/\/klienci.scepter.agency\/greston\/wp-json\/wp\/v2\/media\/1422"}],"wp:attachment":[{"href":"https:\/\/klienci.scepter.agency\/greston\/wp-json\/wp\/v2\/media?parent=516"}],"curies":[{"name":"wp","href":"https:\/\/api.w.org\/{rel}","templated":true}]}}