{"id":522,"date":"2024-08-13T22:54:34","date_gmt":"2024-08-13T20:54:34","guid":{"rendered":"https:\/\/klienci.scepter.agency\/greston\/?page_id=522"},"modified":"2024-08-24T11:33:13","modified_gmt":"2024-08-24T09:33:13","slug":"bette","status":"publish","type":"page","link":"https:\/\/klienci.scepter.agency\/greston\/produkty\/lazienki\/wanny\/bette\/","title":{"rendered":"Bette"},"content":{"rendered":"\n<p>Bette to rodzinna niemiecka firma z Delbr\u00fcck w Westfalii. Od momentu za\u0142o\u017cenia oko\u0142o 70 lat temu, nieustannie rewolucjonizuj\u0105 rynek swoimi innowacjami. To w\u0142a\u015bnie Bette wyprodukowa\u0142o pierwsz\u0105 wolnostoj\u0105c\u0105 wann\u0119 bez szw\u00f3w, pierwsz\u0105 prysznicow\u0105 powierzchni\u0119 na poziomie pod\u0142ogi oraz pierwsz\u0105 p\u0142ytk\u0119 prysznicow\u0105.<\/p>\n\n\n\n<p>Heinrich Bette i G\u00fcnther Schlichterle za\u0142o\u017cyli firm\u0119 w Delbr\u00fcck w 1952 roku. Ju\u017c wtedy, dzi\u0119ki pierwszemu piecowi do emaliowania, wypalano 20 wanien na godzin\u0119 w temperaturze 820 stopni. W 1972 roku firma opracowa\u0142a koncepcj\u0119 Komfortowych Os\u0142on, dzi\u0119ki kt\u00f3rej wanny nie musz\u0105 by\u0107 ju\u017c wyk\u0142adane p\u0142ytkami.&nbsp;<\/p>\n\n\n\n<p>W 2006 roku Bette wprowadzi\u0142o na rynek pierwsz\u0105 prysznicow\u0105 powierzchni\u0119 na poziomie pod\u0142ogi, BetteFloor, kt\u00f3ra sta\u0142a si\u0119 nowym standardem w \u0142azienkach na ca\u0142ym \u015bwiecie. W 2009 roku oferta zosta\u0142a rozszerzona o umywalki wykonane z wysokiej jako\u015bci stali tytanowej. Od 2010 roku firma produkuje wolnostoj\u0105ce wanny Silhouette bez szw\u00f3w, r\u00f3wnie\u017c z tego samego materia\u0142u. W 2011 roku do firmy do\u0142\u0105czy\u0142 Thilo C. Pahl, a jednocze\u015bnie rozpocz\u0119to prace nad pierwsz\u0105 lini\u0105 designersk\u0105 BetteOne.<\/p>\n\n\n\n<p>Czysty minimalizm: dzi\u0119ki nowym liniom projektowym i wsp\u00f3\u0142pracy z renomowanymi projektantami, firma Bette nieustannie przesuwa granice kszta\u0142towania stali. Z okazji dziesi\u0105tej rocznicy wprowadzenia prysznicowej powierzchni BetteFloor, w 2016 roku firma rozszerzy\u0142a kolekcj\u0119 dost\u0119pnych kolor\u00f3w do 22 ekskluzywnych odcieni w 9 tonacjach. W 2017 roku, wprowadzaj\u0105c BetteLoft Ornament, Bette stworzy\u0142o komfort w wyrazistej formie, gdzie geometryczny wz\u00f3r zewn\u0119trza kontynuuje proste linie projektu. W 2018 roku Bette zaprezentowa\u0142o pierwsz\u0105 wolnostoj\u0105c\u0105 wann\u0119 z obiciem z tkaniny. W 2019 roku, wraz z BetteCraft, okr\u0105g\u0142\u0105, wypuk\u0142\u0105 mis\u0105 umywalkow\u0105, firma wprowadzi\u0142a na rynek rze\u017abiarsk\u0105 estetyk\u0119 najpi\u0119kniejszych porcelanowych mis, ale wykonanych z emaliowanej stali tytanowej. W 2021 roku Bette wprowadzi\u0142o na rynek pierwsz\u0105 na \u015bwiecie p\u0142ytk\u0119 prysznicow\u0105, BetteAir, \u0142\u0105cz\u0105c\u0105 innowacyjn\u0105 technologi\u0119 z minimalistycznym designem. Mo\u017ce by\u0107 montowana bezpo\u015brednio na wylewce betonowej, zupe\u0142nie jak p\u0142ytka.<\/p>\n\n\n\n<div class=\"wp-block-buttons is-layout-flex wp-block-buttons-is-layout-flex\">\n<div class=\"wp-block-button\"><a class=\"wp-block-button__link wp-element-button\" href=\"https:\/\/www.axor-design.com\/pl\/kuchnia\/produkty\" target=\"_blank\" rel=\"noreferrer noopener\">Zobacz stron\u0119 producenta<\/a><\/div>\n<\/div>\n\n\n\n<p><\/p>\n\n\n\n<figure class=\"wp-block-gallery has-nested-images columns-default is-cropped wp-block-gallery-1 is-layout-flex wp-block-gallery-is-layout-flex\">\n<figure class=\"wp-block-image size-large\"><a href=\"https:\/\/klienci.scepter.agency\/greston\/wp-content\/uploads\/2024\/08\/Bette_Badelemente_BettePlaces_Osaka_BetteStarlet-Oval-Silhouette_02-media-cac93fe4-query@2x.282669c8.jpg\"><img loading=\"lazy\" decoding=\"async\" width=\"660\" height=\"660\" data-id=\"863\" src=\"https:\/\/klienci.scepter.agency\/greston\/wp-content\/uploads\/2024\/08\/Bette_Badelemente_BettePlaces_Osaka_BetteStarlet-Oval-Silhouette_02-media-cac93fe4-query@2x.282669c8.jpg\" alt=\"\" class=\"wp-image-863\" srcset=\"https:\/\/klienci.scepter.agency\/greston\/wp-content\/uploads\/2024\/08\/Bette_Badelemente_BettePlaces_Osaka_BetteStarlet-Oval-Silhouette_02-media-cac93fe4-query@2x.282669c8.jpg 660w, https:\/\/klienci.scepter.agency\/greston\/wp-content\/uploads\/2024\/08\/Bette_Badelemente_BettePlaces_Osaka_BetteStarlet-Oval-Silhouette_02-media-cac93fe4-query@2x.282669c8-300x300.jpg 300w, https:\/\/klienci.scepter.agency\/greston\/wp-content\/uploads\/2024\/08\/Bette_Badelemente_BettePlaces_Osaka_BetteStarlet-Oval-Silhouette_02-media-cac93fe4-query@2x.282669c8-150x150.jpg 150w, https:\/\/klienci.scepter.agency\/greston\/wp-content\/uploads\/2024\/08\/Bette_Badelemente_BettePlaces_Osaka_BetteStarlet-Oval-Silhouette_02-media-cac93fe4-query@2x.282669c8-600x600.jpg 600w, https:\/\/klienci.scepter.agency\/greston\/wp-content\/uploads\/2024\/08\/Bette_Badelemente_BettePlaces_Osaka_BetteStarlet-Oval-Silhouette_02-media-cac93fe4-query@2x.282669c8-100x100.jpg 100w\" sizes=\"auto, (max-width: 660px) 100vw, 660px\" \/><\/a><\/figure>\n\n\n\n<figure class=\"wp-block-image size-large\"><a href=\"https:\/\/klienci.scepter.agency\/greston\/wp-content\/uploads\/2024\/08\/Bette_Badelemente_BettePlaces_Osaka_BetteStarlet-Oval-Silhouette_01-media-cac93fe4-query@2x.4bc812fe.jpg\"><img loading=\"lazy\" decoding=\"async\" width=\"768\" height=\"1024\" data-id=\"873\" src=\"https:\/\/klienci.scepter.agency\/greston\/wp-content\/uploads\/2024\/08\/Bette_Badelemente_BettePlaces_Osaka_BetteStarlet-Oval-Silhouette_01-media-cac93fe4-query@2x.4bc812fe-768x1024.jpg\" alt=\"\" class=\"wp-image-873\" srcset=\"https:\/\/klienci.scepter.agency\/greston\/wp-content\/uploads\/2024\/08\/Bette_Badelemente_BettePlaces_Osaka_BetteStarlet-Oval-Silhouette_01-media-cac93fe4-query@2x.4bc812fe-768x1024.jpg 768w, https:\/\/klienci.scepter.agency\/greston\/wp-content\/uploads\/2024\/08\/Bette_Badelemente_BettePlaces_Osaka_BetteStarlet-Oval-Silhouette_01-media-cac93fe4-query@2x.4bc812fe-225x300.jpg 225w, https:\/\/klienci.scepter.agency\/greston\/wp-content\/uploads\/2024\/08\/Bette_Badelemente_BettePlaces_Osaka_BetteStarlet-Oval-Silhouette_01-media-cac93fe4-query@2x.4bc812fe-600x800.jpg 600w, https:\/\/klienci.scepter.agency\/greston\/wp-content\/uploads\/2024\/08\/Bette_Badelemente_BettePlaces_Osaka_BetteStarlet-Oval-Silhouette_01-media-cac93fe4-query@2x.4bc812fe.jpg 900w\" sizes=\"auto, (max-width: 768px) 100vw, 768px\" \/><\/a><\/figure>\n\n\n\n<figure class=\"wp-block-image size-large\"><a href=\"https:\/\/klienci.scepter.agency\/greston\/wp-content\/uploads\/2024\/08\/Bette_Badelemente_BettePlaces_Miami_Interiorbild_01-media-cac93fe4-query@2x.7ff387b8.jpg\"><img loading=\"lazy\" decoding=\"async\" width=\"768\" height=\"1024\" data-id=\"871\" src=\"https:\/\/klienci.scepter.agency\/greston\/wp-content\/uploads\/2024\/08\/Bette_Badelemente_BettePlaces_Miami_Interiorbild_01-media-cac93fe4-query@2x.7ff387b8-768x1024.jpg\" alt=\"\" class=\"wp-image-871\" srcset=\"https:\/\/klienci.scepter.agency\/greston\/wp-content\/uploads\/2024\/08\/Bette_Badelemente_BettePlaces_Miami_Interiorbild_01-media-cac93fe4-query@2x.7ff387b8-768x1024.jpg 768w, https:\/\/klienci.scepter.agency\/greston\/wp-content\/uploads\/2024\/08\/Bette_Badelemente_BettePlaces_Miami_Interiorbild_01-media-cac93fe4-query@2x.7ff387b8-225x300.jpg 225w, https:\/\/klienci.scepter.agency\/greston\/wp-content\/uploads\/2024\/08\/Bette_Badelemente_BettePlaces_Miami_Interiorbild_01-media-cac93fe4-query@2x.7ff387b8-600x800.jpg 600w, https:\/\/klienci.scepter.agency\/greston\/wp-content\/uploads\/2024\/08\/Bette_Badelemente_BettePlaces_Miami_Interiorbild_01-media-cac93fe4-query@2x.7ff387b8.jpg 900w\" sizes=\"auto, (max-width: 768px) 100vw, 768px\" \/><\/a><\/figure>\n\n\n\n<figure class=\"wp-block-image size-large\"><a href=\"https:\/\/klienci.scepter.agency\/greston\/wp-content\/uploads\/2024\/08\/Bette_Badelemente_BettePlaces_Miami_BetteLuxOval-Varianten-media-cac93fe4-query@2x.a871247f.jpg\"><img loading=\"lazy\" decoding=\"async\" width=\"1024\" height=\"769\" data-id=\"870\" src=\"https:\/\/klienci.scepter.agency\/greston\/wp-content\/uploads\/2024\/08\/Bette_Badelemente_BettePlaces_Miami_BetteLuxOval-Varianten-media-cac93fe4-query@2x.a871247f-1024x769.jpg\" alt=\"\" class=\"wp-image-870\" srcset=\"https:\/\/klienci.scepter.agency\/greston\/wp-content\/uploads\/2024\/08\/Bette_Badelemente_BettePlaces_Miami_BetteLuxOval-Varianten-media-cac93fe4-query@2x.a871247f-1024x769.jpg 1024w, https:\/\/klienci.scepter.agency\/greston\/wp-content\/uploads\/2024\/08\/Bette_Badelemente_BettePlaces_Miami_BetteLuxOval-Varianten-media-cac93fe4-query@2x.a871247f-300x225.jpg 300w, https:\/\/klienci.scepter.agency\/greston\/wp-content\/uploads\/2024\/08\/Bette_Badelemente_BettePlaces_Miami_BetteLuxOval-Varianten-media-cac93fe4-query@2x.a871247f-768x577.jpg 768w, https:\/\/klienci.scepter.agency\/greston\/wp-content\/uploads\/2024\/08\/Bette_Badelemente_BettePlaces_Miami_BetteLuxOval-Varianten-media-cac93fe4-query@2x.a871247f-600x450.jpg 600w, https:\/\/klienci.scepter.agency\/greston\/wp-content\/uploads\/2024\/08\/Bette_Badelemente_BettePlaces_Miami_BetteLuxOval-Varianten-media-cac93fe4-query@2x.a871247f.jpg 1380w\" sizes=\"auto, (max-width: 1024px) 100vw, 1024px\" \/><\/a><\/figure>\n\n\n\n<figure class=\"wp-block-image size-large\"><a href=\"https:\/\/klienci.scepter.agency\/greston\/wp-content\/uploads\/2024\/08\/wyrozniajace-3.jpg\"><img loading=\"lazy\" decoding=\"async\" width=\"768\" height=\"1024\" data-id=\"869\" src=\"https:\/\/klienci.scepter.agency\/greston\/wp-content\/uploads\/2024\/08\/wyrozniajace-3-768x1024.jpg\" alt=\"\" class=\"wp-image-869\" srcset=\"https:\/\/klienci.scepter.agency\/greston\/wp-content\/uploads\/2024\/08\/wyrozniajace-3-768x1024.jpg 768w, https:\/\/klienci.scepter.agency\/greston\/wp-content\/uploads\/2024\/08\/wyrozniajace-3-225x300.jpg 225w, https:\/\/klienci.scepter.agency\/greston\/wp-content\/uploads\/2024\/08\/wyrozniajace-3-600x800.jpg 600w, https:\/\/klienci.scepter.agency\/greston\/wp-content\/uploads\/2024\/08\/wyrozniajace-3.jpg 900w\" sizes=\"auto, (max-width: 768px) 100vw, 768px\" \/><\/a><\/figure>\n\n\n\n<figure class=\"wp-block-image size-large\"><a href=\"https:\/\/klienci.scepter.agency\/greston\/wp-content\/uploads\/2024\/08\/Bette_Badelemente_Designlinien_BetteOne_Header-media-cac93fe4-query@2x.f59c5af0.jpg\"><img loading=\"lazy\" decoding=\"async\" width=\"1024\" height=\"769\" data-id=\"867\" src=\"https:\/\/klienci.scepter.agency\/greston\/wp-content\/uploads\/2024\/08\/Bette_Badelemente_Designlinien_BetteOne_Header-media-cac93fe4-query@2x.f59c5af0-1024x769.jpg\" alt=\"\" class=\"wp-image-867\" srcset=\"https:\/\/klienci.scepter.agency\/greston\/wp-content\/uploads\/2024\/08\/Bette_Badelemente_Designlinien_BetteOne_Header-media-cac93fe4-query@2x.f59c5af0-1024x769.jpg 1024w, https:\/\/klienci.scepter.agency\/greston\/wp-content\/uploads\/2024\/08\/Bette_Badelemente_Designlinien_BetteOne_Header-media-cac93fe4-query@2x.f59c5af0-300x225.jpg 300w, https:\/\/klienci.scepter.agency\/greston\/wp-content\/uploads\/2024\/08\/Bette_Badelemente_Designlinien_BetteOne_Header-media-cac93fe4-query@2x.f59c5af0-768x577.jpg 768w, https:\/\/klienci.scepter.agency\/greston\/wp-content\/uploads\/2024\/08\/Bette_Badelemente_Designlinien_BetteOne_Header-media-cac93fe4-query@2x.f59c5af0-600x450.jpg 600w, https:\/\/klienci.scepter.agency\/greston\/wp-content\/uploads\/2024\/08\/Bette_Badelemente_Designlinien_BetteOne_Header-media-cac93fe4-query@2x.f59c5af0.jpg 1380w\" sizes=\"auto, (max-width: 1024px) 100vw, 1024px\" \/><\/a><\/figure>\n<\/figure>\n","protected":false},"excerpt":{"rendered":"<p>Bette to rodzinna niemiecka firma z Delbr\u00fcck w Westfalii. Od momentu za\u0142o\u017cenia oko\u0142o 70 lat temu, nieustannie rewolucjonizuj\u0105 rynek swoimi innowacjami. To w\u0142a\u015bnie Bette wyprodukowa\u0142o pierwsz\u0105 wolnostoj\u0105c\u0105 wann\u0119 bez szw\u00f3w, pierwsz\u0105 prysznicow\u0105 powierzchni\u0119 na poziomie pod\u0142ogi oraz pierwsz\u0105 p\u0142ytk\u0119 prysznicow\u0105. Heinrich Bette i G\u00fcnther Schlichterle za\u0142o\u017cyli firm\u0119 w Delbr\u00fcck w 1952 roku. Ju\u017c wtedy, dzi\u0119ki [&hellip;]<\/p>\n","protected":false},"author":1,"featured_media":865,"parent":497,"menu_order":0,"comment_status":"closed","ping_status":"closed","template":"pages\/produkty-marki.php","meta":{"footnotes":""},"class_list":["post-522","page","type-page","status-publish","has-post-thumbnail","hentry"],"acf":[],"yoast_head":"<!-- This site is optimized with the Yoast SEO plugin v23.2 - https:\/\/yoast.com\/wordpress\/plugins\/seo\/ -->\n<title>Bette - Salon \u0142azienek Warszawa, armatura, gresy i akcesoria - Greston<\/title>\n<meta name=\"robots\" content=\"noindex, follow, max-snippet:-1, max-image-preview:large, max-video-preview:-1\" \/>\n<meta property=\"og:locale\" content=\"pl_PL\" \/>\n<meta property=\"og:type\" content=\"article\" \/>\n<meta property=\"og:title\" content=\"Bette - Salon \u0142azienek Warszawa, armatura, gresy i akcesoria - Greston\" \/>\n<meta property=\"og:description\" content=\"Bette to rodzinna niemiecka firma z Delbr\u00fcck w Westfalii. Od momentu za\u0142o\u017cenia oko\u0142o 70 lat temu, nieustannie rewolucjonizuj\u0105 rynek swoimi innowacjami. To w\u0142a\u015bnie Bette wyprodukowa\u0142o pierwsz\u0105 wolnostoj\u0105c\u0105 wann\u0119 bez szw\u00f3w, pierwsz\u0105 prysznicow\u0105 powierzchni\u0119 na poziomie pod\u0142ogi oraz pierwsz\u0105 p\u0142ytk\u0119 prysznicow\u0105. Heinrich Bette i G\u00fcnther Schlichterle za\u0142o\u017cyli firm\u0119 w Delbr\u00fcck w 1952 roku. Ju\u017c wtedy, dzi\u0119ki [&hellip;]\" \/>\n<meta property=\"og:url\" content=\"https:\/\/klienci.scepter.agency\/greston\/produkty\/lazienki\/wanny\/bette\/\" \/>\n<meta property=\"og:site_name\" content=\"Salon \u0142azienek Warszawa, armatura, gresy i akcesoria - Greston\" \/>\n<meta property=\"article:modified_time\" content=\"2024-08-24T09:33:13+00:00\" \/>\n<meta property=\"og:image\" content=\"https:\/\/klienci.scepter.agency\/greston\/wp-content\/uploads\/2024\/08\/Bette_Badelemente_BettePlaces-Orbit_Info-Stahl_03-media-cac93fe4-query@2x.3c58dd95.jpg\" \/>\n\t<meta property=\"og:image:width\" content=\"660\" \/>\n\t<meta property=\"og:image:height\" content=\"880\" \/>\n\t<meta property=\"og:image:type\" content=\"image\/jpeg\" \/>\n<meta name=\"twitter:card\" content=\"summary_large_image\" \/>\n<meta name=\"twitter:label1\" content=\"Szacowany czas czytania\" \/>\n\t<meta name=\"twitter:data1\" content=\"4 minuty\" \/>\n<script type=\"application\/ld+json\" class=\"yoast-schema-graph\">{\"@context\":\"https:\/\/schema.org\",\"@graph\":[{\"@type\":\"WebPage\",\"@id\":\"https:\/\/klienci.scepter.agency\/greston\/produkty\/lazienki\/wanny\/bette\/\",\"url\":\"https:\/\/klienci.scepter.agency\/greston\/produkty\/lazienki\/wanny\/bette\/\",\"name\":\"Bette - Salon \u0142azienek Warszawa, armatura, gresy i akcesoria - Greston\",\"isPartOf\":{\"@id\":\"https:\/\/klienci.scepter.agency\/greston\/#website\"},\"primaryImageOfPage\":{\"@id\":\"https:\/\/klienci.scepter.agency\/greston\/produkty\/lazienki\/wanny\/bette\/#primaryimage\"},\"image\":{\"@id\":\"https:\/\/klienci.scepter.agency\/greston\/produkty\/lazienki\/wanny\/bette\/#primaryimage\"},\"thumbnailUrl\":\"https:\/\/klienci.scepter.agency\/greston\/wp-content\/uploads\/2024\/08\/Bette_Badelemente_BettePlaces-Orbit_Info-Stahl_03-media-cac93fe4-query@2x.3c58dd95.jpg\",\"datePublished\":\"2024-08-13T20:54:34+00:00\",\"dateModified\":\"2024-08-24T09:33:13+00:00\",\"breadcrumb\":{\"@id\":\"https:\/\/klienci.scepter.agency\/greston\/produkty\/lazienki\/wanny\/bette\/#breadcrumb\"},\"inLanguage\":\"pl-PL\",\"potentialAction\":[{\"@type\":\"ReadAction\",\"target\":[\"https:\/\/klienci.scepter.agency\/greston\/produkty\/lazienki\/wanny\/bette\/\"]}]},{\"@type\":\"ImageObject\",\"inLanguage\":\"pl-PL\",\"@id\":\"https:\/\/klienci.scepter.agency\/greston\/produkty\/lazienki\/wanny\/bette\/#primaryimage\",\"url\":\"https:\/\/klienci.scepter.agency\/greston\/wp-content\/uploads\/2024\/08\/Bette_Badelemente_BettePlaces-Orbit_Info-Stahl_03-media-cac93fe4-query@2x.3c58dd95.jpg\",\"contentUrl\":\"https:\/\/klienci.scepter.agency\/greston\/wp-content\/uploads\/2024\/08\/Bette_Badelemente_BettePlaces-Orbit_Info-Stahl_03-media-cac93fe4-query@2x.3c58dd95.jpg\",\"width\":660,\"height\":880},{\"@type\":\"BreadcrumbList\",\"@id\":\"https:\/\/klienci.scepter.agency\/greston\/produkty\/lazienki\/wanny\/bette\/#breadcrumb\",\"itemListElement\":[{\"@type\":\"ListItem\",\"position\":1,\"name\":\"Strona g\u0142\u00f3wna\",\"item\":\"https:\/\/klienci.scepter.agency\/greston\/\"},{\"@type\":\"ListItem\",\"position\":2,\"name\":\"Produkty\",\"item\":\"https:\/\/klienci.scepter.agency\/greston\/produkty\/\"},{\"@type\":\"ListItem\",\"position\":3,\"name\":\"\u0141azienki\",\"item\":\"https:\/\/klienci.scepter.agency\/greston\/produkty\/lazienki\/\"},{\"@type\":\"ListItem\",\"position\":4,\"name\":\"Wanny\",\"item\":\"https:\/\/klienci.scepter.agency\/greston\/produkty\/lazienki\/wanny\/\"},{\"@type\":\"ListItem\",\"position\":5,\"name\":\"Bette\"}]},{\"@type\":\"WebSite\",\"@id\":\"https:\/\/klienci.scepter.agency\/greston\/#website\",\"url\":\"https:\/\/klienci.scepter.agency\/greston\/\",\"name\":\"Salon \u0142azienek Warszawa, armatura, gresy i akcesoria - Greston\",\"description\":\"\",\"potentialAction\":[{\"@type\":\"SearchAction\",\"target\":{\"@type\":\"EntryPoint\",\"urlTemplate\":\"https:\/\/klienci.scepter.agency\/greston\/?s={search_term_string}\"},\"query-input\":\"required name=search_term_string\"}],\"inLanguage\":\"pl-PL\"}]}<\/script>\n<!-- \/ Yoast SEO plugin. -->","yoast_head_json":{"title":"Bette - Salon \u0142azienek Warszawa, armatura, gresy i akcesoria - Greston","robots":{"index":"noindex","follow":"follow","max-snippet":"max-snippet:-1","max-image-preview":"max-image-preview:large","max-video-preview":"max-video-preview:-1"},"og_locale":"pl_PL","og_type":"article","og_title":"Bette - Salon \u0142azienek Warszawa, armatura, gresy i akcesoria - Greston","og_description":"Bette to rodzinna niemiecka firma z Delbr\u00fcck w Westfalii. Od momentu za\u0142o\u017cenia oko\u0142o 70 lat temu, nieustannie rewolucjonizuj\u0105 rynek swoimi innowacjami. To w\u0142a\u015bnie Bette wyprodukowa\u0142o pierwsz\u0105 wolnostoj\u0105c\u0105 wann\u0119 bez szw\u00f3w, pierwsz\u0105 prysznicow\u0105 powierzchni\u0119 na poziomie pod\u0142ogi oraz pierwsz\u0105 p\u0142ytk\u0119 prysznicow\u0105. Heinrich Bette i G\u00fcnther Schlichterle za\u0142o\u017cyli firm\u0119 w Delbr\u00fcck w 1952 roku. Ju\u017c wtedy, dzi\u0119ki [&hellip;]","og_url":"https:\/\/klienci.scepter.agency\/greston\/produkty\/lazienki\/wanny\/bette\/","og_site_name":"Salon \u0142azienek Warszawa, armatura, gresy i akcesoria - Greston","article_modified_time":"2024-08-24T09:33:13+00:00","og_image":[{"width":660,"height":880,"url":"https:\/\/klienci.scepter.agency\/greston\/wp-content\/uploads\/2024\/08\/Bette_Badelemente_BettePlaces-Orbit_Info-Stahl_03-media-cac93fe4-query@2x.3c58dd95.jpg","type":"image\/jpeg"}],"twitter_card":"summary_large_image","twitter_misc":{"Szacowany czas czytania":"4 minuty"},"schema":{"@context":"https:\/\/schema.org","@graph":[{"@type":"WebPage","@id":"https:\/\/klienci.scepter.agency\/greston\/produkty\/lazienki\/wanny\/bette\/","url":"https:\/\/klienci.scepter.agency\/greston\/produkty\/lazienki\/wanny\/bette\/","name":"Bette - Salon \u0142azienek Warszawa, armatura, gresy i akcesoria - Greston","isPartOf":{"@id":"https:\/\/klienci.scepter.agency\/greston\/#website"},"primaryImageOfPage":{"@id":"https:\/\/klienci.scepter.agency\/greston\/produkty\/lazienki\/wanny\/bette\/#primaryimage"},"image":{"@id":"https:\/\/klienci.scepter.agency\/greston\/produkty\/lazienki\/wanny\/bette\/#primaryimage"},"thumbnailUrl":"https:\/\/klienci.scepter.agency\/greston\/wp-content\/uploads\/2024\/08\/Bette_Badelemente_BettePlaces-Orbit_Info-Stahl_03-media-cac93fe4-query@2x.3c58dd95.jpg","datePublished":"2024-08-13T20:54:34+00:00","dateModified":"2024-08-24T09:33:13+00:00","breadcrumb":{"@id":"https:\/\/klienci.scepter.agency\/greston\/produkty\/lazienki\/wanny\/bette\/#breadcrumb"},"inLanguage":"pl-PL","potentialAction":[{"@type":"ReadAction","target":["https:\/\/klienci.scepter.agency\/greston\/produkty\/lazienki\/wanny\/bette\/"]}]},{"@type":"ImageObject","inLanguage":"pl-PL","@id":"https:\/\/klienci.scepter.agency\/greston\/produkty\/lazienki\/wanny\/bette\/#primaryimage","url":"https:\/\/klienci.scepter.agency\/greston\/wp-content\/uploads\/2024\/08\/Bette_Badelemente_BettePlaces-Orbit_Info-Stahl_03-media-cac93fe4-query@2x.3c58dd95.jpg","contentUrl":"https:\/\/klienci.scepter.agency\/greston\/wp-content\/uploads\/2024\/08\/Bette_Badelemente_BettePlaces-Orbit_Info-Stahl_03-media-cac93fe4-query@2x.3c58dd95.jpg","width":660,"height":880},{"@type":"BreadcrumbList","@id":"https:\/\/klienci.scepter.agency\/greston\/produkty\/lazienki\/wanny\/bette\/#breadcrumb","itemListElement":[{"@type":"ListItem","position":1,"name":"Strona g\u0142\u00f3wna","item":"https:\/\/klienci.scepter.agency\/greston\/"},{"@type":"ListItem","position":2,"name":"Produkty","item":"https:\/\/klienci.scepter.agency\/greston\/produkty\/"},{"@type":"ListItem","position":3,"name":"\u0141azienki","item":"https:\/\/klienci.scepter.agency\/greston\/produkty\/lazienki\/"},{"@type":"ListItem","position":4,"name":"Wanny","item":"https:\/\/klienci.scepter.agency\/greston\/produkty\/lazienki\/wanny\/"},{"@type":"ListItem","position":5,"name":"Bette"}]},{"@type":"WebSite","@id":"https:\/\/klienci.scepter.agency\/greston\/#website","url":"https:\/\/klienci.scepter.agency\/greston\/","name":"Salon \u0142azienek Warszawa, armatura, gresy i akcesoria - Greston","description":"","potentialAction":[{"@type":"SearchAction","target":{"@type":"EntryPoint","urlTemplate":"https:\/\/klienci.scepter.agency\/greston\/?s={search_term_string}"},"query-input":"required name=search_term_string"}],"inLanguage":"pl-PL"}]}},"_links":{"self":[{"href":"https:\/\/klienci.scepter.agency\/greston\/wp-json\/wp\/v2\/pages\/522","targetHints":{"allow":["GET"]}}],"collection":[{"href":"https:\/\/klienci.scepter.agency\/greston\/wp-json\/wp\/v2\/pages"}],"about":[{"href":"https:\/\/klienci.scepter.agency\/greston\/wp-json\/wp\/v2\/types\/page"}],"author":[{"embeddable":true,"href":"https:\/\/klienci.scepter.agency\/greston\/wp-json\/wp\/v2\/users\/1"}],"replies":[{"embeddable":true,"href":"https:\/\/klienci.scepter.agency\/greston\/wp-json\/wp\/v2\/comments?post=522"}],"version-history":[{"count":8,"href":"https:\/\/klienci.scepter.agency\/greston\/wp-json\/wp\/v2\/pages\/522\/revisions"}],"predecessor-version":[{"id":523,"href":"https:\/\/klienci.scepter.agency\/greston\/wp-json\/wp\/v2\/pages\/522\/revisions\/523"}],"up":[{"embeddable":true,"href":"https:\/\/klienci.scepter.agency\/greston\/wp-json\/wp\/v2\/pages\/497"}],"wp:featuredmedia":[{"embeddable":true,"href":"https:\/\/klienci.scepter.agency\/greston\/wp-json\/wp\/v2\/media\/865"}],"wp:attachment":[{"href":"https:\/\/klienci.scepter.agency\/greston\/wp-json\/wp\/v2\/media?parent=522"}],"curies":[{"name":"wp","href":"https:\/\/api.w.org\/{rel}","templated":true}]}}