{"id":531,"date":"2024-08-13T22:56:20","date_gmt":"2024-08-13T20:56:20","guid":{"rendered":"https:\/\/klienci.scepter.agency\/greston\/?page_id=531"},"modified":"2024-09-04T13:07:53","modified_gmt":"2024-09-04T11:07:53","slug":"gessi","status":"publish","type":"page","link":"https:\/\/klienci.scepter.agency\/greston\/produkty\/lazienki\/wanny\/gessi\/","title":{"rendered":"Gessi"},"content":{"rendered":"\n<p>Gessi, za\u0142o\u017cona w 1992 roku, jest w\u0142oskim producentem armatury, kt\u00f3ry zdoby\u0142 mi\u0119dzynarodowe uznanie dzi\u0119ki innowacyjnemu podej\u015bciu do designu i doskona\u0142ej jako\u015bci produkt\u00f3w. Siedziba firmy znajduje si\u0119 w pobli\u017cu Mediolanu, w sercu w\u0142oskiego wzornictwa i rzemios\u0142a, gdzie Gessi \u0142\u0105czy elegancj\u0119 z nowoczesno\u015bci\u0105, tworz\u0105c rozwi\u0105zania, kt\u00f3re przekszta\u0142caj\u0105 przestrze\u0144 \u0142azienkow\u0105 w miejsce luksusu i relaksu.<\/p>\n\n\n\n<p>Gessi jest znane z doskona\u0142ego rzemios\u0142a, innowacyjnych technologii i unikalnego designu. Firma \u0142\u0105czy estetyk\u0119 z funkcjonalno\u015bci\u0105, oferuj\u0105c produkty, kt\u00f3re \u0142\u0105cz\u0105 elegancj\u0119 z nowoczesnymi rozwi\u0105zaniami technologicznymi. Gessi nieustannie wyznacza nowe standardy w bran\u017cy, dbaj\u0105c o ka\u017cdy detal i jako\u015b\u0107 wykonania swoich produkt\u00f3w.<\/p>\n\n\n\n<p>Gessi \u0142\u0105czy w sobie najnowsze osi\u0105gni\u0119cia technologiczne z wyj\u0105tkowym rzemios\u0142em. Firma stosuje zaawansowane technologie, takie jak systemy oszcz\u0119dzania wody, innowacyjne wyko\u0144czenia i funkcjonalne rozwi\u0105zania, kt\u00f3re zapewniaj\u0105 nie tylko estetyk\u0119, ale i trwa\u0142o\u015b\u0107.<\/p>\n\n\n\n<p>Ka\u017cdy produkt Gessi jest wynikiem pasji do doskona\u0142o\u015bci i wieloletniego do\u015bwiadczenia w bran\u017cy. Zesp\u00f3\u0142 projektant\u00f3w i in\u017cynier\u00f3w pracuje z zaanga\u017cowaniem, aby ka\u017cdy detal by\u0142 perfekcyjnie dopracowany, a finalny produkt spe\u0142nia\u0142 najwy\u017csze standardy jako\u015bci.<\/p>\n\n\n\n<div class=\"wp-block-buttons is-layout-flex wp-block-buttons-is-layout-flex\">\n<div class=\"wp-block-button\"><a class=\"wp-block-button__link wp-element-button\" href=\"https:\/\/www.gessi.com\/en\/collections\" target=\"_blank\" rel=\"noreferrer noopener\">Zobacz stron\u0119 producenta<\/a><\/div>\n<\/div>\n\n\n\n<p><\/p>\n\n\n\n<figure class=\"wp-block-gallery has-nested-images columns-default is-cropped wp-block-gallery-1 is-layout-flex wp-block-gallery-is-layout-flex\">\n<figure class=\"wp-block-image size-large\"><a href=\"https:\/\/klienci.scepter.agency\/greston\/wp-content\/uploads\/2024\/09\/GESSI_Origini_Moodboard_ACCENT.jpg\"><img loading=\"lazy\" decoding=\"async\" width=\"877\" height=\"1024\" data-id=\"1073\" src=\"https:\/\/klienci.scepter.agency\/greston\/wp-content\/uploads\/2024\/09\/GESSI_Origini_Moodboard_ACCENT-877x1024.jpg\" alt=\"\" class=\"wp-image-1073\" srcset=\"https:\/\/klienci.scepter.agency\/greston\/wp-content\/uploads\/2024\/09\/GESSI_Origini_Moodboard_ACCENT-877x1024.jpg 877w, https:\/\/klienci.scepter.agency\/greston\/wp-content\/uploads\/2024\/09\/GESSI_Origini_Moodboard_ACCENT-257x300.jpg 257w, https:\/\/klienci.scepter.agency\/greston\/wp-content\/uploads\/2024\/09\/GESSI_Origini_Moodboard_ACCENT-768x896.jpg 768w, https:\/\/klienci.scepter.agency\/greston\/wp-content\/uploads\/2024\/09\/GESSI_Origini_Moodboard_ACCENT-1316x1536.jpg 1316w, https:\/\/klienci.scepter.agency\/greston\/wp-content\/uploads\/2024\/09\/GESSI_Origini_Moodboard_ACCENT-1755x2048.jpg 1755w, https:\/\/klienci.scepter.agency\/greston\/wp-content\/uploads\/2024\/09\/GESSI_Origini_Moodboard_ACCENT-600x700.jpg 600w, https:\/\/klienci.scepter.agency\/greston\/wp-content\/uploads\/2024\/09\/GESSI_Origini_Moodboard_ACCENT.jpg 1920w\" sizes=\"auto, (max-width: 877px) 100vw, 877px\" \/><\/a><\/figure>\n\n\n\n<figure class=\"wp-block-image size-large\"><a href=\"https:\/\/klienci.scepter.agency\/greston\/wp-content\/uploads\/2024\/09\/GESSI_Origini-Moodboard_WARM.jpg\"><img loading=\"lazy\" decoding=\"async\" width=\"819\" height=\"1024\" data-id=\"1075\" src=\"https:\/\/klienci.scepter.agency\/greston\/wp-content\/uploads\/2024\/09\/GESSI_Origini-Moodboard_WARM-819x1024.jpg\" alt=\"\" class=\"wp-image-1075\" srcset=\"https:\/\/klienci.scepter.agency\/greston\/wp-content\/uploads\/2024\/09\/GESSI_Origini-Moodboard_WARM-819x1024.jpg 819w, https:\/\/klienci.scepter.agency\/greston\/wp-content\/uploads\/2024\/09\/GESSI_Origini-Moodboard_WARM-240x300.jpg 240w, https:\/\/klienci.scepter.agency\/greston\/wp-content\/uploads\/2024\/09\/GESSI_Origini-Moodboard_WARM-768x960.jpg 768w, https:\/\/klienci.scepter.agency\/greston\/wp-content\/uploads\/2024\/09\/GESSI_Origini-Moodboard_WARM-1229x1536.jpg 1229w, https:\/\/klienci.scepter.agency\/greston\/wp-content\/uploads\/2024\/09\/GESSI_Origini-Moodboard_WARM-1638x2048.jpg 1638w, https:\/\/klienci.scepter.agency\/greston\/wp-content\/uploads\/2024\/09\/GESSI_Origini-Moodboard_WARM-600x750.jpg 600w, https:\/\/klienci.scepter.agency\/greston\/wp-content\/uploads\/2024\/09\/GESSI_Origini-Moodboard_WARM.jpg 1920w\" sizes=\"auto, (max-width: 819px) 100vw, 819px\" \/><\/a><\/figure>\n\n\n\n<figure class=\"wp-block-image size-large\"><a href=\"https:\/\/klienci.scepter.agency\/greston\/wp-content\/uploads\/2024\/09\/GESSI_VENTAGLIO_14.jpg\"><img loading=\"lazy\" decoding=\"async\" width=\"917\" height=\"1024\" data-id=\"1076\" src=\"https:\/\/klienci.scepter.agency\/greston\/wp-content\/uploads\/2024\/09\/GESSI_VENTAGLIO_14-917x1024.jpg\" alt=\"\" class=\"wp-image-1076\" srcset=\"https:\/\/klienci.scepter.agency\/greston\/wp-content\/uploads\/2024\/09\/GESSI_VENTAGLIO_14-917x1024.jpg 917w, https:\/\/klienci.scepter.agency\/greston\/wp-content\/uploads\/2024\/09\/GESSI_VENTAGLIO_14-269x300.jpg 269w, https:\/\/klienci.scepter.agency\/greston\/wp-content\/uploads\/2024\/09\/GESSI_VENTAGLIO_14-768x858.jpg 768w, https:\/\/klienci.scepter.agency\/greston\/wp-content\/uploads\/2024\/09\/GESSI_VENTAGLIO_14-1375x1536.jpg 1375w, https:\/\/klienci.scepter.agency\/greston\/wp-content\/uploads\/2024\/09\/GESSI_VENTAGLIO_14-1833x2048.jpg 1833w, https:\/\/klienci.scepter.agency\/greston\/wp-content\/uploads\/2024\/09\/GESSI_VENTAGLIO_14-600x670.jpg 600w, https:\/\/klienci.scepter.agency\/greston\/wp-content\/uploads\/2024\/09\/GESSI_VENTAGLIO_14.jpg 1920w\" sizes=\"auto, (max-width: 917px) 100vw, 917px\" \/><\/a><\/figure>\n\n\n\n<figure class=\"wp-block-image size-large\"><a href=\"https:\/\/klienci.scepter.agency\/greston\/wp-content\/uploads\/2024\/09\/GESSI_VENTAGLIO_25.jpg\"><img loading=\"lazy\" decoding=\"async\" width=\"878\" height=\"1024\" data-id=\"1077\" src=\"https:\/\/klienci.scepter.agency\/greston\/wp-content\/uploads\/2024\/09\/GESSI_VENTAGLIO_25-878x1024.jpg\" alt=\"\" class=\"wp-image-1077\" srcset=\"https:\/\/klienci.scepter.agency\/greston\/wp-content\/uploads\/2024\/09\/GESSI_VENTAGLIO_25-878x1024.jpg 878w, https:\/\/klienci.scepter.agency\/greston\/wp-content\/uploads\/2024\/09\/GESSI_VENTAGLIO_25-257x300.jpg 257w, https:\/\/klienci.scepter.agency\/greston\/wp-content\/uploads\/2024\/09\/GESSI_VENTAGLIO_25-768x896.jpg 768w, https:\/\/klienci.scepter.agency\/greston\/wp-content\/uploads\/2024\/09\/GESSI_VENTAGLIO_25-1317x1536.jpg 1317w, https:\/\/klienci.scepter.agency\/greston\/wp-content\/uploads\/2024\/09\/GESSI_VENTAGLIO_25-1755x2048.jpg 1755w, https:\/\/klienci.scepter.agency\/greston\/wp-content\/uploads\/2024\/09\/GESSI_VENTAGLIO_25-600x700.jpg 600w, https:\/\/klienci.scepter.agency\/greston\/wp-content\/uploads\/2024\/09\/GESSI_VENTAGLIO_25.jpg 1920w\" sizes=\"auto, (max-width: 878px) 100vw, 878px\" \/><\/a><\/figure>\n\n\n\n<figure class=\"wp-block-image size-large\"><a href=\"https:\/\/klienci.scepter.agency\/greston\/wp-content\/uploads\/2024\/09\/GESSI_VENTAGLIO_38.jpg\"><img loading=\"lazy\" decoding=\"async\" width=\"878\" height=\"1024\" data-id=\"1078\" src=\"https:\/\/klienci.scepter.agency\/greston\/wp-content\/uploads\/2024\/09\/GESSI_VENTAGLIO_38-878x1024.jpg\" alt=\"\" class=\"wp-image-1078\" srcset=\"https:\/\/klienci.scepter.agency\/greston\/wp-content\/uploads\/2024\/09\/GESSI_VENTAGLIO_38-878x1024.jpg 878w, https:\/\/klienci.scepter.agency\/greston\/wp-content\/uploads\/2024\/09\/GESSI_VENTAGLIO_38-257x300.jpg 257w, https:\/\/klienci.scepter.agency\/greston\/wp-content\/uploads\/2024\/09\/GESSI_VENTAGLIO_38-768x895.jpg 768w, https:\/\/klienci.scepter.agency\/greston\/wp-content\/uploads\/2024\/09\/GESSI_VENTAGLIO_38-1318x1536.jpg 1318w, https:\/\/klienci.scepter.agency\/greston\/wp-content\/uploads\/2024\/09\/GESSI_VENTAGLIO_38-1757x2048.jpg 1757w, https:\/\/klienci.scepter.agency\/greston\/wp-content\/uploads\/2024\/09\/GESSI_VENTAGLIO_38-600x699.jpg 600w, https:\/\/klienci.scepter.agency\/greston\/wp-content\/uploads\/2024\/09\/GESSI_VENTAGLIO_38.jpg 1920w\" sizes=\"auto, (max-width: 878px) 100vw, 878px\" \/><\/a><\/figure>\n\n\n\n<figure class=\"wp-block-image size-large\"><a href=\"https:\/\/klienci.scepter.agency\/greston\/wp-content\/uploads\/2024\/09\/Origini_Ambiente726275845_close-up_03.jpg\"><img loading=\"lazy\" decoding=\"async\" width=\"878\" height=\"1024\" data-id=\"1079\" src=\"https:\/\/klienci.scepter.agency\/greston\/wp-content\/uploads\/2024\/09\/Origini_Ambiente726275845_close-up_03-878x1024.jpg\" alt=\"\" class=\"wp-image-1079\" srcset=\"https:\/\/klienci.scepter.agency\/greston\/wp-content\/uploads\/2024\/09\/Origini_Ambiente726275845_close-up_03-878x1024.jpg 878w, https:\/\/klienci.scepter.agency\/greston\/wp-content\/uploads\/2024\/09\/Origini_Ambiente726275845_close-up_03-257x300.jpg 257w, https:\/\/klienci.scepter.agency\/greston\/wp-content\/uploads\/2024\/09\/Origini_Ambiente726275845_close-up_03-768x896.jpg 768w, https:\/\/klienci.scepter.agency\/greston\/wp-content\/uploads\/2024\/09\/Origini_Ambiente726275845_close-up_03-1317x1536.jpg 1317w, https:\/\/klienci.scepter.agency\/greston\/wp-content\/uploads\/2024\/09\/Origini_Ambiente726275845_close-up_03-1755x2048.jpg 1755w, https:\/\/klienci.scepter.agency\/greston\/wp-content\/uploads\/2024\/09\/Origini_Ambiente726275845_close-up_03-600x700.jpg 600w, https:\/\/klienci.scepter.agency\/greston\/wp-content\/uploads\/2024\/09\/Origini_Ambiente726275845_close-up_03.jpg 1920w\" sizes=\"auto, (max-width: 878px) 100vw, 878px\" \/><\/a><\/figure>\n\n\n\n<figure class=\"wp-block-image size-large\"><a href=\"https:\/\/klienci.scepter.agency\/greston\/wp-content\/uploads\/2024\/09\/Origini_Ambiente727277299_close-up_01.jpg\"><img loading=\"lazy\" decoding=\"async\" width=\"878\" height=\"1024\" data-id=\"1080\" src=\"https:\/\/klienci.scepter.agency\/greston\/wp-content\/uploads\/2024\/09\/Origini_Ambiente727277299_close-up_01-878x1024.jpg\" alt=\"\" class=\"wp-image-1080\" srcset=\"https:\/\/klienci.scepter.agency\/greston\/wp-content\/uploads\/2024\/09\/Origini_Ambiente727277299_close-up_01-878x1024.jpg 878w, https:\/\/klienci.scepter.agency\/greston\/wp-content\/uploads\/2024\/09\/Origini_Ambiente727277299_close-up_01-257x300.jpg 257w, https:\/\/klienci.scepter.agency\/greston\/wp-content\/uploads\/2024\/09\/Origini_Ambiente727277299_close-up_01-768x896.jpg 768w, https:\/\/klienci.scepter.agency\/greston\/wp-content\/uploads\/2024\/09\/Origini_Ambiente727277299_close-up_01-1317x1536.jpg 1317w, https:\/\/klienci.scepter.agency\/greston\/wp-content\/uploads\/2024\/09\/Origini_Ambiente727277299_close-up_01-1755x2048.jpg 1755w, https:\/\/klienci.scepter.agency\/greston\/wp-content\/uploads\/2024\/09\/Origini_Ambiente727277299_close-up_01-600x700.jpg 600w, https:\/\/klienci.scepter.agency\/greston\/wp-content\/uploads\/2024\/09\/Origini_Ambiente727277299_close-up_01.jpg 1920w\" sizes=\"auto, (max-width: 878px) 100vw, 878px\" \/><\/a><\/figure>\n\n\n\n<figure class=\"wp-block-image size-large\"><a href=\"https:\/\/klienci.scepter.agency\/greston\/wp-content\/uploads\/2024\/09\/OUTDOOR_G02_seaside_closeup2.jpg\"><img loading=\"lazy\" decoding=\"async\" width=\"853\" height=\"1024\" data-id=\"1081\" src=\"https:\/\/klienci.scepter.agency\/greston\/wp-content\/uploads\/2024\/09\/OUTDOOR_G02_seaside_closeup2-853x1024.jpg\" alt=\"\" class=\"wp-image-1081\" srcset=\"https:\/\/klienci.scepter.agency\/greston\/wp-content\/uploads\/2024\/09\/OUTDOOR_G02_seaside_closeup2-853x1024.jpg 853w, https:\/\/klienci.scepter.agency\/greston\/wp-content\/uploads\/2024\/09\/OUTDOOR_G02_seaside_closeup2-250x300.jpg 250w, https:\/\/klienci.scepter.agency\/greston\/wp-content\/uploads\/2024\/09\/OUTDOOR_G02_seaside_closeup2-768x922.jpg 768w, https:\/\/klienci.scepter.agency\/greston\/wp-content\/uploads\/2024\/09\/OUTDOOR_G02_seaside_closeup2-1280x1536.jpg 1280w, https:\/\/klienci.scepter.agency\/greston\/wp-content\/uploads\/2024\/09\/OUTDOOR_G02_seaside_closeup2-1707x2048.jpg 1707w, https:\/\/klienci.scepter.agency\/greston\/wp-content\/uploads\/2024\/09\/OUTDOOR_G02_seaside_closeup2-600x720.jpg 600w, https:\/\/klienci.scepter.agency\/greston\/wp-content\/uploads\/2024\/09\/OUTDOOR_G02_seaside_closeup2.jpg 1920w\" sizes=\"auto, (max-width: 853px) 100vw, 853px\" \/><\/a><\/figure>\n<\/figure>\n","protected":false},"excerpt":{"rendered":"<p>Gessi, za\u0142o\u017cona w 1992 roku, jest w\u0142oskim producentem armatury, kt\u00f3ry zdoby\u0142 mi\u0119dzynarodowe uznanie dzi\u0119ki innowacyjnemu podej\u015bciu do designu i doskona\u0142ej jako\u015bci produkt\u00f3w. Siedziba firmy znajduje si\u0119 w pobli\u017cu Mediolanu, w sercu w\u0142oskiego wzornictwa i rzemios\u0142a, gdzie Gessi \u0142\u0105czy elegancj\u0119 z nowoczesno\u015bci\u0105, tworz\u0105c rozwi\u0105zania, kt\u00f3re przekszta\u0142caj\u0105 przestrze\u0144 \u0142azienkow\u0105 w miejsce luksusu i relaksu. Gessi jest znane [&hellip;]<\/p>\n","protected":false},"author":1,"featured_media":1079,"parent":497,"menu_order":0,"comment_status":"closed","ping_status":"closed","template":"pages\/produkty-marki.php","meta":{"footnotes":""},"class_list":["post-531","page","type-page","status-publish","has-post-thumbnail","hentry"],"acf":[],"yoast_head":"<!-- This site is optimized with the Yoast SEO plugin v23.2 - https:\/\/yoast.com\/wordpress\/plugins\/seo\/ -->\n<title>Gessi - Salon \u0142azienek Warszawa, armatura, gresy i akcesoria - Greston<\/title>\n<meta name=\"robots\" content=\"noindex, follow, max-snippet:-1, max-image-preview:large, max-video-preview:-1\" \/>\n<meta property=\"og:locale\" content=\"pl_PL\" \/>\n<meta property=\"og:type\" content=\"article\" \/>\n<meta property=\"og:title\" content=\"Gessi - Salon \u0142azienek Warszawa, armatura, gresy i akcesoria - Greston\" \/>\n<meta property=\"og:description\" content=\"Gessi, za\u0142o\u017cona w 1992 roku, jest w\u0142oskim producentem armatury, kt\u00f3ry zdoby\u0142 mi\u0119dzynarodowe uznanie dzi\u0119ki innowacyjnemu podej\u015bciu do designu i doskona\u0142ej jako\u015bci produkt\u00f3w. Siedziba firmy znajduje si\u0119 w pobli\u017cu Mediolanu, w sercu w\u0142oskiego wzornictwa i rzemios\u0142a, gdzie Gessi \u0142\u0105czy elegancj\u0119 z nowoczesno\u015bci\u0105, tworz\u0105c rozwi\u0105zania, kt\u00f3re przekszta\u0142caj\u0105 przestrze\u0144 \u0142azienkow\u0105 w miejsce luksusu i relaksu. Gessi jest znane [&hellip;]\" \/>\n<meta property=\"og:url\" content=\"https:\/\/klienci.scepter.agency\/greston\/produkty\/lazienki\/wanny\/gessi\/\" \/>\n<meta property=\"og:site_name\" content=\"Salon \u0142azienek Warszawa, armatura, gresy i akcesoria - Greston\" \/>\n<meta property=\"article:modified_time\" content=\"2024-09-04T11:07:53+00:00\" \/>\n<meta property=\"og:image\" content=\"https:\/\/klienci.scepter.agency\/greston\/wp-content\/uploads\/2024\/09\/Origini_Ambiente726275845_close-up_03.jpg\" \/>\n\t<meta property=\"og:image:width\" content=\"1920\" \/>\n\t<meta property=\"og:image:height\" content=\"2240\" \/>\n\t<meta property=\"og:image:type\" content=\"image\/jpeg\" \/>\n<meta name=\"twitter:card\" content=\"summary_large_image\" \/>\n<meta name=\"twitter:label1\" content=\"Szacowany czas czytania\" \/>\n\t<meta name=\"twitter:data1\" content=\"3 minuty\" \/>\n<script type=\"application\/ld+json\" class=\"yoast-schema-graph\">{\"@context\":\"https:\/\/schema.org\",\"@graph\":[{\"@type\":\"WebPage\",\"@id\":\"https:\/\/klienci.scepter.agency\/greston\/produkty\/lazienki\/wanny\/gessi\/\",\"url\":\"https:\/\/klienci.scepter.agency\/greston\/produkty\/lazienki\/wanny\/gessi\/\",\"name\":\"Gessi - Salon \u0142azienek Warszawa, armatura, gresy i akcesoria - Greston\",\"isPartOf\":{\"@id\":\"https:\/\/klienci.scepter.agency\/greston\/#website\"},\"primaryImageOfPage\":{\"@id\":\"https:\/\/klienci.scepter.agency\/greston\/produkty\/lazienki\/wanny\/gessi\/#primaryimage\"},\"image\":{\"@id\":\"https:\/\/klienci.scepter.agency\/greston\/produkty\/lazienki\/wanny\/gessi\/#primaryimage\"},\"thumbnailUrl\":\"https:\/\/klienci.scepter.agency\/greston\/wp-content\/uploads\/2024\/09\/Origini_Ambiente726275845_close-up_03.jpg\",\"datePublished\":\"2024-08-13T20:56:20+00:00\",\"dateModified\":\"2024-09-04T11:07:53+00:00\",\"breadcrumb\":{\"@id\":\"https:\/\/klienci.scepter.agency\/greston\/produkty\/lazienki\/wanny\/gessi\/#breadcrumb\"},\"inLanguage\":\"pl-PL\",\"potentialAction\":[{\"@type\":\"ReadAction\",\"target\":[\"https:\/\/klienci.scepter.agency\/greston\/produkty\/lazienki\/wanny\/gessi\/\"]}]},{\"@type\":\"ImageObject\",\"inLanguage\":\"pl-PL\",\"@id\":\"https:\/\/klienci.scepter.agency\/greston\/produkty\/lazienki\/wanny\/gessi\/#primaryimage\",\"url\":\"https:\/\/klienci.scepter.agency\/greston\/wp-content\/uploads\/2024\/09\/Origini_Ambiente726275845_close-up_03.jpg\",\"contentUrl\":\"https:\/\/klienci.scepter.agency\/greston\/wp-content\/uploads\/2024\/09\/Origini_Ambiente726275845_close-up_03.jpg\",\"width\":1920,\"height\":2240},{\"@type\":\"BreadcrumbList\",\"@id\":\"https:\/\/klienci.scepter.agency\/greston\/produkty\/lazienki\/wanny\/gessi\/#breadcrumb\",\"itemListElement\":[{\"@type\":\"ListItem\",\"position\":1,\"name\":\"Strona g\u0142\u00f3wna\",\"item\":\"https:\/\/klienci.scepter.agency\/greston\/\"},{\"@type\":\"ListItem\",\"position\":2,\"name\":\"Produkty\",\"item\":\"https:\/\/klienci.scepter.agency\/greston\/produkty\/\"},{\"@type\":\"ListItem\",\"position\":3,\"name\":\"\u0141azienki\",\"item\":\"https:\/\/klienci.scepter.agency\/greston\/produkty\/lazienki\/\"},{\"@type\":\"ListItem\",\"position\":4,\"name\":\"Wanny\",\"item\":\"https:\/\/klienci.scepter.agency\/greston\/produkty\/lazienki\/wanny\/\"},{\"@type\":\"ListItem\",\"position\":5,\"name\":\"Gessi\"}]},{\"@type\":\"WebSite\",\"@id\":\"https:\/\/klienci.scepter.agency\/greston\/#website\",\"url\":\"https:\/\/klienci.scepter.agency\/greston\/\",\"name\":\"Salon \u0142azienek Warszawa, armatura, gresy i akcesoria - Greston\",\"description\":\"\",\"potentialAction\":[{\"@type\":\"SearchAction\",\"target\":{\"@type\":\"EntryPoint\",\"urlTemplate\":\"https:\/\/klienci.scepter.agency\/greston\/?s={search_term_string}\"},\"query-input\":\"required name=search_term_string\"}],\"inLanguage\":\"pl-PL\"}]}<\/script>\n<!-- \/ Yoast SEO plugin. -->","yoast_head_json":{"title":"Gessi - Salon \u0142azienek Warszawa, armatura, gresy i akcesoria - Greston","robots":{"index":"noindex","follow":"follow","max-snippet":"max-snippet:-1","max-image-preview":"max-image-preview:large","max-video-preview":"max-video-preview:-1"},"og_locale":"pl_PL","og_type":"article","og_title":"Gessi - Salon \u0142azienek Warszawa, armatura, gresy i akcesoria - Greston","og_description":"Gessi, za\u0142o\u017cona w 1992 roku, jest w\u0142oskim producentem armatury, kt\u00f3ry zdoby\u0142 mi\u0119dzynarodowe uznanie dzi\u0119ki innowacyjnemu podej\u015bciu do designu i doskona\u0142ej jako\u015bci produkt\u00f3w. Siedziba firmy znajduje si\u0119 w pobli\u017cu Mediolanu, w sercu w\u0142oskiego wzornictwa i rzemios\u0142a, gdzie Gessi \u0142\u0105czy elegancj\u0119 z nowoczesno\u015bci\u0105, tworz\u0105c rozwi\u0105zania, kt\u00f3re przekszta\u0142caj\u0105 przestrze\u0144 \u0142azienkow\u0105 w miejsce luksusu i relaksu. Gessi jest znane [&hellip;]","og_url":"https:\/\/klienci.scepter.agency\/greston\/produkty\/lazienki\/wanny\/gessi\/","og_site_name":"Salon \u0142azienek Warszawa, armatura, gresy i akcesoria - Greston","article_modified_time":"2024-09-04T11:07:53+00:00","og_image":[{"width":1920,"height":2240,"url":"https:\/\/klienci.scepter.agency\/greston\/wp-content\/uploads\/2024\/09\/Origini_Ambiente726275845_close-up_03.jpg","type":"image\/jpeg"}],"twitter_card":"summary_large_image","twitter_misc":{"Szacowany czas czytania":"3 minuty"},"schema":{"@context":"https:\/\/schema.org","@graph":[{"@type":"WebPage","@id":"https:\/\/klienci.scepter.agency\/greston\/produkty\/lazienki\/wanny\/gessi\/","url":"https:\/\/klienci.scepter.agency\/greston\/produkty\/lazienki\/wanny\/gessi\/","name":"Gessi - Salon \u0142azienek Warszawa, armatura, gresy i akcesoria - Greston","isPartOf":{"@id":"https:\/\/klienci.scepter.agency\/greston\/#website"},"primaryImageOfPage":{"@id":"https:\/\/klienci.scepter.agency\/greston\/produkty\/lazienki\/wanny\/gessi\/#primaryimage"},"image":{"@id":"https:\/\/klienci.scepter.agency\/greston\/produkty\/lazienki\/wanny\/gessi\/#primaryimage"},"thumbnailUrl":"https:\/\/klienci.scepter.agency\/greston\/wp-content\/uploads\/2024\/09\/Origini_Ambiente726275845_close-up_03.jpg","datePublished":"2024-08-13T20:56:20+00:00","dateModified":"2024-09-04T11:07:53+00:00","breadcrumb":{"@id":"https:\/\/klienci.scepter.agency\/greston\/produkty\/lazienki\/wanny\/gessi\/#breadcrumb"},"inLanguage":"pl-PL","potentialAction":[{"@type":"ReadAction","target":["https:\/\/klienci.scepter.agency\/greston\/produkty\/lazienki\/wanny\/gessi\/"]}]},{"@type":"ImageObject","inLanguage":"pl-PL","@id":"https:\/\/klienci.scepter.agency\/greston\/produkty\/lazienki\/wanny\/gessi\/#primaryimage","url":"https:\/\/klienci.scepter.agency\/greston\/wp-content\/uploads\/2024\/09\/Origini_Ambiente726275845_close-up_03.jpg","contentUrl":"https:\/\/klienci.scepter.agency\/greston\/wp-content\/uploads\/2024\/09\/Origini_Ambiente726275845_close-up_03.jpg","width":1920,"height":2240},{"@type":"BreadcrumbList","@id":"https:\/\/klienci.scepter.agency\/greston\/produkty\/lazienki\/wanny\/gessi\/#breadcrumb","itemListElement":[{"@type":"ListItem","position":1,"name":"Strona g\u0142\u00f3wna","item":"https:\/\/klienci.scepter.agency\/greston\/"},{"@type":"ListItem","position":2,"name":"Produkty","item":"https:\/\/klienci.scepter.agency\/greston\/produkty\/"},{"@type":"ListItem","position":3,"name":"\u0141azienki","item":"https:\/\/klienci.scepter.agency\/greston\/produkty\/lazienki\/"},{"@type":"ListItem","position":4,"name":"Wanny","item":"https:\/\/klienci.scepter.agency\/greston\/produkty\/lazienki\/wanny\/"},{"@type":"ListItem","position":5,"name":"Gessi"}]},{"@type":"WebSite","@id":"https:\/\/klienci.scepter.agency\/greston\/#website","url":"https:\/\/klienci.scepter.agency\/greston\/","name":"Salon \u0142azienek Warszawa, armatura, gresy i akcesoria - Greston","description":"","potentialAction":[{"@type":"SearchAction","target":{"@type":"EntryPoint","urlTemplate":"https:\/\/klienci.scepter.agency\/greston\/?s={search_term_string}"},"query-input":"required name=search_term_string"}],"inLanguage":"pl-PL"}]}},"_links":{"self":[{"href":"https:\/\/klienci.scepter.agency\/greston\/wp-json\/wp\/v2\/pages\/531","targetHints":{"allow":["GET"]}}],"collection":[{"href":"https:\/\/klienci.scepter.agency\/greston\/wp-json\/wp\/v2\/pages"}],"about":[{"href":"https:\/\/klienci.scepter.agency\/greston\/wp-json\/wp\/v2\/types\/page"}],"author":[{"embeddable":true,"href":"https:\/\/klienci.scepter.agency\/greston\/wp-json\/wp\/v2\/users\/1"}],"replies":[{"embeddable":true,"href":"https:\/\/klienci.scepter.agency\/greston\/wp-json\/wp\/v2\/comments?post=531"}],"version-history":[{"count":3,"href":"https:\/\/klienci.scepter.agency\/greston\/wp-json\/wp\/v2\/pages\/531\/revisions"}],"predecessor-version":[{"id":532,"href":"https:\/\/klienci.scepter.agency\/greston\/wp-json\/wp\/v2\/pages\/531\/revisions\/532"}],"up":[{"embeddable":true,"href":"https:\/\/klienci.scepter.agency\/greston\/wp-json\/wp\/v2\/pages\/497"}],"wp:featuredmedia":[{"embeddable":true,"href":"https:\/\/klienci.scepter.agency\/greston\/wp-json\/wp\/v2\/media\/1079"}],"wp:attachment":[{"href":"https:\/\/klienci.scepter.agency\/greston\/wp-json\/wp\/v2\/media?parent=531"}],"curies":[{"name":"wp","href":"https:\/\/api.w.org\/{rel}","templated":true}]}}