{"id":534,"date":"2024-08-13T22:56:47","date_gmt":"2024-08-13T20:56:47","guid":{"rendered":"https:\/\/klienci.scepter.agency\/greston\/?page_id=534"},"modified":"2024-10-11T13:58:32","modified_gmt":"2024-10-11T11:58:32","slug":"rak-ceramics","status":"publish","type":"page","link":"https:\/\/klienci.scepter.agency\/greston\/produkty\/lazienki\/wanny\/rak-ceramics\/","title":{"rendered":"Rak Ceramics"},"content":{"rendered":"\n<p><strong>RAK Ceramics<\/strong> to globalny lider w produkcji ceramiki \u0142azienkowej, kt\u00f3ry od ponad 30 lat dostarcza produkty najwy\u017cszej jako\u015bci do wn\u0119trz na ca\u0142ym \u015bwiecie. Firma, z siedzib\u0105 w Zjednoczonych Emiratach Arabskich, jest jednym z najwi\u0119kszych producent\u00f3w ceramiki na rynku mi\u0119dzynarodowym, oferuj\u0105c szeroki wyb\u00f3r p\u0142ytek ceramicznych, ceramiki sanitarnej oraz akcesori\u00f3w \u0142azienkowych. RAK Ceramics \u0142\u0105czy nowoczesne technologie z eleganckim wzornictwem, tworz\u0105c produkty, kt\u00f3re spe\u0142niaj\u0105 oczekiwania zar\u00f3wno klient\u00f3w indywidualnych, jak i profesjonalist\u00f3w z bran\u017cy architektonicznej.<\/p>\n\n\n\n<p><strong>Oferta RAK Ceramics<\/strong> obejmuje:<\/p>\n\n\n\n<ul class=\"wp-block-list\">\n<li><strong>Ceramik\u0119 \u0142azienkow\u0105<\/strong> \u2013 szeroki wyb\u00f3r umywalek, misek WC, bidet\u00f3w oraz innych element\u00f3w ceramiki sanitarnej, kt\u00f3re wyr\u00f3\u017cniaj\u0105 si\u0119 nowoczesnym, a zarazem ponadczasowym wzornictwem.<\/li>\n\n\n\n<li><strong>Wanny i kabiny prysznicowe<\/strong> \u2013 produkty zapewniaj\u0105ce komfort i funkcjonalno\u015b\u0107, kt\u00f3re idealnie wpisuj\u0105 si\u0119 zar\u00f3wno w klasyczne, jak i nowoczesne aran\u017cacje.<\/li>\n\n\n\n<li><strong>Meble i akcesoria \u0142azienkowe<\/strong> \u2013 stylowe rozwi\u0105zania, kt\u00f3re dope\u0142niaj\u0105 ca\u0142o\u015bci aran\u017cacji \u0142azienkowej, oferuj\u0105c zar\u00f3wno estetyk\u0119, jak i praktyczno\u015b\u0107.<\/li>\n<\/ul>\n\n\n\n<p><strong>RAK Ceramics<\/strong> s\u0142ynie z wyj\u0105tkowej jako\u015bci swoich produkt\u00f3w, kt\u00f3re powstaj\u0105 dzi\u0119ki wykorzystaniu nowoczesnych technologii, takich jak druk cyfrowy HD, umo\u017cliwiaj\u0105cy realistyczne odwzorowanie tekstur, czy zr\u00f3wnowa\u017cone procesy produkcyjne, zmniejszaj\u0105ce wp\u0142yw na \u015brodowisko. Firma anga\u017cuje si\u0119 w innowacje, oferuj\u0105c rozwi\u0105zania poprawiaj\u0105ce komfort u\u017cytkowania, takie jak <strong>systemy rimless<\/strong> (bezko\u0142nierzowe miski WC) oraz technologie zmniejszaj\u0105ce zu\u017cycie wody.<\/p>\n\n\n\n<p><\/p>\n\n\n\n<div class=\"wp-block-buttons is-layout-flex wp-block-buttons-is-layout-flex\">\n<div class=\"wp-block-button\"><a class=\"wp-block-button__link wp-element-button\" href=\"https:\/\/raceronline.pl\/\" target=\"_blank\" rel=\"noreferrer noopener\">Zobacz stron\u0119 producenta<\/a><\/div>\n<\/div>\n\n\n\n<p><\/p>\n\n\n\n<figure class=\"wp-block-gallery has-nested-images columns-default is-cropped wp-block-gallery-1 is-layout-flex wp-block-gallery-is-layout-flex\">\n<figure class=\"wp-block-image size-large\"><a href=\"https:\/\/klienci.scepter.agency\/greston\/wp-content\/uploads\/2024\/10\/wyrozniajace-1.jpg\"><img loading=\"lazy\" decoding=\"async\" width=\"1024\" height=\"496\" data-id=\"1399\" src=\"https:\/\/klienci.scepter.agency\/greston\/wp-content\/uploads\/2024\/10\/wyrozniajace-1-1024x496.jpg\" alt=\"\" class=\"wp-image-1399\" srcset=\"https:\/\/klienci.scepter.agency\/greston\/wp-content\/uploads\/2024\/10\/wyrozniajace-1-1024x496.jpg 1024w, https:\/\/klienci.scepter.agency\/greston\/wp-content\/uploads\/2024\/10\/wyrozniajace-1-300x145.jpg 300w, https:\/\/klienci.scepter.agency\/greston\/wp-content\/uploads\/2024\/10\/wyrozniajace-1-768x372.jpg 768w, https:\/\/klienci.scepter.agency\/greston\/wp-content\/uploads\/2024\/10\/wyrozniajace-1-1536x744.jpg 1536w, https:\/\/klienci.scepter.agency\/greston\/wp-content\/uploads\/2024\/10\/wyrozniajace-1-600x291.jpg 600w, https:\/\/klienci.scepter.agency\/greston\/wp-content\/uploads\/2024\/10\/wyrozniajace-1.jpg 1600w\" sizes=\"auto, (max-width: 1024px) 100vw, 1024px\" \/><\/a><\/figure>\n\n\n\n<figure class=\"wp-block-image size-large\"><a href=\"https:\/\/klienci.scepter.agency\/greston\/wp-content\/uploads\/2024\/10\/244d3cd26d21fc9996011d705af765caa5a6c2da-crop-c0-5__0-5-1600x775-70.jpg\"><img loading=\"lazy\" decoding=\"async\" width=\"1024\" height=\"496\" data-id=\"1389\" src=\"https:\/\/klienci.scepter.agency\/greston\/wp-content\/uploads\/2024\/10\/244d3cd26d21fc9996011d705af765caa5a6c2da-crop-c0-5__0-5-1600x775-70-1024x496.jpg\" alt=\"\" class=\"wp-image-1389\" srcset=\"https:\/\/klienci.scepter.agency\/greston\/wp-content\/uploads\/2024\/10\/244d3cd26d21fc9996011d705af765caa5a6c2da-crop-c0-5__0-5-1600x775-70-1024x496.jpg 1024w, https:\/\/klienci.scepter.agency\/greston\/wp-content\/uploads\/2024\/10\/244d3cd26d21fc9996011d705af765caa5a6c2da-crop-c0-5__0-5-1600x775-70-300x145.jpg 300w, https:\/\/klienci.scepter.agency\/greston\/wp-content\/uploads\/2024\/10\/244d3cd26d21fc9996011d705af765caa5a6c2da-crop-c0-5__0-5-1600x775-70-768x372.jpg 768w, https:\/\/klienci.scepter.agency\/greston\/wp-content\/uploads\/2024\/10\/244d3cd26d21fc9996011d705af765caa5a6c2da-crop-c0-5__0-5-1600x775-70-1536x744.jpg 1536w, https:\/\/klienci.scepter.agency\/greston\/wp-content\/uploads\/2024\/10\/244d3cd26d21fc9996011d705af765caa5a6c2da-crop-c0-5__0-5-1600x775-70-600x291.jpg 600w, https:\/\/klienci.scepter.agency\/greston\/wp-content\/uploads\/2024\/10\/244d3cd26d21fc9996011d705af765caa5a6c2da-crop-c0-5__0-5-1600x775-70.jpg 1600w\" sizes=\"auto, (max-width: 1024px) 100vw, 1024px\" \/><\/a><\/figure>\n\n\n\n<figure class=\"wp-block-image size-large\"><a href=\"https:\/\/klienci.scepter.agency\/greston\/wp-content\/uploads\/2024\/10\/38def30ab1d34c97dc5b5f6272fc17eb4e1f3cb1-crop-c0-5__0-5-500x500-70.jpg\"><img loading=\"lazy\" decoding=\"async\" width=\"500\" height=\"500\" data-id=\"1388\" src=\"https:\/\/klienci.scepter.agency\/greston\/wp-content\/uploads\/2024\/10\/38def30ab1d34c97dc5b5f6272fc17eb4e1f3cb1-crop-c0-5__0-5-500x500-70.jpg\" alt=\"\" class=\"wp-image-1388\" srcset=\"https:\/\/klienci.scepter.agency\/greston\/wp-content\/uploads\/2024\/10\/38def30ab1d34c97dc5b5f6272fc17eb4e1f3cb1-crop-c0-5__0-5-500x500-70.jpg 500w, https:\/\/klienci.scepter.agency\/greston\/wp-content\/uploads\/2024\/10\/38def30ab1d34c97dc5b5f6272fc17eb4e1f3cb1-crop-c0-5__0-5-500x500-70-300x300.jpg 300w, https:\/\/klienci.scepter.agency\/greston\/wp-content\/uploads\/2024\/10\/38def30ab1d34c97dc5b5f6272fc17eb4e1f3cb1-crop-c0-5__0-5-500x500-70-150x150.jpg 150w, https:\/\/klienci.scepter.agency\/greston\/wp-content\/uploads\/2024\/10\/38def30ab1d34c97dc5b5f6272fc17eb4e1f3cb1-crop-c0-5__0-5-500x500-70-100x100.jpg 100w\" sizes=\"auto, (max-width: 500px) 100vw, 500px\" \/><\/a><\/figure>\n\n\n\n<figure class=\"wp-block-image size-large\"><a href=\"https:\/\/klienci.scepter.agency\/greston\/wp-content\/uploads\/2024\/10\/skingallery1.jpg\"><img loading=\"lazy\" decoding=\"async\" width=\"616\" height=\"786\" data-id=\"1398\" src=\"https:\/\/klienci.scepter.agency\/greston\/wp-content\/uploads\/2024\/10\/skingallery1.jpg\" alt=\"\" class=\"wp-image-1398\" srcset=\"https:\/\/klienci.scepter.agency\/greston\/wp-content\/uploads\/2024\/10\/skingallery1.jpg 616w, https:\/\/klienci.scepter.agency\/greston\/wp-content\/uploads\/2024\/10\/skingallery1-235x300.jpg 235w, https:\/\/klienci.scepter.agency\/greston\/wp-content\/uploads\/2024\/10\/skingallery1-600x766.jpg 600w\" sizes=\"auto, (max-width: 616px) 100vw, 616px\" \/><\/a><\/figure>\n\n\n\n<figure class=\"wp-block-image size-large\"><a href=\"https:\/\/klienci.scepter.agency\/greston\/wp-content\/uploads\/2024\/10\/generated_washington_amb_2.jpg.450x550_q80_crop-upscale.jpg\"><img loading=\"lazy\" decoding=\"async\" width=\"450\" height=\"550\" data-id=\"1396\" src=\"https:\/\/klienci.scepter.agency\/greston\/wp-content\/uploads\/2024\/10\/generated_washington_amb_2.jpg.450x550_q80_crop-upscale.jpg\" alt=\"\" class=\"wp-image-1396\" srcset=\"https:\/\/klienci.scepter.agency\/greston\/wp-content\/uploads\/2024\/10\/generated_washington_amb_2.jpg.450x550_q80_crop-upscale.jpg 450w, https:\/\/klienci.scepter.agency\/greston\/wp-content\/uploads\/2024\/10\/generated_washington_amb_2.jpg.450x550_q80_crop-upscale-245x300.jpg 245w\" sizes=\"auto, (max-width: 450px) 100vw, 450px\" \/><\/a><\/figure>\n\n\n\n<figure class=\"wp-block-image size-large\"><a href=\"https:\/\/klienci.scepter.agency\/greston\/wp-content\/uploads\/2024\/10\/generated_washington_amb_3.jpg.450x550_q80_crop-upscale.jpg\"><img loading=\"lazy\" decoding=\"async\" width=\"450\" height=\"550\" data-id=\"1397\" src=\"https:\/\/klienci.scepter.agency\/greston\/wp-content\/uploads\/2024\/10\/generated_washington_amb_3.jpg.450x550_q80_crop-upscale.jpg\" alt=\"\" class=\"wp-image-1397\" srcset=\"https:\/\/klienci.scepter.agency\/greston\/wp-content\/uploads\/2024\/10\/generated_washington_amb_3.jpg.450x550_q80_crop-upscale.jpg 450w, https:\/\/klienci.scepter.agency\/greston\/wp-content\/uploads\/2024\/10\/generated_washington_amb_3.jpg.450x550_q80_crop-upscale-245x300.jpg 245w\" sizes=\"auto, (max-width: 450px) 100vw, 450px\" \/><\/a><\/figure>\n\n\n\n<figure class=\"wp-block-image size-large\"><a href=\"https:\/\/klienci.scepter.agency\/greston\/wp-content\/uploads\/2024\/10\/generated_washington_amb.jpg.450x550_q80_crop-upscale.jpg\"><img loading=\"lazy\" decoding=\"async\" width=\"450\" height=\"550\" data-id=\"1394\" src=\"https:\/\/klienci.scepter.agency\/greston\/wp-content\/uploads\/2024\/10\/generated_washington_amb.jpg.450x550_q80_crop-upscale.jpg\" alt=\"\" class=\"wp-image-1394\" srcset=\"https:\/\/klienci.scepter.agency\/greston\/wp-content\/uploads\/2024\/10\/generated_washington_amb.jpg.450x550_q80_crop-upscale.jpg 450w, https:\/\/klienci.scepter.agency\/greston\/wp-content\/uploads\/2024\/10\/generated_washington_amb.jpg.450x550_q80_crop-upscale-245x300.jpg 245w\" sizes=\"auto, (max-width: 450px) 100vw, 450px\" \/><\/a><\/figure>\n\n\n\n<figure class=\"wp-block-image size-large\"><a href=\"https:\/\/klienci.scepter.agency\/greston\/wp-content\/uploads\/2024\/10\/generated_washington_amb_1.jpg.450x550_q80_crop-upscale.jpg\"><img loading=\"lazy\" decoding=\"async\" width=\"450\" height=\"550\" data-id=\"1395\" src=\"https:\/\/klienci.scepter.agency\/greston\/wp-content\/uploads\/2024\/10\/generated_washington_amb_1.jpg.450x550_q80_crop-upscale.jpg\" alt=\"\" class=\"wp-image-1395\" srcset=\"https:\/\/klienci.scepter.agency\/greston\/wp-content\/uploads\/2024\/10\/generated_washington_amb_1.jpg.450x550_q80_crop-upscale.jpg 450w, https:\/\/klienci.scepter.agency\/greston\/wp-content\/uploads\/2024\/10\/generated_washington_amb_1.jpg.450x550_q80_crop-upscale-245x300.jpg 245w\" sizes=\"auto, (max-width: 450px) 100vw, 450px\" \/><\/a><\/figure>\n\n\n\n<figure class=\"wp-block-image size-large\"><a href=\"https:\/\/klienci.scepter.agency\/greston\/wp-content\/uploads\/2024\/10\/fe3870be60917c3c4a9aeba3a1e6c148b300ac7a-crop-c0-5__0-5-1600x775-70.jpg\"><img loading=\"lazy\" decoding=\"async\" width=\"1024\" height=\"496\" data-id=\"1393\" src=\"https:\/\/klienci.scepter.agency\/greston\/wp-content\/uploads\/2024\/10\/fe3870be60917c3c4a9aeba3a1e6c148b300ac7a-crop-c0-5__0-5-1600x775-70-1024x496.jpg\" alt=\"\" class=\"wp-image-1393\" srcset=\"https:\/\/klienci.scepter.agency\/greston\/wp-content\/uploads\/2024\/10\/fe3870be60917c3c4a9aeba3a1e6c148b300ac7a-crop-c0-5__0-5-1600x775-70-1024x496.jpg 1024w, https:\/\/klienci.scepter.agency\/greston\/wp-content\/uploads\/2024\/10\/fe3870be60917c3c4a9aeba3a1e6c148b300ac7a-crop-c0-5__0-5-1600x775-70-300x145.jpg 300w, https:\/\/klienci.scepter.agency\/greston\/wp-content\/uploads\/2024\/10\/fe3870be60917c3c4a9aeba3a1e6c148b300ac7a-crop-c0-5__0-5-1600x775-70-768x372.jpg 768w, https:\/\/klienci.scepter.agency\/greston\/wp-content\/uploads\/2024\/10\/fe3870be60917c3c4a9aeba3a1e6c148b300ac7a-crop-c0-5__0-5-1600x775-70-1536x744.jpg 1536w, https:\/\/klienci.scepter.agency\/greston\/wp-content\/uploads\/2024\/10\/fe3870be60917c3c4a9aeba3a1e6c148b300ac7a-crop-c0-5__0-5-1600x775-70-600x291.jpg 600w, https:\/\/klienci.scepter.agency\/greston\/wp-content\/uploads\/2024\/10\/fe3870be60917c3c4a9aeba3a1e6c148b300ac7a-crop-c0-5__0-5-1600x775-70.jpg 1600w\" sizes=\"auto, (max-width: 1024px) 100vw, 1024px\" \/><\/a><\/figure>\n\n\n\n<figure class=\"wp-block-image size-large\"><a href=\"https:\/\/klienci.scepter.agency\/greston\/wp-content\/uploads\/2024\/10\/ddea3a433a596e5bece665ade6fa20a8b22df8d3-crop-c0-5__0-5-1600x775-70.jpg\"><img loading=\"lazy\" decoding=\"async\" width=\"1024\" height=\"496\" data-id=\"1392\" src=\"https:\/\/klienci.scepter.agency\/greston\/wp-content\/uploads\/2024\/10\/ddea3a433a596e5bece665ade6fa20a8b22df8d3-crop-c0-5__0-5-1600x775-70-1024x496.jpg\" alt=\"\" class=\"wp-image-1392\" srcset=\"https:\/\/klienci.scepter.agency\/greston\/wp-content\/uploads\/2024\/10\/ddea3a433a596e5bece665ade6fa20a8b22df8d3-crop-c0-5__0-5-1600x775-70-1024x496.jpg 1024w, https:\/\/klienci.scepter.agency\/greston\/wp-content\/uploads\/2024\/10\/ddea3a433a596e5bece665ade6fa20a8b22df8d3-crop-c0-5__0-5-1600x775-70-300x145.jpg 300w, https:\/\/klienci.scepter.agency\/greston\/wp-content\/uploads\/2024\/10\/ddea3a433a596e5bece665ade6fa20a8b22df8d3-crop-c0-5__0-5-1600x775-70-768x372.jpg 768w, https:\/\/klienci.scepter.agency\/greston\/wp-content\/uploads\/2024\/10\/ddea3a433a596e5bece665ade6fa20a8b22df8d3-crop-c0-5__0-5-1600x775-70-1536x744.jpg 1536w, https:\/\/klienci.scepter.agency\/greston\/wp-content\/uploads\/2024\/10\/ddea3a433a596e5bece665ade6fa20a8b22df8d3-crop-c0-5__0-5-1600x775-70-600x291.jpg 600w, https:\/\/klienci.scepter.agency\/greston\/wp-content\/uploads\/2024\/10\/ddea3a433a596e5bece665ade6fa20a8b22df8d3-crop-c0-5__0-5-1600x775-70.jpg 1600w\" sizes=\"auto, (max-width: 1024px) 100vw, 1024px\" \/><\/a><\/figure>\n\n\n\n<figure class=\"wp-block-image size-large\"><a href=\"https:\/\/klienci.scepter.agency\/greston\/wp-content\/uploads\/2024\/10\/cloud-c.jpg\"><img loading=\"lazy\" decoding=\"async\" width=\"414\" height=\"482\" data-id=\"1391\" src=\"https:\/\/klienci.scepter.agency\/greston\/wp-content\/uploads\/2024\/10\/cloud-c.jpg\" alt=\"\" class=\"wp-image-1391\" srcset=\"https:\/\/klienci.scepter.agency\/greston\/wp-content\/uploads\/2024\/10\/cloud-c.jpg 414w, https:\/\/klienci.scepter.agency\/greston\/wp-content\/uploads\/2024\/10\/cloud-c-258x300.jpg 258w\" sizes=\"auto, (max-width: 414px) 100vw, 414px\" \/><\/a><\/figure>\n\n\n\n<figure class=\"wp-block-image size-large\"><a href=\"https:\/\/klienci.scepter.agency\/greston\/wp-content\/uploads\/2024\/10\/black.jpg\"><img loading=\"lazy\" decoding=\"async\" width=\"576\" height=\"482\" data-id=\"1390\" src=\"https:\/\/klienci.scepter.agency\/greston\/wp-content\/uploads\/2024\/10\/black.jpg\" alt=\"\" class=\"wp-image-1390\" srcset=\"https:\/\/klienci.scepter.agency\/greston\/wp-content\/uploads\/2024\/10\/black.jpg 576w, https:\/\/klienci.scepter.agency\/greston\/wp-content\/uploads\/2024\/10\/black-300x251.jpg 300w\" sizes=\"auto, (max-width: 576px) 100vw, 576px\" \/><\/a><\/figure>\n<\/figure>\n","protected":false},"excerpt":{"rendered":"<p>RAK Ceramics to globalny lider w produkcji ceramiki \u0142azienkowej, kt\u00f3ry od ponad 30 lat dostarcza produkty najwy\u017cszej jako\u015bci do wn\u0119trz na ca\u0142ym \u015bwiecie. Firma, z siedzib\u0105 w Zjednoczonych Emiratach Arabskich, jest jednym z najwi\u0119kszych producent\u00f3w ceramiki na rynku mi\u0119dzynarodowym, oferuj\u0105c szeroki wyb\u00f3r p\u0142ytek ceramicznych, ceramiki sanitarnej oraz akcesori\u00f3w \u0142azienkowych. RAK Ceramics \u0142\u0105czy nowoczesne technologie z [&hellip;]<\/p>\n","protected":false},"author":1,"featured_media":1394,"parent":497,"menu_order":0,"comment_status":"closed","ping_status":"closed","template":"pages\/produkty-marki.php","meta":{"footnotes":""},"class_list":["post-534","page","type-page","status-publish","has-post-thumbnail","hentry"],"acf":[],"yoast_head":"<!-- This site is optimized with the Yoast SEO plugin v23.2 - https:\/\/yoast.com\/wordpress\/plugins\/seo\/ -->\n<title>Rak Ceramics - Salon \u0142azienek Warszawa, armatura, gresy i akcesoria - Greston<\/title>\n<meta name=\"robots\" content=\"noindex, follow, max-snippet:-1, max-image-preview:large, max-video-preview:-1\" \/>\n<meta property=\"og:locale\" content=\"pl_PL\" \/>\n<meta property=\"og:type\" content=\"article\" \/>\n<meta property=\"og:title\" content=\"Rak Ceramics - Salon \u0142azienek Warszawa, armatura, gresy i akcesoria - Greston\" \/>\n<meta property=\"og:description\" content=\"RAK Ceramics to globalny lider w produkcji ceramiki \u0142azienkowej, kt\u00f3ry od ponad 30 lat dostarcza produkty najwy\u017cszej jako\u015bci do wn\u0119trz na ca\u0142ym \u015bwiecie. Firma, z siedzib\u0105 w Zjednoczonych Emiratach Arabskich, jest jednym z najwi\u0119kszych producent\u00f3w ceramiki na rynku mi\u0119dzynarodowym, oferuj\u0105c szeroki wyb\u00f3r p\u0142ytek ceramicznych, ceramiki sanitarnej oraz akcesori\u00f3w \u0142azienkowych. RAK Ceramics \u0142\u0105czy nowoczesne technologie z [&hellip;]\" \/>\n<meta property=\"og:url\" content=\"https:\/\/klienci.scepter.agency\/greston\/produkty\/lazienki\/wanny\/rak-ceramics\/\" \/>\n<meta property=\"og:site_name\" content=\"Salon \u0142azienek Warszawa, armatura, gresy i akcesoria - Greston\" \/>\n<meta property=\"article:modified_time\" content=\"2024-10-11T11:58:32+00:00\" \/>\n<meta property=\"og:image\" content=\"https:\/\/klienci.scepter.agency\/greston\/wp-content\/uploads\/2024\/10\/generated_washington_amb.jpg.450x550_q80_crop-upscale.jpg\" \/>\n\t<meta property=\"og:image:width\" content=\"450\" \/>\n\t<meta property=\"og:image:height\" content=\"550\" \/>\n\t<meta property=\"og:image:type\" content=\"image\/jpeg\" \/>\n<meta name=\"twitter:card\" content=\"summary_large_image\" \/>\n<meta name=\"twitter:label1\" content=\"Szacowany czas czytania\" \/>\n\t<meta name=\"twitter:data1\" content=\"4 minuty\" \/>\n<script type=\"application\/ld+json\" class=\"yoast-schema-graph\">{\"@context\":\"https:\/\/schema.org\",\"@graph\":[{\"@type\":\"WebPage\",\"@id\":\"https:\/\/klienci.scepter.agency\/greston\/produkty\/lazienki\/wanny\/rak-ceramics\/\",\"url\":\"https:\/\/klienci.scepter.agency\/greston\/produkty\/lazienki\/wanny\/rak-ceramics\/\",\"name\":\"Rak Ceramics - Salon \u0142azienek Warszawa, armatura, gresy i akcesoria - Greston\",\"isPartOf\":{\"@id\":\"https:\/\/klienci.scepter.agency\/greston\/#website\"},\"primaryImageOfPage\":{\"@id\":\"https:\/\/klienci.scepter.agency\/greston\/produkty\/lazienki\/wanny\/rak-ceramics\/#primaryimage\"},\"image\":{\"@id\":\"https:\/\/klienci.scepter.agency\/greston\/produkty\/lazienki\/wanny\/rak-ceramics\/#primaryimage\"},\"thumbnailUrl\":\"https:\/\/klienci.scepter.agency\/greston\/wp-content\/uploads\/2024\/10\/generated_washington_amb.jpg.450x550_q80_crop-upscale.jpg\",\"datePublished\":\"2024-08-13T20:56:47+00:00\",\"dateModified\":\"2024-10-11T11:58:32+00:00\",\"breadcrumb\":{\"@id\":\"https:\/\/klienci.scepter.agency\/greston\/produkty\/lazienki\/wanny\/rak-ceramics\/#breadcrumb\"},\"inLanguage\":\"pl-PL\",\"potentialAction\":[{\"@type\":\"ReadAction\",\"target\":[\"https:\/\/klienci.scepter.agency\/greston\/produkty\/lazienki\/wanny\/rak-ceramics\/\"]}]},{\"@type\":\"ImageObject\",\"inLanguage\":\"pl-PL\",\"@id\":\"https:\/\/klienci.scepter.agency\/greston\/produkty\/lazienki\/wanny\/rak-ceramics\/#primaryimage\",\"url\":\"https:\/\/klienci.scepter.agency\/greston\/wp-content\/uploads\/2024\/10\/generated_washington_amb.jpg.450x550_q80_crop-upscale.jpg\",\"contentUrl\":\"https:\/\/klienci.scepter.agency\/greston\/wp-content\/uploads\/2024\/10\/generated_washington_amb.jpg.450x550_q80_crop-upscale.jpg\",\"width\":450,\"height\":550},{\"@type\":\"BreadcrumbList\",\"@id\":\"https:\/\/klienci.scepter.agency\/greston\/produkty\/lazienki\/wanny\/rak-ceramics\/#breadcrumb\",\"itemListElement\":[{\"@type\":\"ListItem\",\"position\":1,\"name\":\"Strona g\u0142\u00f3wna\",\"item\":\"https:\/\/klienci.scepter.agency\/greston\/\"},{\"@type\":\"ListItem\",\"position\":2,\"name\":\"Produkty\",\"item\":\"https:\/\/klienci.scepter.agency\/greston\/produkty\/\"},{\"@type\":\"ListItem\",\"position\":3,\"name\":\"\u0141azienki\",\"item\":\"https:\/\/klienci.scepter.agency\/greston\/produkty\/lazienki\/\"},{\"@type\":\"ListItem\",\"position\":4,\"name\":\"Wanny\",\"item\":\"https:\/\/klienci.scepter.agency\/greston\/produkty\/lazienki\/wanny\/\"},{\"@type\":\"ListItem\",\"position\":5,\"name\":\"Rak Ceramics\"}]},{\"@type\":\"WebSite\",\"@id\":\"https:\/\/klienci.scepter.agency\/greston\/#website\",\"url\":\"https:\/\/klienci.scepter.agency\/greston\/\",\"name\":\"Salon \u0142azienek Warszawa, armatura, gresy i akcesoria - Greston\",\"description\":\"\",\"potentialAction\":[{\"@type\":\"SearchAction\",\"target\":{\"@type\":\"EntryPoint\",\"urlTemplate\":\"https:\/\/klienci.scepter.agency\/greston\/?s={search_term_string}\"},\"query-input\":\"required name=search_term_string\"}],\"inLanguage\":\"pl-PL\"}]}<\/script>\n<!-- \/ Yoast SEO plugin. -->","yoast_head_json":{"title":"Rak Ceramics - Salon \u0142azienek Warszawa, armatura, gresy i akcesoria - Greston","robots":{"index":"noindex","follow":"follow","max-snippet":"max-snippet:-1","max-image-preview":"max-image-preview:large","max-video-preview":"max-video-preview:-1"},"og_locale":"pl_PL","og_type":"article","og_title":"Rak Ceramics - Salon \u0142azienek Warszawa, armatura, gresy i akcesoria - Greston","og_description":"RAK Ceramics to globalny lider w produkcji ceramiki \u0142azienkowej, kt\u00f3ry od ponad 30 lat dostarcza produkty najwy\u017cszej jako\u015bci do wn\u0119trz na ca\u0142ym \u015bwiecie. Firma, z siedzib\u0105 w Zjednoczonych Emiratach Arabskich, jest jednym z najwi\u0119kszych producent\u00f3w ceramiki na rynku mi\u0119dzynarodowym, oferuj\u0105c szeroki wyb\u00f3r p\u0142ytek ceramicznych, ceramiki sanitarnej oraz akcesori\u00f3w \u0142azienkowych. RAK Ceramics \u0142\u0105czy nowoczesne technologie z [&hellip;]","og_url":"https:\/\/klienci.scepter.agency\/greston\/produkty\/lazienki\/wanny\/rak-ceramics\/","og_site_name":"Salon \u0142azienek Warszawa, armatura, gresy i akcesoria - Greston","article_modified_time":"2024-10-11T11:58:32+00:00","og_image":[{"width":450,"height":550,"url":"https:\/\/klienci.scepter.agency\/greston\/wp-content\/uploads\/2024\/10\/generated_washington_amb.jpg.450x550_q80_crop-upscale.jpg","type":"image\/jpeg"}],"twitter_card":"summary_large_image","twitter_misc":{"Szacowany czas czytania":"4 minuty"},"schema":{"@context":"https:\/\/schema.org","@graph":[{"@type":"WebPage","@id":"https:\/\/klienci.scepter.agency\/greston\/produkty\/lazienki\/wanny\/rak-ceramics\/","url":"https:\/\/klienci.scepter.agency\/greston\/produkty\/lazienki\/wanny\/rak-ceramics\/","name":"Rak Ceramics - Salon \u0142azienek Warszawa, armatura, gresy i akcesoria - Greston","isPartOf":{"@id":"https:\/\/klienci.scepter.agency\/greston\/#website"},"primaryImageOfPage":{"@id":"https:\/\/klienci.scepter.agency\/greston\/produkty\/lazienki\/wanny\/rak-ceramics\/#primaryimage"},"image":{"@id":"https:\/\/klienci.scepter.agency\/greston\/produkty\/lazienki\/wanny\/rak-ceramics\/#primaryimage"},"thumbnailUrl":"https:\/\/klienci.scepter.agency\/greston\/wp-content\/uploads\/2024\/10\/generated_washington_amb.jpg.450x550_q80_crop-upscale.jpg","datePublished":"2024-08-13T20:56:47+00:00","dateModified":"2024-10-11T11:58:32+00:00","breadcrumb":{"@id":"https:\/\/klienci.scepter.agency\/greston\/produkty\/lazienki\/wanny\/rak-ceramics\/#breadcrumb"},"inLanguage":"pl-PL","potentialAction":[{"@type":"ReadAction","target":["https:\/\/klienci.scepter.agency\/greston\/produkty\/lazienki\/wanny\/rak-ceramics\/"]}]},{"@type":"ImageObject","inLanguage":"pl-PL","@id":"https:\/\/klienci.scepter.agency\/greston\/produkty\/lazienki\/wanny\/rak-ceramics\/#primaryimage","url":"https:\/\/klienci.scepter.agency\/greston\/wp-content\/uploads\/2024\/10\/generated_washington_amb.jpg.450x550_q80_crop-upscale.jpg","contentUrl":"https:\/\/klienci.scepter.agency\/greston\/wp-content\/uploads\/2024\/10\/generated_washington_amb.jpg.450x550_q80_crop-upscale.jpg","width":450,"height":550},{"@type":"BreadcrumbList","@id":"https:\/\/klienci.scepter.agency\/greston\/produkty\/lazienki\/wanny\/rak-ceramics\/#breadcrumb","itemListElement":[{"@type":"ListItem","position":1,"name":"Strona g\u0142\u00f3wna","item":"https:\/\/klienci.scepter.agency\/greston\/"},{"@type":"ListItem","position":2,"name":"Produkty","item":"https:\/\/klienci.scepter.agency\/greston\/produkty\/"},{"@type":"ListItem","position":3,"name":"\u0141azienki","item":"https:\/\/klienci.scepter.agency\/greston\/produkty\/lazienki\/"},{"@type":"ListItem","position":4,"name":"Wanny","item":"https:\/\/klienci.scepter.agency\/greston\/produkty\/lazienki\/wanny\/"},{"@type":"ListItem","position":5,"name":"Rak Ceramics"}]},{"@type":"WebSite","@id":"https:\/\/klienci.scepter.agency\/greston\/#website","url":"https:\/\/klienci.scepter.agency\/greston\/","name":"Salon \u0142azienek Warszawa, armatura, gresy i akcesoria - Greston","description":"","potentialAction":[{"@type":"SearchAction","target":{"@type":"EntryPoint","urlTemplate":"https:\/\/klienci.scepter.agency\/greston\/?s={search_term_string}"},"query-input":"required name=search_term_string"}],"inLanguage":"pl-PL"}]}},"_links":{"self":[{"href":"https:\/\/klienci.scepter.agency\/greston\/wp-json\/wp\/v2\/pages\/534","targetHints":{"allow":["GET"]}}],"collection":[{"href":"https:\/\/klienci.scepter.agency\/greston\/wp-json\/wp\/v2\/pages"}],"about":[{"href":"https:\/\/klienci.scepter.agency\/greston\/wp-json\/wp\/v2\/types\/page"}],"author":[{"embeddable":true,"href":"https:\/\/klienci.scepter.agency\/greston\/wp-json\/wp\/v2\/users\/1"}],"replies":[{"embeddable":true,"href":"https:\/\/klienci.scepter.agency\/greston\/wp-json\/wp\/v2\/comments?post=534"}],"version-history":[{"count":4,"href":"https:\/\/klienci.scepter.agency\/greston\/wp-json\/wp\/v2\/pages\/534\/revisions"}],"predecessor-version":[{"id":535,"href":"https:\/\/klienci.scepter.agency\/greston\/wp-json\/wp\/v2\/pages\/534\/revisions\/535"}],"up":[{"embeddable":true,"href":"https:\/\/klienci.scepter.agency\/greston\/wp-json\/wp\/v2\/pages\/497"}],"wp:featuredmedia":[{"embeddable":true,"href":"https:\/\/klienci.scepter.agency\/greston\/wp-json\/wp\/v2\/media\/1394"}],"wp:attachment":[{"href":"https:\/\/klienci.scepter.agency\/greston\/wp-json\/wp\/v2\/media?parent=534"}],"curies":[{"name":"wp","href":"https:\/\/api.w.org\/{rel}","templated":true}]}}