{"id":545,"date":"2024-08-13T22:59:18","date_gmt":"2024-08-13T20:59:18","guid":{"rendered":"https:\/\/klienci.scepter.agency\/greston\/?page_id=545"},"modified":"2024-09-23T09:44:18","modified_gmt":"2024-09-23T07:44:18","slug":"kaldewei","status":"publish","type":"page","link":"https:\/\/klienci.scepter.agency\/greston\/produkty\/lazienki\/umywalki\/kaldewei\/","title":{"rendered":"Kaldewei"},"content":{"rendered":"\n<p><strong>Kaldewei<\/strong> to niemiecka marka o ponad 100-letniej tradycji, znana na ca\u0142ym \u015bwiecie z produkcji luksusowych rozwi\u0105za\u0144 do \u0142azienek. Firma specjalizuje si\u0119 w tworzeniu wanien, brodzik\u00f3w prysznicowych i umywalek wykonanych z wyj\u0105tkowo trwa\u0142ej stali emaliowanej, kt\u00f3ra \u0142\u0105czy w sobie elegancj\u0119 z niezr\u00f3wnan\u0105 trwa\u0142o\u015bci\u0105. Kaldewei k\u0142adzie du\u017cy nacisk na ekologi\u0119 \u2013 wszystkie produkty s\u0105 w pe\u0142ni recyklingowalne, co wpisuje si\u0119 w filozofi\u0119 firmy promuj\u0105c\u0105 zr\u00f3wnowa\u017cony rozw\u00f3j.<\/p>\n\n\n\n<p>Asortyment Kaldewei obejmuje szeroki wyb\u00f3r:<\/p>\n\n\n\n<ul class=\"wp-block-list\">\n<li><strong>Wanny<\/strong> \u2013 klasyczne, wolnostoj\u0105ce oraz naro\u017cne, oferuj\u0105ce komfort i elegancj\u0119. Szczeg\u00f3lnie popularne s\u0105 modele z serii <strong>Conoduo<\/strong> oraz <strong>Meisterst\u00fcck<\/strong>, kt\u00f3re charakteryzuj\u0105 si\u0119 nowoczesnym designem i luksusowym wyko\u0144czeniem.<\/li>\n\n\n\n<li><strong>Brodziki prysznicowe<\/strong> \u2013 p\u0142askie, w r\u00f3\u017cnych rozmiarach i kszta\u0142tach, idealne do nowoczesnych \u0142azienek. Bestsellerem s\u0105 modele <strong>Superplan<\/strong> oraz <strong>Nexsys<\/strong>, kt\u00f3re wyr\u00f3\u017cniaj\u0105 si\u0119 minimalistycznym wygl\u0105dem i funkcjonalno\u015bci\u0105.<\/li>\n\n\n\n<li><strong>Umywalki<\/strong> \u2013 od tradycyjnych po nowoczesne rozwi\u0105zania, idealnie komponuj\u0105ce si\u0119 z pozosta\u0142ym asortymentem firmy. Modele takie jak <strong>Puro<\/strong> i <strong>Miena<\/strong> ciesz\u0105 si\u0119 du\u017c\u0105 popularno\u015bci\u0105 dzi\u0119ki swojej prostocie i elegancji.<\/li>\n<\/ul>\n\n\n\n<p>Kaldewei to synonim luksusu, trwa\u0142o\u015bci i innowacyjnych technologii, kt\u00f3re zapewniaj\u0105 komfort u\u017cytkowania przez d\u0142ugie lata.<\/p>\n\n\n\n<div class=\"wp-block-buttons is-layout-flex wp-block-buttons-is-layout-flex\">\n<div class=\"wp-block-button\"><a class=\"wp-block-button__link wp-element-button\" href=\"https:\/\/www.kaldewei.pl\/\" target=\"_blank\" rel=\"noreferrer noopener\">Zobacz stron\u0119 producenta<\/a><\/div>\n<\/div>\n\n\n\n<figure class=\"wp-block-gallery has-nested-images columns-default is-cropped wp-block-gallery-1 is-layout-flex wp-block-gallery-is-layout-flex\">\n<figure class=\"wp-block-image size-large\"><a href=\"https:\/\/klienci.scepter.agency\/greston\/wp-content\/uploads\/2024\/09\/pds-milieu-kaldewei-superplan-zero-03.jpg\"><img loading=\"lazy\" decoding=\"async\" width=\"1024\" height=\"724\" data-id=\"1291\" src=\"https:\/\/klienci.scepter.agency\/greston\/wp-content\/uploads\/2024\/09\/pds-milieu-kaldewei-superplan-zero-03-1024x724.jpg\" alt=\"\" class=\"wp-image-1291\" srcset=\"https:\/\/klienci.scepter.agency\/greston\/wp-content\/uploads\/2024\/09\/pds-milieu-kaldewei-superplan-zero-03-1024x724.jpg 1024w, https:\/\/klienci.scepter.agency\/greston\/wp-content\/uploads\/2024\/09\/pds-milieu-kaldewei-superplan-zero-03-300x212.jpg 300w, https:\/\/klienci.scepter.agency\/greston\/wp-content\/uploads\/2024\/09\/pds-milieu-kaldewei-superplan-zero-03-768x543.jpg 768w, https:\/\/klienci.scepter.agency\/greston\/wp-content\/uploads\/2024\/09\/pds-milieu-kaldewei-superplan-zero-03-600x425.jpg 600w, https:\/\/klienci.scepter.agency\/greston\/wp-content\/uploads\/2024\/09\/pds-milieu-kaldewei-superplan-zero-03.jpg 1200w\" sizes=\"auto, (max-width: 1024px) 100vw, 1024px\" \/><\/a><\/figure>\n\n\n\n<figure class=\"wp-block-image size-large\"><a href=\"https:\/\/klienci.scepter.agency\/greston\/wp-content\/uploads\/2024\/09\/badewannen-kaldewei.jpg\"><img loading=\"lazy\" decoding=\"async\" width=\"570\" height=\"696\" data-id=\"1285\" src=\"https:\/\/klienci.scepter.agency\/greston\/wp-content\/uploads\/2024\/09\/badewannen-kaldewei.jpg\" alt=\"\" class=\"wp-image-1285\" srcset=\"https:\/\/klienci.scepter.agency\/greston\/wp-content\/uploads\/2024\/09\/badewannen-kaldewei.jpg 570w, https:\/\/klienci.scepter.agency\/greston\/wp-content\/uploads\/2024\/09\/badewannen-kaldewei-246x300.jpg 246w\" sizes=\"auto, (max-width: 570px) 100vw, 570px\" \/><\/a><\/figure>\n\n\n\n<figure class=\"wp-block-image size-large\"><a href=\"https:\/\/klienci.scepter.agency\/greston\/wp-content\/uploads\/2024\/09\/pds-milieu-kaldewei-cayonoplan-04.jpg\"><img loading=\"lazy\" decoding=\"async\" width=\"1024\" height=\"725\" data-id=\"1290\" src=\"https:\/\/klienci.scepter.agency\/greston\/wp-content\/uploads\/2024\/09\/pds-milieu-kaldewei-cayonoplan-04-1024x725.jpg\" alt=\"\" class=\"wp-image-1290\" srcset=\"https:\/\/klienci.scepter.agency\/greston\/wp-content\/uploads\/2024\/09\/pds-milieu-kaldewei-cayonoplan-04-1024x725.jpg 1024w, https:\/\/klienci.scepter.agency\/greston\/wp-content\/uploads\/2024\/09\/pds-milieu-kaldewei-cayonoplan-04-300x213.jpg 300w, https:\/\/klienci.scepter.agency\/greston\/wp-content\/uploads\/2024\/09\/pds-milieu-kaldewei-cayonoplan-04-768x544.jpg 768w, https:\/\/klienci.scepter.agency\/greston\/wp-content\/uploads\/2024\/09\/pds-milieu-kaldewei-cayonoplan-04-600x425.jpg 600w, https:\/\/klienci.scepter.agency\/greston\/wp-content\/uploads\/2024\/09\/pds-milieu-kaldewei-cayonoplan-04.jpg 1200w\" sizes=\"auto, (max-width: 1024px) 100vw, 1024px\" \/><\/a><\/figure>\n\n\n\n<figure class=\"wp-block-image size-large\"><a href=\"https:\/\/klienci.scepter.agency\/greston\/wp-content\/uploads\/2024\/09\/kaldewei-badewannen-slider01-_1_.jpg\"><img loading=\"lazy\" decoding=\"async\" width=\"1024\" height=\"512\" data-id=\"1287\" src=\"https:\/\/klienci.scepter.agency\/greston\/wp-content\/uploads\/2024\/09\/kaldewei-badewannen-slider01-_1_-1024x512.jpg\" alt=\"\" class=\"wp-image-1287\" srcset=\"https:\/\/klienci.scepter.agency\/greston\/wp-content\/uploads\/2024\/09\/kaldewei-badewannen-slider01-_1_-1024x512.jpg 1024w, https:\/\/klienci.scepter.agency\/greston\/wp-content\/uploads\/2024\/09\/kaldewei-badewannen-slider01-_1_-300x150.jpg 300w, https:\/\/klienci.scepter.agency\/greston\/wp-content\/uploads\/2024\/09\/kaldewei-badewannen-slider01-_1_-768x384.jpg 768w, https:\/\/klienci.scepter.agency\/greston\/wp-content\/uploads\/2024\/09\/kaldewei-badewannen-slider01-_1_-600x300.jpg 600w, https:\/\/klienci.scepter.agency\/greston\/wp-content\/uploads\/2024\/09\/kaldewei-badewannen-slider01-_1_.jpg 1140w\" sizes=\"auto, (max-width: 1024px) 100vw, 1024px\" \/><\/a><\/figure>\n\n\n\n<figure class=\"wp-block-image size-large\"><a href=\"https:\/\/klienci.scepter.agency\/greston\/wp-content\/uploads\/2024\/09\/bryan-adams-kaldewei-13-gallery.jpg\"><img loading=\"lazy\" decoding=\"async\" width=\"900\" height=\"600\" data-id=\"1286\" src=\"https:\/\/klienci.scepter.agency\/greston\/wp-content\/uploads\/2024\/09\/bryan-adams-kaldewei-13-gallery.jpg\" alt=\"\" class=\"wp-image-1286\" srcset=\"https:\/\/klienci.scepter.agency\/greston\/wp-content\/uploads\/2024\/09\/bryan-adams-kaldewei-13-gallery.jpg 900w, https:\/\/klienci.scepter.agency\/greston\/wp-content\/uploads\/2024\/09\/bryan-adams-kaldewei-13-gallery-300x200.jpg 300w, https:\/\/klienci.scepter.agency\/greston\/wp-content\/uploads\/2024\/09\/bryan-adams-kaldewei-13-gallery-768x512.jpg 768w, https:\/\/klienci.scepter.agency\/greston\/wp-content\/uploads\/2024\/09\/bryan-adams-kaldewei-13-gallery-600x400.jpg 600w\" sizes=\"auto, (max-width: 900px) 100vw, 900px\" \/><\/a><\/figure>\n<\/figure>\n","protected":false},"excerpt":{"rendered":"<p>Kaldewei to niemiecka marka o ponad 100-letniej tradycji, znana na ca\u0142ym \u015bwiecie z produkcji luksusowych rozwi\u0105za\u0144 do \u0142azienek. Firma specjalizuje si\u0119 w tworzeniu wanien, brodzik\u00f3w prysznicowych i umywalek wykonanych z wyj\u0105tkowo trwa\u0142ej stali emaliowanej, kt\u00f3ra \u0142\u0105czy w sobie elegancj\u0119 z niezr\u00f3wnan\u0105 trwa\u0142o\u015bci\u0105. Kaldewei k\u0142adzie du\u017cy nacisk na ekologi\u0119 \u2013 wszystkie produkty s\u0105 w pe\u0142ni recyklingowalne, [&hellip;]<\/p>\n","protected":false},"author":1,"featured_media":1286,"parent":543,"menu_order":0,"comment_status":"closed","ping_status":"closed","template":"pages\/produkty-marki.php","meta":{"footnotes":""},"class_list":["post-545","page","type-page","status-publish","has-post-thumbnail","hentry"],"acf":[],"yoast_head":"<!-- This site is optimized with the Yoast SEO plugin v23.2 - https:\/\/yoast.com\/wordpress\/plugins\/seo\/ -->\n<title>Kaldewei - Salon \u0142azienek Warszawa, armatura, gresy i akcesoria - Greston<\/title>\n<meta name=\"robots\" content=\"noindex, follow, max-snippet:-1, max-image-preview:large, max-video-preview:-1\" \/>\n<meta property=\"og:locale\" content=\"pl_PL\" \/>\n<meta property=\"og:type\" content=\"article\" \/>\n<meta property=\"og:title\" content=\"Kaldewei - Salon \u0142azienek Warszawa, armatura, gresy i akcesoria - Greston\" \/>\n<meta property=\"og:description\" content=\"Kaldewei to niemiecka marka o ponad 100-letniej tradycji, znana na ca\u0142ym \u015bwiecie z produkcji luksusowych rozwi\u0105za\u0144 do \u0142azienek. Firma specjalizuje si\u0119 w tworzeniu wanien, brodzik\u00f3w prysznicowych i umywalek wykonanych z wyj\u0105tkowo trwa\u0142ej stali emaliowanej, kt\u00f3ra \u0142\u0105czy w sobie elegancj\u0119 z niezr\u00f3wnan\u0105 trwa\u0142o\u015bci\u0105. Kaldewei k\u0142adzie du\u017cy nacisk na ekologi\u0119 \u2013 wszystkie produkty s\u0105 w pe\u0142ni recyklingowalne, [&hellip;]\" \/>\n<meta property=\"og:url\" content=\"https:\/\/klienci.scepter.agency\/greston\/produkty\/lazienki\/umywalki\/kaldewei\/\" \/>\n<meta property=\"og:site_name\" content=\"Salon \u0142azienek Warszawa, armatura, gresy i akcesoria - Greston\" \/>\n<meta property=\"article:modified_time\" content=\"2024-09-23T07:44:18+00:00\" \/>\n<meta property=\"og:image\" content=\"https:\/\/klienci.scepter.agency\/greston\/wp-content\/uploads\/2024\/09\/bryan-adams-kaldewei-13-gallery.jpg\" \/>\n\t<meta property=\"og:image:width\" content=\"900\" \/>\n\t<meta property=\"og:image:height\" content=\"600\" \/>\n\t<meta property=\"og:image:type\" content=\"image\/jpeg\" \/>\n<meta name=\"twitter:card\" content=\"summary_large_image\" \/>\n<meta name=\"twitter:label1\" content=\"Szacowany czas czytania\" \/>\n\t<meta name=\"twitter:data1\" content=\"3 minuty\" \/>\n<script type=\"application\/ld+json\" class=\"yoast-schema-graph\">{\"@context\":\"https:\/\/schema.org\",\"@graph\":[{\"@type\":\"WebPage\",\"@id\":\"https:\/\/klienci.scepter.agency\/greston\/produkty\/lazienki\/umywalki\/kaldewei\/\",\"url\":\"https:\/\/klienci.scepter.agency\/greston\/produkty\/lazienki\/umywalki\/kaldewei\/\",\"name\":\"Kaldewei - Salon \u0142azienek Warszawa, armatura, gresy i akcesoria - Greston\",\"isPartOf\":{\"@id\":\"https:\/\/klienci.scepter.agency\/greston\/#website\"},\"primaryImageOfPage\":{\"@id\":\"https:\/\/klienci.scepter.agency\/greston\/produkty\/lazienki\/umywalki\/kaldewei\/#primaryimage\"},\"image\":{\"@id\":\"https:\/\/klienci.scepter.agency\/greston\/produkty\/lazienki\/umywalki\/kaldewei\/#primaryimage\"},\"thumbnailUrl\":\"https:\/\/klienci.scepter.agency\/greston\/wp-content\/uploads\/2024\/09\/bryan-adams-kaldewei-13-gallery.jpg\",\"datePublished\":\"2024-08-13T20:59:18+00:00\",\"dateModified\":\"2024-09-23T07:44:18+00:00\",\"breadcrumb\":{\"@id\":\"https:\/\/klienci.scepter.agency\/greston\/produkty\/lazienki\/umywalki\/kaldewei\/#breadcrumb\"},\"inLanguage\":\"pl-PL\",\"potentialAction\":[{\"@type\":\"ReadAction\",\"target\":[\"https:\/\/klienci.scepter.agency\/greston\/produkty\/lazienki\/umywalki\/kaldewei\/\"]}]},{\"@type\":\"ImageObject\",\"inLanguage\":\"pl-PL\",\"@id\":\"https:\/\/klienci.scepter.agency\/greston\/produkty\/lazienki\/umywalki\/kaldewei\/#primaryimage\",\"url\":\"https:\/\/klienci.scepter.agency\/greston\/wp-content\/uploads\/2024\/09\/bryan-adams-kaldewei-13-gallery.jpg\",\"contentUrl\":\"https:\/\/klienci.scepter.agency\/greston\/wp-content\/uploads\/2024\/09\/bryan-adams-kaldewei-13-gallery.jpg\",\"width\":900,\"height\":600},{\"@type\":\"BreadcrumbList\",\"@id\":\"https:\/\/klienci.scepter.agency\/greston\/produkty\/lazienki\/umywalki\/kaldewei\/#breadcrumb\",\"itemListElement\":[{\"@type\":\"ListItem\",\"position\":1,\"name\":\"Strona g\u0142\u00f3wna\",\"item\":\"https:\/\/klienci.scepter.agency\/greston\/\"},{\"@type\":\"ListItem\",\"position\":2,\"name\":\"Produkty\",\"item\":\"https:\/\/klienci.scepter.agency\/greston\/produkty\/\"},{\"@type\":\"ListItem\",\"position\":3,\"name\":\"\u0141azienki\",\"item\":\"https:\/\/klienci.scepter.agency\/greston\/produkty\/lazienki\/\"},{\"@type\":\"ListItem\",\"position\":4,\"name\":\"Umywalki\",\"item\":\"https:\/\/klienci.scepter.agency\/greston\/produkty\/lazienki\/umywalki\/\"},{\"@type\":\"ListItem\",\"position\":5,\"name\":\"Kaldewei\"}]},{\"@type\":\"WebSite\",\"@id\":\"https:\/\/klienci.scepter.agency\/greston\/#website\",\"url\":\"https:\/\/klienci.scepter.agency\/greston\/\",\"name\":\"Salon \u0142azienek Warszawa, armatura, gresy i akcesoria - Greston\",\"description\":\"\",\"potentialAction\":[{\"@type\":\"SearchAction\",\"target\":{\"@type\":\"EntryPoint\",\"urlTemplate\":\"https:\/\/klienci.scepter.agency\/greston\/?s={search_term_string}\"},\"query-input\":\"required name=search_term_string\"}],\"inLanguage\":\"pl-PL\"}]}<\/script>\n<!-- \/ Yoast SEO plugin. -->","yoast_head_json":{"title":"Kaldewei - Salon \u0142azienek Warszawa, armatura, gresy i akcesoria - Greston","robots":{"index":"noindex","follow":"follow","max-snippet":"max-snippet:-1","max-image-preview":"max-image-preview:large","max-video-preview":"max-video-preview:-1"},"og_locale":"pl_PL","og_type":"article","og_title":"Kaldewei - Salon \u0142azienek Warszawa, armatura, gresy i akcesoria - Greston","og_description":"Kaldewei to niemiecka marka o ponad 100-letniej tradycji, znana na ca\u0142ym \u015bwiecie z produkcji luksusowych rozwi\u0105za\u0144 do \u0142azienek. Firma specjalizuje si\u0119 w tworzeniu wanien, brodzik\u00f3w prysznicowych i umywalek wykonanych z wyj\u0105tkowo trwa\u0142ej stali emaliowanej, kt\u00f3ra \u0142\u0105czy w sobie elegancj\u0119 z niezr\u00f3wnan\u0105 trwa\u0142o\u015bci\u0105. Kaldewei k\u0142adzie du\u017cy nacisk na ekologi\u0119 \u2013 wszystkie produkty s\u0105 w pe\u0142ni recyklingowalne, [&hellip;]","og_url":"https:\/\/klienci.scepter.agency\/greston\/produkty\/lazienki\/umywalki\/kaldewei\/","og_site_name":"Salon \u0142azienek Warszawa, armatura, gresy i akcesoria - Greston","article_modified_time":"2024-09-23T07:44:18+00:00","og_image":[{"width":900,"height":600,"url":"https:\/\/klienci.scepter.agency\/greston\/wp-content\/uploads\/2024\/09\/bryan-adams-kaldewei-13-gallery.jpg","type":"image\/jpeg"}],"twitter_card":"summary_large_image","twitter_misc":{"Szacowany czas czytania":"3 minuty"},"schema":{"@context":"https:\/\/schema.org","@graph":[{"@type":"WebPage","@id":"https:\/\/klienci.scepter.agency\/greston\/produkty\/lazienki\/umywalki\/kaldewei\/","url":"https:\/\/klienci.scepter.agency\/greston\/produkty\/lazienki\/umywalki\/kaldewei\/","name":"Kaldewei - Salon \u0142azienek Warszawa, armatura, gresy i akcesoria - Greston","isPartOf":{"@id":"https:\/\/klienci.scepter.agency\/greston\/#website"},"primaryImageOfPage":{"@id":"https:\/\/klienci.scepter.agency\/greston\/produkty\/lazienki\/umywalki\/kaldewei\/#primaryimage"},"image":{"@id":"https:\/\/klienci.scepter.agency\/greston\/produkty\/lazienki\/umywalki\/kaldewei\/#primaryimage"},"thumbnailUrl":"https:\/\/klienci.scepter.agency\/greston\/wp-content\/uploads\/2024\/09\/bryan-adams-kaldewei-13-gallery.jpg","datePublished":"2024-08-13T20:59:18+00:00","dateModified":"2024-09-23T07:44:18+00:00","breadcrumb":{"@id":"https:\/\/klienci.scepter.agency\/greston\/produkty\/lazienki\/umywalki\/kaldewei\/#breadcrumb"},"inLanguage":"pl-PL","potentialAction":[{"@type":"ReadAction","target":["https:\/\/klienci.scepter.agency\/greston\/produkty\/lazienki\/umywalki\/kaldewei\/"]}]},{"@type":"ImageObject","inLanguage":"pl-PL","@id":"https:\/\/klienci.scepter.agency\/greston\/produkty\/lazienki\/umywalki\/kaldewei\/#primaryimage","url":"https:\/\/klienci.scepter.agency\/greston\/wp-content\/uploads\/2024\/09\/bryan-adams-kaldewei-13-gallery.jpg","contentUrl":"https:\/\/klienci.scepter.agency\/greston\/wp-content\/uploads\/2024\/09\/bryan-adams-kaldewei-13-gallery.jpg","width":900,"height":600},{"@type":"BreadcrumbList","@id":"https:\/\/klienci.scepter.agency\/greston\/produkty\/lazienki\/umywalki\/kaldewei\/#breadcrumb","itemListElement":[{"@type":"ListItem","position":1,"name":"Strona g\u0142\u00f3wna","item":"https:\/\/klienci.scepter.agency\/greston\/"},{"@type":"ListItem","position":2,"name":"Produkty","item":"https:\/\/klienci.scepter.agency\/greston\/produkty\/"},{"@type":"ListItem","position":3,"name":"\u0141azienki","item":"https:\/\/klienci.scepter.agency\/greston\/produkty\/lazienki\/"},{"@type":"ListItem","position":4,"name":"Umywalki","item":"https:\/\/klienci.scepter.agency\/greston\/produkty\/lazienki\/umywalki\/"},{"@type":"ListItem","position":5,"name":"Kaldewei"}]},{"@type":"WebSite","@id":"https:\/\/klienci.scepter.agency\/greston\/#website","url":"https:\/\/klienci.scepter.agency\/greston\/","name":"Salon \u0142azienek Warszawa, armatura, gresy i akcesoria - Greston","description":"","potentialAction":[{"@type":"SearchAction","target":{"@type":"EntryPoint","urlTemplate":"https:\/\/klienci.scepter.agency\/greston\/?s={search_term_string}"},"query-input":"required name=search_term_string"}],"inLanguage":"pl-PL"}]}},"_links":{"self":[{"href":"https:\/\/klienci.scepter.agency\/greston\/wp-json\/wp\/v2\/pages\/545","targetHints":{"allow":["GET"]}}],"collection":[{"href":"https:\/\/klienci.scepter.agency\/greston\/wp-json\/wp\/v2\/pages"}],"about":[{"href":"https:\/\/klienci.scepter.agency\/greston\/wp-json\/wp\/v2\/types\/page"}],"author":[{"embeddable":true,"href":"https:\/\/klienci.scepter.agency\/greston\/wp-json\/wp\/v2\/users\/1"}],"replies":[{"embeddable":true,"href":"https:\/\/klienci.scepter.agency\/greston\/wp-json\/wp\/v2\/comments?post=545"}],"version-history":[{"count":3,"href":"https:\/\/klienci.scepter.agency\/greston\/wp-json\/wp\/v2\/pages\/545\/revisions"}],"predecessor-version":[{"id":1296,"href":"https:\/\/klienci.scepter.agency\/greston\/wp-json\/wp\/v2\/pages\/545\/revisions\/1296"}],"up":[{"embeddable":true,"href":"https:\/\/klienci.scepter.agency\/greston\/wp-json\/wp\/v2\/pages\/543"}],"wp:featuredmedia":[{"embeddable":true,"href":"https:\/\/klienci.scepter.agency\/greston\/wp-json\/wp\/v2\/media\/1286"}],"wp:attachment":[{"href":"https:\/\/klienci.scepter.agency\/greston\/wp-json\/wp\/v2\/media?parent=545"}],"curies":[{"name":"wp","href":"https:\/\/api.w.org\/{rel}","templated":true}]}}