{"id":551,"date":"2024-08-13T23:00:08","date_gmt":"2024-08-13T21:00:08","guid":{"rendered":"https:\/\/klienci.scepter.agency\/greston\/?page_id=551"},"modified":"2024-09-04T12:48:35","modified_gmt":"2024-09-04T10:48:35","slug":"fjordd","status":"publish","type":"page","link":"https:\/\/klienci.scepter.agency\/greston\/produkty\/lazienki\/umywalki\/fjordd\/","title":{"rendered":"Fjordd"},"content":{"rendered":"\n<p>FJORDD to marka stworzona przez pasjonat\u00f3w unikalnych projekt\u00f3w. Zainspirowana majestatem skandynawskich fiord\u00f3w, firma \u0142\u0105czy si\u0142\u0119 natury z ludzk\u0105 kreatywno\u015bci\u0105, oferuj\u0105c produkty, kt\u00f3re odzwierciedlaj\u0105 harmoni\u0119 i ponadczasowy design. Ich celem jest przekszta\u0142canie \u0142azienek w przestrzenie relaksu, kt\u00f3re harmonizuj\u0105 z indywidualnym stylem u\u017cytkownik\u00f3w.<\/p>\n\n\n\n<p>FJORDD wyr\u00f3\u017cnia si\u0119 sp\u00f3jnym wzornictwem i wyj\u0105tkow\u0105 ergonomi\u0105. Wanny, umywalki i brodziki, wykonane z kamiennego kompozytu AQUASTONE\u00ae, \u0142\u0105cz\u0105 pi\u0119kno, trwa\u0142o\u015b\u0107 i komfort. Produkty te utrzymuj\u0105 ciep\u0142o wody, zapewniaj\u0105c wygod\u0119 i estetyk\u0119, co czyni ka\u017cd\u0105 \u0142azienk\u0119 domowym SPA idealnym do relaksu ca\u0142ej rodziny.<\/p>\n\n\n\n<p><strong>WYJ\u0104TKOWE CECHY<\/strong><\/p>\n\n\n\n<ul class=\"wp-block-list\">\n<li><strong>Unikalno\u015b\u0107 Koloru<\/strong><strong><br><\/strong>Dzi\u0119ki innowacyjnemu systemowi nanoszenia koloru produkty FJORDD oferuj\u0105 wyko\u0144czenia matowe i b\u0142yszcz\u0105ce, zapewniaj\u0105c trwa\u0142e i odporne na zarysowania powierzchnie.<\/li>\n\n\n\n<li><strong>Ergonomia<\/strong><strong><br><\/strong>Wanny FJORDD charakteryzuj\u0105 si\u0119 optymalnymi wymiarami i ergonomicznymi kszta\u0142tami, zapewniaj\u0105c komfort nawet dla dw\u00f3ch os\u00f3b.<\/li>\n\n\n\n<li><strong>Innowacja<\/strong><strong><br><\/strong>Kamienny kompozyt AQUASTONE\u00ae zapewnia d\u0142ugotrwa\u0142e utrzymanie ciep\u0142a i \u0142atwo\u015b\u0107 czyszczenia. Estetyczne korki wykonane z tego samego materia\u0142u to innowacyjne rozwi\u0105zanie marki.<\/li>\n<\/ul>\n\n\n\n<p><strong>Design<\/strong><strong><br><\/strong>Produkty FJORDD maj\u0105 nowoczesne, ergonomiczne kszta\u0142ty i estetyczne maskownice odp\u0142yw\u00f3w, co zapewnia jednolity wygl\u0105d i mo\u017cliwo\u015b\u0107 dopasowania kolor\u00f3w baterii.<\/p>\n\n\n\n<div class=\"wp-block-buttons is-layout-flex wp-block-buttons-is-layout-flex\">\n<div class=\"wp-block-button\"><a class=\"wp-block-button__link wp-element-button\" href=\"https:\/\/fjordd.com\/\">Zobacz stron\u0119 producenta<\/a><\/div>\n<\/div>\n\n\n\n<p><\/p>\n\n\n\n<figure class=\"wp-block-gallery has-nested-images columns-default is-cropped wp-block-gallery-1 is-layout-flex wp-block-gallery-is-layout-flex\">\n<figure class=\"wp-block-image size-large\"><a href=\"https:\/\/klienci.scepter.agency\/greston\/wp-content\/uploads\/2024\/09\/51562527.jpg\"><img loading=\"lazy\" decoding=\"async\" width=\"1024\" height=\"724\" data-id=\"1059\" src=\"https:\/\/klienci.scepter.agency\/greston\/wp-content\/uploads\/2024\/09\/51562527-1024x724.jpg\" alt=\"\" class=\"wp-image-1059\" srcset=\"https:\/\/klienci.scepter.agency\/greston\/wp-content\/uploads\/2024\/09\/51562527-1024x724.jpg 1024w, https:\/\/klienci.scepter.agency\/greston\/wp-content\/uploads\/2024\/09\/51562527-300x212.jpg 300w, https:\/\/klienci.scepter.agency\/greston\/wp-content\/uploads\/2024\/09\/51562527-768x543.jpg 768w, https:\/\/klienci.scepter.agency\/greston\/wp-content\/uploads\/2024\/09\/51562527-1536x1086.jpg 1536w, https:\/\/klienci.scepter.agency\/greston\/wp-content\/uploads\/2024\/09\/51562527-600x424.jpg 600w, https:\/\/klienci.scepter.agency\/greston\/wp-content\/uploads\/2024\/09\/51562527.jpg 1680w\" sizes=\"auto, (max-width: 1024px) 100vw, 1024px\" \/><\/a><\/figure>\n\n\n\n<figure class=\"wp-block-image size-large\"><a href=\"https:\/\/klienci.scepter.agency\/greston\/wp-content\/uploads\/2024\/09\/29343333.jpg\"><img loading=\"lazy\" decoding=\"async\" width=\"1024\" height=\"724\" data-id=\"1058\" src=\"https:\/\/klienci.scepter.agency\/greston\/wp-content\/uploads\/2024\/09\/29343333-1024x724.jpg\" alt=\"\" class=\"wp-image-1058\" srcset=\"https:\/\/klienci.scepter.agency\/greston\/wp-content\/uploads\/2024\/09\/29343333-1024x724.jpg 1024w, https:\/\/klienci.scepter.agency\/greston\/wp-content\/uploads\/2024\/09\/29343333-300x212.jpg 300w, https:\/\/klienci.scepter.agency\/greston\/wp-content\/uploads\/2024\/09\/29343333-768x543.jpg 768w, https:\/\/klienci.scepter.agency\/greston\/wp-content\/uploads\/2024\/09\/29343333-1536x1086.jpg 1536w, https:\/\/klienci.scepter.agency\/greston\/wp-content\/uploads\/2024\/09\/29343333-600x424.jpg 600w, https:\/\/klienci.scepter.agency\/greston\/wp-content\/uploads\/2024\/09\/29343333.jpg 1680w\" sizes=\"auto, (max-width: 1024px) 100vw, 1024px\" \/><\/a><\/figure>\n\n\n\n<figure class=\"wp-block-image size-large\"><a href=\"https:\/\/klienci.scepter.agency\/greston\/wp-content\/uploads\/2024\/09\/1_SENJA_C_JPG_V3.jpg\"><img loading=\"lazy\" decoding=\"async\" width=\"1024\" height=\"724\" data-id=\"1057\" src=\"https:\/\/klienci.scepter.agency\/greston\/wp-content\/uploads\/2024\/09\/1_SENJA_C_JPG_V3-1024x724.jpg\" alt=\"\" class=\"wp-image-1057\" srcset=\"https:\/\/klienci.scepter.agency\/greston\/wp-content\/uploads\/2024\/09\/1_SENJA_C_JPG_V3-1024x724.jpg 1024w, https:\/\/klienci.scepter.agency\/greston\/wp-content\/uploads\/2024\/09\/1_SENJA_C_JPG_V3-300x212.jpg 300w, https:\/\/klienci.scepter.agency\/greston\/wp-content\/uploads\/2024\/09\/1_SENJA_C_JPG_V3-768x543.jpg 768w, https:\/\/klienci.scepter.agency\/greston\/wp-content\/uploads\/2024\/09\/1_SENJA_C_JPG_V3-1536x1085.jpg 1536w, https:\/\/klienci.scepter.agency\/greston\/wp-content\/uploads\/2024\/09\/1_SENJA_C_JPG_V3-600x424.jpg 600w, https:\/\/klienci.scepter.agency\/greston\/wp-content\/uploads\/2024\/09\/1_SENJA_C_JPG_V3.jpg 1680w\" sizes=\"auto, (max-width: 1024px) 100vw, 1024px\" \/><\/a><\/figure>\n<\/figure>\n","protected":false},"excerpt":{"rendered":"<p>FJORDD to marka stworzona przez pasjonat\u00f3w unikalnych projekt\u00f3w. Zainspirowana majestatem skandynawskich fiord\u00f3w, firma \u0142\u0105czy si\u0142\u0119 natury z ludzk\u0105 kreatywno\u015bci\u0105, oferuj\u0105c produkty, kt\u00f3re odzwierciedlaj\u0105 harmoni\u0119 i ponadczasowy design. Ich celem jest przekszta\u0142canie \u0142azienek w przestrzenie relaksu, kt\u00f3re harmonizuj\u0105 z indywidualnym stylem u\u017cytkownik\u00f3w. FJORDD wyr\u00f3\u017cnia si\u0119 sp\u00f3jnym wzornictwem i wyj\u0105tkow\u0105 ergonomi\u0105. Wanny, umywalki i brodziki, wykonane z [&hellip;]<\/p>\n","protected":false},"author":1,"featured_media":1066,"parent":543,"menu_order":0,"comment_status":"closed","ping_status":"closed","template":"pages\/produkty-marki.php","meta":{"footnotes":""},"class_list":["post-551","page","type-page","status-publish","has-post-thumbnail","hentry"],"acf":[],"yoast_head":"<!-- This site is optimized with the Yoast SEO plugin v23.2 - https:\/\/yoast.com\/wordpress\/plugins\/seo\/ -->\n<title>Fjordd - Salon \u0142azienek Warszawa, armatura, gresy i akcesoria - Greston<\/title>\n<meta name=\"robots\" content=\"noindex, follow, max-snippet:-1, max-image-preview:large, max-video-preview:-1\" \/>\n<meta property=\"og:locale\" content=\"pl_PL\" \/>\n<meta property=\"og:type\" content=\"article\" \/>\n<meta property=\"og:title\" content=\"Fjordd - Salon \u0142azienek Warszawa, armatura, gresy i akcesoria - Greston\" \/>\n<meta property=\"og:description\" content=\"FJORDD to marka stworzona przez pasjonat\u00f3w unikalnych projekt\u00f3w. Zainspirowana majestatem skandynawskich fiord\u00f3w, firma \u0142\u0105czy si\u0142\u0119 natury z ludzk\u0105 kreatywno\u015bci\u0105, oferuj\u0105c produkty, kt\u00f3re odzwierciedlaj\u0105 harmoni\u0119 i ponadczasowy design. Ich celem jest przekszta\u0142canie \u0142azienek w przestrzenie relaksu, kt\u00f3re harmonizuj\u0105 z indywidualnym stylem u\u017cytkownik\u00f3w. FJORDD wyr\u00f3\u017cnia si\u0119 sp\u00f3jnym wzornictwem i wyj\u0105tkow\u0105 ergonomi\u0105. Wanny, umywalki i brodziki, wykonane z [&hellip;]\" \/>\n<meta property=\"og:url\" content=\"https:\/\/klienci.scepter.agency\/greston\/produkty\/lazienki\/umywalki\/fjordd\/\" \/>\n<meta property=\"og:site_name\" content=\"Salon \u0142azienek Warszawa, armatura, gresy i akcesoria - Greston\" \/>\n<meta property=\"article:modified_time\" content=\"2024-09-04T10:48:35+00:00\" \/>\n<meta property=\"og:image\" content=\"https:\/\/klienci.scepter.agency\/greston\/wp-content\/uploads\/2024\/09\/baner_03.webp\" \/>\n\t<meta property=\"og:image:width\" content=\"1440\" \/>\n\t<meta property=\"og:image:height\" content=\"600\" \/>\n\t<meta property=\"og:image:type\" content=\"image\/webp\" \/>\n<meta name=\"twitter:card\" content=\"summary_large_image\" \/>\n<meta name=\"twitter:label1\" content=\"Szacowany czas czytania\" \/>\n\t<meta name=\"twitter:data1\" content=\"1 minuta\" \/>\n<script type=\"application\/ld+json\" class=\"yoast-schema-graph\">{\"@context\":\"https:\/\/schema.org\",\"@graph\":[{\"@type\":\"WebPage\",\"@id\":\"https:\/\/klienci.scepter.agency\/greston\/produkty\/lazienki\/umywalki\/fjordd\/\",\"url\":\"https:\/\/klienci.scepter.agency\/greston\/produkty\/lazienki\/umywalki\/fjordd\/\",\"name\":\"Fjordd - Salon \u0142azienek Warszawa, armatura, gresy i akcesoria - Greston\",\"isPartOf\":{\"@id\":\"https:\/\/klienci.scepter.agency\/greston\/#website\"},\"primaryImageOfPage\":{\"@id\":\"https:\/\/klienci.scepter.agency\/greston\/produkty\/lazienki\/umywalki\/fjordd\/#primaryimage\"},\"image\":{\"@id\":\"https:\/\/klienci.scepter.agency\/greston\/produkty\/lazienki\/umywalki\/fjordd\/#primaryimage\"},\"thumbnailUrl\":\"https:\/\/klienci.scepter.agency\/greston\/wp-content\/uploads\/2024\/09\/baner_03.webp\",\"datePublished\":\"2024-08-13T21:00:08+00:00\",\"dateModified\":\"2024-09-04T10:48:35+00:00\",\"breadcrumb\":{\"@id\":\"https:\/\/klienci.scepter.agency\/greston\/produkty\/lazienki\/umywalki\/fjordd\/#breadcrumb\"},\"inLanguage\":\"pl-PL\",\"potentialAction\":[{\"@type\":\"ReadAction\",\"target\":[\"https:\/\/klienci.scepter.agency\/greston\/produkty\/lazienki\/umywalki\/fjordd\/\"]}]},{\"@type\":\"ImageObject\",\"inLanguage\":\"pl-PL\",\"@id\":\"https:\/\/klienci.scepter.agency\/greston\/produkty\/lazienki\/umywalki\/fjordd\/#primaryimage\",\"url\":\"https:\/\/klienci.scepter.agency\/greston\/wp-content\/uploads\/2024\/09\/baner_03.webp\",\"contentUrl\":\"https:\/\/klienci.scepter.agency\/greston\/wp-content\/uploads\/2024\/09\/baner_03.webp\",\"width\":1440,\"height\":600},{\"@type\":\"BreadcrumbList\",\"@id\":\"https:\/\/klienci.scepter.agency\/greston\/produkty\/lazienki\/umywalki\/fjordd\/#breadcrumb\",\"itemListElement\":[{\"@type\":\"ListItem\",\"position\":1,\"name\":\"Strona g\u0142\u00f3wna\",\"item\":\"https:\/\/klienci.scepter.agency\/greston\/\"},{\"@type\":\"ListItem\",\"position\":2,\"name\":\"Produkty\",\"item\":\"https:\/\/klienci.scepter.agency\/greston\/produkty\/\"},{\"@type\":\"ListItem\",\"position\":3,\"name\":\"\u0141azienki\",\"item\":\"https:\/\/klienci.scepter.agency\/greston\/produkty\/lazienki\/\"},{\"@type\":\"ListItem\",\"position\":4,\"name\":\"Umywalki\",\"item\":\"https:\/\/klienci.scepter.agency\/greston\/produkty\/lazienki\/umywalki\/\"},{\"@type\":\"ListItem\",\"position\":5,\"name\":\"Fjordd\"}]},{\"@type\":\"WebSite\",\"@id\":\"https:\/\/klienci.scepter.agency\/greston\/#website\",\"url\":\"https:\/\/klienci.scepter.agency\/greston\/\",\"name\":\"Salon \u0142azienek Warszawa, armatura, gresy i akcesoria - Greston\",\"description\":\"\",\"potentialAction\":[{\"@type\":\"SearchAction\",\"target\":{\"@type\":\"EntryPoint\",\"urlTemplate\":\"https:\/\/klienci.scepter.agency\/greston\/?s={search_term_string}\"},\"query-input\":\"required name=search_term_string\"}],\"inLanguage\":\"pl-PL\"}]}<\/script>\n<!-- \/ Yoast SEO plugin. -->","yoast_head_json":{"title":"Fjordd - Salon \u0142azienek Warszawa, armatura, gresy i akcesoria - Greston","robots":{"index":"noindex","follow":"follow","max-snippet":"max-snippet:-1","max-image-preview":"max-image-preview:large","max-video-preview":"max-video-preview:-1"},"og_locale":"pl_PL","og_type":"article","og_title":"Fjordd - Salon \u0142azienek Warszawa, armatura, gresy i akcesoria - Greston","og_description":"FJORDD to marka stworzona przez pasjonat\u00f3w unikalnych projekt\u00f3w. Zainspirowana majestatem skandynawskich fiord\u00f3w, firma \u0142\u0105czy si\u0142\u0119 natury z ludzk\u0105 kreatywno\u015bci\u0105, oferuj\u0105c produkty, kt\u00f3re odzwierciedlaj\u0105 harmoni\u0119 i ponadczasowy design. Ich celem jest przekszta\u0142canie \u0142azienek w przestrzenie relaksu, kt\u00f3re harmonizuj\u0105 z indywidualnym stylem u\u017cytkownik\u00f3w. FJORDD wyr\u00f3\u017cnia si\u0119 sp\u00f3jnym wzornictwem i wyj\u0105tkow\u0105 ergonomi\u0105. Wanny, umywalki i brodziki, wykonane z [&hellip;]","og_url":"https:\/\/klienci.scepter.agency\/greston\/produkty\/lazienki\/umywalki\/fjordd\/","og_site_name":"Salon \u0142azienek Warszawa, armatura, gresy i akcesoria - Greston","article_modified_time":"2024-09-04T10:48:35+00:00","og_image":[{"width":1440,"height":600,"url":"https:\/\/klienci.scepter.agency\/greston\/wp-content\/uploads\/2024\/09\/baner_03.webp","type":"image\/webp"}],"twitter_card":"summary_large_image","twitter_misc":{"Szacowany czas czytania":"1 minuta"},"schema":{"@context":"https:\/\/schema.org","@graph":[{"@type":"WebPage","@id":"https:\/\/klienci.scepter.agency\/greston\/produkty\/lazienki\/umywalki\/fjordd\/","url":"https:\/\/klienci.scepter.agency\/greston\/produkty\/lazienki\/umywalki\/fjordd\/","name":"Fjordd - Salon \u0142azienek Warszawa, armatura, gresy i akcesoria - Greston","isPartOf":{"@id":"https:\/\/klienci.scepter.agency\/greston\/#website"},"primaryImageOfPage":{"@id":"https:\/\/klienci.scepter.agency\/greston\/produkty\/lazienki\/umywalki\/fjordd\/#primaryimage"},"image":{"@id":"https:\/\/klienci.scepter.agency\/greston\/produkty\/lazienki\/umywalki\/fjordd\/#primaryimage"},"thumbnailUrl":"https:\/\/klienci.scepter.agency\/greston\/wp-content\/uploads\/2024\/09\/baner_03.webp","datePublished":"2024-08-13T21:00:08+00:00","dateModified":"2024-09-04T10:48:35+00:00","breadcrumb":{"@id":"https:\/\/klienci.scepter.agency\/greston\/produkty\/lazienki\/umywalki\/fjordd\/#breadcrumb"},"inLanguage":"pl-PL","potentialAction":[{"@type":"ReadAction","target":["https:\/\/klienci.scepter.agency\/greston\/produkty\/lazienki\/umywalki\/fjordd\/"]}]},{"@type":"ImageObject","inLanguage":"pl-PL","@id":"https:\/\/klienci.scepter.agency\/greston\/produkty\/lazienki\/umywalki\/fjordd\/#primaryimage","url":"https:\/\/klienci.scepter.agency\/greston\/wp-content\/uploads\/2024\/09\/baner_03.webp","contentUrl":"https:\/\/klienci.scepter.agency\/greston\/wp-content\/uploads\/2024\/09\/baner_03.webp","width":1440,"height":600},{"@type":"BreadcrumbList","@id":"https:\/\/klienci.scepter.agency\/greston\/produkty\/lazienki\/umywalki\/fjordd\/#breadcrumb","itemListElement":[{"@type":"ListItem","position":1,"name":"Strona g\u0142\u00f3wna","item":"https:\/\/klienci.scepter.agency\/greston\/"},{"@type":"ListItem","position":2,"name":"Produkty","item":"https:\/\/klienci.scepter.agency\/greston\/produkty\/"},{"@type":"ListItem","position":3,"name":"\u0141azienki","item":"https:\/\/klienci.scepter.agency\/greston\/produkty\/lazienki\/"},{"@type":"ListItem","position":4,"name":"Umywalki","item":"https:\/\/klienci.scepter.agency\/greston\/produkty\/lazienki\/umywalki\/"},{"@type":"ListItem","position":5,"name":"Fjordd"}]},{"@type":"WebSite","@id":"https:\/\/klienci.scepter.agency\/greston\/#website","url":"https:\/\/klienci.scepter.agency\/greston\/","name":"Salon \u0142azienek Warszawa, armatura, gresy i akcesoria - Greston","description":"","potentialAction":[{"@type":"SearchAction","target":{"@type":"EntryPoint","urlTemplate":"https:\/\/klienci.scepter.agency\/greston\/?s={search_term_string}"},"query-input":"required name=search_term_string"}],"inLanguage":"pl-PL"}]}},"_links":{"self":[{"href":"https:\/\/klienci.scepter.agency\/greston\/wp-json\/wp\/v2\/pages\/551","targetHints":{"allow":["GET"]}}],"collection":[{"href":"https:\/\/klienci.scepter.agency\/greston\/wp-json\/wp\/v2\/pages"}],"about":[{"href":"https:\/\/klienci.scepter.agency\/greston\/wp-json\/wp\/v2\/types\/page"}],"author":[{"embeddable":true,"href":"https:\/\/klienci.scepter.agency\/greston\/wp-json\/wp\/v2\/users\/1"}],"replies":[{"embeddable":true,"href":"https:\/\/klienci.scepter.agency\/greston\/wp-json\/wp\/v2\/comments?post=551"}],"version-history":[{"count":3,"href":"https:\/\/klienci.scepter.agency\/greston\/wp-json\/wp\/v2\/pages\/551\/revisions"}],"predecessor-version":[{"id":552,"href":"https:\/\/klienci.scepter.agency\/greston\/wp-json\/wp\/v2\/pages\/551\/revisions\/552"}],"up":[{"embeddable":true,"href":"https:\/\/klienci.scepter.agency\/greston\/wp-json\/wp\/v2\/pages\/543"}],"wp:featuredmedia":[{"embeddable":true,"href":"https:\/\/klienci.scepter.agency\/greston\/wp-json\/wp\/v2\/media\/1066"}],"wp:attachment":[{"href":"https:\/\/klienci.scepter.agency\/greston\/wp-json\/wp\/v2\/media?parent=551"}],"curies":[{"name":"wp","href":"https:\/\/api.w.org\/{rel}","templated":true}]}}