{"id":691,"date":"2024-08-13T23:33:32","date_gmt":"2024-08-13T21:33:32","guid":{"rendered":"https:\/\/klienci.scepter.agency\/greston\/?page_id=691"},"modified":"2024-09-04T14:42:15","modified_gmt":"2024-09-04T12:42:15","slug":"gres-de-breda","status":"publish","type":"page","link":"https:\/\/klienci.scepter.agency\/greston\/produkty\/sciany\/plytki\/gres-de-breda\/","title":{"rendered":"Gres de Breda"},"content":{"rendered":"\n<p>Gres de Breda si\u0119ga swoimi korzeniami a\u017c do 1921 roku, kiedy to w Matar\u00f3 powsta\u0142a firma La Cer\u00e1mica Moderna. Pocz\u0105tkowo firma specjalizowa\u0142a si\u0119 w produkcji materia\u0142\u00f3w ogniotrwa\u0142ych i kamionki przemys\u0142owej wypalanej w wysokich temperaturach. Z biegiem lat przedsi\u0119biorstwo ewoluowa\u0142o, staj\u0105c si\u0119 Gres Breda, S.A., przy czym zawsze k\u0142ad\u0142o nacisk na innowacje i design, czerpi\u0105c z bogatego do\u015bwiadczenia w produkcji ceramiki wysokowypalanej.<\/p>\n\n\n\n<p>Na przestrzeni lat Gres Breda, S.A. nieustannie si\u0119 rozwija\u0142a, nie trac\u0105c z oczu istoty i ponadczasowego pi\u0119kna ceramiki. Firma wyr\u00f3\u017cnia\u0142a si\u0119 tworzeniem produkt\u00f3w ceramicznych, kt\u00f3re cho\u0107 inspirowane przesz\u0142o\u015bci\u0105, opowiada\u0142y wsp\u00f3\u0142czesne historie. Produkty te nie tylko zachwyca\u0142y naturalnym pi\u0119knem, ale r\u00f3wnie\u017c oferowa\u0142y niezr\u00f3wnane w\u0142a\u015bciwo\u015bci i wydajno\u015b\u0107.<\/p>\n\n\n\n<p>W obliczu wyzwa\u0144 zwi\u0105zanych z kontynuacj\u0105 produkcji i projekt\u00f3w marketingowych, grupa oddanych pracownik\u00f3w podj\u0119\u0142a odwa\u017cn\u0105 decyzj\u0119 o przej\u0119ciu fabryki w Castelser\u00e1s. Tak narodzi\u0142a si\u0119 firma TERRAKLINKER, S.L.L., kt\u00f3rej g\u0142\u00f3wnym celem jest dostarczanie na rynek wysokiej jako\u015bci rozwi\u0105za\u0144 ceramicznych, kt\u00f3re s\u0105 nie tylko przyjazne dla \u015brodowiska, ale tak\u017ce charakteryzuj\u0105 si\u0119 unikaln\u0105 osobowo\u015bci\u0105, kt\u00f3ra urzeka klient\u00f3w.<\/p>\n\n\n\n<p>TERRAKLINKER, S.L.L. to wyraz odnowionego zobowi\u0105zania do doskona\u0142o\u015bci i ochrony tradycji ceramicznej, zachowuj\u0105c istot\u0119, kt\u00f3ra definiowa\u0142a Gres de Breda przez lata.<\/p>\n\n\n\n<div class=\"wp-block-buttons is-layout-flex wp-block-buttons-is-layout-flex\">\n<div class=\"wp-block-button\"><a class=\"wp-block-button__link wp-element-button\" href=\"https:\/\/gresterraklinker.com\/en\/\" target=\"_blank\" rel=\"noreferrer noopener\">Zobacz stron\u0119 producenta<\/a><\/div>\n<\/div>\n\n\n\n<p> <\/p>\n\n\n\n<figure class=\"wp-block-gallery has-nested-images columns-6 is-cropped wp-block-gallery-1 is-layout-flex wp-block-gallery-is-layout-flex\">\n<figure class=\"wp-block-image size-large is-style-default\"><img loading=\"lazy\" decoding=\"async\" width=\"360\" height=\"270\" data-id=\"1116\" src=\"https:\/\/klienci.scepter.agency\/greston\/wp-content\/uploads\/2024\/09\/wyrozniajace-2.webp\" alt=\"\" class=\"wp-image-1116\" srcset=\"https:\/\/klienci.scepter.agency\/greston\/wp-content\/uploads\/2024\/09\/wyrozniajace-2.webp 360w, https:\/\/klienci.scepter.agency\/greston\/wp-content\/uploads\/2024\/09\/wyrozniajace-2-300x225.webp 300w\" sizes=\"auto, (max-width: 360px) 100vw, 360px\" \/><\/figure>\n\n\n\n<figure class=\"wp-block-image size-large\"><img loading=\"lazy\" decoding=\"async\" width=\"360\" height=\"270\" data-id=\"1115\" src=\"https:\/\/klienci.scepter.agency\/greston\/wp-content\/uploads\/2024\/09\/Terraklinker-gres-rustico-catalan-extrusionado-tipo-ferrogres-antideslizante-resistente-hielo-suelos-terrazas-exteriores-Natural-Breda-15x50-duch-l.webp\" alt=\"\" class=\"wp-image-1115\" srcset=\"https:\/\/klienci.scepter.agency\/greston\/wp-content\/uploads\/2024\/09\/Terraklinker-gres-rustico-catalan-extrusionado-tipo-ferrogres-antideslizante-resistente-hielo-suelos-terrazas-exteriores-Natural-Breda-15x50-duch-l.webp 360w, https:\/\/klienci.scepter.agency\/greston\/wp-content\/uploads\/2024\/09\/Terraklinker-gres-rustico-catalan-extrusionado-tipo-ferrogres-antideslizante-resistente-hielo-suelos-terrazas-exteriores-Natural-Breda-15x50-duch-l-300x225.webp 300w\" sizes=\"auto, (max-width: 360px) 100vw, 360px\" \/><\/figure>\n\n\n\n<figure class=\"wp-block-image size-large\"><img loading=\"lazy\" decoding=\"async\" width=\"360\" height=\"270\" data-id=\"1114\" src=\"https:\/\/klienci.scepter.agency\/greston\/wp-content\/uploads\/2024\/09\/Terraklinker-gres-rustico-catalan-extrusionado-tipo-ferrogres-antideslizante-resistente-hielo-suelos-terrazas-exteriores-Antica-escaleras-l.webp\" alt=\"\" class=\"wp-image-1114\" srcset=\"https:\/\/klienci.scepter.agency\/greston\/wp-content\/uploads\/2024\/09\/Terraklinker-gres-rustico-catalan-extrusionado-tipo-ferrogres-antideslizante-resistente-hielo-suelos-terrazas-exteriores-Antica-escaleras-l.webp 360w, https:\/\/klienci.scepter.agency\/greston\/wp-content\/uploads\/2024\/09\/Terraklinker-gres-rustico-catalan-extrusionado-tipo-ferrogres-antideslizante-resistente-hielo-suelos-terrazas-exteriores-Antica-escaleras-l-300x225.webp 300w\" sizes=\"auto, (max-width: 360px) 100vw, 360px\" \/><\/figure>\n\n\n\n<figure class=\"wp-block-image size-large\"><img loading=\"lazy\" decoding=\"async\" width=\"360\" height=\"270\" data-id=\"1113\" src=\"https:\/\/klienci.scepter.agency\/greston\/wp-content\/uploads\/2024\/09\/Terraklinker-gres-rustico-catalan-extrusionado-terrazas-antideslizante-resistente-hielo-ceramica-exterior-pavimento-Natural-coronacion-piscina-l.webp\" alt=\"\" class=\"wp-image-1113\" srcset=\"https:\/\/klienci.scepter.agency\/greston\/wp-content\/uploads\/2024\/09\/Terraklinker-gres-rustico-catalan-extrusionado-terrazas-antideslizante-resistente-hielo-ceramica-exterior-pavimento-Natural-coronacion-piscina-l.webp 360w, https:\/\/klienci.scepter.agency\/greston\/wp-content\/uploads\/2024\/09\/Terraklinker-gres-rustico-catalan-extrusionado-terrazas-antideslizante-resistente-hielo-ceramica-exterior-pavimento-Natural-coronacion-piscina-l-300x225.webp 300w\" sizes=\"auto, (max-width: 360px) 100vw, 360px\" \/><\/figure>\n\n\n\n<figure class=\"wp-block-image size-large\"><img loading=\"lazy\" decoding=\"async\" width=\"300\" height=\"300\" data-id=\"1101\" src=\"https:\/\/klienci.scepter.agency\/greston\/wp-content\/uploads\/2024\/09\/wyrozniajace-6.jpg\" alt=\"\" class=\"wp-image-1101\" srcset=\"https:\/\/klienci.scepter.agency\/greston\/wp-content\/uploads\/2024\/09\/wyrozniajace-6.jpg 300w, https:\/\/klienci.scepter.agency\/greston\/wp-content\/uploads\/2024\/09\/wyrozniajace-6-150x150.jpg 150w, https:\/\/klienci.scepter.agency\/greston\/wp-content\/uploads\/2024\/09\/wyrozniajace-6-100x100.jpg 100w\" sizes=\"auto, (max-width: 300px) 100vw, 300px\" \/><\/figure>\n\n\n\n<figure class=\"wp-block-image size-large\"><img loading=\"lazy\" decoding=\"async\" width=\"300\" height=\"300\" data-id=\"1103\" src=\"https:\/\/klienci.scepter.agency\/greston\/wp-content\/uploads\/2024\/09\/CLIVIA-300x300-1.jpg\" alt=\"\" class=\"wp-image-1103\" srcset=\"https:\/\/klienci.scepter.agency\/greston\/wp-content\/uploads\/2024\/09\/CLIVIA-300x300-1.jpg 300w, https:\/\/klienci.scepter.agency\/greston\/wp-content\/uploads\/2024\/09\/CLIVIA-300x300-1-150x150.jpg 150w, https:\/\/klienci.scepter.agency\/greston\/wp-content\/uploads\/2024\/09\/CLIVIA-300x300-1-100x100.jpg 100w\" sizes=\"auto, (max-width: 300px) 100vw, 300px\" \/><\/figure>\n\n\n\n<figure class=\"wp-block-image size-large\"><img loading=\"lazy\" decoding=\"async\" width=\"360\" height=\"270\" data-id=\"1112\" src=\"https:\/\/klienci.scepter.agency\/greston\/wp-content\/uploads\/2024\/09\/Terraklinker-gres-rustico-catalan-extrusionado-terrazas-antideslizante-resistente-hielo-ceramica-exterior-pavimento-Antica-porche-l.webp\" alt=\"\" class=\"wp-image-1112\" srcset=\"https:\/\/klienci.scepter.agency\/greston\/wp-content\/uploads\/2024\/09\/Terraklinker-gres-rustico-catalan-extrusionado-terrazas-antideslizante-resistente-hielo-ceramica-exterior-pavimento-Antica-porche-l.webp 360w, https:\/\/klienci.scepter.agency\/greston\/wp-content\/uploads\/2024\/09\/Terraklinker-gres-rustico-catalan-extrusionado-terrazas-antideslizante-resistente-hielo-ceramica-exterior-pavimento-Antica-porche-l-300x225.webp 300w\" sizes=\"auto, (max-width: 360px) 100vw, 360px\" \/><\/figure>\n\n\n\n<figure class=\"wp-block-image size-large\"><img loading=\"lazy\" decoding=\"async\" width=\"360\" height=\"270\" data-id=\"1111\" src=\"https:\/\/klienci.scepter.agency\/greston\/wp-content\/uploads\/2024\/09\/Terraklinker-gres-rustico-catalan-extrusionado-terrazas-antideslizante-resistente-hielo-ceramica-exterior-Antica-20x20-l.webp\" alt=\"\" class=\"wp-image-1111\" srcset=\"https:\/\/klienci.scepter.agency\/greston\/wp-content\/uploads\/2024\/09\/Terraklinker-gres-rustico-catalan-extrusionado-terrazas-antideslizante-resistente-hielo-ceramica-exterior-Antica-20x20-l.webp 360w, https:\/\/klienci.scepter.agency\/greston\/wp-content\/uploads\/2024\/09\/Terraklinker-gres-rustico-catalan-extrusionado-terrazas-antideslizante-resistente-hielo-ceramica-exterior-Antica-20x20-l-300x225.webp 300w\" sizes=\"auto, (max-width: 360px) 100vw, 360px\" \/><\/figure>\n\n\n\n<figure class=\"wp-block-image size-large\"><img loading=\"lazy\" decoding=\"async\" width=\"1024\" height=\"256\" data-id=\"1117\" src=\"https:\/\/klienci.scepter.agency\/greston\/wp-content\/uploads\/2024\/09\/1-Natural_piscina_swimming_pool_33x33_escaleras_step_tiles_pasamano_handrail_gres_rustico-l-1024x256.webp\" alt=\"\" class=\"wp-image-1117\" srcset=\"https:\/\/klienci.scepter.agency\/greston\/wp-content\/uploads\/2024\/09\/1-Natural_piscina_swimming_pool_33x33_escaleras_step_tiles_pasamano_handrail_gres_rustico-l-1024x256.webp 1024w, https:\/\/klienci.scepter.agency\/greston\/wp-content\/uploads\/2024\/09\/1-Natural_piscina_swimming_pool_33x33_escaleras_step_tiles_pasamano_handrail_gres_rustico-l-300x75.webp 300w, https:\/\/klienci.scepter.agency\/greston\/wp-content\/uploads\/2024\/09\/1-Natural_piscina_swimming_pool_33x33_escaleras_step_tiles_pasamano_handrail_gres_rustico-l-768x192.webp 768w, https:\/\/klienci.scepter.agency\/greston\/wp-content\/uploads\/2024\/09\/1-Natural_piscina_swimming_pool_33x33_escaleras_step_tiles_pasamano_handrail_gres_rustico-l-600x150.webp 600w, https:\/\/klienci.scepter.agency\/greston\/wp-content\/uploads\/2024\/09\/1-Natural_piscina_swimming_pool_33x33_escaleras_step_tiles_pasamano_handrail_gres_rustico-l.webp 1440w\" sizes=\"auto, (max-width: 1024px) 100vw, 1024px\" \/><\/figure>\n\n\n\n<figure class=\"wp-block-image size-large\"><img loading=\"lazy\" decoding=\"async\" width=\"360\" height=\"270\" data-id=\"1110\" src=\"https:\/\/klienci.scepter.agency\/greston\/wp-content\/uploads\/2024\/09\/Terraklinker-BURGOS-antideslizante-clase3_1-l.webp\" alt=\"\" class=\"wp-image-1110\" srcset=\"https:\/\/klienci.scepter.agency\/greston\/wp-content\/uploads\/2024\/09\/Terraklinker-BURGOS-antideslizante-clase3_1-l.webp 360w, https:\/\/klienci.scepter.agency\/greston\/wp-content\/uploads\/2024\/09\/Terraklinker-BURGOS-antideslizante-clase3_1-l-300x225.webp 300w\" sizes=\"auto, (max-width: 360px) 100vw, 360px\" \/><\/figure>\n\n\n\n<figure class=\"wp-block-image size-large\"><img loading=\"lazy\" decoding=\"async\" width=\"1024\" height=\"256\" data-id=\"1109\" src=\"https:\/\/klienci.scepter.agency\/greston\/wp-content\/uploads\/2024\/09\/Stratus_8219-l-1024x256.webp\" alt=\"\" class=\"wp-image-1109\" srcset=\"https:\/\/klienci.scepter.agency\/greston\/wp-content\/uploads\/2024\/09\/Stratus_8219-l-1024x256.webp 1024w, https:\/\/klienci.scepter.agency\/greston\/wp-content\/uploads\/2024\/09\/Stratus_8219-l-300x75.webp 300w, https:\/\/klienci.scepter.agency\/greston\/wp-content\/uploads\/2024\/09\/Stratus_8219-l-768x192.webp 768w, https:\/\/klienci.scepter.agency\/greston\/wp-content\/uploads\/2024\/09\/Stratus_8219-l-600x150.webp 600w, https:\/\/klienci.scepter.agency\/greston\/wp-content\/uploads\/2024\/09\/Stratus_8219-l.webp 1440w\" sizes=\"auto, (max-width: 1024px) 100vw, 1024px\" \/><\/figure>\n\n\n\n<figure class=\"wp-block-image size-large\"><img loading=\"lazy\" decoding=\"async\" width=\"1024\" height=\"256\" data-id=\"1108\" src=\"https:\/\/klienci.scepter.agency\/greston\/wp-content\/uploads\/2024\/09\/BASALTO_sendero_gres_rustico_rustic_klinker_walkway-l-1024x256.webp\" alt=\"\" class=\"wp-image-1108\" srcset=\"https:\/\/klienci.scepter.agency\/greston\/wp-content\/uploads\/2024\/09\/BASALTO_sendero_gres_rustico_rustic_klinker_walkway-l-1024x256.webp 1024w, https:\/\/klienci.scepter.agency\/greston\/wp-content\/uploads\/2024\/09\/BASALTO_sendero_gres_rustico_rustic_klinker_walkway-l-300x75.webp 300w, https:\/\/klienci.scepter.agency\/greston\/wp-content\/uploads\/2024\/09\/BASALTO_sendero_gres_rustico_rustic_klinker_walkway-l-768x192.webp 768w, https:\/\/klienci.scepter.agency\/greston\/wp-content\/uploads\/2024\/09\/BASALTO_sendero_gres_rustico_rustic_klinker_walkway-l-600x150.webp 600w, https:\/\/klienci.scepter.agency\/greston\/wp-content\/uploads\/2024\/09\/BASALTO_sendero_gres_rustico_rustic_klinker_walkway-l.webp 1440w\" sizes=\"auto, (max-width: 1024px) 100vw, 1024px\" \/><\/figure>\n<\/figure>\n","protected":false},"excerpt":{"rendered":"<p>Gres de Breda si\u0119ga swoimi korzeniami a\u017c do 1921 roku, kiedy to w Matar\u00f3 powsta\u0142a firma La Cer\u00e1mica Moderna. Pocz\u0105tkowo firma specjalizowa\u0142a si\u0119 w produkcji materia\u0142\u00f3w ogniotrwa\u0142ych i kamionki przemys\u0142owej wypalanej w wysokich temperaturach. Z biegiem lat przedsi\u0119biorstwo ewoluowa\u0142o, staj\u0105c si\u0119 Gres Breda, S.A., przy czym zawsze k\u0142ad\u0142o nacisk na innowacje i design, czerpi\u0105c z [&hellip;]<\/p>\n","protected":false},"author":1,"featured_media":1114,"parent":635,"menu_order":0,"comment_status":"closed","ping_status":"closed","template":"pages\/produkty-marki.php","meta":{"footnotes":""},"class_list":["post-691","page","type-page","status-publish","has-post-thumbnail","hentry"],"acf":[],"yoast_head":"<!-- This site is optimized with the Yoast SEO plugin v23.2 - https:\/\/yoast.com\/wordpress\/plugins\/seo\/ -->\n<title>Gres de Breda - Salon \u0142azienek Warszawa, armatura, gresy i akcesoria - Greston<\/title>\n<meta name=\"robots\" content=\"noindex, follow, max-snippet:-1, max-image-preview:large, max-video-preview:-1\" \/>\n<meta property=\"og:locale\" content=\"pl_PL\" \/>\n<meta property=\"og:type\" content=\"article\" \/>\n<meta property=\"og:title\" content=\"Gres de Breda - Salon \u0142azienek Warszawa, armatura, gresy i akcesoria - Greston\" \/>\n<meta property=\"og:description\" content=\"Gres de Breda si\u0119ga swoimi korzeniami a\u017c do 1921 roku, kiedy to w Matar\u00f3 powsta\u0142a firma La Cer\u00e1mica Moderna. Pocz\u0105tkowo firma specjalizowa\u0142a si\u0119 w produkcji materia\u0142\u00f3w ogniotrwa\u0142ych i kamionki przemys\u0142owej wypalanej w wysokich temperaturach. Z biegiem lat przedsi\u0119biorstwo ewoluowa\u0142o, staj\u0105c si\u0119 Gres Breda, S.A., przy czym zawsze k\u0142ad\u0142o nacisk na innowacje i design, czerpi\u0105c z [&hellip;]\" \/>\n<meta property=\"og:url\" content=\"https:\/\/klienci.scepter.agency\/greston\/produkty\/sciany\/plytki\/gres-de-breda\/\" \/>\n<meta property=\"og:site_name\" content=\"Salon \u0142azienek Warszawa, armatura, gresy i akcesoria - Greston\" \/>\n<meta property=\"article:modified_time\" content=\"2024-09-04T12:42:15+00:00\" \/>\n<meta property=\"og:image\" content=\"https:\/\/klienci.scepter.agency\/greston\/wp-content\/uploads\/2024\/09\/Terraklinker-gres-rustico-catalan-extrusionado-tipo-ferrogres-antideslizante-resistente-hielo-suelos-terrazas-exteriores-Antica-escaleras-l.webp\" \/>\n\t<meta property=\"og:image:width\" content=\"360\" \/>\n\t<meta property=\"og:image:height\" content=\"270\" \/>\n\t<meta property=\"og:image:type\" content=\"image\/webp\" \/>\n<meta name=\"twitter:card\" content=\"summary_large_image\" \/>\n<meta name=\"twitter:label1\" content=\"Szacowany czas czytania\" \/>\n\t<meta name=\"twitter:data1\" content=\"4 minuty\" \/>\n<script type=\"application\/ld+json\" class=\"yoast-schema-graph\">{\"@context\":\"https:\/\/schema.org\",\"@graph\":[{\"@type\":\"WebPage\",\"@id\":\"https:\/\/klienci.scepter.agency\/greston\/produkty\/sciany\/plytki\/gres-de-breda\/\",\"url\":\"https:\/\/klienci.scepter.agency\/greston\/produkty\/sciany\/plytki\/gres-de-breda\/\",\"name\":\"Gres de Breda - Salon \u0142azienek Warszawa, armatura, gresy i akcesoria - Greston\",\"isPartOf\":{\"@id\":\"https:\/\/klienci.scepter.agency\/greston\/#website\"},\"primaryImageOfPage\":{\"@id\":\"https:\/\/klienci.scepter.agency\/greston\/produkty\/sciany\/plytki\/gres-de-breda\/#primaryimage\"},\"image\":{\"@id\":\"https:\/\/klienci.scepter.agency\/greston\/produkty\/sciany\/plytki\/gres-de-breda\/#primaryimage\"},\"thumbnailUrl\":\"https:\/\/klienci.scepter.agency\/greston\/wp-content\/uploads\/2024\/09\/Terraklinker-gres-rustico-catalan-extrusionado-tipo-ferrogres-antideslizante-resistente-hielo-suelos-terrazas-exteriores-Antica-escaleras-l.webp\",\"datePublished\":\"2024-08-13T21:33:32+00:00\",\"dateModified\":\"2024-09-04T12:42:15+00:00\",\"breadcrumb\":{\"@id\":\"https:\/\/klienci.scepter.agency\/greston\/produkty\/sciany\/plytki\/gres-de-breda\/#breadcrumb\"},\"inLanguage\":\"pl-PL\",\"potentialAction\":[{\"@type\":\"ReadAction\",\"target\":[\"https:\/\/klienci.scepter.agency\/greston\/produkty\/sciany\/plytki\/gres-de-breda\/\"]}]},{\"@type\":\"ImageObject\",\"inLanguage\":\"pl-PL\",\"@id\":\"https:\/\/klienci.scepter.agency\/greston\/produkty\/sciany\/plytki\/gres-de-breda\/#primaryimage\",\"url\":\"https:\/\/klienci.scepter.agency\/greston\/wp-content\/uploads\/2024\/09\/Terraklinker-gres-rustico-catalan-extrusionado-tipo-ferrogres-antideslizante-resistente-hielo-suelos-terrazas-exteriores-Antica-escaleras-l.webp\",\"contentUrl\":\"https:\/\/klienci.scepter.agency\/greston\/wp-content\/uploads\/2024\/09\/Terraklinker-gres-rustico-catalan-extrusionado-tipo-ferrogres-antideslizante-resistente-hielo-suelos-terrazas-exteriores-Antica-escaleras-l.webp\",\"width\":360,\"height\":270},{\"@type\":\"BreadcrumbList\",\"@id\":\"https:\/\/klienci.scepter.agency\/greston\/produkty\/sciany\/plytki\/gres-de-breda\/#breadcrumb\",\"itemListElement\":[{\"@type\":\"ListItem\",\"position\":1,\"name\":\"Strona g\u0142\u00f3wna\",\"item\":\"https:\/\/klienci.scepter.agency\/greston\/\"},{\"@type\":\"ListItem\",\"position\":2,\"name\":\"Produkty\",\"item\":\"https:\/\/klienci.scepter.agency\/greston\/produkty\/\"},{\"@type\":\"ListItem\",\"position\":3,\"name\":\"\u015aciany\",\"item\":\"https:\/\/klienci.scepter.agency\/greston\/produkty\/sciany\/\"},{\"@type\":\"ListItem\",\"position\":4,\"name\":\"P\u0142ytki\",\"item\":\"https:\/\/klienci.scepter.agency\/greston\/produkty\/sciany\/plytki\/\"},{\"@type\":\"ListItem\",\"position\":5,\"name\":\"Gres de Breda\"}]},{\"@type\":\"WebSite\",\"@id\":\"https:\/\/klienci.scepter.agency\/greston\/#website\",\"url\":\"https:\/\/klienci.scepter.agency\/greston\/\",\"name\":\"Salon \u0142azienek Warszawa, armatura, gresy i akcesoria - Greston\",\"description\":\"\",\"potentialAction\":[{\"@type\":\"SearchAction\",\"target\":{\"@type\":\"EntryPoint\",\"urlTemplate\":\"https:\/\/klienci.scepter.agency\/greston\/?s={search_term_string}\"},\"query-input\":\"required name=search_term_string\"}],\"inLanguage\":\"pl-PL\"}]}<\/script>\n<!-- \/ Yoast SEO plugin. -->","yoast_head_json":{"title":"Gres de Breda - Salon \u0142azienek Warszawa, armatura, gresy i akcesoria - Greston","robots":{"index":"noindex","follow":"follow","max-snippet":"max-snippet:-1","max-image-preview":"max-image-preview:large","max-video-preview":"max-video-preview:-1"},"og_locale":"pl_PL","og_type":"article","og_title":"Gres de Breda - Salon \u0142azienek Warszawa, armatura, gresy i akcesoria - Greston","og_description":"Gres de Breda si\u0119ga swoimi korzeniami a\u017c do 1921 roku, kiedy to w Matar\u00f3 powsta\u0142a firma La Cer\u00e1mica Moderna. Pocz\u0105tkowo firma specjalizowa\u0142a si\u0119 w produkcji materia\u0142\u00f3w ogniotrwa\u0142ych i kamionki przemys\u0142owej wypalanej w wysokich temperaturach. Z biegiem lat przedsi\u0119biorstwo ewoluowa\u0142o, staj\u0105c si\u0119 Gres Breda, S.A., przy czym zawsze k\u0142ad\u0142o nacisk na innowacje i design, czerpi\u0105c z [&hellip;]","og_url":"https:\/\/klienci.scepter.agency\/greston\/produkty\/sciany\/plytki\/gres-de-breda\/","og_site_name":"Salon \u0142azienek Warszawa, armatura, gresy i akcesoria - Greston","article_modified_time":"2024-09-04T12:42:15+00:00","og_image":[{"width":360,"height":270,"url":"https:\/\/klienci.scepter.agency\/greston\/wp-content\/uploads\/2024\/09\/Terraklinker-gres-rustico-catalan-extrusionado-tipo-ferrogres-antideslizante-resistente-hielo-suelos-terrazas-exteriores-Antica-escaleras-l.webp","type":"image\/webp"}],"twitter_card":"summary_large_image","twitter_misc":{"Szacowany czas czytania":"4 minuty"},"schema":{"@context":"https:\/\/schema.org","@graph":[{"@type":"WebPage","@id":"https:\/\/klienci.scepter.agency\/greston\/produkty\/sciany\/plytki\/gres-de-breda\/","url":"https:\/\/klienci.scepter.agency\/greston\/produkty\/sciany\/plytki\/gres-de-breda\/","name":"Gres de Breda - Salon \u0142azienek Warszawa, armatura, gresy i akcesoria - Greston","isPartOf":{"@id":"https:\/\/klienci.scepter.agency\/greston\/#website"},"primaryImageOfPage":{"@id":"https:\/\/klienci.scepter.agency\/greston\/produkty\/sciany\/plytki\/gres-de-breda\/#primaryimage"},"image":{"@id":"https:\/\/klienci.scepter.agency\/greston\/produkty\/sciany\/plytki\/gres-de-breda\/#primaryimage"},"thumbnailUrl":"https:\/\/klienci.scepter.agency\/greston\/wp-content\/uploads\/2024\/09\/Terraklinker-gres-rustico-catalan-extrusionado-tipo-ferrogres-antideslizante-resistente-hielo-suelos-terrazas-exteriores-Antica-escaleras-l.webp","datePublished":"2024-08-13T21:33:32+00:00","dateModified":"2024-09-04T12:42:15+00:00","breadcrumb":{"@id":"https:\/\/klienci.scepter.agency\/greston\/produkty\/sciany\/plytki\/gres-de-breda\/#breadcrumb"},"inLanguage":"pl-PL","potentialAction":[{"@type":"ReadAction","target":["https:\/\/klienci.scepter.agency\/greston\/produkty\/sciany\/plytki\/gres-de-breda\/"]}]},{"@type":"ImageObject","inLanguage":"pl-PL","@id":"https:\/\/klienci.scepter.agency\/greston\/produkty\/sciany\/plytki\/gres-de-breda\/#primaryimage","url":"https:\/\/klienci.scepter.agency\/greston\/wp-content\/uploads\/2024\/09\/Terraklinker-gres-rustico-catalan-extrusionado-tipo-ferrogres-antideslizante-resistente-hielo-suelos-terrazas-exteriores-Antica-escaleras-l.webp","contentUrl":"https:\/\/klienci.scepter.agency\/greston\/wp-content\/uploads\/2024\/09\/Terraklinker-gres-rustico-catalan-extrusionado-tipo-ferrogres-antideslizante-resistente-hielo-suelos-terrazas-exteriores-Antica-escaleras-l.webp","width":360,"height":270},{"@type":"BreadcrumbList","@id":"https:\/\/klienci.scepter.agency\/greston\/produkty\/sciany\/plytki\/gres-de-breda\/#breadcrumb","itemListElement":[{"@type":"ListItem","position":1,"name":"Strona g\u0142\u00f3wna","item":"https:\/\/klienci.scepter.agency\/greston\/"},{"@type":"ListItem","position":2,"name":"Produkty","item":"https:\/\/klienci.scepter.agency\/greston\/produkty\/"},{"@type":"ListItem","position":3,"name":"\u015aciany","item":"https:\/\/klienci.scepter.agency\/greston\/produkty\/sciany\/"},{"@type":"ListItem","position":4,"name":"P\u0142ytki","item":"https:\/\/klienci.scepter.agency\/greston\/produkty\/sciany\/plytki\/"},{"@type":"ListItem","position":5,"name":"Gres de Breda"}]},{"@type":"WebSite","@id":"https:\/\/klienci.scepter.agency\/greston\/#website","url":"https:\/\/klienci.scepter.agency\/greston\/","name":"Salon \u0142azienek Warszawa, armatura, gresy i akcesoria - Greston","description":"","potentialAction":[{"@type":"SearchAction","target":{"@type":"EntryPoint","urlTemplate":"https:\/\/klienci.scepter.agency\/greston\/?s={search_term_string}"},"query-input":"required name=search_term_string"}],"inLanguage":"pl-PL"}]}},"_links":{"self":[{"href":"https:\/\/klienci.scepter.agency\/greston\/wp-json\/wp\/v2\/pages\/691","targetHints":{"allow":["GET"]}}],"collection":[{"href":"https:\/\/klienci.scepter.agency\/greston\/wp-json\/wp\/v2\/pages"}],"about":[{"href":"https:\/\/klienci.scepter.agency\/greston\/wp-json\/wp\/v2\/types\/page"}],"author":[{"embeddable":true,"href":"https:\/\/klienci.scepter.agency\/greston\/wp-json\/wp\/v2\/users\/1"}],"replies":[{"embeddable":true,"href":"https:\/\/klienci.scepter.agency\/greston\/wp-json\/wp\/v2\/comments?post=691"}],"version-history":[{"count":6,"href":"https:\/\/klienci.scepter.agency\/greston\/wp-json\/wp\/v2\/pages\/691\/revisions"}],"predecessor-version":[{"id":1119,"href":"https:\/\/klienci.scepter.agency\/greston\/wp-json\/wp\/v2\/pages\/691\/revisions\/1119"}],"up":[{"embeddable":true,"href":"https:\/\/klienci.scepter.agency\/greston\/wp-json\/wp\/v2\/pages\/635"}],"wp:featuredmedia":[{"embeddable":true,"href":"https:\/\/klienci.scepter.agency\/greston\/wp-json\/wp\/v2\/media\/1114"}],"wp:attachment":[{"href":"https:\/\/klienci.scepter.agency\/greston\/wp-json\/wp\/v2\/media?parent=691"}],"curies":[{"name":"wp","href":"https:\/\/api.w.org\/{rel}","templated":true}]}}