{"id":697,"date":"2024-08-13T23:34:40","date_gmt":"2024-08-13T21:34:40","guid":{"rendered":"https:\/\/klienci.scepter.agency\/greston\/?page_id=697"},"modified":"2024-10-11T13:52:59","modified_gmt":"2024-10-11T11:52:59","slug":"lantic-colonial","status":"publish","type":"page","link":"https:\/\/klienci.scepter.agency\/greston\/produkty\/sciany\/plytki\/lantic-colonial\/","title":{"rendered":"L\u2019Antic Colonial"},"content":{"rendered":"\n<p><strong>L\u2019Antic Colonial<\/strong> to hiszpa\u0144ska marka b\u0119d\u0105ca cz\u0119\u015bci\u0105 renomowanej grupy <strong>Porcelanosa<\/strong>, specjalizuj\u0105ca si\u0119 w produkcji materia\u0142\u00f3w wyko\u0144czeniowych, kt\u00f3re bazuj\u0105 na naturalnych surowcach. Od momentu swojego powstania, <strong>L\u2019Antic Colonial<\/strong> koncentruje si\u0119 na dostarczaniu luksusowych produkt\u00f3w, kt\u00f3re \u0142\u0105cz\u0105 w sobie pi\u0119kno natury z najwy\u017csz\u0105 jako\u015bci\u0105 wykonania. Marka oferuje szeroki asortyment, kt\u00f3ry obejmuje kamie\u0144 naturalny, marmur, drewno, mozaiki, a tak\u017ce luksusowe p\u0142ytki ceramiczne, idealnie pasuj\u0105ce do eleganckich wn\u0119trz oraz przestrzeni na \u015bwie\u017cym powietrzu.<\/p>\n\n\n\n<p><strong>L\u2019Antic Colonial<\/strong> wyr\u00f3\u017cnia si\u0119 swoj\u0105 filozofi\u0105, kt\u00f3ra opiera si\u0119 na wykorzystywaniu autentycznych, naturalnych materia\u0142\u00f3w, pozwalaj\u0105cych na stworzenie wn\u0119trz, kt\u00f3re w harmonijny spos\u00f3b \u0142\u0105cz\u0105 cz\u0142owieka z przyrod\u0105. Kamienie naturalne, takie jak marmur, \u0142upek czy trawertyn, w po\u0142\u0105czeniu z naturalnym drewnem, oferuj\u0105 wyj\u0105tkowy klimat oraz elegancj\u0119, kt\u00f3re doskonale wpisuj\u0105 si\u0119 zar\u00f3wno w klasyczne, jak i nowoczesne projekty.<\/p>\n\n\n\n<p><strong>L\u2019Antic Colonial<\/strong> wsp\u00f3\u0142pracuje tak\u017ce z wieloma znanymi architektami i projektantami, tworz\u0105c kolekcje, kt\u00f3re wyr\u00f3\u017cniaj\u0105 si\u0119 nowoczesnym wzornictwem oraz doskona\u0142\u0105 jako\u015bci\u0105. Firma d\u0105\u017cy do \u0142\u0105czenia natury z innowacj\u0105, oferuj\u0105c produkty, kt\u00f3re pozwalaj\u0105 na realizacj\u0119 naj\u015bmielszych projekt\u00f3w architektonicznych i wn\u0119trzarskich <\/p>\n\n\n\n<p>.<strong>L\u2019Antic Colonial<\/strong> to marka dla os\u00f3b, kt\u00f3re poszukuj\u0105 naturalnych materia\u0142\u00f3w wyko\u0144czeniowych o najwy\u017cszej jako\u015bci, kt\u00f3re dodadz\u0105 elegancji i luksusu ka\u017cdemu wn\u0119trzu. Dzi\u0119ki wyj\u0105tkowym kolekcjom opartym na naturalnych surowcach, marka ta jest doskona\u0142ym wyborem zar\u00f3wno dla projekt\u00f3w mieszkaniowych, jak i komercyjnych, kt\u00f3re stawiaj\u0105 na ponadczasowy styl i blisko\u015b\u0107 natury.<\/p>\n\n\n\n<p><\/p>\n\n\n\n<div class=\"wp-block-buttons is-layout-flex wp-block-buttons-is-layout-flex\">\n<div class=\"wp-block-button\"><a class=\"wp-block-button__link wp-element-button\" href=\"https:\/\/www.anticcolonial.com\/en\/\" target=\"_blank\" rel=\"noreferrer noopener\">Zobacz stron\u0119 producenta<\/a><\/div>\n<\/div>\n\n\n\n<p><\/p>\n\n\n\n<figure class=\"wp-block-gallery has-nested-images columns-default is-cropped wp-block-gallery-1 is-layout-flex wp-block-gallery-is-layout-flex\">\n<figure class=\"wp-block-image size-large\"><a href=\"https:\/\/klienci.scepter.agency\/greston\/wp-content\/uploads\/2024\/10\/Img_Mos_Creta_Mint_Motif_Tray_L_Persian_White_V-1.jpg\"><img loading=\"lazy\" decoding=\"async\" width=\"768\" height=\"1024\" data-id=\"1767\" src=\"https:\/\/klienci.scepter.agency\/greston\/wp-content\/uploads\/2024\/10\/Img_Mos_Creta_Mint_Motif_Tray_L_Persian_White_V-1-768x1024.jpg\" alt=\"\" class=\"wp-image-1767\" srcset=\"https:\/\/klienci.scepter.agency\/greston\/wp-content\/uploads\/2024\/10\/Img_Mos_Creta_Mint_Motif_Tray_L_Persian_White_V-1-768x1024.jpg 768w, https:\/\/klienci.scepter.agency\/greston\/wp-content\/uploads\/2024\/10\/Img_Mos_Creta_Mint_Motif_Tray_L_Persian_White_V-1-225x300.jpg 225w, https:\/\/klienci.scepter.agency\/greston\/wp-content\/uploads\/2024\/10\/Img_Mos_Creta_Mint_Motif_Tray_L_Persian_White_V-1-600x800.jpg 600w, https:\/\/klienci.scepter.agency\/greston\/wp-content\/uploads\/2024\/10\/Img_Mos_Creta_Mint_Motif_Tray_L_Persian_White_V-1.jpg 800w\" sizes=\"auto, (max-width: 768px) 100vw, 768px\" \/><\/a><\/figure>\n\n\n\n<figure class=\"wp-block-image size-large\"><a href=\"https:\/\/klienci.scepter.agency\/greston\/wp-content\/uploads\/2024\/10\/Img_Mos_Bruma_Cobalt_Artisan_1L_Woven_V.jpg\"><img loading=\"lazy\" decoding=\"async\" width=\"768\" height=\"1024\" data-id=\"1766\" src=\"https:\/\/klienci.scepter.agency\/greston\/wp-content\/uploads\/2024\/10\/Img_Mos_Bruma_Cobalt_Artisan_1L_Woven_V-768x1024.jpg\" alt=\"\" class=\"wp-image-1766\" srcset=\"https:\/\/klienci.scepter.agency\/greston\/wp-content\/uploads\/2024\/10\/Img_Mos_Bruma_Cobalt_Artisan_1L_Woven_V-768x1024.jpg 768w, https:\/\/klienci.scepter.agency\/greston\/wp-content\/uploads\/2024\/10\/Img_Mos_Bruma_Cobalt_Artisan_1L_Woven_V-225x300.jpg 225w, https:\/\/klienci.scepter.agency\/greston\/wp-content\/uploads\/2024\/10\/Img_Mos_Bruma_Cobalt_Artisan_1L_Woven_V-600x800.jpg 600w, https:\/\/klienci.scepter.agency\/greston\/wp-content\/uploads\/2024\/10\/Img_Mos_Bruma_Cobalt_Artisan_1L_Woven_V.jpg 800w\" sizes=\"auto, (max-width: 768px) 100vw, 768px\" \/><\/a><\/figure>\n\n\n\n<figure class=\"wp-block-image size-large\"><a href=\"https:\/\/klienci.scepter.agency\/greston\/wp-content\/uploads\/2024\/10\/Img_Cer_Geo_Deco_Maroon_Geo_Maroon_Habana_Dark_Classico_Picat_Mirror_Picat_Stand_Lines_Habana_Dark.jpg\"><img loading=\"lazy\" decoding=\"async\" width=\"768\" height=\"1024\" data-id=\"1765\" src=\"https:\/\/klienci.scepter.agency\/greston\/wp-content\/uploads\/2024\/10\/Img_Cer_Geo_Deco_Maroon_Geo_Maroon_Habana_Dark_Classico_Picat_Mirror_Picat_Stand_Lines_Habana_Dark-768x1024.jpg\" alt=\"\" class=\"wp-image-1765\" srcset=\"https:\/\/klienci.scepter.agency\/greston\/wp-content\/uploads\/2024\/10\/Img_Cer_Geo_Deco_Maroon_Geo_Maroon_Habana_Dark_Classico_Picat_Mirror_Picat_Stand_Lines_Habana_Dark-768x1024.jpg 768w, https:\/\/klienci.scepter.agency\/greston\/wp-content\/uploads\/2024\/10\/Img_Cer_Geo_Deco_Maroon_Geo_Maroon_Habana_Dark_Classico_Picat_Mirror_Picat_Stand_Lines_Habana_Dark-225x300.jpg 225w, https:\/\/klienci.scepter.agency\/greston\/wp-content\/uploads\/2024\/10\/Img_Cer_Geo_Deco_Maroon_Geo_Maroon_Habana_Dark_Classico_Picat_Mirror_Picat_Stand_Lines_Habana_Dark-600x800.jpg 600w, https:\/\/klienci.scepter.agency\/greston\/wp-content\/uploads\/2024\/10\/Img_Cer_Geo_Deco_Maroon_Geo_Maroon_Habana_Dark_Classico_Picat_Mirror_Picat_Stand_Lines_Habana_Dark.jpg 800w\" sizes=\"auto, (max-width: 768px) 100vw, 768px\" \/><\/a><\/figure>\n\n\n\n<figure class=\"wp-block-image size-large\"><a href=\"https:\/\/klienci.scepter.agency\/greston\/wp-content\/uploads\/2024\/10\/100272803.jpg\"><img loading=\"lazy\" decoding=\"async\" width=\"709\" height=\"709\" data-id=\"1764\" src=\"https:\/\/klienci.scepter.agency\/greston\/wp-content\/uploads\/2024\/10\/100272803.jpg\" alt=\"\" class=\"wp-image-1764\" srcset=\"https:\/\/klienci.scepter.agency\/greston\/wp-content\/uploads\/2024\/10\/100272803.jpg 709w, https:\/\/klienci.scepter.agency\/greston\/wp-content\/uploads\/2024\/10\/100272803-300x300.jpg 300w, https:\/\/klienci.scepter.agency\/greston\/wp-content\/uploads\/2024\/10\/100272803-150x150.jpg 150w, https:\/\/klienci.scepter.agency\/greston\/wp-content\/uploads\/2024\/10\/100272803-600x600.jpg 600w, https:\/\/klienci.scepter.agency\/greston\/wp-content\/uploads\/2024\/10\/100272803-100x100.jpg 100w\" sizes=\"auto, (max-width: 709px) 100vw, 709px\" \/><\/a><figcaption class=\"wp-element-caption\">100272803 L244009551 CRYSTAL CREAM 29.5X34.5X0.8<\/figcaption><\/figure>\n\n\n\n<figure class=\"wp-block-image size-large\"><a href=\"https:\/\/klienci.scepter.agency\/greston\/wp-content\/uploads\/2024\/10\/wyrozniajace-15.jpg\"><img loading=\"lazy\" decoding=\"async\" width=\"768\" height=\"1024\" data-id=\"1763\" src=\"https:\/\/klienci.scepter.agency\/greston\/wp-content\/uploads\/2024\/10\/wyrozniajace-15-768x1024.jpg\" alt=\"\" class=\"wp-image-1763\" srcset=\"https:\/\/klienci.scepter.agency\/greston\/wp-content\/uploads\/2024\/10\/wyrozniajace-15-768x1024.jpg 768w, https:\/\/klienci.scepter.agency\/greston\/wp-content\/uploads\/2024\/10\/wyrozniajace-15-225x300.jpg 225w, https:\/\/klienci.scepter.agency\/greston\/wp-content\/uploads\/2024\/10\/wyrozniajace-15-1152x1536.jpg 1152w, https:\/\/klienci.scepter.agency\/greston\/wp-content\/uploads\/2024\/10\/wyrozniajace-15-600x800.jpg 600w, https:\/\/klienci.scepter.agency\/greston\/wp-content\/uploads\/2024\/10\/wyrozniajace-15.jpg 1440w\" sizes=\"auto, (max-width: 768px) 100vw, 768px\" \/><\/a><\/figure>\n\n\n\n<figure class=\"wp-block-image size-large\"><a href=\"https:\/\/klienci.scepter.agency\/greston\/wp-content\/uploads\/2024\/10\/L.AMB_.002402.jpg\"><img loading=\"lazy\" decoding=\"async\" width=\"768\" height=\"1024\" data-id=\"1762\" src=\"https:\/\/klienci.scepter.agency\/greston\/wp-content\/uploads\/2024\/10\/L.AMB_.002402-768x1024.jpg\" alt=\"\" class=\"wp-image-1762\" srcset=\"https:\/\/klienci.scepter.agency\/greston\/wp-content\/uploads\/2024\/10\/L.AMB_.002402-768x1024.jpg 768w, https:\/\/klienci.scepter.agency\/greston\/wp-content\/uploads\/2024\/10\/L.AMB_.002402-225x300.jpg 225w, https:\/\/klienci.scepter.agency\/greston\/wp-content\/uploads\/2024\/10\/L.AMB_.002402-1152x1536.jpg 1152w, https:\/\/klienci.scepter.agency\/greston\/wp-content\/uploads\/2024\/10\/L.AMB_.002402-600x800.jpg 600w, https:\/\/klienci.scepter.agency\/greston\/wp-content\/uploads\/2024\/10\/L.AMB_.002402.jpg 1440w\" sizes=\"auto, (max-width: 768px) 100vw, 768px\" \/><\/a><\/figure>\n\n\n\n<figure class=\"wp-block-image size-large\"><a href=\"https:\/\/klienci.scepter.agency\/greston\/wp-content\/uploads\/2024\/10\/Img_Mos_Polynesia_Ocean.jpg\"><img loading=\"lazy\" decoding=\"async\" width=\"1024\" height=\"768\" data-id=\"1761\" src=\"https:\/\/klienci.scepter.agency\/greston\/wp-content\/uploads\/2024\/10\/Img_Mos_Polynesia_Ocean-1024x768.jpg\" alt=\"\" class=\"wp-image-1761\" srcset=\"https:\/\/klienci.scepter.agency\/greston\/wp-content\/uploads\/2024\/10\/Img_Mos_Polynesia_Ocean-1024x768.jpg 1024w, https:\/\/klienci.scepter.agency\/greston\/wp-content\/uploads\/2024\/10\/Img_Mos_Polynesia_Ocean-300x225.jpg 300w, https:\/\/klienci.scepter.agency\/greston\/wp-content\/uploads\/2024\/10\/Img_Mos_Polynesia_Ocean-768x576.jpg 768w, https:\/\/klienci.scepter.agency\/greston\/wp-content\/uploads\/2024\/10\/Img_Mos_Polynesia_Ocean-600x450.jpg 600w, https:\/\/klienci.scepter.agency\/greston\/wp-content\/uploads\/2024\/10\/Img_Mos_Polynesia_Ocean.jpg 1100w\" sizes=\"auto, (max-width: 1024px) 100vw, 1024px\" \/><\/a><\/figure>\n<\/figure>\n","protected":false},"excerpt":{"rendered":"<p>L\u2019Antic Colonial to hiszpa\u0144ska marka b\u0119d\u0105ca cz\u0119\u015bci\u0105 renomowanej grupy Porcelanosa, specjalizuj\u0105ca si\u0119 w produkcji materia\u0142\u00f3w wyko\u0144czeniowych, kt\u00f3re bazuj\u0105 na naturalnych surowcach. Od momentu swojego powstania, L\u2019Antic Colonial koncentruje si\u0119 na dostarczaniu luksusowych produkt\u00f3w, kt\u00f3re \u0142\u0105cz\u0105 w sobie pi\u0119kno natury z najwy\u017csz\u0105 jako\u015bci\u0105 wykonania. Marka oferuje szeroki asortyment, kt\u00f3ry obejmuje kamie\u0144 naturalny, marmur, drewno, mozaiki, a [&hellip;]<\/p>\n","protected":false},"author":1,"featured_media":1761,"parent":635,"menu_order":0,"comment_status":"closed","ping_status":"closed","template":"pages\/produkty-marki.php","meta":{"footnotes":""},"class_list":["post-697","page","type-page","status-publish","has-post-thumbnail","hentry"],"acf":[],"yoast_head":"<!-- This site is optimized with the Yoast SEO plugin v23.2 - https:\/\/yoast.com\/wordpress\/plugins\/seo\/ -->\n<title>L\u2019Antic Colonial - Salon \u0142azienek Warszawa, armatura, gresy i akcesoria - Greston<\/title>\n<meta name=\"robots\" content=\"noindex, follow, max-snippet:-1, max-image-preview:large, max-video-preview:-1\" \/>\n<meta property=\"og:locale\" content=\"pl_PL\" \/>\n<meta property=\"og:type\" content=\"article\" \/>\n<meta property=\"og:title\" content=\"L\u2019Antic Colonial - Salon \u0142azienek Warszawa, armatura, gresy i akcesoria - Greston\" \/>\n<meta property=\"og:description\" content=\"L\u2019Antic Colonial to hiszpa\u0144ska marka b\u0119d\u0105ca cz\u0119\u015bci\u0105 renomowanej grupy Porcelanosa, specjalizuj\u0105ca si\u0119 w produkcji materia\u0142\u00f3w wyko\u0144czeniowych, kt\u00f3re bazuj\u0105 na naturalnych surowcach. Od momentu swojego powstania, L\u2019Antic Colonial koncentruje si\u0119 na dostarczaniu luksusowych produkt\u00f3w, kt\u00f3re \u0142\u0105cz\u0105 w sobie pi\u0119kno natury z najwy\u017csz\u0105 jako\u015bci\u0105 wykonania. Marka oferuje szeroki asortyment, kt\u00f3ry obejmuje kamie\u0144 naturalny, marmur, drewno, mozaiki, a [&hellip;]\" \/>\n<meta property=\"og:url\" content=\"https:\/\/klienci.scepter.agency\/greston\/produkty\/sciany\/plytki\/lantic-colonial\/\" \/>\n<meta property=\"og:site_name\" content=\"Salon \u0142azienek Warszawa, armatura, gresy i akcesoria - Greston\" \/>\n<meta property=\"article:modified_time\" content=\"2024-10-11T11:52:59+00:00\" \/>\n<meta property=\"og:image\" content=\"https:\/\/klienci.scepter.agency\/greston\/wp-content\/uploads\/2024\/10\/Img_Mos_Polynesia_Ocean.jpg\" \/>\n\t<meta property=\"og:image:width\" content=\"1100\" \/>\n\t<meta property=\"og:image:height\" content=\"825\" \/>\n\t<meta property=\"og:image:type\" content=\"image\/jpeg\" \/>\n<meta name=\"twitter:card\" content=\"summary_large_image\" \/>\n<meta name=\"twitter:label1\" content=\"Szacowany czas czytania\" \/>\n\t<meta name=\"twitter:data1\" content=\"1 minuta\" \/>\n<script type=\"application\/ld+json\" class=\"yoast-schema-graph\">{\"@context\":\"https:\/\/schema.org\",\"@graph\":[{\"@type\":\"WebPage\",\"@id\":\"https:\/\/klienci.scepter.agency\/greston\/produkty\/sciany\/plytki\/lantic-colonial\/\",\"url\":\"https:\/\/klienci.scepter.agency\/greston\/produkty\/sciany\/plytki\/lantic-colonial\/\",\"name\":\"L\u2019Antic Colonial - Salon \u0142azienek Warszawa, armatura, gresy i akcesoria - Greston\",\"isPartOf\":{\"@id\":\"https:\/\/klienci.scepter.agency\/greston\/#website\"},\"primaryImageOfPage\":{\"@id\":\"https:\/\/klienci.scepter.agency\/greston\/produkty\/sciany\/plytki\/lantic-colonial\/#primaryimage\"},\"image\":{\"@id\":\"https:\/\/klienci.scepter.agency\/greston\/produkty\/sciany\/plytki\/lantic-colonial\/#primaryimage\"},\"thumbnailUrl\":\"https:\/\/klienci.scepter.agency\/greston\/wp-content\/uploads\/2024\/10\/Img_Mos_Polynesia_Ocean.jpg\",\"datePublished\":\"2024-08-13T21:34:40+00:00\",\"dateModified\":\"2024-10-11T11:52:59+00:00\",\"breadcrumb\":{\"@id\":\"https:\/\/klienci.scepter.agency\/greston\/produkty\/sciany\/plytki\/lantic-colonial\/#breadcrumb\"},\"inLanguage\":\"pl-PL\",\"potentialAction\":[{\"@type\":\"ReadAction\",\"target\":[\"https:\/\/klienci.scepter.agency\/greston\/produkty\/sciany\/plytki\/lantic-colonial\/\"]}]},{\"@type\":\"ImageObject\",\"inLanguage\":\"pl-PL\",\"@id\":\"https:\/\/klienci.scepter.agency\/greston\/produkty\/sciany\/plytki\/lantic-colonial\/#primaryimage\",\"url\":\"https:\/\/klienci.scepter.agency\/greston\/wp-content\/uploads\/2024\/10\/Img_Mos_Polynesia_Ocean.jpg\",\"contentUrl\":\"https:\/\/klienci.scepter.agency\/greston\/wp-content\/uploads\/2024\/10\/Img_Mos_Polynesia_Ocean.jpg\",\"width\":1100,\"height\":825},{\"@type\":\"BreadcrumbList\",\"@id\":\"https:\/\/klienci.scepter.agency\/greston\/produkty\/sciany\/plytki\/lantic-colonial\/#breadcrumb\",\"itemListElement\":[{\"@type\":\"ListItem\",\"position\":1,\"name\":\"Strona g\u0142\u00f3wna\",\"item\":\"https:\/\/klienci.scepter.agency\/greston\/\"},{\"@type\":\"ListItem\",\"position\":2,\"name\":\"Produkty\",\"item\":\"https:\/\/klienci.scepter.agency\/greston\/produkty\/\"},{\"@type\":\"ListItem\",\"position\":3,\"name\":\"\u015aciany\",\"item\":\"https:\/\/klienci.scepter.agency\/greston\/produkty\/sciany\/\"},{\"@type\":\"ListItem\",\"position\":4,\"name\":\"P\u0142ytki\",\"item\":\"https:\/\/klienci.scepter.agency\/greston\/produkty\/sciany\/plytki\/\"},{\"@type\":\"ListItem\",\"position\":5,\"name\":\"L\u2019Antic Colonial\"}]},{\"@type\":\"WebSite\",\"@id\":\"https:\/\/klienci.scepter.agency\/greston\/#website\",\"url\":\"https:\/\/klienci.scepter.agency\/greston\/\",\"name\":\"Salon \u0142azienek Warszawa, armatura, gresy i akcesoria - Greston\",\"description\":\"\",\"potentialAction\":[{\"@type\":\"SearchAction\",\"target\":{\"@type\":\"EntryPoint\",\"urlTemplate\":\"https:\/\/klienci.scepter.agency\/greston\/?s={search_term_string}\"},\"query-input\":\"required name=search_term_string\"}],\"inLanguage\":\"pl-PL\"}]}<\/script>\n<!-- \/ Yoast SEO plugin. -->","yoast_head_json":{"title":"L\u2019Antic Colonial - Salon \u0142azienek Warszawa, armatura, gresy i akcesoria - Greston","robots":{"index":"noindex","follow":"follow","max-snippet":"max-snippet:-1","max-image-preview":"max-image-preview:large","max-video-preview":"max-video-preview:-1"},"og_locale":"pl_PL","og_type":"article","og_title":"L\u2019Antic Colonial - Salon \u0142azienek Warszawa, armatura, gresy i akcesoria - Greston","og_description":"L\u2019Antic Colonial to hiszpa\u0144ska marka b\u0119d\u0105ca cz\u0119\u015bci\u0105 renomowanej grupy Porcelanosa, specjalizuj\u0105ca si\u0119 w produkcji materia\u0142\u00f3w wyko\u0144czeniowych, kt\u00f3re bazuj\u0105 na naturalnych surowcach. Od momentu swojego powstania, L\u2019Antic Colonial koncentruje si\u0119 na dostarczaniu luksusowych produkt\u00f3w, kt\u00f3re \u0142\u0105cz\u0105 w sobie pi\u0119kno natury z najwy\u017csz\u0105 jako\u015bci\u0105 wykonania. Marka oferuje szeroki asortyment, kt\u00f3ry obejmuje kamie\u0144 naturalny, marmur, drewno, mozaiki, a [&hellip;]","og_url":"https:\/\/klienci.scepter.agency\/greston\/produkty\/sciany\/plytki\/lantic-colonial\/","og_site_name":"Salon \u0142azienek Warszawa, armatura, gresy i akcesoria - Greston","article_modified_time":"2024-10-11T11:52:59+00:00","og_image":[{"width":1100,"height":825,"url":"https:\/\/klienci.scepter.agency\/greston\/wp-content\/uploads\/2024\/10\/Img_Mos_Polynesia_Ocean.jpg","type":"image\/jpeg"}],"twitter_card":"summary_large_image","twitter_misc":{"Szacowany czas czytania":"1 minuta"},"schema":{"@context":"https:\/\/schema.org","@graph":[{"@type":"WebPage","@id":"https:\/\/klienci.scepter.agency\/greston\/produkty\/sciany\/plytki\/lantic-colonial\/","url":"https:\/\/klienci.scepter.agency\/greston\/produkty\/sciany\/plytki\/lantic-colonial\/","name":"L\u2019Antic Colonial - Salon \u0142azienek Warszawa, armatura, gresy i akcesoria - Greston","isPartOf":{"@id":"https:\/\/klienci.scepter.agency\/greston\/#website"},"primaryImageOfPage":{"@id":"https:\/\/klienci.scepter.agency\/greston\/produkty\/sciany\/plytki\/lantic-colonial\/#primaryimage"},"image":{"@id":"https:\/\/klienci.scepter.agency\/greston\/produkty\/sciany\/plytki\/lantic-colonial\/#primaryimage"},"thumbnailUrl":"https:\/\/klienci.scepter.agency\/greston\/wp-content\/uploads\/2024\/10\/Img_Mos_Polynesia_Ocean.jpg","datePublished":"2024-08-13T21:34:40+00:00","dateModified":"2024-10-11T11:52:59+00:00","breadcrumb":{"@id":"https:\/\/klienci.scepter.agency\/greston\/produkty\/sciany\/plytki\/lantic-colonial\/#breadcrumb"},"inLanguage":"pl-PL","potentialAction":[{"@type":"ReadAction","target":["https:\/\/klienci.scepter.agency\/greston\/produkty\/sciany\/plytki\/lantic-colonial\/"]}]},{"@type":"ImageObject","inLanguage":"pl-PL","@id":"https:\/\/klienci.scepter.agency\/greston\/produkty\/sciany\/plytki\/lantic-colonial\/#primaryimage","url":"https:\/\/klienci.scepter.agency\/greston\/wp-content\/uploads\/2024\/10\/Img_Mos_Polynesia_Ocean.jpg","contentUrl":"https:\/\/klienci.scepter.agency\/greston\/wp-content\/uploads\/2024\/10\/Img_Mos_Polynesia_Ocean.jpg","width":1100,"height":825},{"@type":"BreadcrumbList","@id":"https:\/\/klienci.scepter.agency\/greston\/produkty\/sciany\/plytki\/lantic-colonial\/#breadcrumb","itemListElement":[{"@type":"ListItem","position":1,"name":"Strona g\u0142\u00f3wna","item":"https:\/\/klienci.scepter.agency\/greston\/"},{"@type":"ListItem","position":2,"name":"Produkty","item":"https:\/\/klienci.scepter.agency\/greston\/produkty\/"},{"@type":"ListItem","position":3,"name":"\u015aciany","item":"https:\/\/klienci.scepter.agency\/greston\/produkty\/sciany\/"},{"@type":"ListItem","position":4,"name":"P\u0142ytki","item":"https:\/\/klienci.scepter.agency\/greston\/produkty\/sciany\/plytki\/"},{"@type":"ListItem","position":5,"name":"L\u2019Antic Colonial"}]},{"@type":"WebSite","@id":"https:\/\/klienci.scepter.agency\/greston\/#website","url":"https:\/\/klienci.scepter.agency\/greston\/","name":"Salon \u0142azienek Warszawa, armatura, gresy i akcesoria - Greston","description":"","potentialAction":[{"@type":"SearchAction","target":{"@type":"EntryPoint","urlTemplate":"https:\/\/klienci.scepter.agency\/greston\/?s={search_term_string}"},"query-input":"required name=search_term_string"}],"inLanguage":"pl-PL"}]}},"_links":{"self":[{"href":"https:\/\/klienci.scepter.agency\/greston\/wp-json\/wp\/v2\/pages\/697","targetHints":{"allow":["GET"]}}],"collection":[{"href":"https:\/\/klienci.scepter.agency\/greston\/wp-json\/wp\/v2\/pages"}],"about":[{"href":"https:\/\/klienci.scepter.agency\/greston\/wp-json\/wp\/v2\/types\/page"}],"author":[{"embeddable":true,"href":"https:\/\/klienci.scepter.agency\/greston\/wp-json\/wp\/v2\/users\/1"}],"replies":[{"embeddable":true,"href":"https:\/\/klienci.scepter.agency\/greston\/wp-json\/wp\/v2\/comments?post=697"}],"version-history":[{"count":4,"href":"https:\/\/klienci.scepter.agency\/greston\/wp-json\/wp\/v2\/pages\/697\/revisions"}],"predecessor-version":[{"id":2468,"href":"https:\/\/klienci.scepter.agency\/greston\/wp-json\/wp\/v2\/pages\/697\/revisions\/2468"}],"up":[{"embeddable":true,"href":"https:\/\/klienci.scepter.agency\/greston\/wp-json\/wp\/v2\/pages\/635"}],"wp:featuredmedia":[{"embeddable":true,"href":"https:\/\/klienci.scepter.agency\/greston\/wp-json\/wp\/v2\/media\/1761"}],"wp:attachment":[{"href":"https:\/\/klienci.scepter.agency\/greston\/wp-json\/wp\/v2\/media?parent=697"}],"curies":[{"name":"wp","href":"https:\/\/api.w.org\/{rel}","templated":true}]}}