{"id":751,"date":"2024-08-13T23:45:24","date_gmt":"2024-08-13T21:45:24","guid":{"rendered":"https:\/\/klienci.scepter.agency\/greston\/?page_id=751"},"modified":"2024-09-23T09:58:57","modified_gmt":"2024-09-23T07:58:57","slug":"otif-profil","status":"publish","type":"page","link":"https:\/\/klienci.scepter.agency\/greston\/produkty\/drzwi\/otif-profil\/","title":{"rendered":"Otif Profil"},"content":{"rendered":"\n<p>OTIF \u2013 NIESPOTYKANE PI\u0118KNO STALI I SZK\u0141A<\/p>\n\n\n\n<p>Z pasji do pi\u0119kna ukrytego w stali i szkle oraz z przekonania, \u017ce ka\u017cdy zas\u0142uguje na najwy\u017csz\u0105 jako\u015b\u0107 produktu, powsta\u0142a marka OTIF. Maj\u0105c na uwadze jak wa\u017cne s\u0105 detale dbamy o to, by nasze rozwi\u0105zania, przekazywane ka\u017cdego dnia do u\u017cytku w Pa\u0144stwa domach, biurach i apartamentach, by\u0142y wykonane w najwy\u017cszej estetyce.<br>Wszystkie procesy produkcyjne odbywaj\u0105 si\u0119 w siedzibie firmy, pozwala nam to na sta\u0142\u0105 kontrol\u0119 jako\u015bci produkowanych drzwi.<\/p>\n\n\n\n<p>Stal jest materia\u0142em trudnym w obr\u00f3bce, ale bardziej wytrzyma\u0142ym ni\u017c aluminium czy drewno i daje ogromne mo\u017cliwo\u015bci tworzenia unikatowej stolarki otworowej. Po\u0142\u0105czenie stali ze szk\u0142em to trend, kt\u00f3ry na sta\u0142e zago\u015bci\u0142 w projektach dom\u00f3w, apartament\u00f3w czy powierzchni biurowych.<br>W OTIF standardem jest produkowanie drzwi pod indywidualny projekt klienta.<br>OTIF to nieograniczone mo\u017cliwo\u015bci.<br>W naszych rozwi\u0105zaniach znajdziecie:<\/p>\n\n\n\n<ul class=\"wp-block-list\">\n<li>drzwi rozwierne<\/li>\n\n\n\n<li>drzwi wahad\u0142owe (PIVOTY)<\/li>\n\n\n\n<li>drzwi przesuwne<\/li>\n\n\n\n<li>drzwi harmonijkowe( \u0141AMANE)<\/li>\n\n\n\n<li>panele sta\u0142e\/ fiksy\/ do\u015bwietla<\/li>\n<\/ul>\n\n\n\n<p>Zapraszamy do wyboru drzwi i przeszkle\u0144 OTIF.<br>Mnogo\u015b\u0107 mo\u017cliwo\u015bci pozwoli kreatywnie zaprojektowa\u0107 przestrze\u0144 Waszych wn\u0119trz w ponadczasowy i funkcjonalny spos\u00f3b.<\/p>\n\n\n\n<div class=\"wp-block-buttons is-layout-flex wp-block-buttons-is-layout-flex\">\n<div class=\"wp-block-button\"><a class=\"wp-block-button__link wp-element-button\" href=\"https:\/\/www.otif-profil.pl\/\" target=\"_blank\" rel=\"noreferrer noopener\">Zobacz stron\u0119 producenta<\/a><\/div>\n<\/div>\n\n\n\n<p><\/p>\n\n\n\n<figure class=\"wp-block-gallery has-nested-images columns-default is-cropped wp-block-gallery-1 is-layout-flex wp-block-gallery-is-layout-flex\">\n<figure class=\"wp-block-image size-large\"><a href=\"https:\/\/klienci.scepter.agency\/greston\/wp-content\/uploads\/2024\/09\/Zdjecie-WhatsApp-2024-09-12-o-11.37.46_f939dc69.jpg\"><img loading=\"lazy\" decoding=\"async\" width=\"768\" height=\"1024\" data-id=\"1321\" src=\"https:\/\/klienci.scepter.agency\/greston\/wp-content\/uploads\/2024\/09\/Zdjecie-WhatsApp-2024-09-12-o-11.37.46_f939dc69.jpg\" alt=\"\" class=\"wp-image-1321\" srcset=\"https:\/\/klienci.scepter.agency\/greston\/wp-content\/uploads\/2024\/09\/Zdjecie-WhatsApp-2024-09-12-o-11.37.46_f939dc69.jpg 768w, https:\/\/klienci.scepter.agency\/greston\/wp-content\/uploads\/2024\/09\/Zdjecie-WhatsApp-2024-09-12-o-11.37.46_f939dc69-225x300.jpg 225w, https:\/\/klienci.scepter.agency\/greston\/wp-content\/uploads\/2024\/09\/Zdjecie-WhatsApp-2024-09-12-o-11.37.46_f939dc69-600x800.jpg 600w\" sizes=\"auto, (max-width: 768px) 100vw, 768px\" \/><\/a><\/figure>\n\n\n\n<figure class=\"wp-block-image size-large\"><a href=\"https:\/\/klienci.scepter.agency\/greston\/wp-content\/uploads\/2024\/09\/Zdjecie-WhatsApp-2024-09-12-o-11.36.15_151c56d6.jpg\"><img loading=\"lazy\" decoding=\"async\" width=\"768\" height=\"1024\" data-id=\"1320\" src=\"https:\/\/klienci.scepter.agency\/greston\/wp-content\/uploads\/2024\/09\/Zdjecie-WhatsApp-2024-09-12-o-11.36.15_151c56d6-768x1024.jpg\" alt=\"\" class=\"wp-image-1320\" srcset=\"https:\/\/klienci.scepter.agency\/greston\/wp-content\/uploads\/2024\/09\/Zdjecie-WhatsApp-2024-09-12-o-11.36.15_151c56d6-768x1024.jpg 768w, https:\/\/klienci.scepter.agency\/greston\/wp-content\/uploads\/2024\/09\/Zdjecie-WhatsApp-2024-09-12-o-11.36.15_151c56d6-225x300.jpg 225w, https:\/\/klienci.scepter.agency\/greston\/wp-content\/uploads\/2024\/09\/Zdjecie-WhatsApp-2024-09-12-o-11.36.15_151c56d6-1152x1536.jpg 1152w, https:\/\/klienci.scepter.agency\/greston\/wp-content\/uploads\/2024\/09\/Zdjecie-WhatsApp-2024-09-12-o-11.36.15_151c56d6-600x800.jpg 600w, https:\/\/klienci.scepter.agency\/greston\/wp-content\/uploads\/2024\/09\/Zdjecie-WhatsApp-2024-09-12-o-11.36.15_151c56d6.jpg 1269w\" sizes=\"auto, (max-width: 768px) 100vw, 768px\" \/><\/a><\/figure>\n\n\n\n<figure class=\"wp-block-image size-large\"><a href=\"https:\/\/klienci.scepter.agency\/greston\/wp-content\/uploads\/2024\/09\/vidadoors_stalendeuren_steeldoors_2-scaled.jpg\"><img loading=\"lazy\" decoding=\"async\" width=\"720\" height=\"1024\" data-id=\"1319\" src=\"https:\/\/klienci.scepter.agency\/greston\/wp-content\/uploads\/2024\/09\/vidadoors_stalendeuren_steeldoors_2-720x1024.jpg\" alt=\"\" class=\"wp-image-1319\" srcset=\"https:\/\/klienci.scepter.agency\/greston\/wp-content\/uploads\/2024\/09\/vidadoors_stalendeuren_steeldoors_2-720x1024.jpg 720w, https:\/\/klienci.scepter.agency\/greston\/wp-content\/uploads\/2024\/09\/vidadoors_stalendeuren_steeldoors_2-211x300.jpg 211w, https:\/\/klienci.scepter.agency\/greston\/wp-content\/uploads\/2024\/09\/vidadoors_stalendeuren_steeldoors_2-768x1093.jpg 768w, https:\/\/klienci.scepter.agency\/greston\/wp-content\/uploads\/2024\/09\/vidadoors_stalendeuren_steeldoors_2-1080x1536.jpg 1080w, https:\/\/klienci.scepter.agency\/greston\/wp-content\/uploads\/2024\/09\/vidadoors_stalendeuren_steeldoors_2-1440x2048.jpg 1440w, https:\/\/klienci.scepter.agency\/greston\/wp-content\/uploads\/2024\/09\/vidadoors_stalendeuren_steeldoors_2-600x854.jpg 600w, https:\/\/klienci.scepter.agency\/greston\/wp-content\/uploads\/2024\/09\/vidadoors_stalendeuren_steeldoors_2-scaled.jpg 1800w\" sizes=\"auto, (max-width: 720px) 100vw, 720px\" \/><\/a><\/figure>\n\n\n\n<figure class=\"wp-block-image size-large\"><a href=\"https:\/\/klienci.scepter.agency\/greston\/wp-content\/uploads\/2024\/09\/vidadoors_stalendeuren_scharnierdeur_wit_ral9003_13-scaled.jpg\"><img loading=\"lazy\" decoding=\"async\" width=\"742\" height=\"1024\" data-id=\"1318\" src=\"https:\/\/klienci.scepter.agency\/greston\/wp-content\/uploads\/2024\/09\/vidadoors_stalendeuren_scharnierdeur_wit_ral9003_13-742x1024.jpg\" alt=\"\" class=\"wp-image-1318\" srcset=\"https:\/\/klienci.scepter.agency\/greston\/wp-content\/uploads\/2024\/09\/vidadoors_stalendeuren_scharnierdeur_wit_ral9003_13-742x1024.jpg 742w, https:\/\/klienci.scepter.agency\/greston\/wp-content\/uploads\/2024\/09\/vidadoors_stalendeuren_scharnierdeur_wit_ral9003_13-217x300.jpg 217w, https:\/\/klienci.scepter.agency\/greston\/wp-content\/uploads\/2024\/09\/vidadoors_stalendeuren_scharnierdeur_wit_ral9003_13-768x1060.jpg 768w, https:\/\/klienci.scepter.agency\/greston\/wp-content\/uploads\/2024\/09\/vidadoors_stalendeuren_scharnierdeur_wit_ral9003_13-1113x1536.jpg 1113w, https:\/\/klienci.scepter.agency\/greston\/wp-content\/uploads\/2024\/09\/vidadoors_stalendeuren_scharnierdeur_wit_ral9003_13-1484x2048.jpg 1484w, https:\/\/klienci.scepter.agency\/greston\/wp-content\/uploads\/2024\/09\/vidadoors_stalendeuren_scharnierdeur_wit_ral9003_13-600x828.jpg 600w, https:\/\/klienci.scepter.agency\/greston\/wp-content\/uploads\/2024\/09\/vidadoors_stalendeuren_scharnierdeur_wit_ral9003_13-scaled.jpg 1855w\" sizes=\"auto, (max-width: 742px) 100vw, 742px\" \/><\/a><\/figure>\n\n\n\n<figure class=\"wp-block-image size-large\"><a href=\"https:\/\/klienci.scepter.agency\/greston\/wp-content\/uploads\/2024\/09\/VIDADOORS_pivotdeur_7-scaled.jpg\"><img loading=\"lazy\" decoding=\"async\" width=\"704\" height=\"1024\" data-id=\"1317\" src=\"https:\/\/klienci.scepter.agency\/greston\/wp-content\/uploads\/2024\/09\/VIDADOORS_pivotdeur_7-704x1024.jpg\" alt=\"\" class=\"wp-image-1317\" srcset=\"https:\/\/klienci.scepter.agency\/greston\/wp-content\/uploads\/2024\/09\/VIDADOORS_pivotdeur_7-704x1024.jpg 704w, https:\/\/klienci.scepter.agency\/greston\/wp-content\/uploads\/2024\/09\/VIDADOORS_pivotdeur_7-206x300.jpg 206w, https:\/\/klienci.scepter.agency\/greston\/wp-content\/uploads\/2024\/09\/VIDADOORS_pivotdeur_7-768x1117.jpg 768w, https:\/\/klienci.scepter.agency\/greston\/wp-content\/uploads\/2024\/09\/VIDADOORS_pivotdeur_7-1056x1536.jpg 1056w, https:\/\/klienci.scepter.agency\/greston\/wp-content\/uploads\/2024\/09\/VIDADOORS_pivotdeur_7-1408x2048.jpg 1408w, https:\/\/klienci.scepter.agency\/greston\/wp-content\/uploads\/2024\/09\/VIDADOORS_pivotdeur_7-600x873.jpg 600w, https:\/\/klienci.scepter.agency\/greston\/wp-content\/uploads\/2024\/09\/VIDADOORS_pivotdeur_7-scaled.jpg 1760w\" sizes=\"auto, (max-width: 704px) 100vw, 704px\" \/><\/a><\/figure>\n\n\n\n<figure class=\"wp-block-image size-large\"><a href=\"https:\/\/klienci.scepter.agency\/greston\/wp-content\/uploads\/2024\/09\/TARGI_004-scaled.jpg\"><img loading=\"lazy\" decoding=\"async\" width=\"819\" height=\"1024\" data-id=\"1316\" src=\"https:\/\/klienci.scepter.agency\/greston\/wp-content\/uploads\/2024\/09\/TARGI_004-819x1024.jpg\" alt=\"\" class=\"wp-image-1316\" srcset=\"https:\/\/klienci.scepter.agency\/greston\/wp-content\/uploads\/2024\/09\/TARGI_004-819x1024.jpg 819w, https:\/\/klienci.scepter.agency\/greston\/wp-content\/uploads\/2024\/09\/TARGI_004-240x300.jpg 240w, https:\/\/klienci.scepter.agency\/greston\/wp-content\/uploads\/2024\/09\/TARGI_004-768x960.jpg 768w, https:\/\/klienci.scepter.agency\/greston\/wp-content\/uploads\/2024\/09\/TARGI_004-1229x1536.jpg 1229w, https:\/\/klienci.scepter.agency\/greston\/wp-content\/uploads\/2024\/09\/TARGI_004-1638x2048.jpg 1638w, https:\/\/klienci.scepter.agency\/greston\/wp-content\/uploads\/2024\/09\/TARGI_004-600x750.jpg 600w, https:\/\/klienci.scepter.agency\/greston\/wp-content\/uploads\/2024\/09\/TARGI_004-scaled.jpg 2048w\" sizes=\"auto, (max-width: 819px) 100vw, 819px\" \/><\/a><\/figure>\n<\/figure>\n","protected":false},"excerpt":{"rendered":"<p>OTIF \u2013 NIESPOTYKANE PI\u0118KNO STALI I SZK\u0141A Z pasji do pi\u0119kna ukrytego w stali i szkle oraz z przekonania, \u017ce ka\u017cdy zas\u0142uguje na najwy\u017csz\u0105 jako\u015b\u0107 produktu, powsta\u0142a marka OTIF. Maj\u0105c na uwadze jak wa\u017cne s\u0105 detale dbamy o to, by nasze rozwi\u0105zania, przekazywane ka\u017cdego dnia do u\u017cytku w Pa\u0144stwa domach, biurach i apartamentach, by\u0142y wykonane [&hellip;]<\/p>\n","protected":false},"author":1,"featured_media":1320,"parent":749,"menu_order":0,"comment_status":"closed","ping_status":"closed","template":"pages\/produkty-marki.php","meta":{"footnotes":""},"class_list":["post-751","page","type-page","status-publish","has-post-thumbnail","hentry"],"acf":[],"yoast_head":"<!-- This site is optimized with the Yoast SEO plugin v23.2 - https:\/\/yoast.com\/wordpress\/plugins\/seo\/ -->\n<title>Otif Profil - Salon \u0142azienek Warszawa, armatura, gresy i akcesoria - Greston<\/title>\n<meta name=\"robots\" content=\"noindex, follow, max-snippet:-1, max-image-preview:large, max-video-preview:-1\" \/>\n<meta property=\"og:locale\" content=\"pl_PL\" \/>\n<meta property=\"og:type\" content=\"article\" \/>\n<meta property=\"og:title\" content=\"Otif Profil - Salon \u0142azienek Warszawa, armatura, gresy i akcesoria - Greston\" \/>\n<meta property=\"og:description\" content=\"OTIF \u2013 NIESPOTYKANE PI\u0118KNO STALI I SZK\u0141A Z pasji do pi\u0119kna ukrytego w stali i szkle oraz z przekonania, \u017ce ka\u017cdy zas\u0142uguje na najwy\u017csz\u0105 jako\u015b\u0107 produktu, powsta\u0142a marka OTIF. Maj\u0105c na uwadze jak wa\u017cne s\u0105 detale dbamy o to, by nasze rozwi\u0105zania, przekazywane ka\u017cdego dnia do u\u017cytku w Pa\u0144stwa domach, biurach i apartamentach, by\u0142y wykonane [&hellip;]\" \/>\n<meta property=\"og:url\" content=\"https:\/\/klienci.scepter.agency\/greston\/produkty\/drzwi\/otif-profil\/\" \/>\n<meta property=\"og:site_name\" content=\"Salon \u0142azienek Warszawa, armatura, gresy i akcesoria - Greston\" \/>\n<meta property=\"article:modified_time\" content=\"2024-09-23T07:58:57+00:00\" \/>\n<meta property=\"og:image\" content=\"https:\/\/klienci.scepter.agency\/greston\/wp-content\/uploads\/2024\/09\/Zdjecie-WhatsApp-2024-09-12-o-11.36.15_151c56d6.jpg\" \/>\n\t<meta property=\"og:image:width\" content=\"1269\" \/>\n\t<meta property=\"og:image:height\" content=\"1692\" \/>\n\t<meta property=\"og:image:type\" content=\"image\/jpeg\" \/>\n<meta name=\"twitter:card\" content=\"summary_large_image\" \/>\n<meta name=\"twitter:label1\" content=\"Szacowany czas czytania\" \/>\n\t<meta name=\"twitter:data1\" content=\"3 minuty\" \/>\n<script type=\"application\/ld+json\" class=\"yoast-schema-graph\">{\"@context\":\"https:\/\/schema.org\",\"@graph\":[{\"@type\":\"WebPage\",\"@id\":\"https:\/\/klienci.scepter.agency\/greston\/produkty\/drzwi\/otif-profil\/\",\"url\":\"https:\/\/klienci.scepter.agency\/greston\/produkty\/drzwi\/otif-profil\/\",\"name\":\"Otif Profil - Salon \u0142azienek Warszawa, armatura, gresy i akcesoria - Greston\",\"isPartOf\":{\"@id\":\"https:\/\/klienci.scepter.agency\/greston\/#website\"},\"primaryImageOfPage\":{\"@id\":\"https:\/\/klienci.scepter.agency\/greston\/produkty\/drzwi\/otif-profil\/#primaryimage\"},\"image\":{\"@id\":\"https:\/\/klienci.scepter.agency\/greston\/produkty\/drzwi\/otif-profil\/#primaryimage\"},\"thumbnailUrl\":\"https:\/\/klienci.scepter.agency\/greston\/wp-content\/uploads\/2024\/09\/Zdjecie-WhatsApp-2024-09-12-o-11.36.15_151c56d6.jpg\",\"datePublished\":\"2024-08-13T21:45:24+00:00\",\"dateModified\":\"2024-09-23T07:58:57+00:00\",\"breadcrumb\":{\"@id\":\"https:\/\/klienci.scepter.agency\/greston\/produkty\/drzwi\/otif-profil\/#breadcrumb\"},\"inLanguage\":\"pl-PL\",\"potentialAction\":[{\"@type\":\"ReadAction\",\"target\":[\"https:\/\/klienci.scepter.agency\/greston\/produkty\/drzwi\/otif-profil\/\"]}]},{\"@type\":\"ImageObject\",\"inLanguage\":\"pl-PL\",\"@id\":\"https:\/\/klienci.scepter.agency\/greston\/produkty\/drzwi\/otif-profil\/#primaryimage\",\"url\":\"https:\/\/klienci.scepter.agency\/greston\/wp-content\/uploads\/2024\/09\/Zdjecie-WhatsApp-2024-09-12-o-11.36.15_151c56d6.jpg\",\"contentUrl\":\"https:\/\/klienci.scepter.agency\/greston\/wp-content\/uploads\/2024\/09\/Zdjecie-WhatsApp-2024-09-12-o-11.36.15_151c56d6.jpg\",\"width\":1269,\"height\":1692},{\"@type\":\"BreadcrumbList\",\"@id\":\"https:\/\/klienci.scepter.agency\/greston\/produkty\/drzwi\/otif-profil\/#breadcrumb\",\"itemListElement\":[{\"@type\":\"ListItem\",\"position\":1,\"name\":\"Strona g\u0142\u00f3wna\",\"item\":\"https:\/\/klienci.scepter.agency\/greston\/\"},{\"@type\":\"ListItem\",\"position\":2,\"name\":\"Produkty\",\"item\":\"https:\/\/klienci.scepter.agency\/greston\/produkty\/\"},{\"@type\":\"ListItem\",\"position\":3,\"name\":\"Drzwi\",\"item\":\"https:\/\/klienci.scepter.agency\/greston\/produkty\/drzwi\/\"},{\"@type\":\"ListItem\",\"position\":4,\"name\":\"Otif Profil\"}]},{\"@type\":\"WebSite\",\"@id\":\"https:\/\/klienci.scepter.agency\/greston\/#website\",\"url\":\"https:\/\/klienci.scepter.agency\/greston\/\",\"name\":\"Salon \u0142azienek Warszawa, armatura, gresy i akcesoria - Greston\",\"description\":\"\",\"potentialAction\":[{\"@type\":\"SearchAction\",\"target\":{\"@type\":\"EntryPoint\",\"urlTemplate\":\"https:\/\/klienci.scepter.agency\/greston\/?s={search_term_string}\"},\"query-input\":\"required name=search_term_string\"}],\"inLanguage\":\"pl-PL\"}]}<\/script>\n<!-- \/ Yoast SEO plugin. -->","yoast_head_json":{"title":"Otif Profil - Salon \u0142azienek Warszawa, armatura, gresy i akcesoria - Greston","robots":{"index":"noindex","follow":"follow","max-snippet":"max-snippet:-1","max-image-preview":"max-image-preview:large","max-video-preview":"max-video-preview:-1"},"og_locale":"pl_PL","og_type":"article","og_title":"Otif Profil - Salon \u0142azienek Warszawa, armatura, gresy i akcesoria - Greston","og_description":"OTIF \u2013 NIESPOTYKANE PI\u0118KNO STALI I SZK\u0141A Z pasji do pi\u0119kna ukrytego w stali i szkle oraz z przekonania, \u017ce ka\u017cdy zas\u0142uguje na najwy\u017csz\u0105 jako\u015b\u0107 produktu, powsta\u0142a marka OTIF. Maj\u0105c na uwadze jak wa\u017cne s\u0105 detale dbamy o to, by nasze rozwi\u0105zania, przekazywane ka\u017cdego dnia do u\u017cytku w Pa\u0144stwa domach, biurach i apartamentach, by\u0142y wykonane [&hellip;]","og_url":"https:\/\/klienci.scepter.agency\/greston\/produkty\/drzwi\/otif-profil\/","og_site_name":"Salon \u0142azienek Warszawa, armatura, gresy i akcesoria - Greston","article_modified_time":"2024-09-23T07:58:57+00:00","og_image":[{"width":1269,"height":1692,"url":"https:\/\/klienci.scepter.agency\/greston\/wp-content\/uploads\/2024\/09\/Zdjecie-WhatsApp-2024-09-12-o-11.36.15_151c56d6.jpg","type":"image\/jpeg"}],"twitter_card":"summary_large_image","twitter_misc":{"Szacowany czas czytania":"3 minuty"},"schema":{"@context":"https:\/\/schema.org","@graph":[{"@type":"WebPage","@id":"https:\/\/klienci.scepter.agency\/greston\/produkty\/drzwi\/otif-profil\/","url":"https:\/\/klienci.scepter.agency\/greston\/produkty\/drzwi\/otif-profil\/","name":"Otif Profil - Salon \u0142azienek Warszawa, armatura, gresy i akcesoria - Greston","isPartOf":{"@id":"https:\/\/klienci.scepter.agency\/greston\/#website"},"primaryImageOfPage":{"@id":"https:\/\/klienci.scepter.agency\/greston\/produkty\/drzwi\/otif-profil\/#primaryimage"},"image":{"@id":"https:\/\/klienci.scepter.agency\/greston\/produkty\/drzwi\/otif-profil\/#primaryimage"},"thumbnailUrl":"https:\/\/klienci.scepter.agency\/greston\/wp-content\/uploads\/2024\/09\/Zdjecie-WhatsApp-2024-09-12-o-11.36.15_151c56d6.jpg","datePublished":"2024-08-13T21:45:24+00:00","dateModified":"2024-09-23T07:58:57+00:00","breadcrumb":{"@id":"https:\/\/klienci.scepter.agency\/greston\/produkty\/drzwi\/otif-profil\/#breadcrumb"},"inLanguage":"pl-PL","potentialAction":[{"@type":"ReadAction","target":["https:\/\/klienci.scepter.agency\/greston\/produkty\/drzwi\/otif-profil\/"]}]},{"@type":"ImageObject","inLanguage":"pl-PL","@id":"https:\/\/klienci.scepter.agency\/greston\/produkty\/drzwi\/otif-profil\/#primaryimage","url":"https:\/\/klienci.scepter.agency\/greston\/wp-content\/uploads\/2024\/09\/Zdjecie-WhatsApp-2024-09-12-o-11.36.15_151c56d6.jpg","contentUrl":"https:\/\/klienci.scepter.agency\/greston\/wp-content\/uploads\/2024\/09\/Zdjecie-WhatsApp-2024-09-12-o-11.36.15_151c56d6.jpg","width":1269,"height":1692},{"@type":"BreadcrumbList","@id":"https:\/\/klienci.scepter.agency\/greston\/produkty\/drzwi\/otif-profil\/#breadcrumb","itemListElement":[{"@type":"ListItem","position":1,"name":"Strona g\u0142\u00f3wna","item":"https:\/\/klienci.scepter.agency\/greston\/"},{"@type":"ListItem","position":2,"name":"Produkty","item":"https:\/\/klienci.scepter.agency\/greston\/produkty\/"},{"@type":"ListItem","position":3,"name":"Drzwi","item":"https:\/\/klienci.scepter.agency\/greston\/produkty\/drzwi\/"},{"@type":"ListItem","position":4,"name":"Otif Profil"}]},{"@type":"WebSite","@id":"https:\/\/klienci.scepter.agency\/greston\/#website","url":"https:\/\/klienci.scepter.agency\/greston\/","name":"Salon \u0142azienek Warszawa, armatura, gresy i akcesoria - Greston","description":"","potentialAction":[{"@type":"SearchAction","target":{"@type":"EntryPoint","urlTemplate":"https:\/\/klienci.scepter.agency\/greston\/?s={search_term_string}"},"query-input":"required name=search_term_string"}],"inLanguage":"pl-PL"}]}},"_links":{"self":[{"href":"https:\/\/klienci.scepter.agency\/greston\/wp-json\/wp\/v2\/pages\/751","targetHints":{"allow":["GET"]}}],"collection":[{"href":"https:\/\/klienci.scepter.agency\/greston\/wp-json\/wp\/v2\/pages"}],"about":[{"href":"https:\/\/klienci.scepter.agency\/greston\/wp-json\/wp\/v2\/types\/page"}],"author":[{"embeddable":true,"href":"https:\/\/klienci.scepter.agency\/greston\/wp-json\/wp\/v2\/users\/1"}],"replies":[{"embeddable":true,"href":"https:\/\/klienci.scepter.agency\/greston\/wp-json\/wp\/v2\/comments?post=751"}],"version-history":[{"count":3,"href":"https:\/\/klienci.scepter.agency\/greston\/wp-json\/wp\/v2\/pages\/751\/revisions"}],"predecessor-version":[{"id":1323,"href":"https:\/\/klienci.scepter.agency\/greston\/wp-json\/wp\/v2\/pages\/751\/revisions\/1323"}],"up":[{"embeddable":true,"href":"https:\/\/klienci.scepter.agency\/greston\/wp-json\/wp\/v2\/pages\/749"}],"wp:featuredmedia":[{"embeddable":true,"href":"https:\/\/klienci.scepter.agency\/greston\/wp-json\/wp\/v2\/media\/1320"}],"wp:attachment":[{"href":"https:\/\/klienci.scepter.agency\/greston\/wp-json\/wp\/v2\/media?parent=751"}],"curies":[{"name":"wp","href":"https:\/\/api.w.org\/{rel}","templated":true}]}}