{"id":761,"date":"2024-08-13T23:47:33","date_gmt":"2024-08-13T21:47:33","guid":{"rendered":"https:\/\/klienci.scepter.agency\/greston\/?page_id=761"},"modified":"2024-10-07T16:37:09","modified_gmt":"2024-10-07T14:37:09","slug":"absynth","status":"publish","type":"page","link":"https:\/\/klienci.scepter.agency\/greston\/produkty\/meble\/meble-tapicerowane\/absynth\/","title":{"rendered":"Absynth"},"content":{"rendered":"\n<p>ABSYNTH to nowa, inspiruj\u0105ca marka meblowa stworzona z my\u015bl\u0105 o osobach pasjonuj\u0105cych si\u0119 aran\u017cacj\u0105 wn\u0119trz oraz szeroko poj\u0119tym designem. Jest to kolejna inicjatywa firmy DEFFINE FURNITURE, znanej r\u00f3wnie\u017c z marki TIMOORE, tym razem skierowana do doros\u0142ych, kt\u00f3rzy poszukuj\u0105 oryginalnego i wyj\u0105tkowego wzornictwa. Marka ABSYNTH to propozycja dla ludzi dynamicznych, otwartych na nowe wyzwania, dla kt\u00f3rych forma i funkcja mebla stanowi\u0105 nierozerwaln\u0105 ca\u0142o\u015b\u0107.<\/p>\n\n\n\n<p>Design mebli ABSYNTH bezpo\u015brednio nawi\u0105zuje do najciekawszych trend\u00f3w w \u015bwiatowym wzornictwie, czerpi\u0105c zar\u00f3wno z rodzimych tradycji meblarskich, jak i z do\u015bwiadcze\u0144 europejskich producent\u00f3w. Jest wynikiem unikalnego po\u0142\u0105czenia tradycyjnych materia\u0142\u00f3w z nowoczesn\u0105 form\u0105. Meble ABSYNTH s\u0105 idealne dla mi\u0142o\u015bnik\u00f3w prostego, nowoczesnego designu, inspirowanego popularnym stylem skandynawskim, wzbogaconym o subtelne industrialne akcenty.<\/p>\n\n\n\n<p>Praca nad produktami marki ABSYNTH to starannie zaplanowany proces wieloetapowy, w kt\u00f3rym ka\u017cdy etap ma kluczowe znaczenie. Harmonijna wsp\u00f3\u0142praca mi\u0119dzy dzia\u0142em projektowym, technologicznym a producentem ko\u0144cowym jest podstaw\u0105 sukcesu. Dzi\u0119ki precyzyjnemu podej\u015bciu do ka\u017cdego etapu produkcji, marka ABSYNTH dostarcza meble dopracowane w najdrobniejszych szczeg\u00f3\u0142ach, spe\u0142niaj\u0105ce wszelkie oczekiwania klient\u00f3w.<\/p>\n\n\n\n<div class=\"wp-block-buttons is-layout-flex wp-block-buttons-is-layout-flex\">\n<div class=\"wp-block-button\"><a class=\"wp-block-button__link wp-element-button\" href=\"https:\/\/absynth.eu\/pl\/\">Zobacz stron\u0119 producenta<\/a><\/div>\n<\/div>\n\n\n\n<div style=\"height:30px\" aria-hidden=\"true\" class=\"wp-block-spacer\"><\/div>\n\n\n\n<figure class=\"wp-block-gallery has-nested-images columns-default is-cropped wp-block-gallery-1 is-layout-flex wp-block-gallery-is-layout-flex\">\n<figure class=\"wp-block-image size-large\"><a href=\"https:\/\/klienci.scepter.agency\/greston\/wp-content\/uploads\/2024\/08\/sofa_200cm-1.jpg\"><img loading=\"lazy\" decoding=\"async\" width=\"1024\" height=\"1024\" data-id=\"818\" src=\"https:\/\/klienci.scepter.agency\/greston\/wp-content\/uploads\/2024\/08\/sofa_200cm-1-1024x1024.jpg\" alt=\"\" class=\"wp-image-818\" srcset=\"https:\/\/klienci.scepter.agency\/greston\/wp-content\/uploads\/2024\/08\/sofa_200cm-1-1024x1024.jpg 1024w, https:\/\/klienci.scepter.agency\/greston\/wp-content\/uploads\/2024\/08\/sofa_200cm-1-300x300.jpg 300w, https:\/\/klienci.scepter.agency\/greston\/wp-content\/uploads\/2024\/08\/sofa_200cm-1-150x150.jpg 150w, https:\/\/klienci.scepter.agency\/greston\/wp-content\/uploads\/2024\/08\/sofa_200cm-1-768x768.jpg 768w, https:\/\/klienci.scepter.agency\/greston\/wp-content\/uploads\/2024\/08\/sofa_200cm-1-1536x1536.jpg 1536w, https:\/\/klienci.scepter.agency\/greston\/wp-content\/uploads\/2024\/08\/sofa_200cm-1-600x600.jpg 600w, https:\/\/klienci.scepter.agency\/greston\/wp-content\/uploads\/2024\/08\/sofa_200cm-1-100x100.jpg 100w, https:\/\/klienci.scepter.agency\/greston\/wp-content\/uploads\/2024\/08\/sofa_200cm-1.jpg 2000w\" sizes=\"auto, (max-width: 1024px) 100vw, 1024px\" \/><\/a><\/figure>\n\n\n\n<figure class=\"wp-block-image size-large\"><a href=\"https:\/\/klienci.scepter.agency\/greston\/wp-content\/uploads\/2024\/08\/sofa_200cm-2.jpg\"><img loading=\"lazy\" decoding=\"async\" width=\"1024\" height=\"1024\" data-id=\"819\" src=\"https:\/\/klienci.scepter.agency\/greston\/wp-content\/uploads\/2024\/08\/sofa_200cm-2-1024x1024.jpg\" alt=\"\" class=\"wp-image-819\" srcset=\"https:\/\/klienci.scepter.agency\/greston\/wp-content\/uploads\/2024\/08\/sofa_200cm-2-1024x1024.jpg 1024w, https:\/\/klienci.scepter.agency\/greston\/wp-content\/uploads\/2024\/08\/sofa_200cm-2-300x300.jpg 300w, https:\/\/klienci.scepter.agency\/greston\/wp-content\/uploads\/2024\/08\/sofa_200cm-2-150x150.jpg 150w, https:\/\/klienci.scepter.agency\/greston\/wp-content\/uploads\/2024\/08\/sofa_200cm-2-768x768.jpg 768w, https:\/\/klienci.scepter.agency\/greston\/wp-content\/uploads\/2024\/08\/sofa_200cm-2-1536x1536.jpg 1536w, https:\/\/klienci.scepter.agency\/greston\/wp-content\/uploads\/2024\/08\/sofa_200cm-2-600x600.jpg 600w, https:\/\/klienci.scepter.agency\/greston\/wp-content\/uploads\/2024\/08\/sofa_200cm-2-100x100.jpg 100w, https:\/\/klienci.scepter.agency\/greston\/wp-content\/uploads\/2024\/08\/sofa_200cm-2.jpg 2000w\" sizes=\"auto, (max-width: 1024px) 100vw, 1024px\" \/><\/a><\/figure>\n\n\n\n<figure class=\"wp-block-image size-large\"><a href=\"https:\/\/klienci.scepter.agency\/greston\/wp-content\/uploads\/2024\/08\/sofa_200cm-3.jpg\"><img loading=\"lazy\" decoding=\"async\" width=\"1024\" height=\"1024\" data-id=\"821\" src=\"https:\/\/klienci.scepter.agency\/greston\/wp-content\/uploads\/2024\/08\/sofa_200cm-3-1024x1024.jpg\" alt=\"\" class=\"wp-image-821\" srcset=\"https:\/\/klienci.scepter.agency\/greston\/wp-content\/uploads\/2024\/08\/sofa_200cm-3-1024x1024.jpg 1024w, https:\/\/klienci.scepter.agency\/greston\/wp-content\/uploads\/2024\/08\/sofa_200cm-3-300x300.jpg 300w, https:\/\/klienci.scepter.agency\/greston\/wp-content\/uploads\/2024\/08\/sofa_200cm-3-150x150.jpg 150w, https:\/\/klienci.scepter.agency\/greston\/wp-content\/uploads\/2024\/08\/sofa_200cm-3-768x768.jpg 768w, https:\/\/klienci.scepter.agency\/greston\/wp-content\/uploads\/2024\/08\/sofa_200cm-3-1536x1536.jpg 1536w, https:\/\/klienci.scepter.agency\/greston\/wp-content\/uploads\/2024\/08\/sofa_200cm-3-600x600.jpg 600w, https:\/\/klienci.scepter.agency\/greston\/wp-content\/uploads\/2024\/08\/sofa_200cm-3-100x100.jpg 100w, https:\/\/klienci.scepter.agency\/greston\/wp-content\/uploads\/2024\/08\/sofa_200cm-3.jpg 2000w\" sizes=\"auto, (max-width: 1024px) 100vw, 1024px\" \/><\/a><\/figure>\n\n\n\n<figure class=\"wp-block-image size-large\"><a href=\"https:\/\/klienci.scepter.agency\/greston\/wp-content\/uploads\/2024\/08\/sofa_200cm-5.jpg\"><img loading=\"lazy\" decoding=\"async\" width=\"1024\" height=\"1024\" data-id=\"822\" src=\"https:\/\/klienci.scepter.agency\/greston\/wp-content\/uploads\/2024\/08\/sofa_200cm-5-1024x1024.jpg\" alt=\"\" class=\"wp-image-822\" srcset=\"https:\/\/klienci.scepter.agency\/greston\/wp-content\/uploads\/2024\/08\/sofa_200cm-5-1024x1024.jpg 1024w, https:\/\/klienci.scepter.agency\/greston\/wp-content\/uploads\/2024\/08\/sofa_200cm-5-300x300.jpg 300w, https:\/\/klienci.scepter.agency\/greston\/wp-content\/uploads\/2024\/08\/sofa_200cm-5-150x150.jpg 150w, https:\/\/klienci.scepter.agency\/greston\/wp-content\/uploads\/2024\/08\/sofa_200cm-5-768x768.jpg 768w, https:\/\/klienci.scepter.agency\/greston\/wp-content\/uploads\/2024\/08\/sofa_200cm-5-1536x1536.jpg 1536w, https:\/\/klienci.scepter.agency\/greston\/wp-content\/uploads\/2024\/08\/sofa_200cm-5-600x600.jpg 600w, https:\/\/klienci.scepter.agency\/greston\/wp-content\/uploads\/2024\/08\/sofa_200cm-5-100x100.jpg 100w, https:\/\/klienci.scepter.agency\/greston\/wp-content\/uploads\/2024\/08\/sofa_200cm-5.jpg 2000w\" sizes=\"auto, (max-width: 1024px) 100vw, 1024px\" \/><\/a><\/figure>\n\n\n\n<figure class=\"wp-block-image size-large\"><a href=\"https:\/\/klienci.scepter.agency\/greston\/wp-content\/uploads\/2024\/08\/CLARE3.jpg\"><img loading=\"lazy\" decoding=\"async\" width=\"1024\" height=\"666\" data-id=\"823\" src=\"https:\/\/klienci.scepter.agency\/greston\/wp-content\/uploads\/2024\/08\/CLARE3-1024x666.jpg\" alt=\"\" class=\"wp-image-823\" srcset=\"https:\/\/klienci.scepter.agency\/greston\/wp-content\/uploads\/2024\/08\/CLARE3-1024x666.jpg 1024w, https:\/\/klienci.scepter.agency\/greston\/wp-content\/uploads\/2024\/08\/CLARE3-300x195.jpg 300w, https:\/\/klienci.scepter.agency\/greston\/wp-content\/uploads\/2024\/08\/CLARE3-768x499.jpg 768w, https:\/\/klienci.scepter.agency\/greston\/wp-content\/uploads\/2024\/08\/CLARE3-1536x998.jpg 1536w, https:\/\/klienci.scepter.agency\/greston\/wp-content\/uploads\/2024\/08\/CLARE3-600x390.jpg 600w, https:\/\/klienci.scepter.agency\/greston\/wp-content\/uploads\/2024\/08\/CLARE3.jpg 2000w\" sizes=\"auto, (max-width: 1024px) 100vw, 1024px\" \/><\/a><\/figure>\n\n\n\n<figure class=\"wp-block-image size-large\"><a href=\"https:\/\/klienci.scepter.agency\/greston\/wp-content\/uploads\/2024\/10\/A20-05.jpg\"><img loading=\"lazy\" decoding=\"async\" width=\"1024\" height=\"1024\" data-id=\"2083\" src=\"https:\/\/klienci.scepter.agency\/greston\/wp-content\/uploads\/2024\/10\/A20-05-1024x1024.jpg\" alt=\"\" class=\"wp-image-2083\" srcset=\"https:\/\/klienci.scepter.agency\/greston\/wp-content\/uploads\/2024\/10\/A20-05-1024x1024.jpg 1024w, https:\/\/klienci.scepter.agency\/greston\/wp-content\/uploads\/2024\/10\/A20-05-300x300.jpg 300w, https:\/\/klienci.scepter.agency\/greston\/wp-content\/uploads\/2024\/10\/A20-05-150x150.jpg 150w, https:\/\/klienci.scepter.agency\/greston\/wp-content\/uploads\/2024\/10\/A20-05-768x768.jpg 768w, https:\/\/klienci.scepter.agency\/greston\/wp-content\/uploads\/2024\/10\/A20-05-1536x1536.jpg 1536w, https:\/\/klienci.scepter.agency\/greston\/wp-content\/uploads\/2024\/10\/A20-05-600x600.jpg 600w, https:\/\/klienci.scepter.agency\/greston\/wp-content\/uploads\/2024\/10\/A20-05-100x100.jpg 100w, https:\/\/klienci.scepter.agency\/greston\/wp-content\/uploads\/2024\/10\/A20-05.jpg 1600w\" sizes=\"auto, (max-width: 1024px) 100vw, 1024px\" \/><\/a><\/figure>\n\n\n\n<figure class=\"wp-block-image size-large\"><a href=\"https:\/\/klienci.scepter.agency\/greston\/wp-content\/uploads\/2024\/10\/GIrO2.png\"><img loading=\"lazy\" decoding=\"async\" width=\"1024\" height=\"569\" data-id=\"2084\" src=\"https:\/\/klienci.scepter.agency\/greston\/wp-content\/uploads\/2024\/10\/GIrO2-1024x569.png\" alt=\"\" class=\"wp-image-2084\" srcset=\"https:\/\/klienci.scepter.agency\/greston\/wp-content\/uploads\/2024\/10\/GIrO2-1024x569.png 1024w, https:\/\/klienci.scepter.agency\/greston\/wp-content\/uploads\/2024\/10\/GIrO2-300x167.png 300w, https:\/\/klienci.scepter.agency\/greston\/wp-content\/uploads\/2024\/10\/GIrO2-768x427.png 768w, https:\/\/klienci.scepter.agency\/greston\/wp-content\/uploads\/2024\/10\/GIrO2-1536x853.png 1536w, https:\/\/klienci.scepter.agency\/greston\/wp-content\/uploads\/2024\/10\/GIrO2-600x333.png 600w, https:\/\/klienci.scepter.agency\/greston\/wp-content\/uploads\/2024\/10\/GIrO2.png 2000w\" sizes=\"auto, (max-width: 1024px) 100vw, 1024px\" \/><\/a><\/figure>\n\n\n\n<figure class=\"wp-block-image size-large\"><a href=\"https:\/\/klienci.scepter.agency\/greston\/wp-content\/uploads\/2024\/10\/MOON-sofa.jpg\"><img loading=\"lazy\" decoding=\"async\" width=\"1024\" height=\"614\" data-id=\"2085\" src=\"https:\/\/klienci.scepter.agency\/greston\/wp-content\/uploads\/2024\/10\/MOON-sofa-1024x614.jpg\" alt=\"\" class=\"wp-image-2085\" srcset=\"https:\/\/klienci.scepter.agency\/greston\/wp-content\/uploads\/2024\/10\/MOON-sofa-1024x614.jpg 1024w, https:\/\/klienci.scepter.agency\/greston\/wp-content\/uploads\/2024\/10\/MOON-sofa-300x180.jpg 300w, https:\/\/klienci.scepter.agency\/greston\/wp-content\/uploads\/2024\/10\/MOON-sofa-768x461.jpg 768w, https:\/\/klienci.scepter.agency\/greston\/wp-content\/uploads\/2024\/10\/MOON-sofa-1536x922.jpg 1536w, https:\/\/klienci.scepter.agency\/greston\/wp-content\/uploads\/2024\/10\/MOON-sofa-600x360.jpg 600w, https:\/\/klienci.scepter.agency\/greston\/wp-content\/uploads\/2024\/10\/MOON-sofa.jpg 2000w\" sizes=\"auto, (max-width: 1024px) 100vw, 1024px\" \/><\/a><\/figure>\n\n\n\n<figure class=\"wp-block-image size-large\"><a href=\"https:\/\/klienci.scepter.agency\/greston\/wp-content\/uploads\/2024\/10\/ORO-AR2.jpg\"><img loading=\"lazy\" decoding=\"async\" width=\"1024\" height=\"512\" data-id=\"2086\" src=\"https:\/\/klienci.scepter.agency\/greston\/wp-content\/uploads\/2024\/10\/ORO-AR2-1024x512.jpg\" alt=\"\" class=\"wp-image-2086\" srcset=\"https:\/\/klienci.scepter.agency\/greston\/wp-content\/uploads\/2024\/10\/ORO-AR2-1024x512.jpg 1024w, https:\/\/klienci.scepter.agency\/greston\/wp-content\/uploads\/2024\/10\/ORO-AR2-300x150.jpg 300w, https:\/\/klienci.scepter.agency\/greston\/wp-content\/uploads\/2024\/10\/ORO-AR2-768x384.jpg 768w, https:\/\/klienci.scepter.agency\/greston\/wp-content\/uploads\/2024\/10\/ORO-AR2-1536x768.jpg 1536w, https:\/\/klienci.scepter.agency\/greston\/wp-content\/uploads\/2024\/10\/ORO-AR2-600x300.jpg 600w, https:\/\/klienci.scepter.agency\/greston\/wp-content\/uploads\/2024\/10\/ORO-AR2.jpg 2000w\" sizes=\"auto, (max-width: 1024px) 100vw, 1024px\" \/><\/a><\/figure>\n\n\n\n<figure class=\"wp-block-image size-large\"><a href=\"https:\/\/klienci.scepter.agency\/greston\/wp-content\/uploads\/2024\/10\/SULLA-INT2.jpg\"><img loading=\"lazy\" decoding=\"async\" width=\"1024\" height=\"1024\" data-id=\"2087\" src=\"https:\/\/klienci.scepter.agency\/greston\/wp-content\/uploads\/2024\/10\/SULLA-INT2-1024x1024.jpg\" alt=\"\" class=\"wp-image-2087\" srcset=\"https:\/\/klienci.scepter.agency\/greston\/wp-content\/uploads\/2024\/10\/SULLA-INT2-1024x1024.jpg 1024w, https:\/\/klienci.scepter.agency\/greston\/wp-content\/uploads\/2024\/10\/SULLA-INT2-300x300.jpg 300w, https:\/\/klienci.scepter.agency\/greston\/wp-content\/uploads\/2024\/10\/SULLA-INT2-150x150.jpg 150w, https:\/\/klienci.scepter.agency\/greston\/wp-content\/uploads\/2024\/10\/SULLA-INT2-768x768.jpg 768w, https:\/\/klienci.scepter.agency\/greston\/wp-content\/uploads\/2024\/10\/SULLA-INT2-1536x1536.jpg 1536w, https:\/\/klienci.scepter.agency\/greston\/wp-content\/uploads\/2024\/10\/SULLA-INT2-600x600.jpg 600w, https:\/\/klienci.scepter.agency\/greston\/wp-content\/uploads\/2024\/10\/SULLA-INT2-100x100.jpg 100w, https:\/\/klienci.scepter.agency\/greston\/wp-content\/uploads\/2024\/10\/SULLA-INT2.jpg 2000w\" sizes=\"auto, (max-width: 1024px) 100vw, 1024px\" \/><\/a><\/figure>\n\n\n\n<figure class=\"wp-block-image size-large\"><a href=\"https:\/\/klienci.scepter.agency\/greston\/wp-content\/uploads\/2024\/10\/SULLA-LR2-scaled.jpg\"><img loading=\"lazy\" decoding=\"async\" width=\"1024\" height=\"512\" data-id=\"2088\" src=\"https:\/\/klienci.scepter.agency\/greston\/wp-content\/uploads\/2024\/10\/SULLA-LR2-1024x512.jpg\" alt=\"\" class=\"wp-image-2088\" srcset=\"https:\/\/klienci.scepter.agency\/greston\/wp-content\/uploads\/2024\/10\/SULLA-LR2-1024x512.jpg 1024w, https:\/\/klienci.scepter.agency\/greston\/wp-content\/uploads\/2024\/10\/SULLA-LR2-300x150.jpg 300w, https:\/\/klienci.scepter.agency\/greston\/wp-content\/uploads\/2024\/10\/SULLA-LR2-768x384.jpg 768w, https:\/\/klienci.scepter.agency\/greston\/wp-content\/uploads\/2024\/10\/SULLA-LR2-1536x768.jpg 1536w, https:\/\/klienci.scepter.agency\/greston\/wp-content\/uploads\/2024\/10\/SULLA-LR2-2048x1024.jpg 2048w, https:\/\/klienci.scepter.agency\/greston\/wp-content\/uploads\/2024\/10\/SULLA-LR2-600x300.jpg 600w\" sizes=\"auto, (max-width: 1024px) 100vw, 1024px\" \/><\/a><\/figure>\n<\/figure>\n","protected":false},"excerpt":{"rendered":"<p>ABSYNTH to nowa, inspiruj\u0105ca marka meblowa stworzona z my\u015bl\u0105 o osobach pasjonuj\u0105cych si\u0119 aran\u017cacj\u0105 wn\u0119trz oraz szeroko poj\u0119tym designem. Jest to kolejna inicjatywa firmy DEFFINE FURNITURE, znanej r\u00f3wnie\u017c z marki TIMOORE, tym razem skierowana do doros\u0142ych, kt\u00f3rzy poszukuj\u0105 oryginalnego i wyj\u0105tkowego wzornictwa. Marka ABSYNTH to propozycja dla ludzi dynamicznych, otwartych na nowe wyzwania, dla kt\u00f3rych [&hellip;]<\/p>\n","protected":false},"author":1,"featured_media":16,"parent":759,"menu_order":0,"comment_status":"closed","ping_status":"closed","template":"pages\/produkty-marki.php","meta":{"footnotes":""},"class_list":["post-761","page","type-page","status-publish","has-post-thumbnail","hentry"],"acf":[],"yoast_head":"<!-- This site is optimized with the Yoast SEO plugin v23.2 - https:\/\/yoast.com\/wordpress\/plugins\/seo\/ -->\n<title>Absynth - Salon \u0142azienek Warszawa, armatura, gresy i akcesoria - Greston<\/title>\n<meta name=\"robots\" content=\"noindex, follow, max-snippet:-1, max-image-preview:large, max-video-preview:-1\" \/>\n<meta property=\"og:locale\" content=\"pl_PL\" \/>\n<meta property=\"og:type\" content=\"article\" \/>\n<meta property=\"og:title\" content=\"Absynth - Salon \u0142azienek Warszawa, armatura, gresy i akcesoria - Greston\" \/>\n<meta property=\"og:description\" content=\"ABSYNTH to nowa, inspiruj\u0105ca marka meblowa stworzona z my\u015bl\u0105 o osobach pasjonuj\u0105cych si\u0119 aran\u017cacj\u0105 wn\u0119trz oraz szeroko poj\u0119tym designem. Jest to kolejna inicjatywa firmy DEFFINE FURNITURE, znanej r\u00f3wnie\u017c z marki TIMOORE, tym razem skierowana do doros\u0142ych, kt\u00f3rzy poszukuj\u0105 oryginalnego i wyj\u0105tkowego wzornictwa. Marka ABSYNTH to propozycja dla ludzi dynamicznych, otwartych na nowe wyzwania, dla kt\u00f3rych [&hellip;]\" \/>\n<meta property=\"og:url\" content=\"https:\/\/klienci.scepter.agency\/greston\/produkty\/meble\/meble-tapicerowane\/absynth\/\" \/>\n<meta property=\"og:site_name\" content=\"Salon \u0142azienek Warszawa, armatura, gresy i akcesoria - Greston\" \/>\n<meta property=\"article:modified_time\" content=\"2024-10-07T14:37:09+00:00\" \/>\n<meta property=\"og:image\" content=\"https:\/\/klienci.scepter.agency\/greston\/wp-content\/uploads\/2024\/07\/banner-1024x637.png\" \/>\n\t<meta property=\"og:image:width\" content=\"1024\" \/>\n\t<meta property=\"og:image:height\" content=\"637\" \/>\n\t<meta property=\"og:image:type\" content=\"image\/png\" \/>\n<meta name=\"twitter:card\" content=\"summary_large_image\" \/>\n<meta name=\"twitter:label1\" content=\"Szacowany czas czytania\" \/>\n\t<meta name=\"twitter:data1\" content=\"4 minuty\" \/>\n<script type=\"application\/ld+json\" class=\"yoast-schema-graph\">{\"@context\":\"https:\/\/schema.org\",\"@graph\":[{\"@type\":\"WebPage\",\"@id\":\"https:\/\/klienci.scepter.agency\/greston\/produkty\/meble\/meble-tapicerowane\/absynth\/\",\"url\":\"https:\/\/klienci.scepter.agency\/greston\/produkty\/meble\/meble-tapicerowane\/absynth\/\",\"name\":\"Absynth - Salon \u0142azienek Warszawa, armatura, gresy i akcesoria - Greston\",\"isPartOf\":{\"@id\":\"https:\/\/klienci.scepter.agency\/greston\/#website\"},\"primaryImageOfPage\":{\"@id\":\"https:\/\/klienci.scepter.agency\/greston\/produkty\/meble\/meble-tapicerowane\/absynth\/#primaryimage\"},\"image\":{\"@id\":\"https:\/\/klienci.scepter.agency\/greston\/produkty\/meble\/meble-tapicerowane\/absynth\/#primaryimage\"},\"thumbnailUrl\":\"https:\/\/klienci.scepter.agency\/greston\/wp-content\/uploads\/2024\/07\/banner.png\",\"datePublished\":\"2024-08-13T21:47:33+00:00\",\"dateModified\":\"2024-10-07T14:37:09+00:00\",\"breadcrumb\":{\"@id\":\"https:\/\/klienci.scepter.agency\/greston\/produkty\/meble\/meble-tapicerowane\/absynth\/#breadcrumb\"},\"inLanguage\":\"pl-PL\",\"potentialAction\":[{\"@type\":\"ReadAction\",\"target\":[\"https:\/\/klienci.scepter.agency\/greston\/produkty\/meble\/meble-tapicerowane\/absynth\/\"]}]},{\"@type\":\"ImageObject\",\"inLanguage\":\"pl-PL\",\"@id\":\"https:\/\/klienci.scepter.agency\/greston\/produkty\/meble\/meble-tapicerowane\/absynth\/#primaryimage\",\"url\":\"https:\/\/klienci.scepter.agency\/greston\/wp-content\/uploads\/2024\/07\/banner.png\",\"contentUrl\":\"https:\/\/klienci.scepter.agency\/greston\/wp-content\/uploads\/2024\/07\/banner.png\",\"width\":1920,\"height\":1194},{\"@type\":\"BreadcrumbList\",\"@id\":\"https:\/\/klienci.scepter.agency\/greston\/produkty\/meble\/meble-tapicerowane\/absynth\/#breadcrumb\",\"itemListElement\":[{\"@type\":\"ListItem\",\"position\":1,\"name\":\"Strona g\u0142\u00f3wna\",\"item\":\"https:\/\/klienci.scepter.agency\/greston\/\"},{\"@type\":\"ListItem\",\"position\":2,\"name\":\"Produkty\",\"item\":\"https:\/\/klienci.scepter.agency\/greston\/produkty\/\"},{\"@type\":\"ListItem\",\"position\":3,\"name\":\"Meble\",\"item\":\"https:\/\/klienci.scepter.agency\/greston\/produkty\/meble\/\"},{\"@type\":\"ListItem\",\"position\":4,\"name\":\"Meble tapicerowane\",\"item\":\"https:\/\/klienci.scepter.agency\/greston\/produkty\/meble\/meble-tapicerowane\/\"},{\"@type\":\"ListItem\",\"position\":5,\"name\":\"Absynth\"}]},{\"@type\":\"WebSite\",\"@id\":\"https:\/\/klienci.scepter.agency\/greston\/#website\",\"url\":\"https:\/\/klienci.scepter.agency\/greston\/\",\"name\":\"Salon \u0142azienek Warszawa, armatura, gresy i akcesoria - Greston\",\"description\":\"\",\"potentialAction\":[{\"@type\":\"SearchAction\",\"target\":{\"@type\":\"EntryPoint\",\"urlTemplate\":\"https:\/\/klienci.scepter.agency\/greston\/?s={search_term_string}\"},\"query-input\":\"required name=search_term_string\"}],\"inLanguage\":\"pl-PL\"}]}<\/script>\n<!-- \/ Yoast SEO plugin. -->","yoast_head_json":{"title":"Absynth - Salon \u0142azienek Warszawa, armatura, gresy i akcesoria - Greston","robots":{"index":"noindex","follow":"follow","max-snippet":"max-snippet:-1","max-image-preview":"max-image-preview:large","max-video-preview":"max-video-preview:-1"},"og_locale":"pl_PL","og_type":"article","og_title":"Absynth - Salon \u0142azienek Warszawa, armatura, gresy i akcesoria - Greston","og_description":"ABSYNTH to nowa, inspiruj\u0105ca marka meblowa stworzona z my\u015bl\u0105 o osobach pasjonuj\u0105cych si\u0119 aran\u017cacj\u0105 wn\u0119trz oraz szeroko poj\u0119tym designem. Jest to kolejna inicjatywa firmy DEFFINE FURNITURE, znanej r\u00f3wnie\u017c z marki TIMOORE, tym razem skierowana do doros\u0142ych, kt\u00f3rzy poszukuj\u0105 oryginalnego i wyj\u0105tkowego wzornictwa. Marka ABSYNTH to propozycja dla ludzi dynamicznych, otwartych na nowe wyzwania, dla kt\u00f3rych [&hellip;]","og_url":"https:\/\/klienci.scepter.agency\/greston\/produkty\/meble\/meble-tapicerowane\/absynth\/","og_site_name":"Salon \u0142azienek Warszawa, armatura, gresy i akcesoria - Greston","article_modified_time":"2024-10-07T14:37:09+00:00","og_image":[{"width":1024,"height":637,"url":"https:\/\/klienci.scepter.agency\/greston\/wp-content\/uploads\/2024\/07\/banner-1024x637.png","type":"image\/png"}],"twitter_card":"summary_large_image","twitter_misc":{"Szacowany czas czytania":"4 minuty"},"schema":{"@context":"https:\/\/schema.org","@graph":[{"@type":"WebPage","@id":"https:\/\/klienci.scepter.agency\/greston\/produkty\/meble\/meble-tapicerowane\/absynth\/","url":"https:\/\/klienci.scepter.agency\/greston\/produkty\/meble\/meble-tapicerowane\/absynth\/","name":"Absynth - Salon \u0142azienek Warszawa, armatura, gresy i akcesoria - Greston","isPartOf":{"@id":"https:\/\/klienci.scepter.agency\/greston\/#website"},"primaryImageOfPage":{"@id":"https:\/\/klienci.scepter.agency\/greston\/produkty\/meble\/meble-tapicerowane\/absynth\/#primaryimage"},"image":{"@id":"https:\/\/klienci.scepter.agency\/greston\/produkty\/meble\/meble-tapicerowane\/absynth\/#primaryimage"},"thumbnailUrl":"https:\/\/klienci.scepter.agency\/greston\/wp-content\/uploads\/2024\/07\/banner.png","datePublished":"2024-08-13T21:47:33+00:00","dateModified":"2024-10-07T14:37:09+00:00","breadcrumb":{"@id":"https:\/\/klienci.scepter.agency\/greston\/produkty\/meble\/meble-tapicerowane\/absynth\/#breadcrumb"},"inLanguage":"pl-PL","potentialAction":[{"@type":"ReadAction","target":["https:\/\/klienci.scepter.agency\/greston\/produkty\/meble\/meble-tapicerowane\/absynth\/"]}]},{"@type":"ImageObject","inLanguage":"pl-PL","@id":"https:\/\/klienci.scepter.agency\/greston\/produkty\/meble\/meble-tapicerowane\/absynth\/#primaryimage","url":"https:\/\/klienci.scepter.agency\/greston\/wp-content\/uploads\/2024\/07\/banner.png","contentUrl":"https:\/\/klienci.scepter.agency\/greston\/wp-content\/uploads\/2024\/07\/banner.png","width":1920,"height":1194},{"@type":"BreadcrumbList","@id":"https:\/\/klienci.scepter.agency\/greston\/produkty\/meble\/meble-tapicerowane\/absynth\/#breadcrumb","itemListElement":[{"@type":"ListItem","position":1,"name":"Strona g\u0142\u00f3wna","item":"https:\/\/klienci.scepter.agency\/greston\/"},{"@type":"ListItem","position":2,"name":"Produkty","item":"https:\/\/klienci.scepter.agency\/greston\/produkty\/"},{"@type":"ListItem","position":3,"name":"Meble","item":"https:\/\/klienci.scepter.agency\/greston\/produkty\/meble\/"},{"@type":"ListItem","position":4,"name":"Meble tapicerowane","item":"https:\/\/klienci.scepter.agency\/greston\/produkty\/meble\/meble-tapicerowane\/"},{"@type":"ListItem","position":5,"name":"Absynth"}]},{"@type":"WebSite","@id":"https:\/\/klienci.scepter.agency\/greston\/#website","url":"https:\/\/klienci.scepter.agency\/greston\/","name":"Salon \u0142azienek Warszawa, armatura, gresy i akcesoria - Greston","description":"","potentialAction":[{"@type":"SearchAction","target":{"@type":"EntryPoint","urlTemplate":"https:\/\/klienci.scepter.agency\/greston\/?s={search_term_string}"},"query-input":"required name=search_term_string"}],"inLanguage":"pl-PL"}]}},"_links":{"self":[{"href":"https:\/\/klienci.scepter.agency\/greston\/wp-json\/wp\/v2\/pages\/761","targetHints":{"allow":["GET"]}}],"collection":[{"href":"https:\/\/klienci.scepter.agency\/greston\/wp-json\/wp\/v2\/pages"}],"about":[{"href":"https:\/\/klienci.scepter.agency\/greston\/wp-json\/wp\/v2\/types\/page"}],"author":[{"embeddable":true,"href":"https:\/\/klienci.scepter.agency\/greston\/wp-json\/wp\/v2\/users\/1"}],"replies":[{"embeddable":true,"href":"https:\/\/klienci.scepter.agency\/greston\/wp-json\/wp\/v2\/comments?post=761"}],"version-history":[{"count":6,"href":"https:\/\/klienci.scepter.agency\/greston\/wp-json\/wp\/v2\/pages\/761\/revisions"}],"predecessor-version":[{"id":2089,"href":"https:\/\/klienci.scepter.agency\/greston\/wp-json\/wp\/v2\/pages\/761\/revisions\/2089"}],"up":[{"embeddable":true,"href":"https:\/\/klienci.scepter.agency\/greston\/wp-json\/wp\/v2\/pages\/759"}],"wp:featuredmedia":[{"embeddable":true,"href":"https:\/\/klienci.scepter.agency\/greston\/wp-json\/wp\/v2\/media\/16"}],"wp:attachment":[{"href":"https:\/\/klienci.scepter.agency\/greston\/wp-json\/wp\/v2\/media?parent=761"}],"curies":[{"name":"wp","href":"https:\/\/api.w.org\/{rel}","templated":true}]}}