{"id":1375,"date":"2024-09-30T17:03:38","date_gmt":"2024-09-30T15:03:38","guid":{"rendered":"https:\/\/klienci.scepter.agency\/greston\/?post_type=product&#038;p=1375"},"modified":"2024-10-09T17:10:57","modified_gmt":"2024-10-09T15:10:57","slug":"duravit-2nd-floor-podwojna-szafka-stojaca-z-umywalkami","status":"publish","type":"product","link":"https:\/\/klienci.scepter.agency\/greston\/produkt\/duravit-2nd-floor-podwojna-szafka-stojaca-z-umywalkami\/","title":{"rendered":"DURAVIT  2nd Floor podw\u00f3jna szafka stoj\u0105ca z umywalkami"},"content":{"rendered":"<p>&nbsp;<\/p>\n<p><img loading=\"lazy\" decoding=\"async\" class=\"alignnone size-medium wp-image-2130\" src=\"https:\/\/klienci.scepter.agency\/greston\/wp-content\/uploads\/2024\/09\/IMG_2520-kadr-300x126.jpg\" alt=\"\" width=\"300\" height=\"126\" srcset=\"https:\/\/klienci.scepter.agency\/greston\/wp-content\/uploads\/2024\/09\/IMG_2520-kadr-300x126.jpg 300w, https:\/\/klienci.scepter.agency\/greston\/wp-content\/uploads\/2024\/09\/IMG_2520-kadr-1024x428.jpg 1024w, https:\/\/klienci.scepter.agency\/greston\/wp-content\/uploads\/2024\/09\/IMG_2520-kadr-768x321.jpg 768w, https:\/\/klienci.scepter.agency\/greston\/wp-content\/uploads\/2024\/09\/IMG_2520-kadr-1536x643.jpg 1536w, https:\/\/klienci.scepter.agency\/greston\/wp-content\/uploads\/2024\/09\/IMG_2520-kadr-2048x857.jpg 2048w, https:\/\/klienci.scepter.agency\/greston\/wp-content\/uploads\/2024\/09\/IMG_2520-kadr-600x251.jpg 600w\" sizes=\"auto, (max-width: 300px) 100vw, 300px\" \/><\/p>\n<p><strong>KOMPLET\u00a0 DURAVIT\u00a0 2 ND FLOOR\u00a0 <\/strong>szafka podw\u00f3jna wolnostoj\u0105ca (typu wyspa) z szufladami 1600&#215;800 i dwie umywalki z serii VERO 550 wpuszczane w blat.<\/p>\n<p>kolor jasny d\u0105b 27<\/p>\n<p>Ty\u0142 szafki z pod\u015bwietlanymi p\u00f3\u0142kami.\u00a0 Zestaw do zobaczenia na ekspozycji Greston.<\/p>\n","protected":false},"excerpt":{"rendered":"<p><img loading=\"lazy\" decoding=\"async\" class=\"alignnone size-full wp-image-1212\" src=\"https:\/\/klienci.scepter.agency\/greston\/wp-content\/uploads\/2024\/09\/94.jpg\" alt=\"\" width=\"175\" height=\"46\" \/><\/p>\n<p>Sprzeda\u017c tylko w komplecie<\/p>\n","protected":false},"featured_media":2130,"comment_status":"open","ping_status":"closed","template":"","meta":[],"product_cat":[31,26],"product_tag":[],"class_list":{"0":"post-1375","1":"product","2":"type-product","3":"status-publish","4":"has-post-thumbnail","6":"product_cat-meble","7":"product_cat-umywalki","9":"first","10":"instock","11":"sale","12":"shipping-taxable","13":"purchasable","14":"product-type-simple"},"acf":[],"yoast_head":"<!-- This site is optimized with the Yoast SEO plugin v23.2 - https:\/\/yoast.com\/wordpress\/plugins\/seo\/ -->\n<title>DURAVIT 2nd Floor podw\u00f3jna szafka stoj\u0105ca z umywalkami - Salon \u0142azienek Warszawa, armatura, gresy i akcesoria - Greston<\/title>\n<meta name=\"robots\" content=\"noindex, follow, max-snippet:-1, max-image-preview:large, max-video-preview:-1\" \/>\n<meta property=\"og:locale\" content=\"pl_PL\" \/>\n<meta property=\"og:type\" content=\"article\" \/>\n<meta property=\"og:title\" content=\"DURAVIT 2nd Floor podw\u00f3jna szafka stoj\u0105ca z umywalkami - Salon \u0142azienek Warszawa, armatura, gresy i akcesoria - Greston\" \/>\n<meta property=\"og:description\" content=\"Sprzeda\u017c tylko w komplecie\" \/>\n<meta property=\"og:url\" content=\"https:\/\/klienci.scepter.agency\/greston\/produkt\/duravit-2nd-floor-podwojna-szafka-stojaca-z-umywalkami\/\" \/>\n<meta property=\"og:site_name\" content=\"Salon \u0142azienek Warszawa, armatura, gresy i akcesoria - Greston\" \/>\n<meta property=\"article:modified_time\" content=\"2024-10-09T15:10:57+00:00\" \/>\n<meta property=\"og:image\" content=\"https:\/\/klienci.scepter.agency\/greston\/wp-content\/uploads\/2024\/09\/IMG_2520-kadr-scaled.jpg\" \/>\n\t<meta property=\"og:image:width\" content=\"2560\" \/>\n\t<meta property=\"og:image:height\" content=\"1071\" \/>\n\t<meta property=\"og:image:type\" content=\"image\/jpeg\" \/>\n<meta name=\"twitter:card\" content=\"summary_large_image\" \/>\n<meta name=\"twitter:label1\" content=\"Szacowany czas czytania\" \/>\n\t<meta name=\"twitter:data1\" content=\"1 minuta\" \/>\n<script type=\"application\/ld+json\" class=\"yoast-schema-graph\">{\"@context\":\"https:\/\/schema.org\",\"@graph\":[{\"@type\":\"WebPage\",\"@id\":\"https:\/\/klienci.scepter.agency\/greston\/produkt\/duravit-2nd-floor-podwojna-szafka-stojaca-z-umywalkami\/\",\"url\":\"https:\/\/klienci.scepter.agency\/greston\/produkt\/duravit-2nd-floor-podwojna-szafka-stojaca-z-umywalkami\/\",\"name\":\"DURAVIT 2nd Floor podw\u00f3jna szafka stoj\u0105ca z umywalkami - Salon \u0142azienek Warszawa, armatura, gresy i akcesoria - Greston\",\"isPartOf\":{\"@id\":\"https:\/\/klienci.scepter.agency\/greston\/#website\"},\"primaryImageOfPage\":{\"@id\":\"https:\/\/klienci.scepter.agency\/greston\/produkt\/duravit-2nd-floor-podwojna-szafka-stojaca-z-umywalkami\/#primaryimage\"},\"image\":{\"@id\":\"https:\/\/klienci.scepter.agency\/greston\/produkt\/duravit-2nd-floor-podwojna-szafka-stojaca-z-umywalkami\/#primaryimage\"},\"thumbnailUrl\":\"https:\/\/klienci.scepter.agency\/greston\/wp-content\/uploads\/2024\/09\/IMG_2520-kadr-scaled.jpg\",\"datePublished\":\"2024-09-30T15:03:38+00:00\",\"dateModified\":\"2024-10-09T15:10:57+00:00\",\"breadcrumb\":{\"@id\":\"https:\/\/klienci.scepter.agency\/greston\/produkt\/duravit-2nd-floor-podwojna-szafka-stojaca-z-umywalkami\/#breadcrumb\"},\"inLanguage\":\"pl-PL\",\"potentialAction\":[{\"@type\":\"ReadAction\",\"target\":[\"https:\/\/klienci.scepter.agency\/greston\/produkt\/duravit-2nd-floor-podwojna-szafka-stojaca-z-umywalkami\/\"]}]},{\"@type\":\"ImageObject\",\"inLanguage\":\"pl-PL\",\"@id\":\"https:\/\/klienci.scepter.agency\/greston\/produkt\/duravit-2nd-floor-podwojna-szafka-stojaca-z-umywalkami\/#primaryimage\",\"url\":\"https:\/\/klienci.scepter.agency\/greston\/wp-content\/uploads\/2024\/09\/IMG_2520-kadr-scaled.jpg\",\"contentUrl\":\"https:\/\/klienci.scepter.agency\/greston\/wp-content\/uploads\/2024\/09\/IMG_2520-kadr-scaled.jpg\",\"width\":2560,\"height\":1071},{\"@type\":\"BreadcrumbList\",\"@id\":\"https:\/\/klienci.scepter.agency\/greston\/produkt\/duravit-2nd-floor-podwojna-szafka-stojaca-z-umywalkami\/#breadcrumb\",\"itemListElement\":[{\"@type\":\"ListItem\",\"position\":1,\"name\":\"Strona g\u0142\u00f3wna\",\"item\":\"https:\/\/klienci.scepter.agency\/greston\/\"},{\"@type\":\"ListItem\",\"position\":2,\"name\":\"DURAVIT 2nd Floor podw\u00f3jna szafka stoj\u0105ca z umywalkami\"}]},{\"@type\":\"WebSite\",\"@id\":\"https:\/\/klienci.scepter.agency\/greston\/#website\",\"url\":\"https:\/\/klienci.scepter.agency\/greston\/\",\"name\":\"Salon \u0142azienek Warszawa, armatura, gresy i akcesoria - Greston\",\"description\":\"\",\"potentialAction\":[{\"@type\":\"SearchAction\",\"target\":{\"@type\":\"EntryPoint\",\"urlTemplate\":\"https:\/\/klienci.scepter.agency\/greston\/?s={search_term_string}\"},\"query-input\":\"required name=search_term_string\"}],\"inLanguage\":\"pl-PL\"}]}<\/script>\n<!-- \/ Yoast SEO plugin. -->","yoast_head_json":{"title":"DURAVIT 2nd Floor podw\u00f3jna szafka stoj\u0105ca z umywalkami - Salon \u0142azienek Warszawa, armatura, gresy i akcesoria - Greston","robots":{"index":"noindex","follow":"follow","max-snippet":"max-snippet:-1","max-image-preview":"max-image-preview:large","max-video-preview":"max-video-preview:-1"},"og_locale":"pl_PL","og_type":"article","og_title":"DURAVIT 2nd Floor podw\u00f3jna szafka stoj\u0105ca z umywalkami - Salon \u0142azienek Warszawa, armatura, gresy i akcesoria - Greston","og_description":"Sprzeda\u017c tylko w komplecie","og_url":"https:\/\/klienci.scepter.agency\/greston\/produkt\/duravit-2nd-floor-podwojna-szafka-stojaca-z-umywalkami\/","og_site_name":"Salon \u0142azienek Warszawa, armatura, gresy i akcesoria - Greston","article_modified_time":"2024-10-09T15:10:57+00:00","og_image":[{"width":2560,"height":1071,"url":"https:\/\/klienci.scepter.agency\/greston\/wp-content\/uploads\/2024\/09\/IMG_2520-kadr-scaled.jpg","type":"image\/jpeg"}],"twitter_card":"summary_large_image","twitter_misc":{"Szacowany czas czytania":"1 minuta"},"schema":{"@context":"https:\/\/schema.org","@graph":[{"@type":"WebPage","@id":"https:\/\/klienci.scepter.agency\/greston\/produkt\/duravit-2nd-floor-podwojna-szafka-stojaca-z-umywalkami\/","url":"https:\/\/klienci.scepter.agency\/greston\/produkt\/duravit-2nd-floor-podwojna-szafka-stojaca-z-umywalkami\/","name":"DURAVIT 2nd Floor podw\u00f3jna szafka stoj\u0105ca z umywalkami - Salon \u0142azienek Warszawa, armatura, gresy i akcesoria - Greston","isPartOf":{"@id":"https:\/\/klienci.scepter.agency\/greston\/#website"},"primaryImageOfPage":{"@id":"https:\/\/klienci.scepter.agency\/greston\/produkt\/duravit-2nd-floor-podwojna-szafka-stojaca-z-umywalkami\/#primaryimage"},"image":{"@id":"https:\/\/klienci.scepter.agency\/greston\/produkt\/duravit-2nd-floor-podwojna-szafka-stojaca-z-umywalkami\/#primaryimage"},"thumbnailUrl":"https:\/\/klienci.scepter.agency\/greston\/wp-content\/uploads\/2024\/09\/IMG_2520-kadr-scaled.jpg","datePublished":"2024-09-30T15:03:38+00:00","dateModified":"2024-10-09T15:10:57+00:00","breadcrumb":{"@id":"https:\/\/klienci.scepter.agency\/greston\/produkt\/duravit-2nd-floor-podwojna-szafka-stojaca-z-umywalkami\/#breadcrumb"},"inLanguage":"pl-PL","potentialAction":[{"@type":"ReadAction","target":["https:\/\/klienci.scepter.agency\/greston\/produkt\/duravit-2nd-floor-podwojna-szafka-stojaca-z-umywalkami\/"]}]},{"@type":"ImageObject","inLanguage":"pl-PL","@id":"https:\/\/klienci.scepter.agency\/greston\/produkt\/duravit-2nd-floor-podwojna-szafka-stojaca-z-umywalkami\/#primaryimage","url":"https:\/\/klienci.scepter.agency\/greston\/wp-content\/uploads\/2024\/09\/IMG_2520-kadr-scaled.jpg","contentUrl":"https:\/\/klienci.scepter.agency\/greston\/wp-content\/uploads\/2024\/09\/IMG_2520-kadr-scaled.jpg","width":2560,"height":1071},{"@type":"BreadcrumbList","@id":"https:\/\/klienci.scepter.agency\/greston\/produkt\/duravit-2nd-floor-podwojna-szafka-stojaca-z-umywalkami\/#breadcrumb","itemListElement":[{"@type":"ListItem","position":1,"name":"Strona g\u0142\u00f3wna","item":"https:\/\/klienci.scepter.agency\/greston\/"},{"@type":"ListItem","position":2,"name":"DURAVIT 2nd Floor podw\u00f3jna szafka stoj\u0105ca z umywalkami"}]},{"@type":"WebSite","@id":"https:\/\/klienci.scepter.agency\/greston\/#website","url":"https:\/\/klienci.scepter.agency\/greston\/","name":"Salon \u0142azienek Warszawa, armatura, gresy i akcesoria - Greston","description":"","potentialAction":[{"@type":"SearchAction","target":{"@type":"EntryPoint","urlTemplate":"https:\/\/klienci.scepter.agency\/greston\/?s={search_term_string}"},"query-input":"required name=search_term_string"}],"inLanguage":"pl-PL"}]}},"_links":{"self":[{"href":"https:\/\/klienci.scepter.agency\/greston\/wp-json\/wp\/v2\/product\/1375","targetHints":{"allow":["GET"]}}],"collection":[{"href":"https:\/\/klienci.scepter.agency\/greston\/wp-json\/wp\/v2\/product"}],"about":[{"href":"https:\/\/klienci.scepter.agency\/greston\/wp-json\/wp\/v2\/types\/product"}],"replies":[{"embeddable":true,"href":"https:\/\/klienci.scepter.agency\/greston\/wp-json\/wp\/v2\/comments?post=1375"}],"wp:featuredmedia":[{"embeddable":true,"href":"https:\/\/klienci.scepter.agency\/greston\/wp-json\/wp\/v2\/media\/2130"}],"wp:attachment":[{"href":"https:\/\/klienci.scepter.agency\/greston\/wp-json\/wp\/v2\/media?parent=1375"}],"wp:term":[{"taxonomy":"product_cat","embeddable":true,"href":"https:\/\/klienci.scepter.agency\/greston\/wp-json\/wp\/v2\/product_cat?post=1375"},{"taxonomy":"product_tag","embeddable":true,"href":"https:\/\/klienci.scepter.agency\/greston\/wp-json\/wp\/v2\/product_tag?post=1375"}],"curies":[{"name":"wp","href":"https:\/\/api.w.org\/{rel}","templated":true}]}}