{"id":1874,"date":"2024-10-03T11:08:20","date_gmt":"2024-10-03T09:08:20","guid":{"rendered":"https:\/\/klienci.scepter.agency\/greston\/?post_type=product&#038;p=1874"},"modified":"2024-10-03T11:11:52","modified_gmt":"2024-10-03T09:11:52","slug":"alape-folio-szafka-z-umywalka-i-lustro","status":"publish","type":"product","link":"https:\/\/klienci.scepter.agency\/greston\/produkt\/alape-folio-szafka-z-umywalka-i-lustro\/","title":{"rendered":"ALAPE zestaw FOLIO -szafka z umywalk\u0105 i lustro"},"content":{"rendered":"<p><img loading=\"lazy\" decoding=\"async\" class=\"alignnone size-medium wp-image-1877\" src=\"https:\/\/klienci.scepter.agency\/greston\/wp-content\/uploads\/2024\/10\/Alape_6740001899_PB_t_Product_Pictures_TF_Mob_prod_xxl_v2-300x200.jpg\" alt=\"\" width=\"300\" height=\"200\" srcset=\"https:\/\/klienci.scepter.agency\/greston\/wp-content\/uploads\/2024\/10\/Alape_6740001899_PB_t_Product_Pictures_TF_Mob_prod_xxl_v2-300x200.jpg 300w, https:\/\/klienci.scepter.agency\/greston\/wp-content\/uploads\/2024\/10\/Alape_6740001899_PB_t_Product_Pictures_TF_Mob_prod_xxl_v2-600x400.jpg 600w, https:\/\/klienci.scepter.agency\/greston\/wp-content\/uploads\/2024\/10\/Alape_6740001899_PB_t_Product_Pictures_TF_Mob_prod_xxl_v2.jpg 729w\" sizes=\"auto, (max-width: 300px) 100vw, 300px\" \/> <img loading=\"lazy\" decoding=\"async\" class=\"alignnone size-medium wp-image-1876\" src=\"https:\/\/klienci.scepter.agency\/greston\/wp-content\/uploads\/2024\/10\/Alape_5161810000_PB_t_Product_Pictures_TF_Mob_prod_xxl_v2-300x200.jpg\" alt=\"\" width=\"300\" height=\"200\" srcset=\"https:\/\/klienci.scepter.agency\/greston\/wp-content\/uploads\/2024\/10\/Alape_5161810000_PB_t_Product_Pictures_TF_Mob_prod_xxl_v2-300x200.jpg 300w, https:\/\/klienci.scepter.agency\/greston\/wp-content\/uploads\/2024\/10\/Alape_5161810000_PB_t_Product_Pictures_TF_Mob_prod_xxl_v2-600x400.jpg 600w, https:\/\/klienci.scepter.agency\/greston\/wp-content\/uploads\/2024\/10\/Alape_5161810000_PB_t_Product_Pictures_TF_Mob_prod_xxl_v2.jpg 729w\" sizes=\"auto, (max-width: 300px) 100vw, 300px\" \/><\/p>\n<p><strong>ALAPE zestaw FOLIO z lustrem z przeznaczeniem do ma\u0142ych \u0142azienek. Emaliowana umywalka z otworem na bateri\u0119.<\/strong><\/p>\n<p>Od 1896 roku firma ALAPE produkuje umywalki i szafki pod umywalki ze stali szkliwionej, spe\u0142niaj\u0105c najwy\u017csze wymagania dotycz\u0105ce materia\u0142u, formy i funkcji. W swojej manufakturze tworz\u0105 produkty, kt\u00f3re w r\u00f3wnym stopniu spe\u0142niaj\u0105 podstawowe potrzeby w zakresie czyszczenia i estetyki i kt\u00f3re wpasowuj\u0105 si\u0119 w r\u00f3\u017cne \u015brodowiska \u017cycia. Od ponad 120 lat stal szkliwiona jest nie tylko trwa\u0142ym materia\u0142em, ale tak\u017ce najsilniejszym \u017ar\u00f3d\u0142em inspiracji. Praca z materia\u0142em kompozytowym sk\u0142adaj\u0105cym si\u0119 ze stali tytanowej i szkliwa emaliowanego motywuje ich do osi\u0105gania maksymalnej wydajno\u015bci tw\u00f3rczej. Mistrzowskie rzemios\u0142o, wyprodukowane w Niemczech.<\/p>\n","protected":false},"excerpt":{"rendered":"<p><img loading=\"lazy\" decoding=\"async\" class=\"alignnone size-full wp-image-1878\" src=\"https:\/\/klienci.scepter.agency\/greston\/wp-content\/uploads\/2024\/10\/Alape-300x220-2.jpg\" alt=\"\" width=\"300\" height=\"220\" \/><\/p>\n","protected":false},"featured_media":1875,"comment_status":"open","ping_status":"closed","template":"","meta":[],"product_cat":[31,26],"product_tag":[],"class_list":{"0":"post-1874","1":"product","2":"type-product","3":"status-publish","4":"has-post-thumbnail","6":"product_cat-meble","7":"product_cat-umywalki","9":"first","10":"instock","11":"sale","12":"shipping-taxable","13":"purchasable","14":"product-type-simple"},"acf":[],"yoast_head":"<!-- This site is optimized with the Yoast SEO plugin v23.2 - https:\/\/yoast.com\/wordpress\/plugins\/seo\/ -->\n<title>ALAPE zestaw FOLIO -szafka z umywalk\u0105 i lustro - Salon \u0142azienek Warszawa, armatura, gresy i akcesoria - Greston<\/title>\n<meta name=\"robots\" content=\"noindex, follow, max-snippet:-1, max-image-preview:large, max-video-preview:-1\" \/>\n<meta property=\"og:locale\" content=\"pl_PL\" \/>\n<meta property=\"og:type\" content=\"article\" \/>\n<meta property=\"og:title\" content=\"ALAPE zestaw FOLIO -szafka z umywalk\u0105 i lustro - Salon \u0142azienek Warszawa, armatura, gresy i akcesoria - Greston\" \/>\n<meta property=\"og:url\" content=\"https:\/\/klienci.scepter.agency\/greston\/produkt\/alape-folio-szafka-z-umywalka-i-lustro\/\" \/>\n<meta property=\"og:site_name\" content=\"Salon \u0142azienek Warszawa, armatura, gresy i akcesoria - Greston\" \/>\n<meta property=\"article:modified_time\" content=\"2024-10-03T09:11:52+00:00\" \/>\n<meta property=\"og:image\" content=\"https:\/\/klienci.scepter.agency\/greston\/wp-content\/uploads\/2024\/10\/Alape_5161810000_PB_t_Product_Pictures_TF_Mob_prod_xxl_v2-kadr.jpg\" \/>\n\t<meta property=\"og:image:width\" content=\"1234\" \/>\n\t<meta property=\"og:image:height\" content=\"486\" \/>\n\t<meta property=\"og:image:type\" content=\"image\/jpeg\" \/>\n<meta name=\"twitter:card\" content=\"summary_large_image\" \/>\n<meta name=\"twitter:label1\" content=\"Szacowany czas czytania\" \/>\n\t<meta name=\"twitter:data1\" content=\"2 minuty\" \/>\n<script type=\"application\/ld+json\" class=\"yoast-schema-graph\">{\"@context\":\"https:\/\/schema.org\",\"@graph\":[{\"@type\":\"WebPage\",\"@id\":\"https:\/\/klienci.scepter.agency\/greston\/produkt\/alape-folio-szafka-z-umywalka-i-lustro\/\",\"url\":\"https:\/\/klienci.scepter.agency\/greston\/produkt\/alape-folio-szafka-z-umywalka-i-lustro\/\",\"name\":\"ALAPE zestaw FOLIO -szafka z umywalk\u0105 i lustro - Salon \u0142azienek Warszawa, armatura, gresy i akcesoria - Greston\",\"isPartOf\":{\"@id\":\"https:\/\/klienci.scepter.agency\/greston\/#website\"},\"primaryImageOfPage\":{\"@id\":\"https:\/\/klienci.scepter.agency\/greston\/produkt\/alape-folio-szafka-z-umywalka-i-lustro\/#primaryimage\"},\"image\":{\"@id\":\"https:\/\/klienci.scepter.agency\/greston\/produkt\/alape-folio-szafka-z-umywalka-i-lustro\/#primaryimage\"},\"thumbnailUrl\":\"https:\/\/klienci.scepter.agency\/greston\/wp-content\/uploads\/2024\/10\/Alape_5161810000_PB_t_Product_Pictures_TF_Mob_prod_xxl_v2-kadr.jpg\",\"datePublished\":\"2024-10-03T09:08:20+00:00\",\"dateModified\":\"2024-10-03T09:11:52+00:00\",\"breadcrumb\":{\"@id\":\"https:\/\/klienci.scepter.agency\/greston\/produkt\/alape-folio-szafka-z-umywalka-i-lustro\/#breadcrumb\"},\"inLanguage\":\"pl-PL\",\"potentialAction\":[{\"@type\":\"ReadAction\",\"target\":[\"https:\/\/klienci.scepter.agency\/greston\/produkt\/alape-folio-szafka-z-umywalka-i-lustro\/\"]}]},{\"@type\":\"ImageObject\",\"inLanguage\":\"pl-PL\",\"@id\":\"https:\/\/klienci.scepter.agency\/greston\/produkt\/alape-folio-szafka-z-umywalka-i-lustro\/#primaryimage\",\"url\":\"https:\/\/klienci.scepter.agency\/greston\/wp-content\/uploads\/2024\/10\/Alape_5161810000_PB_t_Product_Pictures_TF_Mob_prod_xxl_v2-kadr.jpg\",\"contentUrl\":\"https:\/\/klienci.scepter.agency\/greston\/wp-content\/uploads\/2024\/10\/Alape_5161810000_PB_t_Product_Pictures_TF_Mob_prod_xxl_v2-kadr.jpg\",\"width\":1234,\"height\":486},{\"@type\":\"BreadcrumbList\",\"@id\":\"https:\/\/klienci.scepter.agency\/greston\/produkt\/alape-folio-szafka-z-umywalka-i-lustro\/#breadcrumb\",\"itemListElement\":[{\"@type\":\"ListItem\",\"position\":1,\"name\":\"Strona g\u0142\u00f3wna\",\"item\":\"https:\/\/klienci.scepter.agency\/greston\/\"},{\"@type\":\"ListItem\",\"position\":2,\"name\":\"ALAPE zestaw FOLIO -szafka z umywalk\u0105 i lustro\"}]},{\"@type\":\"WebSite\",\"@id\":\"https:\/\/klienci.scepter.agency\/greston\/#website\",\"url\":\"https:\/\/klienci.scepter.agency\/greston\/\",\"name\":\"Salon \u0142azienek Warszawa, armatura, gresy i akcesoria - Greston\",\"description\":\"\",\"potentialAction\":[{\"@type\":\"SearchAction\",\"target\":{\"@type\":\"EntryPoint\",\"urlTemplate\":\"https:\/\/klienci.scepter.agency\/greston\/?s={search_term_string}\"},\"query-input\":\"required name=search_term_string\"}],\"inLanguage\":\"pl-PL\"}]}<\/script>\n<!-- \/ Yoast SEO plugin. -->","yoast_head_json":{"title":"ALAPE zestaw FOLIO -szafka z umywalk\u0105 i lustro - Salon \u0142azienek Warszawa, armatura, gresy i akcesoria - Greston","robots":{"index":"noindex","follow":"follow","max-snippet":"max-snippet:-1","max-image-preview":"max-image-preview:large","max-video-preview":"max-video-preview:-1"},"og_locale":"pl_PL","og_type":"article","og_title":"ALAPE zestaw FOLIO -szafka z umywalk\u0105 i lustro - Salon \u0142azienek Warszawa, armatura, gresy i akcesoria - Greston","og_url":"https:\/\/klienci.scepter.agency\/greston\/produkt\/alape-folio-szafka-z-umywalka-i-lustro\/","og_site_name":"Salon \u0142azienek Warszawa, armatura, gresy i akcesoria - Greston","article_modified_time":"2024-10-03T09:11:52+00:00","og_image":[{"width":1234,"height":486,"url":"https:\/\/klienci.scepter.agency\/greston\/wp-content\/uploads\/2024\/10\/Alape_5161810000_PB_t_Product_Pictures_TF_Mob_prod_xxl_v2-kadr.jpg","type":"image\/jpeg"}],"twitter_card":"summary_large_image","twitter_misc":{"Szacowany czas czytania":"2 minuty"},"schema":{"@context":"https:\/\/schema.org","@graph":[{"@type":"WebPage","@id":"https:\/\/klienci.scepter.agency\/greston\/produkt\/alape-folio-szafka-z-umywalka-i-lustro\/","url":"https:\/\/klienci.scepter.agency\/greston\/produkt\/alape-folio-szafka-z-umywalka-i-lustro\/","name":"ALAPE zestaw FOLIO -szafka z umywalk\u0105 i lustro - Salon \u0142azienek Warszawa, armatura, gresy i akcesoria - Greston","isPartOf":{"@id":"https:\/\/klienci.scepter.agency\/greston\/#website"},"primaryImageOfPage":{"@id":"https:\/\/klienci.scepter.agency\/greston\/produkt\/alape-folio-szafka-z-umywalka-i-lustro\/#primaryimage"},"image":{"@id":"https:\/\/klienci.scepter.agency\/greston\/produkt\/alape-folio-szafka-z-umywalka-i-lustro\/#primaryimage"},"thumbnailUrl":"https:\/\/klienci.scepter.agency\/greston\/wp-content\/uploads\/2024\/10\/Alape_5161810000_PB_t_Product_Pictures_TF_Mob_prod_xxl_v2-kadr.jpg","datePublished":"2024-10-03T09:08:20+00:00","dateModified":"2024-10-03T09:11:52+00:00","breadcrumb":{"@id":"https:\/\/klienci.scepter.agency\/greston\/produkt\/alape-folio-szafka-z-umywalka-i-lustro\/#breadcrumb"},"inLanguage":"pl-PL","potentialAction":[{"@type":"ReadAction","target":["https:\/\/klienci.scepter.agency\/greston\/produkt\/alape-folio-szafka-z-umywalka-i-lustro\/"]}]},{"@type":"ImageObject","inLanguage":"pl-PL","@id":"https:\/\/klienci.scepter.agency\/greston\/produkt\/alape-folio-szafka-z-umywalka-i-lustro\/#primaryimage","url":"https:\/\/klienci.scepter.agency\/greston\/wp-content\/uploads\/2024\/10\/Alape_5161810000_PB_t_Product_Pictures_TF_Mob_prod_xxl_v2-kadr.jpg","contentUrl":"https:\/\/klienci.scepter.agency\/greston\/wp-content\/uploads\/2024\/10\/Alape_5161810000_PB_t_Product_Pictures_TF_Mob_prod_xxl_v2-kadr.jpg","width":1234,"height":486},{"@type":"BreadcrumbList","@id":"https:\/\/klienci.scepter.agency\/greston\/produkt\/alape-folio-szafka-z-umywalka-i-lustro\/#breadcrumb","itemListElement":[{"@type":"ListItem","position":1,"name":"Strona g\u0142\u00f3wna","item":"https:\/\/klienci.scepter.agency\/greston\/"},{"@type":"ListItem","position":2,"name":"ALAPE zestaw FOLIO -szafka z umywalk\u0105 i lustro"}]},{"@type":"WebSite","@id":"https:\/\/klienci.scepter.agency\/greston\/#website","url":"https:\/\/klienci.scepter.agency\/greston\/","name":"Salon \u0142azienek Warszawa, armatura, gresy i akcesoria - Greston","description":"","potentialAction":[{"@type":"SearchAction","target":{"@type":"EntryPoint","urlTemplate":"https:\/\/klienci.scepter.agency\/greston\/?s={search_term_string}"},"query-input":"required name=search_term_string"}],"inLanguage":"pl-PL"}]}},"_links":{"self":[{"href":"https:\/\/klienci.scepter.agency\/greston\/wp-json\/wp\/v2\/product\/1874","targetHints":{"allow":["GET"]}}],"collection":[{"href":"https:\/\/klienci.scepter.agency\/greston\/wp-json\/wp\/v2\/product"}],"about":[{"href":"https:\/\/klienci.scepter.agency\/greston\/wp-json\/wp\/v2\/types\/product"}],"replies":[{"embeddable":true,"href":"https:\/\/klienci.scepter.agency\/greston\/wp-json\/wp\/v2\/comments?post=1874"}],"wp:featuredmedia":[{"embeddable":true,"href":"https:\/\/klienci.scepter.agency\/greston\/wp-json\/wp\/v2\/media\/1875"}],"wp:attachment":[{"href":"https:\/\/klienci.scepter.agency\/greston\/wp-json\/wp\/v2\/media?parent=1874"}],"wp:term":[{"taxonomy":"product_cat","embeddable":true,"href":"https:\/\/klienci.scepter.agency\/greston\/wp-json\/wp\/v2\/product_cat?post=1874"},{"taxonomy":"product_tag","embeddable":true,"href":"https:\/\/klienci.scepter.agency\/greston\/wp-json\/wp\/v2\/product_tag?post=1874"}],"curies":[{"name":"wp","href":"https:\/\/api.w.org\/{rel}","templated":true}]}}