{"id":1950,"date":"2024-10-04T11:17:09","date_gmt":"2024-10-04T09:17:09","guid":{"rendered":"https:\/\/klienci.scepter.agency\/greston\/?post_type=product&#038;p=1950"},"modified":"2024-10-04T11:27:36","modified_gmt":"2024-10-04T09:27:36","slug":"duravit-cape-code-wanna-przyscienna-1900x900","status":"publish","type":"product","link":"https:\/\/klienci.scepter.agency\/greston\/produkt\/duravit-cape-code-wanna-przyscienna-1900x900\/","title":{"rendered":"DURAVIT  CAPE CODE wanna przy\u015bcienna 1900&#215;900"},"content":{"rendered":"<p><img loading=\"lazy\" decoding=\"async\" class=\"alignnone  wp-image-1951\" src=\"https:\/\/klienci.scepter.agency\/greston\/wp-content\/uploads\/2024\/10\/duravit-cape-cod-wanna-przyscienna-190x90-cm-biala-700364000000000_2-214x300.jpg\" alt=\"\" width=\"172\" height=\"241\" srcset=\"https:\/\/klienci.scepter.agency\/greston\/wp-content\/uploads\/2024\/10\/duravit-cape-cod-wanna-przyscienna-190x90-cm-biala-700364000000000_2-214x300.jpg 214w, https:\/\/klienci.scepter.agency\/greston\/wp-content\/uploads\/2024\/10\/duravit-cape-cod-wanna-przyscienna-190x90-cm-biala-700364000000000_2.jpg 570w\" sizes=\"auto, (max-width: 172px) 100vw, 172px\" \/><\/p>\n<p>&nbsp;<\/p>\n<p><strong>CAPE CODE wanna przy\u015bcienna 1900&#215;900<\/strong><\/p>\n<p class=\"h2\">Filigranowe kraw\u0119dzie, organiczne formy, mi\u0119kkie ob\u0142e kszta\u0142ty, przyjemna powierzchnia.<\/p>\n<div class=\"p\">\n<p>Podobnie jak umywalka i meble \u0142azienkowe &#8211; r\u00f3wnie\u017c wanna Cape Cod \u0142\u0105czy materia\u0142 i form\u0119 w now\u0105, innowacyjn\u0105 jedno\u015b\u0107.<\/p>\n<p>To zaprojektowane z nowego materia\u0142u\u00a0 \u2013 DuraSolid \u2013 dzie\u0142o Philipa Starck charakteryzuj\u0105 szczeg\u00f3lnie delikatne ranty wanny i organiczne formy. Monolityczna bry\u0142a wanny charakteryzuje si\u0119 jedwabi\u015bcie matow\u0105, przyjemn\u0105 w dotyku powierzchni\u0105.<\/p>\n<\/div>\n","protected":false},"excerpt":{"rendered":"<p><img loading=\"lazy\" decoding=\"async\" class=\"alignnone size-full wp-image-1212\" src=\"https:\/\/klienci.scepter.agency\/greston\/wp-content\/uploads\/2024\/09\/94.jpg\" alt=\"\" width=\"175\" height=\"46\" \/><\/p>\n<p>Du\u017ca i wygodna wanna w \u015bwietnej cenie.<\/p>\n","protected":false},"featured_media":1957,"comment_status":"open","ping_status":"closed","template":"","meta":[],"product_cat":[28],"product_tag":[],"class_list":{"0":"post-1950","1":"product","2":"type-product","3":"status-publish","4":"has-post-thumbnail","6":"product_cat-wanny","8":"first","9":"instock","10":"sale","11":"shipping-taxable","12":"purchasable","13":"product-type-simple"},"acf":[],"yoast_head":"<!-- This site is optimized with the Yoast SEO plugin v23.2 - https:\/\/yoast.com\/wordpress\/plugins\/seo\/ -->\n<title>DURAVIT CAPE CODE wanna przy\u015bcienna 1900x900 - Salon \u0142azienek Warszawa, armatura, gresy i akcesoria - Greston<\/title>\n<meta name=\"description\" content=\"Du\u017ca i wygodna wanna w \u015bwietnej cenie.\" \/>\n<meta name=\"robots\" content=\"noindex, follow, max-snippet:-1, max-image-preview:large, max-video-preview:-1\" \/>\n<meta property=\"og:locale\" content=\"pl_PL\" \/>\n<meta property=\"og:type\" content=\"article\" \/>\n<meta property=\"og:title\" content=\"DURAVIT CAPE CODE wanna przy\u015bcienna 1900x900 - Salon \u0142azienek Warszawa, armatura, gresy i akcesoria - Greston\" \/>\n<meta property=\"og:description\" content=\"Du\u017ca i wygodna wanna w \u015bwietnej cenie.\" \/>\n<meta property=\"og:url\" content=\"https:\/\/klienci.scepter.agency\/greston\/produkt\/duravit-cape-code-wanna-przyscienna-1900x900\/\" \/>\n<meta property=\"og:site_name\" content=\"Salon \u0142azienek Warszawa, armatura, gresy i akcesoria - Greston\" \/>\n<meta property=\"article:modified_time\" content=\"2024-10-04T09:27:36+00:00\" \/>\n<meta property=\"og:image\" content=\"https:\/\/klienci.scepter.agency\/greston\/wp-content\/uploads\/2024\/10\/duravit-cape-cod-wanna-przyscienna-190x90-cm-biala-700364000000000_19-1.jpg\" \/>\n\t<meta property=\"og:image:width\" content=\"1197\" \/>\n\t<meta property=\"og:image:height\" content=\"799\" \/>\n\t<meta property=\"og:image:type\" content=\"image\/jpeg\" \/>\n<meta name=\"twitter:card\" content=\"summary_large_image\" \/>\n<meta name=\"twitter:label1\" content=\"Szacowany czas czytania\" \/>\n\t<meta name=\"twitter:data1\" content=\"1 minuta\" \/>\n<script type=\"application\/ld+json\" class=\"yoast-schema-graph\">{\"@context\":\"https:\/\/schema.org\",\"@graph\":[{\"@type\":\"WebPage\",\"@id\":\"https:\/\/klienci.scepter.agency\/greston\/produkt\/duravit-cape-code-wanna-przyscienna-1900x900\/\",\"url\":\"https:\/\/klienci.scepter.agency\/greston\/produkt\/duravit-cape-code-wanna-przyscienna-1900x900\/\",\"name\":\"DURAVIT CAPE CODE wanna przy\u015bcienna 1900x900 - Salon \u0142azienek Warszawa, armatura, gresy i akcesoria - Greston\",\"isPartOf\":{\"@id\":\"https:\/\/klienci.scepter.agency\/greston\/#website\"},\"primaryImageOfPage\":{\"@id\":\"https:\/\/klienci.scepter.agency\/greston\/produkt\/duravit-cape-code-wanna-przyscienna-1900x900\/#primaryimage\"},\"image\":{\"@id\":\"https:\/\/klienci.scepter.agency\/greston\/produkt\/duravit-cape-code-wanna-przyscienna-1900x900\/#primaryimage\"},\"thumbnailUrl\":\"https:\/\/klienci.scepter.agency\/greston\/wp-content\/uploads\/2024\/10\/duravit-cape-cod-wanna-przyscienna-190x90-cm-biala-700364000000000_19-1.jpg\",\"datePublished\":\"2024-10-04T09:17:09+00:00\",\"dateModified\":\"2024-10-04T09:27:36+00:00\",\"description\":\"Du\u017ca i wygodna wanna w \u015bwietnej cenie.\",\"breadcrumb\":{\"@id\":\"https:\/\/klienci.scepter.agency\/greston\/produkt\/duravit-cape-code-wanna-przyscienna-1900x900\/#breadcrumb\"},\"inLanguage\":\"pl-PL\",\"potentialAction\":[{\"@type\":\"ReadAction\",\"target\":[\"https:\/\/klienci.scepter.agency\/greston\/produkt\/duravit-cape-code-wanna-przyscienna-1900x900\/\"]}]},{\"@type\":\"ImageObject\",\"inLanguage\":\"pl-PL\",\"@id\":\"https:\/\/klienci.scepter.agency\/greston\/produkt\/duravit-cape-code-wanna-przyscienna-1900x900\/#primaryimage\",\"url\":\"https:\/\/klienci.scepter.agency\/greston\/wp-content\/uploads\/2024\/10\/duravit-cape-cod-wanna-przyscienna-190x90-cm-biala-700364000000000_19-1.jpg\",\"contentUrl\":\"https:\/\/klienci.scepter.agency\/greston\/wp-content\/uploads\/2024\/10\/duravit-cape-cod-wanna-przyscienna-190x90-cm-biala-700364000000000_19-1.jpg\",\"width\":1197,\"height\":799},{\"@type\":\"BreadcrumbList\",\"@id\":\"https:\/\/klienci.scepter.agency\/greston\/produkt\/duravit-cape-code-wanna-przyscienna-1900x900\/#breadcrumb\",\"itemListElement\":[{\"@type\":\"ListItem\",\"position\":1,\"name\":\"Strona g\u0142\u00f3wna\",\"item\":\"https:\/\/klienci.scepter.agency\/greston\/\"},{\"@type\":\"ListItem\",\"position\":2,\"name\":\"DURAVIT CAPE CODE wanna przy\u015bcienna 1900&#215;900\"}]},{\"@type\":\"WebSite\",\"@id\":\"https:\/\/klienci.scepter.agency\/greston\/#website\",\"url\":\"https:\/\/klienci.scepter.agency\/greston\/\",\"name\":\"Salon \u0142azienek Warszawa, armatura, gresy i akcesoria - Greston\",\"description\":\"\",\"potentialAction\":[{\"@type\":\"SearchAction\",\"target\":{\"@type\":\"EntryPoint\",\"urlTemplate\":\"https:\/\/klienci.scepter.agency\/greston\/?s={search_term_string}\"},\"query-input\":\"required name=search_term_string\"}],\"inLanguage\":\"pl-PL\"}]}<\/script>\n<!-- \/ Yoast SEO plugin. -->","yoast_head_json":{"title":"DURAVIT CAPE CODE wanna przy\u015bcienna 1900x900 - Salon \u0142azienek Warszawa, armatura, gresy i akcesoria - Greston","description":"Du\u017ca i wygodna wanna w \u015bwietnej cenie.","robots":{"index":"noindex","follow":"follow","max-snippet":"max-snippet:-1","max-image-preview":"max-image-preview:large","max-video-preview":"max-video-preview:-1"},"og_locale":"pl_PL","og_type":"article","og_title":"DURAVIT CAPE CODE wanna przy\u015bcienna 1900x900 - Salon \u0142azienek Warszawa, armatura, gresy i akcesoria - Greston","og_description":"Du\u017ca i wygodna wanna w \u015bwietnej cenie.","og_url":"https:\/\/klienci.scepter.agency\/greston\/produkt\/duravit-cape-code-wanna-przyscienna-1900x900\/","og_site_name":"Salon \u0142azienek Warszawa, armatura, gresy i akcesoria - Greston","article_modified_time":"2024-10-04T09:27:36+00:00","og_image":[{"width":1197,"height":799,"url":"https:\/\/klienci.scepter.agency\/greston\/wp-content\/uploads\/2024\/10\/duravit-cape-cod-wanna-przyscienna-190x90-cm-biala-700364000000000_19-1.jpg","type":"image\/jpeg"}],"twitter_card":"summary_large_image","twitter_misc":{"Szacowany czas czytania":"1 minuta"},"schema":{"@context":"https:\/\/schema.org","@graph":[{"@type":"WebPage","@id":"https:\/\/klienci.scepter.agency\/greston\/produkt\/duravit-cape-code-wanna-przyscienna-1900x900\/","url":"https:\/\/klienci.scepter.agency\/greston\/produkt\/duravit-cape-code-wanna-przyscienna-1900x900\/","name":"DURAVIT CAPE CODE wanna przy\u015bcienna 1900x900 - Salon \u0142azienek Warszawa, armatura, gresy i akcesoria - Greston","isPartOf":{"@id":"https:\/\/klienci.scepter.agency\/greston\/#website"},"primaryImageOfPage":{"@id":"https:\/\/klienci.scepter.agency\/greston\/produkt\/duravit-cape-code-wanna-przyscienna-1900x900\/#primaryimage"},"image":{"@id":"https:\/\/klienci.scepter.agency\/greston\/produkt\/duravit-cape-code-wanna-przyscienna-1900x900\/#primaryimage"},"thumbnailUrl":"https:\/\/klienci.scepter.agency\/greston\/wp-content\/uploads\/2024\/10\/duravit-cape-cod-wanna-przyscienna-190x90-cm-biala-700364000000000_19-1.jpg","datePublished":"2024-10-04T09:17:09+00:00","dateModified":"2024-10-04T09:27:36+00:00","description":"Du\u017ca i wygodna wanna w \u015bwietnej cenie.","breadcrumb":{"@id":"https:\/\/klienci.scepter.agency\/greston\/produkt\/duravit-cape-code-wanna-przyscienna-1900x900\/#breadcrumb"},"inLanguage":"pl-PL","potentialAction":[{"@type":"ReadAction","target":["https:\/\/klienci.scepter.agency\/greston\/produkt\/duravit-cape-code-wanna-przyscienna-1900x900\/"]}]},{"@type":"ImageObject","inLanguage":"pl-PL","@id":"https:\/\/klienci.scepter.agency\/greston\/produkt\/duravit-cape-code-wanna-przyscienna-1900x900\/#primaryimage","url":"https:\/\/klienci.scepter.agency\/greston\/wp-content\/uploads\/2024\/10\/duravit-cape-cod-wanna-przyscienna-190x90-cm-biala-700364000000000_19-1.jpg","contentUrl":"https:\/\/klienci.scepter.agency\/greston\/wp-content\/uploads\/2024\/10\/duravit-cape-cod-wanna-przyscienna-190x90-cm-biala-700364000000000_19-1.jpg","width":1197,"height":799},{"@type":"BreadcrumbList","@id":"https:\/\/klienci.scepter.agency\/greston\/produkt\/duravit-cape-code-wanna-przyscienna-1900x900\/#breadcrumb","itemListElement":[{"@type":"ListItem","position":1,"name":"Strona g\u0142\u00f3wna","item":"https:\/\/klienci.scepter.agency\/greston\/"},{"@type":"ListItem","position":2,"name":"DURAVIT CAPE CODE wanna przy\u015bcienna 1900&#215;900"}]},{"@type":"WebSite","@id":"https:\/\/klienci.scepter.agency\/greston\/#website","url":"https:\/\/klienci.scepter.agency\/greston\/","name":"Salon \u0142azienek Warszawa, armatura, gresy i akcesoria - Greston","description":"","potentialAction":[{"@type":"SearchAction","target":{"@type":"EntryPoint","urlTemplate":"https:\/\/klienci.scepter.agency\/greston\/?s={search_term_string}"},"query-input":"required name=search_term_string"}],"inLanguage":"pl-PL"}]}},"_links":{"self":[{"href":"https:\/\/klienci.scepter.agency\/greston\/wp-json\/wp\/v2\/product\/1950","targetHints":{"allow":["GET"]}}],"collection":[{"href":"https:\/\/klienci.scepter.agency\/greston\/wp-json\/wp\/v2\/product"}],"about":[{"href":"https:\/\/klienci.scepter.agency\/greston\/wp-json\/wp\/v2\/types\/product"}],"replies":[{"embeddable":true,"href":"https:\/\/klienci.scepter.agency\/greston\/wp-json\/wp\/v2\/comments?post=1950"}],"wp:featuredmedia":[{"embeddable":true,"href":"https:\/\/klienci.scepter.agency\/greston\/wp-json\/wp\/v2\/media\/1957"}],"wp:attachment":[{"href":"https:\/\/klienci.scepter.agency\/greston\/wp-json\/wp\/v2\/media?parent=1950"}],"wp:term":[{"taxonomy":"product_cat","embeddable":true,"href":"https:\/\/klienci.scepter.agency\/greston\/wp-json\/wp\/v2\/product_cat?post=1950"},{"taxonomy":"product_tag","embeddable":true,"href":"https:\/\/klienci.scepter.agency\/greston\/wp-json\/wp\/v2\/product_tag?post=1950"}],"curies":[{"name":"wp","href":"https:\/\/api.w.org\/{rel}","templated":true}]}}