{"id":2177,"date":"2024-10-10T14:44:21","date_gmt":"2024-10-10T12:44:21","guid":{"rendered":"https:\/\/klienci.scepter.agency\/greston\/?post_type=product&#038;p=2177"},"modified":"2024-10-10T15:13:50","modified_gmt":"2024-10-10T13:13:50","slug":"duravit-starck-x-umywalka-57cm-na-stelazu","status":"publish","type":"product","link":"https:\/\/klienci.scepter.agency\/greston\/produkt\/duravit-starck-x-umywalka-57cm-na-stelazu\/","title":{"rendered":"DURAVIT  STARCK X umywalka 57cm na stela\u017cu"},"content":{"rendered":"<p>&nbsp;<\/p>\n<p><strong><img loading=\"lazy\" decoding=\"async\" class=\"alignnone size-medium wp-image-2178\" src=\"https:\/\/klienci.scepter.agency\/greston\/wp-content\/uploads\/2024\/10\/STARCK-X-300x289.jpg\" alt=\"\" width=\"300\" height=\"289\" srcset=\"https:\/\/klienci.scepter.agency\/greston\/wp-content\/uploads\/2024\/10\/STARCK-X-300x289.jpg 300w, https:\/\/klienci.scepter.agency\/greston\/wp-content\/uploads\/2024\/10\/STARCK-X.jpg 546w\" sizes=\"auto, (max-width: 300px) 100vw, 300px\" \/><\/strong><\/p>\n<p>&nbsp;<\/p>\n<p><strong>\u00a0 \u00a0DURAVIT STARCK<\/strong><strong> X\u00a0 <\/strong><\/p>\n<p><strong>Umywalka 570mm z ceramiczn\u0105 os\u0142on\u0105 odp\u0142ywu podparta na chromowanym stela\u017cu<\/strong><\/p>\n<p>&nbsp;<\/p>\n<p>&nbsp;<\/p>\n<p>&nbsp;<\/p>\n<p>&nbsp;<\/p>\n","protected":false},"excerpt":{"rendered":"<p><img loading=\"lazy\" decoding=\"async\" class=\"alignnone size-full wp-image-1212\" src=\"https:\/\/klienci.scepter.agency\/greston\/wp-content\/uploads\/2024\/09\/94.jpg\" alt=\"\" width=\"175\" height=\"46\" \/><\/p>\n<p>&nbsp;<\/p>\n","protected":false},"featured_media":2179,"comment_status":"open","ping_status":"closed","template":"","meta":[],"product_cat":[26],"product_tag":[],"class_list":{"0":"post-2177","1":"product","2":"type-product","3":"status-publish","4":"has-post-thumbnail","6":"product_cat-umywalki","8":"first","9":"instock","10":"sale","11":"shipping-taxable","12":"purchasable","13":"product-type-simple"},"acf":[],"yoast_head":"<!-- This site is optimized with the Yoast SEO plugin v23.2 - https:\/\/yoast.com\/wordpress\/plugins\/seo\/ -->\n<title>DURAVIT STARCK X umywalka 57cm na stela\u017cu - Salon \u0142azienek Warszawa, armatura, gresy i akcesoria - Greston<\/title>\n<meta name=\"description\" content=\"Du\u017ca i wygodna wanna w \u015bwietnej cenie.\" \/>\n<meta name=\"robots\" content=\"noindex, follow, max-snippet:-1, max-image-preview:large, max-video-preview:-1\" \/>\n<meta property=\"og:locale\" content=\"pl_PL\" \/>\n<meta property=\"og:type\" content=\"article\" \/>\n<meta property=\"og:title\" content=\"DURAVIT STARCK X umywalka 57cm na stela\u017cu - Salon \u0142azienek Warszawa, armatura, gresy i akcesoria - Greston\" \/>\n<meta property=\"og:description\" content=\"Du\u017ca i wygodna wanna w \u015bwietnej cenie.\" \/>\n<meta property=\"og:url\" content=\"https:\/\/klienci.scepter.agency\/greston\/produkt\/duravit-starck-x-umywalka-57cm-na-stelazu\/\" \/>\n<meta property=\"og:site_name\" content=\"Salon \u0142azienek Warszawa, armatura, gresy i akcesoria - Greston\" \/>\n<meta property=\"article:modified_time\" content=\"2024-10-10T13:13:50+00:00\" \/>\n<meta property=\"og:image\" content=\"https:\/\/klienci.scepter.agency\/greston\/wp-content\/uploads\/2024\/10\/STARCK-X-kadr.jpg\" \/>\n\t<meta property=\"og:image:width\" content=\"963\" \/>\n\t<meta property=\"og:image:height\" content=\"443\" \/>\n\t<meta property=\"og:image:type\" content=\"image\/jpeg\" \/>\n<meta name=\"twitter:card\" content=\"summary_large_image\" \/>\n<meta name=\"twitter:label1\" content=\"Szacowany czas czytania\" \/>\n\t<meta name=\"twitter:data1\" content=\"1 minuta\" \/>\n<script type=\"application\/ld+json\" class=\"yoast-schema-graph\">{\"@context\":\"https:\/\/schema.org\",\"@graph\":[{\"@type\":\"WebPage\",\"@id\":\"https:\/\/klienci.scepter.agency\/greston\/produkt\/duravit-starck-x-umywalka-57cm-na-stelazu\/\",\"url\":\"https:\/\/klienci.scepter.agency\/greston\/produkt\/duravit-starck-x-umywalka-57cm-na-stelazu\/\",\"name\":\"DURAVIT STARCK X umywalka 57cm na stela\u017cu - Salon \u0142azienek Warszawa, armatura, gresy i akcesoria - Greston\",\"isPartOf\":{\"@id\":\"https:\/\/klienci.scepter.agency\/greston\/#website\"},\"primaryImageOfPage\":{\"@id\":\"https:\/\/klienci.scepter.agency\/greston\/produkt\/duravit-starck-x-umywalka-57cm-na-stelazu\/#primaryimage\"},\"image\":{\"@id\":\"https:\/\/klienci.scepter.agency\/greston\/produkt\/duravit-starck-x-umywalka-57cm-na-stelazu\/#primaryimage\"},\"thumbnailUrl\":\"https:\/\/klienci.scepter.agency\/greston\/wp-content\/uploads\/2024\/10\/STARCK-X-kadr.jpg\",\"datePublished\":\"2024-10-10T12:44:21+00:00\",\"dateModified\":\"2024-10-10T13:13:50+00:00\",\"description\":\"Du\u017ca i wygodna wanna w \u015bwietnej cenie.\",\"breadcrumb\":{\"@id\":\"https:\/\/klienci.scepter.agency\/greston\/produkt\/duravit-starck-x-umywalka-57cm-na-stelazu\/#breadcrumb\"},\"inLanguage\":\"pl-PL\",\"potentialAction\":[{\"@type\":\"ReadAction\",\"target\":[\"https:\/\/klienci.scepter.agency\/greston\/produkt\/duravit-starck-x-umywalka-57cm-na-stelazu\/\"]}]},{\"@type\":\"ImageObject\",\"inLanguage\":\"pl-PL\",\"@id\":\"https:\/\/klienci.scepter.agency\/greston\/produkt\/duravit-starck-x-umywalka-57cm-na-stelazu\/#primaryimage\",\"url\":\"https:\/\/klienci.scepter.agency\/greston\/wp-content\/uploads\/2024\/10\/STARCK-X-kadr.jpg\",\"contentUrl\":\"https:\/\/klienci.scepter.agency\/greston\/wp-content\/uploads\/2024\/10\/STARCK-X-kadr.jpg\",\"width\":963,\"height\":443},{\"@type\":\"BreadcrumbList\",\"@id\":\"https:\/\/klienci.scepter.agency\/greston\/produkt\/duravit-starck-x-umywalka-57cm-na-stelazu\/#breadcrumb\",\"itemListElement\":[{\"@type\":\"ListItem\",\"position\":1,\"name\":\"Strona g\u0142\u00f3wna\",\"item\":\"https:\/\/klienci.scepter.agency\/greston\/\"},{\"@type\":\"ListItem\",\"position\":2,\"name\":\"DURAVIT STARCK X umywalka 57cm na stela\u017cu\"}]},{\"@type\":\"WebSite\",\"@id\":\"https:\/\/klienci.scepter.agency\/greston\/#website\",\"url\":\"https:\/\/klienci.scepter.agency\/greston\/\",\"name\":\"Salon \u0142azienek Warszawa, armatura, gresy i akcesoria - Greston\",\"description\":\"\",\"potentialAction\":[{\"@type\":\"SearchAction\",\"target\":{\"@type\":\"EntryPoint\",\"urlTemplate\":\"https:\/\/klienci.scepter.agency\/greston\/?s={search_term_string}\"},\"query-input\":\"required name=search_term_string\"}],\"inLanguage\":\"pl-PL\"}]}<\/script>\n<!-- \/ Yoast SEO plugin. -->","yoast_head_json":{"title":"DURAVIT STARCK X umywalka 57cm na stela\u017cu - Salon \u0142azienek Warszawa, armatura, gresy i akcesoria - Greston","description":"Du\u017ca i wygodna wanna w \u015bwietnej cenie.","robots":{"index":"noindex","follow":"follow","max-snippet":"max-snippet:-1","max-image-preview":"max-image-preview:large","max-video-preview":"max-video-preview:-1"},"og_locale":"pl_PL","og_type":"article","og_title":"DURAVIT STARCK X umywalka 57cm na stela\u017cu - Salon \u0142azienek Warszawa, armatura, gresy i akcesoria - Greston","og_description":"Du\u017ca i wygodna wanna w \u015bwietnej cenie.","og_url":"https:\/\/klienci.scepter.agency\/greston\/produkt\/duravit-starck-x-umywalka-57cm-na-stelazu\/","og_site_name":"Salon \u0142azienek Warszawa, armatura, gresy i akcesoria - Greston","article_modified_time":"2024-10-10T13:13:50+00:00","og_image":[{"width":963,"height":443,"url":"https:\/\/klienci.scepter.agency\/greston\/wp-content\/uploads\/2024\/10\/STARCK-X-kadr.jpg","type":"image\/jpeg"}],"twitter_card":"summary_large_image","twitter_misc":{"Szacowany czas czytania":"1 minuta"},"schema":{"@context":"https:\/\/schema.org","@graph":[{"@type":"WebPage","@id":"https:\/\/klienci.scepter.agency\/greston\/produkt\/duravit-starck-x-umywalka-57cm-na-stelazu\/","url":"https:\/\/klienci.scepter.agency\/greston\/produkt\/duravit-starck-x-umywalka-57cm-na-stelazu\/","name":"DURAVIT STARCK X umywalka 57cm na stela\u017cu - Salon \u0142azienek Warszawa, armatura, gresy i akcesoria - Greston","isPartOf":{"@id":"https:\/\/klienci.scepter.agency\/greston\/#website"},"primaryImageOfPage":{"@id":"https:\/\/klienci.scepter.agency\/greston\/produkt\/duravit-starck-x-umywalka-57cm-na-stelazu\/#primaryimage"},"image":{"@id":"https:\/\/klienci.scepter.agency\/greston\/produkt\/duravit-starck-x-umywalka-57cm-na-stelazu\/#primaryimage"},"thumbnailUrl":"https:\/\/klienci.scepter.agency\/greston\/wp-content\/uploads\/2024\/10\/STARCK-X-kadr.jpg","datePublished":"2024-10-10T12:44:21+00:00","dateModified":"2024-10-10T13:13:50+00:00","description":"Du\u017ca i wygodna wanna w \u015bwietnej cenie.","breadcrumb":{"@id":"https:\/\/klienci.scepter.agency\/greston\/produkt\/duravit-starck-x-umywalka-57cm-na-stelazu\/#breadcrumb"},"inLanguage":"pl-PL","potentialAction":[{"@type":"ReadAction","target":["https:\/\/klienci.scepter.agency\/greston\/produkt\/duravit-starck-x-umywalka-57cm-na-stelazu\/"]}]},{"@type":"ImageObject","inLanguage":"pl-PL","@id":"https:\/\/klienci.scepter.agency\/greston\/produkt\/duravit-starck-x-umywalka-57cm-na-stelazu\/#primaryimage","url":"https:\/\/klienci.scepter.agency\/greston\/wp-content\/uploads\/2024\/10\/STARCK-X-kadr.jpg","contentUrl":"https:\/\/klienci.scepter.agency\/greston\/wp-content\/uploads\/2024\/10\/STARCK-X-kadr.jpg","width":963,"height":443},{"@type":"BreadcrumbList","@id":"https:\/\/klienci.scepter.agency\/greston\/produkt\/duravit-starck-x-umywalka-57cm-na-stelazu\/#breadcrumb","itemListElement":[{"@type":"ListItem","position":1,"name":"Strona g\u0142\u00f3wna","item":"https:\/\/klienci.scepter.agency\/greston\/"},{"@type":"ListItem","position":2,"name":"DURAVIT STARCK X umywalka 57cm na stela\u017cu"}]},{"@type":"WebSite","@id":"https:\/\/klienci.scepter.agency\/greston\/#website","url":"https:\/\/klienci.scepter.agency\/greston\/","name":"Salon \u0142azienek Warszawa, armatura, gresy i akcesoria - Greston","description":"","potentialAction":[{"@type":"SearchAction","target":{"@type":"EntryPoint","urlTemplate":"https:\/\/klienci.scepter.agency\/greston\/?s={search_term_string}"},"query-input":"required name=search_term_string"}],"inLanguage":"pl-PL"}]}},"_links":{"self":[{"href":"https:\/\/klienci.scepter.agency\/greston\/wp-json\/wp\/v2\/product\/2177","targetHints":{"allow":["GET"]}}],"collection":[{"href":"https:\/\/klienci.scepter.agency\/greston\/wp-json\/wp\/v2\/product"}],"about":[{"href":"https:\/\/klienci.scepter.agency\/greston\/wp-json\/wp\/v2\/types\/product"}],"replies":[{"embeddable":true,"href":"https:\/\/klienci.scepter.agency\/greston\/wp-json\/wp\/v2\/comments?post=2177"}],"wp:featuredmedia":[{"embeddable":true,"href":"https:\/\/klienci.scepter.agency\/greston\/wp-json\/wp\/v2\/media\/2179"}],"wp:attachment":[{"href":"https:\/\/klienci.scepter.agency\/greston\/wp-json\/wp\/v2\/media?parent=2177"}],"wp:term":[{"taxonomy":"product_cat","embeddable":true,"href":"https:\/\/klienci.scepter.agency\/greston\/wp-json\/wp\/v2\/product_cat?post=2177"},{"taxonomy":"product_tag","embeddable":true,"href":"https:\/\/klienci.scepter.agency\/greston\/wp-json\/wp\/v2\/product_tag?post=2177"}],"curies":[{"name":"wp","href":"https:\/\/api.w.org\/{rel}","templated":true}]}}