{"id":2691,"date":"2024-11-05T11:29:24","date_gmt":"2024-11-05T10:29:24","guid":{"rendered":"https:\/\/klienci.scepter.agency\/greston\/?post_type=product&#038;p=2691"},"modified":"2024-11-05T15:38:46","modified_gmt":"2024-11-05T14:38:46","slug":"bette-wanna-starlet-flair-oval-168x73","status":"publish","type":"product","link":"https:\/\/klienci.scepter.agency\/greston\/produkt\/bette-wanna-starlet-flair-oval-168x73\/","title":{"rendered":"BETTE &#8211; Wanna STARLET FLAIR OVAL 168&#215;73"},"content":{"rendered":"<p><img loading=\"lazy\" decoding=\"async\" class=\"alignnone wp-image-2694\" src=\"https:\/\/klienci.scepter.agency\/greston\/wp-content\/uploads\/2024\/11\/bet-8772-weiss_0-300x300.jpg\" alt=\"\" width=\"143\" height=\"143\" srcset=\"https:\/\/klienci.scepter.agency\/greston\/wp-content\/uploads\/2024\/11\/bet-8772-weiss_0-300x300.jpg 300w, https:\/\/klienci.scepter.agency\/greston\/wp-content\/uploads\/2024\/11\/bet-8772-weiss_0-150x150.jpg 150w, https:\/\/klienci.scepter.agency\/greston\/wp-content\/uploads\/2024\/11\/bet-8772-weiss_0-100x100.jpg 100w, https:\/\/klienci.scepter.agency\/greston\/wp-content\/uploads\/2024\/11\/bet-8772-weiss_0.jpg 570w\" sizes=\"auto, (max-width: 143px) 100vw, 143px\" \/><strong> BETTE\u00a0 STARLET FLAIR OVAL wanna owalna do zabudowy 168&#215;73 -komplet z n\u00f3\u017ckami<\/strong>.<\/p>\n<p>Niemiecki producent Bette w swojej ofercie produkty wykonane na bazie naturalnych materia\u0142\u00f3w, \u0142\u0105cz\u0105c styl z funkcjonalno\u015bci\u0105. Uniwersalne zastosowanie i\u00a0 \u0142atwo\u015b\u0107 by dopasowa\u0107 je do konkretnej przestrzeni i indywidualnych potrzeb, r\u00f3wnie\u017c tych zwi\u0105zanych z aran\u017cacj\u0105 wn\u0119trza. Projektanci Bette wykorzystuj\u0105c innowacyjne technologie maj\u0105 na uwadze swobod\u0119 projektowania i, zapewniaj\u0105 r\u00f3\u017cnorodno\u015b\u0107 kolor\u00f3w i modeli.<\/p>\n","protected":false},"excerpt":{"rendered":"<p><img loading=\"lazy\" decoding=\"async\" class=\"alignnone size-medium wp-image-2693\" src=\"https:\/\/klienci.scepter.agency\/greston\/wp-content\/uploads\/2024\/11\/BETTE-300x225.jpg\" alt=\"\" width=\"300\" height=\"225\" srcset=\"https:\/\/klienci.scepter.agency\/greston\/wp-content\/uploads\/2024\/11\/BETTE-300x225.jpg 300w, https:\/\/klienci.scepter.agency\/greston\/wp-content\/uploads\/2024\/11\/BETTE-768x576.jpg 768w, https:\/\/klienci.scepter.agency\/greston\/wp-content\/uploads\/2024\/11\/BETTE-600x450.jpg 600w, https:\/\/klienci.scepter.agency\/greston\/wp-content\/uploads\/2024\/11\/BETTE.jpg 800w\" sizes=\"auto, (max-width: 300px) 100vw, 300px\" \/><\/p>\n","protected":false},"featured_media":2692,"comment_status":"open","ping_status":"closed","template":"","meta":[],"product_cat":[28],"product_tag":[],"class_list":{"0":"post-2691","1":"product","2":"type-product","3":"status-publish","4":"has-post-thumbnail","6":"product_cat-wanny","8":"first","9":"instock","10":"sale","11":"shipping-taxable","12":"purchasable","13":"product-type-simple"},"acf":[],"yoast_head":"<!-- This site is optimized with the Yoast SEO plugin v23.2 - https:\/\/yoast.com\/wordpress\/plugins\/seo\/ -->\n<title>BETTE - Wanna STARLET FLAIR OVAL 168x73 - Salon \u0142azienek Warszawa, armatura, gresy i akcesoria - Greston<\/title>\n<meta name=\"robots\" content=\"noindex, follow, max-snippet:-1, max-image-preview:large, max-video-preview:-1\" \/>\n<meta property=\"og:locale\" content=\"pl_PL\" \/>\n<meta property=\"og:type\" content=\"article\" \/>\n<meta property=\"og:title\" content=\"BETTE - Wanna STARLET FLAIR OVAL 168x73 - Salon \u0142azienek Warszawa, armatura, gresy i akcesoria - Greston\" \/>\n<meta property=\"og:url\" content=\"https:\/\/klienci.scepter.agency\/greston\/produkt\/bette-wanna-starlet-flair-oval-168x73\/\" \/>\n<meta property=\"og:site_name\" content=\"Salon \u0142azienek Warszawa, armatura, gresy i akcesoria - Greston\" \/>\n<meta property=\"article:modified_time\" content=\"2024-11-05T14:38:46+00:00\" \/>\n<meta property=\"og:image\" content=\"https:\/\/klienci.scepter.agency\/greston\/wp-content\/uploads\/2024\/11\/bet-8772-kadr.jpg\" \/>\n\t<meta property=\"og:image:width\" content=\"860\" \/>\n\t<meta property=\"og:image:height\" content=\"325\" \/>\n\t<meta property=\"og:image:type\" content=\"image\/jpeg\" \/>\n<meta name=\"twitter:card\" content=\"summary_large_image\" \/>\n<meta name=\"twitter:label1\" content=\"Szacowany czas czytania\" \/>\n\t<meta name=\"twitter:data1\" content=\"1 minuta\" \/>\n<script type=\"application\/ld+json\" class=\"yoast-schema-graph\">{\"@context\":\"https:\/\/schema.org\",\"@graph\":[{\"@type\":\"WebPage\",\"@id\":\"https:\/\/klienci.scepter.agency\/greston\/produkt\/bette-wanna-starlet-flair-oval-168x73\/\",\"url\":\"https:\/\/klienci.scepter.agency\/greston\/produkt\/bette-wanna-starlet-flair-oval-168x73\/\",\"name\":\"BETTE - Wanna STARLET FLAIR OVAL 168x73 - Salon \u0142azienek Warszawa, armatura, gresy i akcesoria - Greston\",\"isPartOf\":{\"@id\":\"https:\/\/klienci.scepter.agency\/greston\/#website\"},\"primaryImageOfPage\":{\"@id\":\"https:\/\/klienci.scepter.agency\/greston\/produkt\/bette-wanna-starlet-flair-oval-168x73\/#primaryimage\"},\"image\":{\"@id\":\"https:\/\/klienci.scepter.agency\/greston\/produkt\/bette-wanna-starlet-flair-oval-168x73\/#primaryimage\"},\"thumbnailUrl\":\"https:\/\/klienci.scepter.agency\/greston\/wp-content\/uploads\/2024\/11\/bet-8772-kadr.jpg\",\"datePublished\":\"2024-11-05T10:29:24+00:00\",\"dateModified\":\"2024-11-05T14:38:46+00:00\",\"breadcrumb\":{\"@id\":\"https:\/\/klienci.scepter.agency\/greston\/produkt\/bette-wanna-starlet-flair-oval-168x73\/#breadcrumb\"},\"inLanguage\":\"pl-PL\",\"potentialAction\":[{\"@type\":\"ReadAction\",\"target\":[\"https:\/\/klienci.scepter.agency\/greston\/produkt\/bette-wanna-starlet-flair-oval-168x73\/\"]}]},{\"@type\":\"ImageObject\",\"inLanguage\":\"pl-PL\",\"@id\":\"https:\/\/klienci.scepter.agency\/greston\/produkt\/bette-wanna-starlet-flair-oval-168x73\/#primaryimage\",\"url\":\"https:\/\/klienci.scepter.agency\/greston\/wp-content\/uploads\/2024\/11\/bet-8772-kadr.jpg\",\"contentUrl\":\"https:\/\/klienci.scepter.agency\/greston\/wp-content\/uploads\/2024\/11\/bet-8772-kadr.jpg\",\"width\":860,\"height\":325},{\"@type\":\"BreadcrumbList\",\"@id\":\"https:\/\/klienci.scepter.agency\/greston\/produkt\/bette-wanna-starlet-flair-oval-168x73\/#breadcrumb\",\"itemListElement\":[{\"@type\":\"ListItem\",\"position\":1,\"name\":\"Strona g\u0142\u00f3wna\",\"item\":\"https:\/\/klienci.scepter.agency\/greston\/\"},{\"@type\":\"ListItem\",\"position\":2,\"name\":\"BETTE &#8211; Wanna STARLET FLAIR OVAL 168&#215;73\"}]},{\"@type\":\"WebSite\",\"@id\":\"https:\/\/klienci.scepter.agency\/greston\/#website\",\"url\":\"https:\/\/klienci.scepter.agency\/greston\/\",\"name\":\"Salon \u0142azienek Warszawa, armatura, gresy i akcesoria - Greston\",\"description\":\"\",\"potentialAction\":[{\"@type\":\"SearchAction\",\"target\":{\"@type\":\"EntryPoint\",\"urlTemplate\":\"https:\/\/klienci.scepter.agency\/greston\/?s={search_term_string}\"},\"query-input\":\"required name=search_term_string\"}],\"inLanguage\":\"pl-PL\"}]}<\/script>\n<!-- \/ Yoast SEO plugin. -->","yoast_head_json":{"title":"BETTE - Wanna STARLET FLAIR OVAL 168x73 - Salon \u0142azienek Warszawa, armatura, gresy i akcesoria - Greston","robots":{"index":"noindex","follow":"follow","max-snippet":"max-snippet:-1","max-image-preview":"max-image-preview:large","max-video-preview":"max-video-preview:-1"},"og_locale":"pl_PL","og_type":"article","og_title":"BETTE - Wanna STARLET FLAIR OVAL 168x73 - Salon \u0142azienek Warszawa, armatura, gresy i akcesoria - Greston","og_url":"https:\/\/klienci.scepter.agency\/greston\/produkt\/bette-wanna-starlet-flair-oval-168x73\/","og_site_name":"Salon \u0142azienek Warszawa, armatura, gresy i akcesoria - Greston","article_modified_time":"2024-11-05T14:38:46+00:00","og_image":[{"width":860,"height":325,"url":"https:\/\/klienci.scepter.agency\/greston\/wp-content\/uploads\/2024\/11\/bet-8772-kadr.jpg","type":"image\/jpeg"}],"twitter_card":"summary_large_image","twitter_misc":{"Szacowany czas czytania":"1 minuta"},"schema":{"@context":"https:\/\/schema.org","@graph":[{"@type":"WebPage","@id":"https:\/\/klienci.scepter.agency\/greston\/produkt\/bette-wanna-starlet-flair-oval-168x73\/","url":"https:\/\/klienci.scepter.agency\/greston\/produkt\/bette-wanna-starlet-flair-oval-168x73\/","name":"BETTE - Wanna STARLET FLAIR OVAL 168x73 - Salon \u0142azienek Warszawa, armatura, gresy i akcesoria - Greston","isPartOf":{"@id":"https:\/\/klienci.scepter.agency\/greston\/#website"},"primaryImageOfPage":{"@id":"https:\/\/klienci.scepter.agency\/greston\/produkt\/bette-wanna-starlet-flair-oval-168x73\/#primaryimage"},"image":{"@id":"https:\/\/klienci.scepter.agency\/greston\/produkt\/bette-wanna-starlet-flair-oval-168x73\/#primaryimage"},"thumbnailUrl":"https:\/\/klienci.scepter.agency\/greston\/wp-content\/uploads\/2024\/11\/bet-8772-kadr.jpg","datePublished":"2024-11-05T10:29:24+00:00","dateModified":"2024-11-05T14:38:46+00:00","breadcrumb":{"@id":"https:\/\/klienci.scepter.agency\/greston\/produkt\/bette-wanna-starlet-flair-oval-168x73\/#breadcrumb"},"inLanguage":"pl-PL","potentialAction":[{"@type":"ReadAction","target":["https:\/\/klienci.scepter.agency\/greston\/produkt\/bette-wanna-starlet-flair-oval-168x73\/"]}]},{"@type":"ImageObject","inLanguage":"pl-PL","@id":"https:\/\/klienci.scepter.agency\/greston\/produkt\/bette-wanna-starlet-flair-oval-168x73\/#primaryimage","url":"https:\/\/klienci.scepter.agency\/greston\/wp-content\/uploads\/2024\/11\/bet-8772-kadr.jpg","contentUrl":"https:\/\/klienci.scepter.agency\/greston\/wp-content\/uploads\/2024\/11\/bet-8772-kadr.jpg","width":860,"height":325},{"@type":"BreadcrumbList","@id":"https:\/\/klienci.scepter.agency\/greston\/produkt\/bette-wanna-starlet-flair-oval-168x73\/#breadcrumb","itemListElement":[{"@type":"ListItem","position":1,"name":"Strona g\u0142\u00f3wna","item":"https:\/\/klienci.scepter.agency\/greston\/"},{"@type":"ListItem","position":2,"name":"BETTE &#8211; Wanna STARLET FLAIR OVAL 168&#215;73"}]},{"@type":"WebSite","@id":"https:\/\/klienci.scepter.agency\/greston\/#website","url":"https:\/\/klienci.scepter.agency\/greston\/","name":"Salon \u0142azienek Warszawa, armatura, gresy i akcesoria - Greston","description":"","potentialAction":[{"@type":"SearchAction","target":{"@type":"EntryPoint","urlTemplate":"https:\/\/klienci.scepter.agency\/greston\/?s={search_term_string}"},"query-input":"required name=search_term_string"}],"inLanguage":"pl-PL"}]}},"_links":{"self":[{"href":"https:\/\/klienci.scepter.agency\/greston\/wp-json\/wp\/v2\/product\/2691","targetHints":{"allow":["GET"]}}],"collection":[{"href":"https:\/\/klienci.scepter.agency\/greston\/wp-json\/wp\/v2\/product"}],"about":[{"href":"https:\/\/klienci.scepter.agency\/greston\/wp-json\/wp\/v2\/types\/product"}],"replies":[{"embeddable":true,"href":"https:\/\/klienci.scepter.agency\/greston\/wp-json\/wp\/v2\/comments?post=2691"}],"wp:featuredmedia":[{"embeddable":true,"href":"https:\/\/klienci.scepter.agency\/greston\/wp-json\/wp\/v2\/media\/2692"}],"wp:attachment":[{"href":"https:\/\/klienci.scepter.agency\/greston\/wp-json\/wp\/v2\/media?parent=2691"}],"wp:term":[{"taxonomy":"product_cat","embeddable":true,"href":"https:\/\/klienci.scepter.agency\/greston\/wp-json\/wp\/v2\/product_cat?post=2691"},{"taxonomy":"product_tag","embeddable":true,"href":"https:\/\/klienci.scepter.agency\/greston\/wp-json\/wp\/v2\/product_tag?post=2691"}],"curies":[{"name":"wp","href":"https:\/\/api.w.org\/{rel}","templated":true}]}}