{"id":2790,"date":"2024-11-13T13:57:41","date_gmt":"2024-11-13T12:57:41","guid":{"rendered":"https:\/\/klienci.scepter.agency\/greston\/?post_type=product&#038;p=2790"},"modified":"2024-11-13T14:11:18","modified_gmt":"2024-11-13T13:11:18","slug":"duravit-2nd-floor-zestaw-w-kolorze-heban","status":"publish","type":"product","link":"https:\/\/klienci.scepter.agency\/greston\/produkt\/duravit-2nd-floor-zestaw-w-kolorze-heban\/","title":{"rendered":"DURAVIT  2nd floor zestaw w kolorze heban"},"content":{"rendered":"<p><strong>DURAVIT\u00a0 2 nd FLOOR\u00a0 zestaw w wyko\u0144czeniu Heban :<\/strong><\/p>\n<p>Umywalka 800mm z blend\u0105 i podwieszan\u0105 p\u00f3\u0142k\u0105.<\/p>\n<p>Szafka z lustrami.<\/p>\n<p>&nbsp;<\/p>\n<p>&nbsp;<\/p>\n<p>&nbsp;<\/p>\n<p>&nbsp;<\/p>\n<p>&nbsp;<\/p>\n<p>&nbsp;<\/p>\n<p>&nbsp;<\/p>\n","protected":false},"excerpt":{"rendered":"<p><img loading=\"lazy\" decoding=\"async\" class=\"alignnone wp-image-1212\" src=\"https:\/\/klienci.scepter.agency\/greston\/wp-content\/uploads\/2024\/09\/94.jpg\" alt=\"\" width=\"190\" height=\"50\" \/><\/p>\n<p>&nbsp;<\/p>\n","protected":false},"featured_media":2795,"comment_status":"open","ping_status":"closed","template":"","meta":[],"product_cat":[31,26],"product_tag":[],"class_list":{"0":"post-2790","1":"product","2":"type-product","3":"status-publish","4":"has-post-thumbnail","6":"product_cat-meble","7":"product_cat-umywalki","9":"first","10":"instock","11":"sale","12":"shipping-taxable","13":"purchasable","14":"product-type-simple"},"acf":[],"yoast_head":"<!-- This site is optimized with the Yoast SEO plugin v23.2 - https:\/\/yoast.com\/wordpress\/plugins\/seo\/ -->\n<title>DURAVIT 2nd floor zestaw w kolorze heban - Salon \u0142azienek Warszawa, armatura, gresy i akcesoria - Greston<\/title>\n<meta name=\"description\" content=\"Du\u017ca i wygodna wanna w \u015bwietnej cenie.\" \/>\n<meta name=\"robots\" content=\"noindex, follow, max-snippet:-1, max-image-preview:large, max-video-preview:-1\" \/>\n<meta property=\"og:locale\" content=\"pl_PL\" \/>\n<meta property=\"og:type\" content=\"article\" \/>\n<meta property=\"og:title\" content=\"DURAVIT 2nd floor zestaw w kolorze heban - Salon \u0142azienek Warszawa, armatura, gresy i akcesoria - Greston\" \/>\n<meta property=\"og:description\" content=\"Du\u017ca i wygodna wanna w \u015bwietnej cenie.\" \/>\n<meta property=\"og:url\" content=\"https:\/\/klienci.scepter.agency\/greston\/produkt\/duravit-2nd-floor-zestaw-w-kolorze-heban\/\" \/>\n<meta property=\"og:site_name\" content=\"Salon \u0142azienek Warszawa, armatura, gresy i akcesoria - Greston\" \/>\n<meta property=\"article:modified_time\" content=\"2024-11-13T13:11:18+00:00\" \/>\n<meta property=\"og:image\" content=\"https:\/\/klienci.scepter.agency\/greston\/wp-content\/uploads\/2024\/11\/2nd-floor-kadr-scaled.jpg\" \/>\n\t<meta property=\"og:image:width\" content=\"2560\" \/>\n\t<meta property=\"og:image:height\" content=\"1439\" \/>\n\t<meta property=\"og:image:type\" content=\"image\/jpeg\" \/>\n<meta name=\"twitter:card\" content=\"summary_large_image\" \/>\n<meta name=\"twitter:label1\" content=\"Szacowany czas czytania\" \/>\n\t<meta name=\"twitter:data1\" content=\"1 minuta\" \/>\n<script type=\"application\/ld+json\" class=\"yoast-schema-graph\">{\"@context\":\"https:\/\/schema.org\",\"@graph\":[{\"@type\":\"WebPage\",\"@id\":\"https:\/\/klienci.scepter.agency\/greston\/produkt\/duravit-2nd-floor-zestaw-w-kolorze-heban\/\",\"url\":\"https:\/\/klienci.scepter.agency\/greston\/produkt\/duravit-2nd-floor-zestaw-w-kolorze-heban\/\",\"name\":\"DURAVIT 2nd floor zestaw w kolorze heban - Salon \u0142azienek Warszawa, armatura, gresy i akcesoria - Greston\",\"isPartOf\":{\"@id\":\"https:\/\/klienci.scepter.agency\/greston\/#website\"},\"primaryImageOfPage\":{\"@id\":\"https:\/\/klienci.scepter.agency\/greston\/produkt\/duravit-2nd-floor-zestaw-w-kolorze-heban\/#primaryimage\"},\"image\":{\"@id\":\"https:\/\/klienci.scepter.agency\/greston\/produkt\/duravit-2nd-floor-zestaw-w-kolorze-heban\/#primaryimage\"},\"thumbnailUrl\":\"https:\/\/klienci.scepter.agency\/greston\/wp-content\/uploads\/2024\/11\/2nd-floor-kadr-scaled.jpg\",\"datePublished\":\"2024-11-13T12:57:41+00:00\",\"dateModified\":\"2024-11-13T13:11:18+00:00\",\"description\":\"Du\u017ca i wygodna wanna w \u015bwietnej cenie.\",\"breadcrumb\":{\"@id\":\"https:\/\/klienci.scepter.agency\/greston\/produkt\/duravit-2nd-floor-zestaw-w-kolorze-heban\/#breadcrumb\"},\"inLanguage\":\"pl-PL\",\"potentialAction\":[{\"@type\":\"ReadAction\",\"target\":[\"https:\/\/klienci.scepter.agency\/greston\/produkt\/duravit-2nd-floor-zestaw-w-kolorze-heban\/\"]}]},{\"@type\":\"ImageObject\",\"inLanguage\":\"pl-PL\",\"@id\":\"https:\/\/klienci.scepter.agency\/greston\/produkt\/duravit-2nd-floor-zestaw-w-kolorze-heban\/#primaryimage\",\"url\":\"https:\/\/klienci.scepter.agency\/greston\/wp-content\/uploads\/2024\/11\/2nd-floor-kadr-scaled.jpg\",\"contentUrl\":\"https:\/\/klienci.scepter.agency\/greston\/wp-content\/uploads\/2024\/11\/2nd-floor-kadr-scaled.jpg\",\"width\":2560,\"height\":1439},{\"@type\":\"BreadcrumbList\",\"@id\":\"https:\/\/klienci.scepter.agency\/greston\/produkt\/duravit-2nd-floor-zestaw-w-kolorze-heban\/#breadcrumb\",\"itemListElement\":[{\"@type\":\"ListItem\",\"position\":1,\"name\":\"Strona g\u0142\u00f3wna\",\"item\":\"https:\/\/klienci.scepter.agency\/greston\/\"},{\"@type\":\"ListItem\",\"position\":2,\"name\":\"DURAVIT 2nd floor zestaw w kolorze heban\"}]},{\"@type\":\"WebSite\",\"@id\":\"https:\/\/klienci.scepter.agency\/greston\/#website\",\"url\":\"https:\/\/klienci.scepter.agency\/greston\/\",\"name\":\"Salon \u0142azienek Warszawa, armatura, gresy i akcesoria - Greston\",\"description\":\"\",\"potentialAction\":[{\"@type\":\"SearchAction\",\"target\":{\"@type\":\"EntryPoint\",\"urlTemplate\":\"https:\/\/klienci.scepter.agency\/greston\/?s={search_term_string}\"},\"query-input\":\"required name=search_term_string\"}],\"inLanguage\":\"pl-PL\"}]}<\/script>\n<!-- \/ Yoast SEO plugin. -->","yoast_head_json":{"title":"DURAVIT 2nd floor zestaw w kolorze heban - Salon \u0142azienek Warszawa, armatura, gresy i akcesoria - Greston","description":"Du\u017ca i wygodna wanna w \u015bwietnej cenie.","robots":{"index":"noindex","follow":"follow","max-snippet":"max-snippet:-1","max-image-preview":"max-image-preview:large","max-video-preview":"max-video-preview:-1"},"og_locale":"pl_PL","og_type":"article","og_title":"DURAVIT 2nd floor zestaw w kolorze heban - Salon \u0142azienek Warszawa, armatura, gresy i akcesoria - Greston","og_description":"Du\u017ca i wygodna wanna w \u015bwietnej cenie.","og_url":"https:\/\/klienci.scepter.agency\/greston\/produkt\/duravit-2nd-floor-zestaw-w-kolorze-heban\/","og_site_name":"Salon \u0142azienek Warszawa, armatura, gresy i akcesoria - Greston","article_modified_time":"2024-11-13T13:11:18+00:00","og_image":[{"width":2560,"height":1439,"url":"https:\/\/klienci.scepter.agency\/greston\/wp-content\/uploads\/2024\/11\/2nd-floor-kadr-scaled.jpg","type":"image\/jpeg"}],"twitter_card":"summary_large_image","twitter_misc":{"Szacowany czas czytania":"1 minuta"},"schema":{"@context":"https:\/\/schema.org","@graph":[{"@type":"WebPage","@id":"https:\/\/klienci.scepter.agency\/greston\/produkt\/duravit-2nd-floor-zestaw-w-kolorze-heban\/","url":"https:\/\/klienci.scepter.agency\/greston\/produkt\/duravit-2nd-floor-zestaw-w-kolorze-heban\/","name":"DURAVIT 2nd floor zestaw w kolorze heban - Salon \u0142azienek Warszawa, armatura, gresy i akcesoria - Greston","isPartOf":{"@id":"https:\/\/klienci.scepter.agency\/greston\/#website"},"primaryImageOfPage":{"@id":"https:\/\/klienci.scepter.agency\/greston\/produkt\/duravit-2nd-floor-zestaw-w-kolorze-heban\/#primaryimage"},"image":{"@id":"https:\/\/klienci.scepter.agency\/greston\/produkt\/duravit-2nd-floor-zestaw-w-kolorze-heban\/#primaryimage"},"thumbnailUrl":"https:\/\/klienci.scepter.agency\/greston\/wp-content\/uploads\/2024\/11\/2nd-floor-kadr-scaled.jpg","datePublished":"2024-11-13T12:57:41+00:00","dateModified":"2024-11-13T13:11:18+00:00","description":"Du\u017ca i wygodna wanna w \u015bwietnej cenie.","breadcrumb":{"@id":"https:\/\/klienci.scepter.agency\/greston\/produkt\/duravit-2nd-floor-zestaw-w-kolorze-heban\/#breadcrumb"},"inLanguage":"pl-PL","potentialAction":[{"@type":"ReadAction","target":["https:\/\/klienci.scepter.agency\/greston\/produkt\/duravit-2nd-floor-zestaw-w-kolorze-heban\/"]}]},{"@type":"ImageObject","inLanguage":"pl-PL","@id":"https:\/\/klienci.scepter.agency\/greston\/produkt\/duravit-2nd-floor-zestaw-w-kolorze-heban\/#primaryimage","url":"https:\/\/klienci.scepter.agency\/greston\/wp-content\/uploads\/2024\/11\/2nd-floor-kadr-scaled.jpg","contentUrl":"https:\/\/klienci.scepter.agency\/greston\/wp-content\/uploads\/2024\/11\/2nd-floor-kadr-scaled.jpg","width":2560,"height":1439},{"@type":"BreadcrumbList","@id":"https:\/\/klienci.scepter.agency\/greston\/produkt\/duravit-2nd-floor-zestaw-w-kolorze-heban\/#breadcrumb","itemListElement":[{"@type":"ListItem","position":1,"name":"Strona g\u0142\u00f3wna","item":"https:\/\/klienci.scepter.agency\/greston\/"},{"@type":"ListItem","position":2,"name":"DURAVIT 2nd floor zestaw w kolorze heban"}]},{"@type":"WebSite","@id":"https:\/\/klienci.scepter.agency\/greston\/#website","url":"https:\/\/klienci.scepter.agency\/greston\/","name":"Salon \u0142azienek Warszawa, armatura, gresy i akcesoria - Greston","description":"","potentialAction":[{"@type":"SearchAction","target":{"@type":"EntryPoint","urlTemplate":"https:\/\/klienci.scepter.agency\/greston\/?s={search_term_string}"},"query-input":"required name=search_term_string"}],"inLanguage":"pl-PL"}]}},"_links":{"self":[{"href":"https:\/\/klienci.scepter.agency\/greston\/wp-json\/wp\/v2\/product\/2790","targetHints":{"allow":["GET"]}}],"collection":[{"href":"https:\/\/klienci.scepter.agency\/greston\/wp-json\/wp\/v2\/product"}],"about":[{"href":"https:\/\/klienci.scepter.agency\/greston\/wp-json\/wp\/v2\/types\/product"}],"replies":[{"embeddable":true,"href":"https:\/\/klienci.scepter.agency\/greston\/wp-json\/wp\/v2\/comments?post=2790"}],"wp:featuredmedia":[{"embeddable":true,"href":"https:\/\/klienci.scepter.agency\/greston\/wp-json\/wp\/v2\/media\/2795"}],"wp:attachment":[{"href":"https:\/\/klienci.scepter.agency\/greston\/wp-json\/wp\/v2\/media?parent=2790"}],"wp:term":[{"taxonomy":"product_cat","embeddable":true,"href":"https:\/\/klienci.scepter.agency\/greston\/wp-json\/wp\/v2\/product_cat?post=2790"},{"taxonomy":"product_tag","embeddable":true,"href":"https:\/\/klienci.scepter.agency\/greston\/wp-json\/wp\/v2\/product_tag?post=2790"}],"curies":[{"name":"wp","href":"https:\/\/api.w.org\/{rel}","templated":true}]}}