{"id":192,"date":"2024-03-14T11:57:31","date_gmt":"2024-03-14T10:57:31","guid":{"rendered":"https:\/\/klienci.scepter.agency\/hejna\/?page_id=192"},"modified":"2024-03-24T20:32:42","modified_gmt":"2024-03-24T19:32:42","slug":"faq","status":"publish","type":"page","link":"https:\/\/klienci.scepter.agency\/hejna\/faq\/","title":{"rendered":"FAQ"},"content":{"rendered":"\n<h2 class=\"wp-block-heading has-text-align-center\">Masz pytania?<\/h2>\n\n\n\n<p class=\"has-text-align-center\">Kto pyta, nie b\u0142\u0105dzi!<br>Przygotowanie si\u0119 do ekspedycji to nie lada wyzwanie. Pocz\u0105tki bywaj\u0105 r\u00f3\u017cne, ale najwa\u017cniejszym jest mie\u0107 do kogo zwr\u00f3ci\u0107 si\u0119\u00a0z nurtuj\u0105cymi pytaniami. S\u0142u\u017cymy pomoc\u0105 i dobr\u0105 rad\u0105 nie tylko na pok\u0142adzie &#8211; przygotowali\u015bmy dla Was odpowiedzi na najcz\u0119\u015bciej zadawane pytania. Je\u015bli chcesz wiedzie\u0107 wi\u0119cej, nie znalaz\u0142e\u015b odpowiedzi tutaj lub jeszcze nikt nie zada\u0142 takiego pytania &#8211; napisz do nas!<\/p>\n","protected":false},"excerpt":{"rendered":"<p>Masz pytania? Kto pyta, nie b\u0142\u0105dzi!Przygotowanie si\u0119 do ekspedycji to nie lada wyzwanie. Pocz\u0105tki bywaj\u0105 r\u00f3\u017cne, ale najwa\u017cniejszym jest mie\u0107 do kogo zwr\u00f3ci\u0107 si\u0119\u00a0z nurtuj\u0105cymi pytaniami. S\u0142u\u017cymy pomoc\u0105 i dobr\u0105 rad\u0105 nie tylko na pok\u0142adzie &#8211; przygotowali\u015bmy dla Was odpowiedzi na najcz\u0119\u015bciej zadawane pytania. Je\u015bli chcesz wiedzie\u0107 wi\u0119cej, nie znalaz\u0142e\u015b odpowiedzi tutaj lub jeszcze nikt [&hellip;]<\/p>\n","protected":false},"author":1,"featured_media":1472,"parent":0,"menu_order":0,"comment_status":"closed","ping_status":"closed","template":"pages\/faq.php","meta":{"inline_featured_image":false,"footnotes":""},"class_list":["post-192","page","type-page","status-publish","has-post-thumbnail","hentry"],"acf":[],"_links":{"self":[{"href":"https:\/\/klienci.scepter.agency\/hejna\/wp-json\/wp\/v2\/pages\/192","targetHints":{"allow":["GET"]}}],"collection":[{"href":"https:\/\/klienci.scepter.agency\/hejna\/wp-json\/wp\/v2\/pages"}],"about":[{"href":"https:\/\/klienci.scepter.agency\/hejna\/wp-json\/wp\/v2\/types\/page"}],"author":[{"embeddable":true,"href":"https:\/\/klienci.scepter.agency\/hejna\/wp-json\/wp\/v2\/users\/1"}],"replies":[{"embeddable":true,"href":"https:\/\/klienci.scepter.agency\/hejna\/wp-json\/wp\/v2\/comments?post=192"}],"version-history":[{"count":26,"href":"https:\/\/klienci.scepter.agency\/hejna\/wp-json\/wp\/v2\/pages\/192\/revisions"}],"predecessor-version":[{"id":1501,"href":"https:\/\/klienci.scepter.agency\/hejna\/wp-json\/wp\/v2\/pages\/192\/revisions\/1501"}],"wp:featuredmedia":[{"embeddable":true,"href":"https:\/\/klienci.scepter.agency\/hejna\/wp-json\/wp\/v2\/media\/1472"}],"wp:attachment":[{"href":"https:\/\/klienci.scepter.agency\/hejna\/wp-json\/wp\/v2\/media?parent=192"}],"curies":[{"name":"wp","href":"https:\/\/api.w.org\/{rel}","templated":true}]}}