{"id":89,"date":"2024-03-13T12:58:01","date_gmt":"2024-03-13T11:58:01","guid":{"rendered":"https:\/\/klienci.scepter.agency\/hejna\/?page_id=89"},"modified":"2024-03-24T20:31:37","modified_gmt":"2024-03-24T19:31:37","slug":"ekspedycje","status":"publish","type":"page","link":"https:\/\/klienci.scepter.agency\/hejna\/ekspedycje\/","title":{"rendered":"Ekspedycje"},"content":{"rendered":"\n<h2 class=\"wp-block-heading has-text-align-center\">Poznaj nasze kierunki<\/h2>\n\n\n\n<p class=\"has-text-align-center\">Organizujemy rejsy dok\u0142adaj\u0105c wszelkich stara\u0144, aby czas sp\u0119dzony w Arktyce przez cz\u0142onk\u00f3w naszych ekspedycji by\u0142 wartym zapami\u0119tania prze\u017cyciem. Wiemy, gdzie na wyprawach tego typu nie warto oszcz\u0119dza\u0107 &#8211; jak w przypadku wypo\u017cyczania broni, kt\u00f3rej niezawodno\u015b\u0107 jest dla wa\u017cniejsza ni\u017c cena, a gdzie oszcz\u0119dno\u015b\u0107 zachowa\u0107 nale\u017cy &#8211; stawiamy na autentyczno\u015b\u0107 i nie opowiadamy bajek. <br>Pokazuj\u0105c Wam j\u0105 tak\u0105, jak\u0105 sami pokochali\u015bmy &#8211; dzik\u0105 i tajemnicz\u0105 &#8211; chcemy by Arktyka oczarowa\u0142a Was sama. Dlatego nasze rejsy s\u0105 wyj\u0105tkowe i nie stanowi\u0105 masowej oferty, bo m\u0119czy nas komercyjne, a wr\u0119cz wycieczkowe podej\u015bcie do tego pi\u0119knego, surowego i wyj\u0105tkowego \u015bwiata.<\/p>\n","protected":false},"excerpt":{"rendered":"<p>Poznaj nasze kierunki Organizujemy rejsy dok\u0142adaj\u0105c wszelkich stara\u0144, aby czas sp\u0119dzony w Arktyce przez cz\u0142onk\u00f3w naszych ekspedycji by\u0142 wartym zapami\u0119tania prze\u017cyciem. Wiemy, gdzie na wyprawach tego typu nie warto oszcz\u0119dza\u0107 &#8211; jak w przypadku wypo\u017cyczania broni, kt\u00f3rej niezawodno\u015b\u0107 jest dla wa\u017cniejsza ni\u017c cena, a gdzie oszcz\u0119dno\u015b\u0107 zachowa\u0107 nale\u017cy &#8211; stawiamy na autentyczno\u015b\u0107 i nie opowiadamy [&hellip;]<\/p>\n","protected":false},"author":1,"featured_media":1468,"parent":0,"menu_order":13,"comment_status":"closed","ping_status":"closed","template":"pages\/expeditions.php","meta":{"inline_featured_image":false,"footnotes":""},"class_list":["post-89","page","type-page","status-publish","has-post-thumbnail","hentry"],"acf":[],"_links":{"self":[{"href":"https:\/\/klienci.scepter.agency\/hejna\/wp-json\/wp\/v2\/pages\/89","targetHints":{"allow":["GET"]}}],"collection":[{"href":"https:\/\/klienci.scepter.agency\/hejna\/wp-json\/wp\/v2\/pages"}],"about":[{"href":"https:\/\/klienci.scepter.agency\/hejna\/wp-json\/wp\/v2\/types\/page"}],"author":[{"embeddable":true,"href":"https:\/\/klienci.scepter.agency\/hejna\/wp-json\/wp\/v2\/users\/1"}],"replies":[{"embeddable":true,"href":"https:\/\/klienci.scepter.agency\/hejna\/wp-json\/wp\/v2\/comments?post=89"}],"version-history":[{"count":11,"href":"https:\/\/klienci.scepter.agency\/hejna\/wp-json\/wp\/v2\/pages\/89\/revisions"}],"predecessor-version":[{"id":1499,"href":"https:\/\/klienci.scepter.agency\/hejna\/wp-json\/wp\/v2\/pages\/89\/revisions\/1499"}],"wp:featuredmedia":[{"embeddable":true,"href":"https:\/\/klienci.scepter.agency\/hejna\/wp-json\/wp\/v2\/media\/1468"}],"wp:attachment":[{"href":"https:\/\/klienci.scepter.agency\/hejna\/wp-json\/wp\/v2\/media?parent=89"}],"curies":[{"name":"wp","href":"https:\/\/api.w.org\/{rel}","templated":true}]}}