{"id":91,"date":"2024-03-13T12:58:11","date_gmt":"2024-03-13T11:58:11","guid":{"rendered":"https:\/\/klienci.scepter.agency\/hejna\/?page_id=91"},"modified":"2024-03-24T17:34:04","modified_gmt":"2024-03-24T16:34:04","slug":"galeria","status":"publish","type":"page","link":"https:\/\/klienci.scepter.agency\/hejna\/galeria\/","title":{"rendered":"Galeria"},"content":{"rendered":"\n<h2 class=\"wp-block-heading has-text-align-center\">Sprawd\u017a nasz\u0105 galeri\u0119 z wypraw<\/h2>\n\n\n\n<p><\/p>\n\n\n\n<p class=\"has-text-align-center\">Chcesz zobaczy\u0107 wi\u0119cej? Interesuj\u0105 Ci\u0119 nasze ekspedycje?<br>Zobacz zajawki z poprzednich!<\/p>\n","protected":false},"excerpt":{"rendered":"<p>Sprawd\u017a nasz\u0105 galeri\u0119 z wypraw Chcesz zobaczy\u0107 wi\u0119cej? Interesuj\u0105 Ci\u0119 nasze ekspedycje?Zobacz zajawki z poprzednich!<\/p>\n","protected":false},"author":1,"featured_media":1442,"parent":0,"menu_order":3,"comment_status":"closed","ping_status":"closed","template":"pages\/galeria.php","meta":{"inline_featured_image":false,"footnotes":""},"class_list":["post-91","page","type-page","status-publish","has-post-thumbnail","hentry"],"acf":[],"_links":{"self":[{"href":"https:\/\/klienci.scepter.agency\/hejna\/wp-json\/wp\/v2\/pages\/91","targetHints":{"allow":["GET"]}}],"collection":[{"href":"https:\/\/klienci.scepter.agency\/hejna\/wp-json\/wp\/v2\/pages"}],"about":[{"href":"https:\/\/klienci.scepter.agency\/hejna\/wp-json\/wp\/v2\/types\/page"}],"author":[{"embeddable":true,"href":"https:\/\/klienci.scepter.agency\/hejna\/wp-json\/wp\/v2\/users\/1"}],"replies":[{"embeddable":true,"href":"https:\/\/klienci.scepter.agency\/hejna\/wp-json\/wp\/v2\/comments?post=91"}],"version-history":[{"count":5,"href":"https:\/\/klienci.scepter.agency\/hejna\/wp-json\/wp\/v2\/pages\/91\/revisions"}],"predecessor-version":[{"id":765,"href":"https:\/\/klienci.scepter.agency\/hejna\/wp-json\/wp\/v2\/pages\/91\/revisions\/765"}],"wp:featuredmedia":[{"embeddable":true,"href":"https:\/\/klienci.scepter.agency\/hejna\/wp-json\/wp\/v2\/media\/1442"}],"wp:attachment":[{"href":"https:\/\/klienci.scepter.agency\/hejna\/wp-json\/wp\/v2\/media?parent=91"}],"curies":[{"name":"wp","href":"https:\/\/api.w.org\/{rel}","templated":true}]}}