{"id":11,"date":"2023-12-11T16:09:09","date_gmt":"2023-12-11T15:09:09","guid":{"rendered":"https:\/\/klienci.scepter.agency\/pod_bocianem\/?page_id=11"},"modified":"2024-02-13T11:32:25","modified_gmt":"2024-02-13T10:32:25","slug":"menu-dla-grup","status":"publish","type":"page","link":"https:\/\/klienci.scepter.agency\/pod_bocianem\/pl\/menu-dla-grup\/","title":{"rendered":"Menu dla grup"},"content":{"rendered":"\n<h2 class=\"wp-block-heading has-text-align-center\">Szukasz wy\u017cywienia dla grupy w Ojcowie?<\/h2>\n\n\n\n<div style=\"height:25px\" aria-hidden=\"true\" class=\"wp-block-spacer\"><\/div>\n\n\n\n<p class=\"has-text-align-center has-medium-font-size\"><strong>Napisz do nas na adres <a href=\"mailto:rezerwacje@willapodbocianem.pl\">rezerwacje@willapodbocianem.pl<\/a> lub zadzwo\u0144 pod numer <a href=\"tel: +48 501 660 499\">+48 501 660 499<\/a><\/strong>! <\/p>\n\n\n\n<div style=\"height:22px\" aria-hidden=\"true\" class=\"wp-block-spacer\"><\/div>\n\n\n\n<p class=\"has-text-align-center\">Zupy do wyboru: Pomidorowa z makaronem, jarzynowa, ros\u00f3\u0142. Koniecznie zapytaj o dania gratisowe! <\/p>\n","protected":false},"excerpt":{"rendered":"<p>Szukasz wy\u017cywienia dla grupy w Ojcowie? Napisz do nas na adres rezerwacje@willapodbocianem.pl lub zadzwo\u0144 pod numer +48 501 660 499! Zupy do wyboru: Pomidorowa z makaronem, jarzynowa, ros\u00f3\u0142. Koniecznie zapytaj o dania gratisowe!<\/p>\n","protected":false},"author":1,"featured_media":503,"parent":0,"menu_order":6,"comment_status":"closed","ping_status":"closed","template":"pages\/menu-dla-grup.php","meta":{"inline_featured_image":false,"footnotes":""},"class_list":["post-11","page","type-page","status-publish","has-post-thumbnail","hentry"],"acf":[],"_links":{"self":[{"href":"https:\/\/klienci.scepter.agency\/pod_bocianem\/wp-json\/wp\/v2\/pages\/11","targetHints":{"allow":["GET"]}}],"collection":[{"href":"https:\/\/klienci.scepter.agency\/pod_bocianem\/wp-json\/wp\/v2\/pages"}],"about":[{"href":"https:\/\/klienci.scepter.agency\/pod_bocianem\/wp-json\/wp\/v2\/types\/page"}],"author":[{"embeddable":true,"href":"https:\/\/klienci.scepter.agency\/pod_bocianem\/wp-json\/wp\/v2\/users\/1"}],"replies":[{"embeddable":true,"href":"https:\/\/klienci.scepter.agency\/pod_bocianem\/wp-json\/wp\/v2\/comments?post=11"}],"version-history":[{"count":38,"href":"https:\/\/klienci.scepter.agency\/pod_bocianem\/wp-json\/wp\/v2\/pages\/11\/revisions"}],"predecessor-version":[{"id":706,"href":"https:\/\/klienci.scepter.agency\/pod_bocianem\/wp-json\/wp\/v2\/pages\/11\/revisions\/706"}],"wp:featuredmedia":[{"embeddable":true,"href":"https:\/\/klienci.scepter.agency\/pod_bocianem\/wp-json\/wp\/v2\/media\/503"}],"wp:attachment":[{"href":"https:\/\/klienci.scepter.agency\/pod_bocianem\/wp-json\/wp\/v2\/media?parent=11"}],"curies":[{"name":"wp","href":"https:\/\/api.w.org\/{rel}","templated":true}]}}