{"id":13,"date":"2023-12-11T16:09:16","date_gmt":"2023-12-11T15:09:16","guid":{"rendered":"https:\/\/klienci.scepter.agency\/pod_bocianem\/?page_id=13"},"modified":"2024-01-25T16:12:06","modified_gmt":"2024-01-25T15:12:06","slug":"o-nas","status":"publish","type":"page","link":"https:\/\/klienci.scepter.agency\/pod_bocianem\/pl\/o-nas\/","title":{"rendered":"O nas"},"content":{"rendered":"\n<h2 class=\"wp-block-heading has-text-align-center\">Restauracja oraz Willa w samym sercu <\/h2>\n\n\n\n<h2 class=\"wp-block-heading has-text-align-center\">Ojcowskiego Parku Narodowego<\/h2>\n\n\n\n<div style=\"height:65px\" aria-hidden=\"true\" class=\"wp-block-spacer\"><\/div>\n\n\n\n<figure class=\"wp-block-image size-full is-resized\"><img decoding=\"async\" src=\"https:\/\/klienci.scepter.agency\/pod_bocianem\/wp-content\/uploads\/2023\/12\/Mask-Group-1.png\" alt=\"\" class=\"wp-image-34\" style=\"width:841px;height:auto\"\/><\/figure>\n\n\n\n<div style=\"height:30px\" aria-hidden=\"true\" class=\"wp-block-spacer\"><\/div>\n\n\n\n<h2 class=\"wp-block-heading\">Restauracja Pod Bocianem <\/h2>\n\n\n\n<div class=\"wp-block-columns is-layout-flex wp-container-core-columns-is-layout-9d6595d7 wp-block-columns-is-layout-flex\">\n<div class=\"wp-block-column is-layout-flow wp-block-column-is-layout-flow\">\n<p>Willa Pod Bocianem <\/p>\n\n\n\n<p class=\"has-text-align-left\">Restauracja Pod Bocianem po\u0142o\u017cona jest w samym sercu Ojcowskiego Parku Narodowego, u wylotu Doliny S\u0105spowskiej. <\/p>\n\n\n\n<p><\/p>\n\n\n\n<p class=\"has-text-align-left\">Nasz\u0105 specjalno\u015bci\u0105 jest \u015bwie\u017cy pstr\u0105g, pochodz\u0105cy z lokalnych staw\u00f3w, kt\u00f3rego serwujemy w kilku wydaniach. W otoczeniu malowniczej przyrody, nasi go\u015bcie mog\u0105 dodatkowo skosztowa\u0107 r\u00f3\u017cnych da\u0144 kuchni polskiej oraz chrupi\u0105c\u0105 pizz\u0119 z pieca.<\/p>\n\n\n\n<p>Posiadamy zar\u00f3wno miejsca jak i w \u015brodku budynku. <\/p>\n\n\n\n<p>W ofercie sezonowej posiadamy r\u00f3wnie\u017c lody naturalne oraz w\u0142oskie<\/p>\n\n\n\n<div style=\"height:50px\" aria-hidden=\"true\" class=\"wp-block-spacer\"><\/div>\n<\/div>\n\n\n\n<div class=\"wp-block-column is-layout-flow wp-block-column-is-layout-flow\"><div class=\"wp-block-image\">\n<figure class=\"aligncenter size-full is-resized\"><img decoding=\"async\" src=\"https:\/\/klienci.scepter.agency\/pod_bocianem\/wp-content\/uploads\/2023\/12\/Image-22.png\" alt=\"\" class=\"wp-image-42\" style=\"width:484px;height:auto\"\/><\/figure>\n<\/div><\/div>\n<\/div>\n\n\n\n<div class=\"wp-block-columns is-layout-flex wp-container-core-columns-is-layout-9d6595d7 wp-block-columns-is-layout-flex\">\n<div class=\"wp-block-column is-layout-flow wp-block-column-is-layout-flow\">\n<p>Willa Pod Bocianem zlokalizowana jest w samym sercu malowniczego Ojcowa, u wylotu Doliny S\u0105spowskiej. Doskona\u0142a lokalizacja budynku sprzyja zar\u00f3wno pieszym w\u0119dr\u00f3wkom, jak i rowerowym przeja\u017cd\u017ckom. Zapraszamy Pa\u0144stwa do wypoczynku w naszym domu z ponad 200-letni\u0105 histori\u0105.<\/p>\n\n\n\n<p>The standard Lorem Ipsum passage, used since the 1500s &#8222;Lorem ipsum dolor sit amet, consectetur adipiscing elit, sed do eiusmod tempor incididunt ut labore et dolore magna aliqua.<\/p>\n<\/div>\n<\/div>\n\n\n\n<div style=\"height:100px\" aria-hidden=\"true\" class=\"wp-block-spacer\"><\/div>\n\n\n\n<div class=\"wp-block-columns is-layout-flex wp-container-core-columns-is-layout-9d6595d7 wp-block-columns-is-layout-flex\">\n<div class=\"wp-block-column is-layout-flow wp-block-column-is-layout-flow\">\n<figure class=\"wp-block-image size-full\"><img loading=\"lazy\" decoding=\"async\" width=\"832\" height=\"687\" src=\"https:\/\/klienci.scepter.agency\/pod_bocianem\/wp-content\/uploads\/2023\/12\/Image-14.png\" alt=\"\" class=\"wp-image-124\" srcset=\"https:\/\/klienci.scepter.agency\/pod_bocianem\/wp-content\/uploads\/2023\/12\/Image-14.png 832w, https:\/\/klienci.scepter.agency\/pod_bocianem\/wp-content\/uploads\/2023\/12\/Image-14-300x248.png 300w, https:\/\/klienci.scepter.agency\/pod_bocianem\/wp-content\/uploads\/2023\/12\/Image-14-768x634.png 768w\" sizes=\"auto, (max-width: 832px) 100vw, 832px\" \/><\/figure>\n<\/div>\n\n\n\n<div class=\"wp-block-column is-layout-flow wp-block-column-is-layout-flow\">\n<p>Willa Pod Bocianem zlokalizowana jest w samym sercu malowniczego Ojcowa, u wylotu Doliny S\u0105spowskiej. Doskona\u0142a lokalizacja budynku sprzyja zar\u00f3wno pieszym w\u0119dr\u00f3wkom, jak i rowerowym przeja\u017cd\u017ckom. Zapraszamy Pa\u0144stwa do wypoczynku w naszym domu z ponad 200-letni\u0105 histori\u0105.<\/p>\n\n\n\n<p>The standard Lorem Ipsum passage, used since the 1500s &#8222;Lorem ipsum dolor sit amet, consectetur adipiscing elit, sed do eiusmod tempor incididunt ut labore et dolore magna aliqua.<\/p>\n<\/div>\n<\/div>\n\n\n\n<div class=\"wp-block-columns is-layout-flex wp-container-core-columns-is-layout-9d6595d7 wp-block-columns-is-layout-flex\">\n<div class=\"wp-block-column is-layout-flow wp-block-column-is-layout-flow\"><\/div>\n<\/div>\n\n\n\n<h2 class=\"wp-block-heading\">Willa Pod Bocianem <\/h2>\n\n\n\n<p>zlokalizowana jest w samym sercu malowniczego Ojcowa, u wylotu Doliny S\u0105spowskiej. Doskona\u0142a lokalizacja budynku sprzyja zar\u00f3wno pieszym w\u0119dr\u00f3wkom, jak i rowerowym przeja\u017cd\u017ckom. Zapraszamy Pa\u0144stwa do wypoczynku w naszym domu z ponad 200-letni\u0105 histori\u0105.<\/p>\n\n\n\n<p>The standard Lorem Ipsum passage, used since the 1500s &#8222;Lorem ipsum dolor sit amet, consectetur adipiscing elit, sed do eiusmod tempor incididunt ut labore et dolore magna aliqua.<\/p>\n\n\n\n<p>The standard Lorem Ipsum passage, used since the 1500s &#8222;Lorem ipsum dolor sit amet, consectetur adipiscing elit, sed do eiusmod tempor incididunt ut labore et dolore magna aliqua.<\/p>\n\n\n\n<h2 class=\"wp-block-heading\"><\/h2>\n","protected":false},"excerpt":{"rendered":"<p>Restauracja oraz Willa w samym sercu Ojcowskiego Parku Narodowego Restauracja Pod Bocianem Willa Pod Bocianem Restauracja Pod Bocianem po\u0142o\u017cona jest w samym sercu Ojcowskiego Parku Narodowego, u wylotu Doliny S\u0105spowskiej. Nasz\u0105 specjalno\u015bci\u0105 jest \u015bwie\u017cy pstr\u0105g, pochodz\u0105cy z lokalnych staw\u00f3w, kt\u00f3rego serwujemy w kilku wydaniach. W otoczeniu malowniczej przyrody, nasi go\u015bcie mog\u0105 dodatkowo skosztowa\u0107 r\u00f3\u017cnych da\u0144 [&hellip;]<\/p>\n","protected":false},"author":1,"featured_media":498,"parent":0,"menu_order":8,"comment_status":"closed","ping_status":"closed","template":"pages\/onas.php","meta":{"inline_featured_image":false,"footnotes":""},"class_list":["post-13","page","type-page","status-publish","has-post-thumbnail","hentry"],"acf":[],"_links":{"self":[{"href":"https:\/\/klienci.scepter.agency\/pod_bocianem\/wp-json\/wp\/v2\/pages\/13","targetHints":{"allow":["GET"]}}],"collection":[{"href":"https:\/\/klienci.scepter.agency\/pod_bocianem\/wp-json\/wp\/v2\/pages"}],"about":[{"href":"https:\/\/klienci.scepter.agency\/pod_bocianem\/wp-json\/wp\/v2\/types\/page"}],"author":[{"embeddable":true,"href":"https:\/\/klienci.scepter.agency\/pod_bocianem\/wp-json\/wp\/v2\/users\/1"}],"replies":[{"embeddable":true,"href":"https:\/\/klienci.scepter.agency\/pod_bocianem\/wp-json\/wp\/v2\/comments?post=13"}],"version-history":[{"count":18,"href":"https:\/\/klienci.scepter.agency\/pod_bocianem\/wp-json\/wp\/v2\/pages\/13\/revisions"}],"predecessor-version":[{"id":684,"href":"https:\/\/klienci.scepter.agency\/pod_bocianem\/wp-json\/wp\/v2\/pages\/13\/revisions\/684"}],"wp:featuredmedia":[{"embeddable":true,"href":"https:\/\/klienci.scepter.agency\/pod_bocianem\/wp-json\/wp\/v2\/media\/498"}],"wp:attachment":[{"href":"https:\/\/klienci.scepter.agency\/pod_bocianem\/wp-json\/wp\/v2\/media?parent=13"}],"curies":[{"name":"wp","href":"https:\/\/api.w.org\/{rel}","templated":true}]}}